{"id":4089,"date":"2022-02-11T11:48:51","date_gmt":"2022-02-11T11:48:51","guid":{"rendered":"https:\/\/elfsight.com\/es\/?page_id=4089"},"modified":"2025-02-06T15:19:07","modified_gmt":"2025-02-06T15:19:07","slug":"woocommerce","status":"publish","type":"page","link":"https:\/\/elfsight.com\/es\/testimonials-slider-widget\/woocommerce\/","title":{"rendered":"Testimonials Slider &#8211; WooCommerce"},"content":{"rendered":"<div class=\"application-platform-content-item-description application-platform-content-item\" id=\"description\" data-nav-section=\"description\"><h2>Descripci\u00f3n<\/h2><p>Testimonials Slider es un plugin sencillo para mostrar las opiniones de tus clientes en tu propio sitio web. Puedes usar cualquier prueba social para hacer que los comentarios sean confiables: el nombre del autor, la foto, el logotipo comercial de la empresa e incluso un enlace al sitio web.<\/p><p><b>\u00a1Aumenta la confianza en tu servicio mostrando a los lectores tus clientes satisfechos!<\/b><\/p><\/div> <div class=\"application-platform-content-item-features application-platform-content-item\" id=\"features\" data-nav-section=\"features\"><h2>Ve la lista de las caracter\u00edsticas m\u00e1s destacadas:<\/h2><ul><li>Convierte tus opiniones en completamente confiables;<\/li><li>Motiva a los usuarios a comprar;<\/li><li>Prueba social confiable;<\/li><li>Aumenta la conversi\u00f3n hasta en un 200%;<\/li><li>Agrega confianza a tu sitio;<\/li><li>Lealtad de tus visitantes;<\/li><li>Usa la rese\u00f1a de un experto.<\/li><\/ul><p><a href=\"#demo\">Puedes sentir c\u00f3mo funciona el widget con la ayuda de la demostraci\u00f3n<\/a><\/p><\/div><div class=\"application-platform-content-item-installation application-platform-content-item\" id=\"installation\" data-nav-section=\"installation\"><h2>\u00bfC\u00f3mo agregar Testimonials Slider en mi sitio WooCommerce?<\/h2><p>Sigue las instrucciones a continuaci\u00f3n para integrar el plugin.<\/p><ol><li><b>Gestiona nuestro editor gratuito, empieza a crear tu plugin \u00fanico.<\/b><br>Especifica el dise\u00f1o personalizado y las caracter\u00edsticas funcionales de la herramienta y aplica las ediciones.<\/li><li><b>Obt\u00e9n el c\u00f3digo individual que aparece en la ventana de Elfsight Apps.<\/b><br>Justo despu\u00e9s de terminar de crear tu herramienta personal, copia el c\u00f3digo individual de la ventana emergente y gu\u00e1rdalo para su uso futuro.<\/li><li><b>Comienza a usar la herramienta en tu p\u00e1gina web de WooCommerce.<\/b><br>Inserta el c\u00f3digo que guardaste recientemente en tu p\u00e1gina de inicio y guarda las correcciones.<\/li><li><b>La instalaci\u00f3n se ha completado con \u00e9xito.<\/b><br>Visita tu p\u00e1gina web para ver el rendimiento de la herramienta.<\/li><\/ol><p>En caso de que encuentres alguna dificultad, no dudes en escribirnos a nuestro equipo de servicio al cliente. Nuestros consultores estar\u00e1n encantados de resolver todas las preguntas que puedas tener sobre el widget.<\/p><div class=\"faq\" data-component=\"FAQ\"> <div class=\"faq-item\">\r\n\t\t\t\t\t<div class=\"faq-item-question\">\r\n\t\t\t\t\t\t<h3 class=\"faq-item-question-text\">\u00bfC\u00f3mo puedo agregar Testimonials Slider a mi sitio WooCommerce sin habilidades de programaci\u00f3n?<\/h3>\r\n\r\n\t\t\t\t\t\t<div class=\"faq-item-question-icon\"><\/div>\r\n\t\t\t\t\t<\/div>\r\n\r\n\t\t\t\t\t<div class=\"faq-item-answer\">\r\n\t\t\t\t\t\t<div class=\"faq-item-answer-text\"> <p>Elfsight ofrece una soluci\u00f3n SaaS que te permite crear un widget Testimonials Slider por ti mismo, ve lo f\u00e1cil que es el proceso: Trabaja directamente en el Editor en l\u00ednea para crear el widget Testimonials Slider que te gustar\u00eda ver en tu sitio WooCommerce. Elige una de las plantillas predise\u00f1adas y ajusta la configuraci\u00f3n del Testimonials Slider, agrega tu contenido, cambia el dise\u00f1o y la paleta de colores sin necesidad de habilidades de programaci\u00f3n. Guarda el Testimonials Slider y copia su c\u00f3digo de instalaci\u00f3n, que puedes pegar en tu sitio WooCommerce sin necesidad de comprar una versi\u00f3n de pago. Con nuestro Editor intuitivo, cualquier usuario de internet puede crear el widget Testimonials Slider en l\u00ednea y agregarlo f\u00e1cilmente a su sitio WooCommerce. No es necesario pagar ni ingresar tus credenciales bancarias para acceder al servicio. Si encuentras alg\u00fan problema en cualquier paso, no dudes en ponerte en contacto con nuestro equipo de soporte t\u00e9cnico.<\/p> <\/div>\r\n\t\t\t\t\t<\/div>\r\n\t\t\t\t<\/div> <\/div> <\/div>","protected":false},"excerpt":{"rendered":"","protected":false},"author":18,"featured_media":0,"parent":2041,"menu_order":0,"comment_status":"closed","ping_status":"closed","template":"templates\/template-application-platform.php","meta":{"publish_to_discourse":"","publish_post_category":"","wpdc_auto_publish_overridden":"","wpdc_topic_tags":"","wpdc_pin_topic":"","wpdc_pin_until":"","discourse_post_id":"","discourse_permalink":"","wpdc_publishing_response":"","wpdc_publishing_error":"","footnotes":""},"class_list":["post-4089","page","type-page","status-publish","hentry"],"yoast_head":"<!-- This site is optimized with the Yoast SEO plugin v25.3.1 - https:\/\/yoast.com\/wordpress\/plugins\/seo\/ -->\n<title>Testimonios Slider - Incorporar plugin de Deslizador de Testimonios al WooCommerce<\/title>\n<meta name=\"description\" content=\"Incrusta un widget interactivo de Testimonios Slider en su p\u00e1gina web de WooCommerce. Lance la demo de Elfsight manejable y genere su plugin propio.\" \/>\n<meta name=\"robots\" content=\"index, follow, max-snippet:-1, max-image-preview:large, max-video-preview:-1\" \/>\n<link rel=\"canonical\" href=\"https:\/\/elfsight.com\/es\/testimonials-slider-widget\/woocommerce\/\" \/>\n<meta property=\"og:locale\" content=\"es_ES\" \/>\n<meta property=\"og:type\" content=\"article\" \/>\n<meta property=\"og:title\" content=\"Testimonios Slider - Incorporar plugin de Deslizador de Testimonios al WooCommerce\" \/>\n<meta property=\"og:description\" content=\"Incrusta un widget interactivo de Testimonios Slider en su p\u00e1gina web de WooCommerce. Lance la demo de Elfsight manejable y genere su plugin propio.\" \/>\n<meta property=\"og:url\" content=\"https:\/\/elfsight.com\/es\/testimonials-slider-widget\/woocommerce\/\" \/>\n<meta property=\"og:site_name\" content=\"Elfsight ES\" \/>\n<meta property=\"article:modified_time\" content=\"2025-02-06T15:19:07+00:00\" \/>\n<meta name=\"twitter:card\" content=\"summary_large_image\" \/>\n<meta name=\"twitter:label1\" content=\"Tiempo de lectura\" \/>\n\t<meta name=\"twitter:data1\" content=\"2 minutos\" \/>\n<!-- \/ Yoast SEO plugin. -->","yoast_head_json":{"title":"Testimonios Slider - Incorporar plugin de Deslizador de Testimonios al WooCommerce","description":"Incrusta un widget interactivo de Testimonios Slider en su p\u00e1gina web de WooCommerce. Lance la demo de Elfsight manejable y genere su plugin propio.","robots":{"index":"index","follow":"follow","max-snippet":"max-snippet:-1","max-image-preview":"max-image-preview:large","max-video-preview":"max-video-preview:-1"},"canonical":"https:\/\/elfsight.com\/es\/testimonials-slider-widget\/woocommerce\/","og_locale":"es_ES","og_type":"article","og_title":"Testimonios Slider - Incorporar plugin de Deslizador de Testimonios al WooCommerce","og_description":"Incrusta un widget interactivo de Testimonios Slider en su p\u00e1gina web de WooCommerce. Lance la demo de Elfsight manejable y genere su plugin propio.","og_url":"https:\/\/elfsight.com\/es\/testimonials-slider-widget\/woocommerce\/","og_site_name":"Elfsight ES","article_modified_time":"2025-02-06T15:19:07+00:00","twitter_card":"summary_large_image","twitter_misc":{"Tiempo de lectura":"2 minutos"},"schema":{"@context":"https:\/\/schema.org","@graph":[{"@type":"WebPage","@id":"https:\/\/elfsight.com\/es\/testimonials-slider-widget\/woocommerce\/","url":"https:\/\/elfsight.com\/es\/testimonials-slider-widget\/woocommerce\/","name":"Testimonios Slider - Incorporar plugin de Deslizador de Testimonios al WooCommerce","isPartOf":{"@id":"https:\/\/elfsight.com\/es\/#website"},"datePublished":"2022-02-11T11:48:51+00:00","dateModified":"2025-02-06T15:19:07+00:00","description":"Incrusta un widget interactivo de Testimonios Slider en su p\u00e1gina web de WooCommerce. Lance la demo de Elfsight manejable y genere su plugin propio.","breadcrumb":{"@id":"https:\/\/elfsight.com\/es\/testimonials-slider-widget\/woocommerce\/#breadcrumb"},"inLanguage":"es","potentialAction":[{"@type":"ReadAction","target":["https:\/\/elfsight.com\/es\/testimonials-slider-widget\/woocommerce\/"]}]},{"@type":"BreadcrumbList","@id":"https:\/\/elfsight.com\/es\/testimonials-slider-widget\/woocommerce\/#breadcrumb","itemListElement":[{"@type":"ListItem","position":1,"name":"Home","item":"https:\/\/elfsight.com\/es\/"},{"@type":"ListItem","position":2,"name":"Testimonials Slider","item":"https:\/\/elfsight.com\/es\/testimonials-slider-widget\/"},{"@type":"ListItem","position":3,"name":"Testimonials Slider &#8211; WooCommerce"}]},{"@type":"WebSite","@id":"https:\/\/elfsight.com\/es\/#website","url":"https:\/\/elfsight.com\/es\/","name":"Elfsight ES","description":"Just another Elfsight Sites site","potentialAction":[{"@type":"SearchAction","target":{"@type":"EntryPoint","urlTemplate":"https:\/\/elfsight.com\/es\/?s={search_term_string}"},"query-input":{"@type":"PropertyValueSpecification","valueRequired":true,"valueName":"search_term_string"}}],"inLanguage":"es"}]}},"meta_box":{"industry":"","seo_heading":"","heading":"","description":"","cta_heading":"","cta_description":"","application":"2040","h1":"Complemento de Testimonios Slider para WooCommerce","h1_caption":"Una widget \u00fanica para mostrar comentarios de sus clientes en su p\u00e1gina","application_category":[],"applications_title":"","applications_request_title":"","applications_request_button_text":"","hero_text":"","hero_video":"","hero_video_schema_markup":"","selling_points_title":"","selling_points_caption":"","selling_points":[],"selling_points_cta_text":"","features_title":"","features":"","ed_cta_examples_text":"","ed_cta_examples_hidden":"","ed_cta_demo_text":"","ed_cta_demo_hidden":"","why_caption":"","why_editor_title":"","why_editor_text":"","why_team_title":"","why_team_text":"","why_service_title":"","why_service_text":"","template_catalog_visible":"","template_catalog_title":"","template_catalog_text":"","template_catalog_categories_visible":"","demo_title":"Crea tu aplicaci\u00f3n Control deslizante de testimonios","demo_caption":"\u00a1Configure su control deslizante de testimonios y agr\u00e9guelo a su sitio web WooCommerce de forma gratuita!","default_faq_hidden":"","app_template_category":[],"platform":"2311","template_public_id":"","codecanyon_url":"","codecanyon_item_id":"","codecanyon_price":"","pricing_caption":"","pricing_elfsight_apps_hide_column":"","pricing_elfsight_apps_url":"","pricing_codecanyon_price_caption":"","integration_category":[],"integration_request_title":"","integration_request_cta":"","integration_platform":"","integrations":[],"platform_category":[],"video_schema_markup":"","price":"desde $0 por mes","trial":"","benefits":[{"text":"Instalaci\u00f3n gratuita"},{"text":"Soporte Premium"},{"text":"14 d\u00edas garant\u00eda de reembolso"},{"text":"Actualizaciones regulares"}],"button_url":"#demo","button_target_blank":"0","button_nofollow":"0","attributes":[{"name":"Responsivo","content":"Si","_state":"expanded"},{"name":"Navegadores compatibles","content":"Firefox, Safari, Opera, Chrome, Edge","_state":"expanded"}],"tags":[],"tags_disable_links":"0","hide_more_platforms":"","video_object":"","demo_hide_cta":"0","demo_hide_cloud_options":"0","pricing_title":"","pricing":[{"pricing_icon":"platform","pricing_title":" Elfsight Apps","pricing_title_caption":"Soluci\u00f3n multiplataforma - valido para cualquier p\u00e1gina web","pricing_price":"desde $0 por mes","pricing_price_caption":"empezar con un plan gratuito","pricing_benefits":[{"text":"Sitios web ilimitados"},{"text":"Atenci\u00f3n al cliente gratuita y r\u00e1pida"},{"text":"Servicio de instalaci\u00f3n gratuito"},{"text":"Totalmente personalizable"}],"pricing_button_text":"Agregar al sitio web","pricing_button_url":"#demo","_state":"expanded"}],"related_apps_title":"","related_apps_hidden":"1","author":"","image":[],"title":"","job":"","social_networks":[]},"_links":{"self":[{"href":"https:\/\/elfsight.com\/es\/wp-json\/wp\/v2\/pages\/4089","targetHints":{"allow":["GET"]}}],"collection":[{"href":"https:\/\/elfsight.com\/es\/wp-json\/wp\/v2\/pages"}],"about":[{"href":"https:\/\/elfsight.com\/es\/wp-json\/wp\/v2\/types\/page"}],"author":[{"embeddable":true,"href":"https:\/\/elfsight.com\/es\/wp-json\/wp\/v2\/users\/18"}],"replies":[{"embeddable":true,"href":"https:\/\/elfsight.com\/es\/wp-json\/wp\/v2\/comments?post=4089"}],"version-history":[{"count":3,"href":"https:\/\/elfsight.com\/es\/wp-json\/wp\/v2\/pages\/4089\/revisions"}],"predecessor-version":[{"id":18091,"href":"https:\/\/elfsight.com\/es\/wp-json\/wp\/v2\/pages\/4089\/revisions\/18091"}],"up":[{"embeddable":true,"href":"https:\/\/elfsight.com\/es\/wp-json\/wp\/v2\/pages\/2041"}],"wp:attachment":[{"href":"https:\/\/elfsight.com\/es\/wp-json\/wp\/v2\/media?parent=4089"}],"curies":[{"name":"wp","href":"https:\/\/api.w.org\/{rel}","templated":true}]}}