{"id":4088,"date":"2022-02-11T11:48:52","date_gmt":"2022-02-11T11:48:52","guid":{"rendered":"https:\/\/elfsight.com\/es\/?page_id=4088"},"modified":"2025-02-06T15:18:59","modified_gmt":"2025-02-06T15:18:59","slug":"weebly","status":"publish","type":"page","link":"https:\/\/elfsight.com\/es\/social-media-share-buttons\/weebly\/","title":{"rendered":"Social Share Buttons &#8211; Weebly"},"content":{"rendered":"<div class=\"application-platform-content-item-description application-platform-content-item\" id=\"description\" data-nav-section=\"description\"><h2>Descripci\u00f3n<\/h2><p>Una simple aplicaci\u00f3n para compartir en todos los sitios, que permitir\u00e1 a tus lectores compartir contenido en diferentes redes sociales. Promociona tu marca en las redes sociales y consigue nuevos suscriptores y seguidores con tus publicaciones atractivas en el sitio personal.<\/p><p><b>\u00a1Atrae m\u00e1s tr\u00e1fico y seguidores desde las redes sociales!<\/b><\/p><ul><li><b>Promoci\u00f3n efectiva de contenido y productos en redes sociales<\/b>.<br>El dise\u00f1o pr\u00e1ctico de la aplicaci\u00f3n permite compartir en todas las redes sociales sin l\u00edmites.<\/li><li><b>Difunde tu contenido a un p\u00fablico m\u00e1s amplio<\/b>.<br>Da a tus usuarios la oportunidad de compartir contenido atractivo sin esfuerzo para aumentar tu audiencia.<\/li><li><b>Aumenta la cantidad de vistas en tu sitio web<\/b>.<br>Con una presencia activa en redes sociales, tendr\u00e1s m\u00e1s visitantes frescos en tu sitio y aumentar\u00e1 las vistas.<\/li><li><b>Aumenta la cantidad de seguidores en servicios sociales<\/b>.<br>\u00bfEres bueno creando publicaciones emocionantes para tu sitio? Deja que tus visitantes las difundan f\u00e1cilmente con un clic para compartir.<\/li><\/ul><\/div><div class=\"application-platform-content-item-features application-platform-content-item\" id=\"features\" data-nav-section=\"features\"><h2>Caracter\u00edsticas<\/h2><p>\u00bfQu\u00e9 hace que los botones de Elfsight sean los mejores entre las aplicaciones de compartir de Weebly? Consulta sus principales ventajas:<\/p><ul><li>Duplica y reorganiza los botones como quieras;<\/li><li>Tama\u00f1o del espacio entre botones ajustable;<\/li><li>3 opciones de forma para los botones;<\/li><li>3 esquemas de color para los iconos, fondo y hover;<\/li><li>Servicio de instalaci\u00f3n gratuito.<\/li><\/ul><p><a href=\"#demo\">Descubre otras caracter\u00edsticas en un editor gratuito<\/a><\/p><\/div><div class=\"application-platform-content-item-installation application-platform-content-item\" id=\"installation\" data-nav-section=\"installation\"><h2>C\u00f3mo agregar los Botones para compartir a Weebly<\/h2><div class=\"video-container\"><iframe width=\"720\" height=\"405\" src=\"https:\/\/www.youtube.com\/embed\/w4dwp2UXQuI\" frameborder=\"0\" allowfullscreen=\"\"><\/iframe><\/div><p>Instrucciones breves sobre c\u00f3mo colocar los botones en tu sitio, sin necesidad de habilidades en desarrollo o contratar un programador. Todo lo que necesitas es un minuto de tu tiempo.<\/p><ol><li><b>Lanza nuestra demo gratuita y comienza a trabajar con tu propia aplicaci\u00f3n. <\/b><br> Especifica la forma y caracter\u00edsticas seleccionadas de la aplicaci\u00f3n y aplica todas las modificaciones. <\/li>  <li><b>Obt\u00e9n tu c\u00f3digo \u00fanico mostrado en la ventana de Elfsight Apps. <\/b><br> Despu\u00e9s de la generaci\u00f3n de tu aplicaci\u00f3n, copia tu c\u00f3digo en la ventana emergente y gu\u00e1rdalo para su uso futuro. <\/li>  <li><b>Comienza a usar la aplicaci\u00f3n en tu p\u00e1gina de Weebly. <\/b><br> Inserta el c\u00f3digo guardado recientemente en tu p\u00e1gina y aplica los cambios. <\/li>  <li><b>La instalaci\u00f3n se ha completado con \u00e9xito. <\/b><br> Ve a tu sitio web para ver el funcionamiento de la aplicaci\u00f3n. <\/li><\/ol><p>\u00bfNecesitas ayuda con la instalaci\u00f3n o el dise\u00f1o de la aplicaci\u00f3n? \u00a1Los especialistas del centro de ayuda de Elfsight estar\u00e1n encantados de asesorarte y ofrecerte una soluci\u00f3n! Tambi\u00e9n puedes solucionar el problema por ti mismo utilizando nuestra gu\u00eda detallada \u00ab<a href=\"https:\/\/elfsight.com\/tutorials\/how-to-add-social-share-buttons-to-weebly-website\/\" target=\"_blank\" rel=\"noopener noreferrer\">C\u00f3mo configurar los botones para compartir en el sitio web de Weebly<\/a>\u00bb.<\/p><\/div><div class=\"faq\" data-component=\"FAQ\"> <div class=\"faq-item\">\r\n\t\t\t\t\t<div class=\"faq-item-question\">\r\n\t\t\t\t\t\t<h3 class=\"faq-item-question-text\">\u00bfC\u00f3mo agregar los Botones de Compartir Social a mi p\u00e1gina web de Weebly sin conocimientos de programaci\u00f3n?<\/h3>\r\n\r\n\t\t\t\t\t\t<div class=\"faq-item-question-icon\"><\/div>\r\n\t\t\t\t\t<\/div>\r\n\r\n\t\t\t\t\t<div class=\"faq-item-answer\">\r\n\t\t\t\t\t\t<div class=\"faq-item-answer-text\"><p>Elfsight ofrece una soluci\u00f3n SaaS que permite a los usuarios crear un widget de Botones de Compartir Social, descubre lo f\u00e1cil que es el proceso: <\/p><ul><li>Trabaja directamente en el Editor en vivo para crear la aplicaci\u00f3n de Botones de Compartir Social que deseas ver en tu sitio de Weebly.<\/li><li>Selecciona una de las plantillas predise\u00f1adas y ajusta la configuraci\u00f3n de los Botones de Compartir Social, agrega tu contenido, cambia el dise\u00f1o y los colores sin conocimientos de programaci\u00f3n.<\/li><li>Guarda los Botones de Compartir Social y copia su c\u00f3digo de instalaci\u00f3n, que podr\u00e1s agregar f\u00e1cilmente a tu sitio de Weebly de forma gratuita.<\/li><\/ul><p>Con el Editor f\u00e1cil de usar, cualquier usuario de internet puede crear una secci\u00f3n de Botones de Compartir Social y agregarla f\u00e1cilmente al sitio de Weebly. No necesitas pagar ni introducir tus datos bancarios para acceder al servicio. Si tienes problemas en alg\u00fan paso, no dudes en contactar con nuestro equipo de soporte.<\/p><\/div>\r\n\t\t\t\t\t<\/div>\r\n\t\t\t\t<\/div> <\/div>","protected":false},"excerpt":{"rendered":"","protected":false},"author":18,"featured_media":0,"parent":1979,"menu_order":0,"comment_status":"closed","ping_status":"closed","template":"templates\/template-application-platform.php","meta":{"publish_to_discourse":"","publish_post_category":"","wpdc_auto_publish_overridden":"","wpdc_topic_tags":"","wpdc_pin_topic":"","wpdc_pin_until":"","discourse_post_id":"","discourse_permalink":"","wpdc_publishing_response":"","wpdc_publishing_error":"","footnotes":""},"class_list":["post-4088","page","type-page","status-publish","hentry"],"yoast_head":"<!-- This site is optimized with the Yoast SEO plugin v25.3.1 - https:\/\/yoast.com\/wordpress\/plugins\/seo\/ -->\n<title>Compartir en Redes Sociales - Embeber plugin de Botones de Compartir al Weebly<\/title>\n<meta name=\"description\" content=\"A\u00f1ade un app responsivo de Compartir en Redes Sociales en su sitio web de Weebly. Aplique la demo de Elfsight f\u00e1cil de usar y genere su plugin personalizado.\" \/>\n<meta name=\"robots\" content=\"index, follow, max-snippet:-1, max-image-preview:large, max-video-preview:-1\" \/>\n<link rel=\"canonical\" href=\"https:\/\/elfsight.com\/es\/social-media-share-buttons\/weebly\/\" \/>\n<meta property=\"og:locale\" content=\"es_ES\" \/>\n<meta property=\"og:type\" content=\"article\" \/>\n<meta property=\"og:title\" content=\"Compartir en Redes Sociales - Embeber plugin de Botones de Compartir al Weebly\" \/>\n<meta property=\"og:description\" content=\"A\u00f1ade un app responsivo de Compartir en Redes Sociales en su sitio web de Weebly. Aplique la demo de Elfsight f\u00e1cil de usar y genere su plugin personalizado.\" \/>\n<meta property=\"og:url\" content=\"https:\/\/elfsight.com\/es\/social-media-share-buttons\/weebly\/\" \/>\n<meta property=\"og:site_name\" content=\"Elfsight ES\" \/>\n<meta property=\"article:modified_time\" content=\"2025-02-06T15:18:59+00:00\" \/>\n<meta name=\"twitter:card\" content=\"summary_large_image\" \/>\n<meta name=\"twitter:label1\" content=\"Tiempo de lectura\" \/>\n\t<meta name=\"twitter:data1\" content=\"1 minuto\" \/>\n<!-- \/ Yoast SEO plugin. -->","yoast_head_json":{"title":"Compartir en Redes Sociales - Embeber plugin de Botones de Compartir al Weebly","description":"A\u00f1ade un app responsivo de Compartir en Redes Sociales en su sitio web de Weebly. Aplique la demo de Elfsight f\u00e1cil de usar y genere su plugin personalizado.","robots":{"index":"index","follow":"follow","max-snippet":"max-snippet:-1","max-image-preview":"max-image-preview:large","max-video-preview":"max-video-preview:-1"},"canonical":"https:\/\/elfsight.com\/es\/social-media-share-buttons\/weebly\/","og_locale":"es_ES","og_type":"article","og_title":"Compartir en Redes Sociales - Embeber plugin de Botones de Compartir al Weebly","og_description":"A\u00f1ade un app responsivo de Compartir en Redes Sociales en su sitio web de Weebly. Aplique la demo de Elfsight f\u00e1cil de usar y genere su plugin personalizado.","og_url":"https:\/\/elfsight.com\/es\/social-media-share-buttons\/weebly\/","og_site_name":"Elfsight ES","article_modified_time":"2025-02-06T15:18:59+00:00","twitter_card":"summary_large_image","twitter_misc":{"Tiempo de lectura":"1 minuto"},"schema":{"@context":"https:\/\/schema.org","@graph":[{"@type":"WebPage","@id":"https:\/\/elfsight.com\/es\/social-media-share-buttons\/weebly\/","url":"https:\/\/elfsight.com\/es\/social-media-share-buttons\/weebly\/","name":"Compartir en Redes Sociales - Embeber plugin de Botones de Compartir al Weebly","isPartOf":{"@id":"https:\/\/elfsight.com\/es\/#website"},"datePublished":"2022-02-11T11:48:52+00:00","dateModified":"2025-02-06T15:18:59+00:00","description":"A\u00f1ade un app responsivo de Compartir en Redes Sociales en su sitio web de Weebly. Aplique la demo de Elfsight f\u00e1cil de usar y genere su plugin personalizado.","breadcrumb":{"@id":"https:\/\/elfsight.com\/es\/social-media-share-buttons\/weebly\/#breadcrumb"},"inLanguage":"es","potentialAction":[{"@type":"ReadAction","target":["https:\/\/elfsight.com\/es\/social-media-share-buttons\/weebly\/"]}]},{"@type":"BreadcrumbList","@id":"https:\/\/elfsight.com\/es\/social-media-share-buttons\/weebly\/#breadcrumb","itemListElement":[{"@type":"ListItem","position":1,"name":"Home","item":"https:\/\/elfsight.com\/es\/"},{"@type":"ListItem","position":2,"name":"Social Share Buttons","item":"https:\/\/elfsight.com\/es\/social-media-share-buttons\/"},{"@type":"ListItem","position":3,"name":"Social Share Buttons &#8211; Weebly"}]},{"@type":"WebSite","@id":"https:\/\/elfsight.com\/es\/#website","url":"https:\/\/elfsight.com\/es\/","name":"Elfsight ES","description":"Just another Elfsight Sites site","potentialAction":[{"@type":"SearchAction","target":{"@type":"EntryPoint","urlTemplate":"https:\/\/elfsight.com\/es\/?s={search_term_string}"},"query-input":{"@type":"PropertyValueSpecification","valueRequired":true,"valueName":"search_term_string"}}],"inLanguage":"es"}]}},"meta_box":{"industry":"","seo_heading":"","heading":"","description":"","cta_heading":"","cta_description":"","application":"1978","h1":"plugin de Compartir en Redes Sociales para Weebly","h1_caption":"Visualiza m\u00e1s de 40 iconos de redes sociales en el sitio web","application_category":[],"applications_title":"","applications_request_title":"","applications_request_button_text":"","hero_text":"","hero_video":"","hero_video_schema_markup":"","selling_points_title":"","selling_points_caption":"","selling_points":[],"selling_points_cta_text":"","features_title":"","features":"","ed_cta_examples_text":"","ed_cta_examples_hidden":"","ed_cta_demo_text":"","ed_cta_demo_hidden":"","why_caption":"","why_editor_title":"","why_editor_text":"","why_team_title":"","why_team_text":"","why_service_title":"","why_service_text":"","template_catalog_visible":"","template_catalog_title":"","template_catalog_text":"","template_catalog_categories_visible":"","demo_title":"Crea tu aplicaci\u00f3n de botones para compartir en redes sociales","demo_caption":"\u00a1Configure sus botones para compartir en redes sociales y agr\u00e9guelos a su sitio web Weebly de forma gratuita!","default_faq_hidden":"","app_template_category":[],"platform":"109","template_public_id":"","codecanyon_url":"","codecanyon_item_id":"","codecanyon_price":"","pricing_caption":"","pricing_elfsight_apps_hide_column":"","pricing_elfsight_apps_url":"","pricing_codecanyon_price_caption":"","integration_category":[],"integration_request_title":"","integration_request_cta":"","integration_platform":"","integrations":[],"platform_category":[],"video_schema_markup":"","price":"desde $0 por mes","trial":"","benefits":[{"text":"Instalaci\u00f3n gratuita"},{"text":"Soporte Premium"},{"text":"14 d\u00edas garant\u00eda de reembolso"},{"text":"Actualizaciones regulares"}],"button_url":"#demo","button_target_blank":"0","button_nofollow":"0","attributes":[{"name":"Responsivo","content":"Si","_state":"expanded"},{"name":"Navegadores compatibles","content":"Firefox, Safari, Opera, Chrome, Edge","_state":"expanded"}],"tags":[],"tags_disable_links":"0","hide_more_platforms":"","video_object":"","demo_hide_cta":"0","demo_hide_cloud_options":"0","pricing_title":"","pricing":[{"pricing_icon":"platform","pricing_title":" Elfsight Apps","pricing_title_caption":"Soluci\u00f3n multiplataforma - valido para cualquier p\u00e1gina web","pricing_price":"desde $0 por mes","pricing_price_caption":"empezar con un plan gratuito","pricing_benefits":[{"text":"Sitios web ilimitados"},{"text":"Atenci\u00f3n al cliente gratuita y r\u00e1pida"},{"text":"Servicio de instalaci\u00f3n gratuito"},{"text":"Totalmente personalizable"}],"pricing_button_text":"Agregar al sitio web","pricing_button_url":"#demo","_state":"expanded"}],"related_apps_title":"","related_apps_hidden":"1","author":"","image":[],"title":"","job":"","social_networks":[]},"_links":{"self":[{"href":"https:\/\/elfsight.com\/es\/wp-json\/wp\/v2\/pages\/4088","targetHints":{"allow":["GET"]}}],"collection":[{"href":"https:\/\/elfsight.com\/es\/wp-json\/wp\/v2\/pages"}],"about":[{"href":"https:\/\/elfsight.com\/es\/wp-json\/wp\/v2\/types\/page"}],"author":[{"embeddable":true,"href":"https:\/\/elfsight.com\/es\/wp-json\/wp\/v2\/users\/18"}],"replies":[{"embeddable":true,"href":"https:\/\/elfsight.com\/es\/wp-json\/wp\/v2\/comments?post=4088"}],"version-history":[{"count":3,"href":"https:\/\/elfsight.com\/es\/wp-json\/wp\/v2\/pages\/4088\/revisions"}],"predecessor-version":[{"id":18090,"href":"https:\/\/elfsight.com\/es\/wp-json\/wp\/v2\/pages\/4088\/revisions\/18090"}],"up":[{"embeddable":true,"href":"https:\/\/elfsight.com\/es\/wp-json\/wp\/v2\/pages\/1979"}],"wp:attachment":[{"href":"https:\/\/elfsight.com\/es\/wp-json\/wp\/v2\/media?parent=4088"}],"curies":[{"name":"wp","href":"https:\/\/api.w.org\/{rel}","templated":true}]}}