{"id":4077,"date":"2022-02-11T11:49:35","date_gmt":"2022-02-11T11:49:35","guid":{"rendered":"https:\/\/elfsight.com\/es\/?page_id=4077"},"modified":"2025-02-06T15:18:51","modified_gmt":"2025-02-06T15:18:51","slug":"jquery","status":"publish","type":"page","link":"https:\/\/elfsight.com\/es\/slider-widget\/jquery\/","title":{"rendered":"Slider &#8211; jQuery"},"content":{"rendered":"<div class=\"application-platform-content-item-description application-platform-content-item\" id=\"description\" data-nav-section=\"description\"><h2>Descripci\u00f3n<\/h2> <p>Elfsight Photo &amp; Image Slider es un widget simple y responsive que te permite captar la atenci\u00f3n de los visitantes del sitio mostr\u00e1ndoles diversas im\u00e1genes, videos o las mejores ofertas de tu sitio web. Usa cualquier n\u00famero de diapositivas que sea esencial para mostrar tu marca y marcar ofertas destacadas. Agrega efectos visuales y ajusta la dimensi\u00f3n de las im\u00e1genes\/videos de la manera que necesites. Usando nuestra herramienta podr\u00e1s crear un slider destacado que atraer\u00e1 la atenci\u00f3n de los usuarios y no los dejar\u00e1 salir r\u00e1pidamente de tu p\u00e1gina web.<\/p><p><b>\u00a1Haz que tus propuestas luzcan tentadoras y alcanza los picos de tu negocio con el plugin Slider!<\/b><\/p><p><b>Mejorar el compromiso de los usuarios<\/b><br>Nuestro widget de Image Slider ofrece efectos visuales atractivos que convertir\u00e1n tu contenido en algo imposible de pasar por alto, inspirando a los usuarios a interactuar con \u00e9l y realizar las acciones deseadas.<\/p><p><b>Mejora la experiencia del usuario<\/b><br>Ten los visuales m\u00e1s atractivos en un solo lugar para hacer que trabajar con tu sitio sea f\u00e1cil y sencillo, atrayendo as\u00ed a nuevas audiencias.<\/p><p><b>Aumenta el n\u00famero de ventas<\/b><br>Resalta tus planes, los trabajos m\u00e1s memorables o los problemas destacados con un plugin Slider que mueve a los usuarios directamente a la compra.<\/p><\/div><div class=\"faq\" data-component=\"FAQ\"><div class=\"faq-item\">\r\n\t\t\t\t\t<div class=\"faq-item-question\">\r\n\t\t\t\t\t\t<h3 class=\"faq-item-question-text\">\u00bfC\u00f3mo incorporo un Slider en mi sitio web jQuery? <\/h3>\r\n\r\n\t\t\t\t\t\t<div class=\"faq-item-question-icon\"><\/div>\r\n\t\t\t\t\t<\/div>\r\n\r\n\t\t\t\t\t<div class=\"faq-item-answer\">\r\n\t\t\t\t\t\t<div class=\"faq-item-answer-text\"><p>La base de la herramienta se encuentra en el servicio de Elfsight y no necesitas aprender a programar. Ve a nuestra demostraci\u00f3n en vivo para configurar tu propia herramienta, obtener el c\u00f3digo e insertarlo en tu sitio.<\/p><\/div>\r\n\t\t\t\t\t<\/div>\r\n\t\t\t\t<\/div><div class=\"faq-item\">\r\n\t\t\t\t\t<div class=\"faq-item-question\">\r\n\t\t\t\t\t\t<h3 class=\"faq-item-question-text\">Los mejores ejemplos de uso de la integraci\u00f3n de Image Slider<\/h3>\r\n\r\n\t\t\t\t\t\t<div class=\"faq-item-question-icon\"><\/div>\r\n\t\t\t\t\t<\/div>\r\n\r\n\t\t\t\t\t<div class=\"faq-item-answer\">\r\n\t\t\t\t\t\t<div class=\"faq-item-answer-text\"><p>Ofrecemos una amplia gama de opciones de ajuste: widgets a escala completa para implementar en el \u00e1rea de contenido, widgets flotantes para la funci\u00f3n de desplazamiento, dise\u00f1os para el pie de p\u00e1gina de tu sitio web, secci\u00f3n de encabezado y todo tipo de oportunidades verticales para barras laterales y men\u00fas.<\/p><\/div>\r\n\t\t\t\t\t<\/div>\r\n\t\t\t\t<\/div><div class=\"faq-item\">\r\n\t\t\t\t\t<div class=\"faq-item-question\">\r\n\t\t\t\t\t\t<h3 class=\"faq-item-question-text\">\u00bfPuedo crear un Slider de Video o Imagen de Producto mediante el editor? <\/h3>\r\n\r\n\t\t\t\t\t\t<div class=\"faq-item-question-icon\"><\/div>\r\n\t\t\t\t\t<\/div>\r\n\r\n\t\t\t\t\t<div class=\"faq-item-answer\">\r\n\t\t\t\t\t\t<div class=\"faq-item-answer-text\"><p>Puedes crear cualquier variaci\u00f3n de widgets. Hay muchos dise\u00f1os aplicables en el editor, y todos ellos pueden ser f\u00e1cilmente personalizados seg\u00fan lo que necesites.<\/p><\/div>\r\n\t\t\t\t\t<\/div>\r\n\t\t\t\t<\/div><\/div><div class=\"application-platform-content-item-features application-platform-content-item\" id=\"features\" data-nav-section=\"features\"><h2>Caracter\u00edsticas<\/h2><p>Aqu\u00ed puedes ver todas las funciones del producto. Est\u00e1n disponibles directamente en el editor y te ayudar\u00e1n a configurar el widget exactamente para tu caso de uso.<\/p><ul><li>Usa botones CTA para guiar a tu audiencia hacia la conversi\u00f3n.<\/li><li>Ajusta la duraci\u00f3n del cambio de diapositivas.<\/li><li>Elige entre varias opciones.<\/li><li>Coloca tu texto en cualquier lugar de la p\u00e1gina con la ayuda de la posici\u00f3n avanzada.<\/li><li>Adapta cinco opciones de contenido.<\/li><\/ul><p>Puedes probar todas las caracter\u00edsticas funcionales del widget directamente en la demostraci\u00f3n<\/p><\/div><div class=\"application-platform-content-item-installation application-platform-content-item\" id=\"installation\" data-nav-section=\"installation\"><h2>\u00bfC\u00f3mo agrego Image Slider en mi sitio web jQuery?<\/h2><p>Para integrar el producto, simplemente sigue las instrucciones a continuaci\u00f3n.<\/p><ol><li><b>Construye tu plugin de Image Slider personalizado<\/b><br>En nuestro editor gratuito, crea un plugin con el dise\u00f1o y las funciones que prefieras.<\/li> <li><b>Recibe el c\u00f3digo individual para mostrar el plugin<\/b><br>Despu\u00e9s de crear tu widget, recibir\u00e1s el c\u00f3digo individual de la notificaci\u00f3n que aparecer\u00e1 en Elfsight Apps. Copia el c\u00f3digo para usarlo m\u00e1s tarde.<\/li> <li><b>Inserta el plugin en tu sitio jQuery<\/b><br>Elige el \u00e1rea donde deseas colocar el plugin e inserta el c\u00f3digo copiado all\u00ed. Aplica los cambios.<\/li> <li><b>\u00a1Listo!<\/b><br>Ve a tu p\u00e1gina para ver tu plugin.<\/li> <\/ol><p>T\u00f3mate un minuto para contactar con el soporte al cliente cuando necesites ayuda o tengas alguna duda. Nuestros especialistas estar\u00e1n encantados de ayudarte con cualquier solicitud.<\/p><\/div>","protected":false},"excerpt":{"rendered":"","protected":false},"author":18,"featured_media":0,"parent":1653,"menu_order":0,"comment_status":"closed","ping_status":"closed","template":"templates\/template-application-platform.php","meta":{"publish_to_discourse":"","publish_post_category":"","wpdc_auto_publish_overridden":"","wpdc_topic_tags":"","wpdc_pin_topic":"","wpdc_pin_until":"","discourse_post_id":"","discourse_permalink":"","wpdc_publishing_response":"","wpdc_publishing_error":"","footnotes":""},"class_list":["post-4077","page","type-page","status-publish","hentry"],"yoast_head":"<!-- This site is optimized with the Yoast SEO plugin v25.3.1 - https:\/\/yoast.com\/wordpress\/plugins\/seo\/ -->\n<title>Slider - Incrustar widget de Deslizador al jQuery<\/title>\n<meta name=\"description\" content=\"Instala un widget hermoso de Slider en su p\u00e1gina web de jQuery. Aplique la demo de Elfsight manejable y genere su widget propio.\" \/>\n<meta name=\"robots\" content=\"index, follow, max-snippet:-1, max-image-preview:large, max-video-preview:-1\" \/>\n<link rel=\"canonical\" href=\"https:\/\/elfsight.com\/es\/slider-widget\/jquery\/\" \/>\n<meta property=\"og:locale\" content=\"es_ES\" \/>\n<meta property=\"og:type\" content=\"article\" \/>\n<meta property=\"og:title\" content=\"Slider - Incrustar widget de Deslizador al jQuery\" \/>\n<meta property=\"og:description\" content=\"Instala un widget hermoso de Slider en su p\u00e1gina web de jQuery. Aplique la demo de Elfsight manejable y genere su widget propio.\" \/>\n<meta property=\"og:url\" content=\"https:\/\/elfsight.com\/es\/slider-widget\/jquery\/\" \/>\n<meta property=\"og:site_name\" content=\"Elfsight ES\" \/>\n<meta property=\"article:modified_time\" content=\"2025-02-06T15:18:51+00:00\" \/>\n<meta name=\"twitter:card\" content=\"summary_large_image\" \/>\n<meta name=\"twitter:label1\" content=\"Tiempo de lectura\" \/>\n\t<meta name=\"twitter:data1\" content=\"1 minuto\" \/>\n<!-- \/ Yoast SEO plugin. -->","yoast_head_json":{"title":"Slider - Incrustar widget de Deslizador al jQuery","description":"Instala un widget hermoso de Slider en su p\u00e1gina web de jQuery. Aplique la demo de Elfsight manejable y genere su widget propio.","robots":{"index":"index","follow":"follow","max-snippet":"max-snippet:-1","max-image-preview":"max-image-preview:large","max-video-preview":"max-video-preview:-1"},"canonical":"https:\/\/elfsight.com\/es\/slider-widget\/jquery\/","og_locale":"es_ES","og_type":"article","og_title":"Slider - Incrustar widget de Deslizador al jQuery","og_description":"Instala un widget hermoso de Slider en su p\u00e1gina web de jQuery. Aplique la demo de Elfsight manejable y genere su widget propio.","og_url":"https:\/\/elfsight.com\/es\/slider-widget\/jquery\/","og_site_name":"Elfsight ES","article_modified_time":"2025-02-06T15:18:51+00:00","twitter_card":"summary_large_image","twitter_misc":{"Tiempo de lectura":"1 minuto"},"schema":{"@context":"https:\/\/schema.org","@graph":[{"@type":"WebPage","@id":"https:\/\/elfsight.com\/es\/slider-widget\/jquery\/","url":"https:\/\/elfsight.com\/es\/slider-widget\/jquery\/","name":"Slider - Incrustar widget de Deslizador al jQuery","isPartOf":{"@id":"https:\/\/elfsight.com\/es\/#website"},"datePublished":"2022-02-11T11:49:35+00:00","dateModified":"2025-02-06T15:18:51+00:00","description":"Instala un widget hermoso de Slider en su p\u00e1gina web de jQuery. Aplique la demo de Elfsight manejable y genere su widget propio.","breadcrumb":{"@id":"https:\/\/elfsight.com\/es\/slider-widget\/jquery\/#breadcrumb"},"inLanguage":"es","potentialAction":[{"@type":"ReadAction","target":["https:\/\/elfsight.com\/es\/slider-widget\/jquery\/"]}]},{"@type":"BreadcrumbList","@id":"https:\/\/elfsight.com\/es\/slider-widget\/jquery\/#breadcrumb","itemListElement":[{"@type":"ListItem","position":1,"name":"Home","item":"https:\/\/elfsight.com\/es\/"},{"@type":"ListItem","position":2,"name":"Slider","item":"https:\/\/elfsight.com\/es\/slider-widget\/"},{"@type":"ListItem","position":3,"name":"Slider &#8211; jQuery"}]},{"@type":"WebSite","@id":"https:\/\/elfsight.com\/es\/#website","url":"https:\/\/elfsight.com\/es\/","name":"Elfsight ES","description":"Just another Elfsight Sites site","potentialAction":[{"@type":"SearchAction","target":{"@type":"EntryPoint","urlTemplate":"https:\/\/elfsight.com\/es\/?s={search_term_string}"},"query-input":{"@type":"PropertyValueSpecification","valueRequired":true,"valueName":"search_term_string"}}],"inLanguage":"es"}]}},"meta_box":{"industry":"","seo_heading":"","heading":"","description":"","cta_heading":"","cta_description":"","application":"1652","h1":"widget de control deslizante para jQuery","h1_caption":"Muestra sus tremendas imagen y v\u00eddeos en su sitio web","application_category":[],"applications_title":"","applications_request_title":"","applications_request_button_text":"","hero_text":"","hero_video":"","hero_video_schema_markup":"","selling_points_title":"","selling_points_caption":"","selling_points":[],"selling_points_cta_text":"","features_title":"","features":"","ed_cta_examples_text":"","ed_cta_examples_hidden":"","ed_cta_demo_text":"","ed_cta_demo_hidden":"","why_caption":"","why_editor_title":"","why_editor_text":"","why_team_title":"","why_team_text":"","why_service_title":"","why_service_text":"","template_catalog_visible":"","template_catalog_title":"","template_catalog_text":"","template_catalog_categories_visible":"","demo_title":"Crea tu complemento deslizante","demo_caption":"\u00a1Configura tu Slider y agr\u00e9galo a tu sitio web jQuery gratis!","default_faq_hidden":"","app_template_category":[],"platform":"76","template_public_id":"","codecanyon_url":"","codecanyon_item_id":"","codecanyon_price":"","pricing_caption":"","pricing_elfsight_apps_hide_column":"","pricing_elfsight_apps_url":"","pricing_codecanyon_price_caption":"","integration_category":[],"integration_request_title":"","integration_request_cta":"","integration_platform":"","integrations":[],"platform_category":[],"video_schema_markup":"","price":"desde $0 por mes","trial":"","benefits":[{"text":"Instalaci\u00f3n gratuita"},{"text":"Soporte Premium"},{"text":"14 d\u00edas garant\u00eda de reembolso"},{"text":"Actualizaciones regulares"}],"button_url":"#demo","button_target_blank":"0","button_nofollow":"0","attributes":[{"name":"Responsivo","content":"Si","_state":"expanded"},{"name":"Navegadores compatibles","content":"Firefox, Safari, Opera, Chrome, Edge","_state":"expanded"}],"tags":[],"tags_disable_links":"0","hide_more_platforms":"","video_object":"","demo_hide_cta":"0","demo_hide_cloud_options":"0","pricing_title":"","pricing":[{"pricing_icon":"platform","pricing_title":" Elfsight Apps","pricing_title_caption":"Soluci\u00f3n multiplataforma - valido para cualquier p\u00e1gina web","pricing_price":"desde $0 por mes","pricing_price_caption":"empezar con un plan gratuito","pricing_benefits":[{"text":"Sitios web ilimitados"},{"text":"Atenci\u00f3n al cliente gratuita y r\u00e1pida"},{"text":"Servicio de instalaci\u00f3n gratuito"},{"text":"Totalmente personalizable"}],"pricing_button_text":"Agregar al sitio web","pricing_button_url":"#demo","_state":"expanded"}],"related_apps_title":"","related_apps_hidden":"1","author":"","image":[],"title":"","job":"","social_networks":[]},"_links":{"self":[{"href":"https:\/\/elfsight.com\/es\/wp-json\/wp\/v2\/pages\/4077","targetHints":{"allow":["GET"]}}],"collection":[{"href":"https:\/\/elfsight.com\/es\/wp-json\/wp\/v2\/pages"}],"about":[{"href":"https:\/\/elfsight.com\/es\/wp-json\/wp\/v2\/types\/page"}],"author":[{"embeddable":true,"href":"https:\/\/elfsight.com\/es\/wp-json\/wp\/v2\/users\/18"}],"replies":[{"embeddable":true,"href":"https:\/\/elfsight.com\/es\/wp-json\/wp\/v2\/comments?post=4077"}],"version-history":[{"count":3,"href":"https:\/\/elfsight.com\/es\/wp-json\/wp\/v2\/pages\/4077\/revisions"}],"predecessor-version":[{"id":18086,"href":"https:\/\/elfsight.com\/es\/wp-json\/wp\/v2\/pages\/4077\/revisions\/18086"}],"up":[{"embeddable":true,"href":"https:\/\/elfsight.com\/es\/wp-json\/wp\/v2\/pages\/1653"}],"wp:attachment":[{"href":"https:\/\/elfsight.com\/es\/wp-json\/wp\/v2\/media?parent=4077"}],"curies":[{"name":"wp","href":"https:\/\/api.w.org\/{rel}","templated":true}]}}