{"id":4071,"date":"2022-02-11T11:49:54","date_gmt":"2022-02-11T11:49:54","guid":{"rendered":"https:\/\/elfsight.com\/es\/?page_id=4071"},"modified":"2025-02-06T15:18:51","modified_gmt":"2025-02-06T15:18:51","slug":"joomla","status":"publish","type":"page","link":"https:\/\/elfsight.com\/es\/slider-widget\/joomla\/","title":{"rendered":"Slider &#8211; Joomla"},"content":{"rendered":"<div class=\"application-platform-content-item-description application-platform-content-item\" id=\"description\" data-nav-section=\"description\"><h2>Descripci\u00f3n<\/h2> <p>Elfsight Photo &amp; Image Slider es una herramienta sencilla y adaptable que te permite captar la atenci\u00f3n de los visitantes de tu sitio mostrando diferentes im\u00e1genes, videos o las mejores ofertas de tu p\u00e1gina web. Si\u00e9ntete libre de usar la cantidad de diapositivas que necesites para mostrar tus productos y marcar ofertas especiales. A\u00f1ade efectos visuales y cambia el tama\u00f1o de las im\u00e1genes\/videos como desees. Con nuestra herramienta, lograr\u00e1s crear un control deslizante destacado que atraer\u00e1 la atenci\u00f3n de los visitantes y no los dejar\u00e1 abandonar tu p\u00e1gina demasiado r\u00e1pido.<\/p><p><b>\u00a1Haz que tus ofertas se vean tentadoras y logra tus objetivos comerciales con la extensi\u00f3n Slider!<\/b><\/p><p><b>Mayor compromiso de los usuarios<\/b><br> Nuestro plugin de Image Slider te ofrece encantadores efectos visuales que har\u00e1n que tu contenido sea imposible de ignorar para los usuarios, alent\u00e1ndolos a interactuar y realizar las acciones deseadas.<\/p><p><b>Mejora la experiencia del usuario<\/b><br> Ten las im\u00e1genes m\u00e1s tentadoras en un solo lugar atractivo para hacer que usar tu sitio sea f\u00e1cil y sencillo, obteniendo as\u00ed nuevas audiencias.<\/p><p><b>Incrementa tus ventas<\/b><br> Resalta tus proyectos, los mejores trabajos o los problemas destacados con la extensi\u00f3n Slider, que lleva a los usuarios directamente a la compra.<\/p><\/div><div class=\"faq\" data-component=\"FAQ\"><div class=\"faq-item\">\r\n\t\t\t\t\t<div class=\"faq-item-question\">\r\n\t\t\t\t\t\t<h3 class=\"faq-item-question-text\">\u00bfC\u00f3mo inserto un Slider en el sitio de Joomla?<\/h3>\r\n\r\n\t\t\t\t\t\t<div class=\"faq-item-question-icon\"><\/div>\r\n\t\t\t\t\t<\/div>\r\n\r\n\t\t\t\t\t<div class=\"faq-item-answer\">\r\n\t\t\t\t\t\t<div class=\"faq-item-answer-text\"><p>La construcci\u00f3n del widget se realiza en el sitio web de Elfsight y no necesitas aprender a programar. Ve a la demostraci\u00f3n activa para dise\u00f1ar tu aplicaci\u00f3n, obtener el c\u00f3digo e insertarlo en tu sitio web.<\/p><\/div>\r\n\t\t\t\t\t<\/div>\r\n\t\t\t\t<\/div><div class=\"faq-item\">\r\n\t\t\t\t\t<div class=\"faq-item-question\">\r\n\t\t\t\t\t\t<h3 class=\"faq-item-question-text\">\u00bfCu\u00e1les son las mejores formas de utilizar la integraci\u00f3n del Image Gallery Slider?<\/h3>\r\n\r\n\t\t\t\t\t\t<div class=\"faq-item-question-icon\"><\/div>\r\n\t\t\t\t\t<\/div>\r\n\r\n\t\t\t\t\t<div class=\"faq-item-answer\">\r\n\t\t\t\t\t\t<div class=\"faq-item-answer-text\"><p>Te ofrecemos una gran cantidad de posibilidades de ajuste: widgets de largo completo para incrustar en la zona de contenido, widgets flotantes con opciones de desplazamiento, miniaturas para el pie de p\u00e1gina, secci\u00f3n superior y todas las variaciones de opciones verticales para las barras laterales y men\u00fas del sitio web.<\/p><\/div>\r\n\t\t\t\t\t<\/div>\r\n\t\t\t\t<\/div><div class=\"faq-item\">\r\n\t\t\t\t\t<div class=\"faq-item-question\">\r\n\t\t\t\t\t\t<h3 class=\"faq-item-question-text\">\u00bfHay alguna opci\u00f3n para construir un Slider de Productos u Ofertas mediante el editor?<\/h3>\r\n\r\n\t\t\t\t\t\t<div class=\"faq-item-question-icon\"><\/div>\r\n\t\t\t\t\t<\/div>\r\n\r\n\t\t\t\t\t<div class=\"faq-item-answer\">\r\n\t\t\t\t\t\t<div class=\"faq-item-answer-text\"><p>Puedes crear cualquier modificaci\u00f3n de widget. Hay una amplia variedad de dise\u00f1os disponibles en el editor, y todos ellos pueden personalizarse f\u00e1cilmente seg\u00fan lo que necesites.<\/p><\/div>\r\n\t\t\t\t\t<\/div>\r\n\t\t\t\t<\/div><\/div><div class=\"application-platform-content-item-features application-platform-content-item\" id=\"features\" data-nav-section=\"features\"><h2>Caracter\u00edsticas<\/h2><p>A continuaci\u00f3n se presenta una lista de todas las caracter\u00edsticas del producto. Puedes ajustarlas directamente en el editor y te ayudar\u00e1n a construir el m\u00f3dulo especialmente para tus necesidades.<\/p><ul><li>Utiliza CTAs para guiar a los usuarios hacia tu objetivo.<\/li><li>Ajusta la duraci\u00f3n del cambio de diapositivas.<\/li><li>Elige entre varias variantes.<\/li><li>Coloca tu texto en cualquier parte de la p\u00e1gina mediante una posici\u00f3n avanzada.<\/li><li>Ajusta cinco elementos de contenido.<\/li><\/ul><p><a href=\"#demo\">Prueba todas las dem\u00e1s funciones en la demostraci\u00f3n<\/a><\/p><\/div><div class=\"application-platform-content-item-installation application-platform-content-item\" id=\"installation\" data-nav-section=\"installation\"><h2>C\u00f3mo agregar Slider a Joomla<\/h2><p>Sigue los siguientes pasos descritos a continuaci\u00f3n para integrar el widget en Joomla.<\/p> <ol><li><b>Utiliza nuestro configurador gratuito y comienza a crear tu plugin personalizado. <\/b><br> Elige el dise\u00f1o y las caracter\u00edsticas preferidas de la extensi\u00f3n Slider y aplica las modificaciones. <\/li>  <li><b>Obt\u00e9n el c\u00f3digo \u00fanico que aparece en la ventana de Elfsight Apps. <\/b><br> Cuando termines de configurar tu plugin, copia el c\u00f3digo exclusivo de la caja que aparece y gu\u00e1rdalo para su uso posterior. <\/li>  <li><b>Comienza a usar el m\u00f3dulo en tu sitio web de Joomla. <\/b><br> Inserta el c\u00f3digo guardado en tu sitio y aplica las modificaciones. <\/li>  <li><b>La instalaci\u00f3n se ha completado con \u00e9xito. <\/b><br> Visita tu sitio web para ver c\u00f3mo funciona el plugin.<\/li><\/ol><p>Si necesitas ayuda o tienes alguna duda, no dudes en ponerte en contacto con el soporte al cliente de Elfsight. Nuestros especialistas estar\u00e1n encantados de ayudarte con cualquier consulta.<\/p><\/div>","protected":false},"excerpt":{"rendered":"","protected":false},"author":18,"featured_media":0,"parent":1653,"menu_order":0,"comment_status":"closed","ping_status":"closed","template":"templates\/template-application-platform.php","meta":{"publish_to_discourse":"","publish_post_category":"","wpdc_auto_publish_overridden":"","wpdc_topic_tags":"","wpdc_pin_topic":"","wpdc_pin_until":"","discourse_post_id":"","discourse_permalink":"","wpdc_publishing_response":"","wpdc_publishing_error":"","footnotes":""},"class_list":["post-4071","page","type-page","status-publish","hentry"],"yoast_head":"<!-- This site is optimized with the Yoast SEO plugin v25.3.1 - https:\/\/yoast.com\/wordpress\/plugins\/seo\/ -->\n<title>Slider - Integrar extention de Deslizador al Joomla<\/title>\n<meta name=\"description\" content=\"Instala un module interactivo de Slider en su sitio web de Joomla. Pruebe la demo de Elfsight manejable y construe su extention \u00fanico.\" \/>\n<meta name=\"robots\" content=\"index, follow, max-snippet:-1, max-image-preview:large, max-video-preview:-1\" \/>\n<link rel=\"canonical\" href=\"https:\/\/elfsight.com\/es\/slider-widget\/joomla\/\" \/>\n<meta property=\"og:locale\" content=\"es_ES\" \/>\n<meta property=\"og:type\" content=\"article\" \/>\n<meta property=\"og:title\" content=\"Slider - Integrar extention de Deslizador al Joomla\" \/>\n<meta property=\"og:description\" content=\"Instala un module interactivo de Slider en su sitio web de Joomla. Pruebe la demo de Elfsight manejable y construe su extention \u00fanico.\" \/>\n<meta property=\"og:url\" content=\"https:\/\/elfsight.com\/es\/slider-widget\/joomla\/\" \/>\n<meta property=\"og:site_name\" content=\"Elfsight ES\" \/>\n<meta property=\"article:modified_time\" content=\"2025-02-06T15:18:51+00:00\" \/>\n<meta name=\"twitter:card\" content=\"summary_large_image\" \/>\n<meta name=\"twitter:label1\" content=\"Tiempo de lectura\" \/>\n\t<meta name=\"twitter:data1\" content=\"1 minuto\" \/>\n<!-- \/ Yoast SEO plugin. -->","yoast_head_json":{"title":"Slider - Integrar extention de Deslizador al Joomla","description":"Instala un module interactivo de Slider en su sitio web de Joomla. Pruebe la demo de Elfsight manejable y construe su extention \u00fanico.","robots":{"index":"index","follow":"follow","max-snippet":"max-snippet:-1","max-image-preview":"max-image-preview:large","max-video-preview":"max-video-preview:-1"},"canonical":"https:\/\/elfsight.com\/es\/slider-widget\/joomla\/","og_locale":"es_ES","og_type":"article","og_title":"Slider - Integrar extention de Deslizador al Joomla","og_description":"Instala un module interactivo de Slider en su sitio web de Joomla. Pruebe la demo de Elfsight manejable y construe su extention \u00fanico.","og_url":"https:\/\/elfsight.com\/es\/slider-widget\/joomla\/","og_site_name":"Elfsight ES","article_modified_time":"2025-02-06T15:18:51+00:00","twitter_card":"summary_large_image","twitter_misc":{"Tiempo de lectura":"1 minuto"},"schema":{"@context":"https:\/\/schema.org","@graph":[{"@type":"WebPage","@id":"https:\/\/elfsight.com\/es\/slider-widget\/joomla\/","url":"https:\/\/elfsight.com\/es\/slider-widget\/joomla\/","name":"Slider - Integrar extention de Deslizador al Joomla","isPartOf":{"@id":"https:\/\/elfsight.com\/es\/#website"},"datePublished":"2022-02-11T11:49:54+00:00","dateModified":"2025-02-06T15:18:51+00:00","description":"Instala un module interactivo de Slider en su sitio web de Joomla. Pruebe la demo de Elfsight manejable y construe su extention \u00fanico.","breadcrumb":{"@id":"https:\/\/elfsight.com\/es\/slider-widget\/joomla\/#breadcrumb"},"inLanguage":"es","potentialAction":[{"@type":"ReadAction","target":["https:\/\/elfsight.com\/es\/slider-widget\/joomla\/"]}]},{"@type":"BreadcrumbList","@id":"https:\/\/elfsight.com\/es\/slider-widget\/joomla\/#breadcrumb","itemListElement":[{"@type":"ListItem","position":1,"name":"Home","item":"https:\/\/elfsight.com\/es\/"},{"@type":"ListItem","position":2,"name":"Slider","item":"https:\/\/elfsight.com\/es\/slider-widget\/"},{"@type":"ListItem","position":3,"name":"Slider &#8211; Joomla"}]},{"@type":"WebSite","@id":"https:\/\/elfsight.com\/es\/#website","url":"https:\/\/elfsight.com\/es\/","name":"Elfsight ES","description":"Just another Elfsight Sites site","potentialAction":[{"@type":"SearchAction","target":{"@type":"EntryPoint","urlTemplate":"https:\/\/elfsight.com\/es\/?s={search_term_string}"},"query-input":{"@type":"PropertyValueSpecification","valueRequired":true,"valueName":"search_term_string"}}],"inLanguage":"es"}]}},"meta_box":{"industry":"","seo_heading":"","heading":"","description":"","cta_heading":"","cta_description":"","application":"1652","h1":"extensi\u00f3n del control deslizante para Joomla","h1_caption":"Muestra sus maravillosas imagen y v\u00eddeos en su sitio","application_category":[],"applications_title":"","applications_request_title":"","applications_request_button_text":"","hero_text":"","hero_video":"","hero_video_schema_markup":"","selling_points_title":"","selling_points_caption":"","selling_points":[],"selling_points_cta_text":"","features_title":"","features":"","ed_cta_examples_text":"","ed_cta_examples_hidden":"","ed_cta_demo_text":"","ed_cta_demo_hidden":"","why_caption":"","why_editor_title":"","why_editor_text":"","why_team_title":"","why_team_text":"","why_service_title":"","why_service_text":"","template_catalog_visible":"","template_catalog_title":"","template_catalog_text":"","template_catalog_categories_visible":"","demo_title":"Crea tu complemento deslizante","demo_caption":"\u00a1Configure su control deslizante y agr\u00e9guelo a su sitio web Joomla gratis!","default_faq_hidden":"","app_template_category":[],"platform":"73","template_public_id":"","codecanyon_url":"","codecanyon_item_id":"","codecanyon_price":"","pricing_caption":"","pricing_elfsight_apps_hide_column":"","pricing_elfsight_apps_url":"","pricing_codecanyon_price_caption":"","integration_category":[],"integration_request_title":"","integration_request_cta":"","integration_platform":"","integrations":[],"platform_category":[],"video_schema_markup":"","price":"desde $0 por mes","trial":"","benefits":[{"text":"Instalaci\u00f3n gratuita"},{"text":"Soporte Premium"},{"text":"14 d\u00edas garant\u00eda de reembolso"},{"text":"Actualizaciones regulares"}],"button_url":"#demo","button_target_blank":"0","button_nofollow":"0","attributes":[{"name":"Responsivo","content":"Si","_state":"expanded"},{"name":"Navegadores compatibles","content":"Firefox, Safari, Opera, Chrome, Edge","_state":"expanded"}],"tags":[],"tags_disable_links":"0","hide_more_platforms":"","video_object":"","demo_hide_cta":"0","demo_hide_cloud_options":"0","pricing_title":"","pricing":[{"pricing_icon":"platform","pricing_title":" Elfsight Apps","pricing_title_caption":"Soluci\u00f3n multiplataforma - valido para cualquier p\u00e1gina web","pricing_price":"desde $0 por mes","pricing_price_caption":"empezar con un plan gratuito","pricing_benefits":[{"text":"Sitios web ilimitados"},{"text":"Atenci\u00f3n al cliente gratuita y r\u00e1pida"},{"text":"Servicio de instalaci\u00f3n gratuito"},{"text":"Totalmente personalizable"}],"pricing_button_text":"Agregar al sitio web","pricing_button_url":"#demo","_state":"expanded"}],"related_apps_title":"","related_apps_hidden":"1","author":"","image":[],"title":"","job":"","social_networks":[]},"_links":{"self":[{"href":"https:\/\/elfsight.com\/es\/wp-json\/wp\/v2\/pages\/4071","targetHints":{"allow":["GET"]}}],"collection":[{"href":"https:\/\/elfsight.com\/es\/wp-json\/wp\/v2\/pages"}],"about":[{"href":"https:\/\/elfsight.com\/es\/wp-json\/wp\/v2\/types\/page"}],"author":[{"embeddable":true,"href":"https:\/\/elfsight.com\/es\/wp-json\/wp\/v2\/users\/18"}],"replies":[{"embeddable":true,"href":"https:\/\/elfsight.com\/es\/wp-json\/wp\/v2\/comments?post=4071"}],"version-history":[{"count":3,"href":"https:\/\/elfsight.com\/es\/wp-json\/wp\/v2\/pages\/4071\/revisions"}],"predecessor-version":[{"id":18083,"href":"https:\/\/elfsight.com\/es\/wp-json\/wp\/v2\/pages\/4071\/revisions\/18083"}],"up":[{"embeddable":true,"href":"https:\/\/elfsight.com\/es\/wp-json\/wp\/v2\/pages\/1653"}],"wp:attachment":[{"href":"https:\/\/elfsight.com\/es\/wp-json\/wp\/v2\/media?parent=4071"}],"curies":[{"name":"wp","href":"https:\/\/api.w.org\/{rel}","templated":true}]}}