{"id":4063,"date":"2022-02-11T11:50:33","date_gmt":"2022-02-11T11:50:33","guid":{"rendered":"https:\/\/elfsight.com\/es\/?page_id=4063"},"modified":"2025-12-01T09:27:45","modified_gmt":"2025-12-01T09:27:45","slug":"webflow","status":"publish","type":"page","link":"https:\/\/elfsight.com\/es\/testimonials-slider-widget\/webflow\/","title":{"rendered":"Testimonials Slider &#8211; Webflow"},"content":{"rendered":"<div class=\"application-platform-content-item-description application-platform-content-item\" id=\"description\" data-nav-section=\"description\"><h2>Incrustar Testimonios en Webflow con el widget de Elfsight<\/h2><p>Testimonios Slider es un widget f\u00e1cil para mostrar las opiniones de tus clientes en tu sitio web personal. Puedes usar todo tipo de pruebas sociales para hacer que los testimonios sean confiables: el nombre del autor, foto, logotipo de la organizaci\u00f3n e incluso un enlace al sitio web.<\/p><p><b>Aumenta la confianza en tu servicio mostrando a tus lectores comentarios honestos y sinceros al respecto.<\/b><\/p><ul><li><b>Motiva a los usuarios a actuar<\/b>.<br>Mostrar rese\u00f1as reales de usuarios con historias felices motiva a los visitantes a compartir esta experiencia y los estimula a actuar, aumentando el nivel de conversi\u00f3n.<\/li><li><b>Multiplica la confianza en tu sitio<\/b>.<br>Muestra testimonios de tus clientes en el sitio web y muestra ejemplos de buenas experiencias de clientes para generar m\u00e1s confianza en tu empresa.<\/li><li><b>Demuestra una opini\u00f3n autorizada<\/b>.<br>\u00bfTienes clientes cuya opini\u00f3n tendr\u00e1 un impacto poderoso en el resto de los lectores? Crea testimonios completos con informaci\u00f3n sobre el autor y aumenta el nivel de ventas.<\/li><\/ul><\/div><div class=\"application-platform-content-item-features application-platform-content-item\" id=\"features\" data-nav-section=\"features\"><h2>Caracter\u00edsticas principales del widget de Testimonios Slider<\/h2><p>Las caracter\u00edsticas destacadas que convierten nuestro Testimonios Slider en un widget imprescindible para cualquier sitio Webflow.<\/p><ul><li>Aumenta la credibilidad con un enlace al sitio web del autor;<\/li><li>Coloca un enlace al sitio web del autor para crear una imagen s\u00f3lida;<\/li><li>A\u00f1ade el logotipo de la empresa del autor para que la informaci\u00f3n se vea confiable;<\/li><li>Para a\u00f1adir fiabilidad, muestra el logotipo de la empresa del autor.<\/li><\/ul><p><a href=\"#demo\">Prueba estas caracter\u00edsticas en la demostraci\u00f3n en vivo<\/a><\/p><\/div><div class=\"application-platform-content-item-installation application-platform-content-item\" id=\"installation\" data-nav-section=\"installation\"><h2>\u00bfC\u00f3mo agregar Testimonios en un sitio Webflow?<\/h2><div class=\"video-container\"><iframe width=\"720\" height=\"405\" src=\"\/\/www.youtube.com\/embed\/knpbylAiW60?si=aTRDeqbJS-HO9750\" frameborder=\"0\" allowfullscreen=\"\"><\/iframe><\/div><p>Nuestro widget es muy f\u00e1cil de instalar y no requiere habilidades en desarrollo web. El cumplimiento de las instrucciones te llevar\u00e1 no m\u00e1s de 3 minutos.<\/p><ol><li><b>Dise\u00f1a tu Testimonios Slider personalizado.<\/b><br>Con la ayuda de nuestro editor gratuito, crea un widget con el dise\u00f1o y las funciones que prefieras.<\/li><li><b>Obt\u00e9n el c\u00f3digo para la integraci\u00f3n del widget.<\/b><br>Despu\u00e9s de crear el widget, obt\u00e9n el c\u00f3digo para el widget de Testimonios desde la notificaci\u00f3n que aparece en Elfsight Apps.<\/li><li><b>Coloca el widget en tu sitio Webflow.<\/b><br>Incrusta el widget en el lugar deseado de la p\u00e1gina y aplica los cambios.<\/li><li><b>\u00a1Listo!<\/b><br>Visita tu sitio Webflow para ver tu widget.<\/li><\/ol><p>\u00bfTienes alg\u00fan problema al instalar o configurar el widget? Consulta la gu\u00eda completa en <a href=\"https:\/\/elfsight.com\/tutorials\/how-to-add-testimonials-slider-widget-to-webflow\/\" target=\"_blank\" rel=\"noopener noreferrer\">integraci\u00f3n de Testimonios Slider en Webflow<\/a> o contacta con nuestro Centro de Soporte.<\/p><div class=\"faq\" data-component=\"FAQ\"> <div class=\"faq-item\">\r\n\t\t\t\t\t<div class=\"faq-item-question\">\r\n\t\t\t\t\t\t<h3 class=\"faq-item-question-text\">\u00bfC\u00f3mo agregar Testimonios Slider a mi sitio Webflow sin habilidades en programaci\u00f3n?<\/h3>\r\n\r\n\t\t\t\t\t\t<div class=\"faq-item-question-icon\"><\/div>\r\n\t\t\t\t\t<\/div>\r\n\r\n\t\t\t\t\t<div class=\"faq-item-answer\">\r\n\t\t\t\t\t\t<div class=\"faq-item-answer-text\"> <p>Elfsight ofrece una soluci\u00f3n SaaS que te permite crear un widget de Testimonios Slider por ti mismo, ve lo f\u00e1cil que es el proceso: Trabaja directamente en el Editor en l\u00ednea para crear un widget de Testimonios Slider que desees ver en tu sitio Webflow. Elige una de las plantillas predefinidas y ajusta la configuraci\u00f3n del Testimonios Slider, agrega tu contenido, cambia el dise\u00f1o y la paleta de colores sin necesidad de habilidades en programaci\u00f3n. Guarda el Testimonios Slider y copia su c\u00f3digo de instalaci\u00f3n, que podr\u00e1s incrustar f\u00e1cilmente en tu sitio Webflow sin necesidad de suscripci\u00f3n de pago. Con nuestro Editor intuitivo, cualquier usuario de internet puede crear un widget de Testimonios Slider en l\u00ednea e incrustarlo f\u00e1cilmente en su sitio Webflow. No es necesario pagar ni ingresar tus datos de tarjeta para acceder al servicio. Si encuentras alg\u00fan problema en cualquier paso, no dudes en contactar a nuestro equipo de soporte t\u00e9cnico.<\/p> <\/div>\r\n\t\t\t\t\t<\/div>\r\n\t\t\t\t<\/div> <\/div> <\/div>","protected":false},"excerpt":{"rendered":"","protected":false},"author":18,"featured_media":0,"parent":2041,"menu_order":0,"comment_status":"closed","ping_status":"closed","template":"templates\/template-application-platform.php","meta":{"publish_to_discourse":"","publish_post_category":"","wpdc_auto_publish_overridden":"","wpdc_topic_tags":"","wpdc_pin_topic":"","wpdc_pin_until":"","discourse_post_id":"","discourse_permalink":"","wpdc_publishing_response":"","wpdc_publishing_error":"","footnotes":""},"class_list":["post-4063","page","type-page","status-publish","hentry"],"yoast_head":"<!-- This site is optimized with the Yoast SEO plugin v25.3.1 - https:\/\/yoast.com\/wordpress\/plugins\/seo\/ -->\n<title>Testimonios Slider - A\u00f1adir plugin de Deslizador de Testimonios al Webflow<\/title>\n<meta name=\"description\" content=\"Incrusta un widget responsivo de Testimonios Slider en su p\u00e1gina web de Webflow. Aplique la demo de Elfsight intuitiva y cree su plugin \u00fanico.\" \/>\n<meta name=\"robots\" content=\"index, follow, max-snippet:-1, max-image-preview:large, max-video-preview:-1\" \/>\n<link rel=\"canonical\" href=\"https:\/\/elfsight.com\/es\/testimonials-slider-widget\/webflow\/\" \/>\n<meta property=\"og:locale\" content=\"es_ES\" \/>\n<meta property=\"og:type\" content=\"article\" \/>\n<meta property=\"og:title\" content=\"Testimonios Slider - A\u00f1adir plugin de Deslizador de Testimonios al Webflow\" \/>\n<meta property=\"og:description\" content=\"Incrusta un widget responsivo de Testimonios Slider en su p\u00e1gina web de Webflow. Aplique la demo de Elfsight intuitiva y cree su plugin \u00fanico.\" \/>\n<meta property=\"og:url\" content=\"https:\/\/elfsight.com\/es\/testimonials-slider-widget\/webflow\/\" \/>\n<meta property=\"og:site_name\" content=\"Elfsight ES\" \/>\n<meta property=\"article:modified_time\" content=\"2025-12-01T09:27:45+00:00\" \/>\n<meta name=\"twitter:card\" content=\"summary_large_image\" \/>\n<meta name=\"twitter:label1\" content=\"Tiempo de lectura\" \/>\n\t<meta name=\"twitter:data1\" content=\"3 minutos\" \/>\n<!-- \/ Yoast SEO plugin. -->","yoast_head_json":{"title":"Testimonios Slider - A\u00f1adir plugin de Deslizador de Testimonios al Webflow","description":"Incrusta un widget responsivo de Testimonios Slider en su p\u00e1gina web de Webflow. Aplique la demo de Elfsight intuitiva y cree su plugin \u00fanico.","robots":{"index":"index","follow":"follow","max-snippet":"max-snippet:-1","max-image-preview":"max-image-preview:large","max-video-preview":"max-video-preview:-1"},"canonical":"https:\/\/elfsight.com\/es\/testimonials-slider-widget\/webflow\/","og_locale":"es_ES","og_type":"article","og_title":"Testimonios Slider - A\u00f1adir plugin de Deslizador de Testimonios al Webflow","og_description":"Incrusta un widget responsivo de Testimonios Slider en su p\u00e1gina web de Webflow. Aplique la demo de Elfsight intuitiva y cree su plugin \u00fanico.","og_url":"https:\/\/elfsight.com\/es\/testimonials-slider-widget\/webflow\/","og_site_name":"Elfsight ES","article_modified_time":"2025-12-01T09:27:45+00:00","twitter_card":"summary_large_image","twitter_misc":{"Tiempo de lectura":"3 minutos"},"schema":{"@context":"https:\/\/schema.org","@graph":[{"@type":"WebPage","@id":"https:\/\/elfsight.com\/es\/testimonials-slider-widget\/webflow\/","url":"https:\/\/elfsight.com\/es\/testimonials-slider-widget\/webflow\/","name":"Testimonios Slider - A\u00f1adir plugin de Deslizador de Testimonios al Webflow","isPartOf":{"@id":"https:\/\/elfsight.com\/es\/#website"},"datePublished":"2022-02-11T11:50:33+00:00","dateModified":"2025-12-01T09:27:45+00:00","description":"Incrusta un widget responsivo de Testimonios Slider en su p\u00e1gina web de Webflow. Aplique la demo de Elfsight intuitiva y cree su plugin \u00fanico.","breadcrumb":{"@id":"https:\/\/elfsight.com\/es\/testimonials-slider-widget\/webflow\/#breadcrumb"},"inLanguage":"es","potentialAction":[{"@type":"ReadAction","target":["https:\/\/elfsight.com\/es\/testimonials-slider-widget\/webflow\/"]}]},{"@type":"BreadcrumbList","@id":"https:\/\/elfsight.com\/es\/testimonials-slider-widget\/webflow\/#breadcrumb","itemListElement":[{"@type":"ListItem","position":1,"name":"Home","item":"https:\/\/elfsight.com\/es\/"},{"@type":"ListItem","position":2,"name":"Testimonials Slider","item":"https:\/\/elfsight.com\/es\/testimonials-slider-widget\/"},{"@type":"ListItem","position":3,"name":"Testimonials Slider &#8211; Webflow"}]},{"@type":"WebSite","@id":"https:\/\/elfsight.com\/es\/#website","url":"https:\/\/elfsight.com\/es\/","name":"Elfsight ES","description":"Just another Elfsight Sites site","potentialAction":[{"@type":"SearchAction","target":{"@type":"EntryPoint","urlTemplate":"https:\/\/elfsight.com\/es\/?s={search_term_string}"},"query-input":{"@type":"PropertyValueSpecification","valueRequired":true,"valueName":"search_term_string"}}],"inLanguage":"es"}]}},"meta_box":{"industry":"","seo_heading":"","heading":"","description":"","cta_heading":"","cta_description":"","application":"2040","h1":"complemento de Testimonios Slider para Webflow","h1_caption":"Una widget \u00fatil para revelar comentarios de sus clientes en su sitio web","application_category":[],"applications_title":"","applications_request_title":"","applications_request_button_text":"","hero_text":"","hero_video":"","hero_video_schema_markup":"","selling_points_title":"","selling_points_caption":"","selling_points":[],"selling_points_cta_text":"","features_title":"","features":"","ed_cta_examples_text":"","ed_cta_examples_hidden":"","ed_cta_demo_text":"","ed_cta_demo_hidden":"","why_caption":"","why_editor_title":"","why_editor_text":"","why_team_title":"","why_team_text":"","why_service_title":"","why_service_text":"","template_catalog_visible":"0","template_catalog_title":"","template_catalog_text":"","template_catalog_categories_visible":"","demo_title":"Cree su widget deslizante de testimonios","demo_caption":"\u00a1Configure su control deslizante de testimonios y agr\u00e9guelo a su sitio web Webflow de forma gratuita!","default_faq_hidden":"","app_template_category":[],"platform":"106","template_public_id":"","codecanyon_url":"","codecanyon_item_id":"","codecanyon_price":"","pricing_caption":"","pricing_elfsight_apps_hide_column":"","pricing_elfsight_apps_url":"","pricing_codecanyon_price_caption":"","integration_category":[],"integration_request_title":"","integration_request_cta":"","integration_platform":"","integrations":[],"platform_category":[],"video_schema_markup":"","price":"desde $0 por mes","trial":"","benefits":[{"text":"Instalaci\u00f3n gratuita"},{"text":"Soporte Premium"},{"text":"14 d\u00edas garant\u00eda de reembolso"},{"text":"Actualizaciones regulares"}],"button_url":"#demo","button_target_blank":"0","button_nofollow":"0","attributes":[{"name":"Responsivo","content":"Si","_state":"expanded"},{"name":"Navegadores compatibles","content":"Firefox, Safari, Opera, Chrome, Edge","_state":"expanded"}],"tags":[],"tags_disable_links":"0","hide_more_platforms":"0","video_object":"","demo_hide_cta":"0","demo_hide_cloud_options":"0","pricing_title":"","pricing":[{"pricing_icon":"platform","pricing_title":" Elfsight Apps","pricing_title_caption":"Soluci\u00f3n multiplataforma - valido para cualquier p\u00e1gina web","pricing_price":"desde $0 por mes","pricing_price_caption":"empezar con un plan gratuito","pricing_benefits":[{"text":"Sitios web ilimitados"},{"text":"Atenci\u00f3n al cliente gratuita y r\u00e1pida"},{"text":"Servicio de instalaci\u00f3n gratuito"},{"text":"Totalmente personalizable"}],"pricing_button_text":"Agregar al sitio web","pricing_button_url":"#demo","_state":"expanded"}],"related_apps_title":"","related_apps_hidden":"1","author":"","image":[],"title":"","job":"","social_networks":[]},"_links":{"self":[{"href":"https:\/\/elfsight.com\/es\/wp-json\/wp\/v2\/pages\/4063","targetHints":{"allow":["GET"]}}],"collection":[{"href":"https:\/\/elfsight.com\/es\/wp-json\/wp\/v2\/pages"}],"about":[{"href":"https:\/\/elfsight.com\/es\/wp-json\/wp\/v2\/types\/page"}],"author":[{"embeddable":true,"href":"https:\/\/elfsight.com\/es\/wp-json\/wp\/v2\/users\/18"}],"replies":[{"embeddable":true,"href":"https:\/\/elfsight.com\/es\/wp-json\/wp\/v2\/comments?post=4063"}],"version-history":[{"count":4,"href":"https:\/\/elfsight.com\/es\/wp-json\/wp\/v2\/pages\/4063\/revisions"}],"predecessor-version":[{"id":19997,"href":"https:\/\/elfsight.com\/es\/wp-json\/wp\/v2\/pages\/4063\/revisions\/19997"}],"up":[{"embeddable":true,"href":"https:\/\/elfsight.com\/es\/wp-json\/wp\/v2\/pages\/2041"}],"wp:attachment":[{"href":"https:\/\/elfsight.com\/es\/wp-json\/wp\/v2\/media?parent=4063"}],"curies":[{"name":"wp","href":"https:\/\/api.w.org\/{rel}","templated":true}]}}