{"id":4062,"date":"2022-02-11T11:50:43","date_gmt":"2022-02-11T11:50:43","guid":{"rendered":"https:\/\/elfsight.com\/es\/?page_id=4062"},"modified":"2025-02-06T15:18:35","modified_gmt":"2025-02-06T15:18:35","slug":"shopify","status":"publish","type":"page","link":"https:\/\/elfsight.com\/es\/social-media-share-buttons\/shopify\/","title":{"rendered":"Social Share Buttons &#8211; Shopify"},"content":{"rendered":"<div class=\"application-platform-content-item-description application-platform-content-item\" id=\"description\" data-nav-section=\"description\"><h2>Incrustar botones de compartir en redes sociales en Shopify con el widget de Elfsight<\/h2><p>Una aplicaci\u00f3n sencilla para compartir en cualquier sitio web, que permite a tus visitantes compartir contenido en diversas redes sociales. Promociona tu negocio en redes sociales y consigue m\u00e1s suscriptores y seguidores con publicaciones de alta calidad en tu sitio web personal.<\/p><p><b>\u00a1Atrae tr\u00e1fico adicional y seguidores desde las redes sociales!<\/b><\/p><ul><li><b>Cobertura m\u00e1xima de contenido y productos en redes sociales<\/b>.<br>Con un dise\u00f1o f\u00e1cil de usar y una amplia funcionalidad, con un solo clic, tu contenido ser\u00e1 promocionado en todas las redes sociales.<\/li><li><b>Comparte tus publicaciones con m\u00e1s espectadores<\/b>.<br>Ofrece a tus clientes la oportunidad de distribuir contenido con facilidad para llegar a una nueva audiencia.<\/li><li><b>Aumenta los clics en tu sitio web<\/b>.<br>Atrae m\u00e1s visitantes a tu sitio web con una posici\u00f3n activa en redes sociales y experimenta un aumento en el n\u00famero de visitas.<\/li><li><b>Aumenta el n\u00famero de seguidores en redes sociales<\/b>.<br>\u00bfCrees que el contenido de tu sitio web es realmente emocionante? Deja que los usuarios lo promocionen por s\u00ed mismos, compartiendo publicaciones con sus amigos.<\/li><\/ul><\/div><div class=\"application-platform-content-item-features application-platform-content-item\" id=\"features\" data-nav-section=\"features\"><h2>Caracter\u00edsticas principales del widget de botones de compartir en redes sociales<\/h2><p>\u00bfQu\u00e9 hace que los botones de Elfsight sean los mejores entre las aplicaciones de compartir en Shopify? Consulta nuestras ventajas m\u00e1s importantes:<\/p><ul><li>Coloca un n\u00famero ilimitado de botones;<\/li><li>Tama\u00f1o de separaci\u00f3n ajustable;<\/li><li>Configura los elementos del bot\u00f3n a mostrar;<\/li><li>4 estilos predefinidos de botones;<\/li><li>Actualizaciones en vivo lanzadas de manera constante.<\/li><\/ul><p><a href=\"#demo\">Prueba todas las funciones en una demostraci\u00f3n gratuita<\/a><\/p><\/div><div class=\"application-platform-content-item-installation application-platform-content-item\" id=\"installation\" data-nav-section=\"installation\"><h2>C\u00f3mo agregar los botones de compartir en Shopify<\/h2><div class=\"video-container\"><iframe width=\"720\" height=\"405\" src=\"https:\/\/www.youtube.com\/embed\/2YsYV3rH2Sg\" frameborder=\"0\" allowfullscreen=\"\"><\/iframe><\/div><p>Un manual conciso para mostrar los botones, sin necesidad de habilidades en desarrollo web, y solo te tomar\u00e1 un minuto.<\/p><ol><li><b>Realiza nuestro editor gratuito y empieza a personalizar tu aplicaci\u00f3n.<\/b><br>Especifica el dise\u00f1o adecuado y los aspectos de la aplicaci\u00f3n y guarda todos los cambios.<\/li>  <li><b>Obt\u00e9n el c\u00f3digo \u00fanico que aparece en la ventana de Elfsight Apps.<\/b><br>Tan pronto como termines de personalizar tu aplicaci\u00f3n, copia el c\u00f3digo desde la ventana que aparece y gu\u00e1rdalo para su uso futuro.<\/li>  <li><b>Inicia el uso de la aplicaci\u00f3n en la p\u00e1gina web de Shopify.<\/b><br>Pega el c\u00f3digo que guardaste recientemente en tu sitio web y aplica los ajustes.<\/li>  <li><b>\u00a1Listo! La integraci\u00f3n est\u00e1 completamente terminada.<\/b><br>Abre tu p\u00e1gina web para ver c\u00f3mo funciona la aplicaci\u00f3n.<\/li><\/ol><p>\u00bfTienes problemas para agregar o configurar la aplicaci\u00f3n? Nuestros especialistas de soporte estar\u00e1n aqu\u00ed para aconsejarte y ofrecerte una soluci\u00f3n. Tambi\u00e9n puedes resolver el problema t\u00fa mismo consultando nuestra gu\u00eda completa \u00ab<a href=\"https:\/\/elfsight.com\/tutorials\/how-to-add-social-share-buttons-to-shopify-website\/\" target=\"_blank\" rel=\"noopener noreferrer\">C\u00f3mo integrar botones de compartir en el sitio web de Shopify<\/a>\u00bb.<\/p><\/div><div class=\"faq\" data-component=\"FAQ\"><div class=\"faq-item\">\r\n\t\t\t\t\t<div class=\"faq-item-question\">\r\n\t\t\t\t\t\t<h3 class=\"faq-item-question-text\">\u00bfC\u00f3mo puedo incrustar los botones de compartir en mi sitio web de Shopify sin experiencia en programaci\u00f3n?<\/h3>\r\n\r\n\t\t\t\t\t\t<div class=\"faq-item-question-icon\"><\/div>\r\n\t\t\t\t\t<\/div>\r\n\r\n\t\t\t\t\t<div class=\"faq-item-answer\">\r\n\t\t\t\t\t\t<div class=\"faq-item-answer-text\"><p>La empresa Elfsight ofrece una soluci\u00f3n SaaS que permite a un amplio p\u00fablico crear una secci\u00f3n de botones de compartir en redes sociales por s\u00ed mismo, ve lo sencillo que es el proceso:<\/p><ul><li>Trabaja en la demostraci\u00f3n en vivo para crear un plugin de botones de compartir en redes sociales que desees agregar a tu sitio web de Shopify.<\/li><li>Elige una de las plantillas predefinidas y modifica los ajustes de los botones de compartir en redes sociales, a\u00f1ade tu contenido, transforma el dise\u00f1o y el color de los elementos sin necesidad de programar.<\/li><li>Guarda los botones de compartir en redes sociales y copia el c\u00f3digo del plugin para incrustarlo f\u00e1cilmente en tu sitio web de Shopify de forma gratuita.<\/li><\/ul><p>Con la ayuda de nuestro Editor f\u00e1cil de usar, cualquier usuario de internet puede crear el widget de botones de compartir en redes sociales en l\u00ednea y a\u00f1adirlo f\u00e1cilmente a su p\u00e1gina web de Shopify. No es necesario pagar ni ingresar los datos de tu tarjeta para acceder al servicio. Si tienes problemas en alg\u00fan paso, no dudes en ponerte en contacto con nuestro equipo de soporte.<\/p><\/div>\r\n\t\t\t\t\t<\/div>\r\n\t\t\t\t<\/div><\/div>","protected":false},"excerpt":{"rendered":"","protected":false},"author":18,"featured_media":0,"parent":1979,"menu_order":0,"comment_status":"closed","ping_status":"closed","template":"templates\/template-application-platform.php","meta":{"publish_to_discourse":"","publish_post_category":"","wpdc_auto_publish_overridden":"","wpdc_topic_tags":"","wpdc_pin_topic":"","wpdc_pin_until":"","discourse_post_id":"","discourse_permalink":"","wpdc_publishing_response":"","wpdc_publishing_error":"","footnotes":""},"class_list":["post-4062","page","type-page","status-publish","hentry"],"yoast_head":"<!-- This site is optimized with the Yoast SEO plugin v25.3.1 - https:\/\/yoast.com\/wordpress\/plugins\/seo\/ -->\n<title>Compartir en Redes Sociales - Embeber app de Botones de Compartir al Shopify<\/title>\n<meta name=\"description\" content=\"Instala un widget interactivo de Compartir en Redes Sociales en su p\u00e1gina web de Shopify. Lance la demo de Elfsight manejable y genere su app personalizado.\" \/>\n<meta name=\"robots\" content=\"index, follow, max-snippet:-1, max-image-preview:large, max-video-preview:-1\" \/>\n<link rel=\"canonical\" href=\"https:\/\/elfsight.com\/es\/social-media-share-buttons\/shopify\/\" \/>\n<meta property=\"og:locale\" content=\"es_ES\" \/>\n<meta property=\"og:type\" content=\"article\" \/>\n<meta property=\"og:title\" content=\"Compartir en Redes Sociales - Embeber app de Botones de Compartir al Shopify\" \/>\n<meta property=\"og:description\" content=\"Instala un widget interactivo de Compartir en Redes Sociales en su p\u00e1gina web de Shopify. Lance la demo de Elfsight manejable y genere su app personalizado.\" \/>\n<meta property=\"og:url\" content=\"https:\/\/elfsight.com\/es\/social-media-share-buttons\/shopify\/\" \/>\n<meta property=\"og:site_name\" content=\"Elfsight ES\" \/>\n<meta property=\"article:modified_time\" content=\"2025-02-06T15:18:35+00:00\" \/>\n<meta name=\"twitter:card\" content=\"summary_large_image\" \/>\n<meta name=\"twitter:label1\" content=\"Tiempo de lectura\" \/>\n\t<meta name=\"twitter:data1\" content=\"1 minuto\" \/>\n<!-- \/ Yoast SEO plugin. -->","yoast_head_json":{"title":"Compartir en Redes Sociales - Embeber app de Botones de Compartir al Shopify","description":"Instala un widget interactivo de Compartir en Redes Sociales en su p\u00e1gina web de Shopify. Lance la demo de Elfsight manejable y genere su app personalizado.","robots":{"index":"index","follow":"follow","max-snippet":"max-snippet:-1","max-image-preview":"max-image-preview:large","max-video-preview":"max-video-preview:-1"},"canonical":"https:\/\/elfsight.com\/es\/social-media-share-buttons\/shopify\/","og_locale":"es_ES","og_type":"article","og_title":"Compartir en Redes Sociales - Embeber app de Botones de Compartir al Shopify","og_description":"Instala un widget interactivo de Compartir en Redes Sociales en su p\u00e1gina web de Shopify. Lance la demo de Elfsight manejable y genere su app personalizado.","og_url":"https:\/\/elfsight.com\/es\/social-media-share-buttons\/shopify\/","og_site_name":"Elfsight ES","article_modified_time":"2025-02-06T15:18:35+00:00","twitter_card":"summary_large_image","twitter_misc":{"Tiempo de lectura":"1 minuto"},"schema":{"@context":"https:\/\/schema.org","@graph":[{"@type":"WebPage","@id":"https:\/\/elfsight.com\/es\/social-media-share-buttons\/shopify\/","url":"https:\/\/elfsight.com\/es\/social-media-share-buttons\/shopify\/","name":"Compartir en Redes Sociales - Embeber app de Botones de Compartir al Shopify","isPartOf":{"@id":"https:\/\/elfsight.com\/es\/#website"},"datePublished":"2022-02-11T11:50:43+00:00","dateModified":"2025-02-06T15:18:35+00:00","description":"Instala un widget interactivo de Compartir en Redes Sociales en su p\u00e1gina web de Shopify. Lance la demo de Elfsight manejable y genere su app personalizado.","breadcrumb":{"@id":"https:\/\/elfsight.com\/es\/social-media-share-buttons\/shopify\/#breadcrumb"},"inLanguage":"es","potentialAction":[{"@type":"ReadAction","target":["https:\/\/elfsight.com\/es\/social-media-share-buttons\/shopify\/"]}]},{"@type":"BreadcrumbList","@id":"https:\/\/elfsight.com\/es\/social-media-share-buttons\/shopify\/#breadcrumb","itemListElement":[{"@type":"ListItem","position":1,"name":"Home","item":"https:\/\/elfsight.com\/es\/"},{"@type":"ListItem","position":2,"name":"Social Share Buttons","item":"https:\/\/elfsight.com\/es\/social-media-share-buttons\/"},{"@type":"ListItem","position":3,"name":"Social Share Buttons &#8211; Shopify"}]},{"@type":"WebSite","@id":"https:\/\/elfsight.com\/es\/#website","url":"https:\/\/elfsight.com\/es\/","name":"Elfsight ES","description":"Just another Elfsight Sites site","potentialAction":[{"@type":"SearchAction","target":{"@type":"EntryPoint","urlTemplate":"https:\/\/elfsight.com\/es\/?s={search_term_string}"},"query-input":{"@type":"PropertyValueSpecification","valueRequired":true,"valueName":"search_term_string"}}],"inLanguage":"es"}]}},"meta_box":{"industry":"","seo_heading":"","heading":"","description":"","cta_heading":"","cta_description":"","application":"1978","h1":"aplicaci\u00f3n de Compartir en Redes Sociales para Shopify","h1_caption":"Visualiza m\u00e1s de 40 iconos de redes sociales en el sitio web","application_category":[],"applications_title":"","applications_request_title":"","applications_request_button_text":"","hero_text":"","hero_video":"","hero_video_schema_markup":"","selling_points_title":"","selling_points_caption":"","selling_points":[],"selling_points_cta_text":"","features_title":"","features":"","ed_cta_examples_text":"","ed_cta_examples_hidden":"","ed_cta_demo_text":"","ed_cta_demo_hidden":"","why_caption":"","why_editor_title":"","why_editor_text":"","why_team_title":"","why_team_text":"","why_service_title":"","why_service_text":"","template_catalog_visible":"","template_catalog_title":"","template_catalog_text":"","template_catalog_categories_visible":"","demo_title":"Crea tu aplicaci\u00f3n de botones para compartir en redes sociales","demo_caption":"\u00a1Configura tus botones para compartir en redes sociales y agr\u00e9galos a tu sitio web de Shopify gratis!","default_faq_hidden":"","app_template_category":[],"platform":"91","template_public_id":"","codecanyon_url":"","codecanyon_item_id":"","codecanyon_price":"","pricing_caption":"","pricing_elfsight_apps_hide_column":"","pricing_elfsight_apps_url":"","pricing_codecanyon_price_caption":"","integration_category":[],"integration_request_title":"","integration_request_cta":"","integration_platform":"","integrations":[],"platform_category":[],"video_schema_markup":"","price":"desde $0 por mes","trial":"","benefits":[{"text":"Instalaci\u00f3n gratuita"},{"text":"Soporte Premium"},{"text":"14 d\u00edas garant\u00eda de reembolso"},{"text":"Actualizaciones regulares"}],"button_url":"#demo","button_target_blank":"0","button_nofollow":"0","attributes":[{"name":"Responsivo","content":"Si","_state":"expanded"},{"name":"Navegadores compatibles","content":"Firefox, Safari, Opera, Chrome, Edge","_state":"expanded"}],"tags":[],"tags_disable_links":"0","hide_more_platforms":"","video_object":"","demo_hide_cta":"0","demo_hide_cloud_options":"0","pricing_title":"","pricing":[{"pricing_icon":"platform","pricing_title":" Elfsight Apps","pricing_title_caption":"Soluci\u00f3n multiplataforma - valido para cualquier p\u00e1gina web","pricing_price":"desde $0 por mes","pricing_price_caption":"empezar con un plan gratuito","pricing_benefits":[{"text":"Sitios web ilimitados"},{"text":"Atenci\u00f3n al cliente gratuita y r\u00e1pida"},{"text":"Servicio de instalaci\u00f3n gratuito"},{"text":"Totalmente personalizable"}],"pricing_button_text":"Agregar al sitio web","pricing_button_url":"#demo","_state":"expanded"}],"related_apps_title":"","related_apps_hidden":"1","author":"","image":[],"title":"","job":"","social_networks":[]},"_links":{"self":[{"href":"https:\/\/elfsight.com\/es\/wp-json\/wp\/v2\/pages\/4062","targetHints":{"allow":["GET"]}}],"collection":[{"href":"https:\/\/elfsight.com\/es\/wp-json\/wp\/v2\/pages"}],"about":[{"href":"https:\/\/elfsight.com\/es\/wp-json\/wp\/v2\/types\/page"}],"author":[{"embeddable":true,"href":"https:\/\/elfsight.com\/es\/wp-json\/wp\/v2\/users\/18"}],"replies":[{"embeddable":true,"href":"https:\/\/elfsight.com\/es\/wp-json\/wp\/v2\/comments?post=4062"}],"version-history":[{"count":3,"href":"https:\/\/elfsight.com\/es\/wp-json\/wp\/v2\/pages\/4062\/revisions"}],"predecessor-version":[{"id":18078,"href":"https:\/\/elfsight.com\/es\/wp-json\/wp\/v2\/pages\/4062\/revisions\/18078"}],"up":[{"embeddable":true,"href":"https:\/\/elfsight.com\/es\/wp-json\/wp\/v2\/pages\/1979"}],"wp:attachment":[{"href":"https:\/\/elfsight.com\/es\/wp-json\/wp\/v2\/media?parent=4062"}],"curies":[{"name":"wp","href":"https:\/\/api.w.org\/{rel}","templated":true}]}}