{"id":4059,"date":"2022-02-11T11:50:50","date_gmt":"2022-02-11T11:50:50","guid":{"rendered":"https:\/\/elfsight.com\/es\/?page_id=4059"},"modified":"2025-02-06T15:18:35","modified_gmt":"2025-02-06T15:18:35","slug":"html","status":"publish","type":"page","link":"https:\/\/elfsight.com\/es\/slider-widget\/html\/","title":{"rendered":"Slider &#8211; HTML"},"content":{"rendered":"<div class=\"application-platform-content-item-description application-platform-content-item\" id=\"description\" data-nav-section=\"description\"><h2>Descripci\u00f3n<\/h2> <p>Elfsight Photo &amp; Image Slider es una herramienta sencilla que te ayuda a captar la atenci\u00f3n de los usuarios mostrando diversas fotos, videos o las mejores ofertas en tu sitio web. Si\u00e9ntete libre de usar la cantidad de diapositivas que necesites para mostrar tus productos y destacar las ofertas m\u00e1s atractivas. A\u00f1ade efectos especiales y ajusta las dimensiones de la imagen \/ video seg\u00fan sea necesario. Con nuestra herramienta podr\u00e1s crear un deslizador espectacular que captar\u00e1 la atenci\u00f3n de los visitantes y evitar\u00e1 que dejen tu p\u00e1gina web demasiado pronto.<\/p><p><b>\u00a1Haz que tus ofertas se vean intrigantes y alcanza tus objetivos comerciales con la ayuda del widget de Contacto!<\/b><\/p><p><b>Mejor interacci\u00f3n con los usuarios<\/b><br>Nuestro plugin de Formulario ofrece efectos visuales atractivos que har\u00e1n que tu contenido sea imposible de pasar por alto, motivando a tu audiencia a interactuar con \u00e9l y tomar las acciones deseadas.<\/p><p><b>Mejora la experiencia del usuario<\/b><br>Pon los visuales m\u00e1s atractivos en un solo lugar llamativo para que navegar por tu sitio web sea estable y sencillo, atrayendo as\u00ed a nuevas audiencias.<\/p><p><b>Aumenta el n\u00famero de ventas<\/b><br>Resalta tus proyectos, los mejores trabajos o temas destacados usando un widget de Contacto que dirija a los usuarios directamente a la compra.<\/p><\/div><div class=\"faq\" data-component=\"FAQ\"><div class=\"faq-item\">\r\n\t\t\t\t\t<div class=\"faq-item-question\">\r\n\t\t\t\t\t\t<h3 class=\"faq-item-question-text\">\u00bfC\u00f3mo puedo incrustar un deslizador en un sitio web HTML? <\/h3>\r\n\r\n\t\t\t\t\t\t<div class=\"faq-item-question-icon\"><\/div>\r\n\t\t\t\t\t<\/div>\r\n\r\n\t\t\t\t\t<div class=\"faq-item-answer\">\r\n\t\t\t\t\t\t<div class=\"faq-item-answer-text\"><p>La creaci\u00f3n del widget ocurre dentro del sitio web de Elfsight y no es necesario aprender a programar. Abre nuestra demostraci\u00f3n en vivo para ajustar tu aplicaci\u00f3n personalizada, obtener el c\u00f3digo e insertarlo en tu sitio.<\/p><\/div>\r\n\t\t\t\t\t<\/div>\r\n\t\t\t\t<\/div><div class=\"faq-item\">\r\n\t\t\t\t\t<div class=\"faq-item-question\">\r\n\t\t\t\t\t\t<h3 class=\"faq-item-question-text\">Las mejores formas de usar la integraci\u00f3n del Image Slider<\/h3>\r\n\r\n\t\t\t\t\t\t<div class=\"faq-item-question-icon\"><\/div>\r\n\t\t\t\t\t<\/div>\r\n\r\n\t\t\t\t\t<div class=\"faq-item-answer\">\r\n\t\t\t\t\t\t<div class=\"faq-item-answer-text\"><p>Te ofrecemos una gran cantidad de opciones de ajuste: widgets de largo completo para incrustar en la secci\u00f3n de contenido, plugins flotantes con funci\u00f3n de desplazamiento, miniaturas para el pie de p\u00e1gina, la cabecera y todo tipo de posibilidades verticales para barras laterales y men\u00fas de sitios web.<\/p><\/div>\r\n\t\t\t\t\t<\/div>\r\n\t\t\t\t<\/div><div class=\"faq-item\">\r\n\t\t\t\t\t<div class=\"faq-item-question\">\r\n\t\t\t\t\t\t<h3 class=\"faq-item-question-text\">\u00bfPuedo crear una Galer\u00eda de Im\u00e1genes o un Slider de Videos con la ayuda de tu editor? <\/h3>\r\n\r\n\t\t\t\t\t\t<div class=\"faq-item-question-icon\"><\/div>\r\n\t\t\t\t\t<\/div>\r\n\r\n\t\t\t\t\t<div class=\"faq-item-answer\">\r\n\t\t\t\t\t\t<div class=\"faq-item-answer-text\"><p>Puedes crear cualquier variaci\u00f3n del widget. Hay una gran cantidad de dise\u00f1os disponibles en el editor, y todos ellos pueden ser f\u00e1cilmente personalizados seg\u00fan lo que necesites.<\/p><\/div>\r\n\t\t\t\t\t<\/div>\r\n\t\t\t\t<\/div><\/div><div class=\"application-platform-content-item-features application-platform-content-item\" id=\"features\" data-nav-section=\"features\"><h2>Caracter\u00edsticas<\/h2><p>Aqu\u00ed tienes una lista de todas las funciones del producto. Puedes configurarlas directamente en el editor y te ayudar\u00e1n a crear el c\u00f3digo HTML del slider de im\u00e1genes especialmente para tu caso.<\/p><ul><li>Utiliza botones CTA para guiar a los usuarios hacia tu objetivo.<\/li><li>Cambia la duraci\u00f3n del cambio de diapositiva.<\/li><li>Elige entre una gran cantidad de caracter\u00edsticas.<\/li><li>Coloca tu texto en cualquier parte de la p\u00e1gina con la ayuda de la posici\u00f3n avanzada.<\/li><li>Ajusta 5 opciones de contenido.<\/li><\/ul><p><a href=\"#demo\">Puedes probar todas las caracter\u00edsticas del widget directamente en la demostraci\u00f3n<\/a><\/p><\/div><div class=\"application-platform-content-item-installation application-platform-content-item\" id=\"installation\" data-nav-section=\"installation\"><h2>\u00bfC\u00f3mo agregar el c\u00f3digo del Image Slider en un sitio HTML?<\/h2><div class=\"video-container\"><iframe width=\"720\" height=\"405\" src=\"https:\/\/www.youtube.com\/embed\/HIjeifiAkLE\" frameborder=\"0\" allowfullscreen=\"\"><\/iframe><\/div><p>Para activar el producto, sigue las instrucciones a continuaci\u00f3n.<\/p><ol><li><b>Crea tu propio Photo Slider<\/b><br>Usando nuestro editor gratuito, configura un widget con el dise\u00f1o y las funciones preferidas.<\/li><li><b>Obt\u00e9n el c\u00f3digo individual para incrustar el widget<\/b><br>Despu\u00e9s de crear tu widget, obtendr\u00e1s el c\u00f3digo de instalaci\u00f3n desde la ventana emergente en Elfsight Apps. Copia este c\u00f3digo para usarlo m\u00e1s adelante.<\/li> <li><b>Muestra el widget en tu sitio HTML<\/b><br>Elige el \u00e1rea donde deseas colocar el Photo Slider y pega el c\u00f3digo copiado all\u00ed. Guarda los cambios.<\/li> <li><b>\u00a1Listo!<\/b><br>Visita la p\u00e1gina web para ver tu widget.<\/li> <\/ol><p>Puedes contactar con el soporte de Elfsight en caso de necesitar ayuda o tener preguntas. Estaremos encantados de asistirte con cualquier consulta.<\/p><\/div>","protected":false},"excerpt":{"rendered":"","protected":false},"author":18,"featured_media":0,"parent":1653,"menu_order":0,"comment_status":"closed","ping_status":"closed","template":"templates\/template-application-platform.php","meta":{"publish_to_discourse":"","publish_post_category":"","wpdc_auto_publish_overridden":"","wpdc_topic_tags":"","wpdc_pin_topic":"","wpdc_pin_until":"","discourse_post_id":"","discourse_permalink":"","wpdc_publishing_response":"","wpdc_publishing_error":"","footnotes":""},"class_list":["post-4059","page","type-page","status-publish","hentry"],"yoast_head":"<!-- This site is optimized with the Yoast SEO plugin v25.3.1 - https:\/\/yoast.com\/wordpress\/plugins\/seo\/ -->\n<title>Slider - Empotrar widget de Deslizador al HTML<\/title>\n<meta name=\"description\" content=\"A\u00f1ade un widget responsivo de Slider en su p\u00e1gina web de HTML. Use la demo de Elfsight intuitiva y construe su widget \u00fanico.\" \/>\n<meta name=\"robots\" content=\"index, follow, max-snippet:-1, max-image-preview:large, max-video-preview:-1\" \/>\n<link rel=\"canonical\" href=\"https:\/\/elfsight.com\/es\/slider-widget\/html\/\" \/>\n<meta property=\"og:locale\" content=\"es_ES\" \/>\n<meta property=\"og:type\" content=\"article\" \/>\n<meta property=\"og:title\" content=\"Slider - Empotrar widget de Deslizador al HTML\" \/>\n<meta property=\"og:description\" content=\"A\u00f1ade un widget responsivo de Slider en su p\u00e1gina web de HTML. Use la demo de Elfsight intuitiva y construe su widget \u00fanico.\" \/>\n<meta property=\"og:url\" content=\"https:\/\/elfsight.com\/es\/slider-widget\/html\/\" \/>\n<meta property=\"og:site_name\" content=\"Elfsight ES\" \/>\n<meta property=\"article:modified_time\" content=\"2025-02-06T15:18:35+00:00\" \/>\n<meta name=\"twitter:card\" content=\"summary_large_image\" \/>\n<meta name=\"twitter:label1\" content=\"Tiempo de lectura\" \/>\n\t<meta name=\"twitter:data1\" content=\"1 minuto\" \/>\n<!-- \/ Yoast SEO plugin. -->","yoast_head_json":{"title":"Slider - Empotrar widget de Deslizador al HTML","description":"A\u00f1ade un widget responsivo de Slider en su p\u00e1gina web de HTML. Use la demo de Elfsight intuitiva y construe su widget \u00fanico.","robots":{"index":"index","follow":"follow","max-snippet":"max-snippet:-1","max-image-preview":"max-image-preview:large","max-video-preview":"max-video-preview:-1"},"canonical":"https:\/\/elfsight.com\/es\/slider-widget\/html\/","og_locale":"es_ES","og_type":"article","og_title":"Slider - Empotrar widget de Deslizador al HTML","og_description":"A\u00f1ade un widget responsivo de Slider en su p\u00e1gina web de HTML. Use la demo de Elfsight intuitiva y construe su widget \u00fanico.","og_url":"https:\/\/elfsight.com\/es\/slider-widget\/html\/","og_site_name":"Elfsight ES","article_modified_time":"2025-02-06T15:18:35+00:00","twitter_card":"summary_large_image","twitter_misc":{"Tiempo de lectura":"1 minuto"},"schema":{"@context":"https:\/\/schema.org","@graph":[{"@type":"WebPage","@id":"https:\/\/elfsight.com\/es\/slider-widget\/html\/","url":"https:\/\/elfsight.com\/es\/slider-widget\/html\/","name":"Slider - Empotrar widget de Deslizador al HTML","isPartOf":{"@id":"https:\/\/elfsight.com\/es\/#website"},"datePublished":"2022-02-11T11:50:50+00:00","dateModified":"2025-02-06T15:18:35+00:00","description":"A\u00f1ade un widget responsivo de Slider en su p\u00e1gina web de HTML. Use la demo de Elfsight intuitiva y construe su widget \u00fanico.","breadcrumb":{"@id":"https:\/\/elfsight.com\/es\/slider-widget\/html\/#breadcrumb"},"inLanguage":"es","potentialAction":[{"@type":"ReadAction","target":["https:\/\/elfsight.com\/es\/slider-widget\/html\/"]}]},{"@type":"BreadcrumbList","@id":"https:\/\/elfsight.com\/es\/slider-widget\/html\/#breadcrumb","itemListElement":[{"@type":"ListItem","position":1,"name":"Home","item":"https:\/\/elfsight.com\/es\/"},{"@type":"ListItem","position":2,"name":"Slider","item":"https:\/\/elfsight.com\/es\/slider-widget\/"},{"@type":"ListItem","position":3,"name":"Slider &#8211; HTML"}]},{"@type":"WebSite","@id":"https:\/\/elfsight.com\/es\/#website","url":"https:\/\/elfsight.com\/es\/","name":"Elfsight ES","description":"Just another Elfsight Sites site","potentialAction":[{"@type":"SearchAction","target":{"@type":"EntryPoint","urlTemplate":"https:\/\/elfsight.com\/es\/?s={search_term_string}"},"query-input":{"@type":"PropertyValueSpecification","valueRequired":true,"valueName":"search_term_string"}}],"inLanguage":"es"}]}},"meta_box":{"industry":"","seo_heading":"","heading":"","description":"","cta_heading":"","cta_description":"","application":"1652","h1":"widget de control deslizante para HTML","h1_caption":"Muestra sus tremendas imagen y v\u00eddeos en su sitio web","application_category":[],"applications_title":"","applications_request_title":"","applications_request_button_text":"","hero_text":"","hero_video":"","hero_video_schema_markup":"","selling_points_title":"","selling_points_caption":"","selling_points":[],"selling_points_cta_text":"","features_title":"","features":"","ed_cta_examples_text":"","ed_cta_examples_hidden":"","ed_cta_demo_text":"","ed_cta_demo_hidden":"","why_caption":"","why_editor_title":"","why_editor_text":"","why_team_title":"","why_team_text":"","why_service_title":"","why_service_text":"","template_catalog_visible":"","template_catalog_title":"","template_catalog_text":"","template_catalog_categories_visible":"","demo_title":"Crea tu widget deslizante","demo_caption":"\u00a1Configura tu Slider y agr\u00e9galo a tu sitio web HTML gratis!","default_faq_hidden":"","app_template_category":[],"platform":"70","template_public_id":"","codecanyon_url":"","codecanyon_item_id":"","codecanyon_price":"","pricing_caption":"","pricing_elfsight_apps_hide_column":"","pricing_elfsight_apps_url":"","pricing_codecanyon_price_caption":"","integration_category":[],"integration_request_title":"","integration_request_cta":"","integration_platform":"","integrations":[],"platform_category":[],"video_schema_markup":"","price":"desde $0 por mes","trial":"","benefits":[{"text":"Instalaci\u00f3n gratuita"},{"text":"Soporte Premium"},{"text":"14 d\u00edas garant\u00eda de reembolso"},{"text":"Actualizaciones regulares"}],"button_url":"#demo","button_target_blank":"0","button_nofollow":"0","attributes":[{"name":"Responsivo","content":"Si","_state":"expanded"},{"name":"Navegadores compatibles","content":"Firefox, Safari, Opera, Chrome, Edge","_state":"expanded"}],"tags":[],"tags_disable_links":"0","hide_more_platforms":"","video_object":"","demo_hide_cta":"0","demo_hide_cloud_options":"0","pricing_title":"","pricing":[{"pricing_icon":"platform","pricing_title":" Elfsight Apps","pricing_title_caption":"Soluci\u00f3n multiplataforma - valido para cualquier p\u00e1gina web","pricing_price":"desde $0 por mes","pricing_price_caption":"empezar con un plan gratuito","pricing_benefits":[{"text":"Sitios web ilimitados"},{"text":"Atenci\u00f3n al cliente gratuita y r\u00e1pida"},{"text":"Servicio de instalaci\u00f3n gratuito"},{"text":"Totalmente personalizable"}],"pricing_button_text":"Agregar al sitio web","pricing_button_url":"#demo","_state":"expanded"}],"related_apps_title":"","related_apps_hidden":"1","author":"","image":[],"title":"","job":"","social_networks":[]},"_links":{"self":[{"href":"https:\/\/elfsight.com\/es\/wp-json\/wp\/v2\/pages\/4059","targetHints":{"allow":["GET"]}}],"collection":[{"href":"https:\/\/elfsight.com\/es\/wp-json\/wp\/v2\/pages"}],"about":[{"href":"https:\/\/elfsight.com\/es\/wp-json\/wp\/v2\/types\/page"}],"author":[{"embeddable":true,"href":"https:\/\/elfsight.com\/es\/wp-json\/wp\/v2\/users\/18"}],"replies":[{"embeddable":true,"href":"https:\/\/elfsight.com\/es\/wp-json\/wp\/v2\/comments?post=4059"}],"version-history":[{"count":3,"href":"https:\/\/elfsight.com\/es\/wp-json\/wp\/v2\/pages\/4059\/revisions"}],"predecessor-version":[{"id":18077,"href":"https:\/\/elfsight.com\/es\/wp-json\/wp\/v2\/pages\/4059\/revisions\/18077"}],"up":[{"embeddable":true,"href":"https:\/\/elfsight.com\/es\/wp-json\/wp\/v2\/pages\/1653"}],"wp:attachment":[{"href":"https:\/\/elfsight.com\/es\/wp-json\/wp\/v2\/media?parent=4059"}],"curies":[{"name":"wp","href":"https:\/\/api.w.org\/{rel}","templated":true}]}}