{"id":4053,"date":"2022-02-11T11:52:44","date_gmt":"2022-02-11T11:52:44","guid":{"rendered":"https:\/\/elfsight.com\/es\/?page_id=4053"},"modified":"2025-02-06T15:18:27","modified_gmt":"2025-02-06T15:18:27","slug":"google-sites","status":"publish","type":"page","link":"https:\/\/elfsight.com\/es\/slider-widget\/google-sites\/","title":{"rendered":"Slider &#8211; Google Sites"},"content":{"rendered":"<div class=\"application-platform-content-item-description application-platform-content-item\" id=\"description\" data-nav-section=\"description\"> <h2>Incorporar Slider en Google Sites con el widget de Elfsight<\/h2> <p>Elfsight Slider es una herramienta sencilla que te permite captar la atenci\u00f3n de los usuarios mostrando m\u00faltiples im\u00e1genes, videos o las mejores ofertas en tu sitio web. Usa cualquier cantidad de diapositivas que necesites para mostrar tus productos y marcar ofertas especiales. A\u00f1ade efectos visuales y ajusta el tama\u00f1o de las im\u00e1genes\/videos como lo necesites. Con la ayuda de nuestra herramienta podr\u00e1s crear un slider atractivo que llamar\u00e1 la atenci\u00f3n de los usuarios y evitar\u00e1 que abandonen tu p\u00e1gina demasiado r\u00e1pido.<\/p> <p><b>\u00a1Comienza a usar Image Slider para enfrentar los desaf\u00edos de tu negocio!<\/b><\/p> <\/div> <div class=\"application-platform-content-item-features application-platform-content-item\" id=\"features\" data-nav-section=\"features\"> <h2>Vea la lista de las mejores caracter\u00edsticas: <\/h2> <ul><li>Agregar im\u00e1genes \/ videos por URL o subir directamente desde tu dispositivo<\/li><li>Botones de llamada a la acci\u00f3n<\/li><li>Insignias con m\u00faltiples opciones de dise\u00f1o (relleno \/ contorno, tama\u00f1o de elemento escalable) <\/li><li>Transiciones autom\u00e1ticas de diapositivas<\/li><li>Navegaci\u00f3n por deslizamiento<\/li><\/ul><p><a href=\"#demo\">Explora todas las funciones de personalizaci\u00f3n en la demostraci\u00f3n completamente funcional<\/a><\/p> <\/div> <div class=\"application-platform-content-item-installation application-platform-content-item\" id=\"installation\" data-nav-section=\"installation\"> <h2>\u00bfC\u00f3mo a\u00f1adir el Slider a mi p\u00e1gina de Google Sites? <\/h2> <p>Simplemente sigue las instrucciones a continuaci\u00f3n para empezar a trabajar con el complemento. <\/p> <ol><li><b>Lanza nuestro editor gratuito y comienza a dise\u00f1ar tu complemento personalizado. <\/b><br> Especifica la forma y los aspectos del complemento y aplica las modificaciones. <\/li>  <li><b>Copiar tu c\u00f3digo personal que se muestra en el formulario especial de Elfsight Apps. <\/b><br> Cuando termines la personalizaci\u00f3n de tu herramienta, copia el c\u00f3digo personal que aparece en el cuadro y gu\u00e1rdalo para usarlo m\u00e1s tarde. <\/li>  <li><b>Iniciar la utilizaci\u00f3n del widget en el sitio de la plataforma. <\/b><br> Implementa el c\u00f3digo que guardaste anteriormente en la p\u00e1gina de inicio y aplica las mejoras. <\/li>  <li><b>\u00a1Listo! La inserci\u00f3n est\u00e1 completamente realizada. <\/b><br> Ve a tu p\u00e1gina web para ver c\u00f3mo funciona el complemento. <\/li><\/ol> <div class=\"tip-yellow tip\"><b>Debido a las peculiaridades del funcionamiento de Google Sites, el widget puede verse diferente al de la demostraci\u00f3n en l\u00ednea. Nos disculpamos por cualquier inconveniente causado.<\/b><\/div><p>En caso de tener preguntas o encontrar dificultades, no dudes en contactar con nuestro personal de soporte. Nuestros especialistas estar\u00e1n encantados de ayudarte con cualquier problema que puedas tener con el complemento. <\/p> <div class=\"faq\" data-component=\"FAQ\"><div class=\"faq-item\">\r\n\t\t\t\t\t<div class=\"faq-item-question\">\r\n\t\t\t\t\t\t<h3 class=\"faq-item-question-text\">\u00bfDe qu\u00e9 manera puedo agregar el Slider a mi Google Sites sin habilidades de codificaci\u00f3n?<\/h3>\r\n\r\n\t\t\t\t\t\t<div class=\"faq-item-question-icon\"><\/div>\r\n\t\t\t\t\t<\/div>\r\n\r\n\t\t\t\t\t<div class=\"faq-item-answer\">\r\n\t\t\t\t\t\t<div class=\"faq-item-answer-text\"> <p>Elfsight presenta una soluci\u00f3n en la nube que permite a las personas crear un widget Slider por s\u00ed mismos, sigue los sencillos pasos: Trabaja directamente en la Demo en l\u00ednea para crear un plugin Slider que te gustar\u00eda incluir en tu sitio de Google Sites. Elige una de nuestras plantillas predise\u00f1adas y ajusta la configuraci\u00f3n del Slider, actualiza tu contenido, transforma el dise\u00f1o y la paleta de colores sin necesidad de codificar. Haz clic para guardar la configuraci\u00f3n que realizaste en el Slider y obt\u00e9n el c\u00f3digo del widget para incrustarlo, que se puede agregar f\u00e1cilmente en cualquier p\u00e1gina de Google Sites de forma gratuita. Con el sencillo Editor, cualquier usuario web puede crear un widget Slider en l\u00ednea e incluirlo f\u00e1cilmente en la p\u00e1gina de inicio de Google Sites. No es necesario obtener una suscripci\u00f3n de pago ni ingresar los datos de tu tarjeta para acceder al Editor de Elfsight. Si tienes alg\u00fan problema en cualquier paso, no dudes en contactar con nuestro soporte t\u00e9cnico.<\/p> <\/div>\r\n\t\t\t\t\t<\/div>\r\n\t\t\t\t<\/div> <\/div><\/div>","protected":false},"excerpt":{"rendered":"","protected":false},"author":18,"featured_media":0,"parent":1653,"menu_order":0,"comment_status":"closed","ping_status":"closed","template":"templates\/template-application-platform.php","meta":{"publish_to_discourse":"","publish_post_category":"","wpdc_auto_publish_overridden":"","wpdc_topic_tags":"","wpdc_pin_topic":"","wpdc_pin_until":"","discourse_post_id":"","discourse_permalink":"","wpdc_publishing_response":"","wpdc_publishing_error":"","footnotes":""},"class_list":["post-4053","page","type-page","status-publish","hentry"],"yoast_head":"<!-- This site is optimized with the Yoast SEO plugin v25.3.1 - https:\/\/yoast.com\/wordpress\/plugins\/seo\/ -->\n<title>Slider - Incorporar plugin de Deslizador al Google Sites<\/title>\n<meta name=\"description\" content=\"A\u00f1ade un widget hermoso de Slider en su sitio web de Google Sites. Lance la demo de Elfsight intuitiva y construe su plugin \u00fanico.\" \/>\n<meta name=\"robots\" content=\"index, follow, max-snippet:-1, max-image-preview:large, max-video-preview:-1\" \/>\n<link rel=\"canonical\" href=\"https:\/\/elfsight.com\/es\/slider-widget\/google-sites\/\" \/>\n<meta property=\"og:locale\" content=\"es_ES\" \/>\n<meta property=\"og:type\" content=\"article\" \/>\n<meta property=\"og:title\" content=\"Slider - Incorporar plugin de Deslizador al Google Sites\" \/>\n<meta property=\"og:description\" content=\"A\u00f1ade un widget hermoso de Slider en su sitio web de Google Sites. Lance la demo de Elfsight intuitiva y construe su plugin \u00fanico.\" \/>\n<meta property=\"og:url\" content=\"https:\/\/elfsight.com\/es\/slider-widget\/google-sites\/\" \/>\n<meta property=\"og:site_name\" content=\"Elfsight ES\" \/>\n<meta property=\"article:modified_time\" content=\"2025-02-06T15:18:27+00:00\" \/>\n<meta name=\"twitter:card\" content=\"summary_large_image\" \/>\n<meta name=\"twitter:label1\" content=\"Tiempo de lectura\" \/>\n\t<meta name=\"twitter:data1\" content=\"1 minuto\" \/>\n<!-- \/ Yoast SEO plugin. -->","yoast_head_json":{"title":"Slider - Incorporar plugin de Deslizador al Google Sites","description":"A\u00f1ade un widget hermoso de Slider en su sitio web de Google Sites. Lance la demo de Elfsight intuitiva y construe su plugin \u00fanico.","robots":{"index":"index","follow":"follow","max-snippet":"max-snippet:-1","max-image-preview":"max-image-preview:large","max-video-preview":"max-video-preview:-1"},"canonical":"https:\/\/elfsight.com\/es\/slider-widget\/google-sites\/","og_locale":"es_ES","og_type":"article","og_title":"Slider - Incorporar plugin de Deslizador al Google Sites","og_description":"A\u00f1ade un widget hermoso de Slider en su sitio web de Google Sites. Lance la demo de Elfsight intuitiva y construe su plugin \u00fanico.","og_url":"https:\/\/elfsight.com\/es\/slider-widget\/google-sites\/","og_site_name":"Elfsight ES","article_modified_time":"2025-02-06T15:18:27+00:00","twitter_card":"summary_large_image","twitter_misc":{"Tiempo de lectura":"1 minuto"},"schema":{"@context":"https:\/\/schema.org","@graph":[{"@type":"WebPage","@id":"https:\/\/elfsight.com\/es\/slider-widget\/google-sites\/","url":"https:\/\/elfsight.com\/es\/slider-widget\/google-sites\/","name":"Slider - Incorporar plugin de Deslizador al Google Sites","isPartOf":{"@id":"https:\/\/elfsight.com\/es\/#website"},"datePublished":"2022-02-11T11:52:44+00:00","dateModified":"2025-02-06T15:18:27+00:00","description":"A\u00f1ade un widget hermoso de Slider en su sitio web de Google Sites. Lance la demo de Elfsight intuitiva y construe su plugin \u00fanico.","breadcrumb":{"@id":"https:\/\/elfsight.com\/es\/slider-widget\/google-sites\/#breadcrumb"},"inLanguage":"es","potentialAction":[{"@type":"ReadAction","target":["https:\/\/elfsight.com\/es\/slider-widget\/google-sites\/"]}]},{"@type":"BreadcrumbList","@id":"https:\/\/elfsight.com\/es\/slider-widget\/google-sites\/#breadcrumb","itemListElement":[{"@type":"ListItem","position":1,"name":"Home","item":"https:\/\/elfsight.com\/es\/"},{"@type":"ListItem","position":2,"name":"Slider","item":"https:\/\/elfsight.com\/es\/slider-widget\/"},{"@type":"ListItem","position":3,"name":"Slider &#8211; Google Sites"}]},{"@type":"WebSite","@id":"https:\/\/elfsight.com\/es\/#website","url":"https:\/\/elfsight.com\/es\/","name":"Elfsight ES","description":"Just another Elfsight Sites site","potentialAction":[{"@type":"SearchAction","target":{"@type":"EntryPoint","urlTemplate":"https:\/\/elfsight.com\/es\/?s={search_term_string}"},"query-input":{"@type":"PropertyValueSpecification","valueRequired":true,"valueName":"search_term_string"}}],"inLanguage":"es"}]}},"meta_box":{"industry":"","seo_heading":"","heading":"","description":"","cta_heading":"","cta_description":"","application":"1652","h1":"complemento de control deslizante para Google Sites","h1_caption":"Muestra sus tremendas fotos y v\u00eddeos en su p\u00e1gina","application_category":[],"applications_title":"","applications_request_title":"","applications_request_button_text":"","hero_text":"","hero_video":"","hero_video_schema_markup":"","selling_points_title":"","selling_points_caption":"","selling_points":[],"selling_points_cta_text":"","features_title":"","features":"","ed_cta_examples_text":"","ed_cta_examples_hidden":"","ed_cta_demo_text":"","ed_cta_demo_hidden":"","why_caption":"","why_editor_title":"","why_editor_text":"","why_team_title":"","why_team_text":"","why_service_title":"","why_service_text":"","template_catalog_visible":"","template_catalog_title":"","template_catalog_text":"","template_catalog_categories_visible":"","demo_title":"Crea tu widget deslizante","demo_caption":"\u00a1Configura tu Slider y agr\u00e9galo a tu sitio web de Google Sites gratis!","default_faq_hidden":"","app_template_category":[],"platform":"67","template_public_id":"","codecanyon_url":"","codecanyon_item_id":"","codecanyon_price":"","pricing_caption":"","pricing_elfsight_apps_hide_column":"","pricing_elfsight_apps_url":"","pricing_codecanyon_price_caption":"","integration_category":[],"integration_request_title":"","integration_request_cta":"","integration_platform":"","integrations":[],"platform_category":[],"video_schema_markup":"","price":"desde $0 por mes","trial":"","benefits":[{"text":"Instalaci\u00f3n gratuita"},{"text":"Soporte Premium"},{"text":"14 d\u00edas garant\u00eda de reembolso"},{"text":"Actualizaciones regulares"}],"button_url":"#demo","button_target_blank":"0","button_nofollow":"0","attributes":[{"name":"Responsivo","content":"Si","_state":"expanded"},{"name":"Navegadores compatibles","content":"Firefox, Safari, Opera, Chrome, Edge","_state":"expanded"}],"tags":[],"tags_disable_links":"0","hide_more_platforms":"","video_object":"","demo_hide_cta":"0","demo_hide_cloud_options":"0","pricing_title":"","pricing":[{"pricing_icon":"platform","pricing_title":" Elfsight Apps","pricing_title_caption":"Soluci\u00f3n multiplataforma - valido para cualquier p\u00e1gina web","pricing_price":"desde $0 por mes","pricing_price_caption":"empezar con un plan gratuito","pricing_benefits":[{"text":"Sitios web ilimitados"},{"text":"Atenci\u00f3n al cliente gratuita y r\u00e1pida"},{"text":"Servicio de instalaci\u00f3n gratuito"},{"text":"Totalmente personalizable"}],"pricing_button_text":"Agregar al sitio web","pricing_button_url":"#demo","_state":"expanded"}],"related_apps_title":"","related_apps_hidden":"1","author":"","image":[],"title":"","job":"","social_networks":[]},"_links":{"self":[{"href":"https:\/\/elfsight.com\/es\/wp-json\/wp\/v2\/pages\/4053","targetHints":{"allow":["GET"]}}],"collection":[{"href":"https:\/\/elfsight.com\/es\/wp-json\/wp\/v2\/pages"}],"about":[{"href":"https:\/\/elfsight.com\/es\/wp-json\/wp\/v2\/types\/page"}],"author":[{"embeddable":true,"href":"https:\/\/elfsight.com\/es\/wp-json\/wp\/v2\/users\/18"}],"replies":[{"embeddable":true,"href":"https:\/\/elfsight.com\/es\/wp-json\/wp\/v2\/comments?post=4053"}],"version-history":[{"count":3,"href":"https:\/\/elfsight.com\/es\/wp-json\/wp\/v2\/pages\/4053\/revisions"}],"predecessor-version":[{"id":18074,"href":"https:\/\/elfsight.com\/es\/wp-json\/wp\/v2\/pages\/4053\/revisions\/18074"}],"up":[{"embeddable":true,"href":"https:\/\/elfsight.com\/es\/wp-json\/wp\/v2\/pages\/1653"}],"wp:attachment":[{"href":"https:\/\/elfsight.com\/es\/wp-json\/wp\/v2\/media?parent=4053"}],"curies":[{"name":"wp","href":"https:\/\/api.w.org\/{rel}","templated":true}]}}