{"id":4051,"date":"2022-02-11T11:52:49","date_gmt":"2022-02-11T11:52:49","guid":{"rendered":"https:\/\/elfsight.com\/es\/?page_id=4051"},"modified":"2025-12-01T10:24:54","modified_gmt":"2025-12-01T10:24:54","slug":"shopify","status":"publish","type":"page","link":"https:\/\/elfsight.com\/es\/testimonials-slider-widget\/shopify\/","title":{"rendered":"Testimonials Slider &#8211; Shopify"},"content":{"rendered":"<div class=\"application-platform-content-item-description application-platform-content-item\" id=\"description\" data-nav-section=\"description\"><h2>Incrustar el control deslizante de testimonios en Shopify con el widget Elfsight<\/h2><p>El control deslizante de testimonios es una aplicaci\u00f3n sencilla para mostrar los testimonios de tus clientes en tu sitio web. Puedes utilizar todo tipo de prueba social para hacer que los comentarios se vean confiables: el nombre del autor, la foto, el logo de la empresa, e incluso la URL del sitio web.<\/p><p><b>Aumenta la confianza en tu negocio mostrando a los usuarios tus clientes satisfechos.<\/b><\/p><ul><li><b>Haz que tus testimonios se vean realmente confiables<\/b>.<br>Muestra toda la informaci\u00f3n posible sobre el autor de cada rese\u00f1a, como su nombre, empresa y cargo; demuestra a los visitantes que est\u00e1n viendo testimonios de clientes reales.<\/li><li><b>Motiva a los visitantes a actuar<\/b>.<br>Los testimonios reales de clientes que transmiten emociones positivas atraen a los lectores a compartir esta experiencia. Motivando la compra e incrementando tu tasa de conversi\u00f3n.<\/li><li><b>Aumenta la confianza en tu sitio<\/b>.<br>Agrega los comentarios positivos de tus usuarios en el sitio web y muestra ejemplos de una experiencia de cliente fluida para aumentar la confianza en tu empresa.<\/li><\/ul><\/div><div class=\"application-platform-content-item-features application-platform-content-item\" id=\"features\" data-nav-section=\"features\"><h2>Caracter\u00edsticas principales del widget de control deslizante de testimonios<\/h2><p>Aqu\u00ed est\u00e1n las caracter\u00edsticas m\u00e1s importantes que convierten a nuestro control deslizante de testimonios en una aplicaci\u00f3n esencial para cualquier sitio de Shopify.<\/p><ul><li>Dise\u00f1o de ancho completo para darle un aspecto destacado;<\/li><li>A\u00f1adir empresa, cargo y otra informaci\u00f3n en el pie de foto;<\/li><li>A\u00f1adir el logo de la empresa del autor para hacer que la informaci\u00f3n se vea confiable;<\/li><li>Flechas del control deslizante y opciones de paginaci\u00f3n.<\/li><\/ul><p><a href=\"#demo\">Prueba estas caracter\u00edsticas en la demostraci\u00f3n en vivo<\/a><\/p><\/div><div class=\"application-platform-content-item-installation application-platform-content-item\" id=\"installation\" data-nav-section=\"installation\"><\/div><h2>C\u00f3mo agregar testimonios a un sitio web de Shopify<\/h2><div class=\"video-container\">\n<iframe width=\"720\" height=\"405\" src=\"https:\/\/www.youtube.com\/embed\/giKpxBW8Ex0?si=_MQ3W6pi-wzUM7Ul\" frameborder=\"0\" allowfullscreen=\"\"><\/iframe>\n<\/div><p>Nuestra aplicaci\u00f3n cuenta con una instalaci\u00f3n intuitiva y no requiere programaci\u00f3n. El proceso de gu\u00eda te tomar\u00e1 menos de 1 minuto.<\/p><ol><li><b>Realiza nuestra demostraci\u00f3n gratuita y comienza a crear tu aplicaci\u00f3n personalizada.<\/b><br> Elige la disposici\u00f3n seleccionada y las caracter\u00edsticas funcionales de la aplicaci\u00f3n y aplica todas las correcciones.<\/li>  <li><b>Obt\u00e9n el c\u00f3digo individual que aparecer\u00e1 en el formulario especial de Elfsight Apps.<\/b><br> Justo despu\u00e9s de que la personalizaci\u00f3n de tu aplicaci\u00f3n se complete, copia el c\u00f3digo exclusivo del popup y gu\u00e1rdalo para ocasiones futuras.<\/li>  <li><b>Comienza a usar la aplicaci\u00f3n en tu p\u00e1gina de Shopify.<\/b><br> Integra el c\u00f3digo copiado recientemente en tu p\u00e1gina y aplica las correcciones.<\/li>  <li><b>La configuraci\u00f3n se ha completado con \u00e9xito.<\/b><br> Visita tu sitio web para ver el funcionamiento de la aplicaci\u00f3n.<\/li><\/ol><p>\u00bfTuviste problemas al instalar o configurar nuestra aplicaci\u00f3n? Consulta el tutorial detallado sobre <a href=\"https:\/\/elfsight.com\/tutorials\/how-to-add-testimonials-slider-widget-to-shopify\/\" target=\"_blank\" rel=\"noopener noreferrer\">configurar el control deslizante de testimonios en Shopify<\/a> o env\u00eda una consulta a nuestro Centro de Soporte.<\/p><div class=\"faq\" data-component=\"FAQ\"><\/div> <div class=\"faq-item\">\r\n\t\t\t\t\t<div class=\"faq-item-question\">\r\n\t\t\t\t\t\t<h3 class=\"faq-item-question-text\">\u00bfC\u00f3mo agregar un control deslizante de testimonios a mi sitio de Shopify sin habilidades de programaci\u00f3n?<\/h3>\r\n\r\n\t\t\t\t\t\t<div class=\"faq-item-question-icon\"><\/div>\r\n\t\t\t\t\t<\/div>\r\n\r\n\t\t\t\t\t<div class=\"faq-item-answer\">\r\n\t\t\t\t\t\t<div class=\"faq-item-answer-text\"><\/div>\r\n\t\t\t\t\t<\/div>\r\n\t\t\t\t<\/div> <p>Elfsight ofrece una soluci\u00f3n SaaS que permite crear un widget de control deslizante de testimonios por ti mismo, descubre lo f\u00e1cil que es el proceso: trabaja directamente en el Editor en l\u00ednea para crear un widget de control deslizante de testimonios que desees ver en tu sitio Shopify. Elige una de las","protected":false},"excerpt":{"rendered":"C\u00f3mo agregar testimonios a un sitio web de Shopify Nuestra aplicaci\u00f3n cuenta con una instalaci\u00f3n intuitiva y no requiere programaci\u00f3n. El proceso de gu\u00eda te tomar\u00e1 menos de 1 minuto.Realiza nuestra demostraci\u00f3n gratuita y comienza a crear tu aplicaci\u00f3n personalizada. Elige la disposici\u00f3n seleccionada y las caracter\u00edsticas funcionales de la&#8230;","protected":false},"author":18,"featured_media":0,"parent":2041,"menu_order":0,"comment_status":"closed","ping_status":"closed","template":"templates\/template-application-platform.php","meta":{"publish_to_discourse":"","publish_post_category":"","wpdc_auto_publish_overridden":"","wpdc_topic_tags":"","wpdc_pin_topic":"","wpdc_pin_until":"","discourse_post_id":"","discourse_permalink":"","wpdc_publishing_response":"","wpdc_publishing_error":"","footnotes":""},"class_list":["post-4051","page","type-page","status-publish","hentry"],"yoast_head":"<!-- This site is optimized with the Yoast SEO plugin v25.3.1 - https:\/\/yoast.com\/wordpress\/plugins\/seo\/ -->\n<title>Testimonios Slider - A\u00f1adir app de Deslizador de Testimonios al Shopify<\/title>\n<meta name=\"description\" content=\"Instala un widget hermoso de Testimonios Slider en su sitio web de Shopify. Use la demo de Elfsight manejable y cree su app propio.\" \/>\n<meta name=\"robots\" content=\"index, follow, max-snippet:-1, max-image-preview:large, max-video-preview:-1\" \/>\n<link rel=\"canonical\" href=\"https:\/\/elfsight.com\/es\/testimonials-slider-widget\/shopify\/\" \/>\n<meta property=\"og:locale\" content=\"es_ES\" \/>\n<meta property=\"og:type\" content=\"article\" \/>\n<meta property=\"og:title\" content=\"Testimonios Slider - A\u00f1adir app de Deslizador de Testimonios al Shopify\" \/>\n<meta property=\"og:description\" content=\"Instala un widget hermoso de Testimonios Slider en su sitio web de Shopify. Use la demo de Elfsight manejable y cree su app propio.\" \/>\n<meta property=\"og:url\" content=\"https:\/\/elfsight.com\/es\/testimonials-slider-widget\/shopify\/\" \/>\n<meta property=\"og:site_name\" content=\"Elfsight ES\" \/>\n<meta property=\"article:modified_time\" content=\"2025-12-01T10:24:54+00:00\" \/>\n<meta name=\"twitter:card\" content=\"summary_large_image\" \/>\n<meta name=\"twitter:label1\" content=\"Tiempo de lectura\" \/>\n\t<meta name=\"twitter:data1\" content=\"3 minutos\" \/>\n<!-- \/ Yoast SEO plugin. -->","yoast_head_json":{"title":"Testimonios Slider - A\u00f1adir app de Deslizador de Testimonios al Shopify","description":"Instala un widget hermoso de Testimonios Slider en su sitio web de Shopify. Use la demo de Elfsight manejable y cree su app propio.","robots":{"index":"index","follow":"follow","max-snippet":"max-snippet:-1","max-image-preview":"max-image-preview:large","max-video-preview":"max-video-preview:-1"},"canonical":"https:\/\/elfsight.com\/es\/testimonials-slider-widget\/shopify\/","og_locale":"es_ES","og_type":"article","og_title":"Testimonios Slider - A\u00f1adir app de Deslizador de Testimonios al Shopify","og_description":"Instala un widget hermoso de Testimonios Slider en su sitio web de Shopify. Use la demo de Elfsight manejable y cree su app propio.","og_url":"https:\/\/elfsight.com\/es\/testimonials-slider-widget\/shopify\/","og_site_name":"Elfsight ES","article_modified_time":"2025-12-01T10:24:54+00:00","twitter_card":"summary_large_image","twitter_misc":{"Tiempo de lectura":"3 minutos"},"schema":{"@context":"https:\/\/schema.org","@graph":[{"@type":"WebPage","@id":"https:\/\/elfsight.com\/es\/testimonials-slider-widget\/shopify\/","url":"https:\/\/elfsight.com\/es\/testimonials-slider-widget\/shopify\/","name":"Testimonios Slider - A\u00f1adir app de Deslizador de Testimonios al Shopify","isPartOf":{"@id":"https:\/\/elfsight.com\/es\/#website"},"datePublished":"2022-02-11T11:52:49+00:00","dateModified":"2025-12-01T10:24:54+00:00","description":"Instala un widget hermoso de Testimonios Slider en su sitio web de Shopify. Use la demo de Elfsight manejable y cree su app propio.","breadcrumb":{"@id":"https:\/\/elfsight.com\/es\/testimonials-slider-widget\/shopify\/#breadcrumb"},"inLanguage":"es","potentialAction":[{"@type":"ReadAction","target":["https:\/\/elfsight.com\/es\/testimonials-slider-widget\/shopify\/"]}]},{"@type":"BreadcrumbList","@id":"https:\/\/elfsight.com\/es\/testimonials-slider-widget\/shopify\/#breadcrumb","itemListElement":[{"@type":"ListItem","position":1,"name":"Home","item":"https:\/\/elfsight.com\/es\/"},{"@type":"ListItem","position":2,"name":"Testimonials Slider","item":"https:\/\/elfsight.com\/es\/testimonials-slider-widget\/"},{"@type":"ListItem","position":3,"name":"Testimonials Slider &#8211; Shopify"}]},{"@type":"WebSite","@id":"https:\/\/elfsight.com\/es\/#website","url":"https:\/\/elfsight.com\/es\/","name":"Elfsight ES","description":"Just another Elfsight Sites site","potentialAction":[{"@type":"SearchAction","target":{"@type":"EntryPoint","urlTemplate":"https:\/\/elfsight.com\/es\/?s={search_term_string}"},"query-input":{"@type":"PropertyValueSpecification","valueRequired":true,"valueName":"search_term_string"}}],"inLanguage":"es"}]}},"meta_box":{"industry":"","seo_heading":"","heading":"","description":"","cta_heading":"","cta_description":"","application":"2040","h1":"aplicaci\u00f3n de Testimonios Slider para Shopify","h1_caption":"Una widget avanzada para revelar respuestas de sus clientes en su sitio","application_category":[],"applications_title":"","applications_request_title":"","applications_request_button_text":"","hero_text":"","hero_video":"","hero_video_schema_markup":"","selling_points_title":"","selling_points_caption":"","selling_points":[],"selling_points_cta_text":"","features_title":"","features":"","ed_cta_examples_text":"","ed_cta_examples_hidden":"","ed_cta_demo_text":"","ed_cta_demo_hidden":"","why_caption":"","why_editor_title":"","why_editor_text":"","why_team_title":"","why_team_text":"","why_service_title":"","why_service_text":"","template_catalog_visible":"0","template_catalog_title":"","template_catalog_text":"","template_catalog_categories_visible":"","demo_title":"Crea tu aplicaci\u00f3n Control deslizante de testimonios","demo_caption":"\u00a1Configura tu control deslizante de testimonios y agr\u00e9galo a tu sitio web de Shopify gratis!","default_faq_hidden":"","app_template_category":[],"platform":"91","template_public_id":"","codecanyon_url":"","codecanyon_item_id":"","codecanyon_price":"","pricing_caption":"","pricing_elfsight_apps_hide_column":"","pricing_elfsight_apps_url":"","pricing_codecanyon_price_caption":"","integration_category":[],"integration_request_title":"","integration_request_cta":"","integration_platform":"","integrations":[],"platform_category":[],"video_schema_markup":"","price":"desde $0 por mes","trial":"","benefits":[{"text":"Instalaci\u00f3n gratuita"},{"text":"Soporte Premium"},{"text":"14 d\u00edas garant\u00eda de reembolso"},{"text":"Actualizaciones regulares"}],"button_url":"#demo","button_target_blank":"0","button_nofollow":"0","attributes":[{"name":"Responsivo","content":"Si","_state":"expanded"},{"name":"Navegadores compatibles","content":"Firefox, Safari, Opera, Chrome, Edge","_state":"expanded"}],"tags":[],"tags_disable_links":"0","hide_more_platforms":"0","video_object":"","demo_hide_cta":"0","demo_hide_cloud_options":"0","pricing_title":"","pricing":[{"pricing_icon":"platform","pricing_title":" Elfsight Apps","pricing_title_caption":"Soluci\u00f3n multiplataforma - valido para cualquier p\u00e1gina web","pricing_price":"desde $0 por mes","pricing_price_caption":"empezar con un plan gratuito","pricing_benefits":[{"text":"Sitios web ilimitados"},{"text":"Atenci\u00f3n al cliente gratuita y r\u00e1pida"},{"text":"Servicio de instalaci\u00f3n gratuito"},{"text":"Totalmente personalizable"}],"pricing_button_text":"Agregar al sitio web","pricing_button_url":"#demo","_state":"expanded"}],"related_apps_title":"","related_apps_hidden":"1","author":"","image":[],"title":"","job":"","social_networks":[]},"_links":{"self":[{"href":"https:\/\/elfsight.com\/es\/wp-json\/wp\/v2\/pages\/4051","targetHints":{"allow":["GET"]}}],"collection":[{"href":"https:\/\/elfsight.com\/es\/wp-json\/wp\/v2\/pages"}],"about":[{"href":"https:\/\/elfsight.com\/es\/wp-json\/wp\/v2\/types\/page"}],"author":[{"embeddable":true,"href":"https:\/\/elfsight.com\/es\/wp-json\/wp\/v2\/users\/18"}],"replies":[{"embeddable":true,"href":"https:\/\/elfsight.com\/es\/wp-json\/wp\/v2\/comments?post=4051"}],"version-history":[{"count":4,"href":"https:\/\/elfsight.com\/es\/wp-json\/wp\/v2\/pages\/4051\/revisions"}],"predecessor-version":[{"id":20001,"href":"https:\/\/elfsight.com\/es\/wp-json\/wp\/v2\/pages\/4051\/revisions\/20001"}],"up":[{"embeddable":true,"href":"https:\/\/elfsight.com\/es\/wp-json\/wp\/v2\/pages\/2041"}],"wp:attachment":[{"href":"https:\/\/elfsight.com\/es\/wp-json\/wp\/v2\/media?parent=4051"}],"curies":[{"name":"wp","href":"https:\/\/api.w.org\/{rel}","templated":true}]}}