{"id":4043,"date":"2022-02-11T11:53:34","date_gmt":"2022-02-11T11:53:34","guid":{"rendered":"https:\/\/elfsight.com\/es\/?page_id=4043"},"modified":"2025-02-06T15:18:19","modified_gmt":"2025-02-06T15:18:19","slug":"opencart","status":"publish","type":"page","link":"https:\/\/elfsight.com\/es\/testimonials-slider-widget\/opencart\/","title":{"rendered":"Testimonials Slider &#8211; OpenCart"},"content":{"rendered":"<div class=\"application-platform-content-item-description application-platform-content-item\" id=\"description\" data-nav-section=\"description\"><h2>Descripci\u00f3n<\/h2><p>Testimonial Slider es un m\u00f3dulo adaptativo para mostrar los comentarios de tus usuarios en tu sitio web personal. Puedes a\u00f1adir cualquier prueba social para hacer que los comentarios sean confiables: nombre del autor, foto, logo de su empresa e incluso un enlace a su sitio web.<\/p><p><b>\u00a1Aumenta la confianza en tus productos demostrando a los lectores tus compradores satisfechos en persona!<\/b><\/p><ul><li><b>Mejora tus testimonios para que sean completamente confiables<\/b>.<br>A\u00f1ade toda la informaci\u00f3n posible sobre el autor de cada testimonio, incluyendo nombre, empresa y cargo. Muestra a los clientes que est\u00e1n viendo testimonios de clientes realmente existentes.<\/li><li><b>Convince a los usuarios a actuar<\/b>.<br>Agregar testimonios genuinos de usuarios con buenos ejemplos de interacci\u00f3n convence a los lectores a compartir esas impresiones y los motiva a comprar, aumentando tu tasa de conversi\u00f3n.<\/li><li><b>Fuerte prueba social<\/b>.<br>Un enlace desde los testimonios a Facebook, Google o al sitio web del autor es un mensaje s\u00f3lido para los lectores, que duplicar\u00e1 la credibilidad y demostrar\u00e1 que tu negocio es real.<\/li><\/ul><\/div><div class=\"application-platform-content-item-features application-platform-content-item\" id=\"features\" data-nav-section=\"features\"><h2>Caracter\u00edsticas<\/h2><p>Las caracter\u00edsticas clave que convierten al Testimonial Slider de Elfsight en un m\u00f3dulo esencial para cualquier sitio OpenCart.<\/p><ul><li>Usa la URL del perfil de Facebook o Twitter para demostrar que el autor es una persona real;<\/li><li>A\u00f1ade un enlace al perfil de Facebook o Twitter del autor para mayor credibilidad;<\/li><li>Prueba 6 plantillas adaptativas de testimonios y encuentra la que necesitas;<\/li><li>Elige una de las seis plantillas listas para usar.<\/li><\/ul><p><a href=\"#demo\">Prueba estas caracter\u00edsticas en la demostraci\u00f3n en vivo<\/a><\/p><\/div><div class=\"application-platform-content-item-installation application-platform-content-item\" id=\"installation\" data-nav-section=\"installation\"><h2>\u00bfC\u00f3mo agregar la extensi\u00f3n de Testimonios a un sitio OpenCart?<\/h2><p>Sigue las instrucciones a continuaci\u00f3n para incrustar la extensi\u00f3n en OpenCart.<\/p> <ol><li><b>Usa nuestra demo gratuita y comienza a configurar tu herramienta personalizada.<\/b><br>Encuentra la interfaz personalizada y los par\u00e1metros de la herramienta y aplica los cambios.<\/li>  <li><b>Obt\u00e9n el c\u00f3digo individual revelado en el formulario especial de Elfsight Apps.<\/b><br>Una vez que se haya completado la configuraci\u00f3n de tu extensi\u00f3n de Testimonial Slider, copia el c\u00f3digo personal en la ventana emergente y gu\u00e1rdalo para futuras ocasiones.<\/li>  <li><b>Comienza a usar la extensi\u00f3n en tu sitio OpenCart.<\/b><br>Pega el c\u00f3digo copiado previamente en tu p\u00e1gina y guarda los cambios.<\/li>  <li><b>\u00a1La instalaci\u00f3n se ha completado con \u00e9xito!<\/b><br>Visita tu sitio web para ver c\u00f3mo est\u00e1 funcionando la herramienta.<\/li><\/ol> <p>\u00bfTienes dificultades al configurar o ajustar el m\u00f3dulo? Lee el manual completo sobre <a href=\"https:\/\/elfsight.com\/tutorials\/how-to-add-testimonials-slider-widget-to-opencart\/\" target=\"_blank\" rel=\"noopener noreferrer\">c\u00f3mo agregar el Testimonial Slider a OpenCart<\/a> o contacta con nuestro Centro de Soporte.<\/p><div class=\"faq\" data-component=\"FAQ\"> <div class=\"faq-item\">\r\n\t\t\t\t\t<div class=\"faq-item-question\">\r\n\t\t\t\t\t\t<h3 class=\"faq-item-question-text\">\u00bfC\u00f3mo agregar Testimonial Slider a mi sitio OpenCart sin habilidades de programaci\u00f3n?<\/h3>\r\n\r\n\t\t\t\t\t\t<div class=\"faq-item-question-icon\"><\/div>\r\n\t\t\t\t\t<\/div>\r\n\r\n\t\t\t\t\t<div class=\"faq-item-answer\">\r\n\t\t\t\t\t\t<div class=\"faq-item-answer-text\"> <p>Elfsight ofrece una soluci\u00f3n SaaS que te permite crear un widget de Testimonial Slider por ti mismo, descubre lo f\u00e1cil que es el proceso: Trabaja directamente en el Editor en l\u00ednea para crear el widget de Testimonial Slider que deseas ver en tu sitio OpenCart. Elige una de las plantillas predefinidas y ajusta la configuraci\u00f3n del Testimonial Slider, agrega tu contenido, cambia el dise\u00f1o y los colores sin habilidades de programaci\u00f3n. Guarda el Testimonial Slider y copia el c\u00f3digo de instalaci\u00f3n, que puedes incluir f\u00e1cilmente en tu sitio OpenCart sin necesidad de comprar una versi\u00f3n de pago. Con nuestro Editor intuitivo, cualquier usuario de Internet puede crear el widget de Testimonial Slider en l\u00ednea e incrustarlo f\u00e1cilmente en su sitio OpenCart. No es necesario pagar ni ingresar los datos de tu tarjeta para acceder al servicio. Si encuentras alg\u00fan problema en cualquier paso, no dudes en contactar a nuestro equipo de soporte t\u00e9cnico.<\/p> <\/div>\r\n\t\t\t\t\t<\/div>\r\n\t\t\t\t<\/div> <\/div> <\/div>","protected":false},"excerpt":{"rendered":"","protected":false},"author":18,"featured_media":0,"parent":2041,"menu_order":0,"comment_status":"closed","ping_status":"closed","template":"templates\/template-application-platform.php","meta":{"publish_to_discourse":"","publish_post_category":"","wpdc_auto_publish_overridden":"","wpdc_topic_tags":"","wpdc_pin_topic":"","wpdc_pin_until":"","discourse_post_id":"","discourse_permalink":"","wpdc_publishing_response":"","wpdc_publishing_error":"","footnotes":""},"class_list":["post-4043","page","type-page","status-publish","hentry"],"yoast_head":"<!-- This site is optimized with the Yoast SEO plugin v25.3.1 - https:\/\/yoast.com\/wordpress\/plugins\/seo\/ -->\n<title>Testimonios Slider - Integrar plugin de Deslizador de Testimonios al OpenCart<\/title>\n<meta name=\"description\" content=\"A\u00f1ade un module responsivo de Testimonios Slider en su sitio web de OpenCart. Pruebe la demo de Elfsight manejable y genere su plugin propio.\" \/>\n<meta name=\"robots\" content=\"index, follow, max-snippet:-1, max-image-preview:large, max-video-preview:-1\" \/>\n<link rel=\"canonical\" href=\"https:\/\/elfsight.com\/es\/testimonials-slider-widget\/opencart\/\" \/>\n<meta property=\"og:locale\" content=\"es_ES\" \/>\n<meta property=\"og:type\" content=\"article\" \/>\n<meta property=\"og:title\" content=\"Testimonios Slider - Integrar plugin de Deslizador de Testimonios al OpenCart\" \/>\n<meta property=\"og:description\" content=\"A\u00f1ade un module responsivo de Testimonios Slider en su sitio web de OpenCart. Pruebe la demo de Elfsight manejable y genere su plugin propio.\" \/>\n<meta property=\"og:url\" content=\"https:\/\/elfsight.com\/es\/testimonials-slider-widget\/opencart\/\" \/>\n<meta property=\"og:site_name\" content=\"Elfsight ES\" \/>\n<meta property=\"article:modified_time\" content=\"2025-02-06T15:18:19+00:00\" \/>\n<meta name=\"twitter:card\" content=\"summary_large_image\" \/>\n<meta name=\"twitter:label1\" content=\"Tiempo de lectura\" \/>\n\t<meta name=\"twitter:data1\" content=\"1 minuto\" \/>\n<!-- \/ Yoast SEO plugin. -->","yoast_head_json":{"title":"Testimonios Slider - Integrar plugin de Deslizador de Testimonios al OpenCart","description":"A\u00f1ade un module responsivo de Testimonios Slider en su sitio web de OpenCart. Pruebe la demo de Elfsight manejable y genere su plugin propio.","robots":{"index":"index","follow":"follow","max-snippet":"max-snippet:-1","max-image-preview":"max-image-preview:large","max-video-preview":"max-video-preview:-1"},"canonical":"https:\/\/elfsight.com\/es\/testimonials-slider-widget\/opencart\/","og_locale":"es_ES","og_type":"article","og_title":"Testimonios Slider - Integrar plugin de Deslizador de Testimonios al OpenCart","og_description":"A\u00f1ade un module responsivo de Testimonios Slider en su sitio web de OpenCart. Pruebe la demo de Elfsight manejable y genere su plugin propio.","og_url":"https:\/\/elfsight.com\/es\/testimonials-slider-widget\/opencart\/","og_site_name":"Elfsight ES","article_modified_time":"2025-02-06T15:18:19+00:00","twitter_card":"summary_large_image","twitter_misc":{"Tiempo de lectura":"1 minuto"},"schema":{"@context":"https:\/\/schema.org","@graph":[{"@type":"WebPage","@id":"https:\/\/elfsight.com\/es\/testimonials-slider-widget\/opencart\/","url":"https:\/\/elfsight.com\/es\/testimonials-slider-widget\/opencart\/","name":"Testimonios Slider - Integrar plugin de Deslizador de Testimonios al OpenCart","isPartOf":{"@id":"https:\/\/elfsight.com\/es\/#website"},"datePublished":"2022-02-11T11:53:34+00:00","dateModified":"2025-02-06T15:18:19+00:00","description":"A\u00f1ade un module responsivo de Testimonios Slider en su sitio web de OpenCart. Pruebe la demo de Elfsight manejable y genere su plugin propio.","breadcrumb":{"@id":"https:\/\/elfsight.com\/es\/testimonials-slider-widget\/opencart\/#breadcrumb"},"inLanguage":"es","potentialAction":[{"@type":"ReadAction","target":["https:\/\/elfsight.com\/es\/testimonials-slider-widget\/opencart\/"]}]},{"@type":"BreadcrumbList","@id":"https:\/\/elfsight.com\/es\/testimonials-slider-widget\/opencart\/#breadcrumb","itemListElement":[{"@type":"ListItem","position":1,"name":"Home","item":"https:\/\/elfsight.com\/es\/"},{"@type":"ListItem","position":2,"name":"Testimonials Slider","item":"https:\/\/elfsight.com\/es\/testimonials-slider-widget\/"},{"@type":"ListItem","position":3,"name":"Testimonials Slider &#8211; OpenCart"}]},{"@type":"WebSite","@id":"https:\/\/elfsight.com\/es\/#website","url":"https:\/\/elfsight.com\/es\/","name":"Elfsight ES","description":"Just another Elfsight Sites site","potentialAction":[{"@type":"SearchAction","target":{"@type":"EntryPoint","urlTemplate":"https:\/\/elfsight.com\/es\/?s={search_term_string}"},"query-input":{"@type":"PropertyValueSpecification","valueRequired":true,"valueName":"search_term_string"}}],"inLanguage":"es"}]}},"meta_box":{"industry":"","seo_heading":"","heading":"","description":"","cta_heading":"","cta_description":"","application":"2040","h1":"complemento de Testimonios Slider para OpenCart","h1_caption":"Una module personalizada para mostrar comentarios de sus clientes en su sitio web","application_category":[],"applications_title":"","applications_request_title":"","applications_request_button_text":"","hero_text":"","hero_video":"","hero_video_schema_markup":"","selling_points_title":"","selling_points_caption":"","selling_points":[],"selling_points_cta_text":"","features_title":"","features":"","ed_cta_examples_text":"","ed_cta_examples_hidden":"","ed_cta_demo_text":"","ed_cta_demo_hidden":"","why_caption":"","why_editor_title":"","why_editor_text":"","why_team_title":"","why_team_text":"","why_service_title":"","why_service_text":"","template_catalog_visible":"","template_catalog_title":"","template_catalog_text":"","template_catalog_categories_visible":"","demo_title":"Crea tu extensi\u00f3n Control deslizante de testimonios","demo_caption":"\u00a1Configure su control deslizante de testimonios y agr\u00e9guelo a su sitio web OpenCart de forma gratuita!","default_faq_hidden":"","app_template_category":[],"platform":"88","template_public_id":"","codecanyon_url":"","codecanyon_item_id":"","codecanyon_price":"","pricing_caption":"","pricing_elfsight_apps_hide_column":"","pricing_elfsight_apps_url":"","pricing_codecanyon_price_caption":"","integration_category":[],"integration_request_title":"","integration_request_cta":"","integration_platform":"","integrations":[],"platform_category":[],"video_schema_markup":"","price":"desde $0 por mes","trial":"","benefits":[{"text":"Instalaci\u00f3n gratuita"},{"text":"Soporte Premium"},{"text":"14 d\u00edas garant\u00eda de reembolso"},{"text":"Actualizaciones regulares"}],"button_url":"#demo","button_target_blank":"0","button_nofollow":"0","attributes":[{"name":"Responsivo","content":"Si","_state":"expanded"},{"name":"Navegadores compatibles","content":"Firefox, Safari, Opera, Chrome, Edge","_state":"expanded"}],"tags":[],"tags_disable_links":"0","hide_more_platforms":"","video_object":"","demo_hide_cta":"0","demo_hide_cloud_options":"0","pricing_title":"","pricing":[{"pricing_icon":"platform","pricing_title":" Elfsight Apps","pricing_title_caption":"Soluci\u00f3n multiplataforma - valido para cualquier p\u00e1gina web","pricing_price":"desde $0 por mes","pricing_price_caption":"empezar con un plan gratuito","pricing_benefits":[{"text":"Sitios web ilimitados"},{"text":"Atenci\u00f3n al cliente gratuita y r\u00e1pida"},{"text":"Servicio de instalaci\u00f3n gratuito"},{"text":"Totalmente personalizable"}],"pricing_button_text":"Agregar al sitio web","pricing_button_url":"#demo","_state":"expanded"}],"related_apps_title":"","related_apps_hidden":"1","author":"","image":[],"title":"","job":"","social_networks":[]},"_links":{"self":[{"href":"https:\/\/elfsight.com\/es\/wp-json\/wp\/v2\/pages\/4043","targetHints":{"allow":["GET"]}}],"collection":[{"href":"https:\/\/elfsight.com\/es\/wp-json\/wp\/v2\/pages"}],"about":[{"href":"https:\/\/elfsight.com\/es\/wp-json\/wp\/v2\/types\/page"}],"author":[{"embeddable":true,"href":"https:\/\/elfsight.com\/es\/wp-json\/wp\/v2\/users\/18"}],"replies":[{"embeddable":true,"href":"https:\/\/elfsight.com\/es\/wp-json\/wp\/v2\/comments?post=4043"}],"version-history":[{"count":3,"href":"https:\/\/elfsight.com\/es\/wp-json\/wp\/v2\/pages\/4043\/revisions"}],"predecessor-version":[{"id":18069,"href":"https:\/\/elfsight.com\/es\/wp-json\/wp\/v2\/pages\/4043\/revisions\/18069"}],"up":[{"embeddable":true,"href":"https:\/\/elfsight.com\/es\/wp-json\/wp\/v2\/pages\/2041"}],"wp:attachment":[{"href":"https:\/\/elfsight.com\/es\/wp-json\/wp\/v2\/media?parent=4043"}],"curies":[{"name":"wp","href":"https:\/\/api.w.org\/{rel}","templated":true}]}}