{"id":4031,"date":"2022-02-11T11:54:01","date_gmt":"2022-02-11T11:54:01","guid":{"rendered":"https:\/\/elfsight.com\/es\/?page_id=4031"},"modified":"2025-02-06T15:18:11","modified_gmt":"2025-02-06T15:18:11","slug":"elementor","status":"publish","type":"page","link":"https:\/\/elfsight.com\/es\/slider-widget\/elementor\/","title":{"rendered":"Slider &#8211; Elementor"},"content":{"rendered":"<div class=\"application-platform-content-item-description application-platform-content-item\" id=\"description\" data-nav-section=\"description\"><h2>Incrustar el Slider en Elementor con el widget de Elfsight<\/h2> <p>Elfsight Image Slider es una herramienta sencilla y responsive que te permite atraer la atenci\u00f3n de los usuarios mostrando diferentes im\u00e1genes, videos o las mejores ofertas en tu sitio web. Usa la cantidad de diapositivas que sea necesaria para mostrar tu marca y resaltar ofertas especiales. Agrega efectos visuales y ajusta el tama\u00f1o de la imagen\/video como lo necesites. Con nuestra herramienta, podr\u00e1s crear un slider llamativo que atraer\u00e1 la atenci\u00f3n de los visitantes y evitar\u00e1 que dejen tu p\u00e1gina demasiado pronto.<\/p><\/div><div class=\"faq\" data-component=\"FAQ\"><div class=\"faq-item\">\r\n\t\t\t\t\t<div class=\"faq-item-question\">\r\n\t\t\t\t\t\t<h3 class=\"faq-item-question-text\">\u00bfC\u00f3mo puedo incrustar un Slider en mi sitio de Elementor?<\/h3>\r\n\r\n\t\t\t\t\t\t<div class=\"faq-item-question-icon\"><\/div>\r\n\t\t\t\t\t<\/div>\r\n\r\n\t\t\t\t\t<div class=\"faq-item-answer\">\r\n\t\t\t\t\t\t<div class=\"faq-item-answer-text\"><p>La creaci\u00f3n del widget ocurre en las p\u00e1ginas de Elfsight y no necesitas codificar. Usa nuestra demo en vivo para personalizar tu aplicaci\u00f3n, obtener el c\u00f3digo e insertarlo en tu sitio web. <\/p><\/div>\r\n\t\t\t\t\t<\/div>\r\n\t\t\t\t<\/div><div class=\"faq-item\">\r\n\t\t\t\t\t<div class=\"faq-item-question\">\r\n\t\t\t\t\t\t<h3 class=\"faq-item-question-text\">\u00bfCu\u00e1les son las mejores formas de utilizar la integraci\u00f3n de Image Slider?<\/h3>\r\n\r\n\t\t\t\t\t\t<div class=\"faq-item-question-icon\"><\/div>\r\n\t\t\t\t\t<\/div>\r\n\r\n\t\t\t\t\t<div class=\"faq-item-answer\">\r\n\t\t\t\t\t\t<div class=\"faq-item-answer-text\"><p>Te proporcionamos una gran cantidad de opciones de personalizaci\u00f3n: widgets a tama\u00f1o completo para implementar en la secci\u00f3n de contenido, plugins flotantes para oportunidades de desplazamiento, plantillas para el pie de p\u00e1gina, cabecera y diversas posibilidades verticales para barras laterales y men\u00fas. <\/p><\/div>\r\n\t\t\t\t\t<\/div>\r\n\t\t\t\t<\/div><div class=\"faq-item\">\r\n\t\t\t\t\t<div class=\"faq-item-question\">\r\n\t\t\t\t\t\t<h3 class=\"faq-item-question-text\">\u00bfPuedo crear un Slider de ancho completo o un Video Slider mediante el editor?<\/h3>\r\n\r\n\t\t\t\t\t\t<div class=\"faq-item-question-icon\"><\/div>\r\n\t\t\t\t\t<\/div>\r\n\r\n\t\t\t\t\t<div class=\"faq-item-answer\">\r\n\t\t\t\t\t\t<div class=\"faq-item-answer-text\"><p>Puedes crear cualquier modificaci\u00f3n del widget. Hay una amplia gama de plantillas disponibles en el editor, y todas ellas pueden ser f\u00e1cilmente ajustadas seg\u00fan lo que necesites. <\/p><\/div>\r\n\t\t\t\t\t<\/div>\r\n\t\t\t\t<\/div><\/div><div class=\"application-platform-content-item-features application-platform-content-item\" id=\"features\" data-nav-section=\"features\"><h2>Principales caracter\u00edsticas del widget Slider<\/h2><p>Consulta una lista de todas las funciones del producto. Est\u00e1n disponibles directamente en el editor y te ayudar\u00e1n a dar forma al widget para tu caso de uso.<\/p><ul><li>Usa CTA (llamadas a la acci\u00f3n) para guiar a los visitantes del sitio hacia tu objetivo.<\/li><li>Modifica la duraci\u00f3n de la transici\u00f3n de diapositivas.<\/li><li>Elige entre una gran variedad de caracter\u00edsticas.<\/li><li>Coloca el texto donde desees en la p\u00e1gina mediante posici\u00f3n avanzada.<\/li><li>Modifica 5 opciones de contenido.<\/li><\/ul><p>Consulta c\u00f3mo funcionan todas las caracter\u00edsticas en nuestra demo<\/p><\/div><div class=\"application-platform-content-item-installation application-platform-content-item\" id=\"installation\" data-nav-section=\"installation\"><h2>\u00bfC\u00f3mo puedo agregar el Image Slider a mi sitio de Elementor?<\/h2><div class=\"video-container\"><iframe width=\"720\" height=\"405\" src=\"https:\/\/www.youtube.com\/embed\/2y59r5MbcJg\" frameborder=\"0\" allowfullscreen=\"\"><\/iframe><\/div><p>Para integrar el producto, sigue las instrucciones a continuaci\u00f3n.<\/p><ol><li><b>Crea tu propio plugin de Photo Slider<\/b><br> Usando nuestro configurador gratuito, configura un plugin con el dise\u00f1o y las funciones que prefieras. <\/li><li><b>Recibe el c\u00f3digo individual para instalar el plugin<\/b><br> Despu\u00e9s de configurar tu widget, obtendr\u00e1s el c\u00f3digo individual desde la ventana emergente en Elfsight Apps. Copia el c\u00f3digo. <\/li> <li><b>Incrusta el plugin en tu sitio de Elementor<\/b><br> Define el \u00e1rea donde quieres mostrar el plugin y pega el c\u00f3digo copiado all\u00ed. Aplica los cambios. <\/li> <li><b>\u00a1Listo!<\/b><br> Ve a tu p\u00e1gina para ver tu Slider. <\/li> <\/ol><p>Puedes contactar al servicio de soporte de Elfsight si necesitas ayuda o tienes alguna pregunta. Nuestros especialistas estar\u00e1n encantados de ayudarte con cualquier consulta.<\/p><\/div>","protected":false},"excerpt":{"rendered":"","protected":false},"author":18,"featured_media":0,"parent":1653,"menu_order":0,"comment_status":"closed","ping_status":"closed","template":"templates\/template-application-platform.php","meta":{"publish_to_discourse":"","publish_post_category":"","wpdc_auto_publish_overridden":"","wpdc_topic_tags":"","wpdc_pin_topic":"","wpdc_pin_until":"","discourse_post_id":"","discourse_permalink":"","wpdc_publishing_response":"","wpdc_publishing_error":"","footnotes":""},"class_list":["post-4031","page","type-page","status-publish","hentry"],"yoast_head":"<!-- This site is optimized with the Yoast SEO plugin v25.3.1 - https:\/\/yoast.com\/wordpress\/plugins\/seo\/ -->\n<title>Slider - Incluir plugin de Deslizador al Elementor<\/title>\n<meta name=\"description\" content=\"Instala un widget interactivo de Slider en su sitio web de Elementor. Pruebe la demo de Elfsight manejable y cree su plugin \u00fanico.\" \/>\n<meta name=\"robots\" content=\"index, follow, max-snippet:-1, max-image-preview:large, max-video-preview:-1\" \/>\n<link rel=\"canonical\" href=\"https:\/\/elfsight.com\/es\/slider-widget\/elementor\/\" \/>\n<meta property=\"og:locale\" content=\"es_ES\" \/>\n<meta property=\"og:type\" content=\"article\" \/>\n<meta property=\"og:title\" content=\"Slider - Incluir plugin de Deslizador al Elementor\" \/>\n<meta property=\"og:description\" content=\"Instala un widget interactivo de Slider en su sitio web de Elementor. Pruebe la demo de Elfsight manejable y cree su plugin \u00fanico.\" \/>\n<meta property=\"og:url\" content=\"https:\/\/elfsight.com\/es\/slider-widget\/elementor\/\" \/>\n<meta property=\"og:site_name\" content=\"Elfsight ES\" \/>\n<meta property=\"article:modified_time\" content=\"2025-02-06T15:18:11+00:00\" \/>\n<meta name=\"twitter:card\" content=\"summary_large_image\" \/>\n<meta name=\"twitter:label1\" content=\"Tiempo de lectura\" \/>\n\t<meta name=\"twitter:data1\" content=\"1 minuto\" \/>\n<!-- \/ Yoast SEO plugin. -->","yoast_head_json":{"title":"Slider - Incluir plugin de Deslizador al Elementor","description":"Instala un widget interactivo de Slider en su sitio web de Elementor. Pruebe la demo de Elfsight manejable y cree su plugin \u00fanico.","robots":{"index":"index","follow":"follow","max-snippet":"max-snippet:-1","max-image-preview":"max-image-preview:large","max-video-preview":"max-video-preview:-1"},"canonical":"https:\/\/elfsight.com\/es\/slider-widget\/elementor\/","og_locale":"es_ES","og_type":"article","og_title":"Slider - Incluir plugin de Deslizador al Elementor","og_description":"Instala un widget interactivo de Slider en su sitio web de Elementor. Pruebe la demo de Elfsight manejable y cree su plugin \u00fanico.","og_url":"https:\/\/elfsight.com\/es\/slider-widget\/elementor\/","og_site_name":"Elfsight ES","article_modified_time":"2025-02-06T15:18:11+00:00","twitter_card":"summary_large_image","twitter_misc":{"Tiempo de lectura":"1 minuto"},"schema":{"@context":"https:\/\/schema.org","@graph":[{"@type":"WebPage","@id":"https:\/\/elfsight.com\/es\/slider-widget\/elementor\/","url":"https:\/\/elfsight.com\/es\/slider-widget\/elementor\/","name":"Slider - Incluir plugin de Deslizador al Elementor","isPartOf":{"@id":"https:\/\/elfsight.com\/es\/#website"},"datePublished":"2022-02-11T11:54:01+00:00","dateModified":"2025-02-06T15:18:11+00:00","description":"Instala un widget interactivo de Slider en su sitio web de Elementor. Pruebe la demo de Elfsight manejable y cree su plugin \u00fanico.","breadcrumb":{"@id":"https:\/\/elfsight.com\/es\/slider-widget\/elementor\/#breadcrumb"},"inLanguage":"es","potentialAction":[{"@type":"ReadAction","target":["https:\/\/elfsight.com\/es\/slider-widget\/elementor\/"]}]},{"@type":"BreadcrumbList","@id":"https:\/\/elfsight.com\/es\/slider-widget\/elementor\/#breadcrumb","itemListElement":[{"@type":"ListItem","position":1,"name":"Home","item":"https:\/\/elfsight.com\/es\/"},{"@type":"ListItem","position":2,"name":"Slider","item":"https:\/\/elfsight.com\/es\/slider-widget\/"},{"@type":"ListItem","position":3,"name":"Slider &#8211; Elementor"}]},{"@type":"WebSite","@id":"https:\/\/elfsight.com\/es\/#website","url":"https:\/\/elfsight.com\/es\/","name":"Elfsight ES","description":"Just another Elfsight Sites site","potentialAction":[{"@type":"SearchAction","target":{"@type":"EntryPoint","urlTemplate":"https:\/\/elfsight.com\/es\/?s={search_term_string}"},"query-input":{"@type":"PropertyValueSpecification","valueRequired":true,"valueName":"search_term_string"}}],"inLanguage":"es"}]}},"meta_box":{"industry":"","seo_heading":"","heading":"","description":"","cta_heading":"","cta_description":"","application":"1652","h1":"complemento de control deslizante para Elementor","h1_caption":"Muestra sus maravillosas fotos y v\u00eddeos en su p\u00e1gina web","application_category":[],"applications_title":"","applications_request_title":"","applications_request_button_text":"","hero_text":"","hero_video":"","hero_video_schema_markup":"","selling_points_title":"","selling_points_caption":"","selling_points":[],"selling_points_cta_text":"","features_title":"","features":"","ed_cta_examples_text":"","ed_cta_examples_hidden":"","ed_cta_demo_text":"","ed_cta_demo_hidden":"","why_caption":"","why_editor_title":"","why_editor_text":"","why_team_title":"","why_team_text":"","why_service_title":"","why_service_text":"","template_catalog_visible":"","template_catalog_title":"","template_catalog_text":"","template_catalog_categories_visible":"","demo_title":"Crea tu widget deslizante","demo_caption":"\u00a1Configure su control deslizante y agr\u00e9guelo a su sitio web de Elementor gratis!","default_faq_hidden":"","app_template_category":[],"platform":"58","template_public_id":"","codecanyon_url":"","codecanyon_item_id":"","codecanyon_price":"","pricing_caption":"","pricing_elfsight_apps_hide_column":"","pricing_elfsight_apps_url":"","pricing_codecanyon_price_caption":"","integration_category":[],"integration_request_title":"","integration_request_cta":"","integration_platform":"","integrations":[],"platform_category":[],"video_schema_markup":"","price":"desde $0 por mes","trial":"","benefits":[{"text":"Instalaci\u00f3n gratuita"},{"text":"Soporte Premium"},{"text":"14 d\u00edas garant\u00eda de reembolso"},{"text":"Actualizaciones regulares"}],"button_url":"#demo","button_target_blank":"0","button_nofollow":"0","attributes":[{"name":"Responsivo","content":"Si","_state":"expanded"},{"name":"Navegadores compatibles","content":"Firefox, Safari, Opera, Chrome, Edge","_state":"expanded"}],"tags":[],"tags_disable_links":"0","hide_more_platforms":"","video_object":"","demo_hide_cta":"0","demo_hide_cloud_options":"0","pricing_title":"","pricing":[{"pricing_icon":"platform","pricing_title":" Elfsight Apps","pricing_title_caption":"Soluci\u00f3n multiplataforma - valido para cualquier p\u00e1gina web","pricing_price":"desde $0 por mes","pricing_price_caption":"empezar con un plan gratuito","pricing_benefits":[{"text":"Sitios web ilimitados"},{"text":"Atenci\u00f3n al cliente gratuita y r\u00e1pida"},{"text":"Servicio de instalaci\u00f3n gratuito"},{"text":"Totalmente personalizable"}],"pricing_button_text":"Agregar al sitio web","pricing_button_url":"#demo","_state":"expanded"}],"related_apps_title":"","related_apps_hidden":"1","author":"","image":[],"title":"","job":"","social_networks":[]},"_links":{"self":[{"href":"https:\/\/elfsight.com\/es\/wp-json\/wp\/v2\/pages\/4031","targetHints":{"allow":["GET"]}}],"collection":[{"href":"https:\/\/elfsight.com\/es\/wp-json\/wp\/v2\/pages"}],"about":[{"href":"https:\/\/elfsight.com\/es\/wp-json\/wp\/v2\/types\/page"}],"author":[{"embeddable":true,"href":"https:\/\/elfsight.com\/es\/wp-json\/wp\/v2\/users\/18"}],"replies":[{"embeddable":true,"href":"https:\/\/elfsight.com\/es\/wp-json\/wp\/v2\/comments?post=4031"}],"version-history":[{"count":3,"href":"https:\/\/elfsight.com\/es\/wp-json\/wp\/v2\/pages\/4031\/revisions"}],"predecessor-version":[{"id":18065,"href":"https:\/\/elfsight.com\/es\/wp-json\/wp\/v2\/pages\/4031\/revisions\/18065"}],"up":[{"embeddable":true,"href":"https:\/\/elfsight.com\/es\/wp-json\/wp\/v2\/pages\/1653"}],"wp:attachment":[{"href":"https:\/\/elfsight.com\/es\/wp-json\/wp\/v2\/media?parent=4031"}],"curies":[{"name":"wp","href":"https:\/\/api.w.org\/{rel}","templated":true}]}}