{"id":4029,"date":"2022-02-11T11:54:12","date_gmt":"2022-02-11T11:54:12","guid":{"rendered":"https:\/\/elfsight.com\/es\/?page_id=4029"},"modified":"2025-02-06T15:18:11","modified_gmt":"2025-02-06T15:18:11","slug":"magento","status":"publish","type":"page","link":"https:\/\/elfsight.com\/es\/testimonials-slider-widget\/magento\/","title":{"rendered":"Testimonials Slider &#8211; Magento"},"content":{"rendered":"<div class=\"application-platform-content-item-description application-platform-content-item\" id=\"description\" data-nav-section=\"description\"><h2>Descripci\u00f3n<\/h2><p>Testimonials Slider \u2013 una extensi\u00f3n responsiva para mostrar los testimonios de tus usuarios en tu p\u00e1gina web. Puedes a\u00f1adir diferentes tipos de prueba social a las rese\u00f1as: nombre del autor, foto, logotipo de la organizaci\u00f3n e incluso una URL al sitio web.<\/p><p><b>Aumenta la confianza en tus productos mostrando a tus clientes satisfechos.<\/b><\/p><ul><li><b>Haz que los testimonios de tus clientes sean lo m\u00e1s confiables posibles.<\/b><br>Muestra toda la informaci\u00f3n sobre el autor de cada uno de los testimonios, incluyendo nombre, empresa y puesto. De esta manera, demuestras a tus usuarios que est\u00e1n leyendo testimonios de personas reales.<\/li><li><b>Utiliza un juicio profesional.<\/b><br>\u00bfTienes clientes cuyo testimonio influir\u00e1 en otros visitantes? Genera testimonios completos con informaci\u00f3n detallada sobre el autor y aumenta tu nivel de ventas.<\/li><li><b>Multiplica la confianza en tu sitio.<\/b><br>Inserta los comentarios de tus clientes en tu p\u00e1gina y muestra ejemplos de buena experiencia del cliente para aumentar la confianza en tu empresa.<\/li><\/ul><\/div><div class=\"faq\" data-component=\"FAQ\"><div class=\"faq-item\">\r\n\t\t\t\t\t<div class=\"faq-item-question\">\r\n\t\t\t\t\t\t<h3 class=\"faq-item-question-text\">\u00bfC\u00f3mo puedo insertar un Testimonials Slider en mi sitio Magento?<\/h3>\r\n\r\n\t\t\t\t\t\t<div class=\"faq-item-question-icon\"><\/div>\r\n\t\t\t\t\t<\/div>\r\n\r\n\t\t\t\t\t<div class=\"faq-item-answer\">\r\n\t\t\t\t\t\t<div class=\"faq-item-answer-text\"><p>La construcci\u00f3n de la herramienta se realiza en las p\u00e1ginas de Elfsight y no necesitas codificar. Usa nuestra demo en l\u00ednea para personalizar tu propia herramienta, obtener el c\u00f3digo e insertarlo en tu sitio web.<\/p><\/div>\r\n\t\t\t\t\t<\/div>\r\n\t\t\t\t<\/div><div class=\"faq-item\">\r\n\t\t\t\t\t<div class=\"faq-item-question\">\r\n\t\t\t\t\t\t<h3 class=\"faq-item-question-text\">Las mejores formas de usar la integraci\u00f3n del widget Testimonials<\/h3>\r\n\r\n\t\t\t\t\t\t<div class=\"faq-item-question-icon\"><\/div>\r\n\t\t\t\t\t<\/div>\r\n\r\n\t\t\t\t\t<div class=\"faq-item-answer\">\r\n\t\t\t\t\t\t<div class=\"faq-item-answer-text\"><p>Contamos con muchas opciones de personalizaci\u00f3n: widgets a tama\u00f1o completo para insertar en la zona de contenido, widgets flotantes con funci\u00f3n de desplazamiento, miniaturas para el pie de p\u00e1gina, encabezado y todo tipo de opciones verticales para barras laterales y men\u00fas del sitio web.<\/p><\/div>\r\n\t\t\t\t\t<\/div>\r\n\t\t\t\t<\/div><div class=\"faq-item\">\r\n\t\t\t\t\t<div class=\"faq-item-question\">\r\n\t\t\t\t\t\t<h3 class=\"faq-item-question-text\">\u00bfC\u00f3mo construyo un widget de Comentarios en tarjetas o cuadr\u00edcula mediante el editor?<\/h3>\r\n\r\n\t\t\t\t\t\t<div class=\"faq-item-question-icon\"><\/div>\r\n\t\t\t\t\t<\/div>\r\n\r\n\t\t\t\t\t<div class=\"faq-item-answer\">\r\n\t\t\t\t\t\t<div class=\"faq-item-answer-text\"><p>Puedes realizar cualquier modificaci\u00f3n en los widgets. Hay muchos dise\u00f1os disponibles en el editor, y todos ellos pueden ajustarse r\u00e1pidamente seg\u00fan lo que necesites.<\/p><\/div>\r\n\t\t\t\t\t<\/div>\r\n\t\t\t\t<\/div><\/div><div class=\"application-platform-content-item-features application-platform-content-item\" id=\"features\" data-nav-section=\"features\"><h2>Caracter\u00edsticas<\/h2><p>Las principales caracter\u00edsticas que convierten a nuestro Testimonials Slider en una valiosa extensi\u00f3n para cualquier sitio Magento.<\/p><ul><li>Usa la URL del perfil de Facebook o Twitter para probar que el autor es una persona real;<\/li><li>Dise\u00f1o de ancho completo;<\/li><li>Edita la leyenda para mostrar empresa, puesto y m\u00e1s;<\/li><li>Para a\u00f1adir confianza, muestra el logotipo de la empresa del autor.<\/li><\/ul><p><a href=\"#demo\">Prueba estas caracter\u00edsticas en la Demo en vivo<\/a><\/p><\/div><div class=\"application-platform-content-item-installation application-platform-content-item\" id=\"installation\" data-nav-section=\"installation\"><h2>C\u00f3mo agregar Testimonios a tu sitio Magento<\/h2><p>Sigue las instrucciones a continuaci\u00f3n para activar el widget en Magento.<\/p><ol><li><b>Usa nuestro configurador gratuito y comienza a personalizar tu herramienta.<\/b><br> Encuentra el dise\u00f1o seleccionado y las caracter\u00edsticas funcionales de la extensi\u00f3n Testimonials Slider y aplica las correcciones.<\/li><li><b>Recibe el c\u00f3digo \u00fanico que aparece en la ventana de Elfsight Apps.<\/b><br> Cuando la generaci\u00f3n de tu extensi\u00f3n est\u00e9 lista, copia el c\u00f3digo personal de la ventana que aparece y gu\u00e1rdalo para su uso futuro.<\/li><li><b>Comienza a usar el widget en la p\u00e1gina de inicio de Magento.<\/b><br> Inserta el c\u00f3digo guardado anteriormente en tu p\u00e1gina web y aplica las correcciones.<\/li><li><b>\u00a1Listo! La integraci\u00f3n se ha completado.<\/b><br> Ve a tu sitio web para ver el funcionamiento del widget.<\/li><\/ol><p>\u00bfTienes alguna consulta mientras usas o configuras la extensi\u00f3n? Lee la gu\u00eda detallada sobre <a href=\"https:\/\/elfsight.com\/tutorials\/how-to-add-testimonials-slider-extension-to-magento\/\" target=\"_blank\" rel=\"noopener noreferrer\">configuraci\u00f3n del Testimonials Slider en Magento<\/a> o ponte en contacto con nuestro Centro de Soporte.<\/p><\/div>","protected":false},"excerpt":{"rendered":"","protected":false},"author":18,"featured_media":0,"parent":2041,"menu_order":0,"comment_status":"closed","ping_status":"closed","template":"templates\/template-application-platform.php","meta":{"publish_to_discourse":"","publish_post_category":"","wpdc_auto_publish_overridden":"","wpdc_topic_tags":"","wpdc_pin_topic":"","wpdc_pin_until":"","discourse_post_id":"","discourse_permalink":"","wpdc_publishing_response":"","wpdc_publishing_error":"","footnotes":""},"class_list":["post-4029","page","type-page","status-publish","hentry"],"yoast_head":"<!-- This site is optimized with the Yoast SEO plugin v25.3.1 - https:\/\/yoast.com\/wordpress\/plugins\/seo\/ -->\n<title>Testimonios Slider - Agregar plugin de Deslizador de Testimonios al Magento<\/title>\n<meta name=\"description\" content=\"A\u00f1ade un extention interactivo de Testimonios Slider en su sitio de Magento. Lance la demo de Elfsight manejable y cree su plugin propio.\" \/>\n<meta name=\"robots\" content=\"index, follow, max-snippet:-1, max-image-preview:large, max-video-preview:-1\" \/>\n<link rel=\"canonical\" href=\"https:\/\/elfsight.com\/es\/testimonials-slider-widget\/magento\/\" \/>\n<meta property=\"og:locale\" content=\"es_ES\" \/>\n<meta property=\"og:type\" content=\"article\" \/>\n<meta property=\"og:title\" content=\"Testimonios Slider - Agregar plugin de Deslizador de Testimonios al Magento\" \/>\n<meta property=\"og:description\" content=\"A\u00f1ade un extention interactivo de Testimonios Slider en su sitio de Magento. Lance la demo de Elfsight manejable y cree su plugin propio.\" \/>\n<meta property=\"og:url\" content=\"https:\/\/elfsight.com\/es\/testimonials-slider-widget\/magento\/\" \/>\n<meta property=\"og:site_name\" content=\"Elfsight ES\" \/>\n<meta property=\"article:modified_time\" content=\"2025-02-06T15:18:11+00:00\" \/>\n<meta name=\"twitter:card\" content=\"summary_large_image\" \/>\n<meta name=\"twitter:label1\" content=\"Tiempo de lectura\" \/>\n\t<meta name=\"twitter:data1\" content=\"2 minutos\" \/>\n<!-- \/ Yoast SEO plugin. -->","yoast_head_json":{"title":"Testimonios Slider - Agregar plugin de Deslizador de Testimonios al Magento","description":"A\u00f1ade un extention interactivo de Testimonios Slider en su sitio de Magento. Lance la demo de Elfsight manejable y cree su plugin propio.","robots":{"index":"index","follow":"follow","max-snippet":"max-snippet:-1","max-image-preview":"max-image-preview:large","max-video-preview":"max-video-preview:-1"},"canonical":"https:\/\/elfsight.com\/es\/testimonials-slider-widget\/magento\/","og_locale":"es_ES","og_type":"article","og_title":"Testimonios Slider - Agregar plugin de Deslizador de Testimonios al Magento","og_description":"A\u00f1ade un extention interactivo de Testimonios Slider en su sitio de Magento. Lance la demo de Elfsight manejable y cree su plugin propio.","og_url":"https:\/\/elfsight.com\/es\/testimonials-slider-widget\/magento\/","og_site_name":"Elfsight ES","article_modified_time":"2025-02-06T15:18:11+00:00","twitter_card":"summary_large_image","twitter_misc":{"Tiempo de lectura":"2 minutos"},"schema":{"@context":"https:\/\/schema.org","@graph":[{"@type":"WebPage","@id":"https:\/\/elfsight.com\/es\/testimonials-slider-widget\/magento\/","url":"https:\/\/elfsight.com\/es\/testimonials-slider-widget\/magento\/","name":"Testimonios Slider - Agregar plugin de Deslizador de Testimonios al Magento","isPartOf":{"@id":"https:\/\/elfsight.com\/es\/#website"},"datePublished":"2022-02-11T11:54:12+00:00","dateModified":"2025-02-06T15:18:11+00:00","description":"A\u00f1ade un extention interactivo de Testimonios Slider en su sitio de Magento. Lance la demo de Elfsight manejable y cree su plugin propio.","breadcrumb":{"@id":"https:\/\/elfsight.com\/es\/testimonials-slider-widget\/magento\/#breadcrumb"},"inLanguage":"es","potentialAction":[{"@type":"ReadAction","target":["https:\/\/elfsight.com\/es\/testimonials-slider-widget\/magento\/"]}]},{"@type":"BreadcrumbList","@id":"https:\/\/elfsight.com\/es\/testimonials-slider-widget\/magento\/#breadcrumb","itemListElement":[{"@type":"ListItem","position":1,"name":"Home","item":"https:\/\/elfsight.com\/es\/"},{"@type":"ListItem","position":2,"name":"Testimonials Slider","item":"https:\/\/elfsight.com\/es\/testimonials-slider-widget\/"},{"@type":"ListItem","position":3,"name":"Testimonials Slider &#8211; Magento"}]},{"@type":"WebSite","@id":"https:\/\/elfsight.com\/es\/#website","url":"https:\/\/elfsight.com\/es\/","name":"Elfsight ES","description":"Just another Elfsight Sites site","potentialAction":[{"@type":"SearchAction","target":{"@type":"EntryPoint","urlTemplate":"https:\/\/elfsight.com\/es\/?s={search_term_string}"},"query-input":{"@type":"PropertyValueSpecification","valueRequired":true,"valueName":"search_term_string"}}],"inLanguage":"es"}]}},"meta_box":{"industry":"","seo_heading":"","heading":"","description":"","cta_heading":"","cta_description":"","application":"2040","h1":"complemento de Testimonios Slider para Magento","h1_caption":"Una extention \u00fatil para revelar rese\u00f1as de sus clientes en su p\u00e1gina web","application_category":[],"applications_title":"","applications_request_title":"","applications_request_button_text":"","hero_text":"","hero_video":"","hero_video_schema_markup":"","selling_points_title":"","selling_points_caption":"","selling_points":[],"selling_points_cta_text":"","features_title":"","features":"","ed_cta_examples_text":"","ed_cta_examples_hidden":"","ed_cta_demo_text":"","ed_cta_demo_hidden":"","why_caption":"","why_editor_title":"","why_editor_text":"","why_team_title":"","why_team_text":"","why_service_title":"","why_service_text":"","template_catalog_visible":"","template_catalog_title":"","template_catalog_text":"","template_catalog_categories_visible":"","demo_title":"Crea tu extensi\u00f3n Control deslizante de testimonios","demo_caption":"\u00a1Configure su control deslizante de testimonios y agr\u00e9guelo a su sitio web Magento de forma gratuita!","default_faq_hidden":"","app_template_category":[],"platform":"82","template_public_id":"","codecanyon_url":"","codecanyon_item_id":"","codecanyon_price":"","pricing_caption":"","pricing_elfsight_apps_hide_column":"","pricing_elfsight_apps_url":"","pricing_codecanyon_price_caption":"","integration_category":[],"integration_request_title":"","integration_request_cta":"","integration_platform":"","integrations":[],"platform_category":[],"video_schema_markup":"","price":"desde $0 por mes","trial":"","benefits":[{"text":"Instalaci\u00f3n gratuita"},{"text":"Soporte Premium"},{"text":"14 d\u00edas garant\u00eda de reembolso"},{"text":"Actualizaciones regulares"}],"button_url":"#demo","button_target_blank":"0","button_nofollow":"0","attributes":[{"name":"Responsivo","content":"Si","_state":"expanded"},{"name":"Navegadores compatibles","content":"Firefox, Safari, Opera, Chrome, Edge","_state":"expanded"}],"tags":[],"tags_disable_links":"0","hide_more_platforms":"","video_object":"","demo_hide_cta":"0","demo_hide_cloud_options":"0","pricing_title":"","pricing":[{"pricing_icon":"platform","pricing_title":" Elfsight Apps","pricing_title_caption":"Soluci\u00f3n multiplataforma - valido para cualquier p\u00e1gina web","pricing_price":"desde $0 por mes","pricing_price_caption":"empezar con un plan gratuito","pricing_benefits":[{"text":"Sitios web ilimitados"},{"text":"Atenci\u00f3n al cliente gratuita y r\u00e1pida"},{"text":"Servicio de instalaci\u00f3n gratuito"},{"text":"Totalmente personalizable"}],"pricing_button_text":"Agregar al sitio web","pricing_button_url":"#demo","_state":"expanded"}],"related_apps_title":"","related_apps_hidden":"1","author":"","image":[],"title":"","job":"","social_networks":[]},"_links":{"self":[{"href":"https:\/\/elfsight.com\/es\/wp-json\/wp\/v2\/pages\/4029","targetHints":{"allow":["GET"]}}],"collection":[{"href":"https:\/\/elfsight.com\/es\/wp-json\/wp\/v2\/pages"}],"about":[{"href":"https:\/\/elfsight.com\/es\/wp-json\/wp\/v2\/types\/page"}],"author":[{"embeddable":true,"href":"https:\/\/elfsight.com\/es\/wp-json\/wp\/v2\/users\/18"}],"replies":[{"embeddable":true,"href":"https:\/\/elfsight.com\/es\/wp-json\/wp\/v2\/comments?post=4029"}],"version-history":[{"count":3,"href":"https:\/\/elfsight.com\/es\/wp-json\/wp\/v2\/pages\/4029\/revisions"}],"predecessor-version":[{"id":18064,"href":"https:\/\/elfsight.com\/es\/wp-json\/wp\/v2\/pages\/4029\/revisions\/18064"}],"up":[{"embeddable":true,"href":"https:\/\/elfsight.com\/es\/wp-json\/wp\/v2\/pages\/2041"}],"wp:attachment":[{"href":"https:\/\/elfsight.com\/es\/wp-json\/wp\/v2\/media?parent=4029"}],"curies":[{"name":"wp","href":"https:\/\/api.w.org\/{rel}","templated":true}]}}