{"id":4028,"date":"2022-02-11T11:54:18","date_gmt":"2022-02-11T11:54:18","guid":{"rendered":"https:\/\/elfsight.com\/es\/?page_id=4028"},"modified":"2025-02-06T15:18:11","modified_gmt":"2025-02-06T15:18:11","slug":"jquery","status":"publish","type":"page","link":"https:\/\/elfsight.com\/es\/social-media-share-buttons\/jquery\/","title":{"rendered":"Social Share Buttons &#8211; jQuery"},"content":{"rendered":"<div class=\"application-platform-content-item-description application-platform-content-item\" id=\"description\" data-nav-section=\"description\"><h2>Descripci\u00f3n<\/h2><p>Un simple plugin de compartir para todos los sitios web, que permite a tus visitantes repostear contenido en diversas redes sociales. Desarrolla la presencia de tu empresa en las redes sociales y gana m\u00e1s seguidores y fans con la ayuda de contenido de alta calidad en tu sitio.<\/p><p><b>\u00a1Encuentra m\u00e1s vistas y seguidores desde las redes sociales!<\/b><\/p><ul><li><b>M\u00e1xima difusi\u00f3n de contenido e \u00edtems en redes sociales.<\/b><br>Gracias al dise\u00f1o y las funciones efectivas del plugin, con solo un clic, tu contenido adquirir\u00e1 una fuerte promoci\u00f3n en todas las redes sociales sin mucho esfuerzo.<\/li><li><b>Promociona tu contenido atractivo para tener m\u00e1s visualizaciones.<\/b><br>Brinda a tus clientes la oportunidad de promover contenido de alta calidad sin esfuerzo y de inmediato a un nuevo p\u00fablico.<\/li><li><b>Fortalece la optimizaci\u00f3n SEO de tu sitio web.<\/b><br>Aumenta los clics en tu sitio web desde las redes sociales para desarrollar la aprobaci\u00f3n social de tu sitio y mejorar los resultados de clasificaci\u00f3n en los motores de b\u00fasqueda.<\/li><li><b>Duplica el n\u00famero de lectores en redes sociales.<\/b><br>\u00bfPublicas publicaciones emocionantes en tu sitio? Deja que los usuarios ahora promuevan ellas mismas compartiendo las publicaciones con sus lectores.<\/li><\/ul><\/div><div class=\"application-platform-content-item-features application-platform-content-item\" id=\"features\" data-nav-section=\"features\"><h2>Caracter\u00edsticas<\/h2><p>\u00bfQu\u00e9 hace que nuestro plugin sea el mejor entre los botones de compartir en redes sociales de jQuery? Explora nuestros puntos principales:<\/p><ul><li>M\u00e1s de 40 redes sociales integradas;<\/li><li>2 dise\u00f1os: En l\u00ednea y Flotante;<\/li><li>3 opciones de forma de bot\u00f3n;<\/li><li>5 tipos de animaci\u00f3n disponibles;<\/li><li>Soporte premium por un equipo profesional.<\/li><\/ul><p><a href=\"#demo\">Otras caracter\u00edsticas en un editor gratuito<\/a><\/p><\/div><div class=\"application-platform-content-item-installation application-platform-content-item\" id=\"installation\" data-nav-section=\"installation\"><h2>\u00bfC\u00f3mo agregar botones de compartir en redes sociales a un sitio web jQuery?<\/h2><p>Un plan r\u00e1pido para agregar los botones sin habilidades de programaci\u00f3n o contratar un desarrollador profesional. Te tomar\u00e1 3 minutos hacer la gu\u00eda.<\/p><ol><li><b>Crea tus botones sociales personales.<\/b><br> Con la ayuda de nuestro configurador gratuito, arma un plugin con el aspecto, capacidades y dise\u00f1os necesarios (en l\u00ednea o flotante).<\/li><li><b>Obt\u00e9n el c\u00f3digo para mostrar el plugin.<\/b><br> Despu\u00e9s de crear el widget, revisa una notificaci\u00f3n emergente en Elfsight Apps para obtener un c\u00f3digo de instalaci\u00f3n para tus botones de redes sociales jQuery.<\/li><li><b>Revela el plugin en tu sitio.<\/b><br> Agrega el plugin al lugar deseado de la p\u00e1gina y aplica los cambios.<\/li><li><b>\u00a1Listo!<\/b><br> Ve a tu sitio web para ver el resultado del trabajo.<\/li><\/ol><p>\u00bfBuscas soporte con la colocaci\u00f3n o configuraci\u00f3n de los botones de compartir? \u00a1El equipo de soporte de Elfsight estar\u00e1 encantado de ayudar y ofrecer una soluci\u00f3n! Tambi\u00e9n puedes resolver el problema t\u00fa mismo leyendo nuestro art\u00edculo \u00ab<a href=\"https:\/\/elfsight.com\/tutorials\/how-to-add-social-share-buttons-to-jquery\/\" target=\"_blank\" rel=\"noopener noreferrer\">C\u00f3mo agregar botones de compartir en un sitio jQuery<\/a>\u00bb.<\/p><\/div><div class=\"faq\" data-component=\"FAQ\"><div class=\"faq-item\">\r\n\t\t\t\t\t<div class=\"faq-item-question\">\r\n\t\t\t\t\t\t<h3 class=\"faq-item-question-text\">\u00bfHay una forma de agregar botones de compartir en redes sociales a mi sitio jQuery sin experiencia en codificaci\u00f3n?<\/h3>\r\n\r\n\t\t\t\t\t\t<div class=\"faq-item-question-icon\"><\/div>\r\n\t\t\t\t\t<\/div>\r\n\r\n\t\t\t\t\t<div class=\"faq-item-answer\">\r\n\t\t\t\t\t\t<div class=\"faq-item-answer-text\"><p>La empresa Elfsight ofrece una soluci\u00f3n que permite a un amplio p\u00fablico generar un widget de Botones de Compartir en Redes Sociales por s\u00ed mismo. Descubre los sencillos pasos: <\/p><ul><li>Ve al Editor en l\u00ednea para generar la aplicaci\u00f3n de Botones de Compartir en Redes Sociales que te gustar\u00eda agregar a tu sitio web jQuery.<\/li><li>Selecciona una de las muchas plantillas predefinidas y adapta la configuraci\u00f3n de los Botones de Compartir en Redes Sociales, agrega tu contenido, cambia el dise\u00f1o y los colores sin necesidad de codificaci\u00f3n.<\/li><li>Haz clic para guardar los Botones de Compartir en Redes Sociales y obt\u00e9n el c\u00f3digo para la instalaci\u00f3n, que podr\u00e1s pegar f\u00e1cilmente en cualquier sitio web jQuery de forma gratuita.<\/li><\/ul><p>Con el sencillo Editor, cualquier usuario de internet puede crear una secci\u00f3n de Botones de Compartir en Redes Sociales y agregarla sin esfuerzo a su p\u00e1gina web jQuery. No necesitas un plan de pago ni ingresar tus datos de tarjeta para acceder al Editor. Si encuentras alg\u00fan problema, no dudes en ponerte en contacto con nuestro soporte al cliente.<\/p><\/div>\r\n\t\t\t\t\t<\/div>\r\n\t\t\t\t<\/div><\/div>","protected":false},"excerpt":{"rendered":"","protected":false},"author":18,"featured_media":0,"parent":1979,"menu_order":0,"comment_status":"closed","ping_status":"closed","template":"templates\/template-application-platform.php","meta":{"publish_to_discourse":"","publish_post_category":"","wpdc_auto_publish_overridden":"","wpdc_topic_tags":"","wpdc_pin_topic":"","wpdc_pin_until":"","discourse_post_id":"","discourse_permalink":"","wpdc_publishing_response":"","wpdc_publishing_error":"","footnotes":""},"class_list":["post-4028","page","type-page","status-publish","hentry"],"yoast_head":"<!-- This site is optimized with the Yoast SEO plugin v25.3.1 - https:\/\/yoast.com\/wordpress\/plugins\/seo\/ -->\n<title>Compartir en Redes Sociales - Incluir widget de Botones de Compartir al jQuery<\/title>\n<meta name=\"description\" content=\"A\u00f1ade un widget hermoso de Compartir en Redes Sociales en su p\u00e1gina web de jQuery. Pruebe la demo de Elfsight manejable y construe su widget \u00fanico.\" \/>\n<meta name=\"robots\" content=\"index, follow, max-snippet:-1, max-image-preview:large, max-video-preview:-1\" \/>\n<link rel=\"canonical\" href=\"https:\/\/elfsight.com\/es\/social-media-share-buttons\/jquery\/\" \/>\n<meta property=\"og:locale\" content=\"es_ES\" \/>\n<meta property=\"og:type\" content=\"article\" \/>\n<meta property=\"og:title\" content=\"Compartir en Redes Sociales - Incluir widget de Botones de Compartir al jQuery\" \/>\n<meta property=\"og:description\" content=\"A\u00f1ade un widget hermoso de Compartir en Redes Sociales en su p\u00e1gina web de jQuery. Pruebe la demo de Elfsight manejable y construe su widget \u00fanico.\" \/>\n<meta property=\"og:url\" content=\"https:\/\/elfsight.com\/es\/social-media-share-buttons\/jquery\/\" \/>\n<meta property=\"og:site_name\" content=\"Elfsight ES\" \/>\n<meta property=\"article:modified_time\" content=\"2025-02-06T15:18:11+00:00\" \/>\n<meta name=\"twitter:card\" content=\"summary_large_image\" \/>\n<meta name=\"twitter:label1\" content=\"Tiempo de lectura\" \/>\n\t<meta name=\"twitter:data1\" content=\"1 minuto\" \/>\n<!-- \/ Yoast SEO plugin. -->","yoast_head_json":{"title":"Compartir en Redes Sociales - Incluir widget de Botones de Compartir al jQuery","description":"A\u00f1ade un widget hermoso de Compartir en Redes Sociales en su p\u00e1gina web de jQuery. Pruebe la demo de Elfsight manejable y construe su widget \u00fanico.","robots":{"index":"index","follow":"follow","max-snippet":"max-snippet:-1","max-image-preview":"max-image-preview:large","max-video-preview":"max-video-preview:-1"},"canonical":"https:\/\/elfsight.com\/es\/social-media-share-buttons\/jquery\/","og_locale":"es_ES","og_type":"article","og_title":"Compartir en Redes Sociales - Incluir widget de Botones de Compartir al jQuery","og_description":"A\u00f1ade un widget hermoso de Compartir en Redes Sociales en su p\u00e1gina web de jQuery. Pruebe la demo de Elfsight manejable y construe su widget \u00fanico.","og_url":"https:\/\/elfsight.com\/es\/social-media-share-buttons\/jquery\/","og_site_name":"Elfsight ES","article_modified_time":"2025-02-06T15:18:11+00:00","twitter_card":"summary_large_image","twitter_misc":{"Tiempo de lectura":"1 minuto"},"schema":{"@context":"https:\/\/schema.org","@graph":[{"@type":"WebPage","@id":"https:\/\/elfsight.com\/es\/social-media-share-buttons\/jquery\/","url":"https:\/\/elfsight.com\/es\/social-media-share-buttons\/jquery\/","name":"Compartir en Redes Sociales - Incluir widget de Botones de Compartir al jQuery","isPartOf":{"@id":"https:\/\/elfsight.com\/es\/#website"},"datePublished":"2022-02-11T11:54:18+00:00","dateModified":"2025-02-06T15:18:11+00:00","description":"A\u00f1ade un widget hermoso de Compartir en Redes Sociales en su p\u00e1gina web de jQuery. Pruebe la demo de Elfsight manejable y construe su widget \u00fanico.","breadcrumb":{"@id":"https:\/\/elfsight.com\/es\/social-media-share-buttons\/jquery\/#breadcrumb"},"inLanguage":"es","potentialAction":[{"@type":"ReadAction","target":["https:\/\/elfsight.com\/es\/social-media-share-buttons\/jquery\/"]}]},{"@type":"BreadcrumbList","@id":"https:\/\/elfsight.com\/es\/social-media-share-buttons\/jquery\/#breadcrumb","itemListElement":[{"@type":"ListItem","position":1,"name":"Home","item":"https:\/\/elfsight.com\/es\/"},{"@type":"ListItem","position":2,"name":"Social Share Buttons","item":"https:\/\/elfsight.com\/es\/social-media-share-buttons\/"},{"@type":"ListItem","position":3,"name":"Social Share Buttons &#8211; jQuery"}]},{"@type":"WebSite","@id":"https:\/\/elfsight.com\/es\/#website","url":"https:\/\/elfsight.com\/es\/","name":"Elfsight ES","description":"Just another Elfsight Sites site","potentialAction":[{"@type":"SearchAction","target":{"@type":"EntryPoint","urlTemplate":"https:\/\/elfsight.com\/es\/?s={search_term_string}"},"query-input":{"@type":"PropertyValueSpecification","valueRequired":true,"valueName":"search_term_string"}}],"inLanguage":"es"}]}},"meta_box":{"industry":"","seo_heading":"","heading":"","description":"","cta_heading":"","cta_description":"","application":"1978","h1":"widget de Compartir en Redes Sociales para jQuery","h1_caption":"Visualiza m\u00e1s de 40 iconos de redes sociales en el sitio","application_category":[],"applications_title":"","applications_request_title":"","applications_request_button_text":"","hero_text":"","hero_video":"","hero_video_schema_markup":"","selling_points_title":"","selling_points_caption":"","selling_points":[],"selling_points_cta_text":"","features_title":"","features":"","ed_cta_examples_text":"","ed_cta_examples_hidden":"","ed_cta_demo_text":"","ed_cta_demo_hidden":"","why_caption":"","why_editor_title":"","why_editor_text":"","why_team_title":"","why_team_text":"","why_service_title":"","why_service_text":"","template_catalog_visible":"","template_catalog_title":"","template_catalog_text":"","template_catalog_categories_visible":"","demo_title":"Crea tu complemento de botones para compartir en redes sociales","demo_caption":"\u00a1Configure sus botones para compartir en redes sociales y agr\u00e9guelos a su sitio web jQuery de forma gratuita!","default_faq_hidden":"","app_template_category":[],"platform":"76","template_public_id":"","codecanyon_url":"","codecanyon_item_id":"","codecanyon_price":"","pricing_caption":"","pricing_elfsight_apps_hide_column":"","pricing_elfsight_apps_url":"","pricing_codecanyon_price_caption":"","integration_category":[],"integration_request_title":"","integration_request_cta":"","integration_platform":"","integrations":[],"platform_category":[],"video_schema_markup":"","price":"desde $0 por mes","trial":"","benefits":[{"text":"Instalaci\u00f3n gratuita"},{"text":"Soporte Premium"},{"text":"14 d\u00edas garant\u00eda de reembolso"},{"text":"Actualizaciones regulares"}],"button_url":"#demo","button_target_blank":"0","button_nofollow":"0","attributes":[{"name":"Responsivo","content":"Si","_state":"expanded"},{"name":"Navegadores compatibles","content":"Firefox, Safari, Opera, Chrome, Edge","_state":"expanded"}],"tags":[],"tags_disable_links":"0","hide_more_platforms":"","video_object":"","demo_hide_cta":"0","demo_hide_cloud_options":"0","pricing_title":"","pricing":[{"pricing_icon":"platform","pricing_title":" Elfsight Apps","pricing_title_caption":"Soluci\u00f3n multiplataforma - valido para cualquier p\u00e1gina web","pricing_price":"desde $0 por mes","pricing_price_caption":"empezar con un plan gratuito","pricing_benefits":[{"text":"Sitios web ilimitados"},{"text":"Atenci\u00f3n al cliente gratuita y r\u00e1pida"},{"text":"Servicio de instalaci\u00f3n gratuito"},{"text":"Totalmente personalizable"}],"pricing_button_text":"Agregar al sitio web","pricing_button_url":"#demo","_state":"expanded"}],"related_apps_title":"","related_apps_hidden":"1","author":"","image":[],"title":"","job":"","social_networks":[]},"_links":{"self":[{"href":"https:\/\/elfsight.com\/es\/wp-json\/wp\/v2\/pages\/4028","targetHints":{"allow":["GET"]}}],"collection":[{"href":"https:\/\/elfsight.com\/es\/wp-json\/wp\/v2\/pages"}],"about":[{"href":"https:\/\/elfsight.com\/es\/wp-json\/wp\/v2\/types\/page"}],"author":[{"embeddable":true,"href":"https:\/\/elfsight.com\/es\/wp-json\/wp\/v2\/users\/18"}],"replies":[{"embeddable":true,"href":"https:\/\/elfsight.com\/es\/wp-json\/wp\/v2\/comments?post=4028"}],"version-history":[{"count":3,"href":"https:\/\/elfsight.com\/es\/wp-json\/wp\/v2\/pages\/4028\/revisions"}],"predecessor-version":[{"id":18063,"href":"https:\/\/elfsight.com\/es\/wp-json\/wp\/v2\/pages\/4028\/revisions\/18063"}],"up":[{"embeddable":true,"href":"https:\/\/elfsight.com\/es\/wp-json\/wp\/v2\/pages\/1979"}],"wp:attachment":[{"href":"https:\/\/elfsight.com\/es\/wp-json\/wp\/v2\/media?parent=4028"}],"curies":[{"name":"wp","href":"https:\/\/api.w.org\/{rel}","templated":true}]}}