{"id":4023,"date":"2022-02-11T11:54:32","date_gmt":"2022-02-11T11:54:32","guid":{"rendered":"https:\/\/elfsight.com\/es\/?page_id=4023"},"modified":"2025-02-06T15:18:02","modified_gmt":"2025-02-06T15:18:02","slug":"joomla","status":"publish","type":"page","link":"https:\/\/elfsight.com\/es\/social-media-share-buttons\/joomla\/","title":{"rendered":"Social Share Buttons &#8211; Joomla"},"content":{"rendered":"<div class=\"application-platform-content-item-description application-platform-content-item\" id=\"description\" data-nav-section=\"description\"><h2>Descripci\u00f3n<\/h2><p>Una extensi\u00f3n conveniente para compartir en cualquier sitio, que permitir\u00e1 a tus usuarios volver a publicar art\u00edculos en cualquier red social. Comienza a promocionar tu marca en redes sociales y llega a m\u00e1s seguidores y lectores con publicaciones efectivas en tu sitio web personal.<\/p><p><b>\u00a1Obt\u00e9n m\u00e1s tr\u00e1fico y suscriptores desde las redes sociales!<\/b><\/p><ul><li><b>Promoci\u00f3n m\u00e1xima de publicaciones y art\u00edculos en redes sociales<\/b>.<br>Con una interfaz f\u00e1cil de usar y funciones, con solo un clic, tu contenido tendr\u00e1 una potente promoci\u00f3n en todas las redes sociales sin l\u00edmites.<\/li><li><b>Promociona contenido atractivo para una audiencia m\u00e1s amplia<\/b>.<br>Brinda a tus usuarios una manera f\u00e1cil e inmediata de compartir contenido aprobado para aumentar tu p\u00fablico.<\/li><li><b>Mejora el tr\u00e1fico en tu sitio web<\/b>.<br> Atrae nuevos visitantes a tu sitio web al ser activo en las redes sociales y aumentar tu tasa de clics.<\/li><li><b>Aumenta el n\u00famero de suscriptores en plataformas sociales<\/b>.<br> \u00bfPublicas contenido de alta calidad? Deja que los lectores lo promocionen, compartiendo f\u00e1cilmente publicaciones con sus amigos y seguidores.<\/li><\/ul><\/div><div class=\"application-platform-content-item-features application-platform-content-item\" id=\"features\" data-nav-section=\"features\"><h2>Caracter\u00edsticas<\/h2><p>\u00bfQu\u00e9 hace que nuestros botones sean los mejores entre las extensiones de compartir de Joomla? Revisa los puntos clave:<\/p><ul><li>Coloca un n\u00famero ilimitado de botones;<\/li><li>Tama\u00f1o de separaci\u00f3n ajustable;<\/li><li>Configura los elementos del bot\u00f3n para que se muestren;<\/li><li>4 estilos de botones predefinidos;<\/li><li>Servicio de instalaci\u00f3n gratuito.<\/li><\/ul><p><a href=\"#demo\">M\u00e1s caracter\u00edsticas en el editor gratuito<\/a><\/p><\/div><div class=\"application-platform-content-item-installation application-platform-content-item\" id=\"installation\" data-nav-section=\"installation\"><h2>\u00bfC\u00f3mo agregar los botones de compartir en Joomla?<\/h2><div class=\"video-container\"><iframe width=\"720\" height=\"405\" src=\"https:\/\/www.youtube.com\/embed\/Qm0jSaxlb5g\" frameborder=\"0\" allowfullscreen=\"\"><\/iframe><\/div><p>Sigue estos pasos para activar la herramienta en Joomla.<\/p> <ol><li><b>Lanza nuestro editor gratuito y comienza a crear tu extensi\u00f3n personalizada de Social Share Buttons. <\/b><br> Encuentra la interfaz y las caracter\u00edsticas personalizadas de la extensi\u00f3n y aplica los cambios. <\/li>  <li><b>Obt\u00e9n tu c\u00f3digo personal mostrado en la ventana de Elfsight Apps. <\/b><br> Despu\u00e9s de terminar de crear tu herramienta, copia el c\u00f3digo exclusivo en la ventana emergente y gu\u00e1rdalo para su uso posterior. <\/li>  <li><b>Comienza a usar la extensi\u00f3n en tu sitio Joomla. <\/b><br> Inserta el c\u00f3digo guardado previamente en tu sitio web y aplica los cambios. <\/li>  <li><b>La configuraci\u00f3n se ha completado.<\/b><br> Ve a tu p\u00e1gina para comprobar el funcionamiento de la extensi\u00f3n.<\/li><\/ol><p>\u00bfNecesitas ayuda con la instalaci\u00f3n o creaci\u00f3n de la extensi\u00f3n? \u00a1El equipo de Elfsight est\u00e1 aqu\u00ed para apoyarte y ofrecerte una soluci\u00f3n! Tambi\u00e9n puedes intentar solucionar el problema t\u00fa mismo leyendo nuestro tutorial completo \u00ab<a href=\"https:\/\/elfsight.com\/tutorials\/how-to-add-social-share-buttons-to-joomla-website\/\" target=\"_blank\" rel=\"noopener noreferrer\">C\u00f3mo colocar botones de compartir en Joomla<\/a>\u00bb.<\/p><\/div><div class=\"faq\" data-component=\"FAQ\"><div class=\"faq-item\">\r\n\t\t\t\t\t<div class=\"faq-item-question\">\r\n\t\t\t\t\t\t<h3 class=\"faq-item-question-text\">\u00bfHay una opci\u00f3n para integrar los botones de compartir en mi sitio Joomla sin conocimientos de programaci\u00f3n?<\/h3>\r\n\r\n\t\t\t\t\t\t<div class=\"faq-item-question-icon\"><\/div>\r\n\t\t\t\t\t<\/div>\r\n\r\n\t\t\t\t\t<div class=\"faq-item-answer\">\r\n\t\t\t\t\t\t<div class=\"faq-item-answer-text\"><p>La empresa Elfsight ofrece una soluci\u00f3n en la nube que permite generar un widget de botones de compartir por ti mismo, ve los pasos f\u00e1ciles:<\/p><ul><li>Trabaja en la demo en l\u00ednea para crear la secci\u00f3n de Social Share Buttons que deseas que aparezca en tu sitio Joomla.<\/li><li>Elige una de las plantillas listas para usar y adapta la configuraci\u00f3n de los botones de compartir, actualiza tu contenido, cambia el dise\u00f1o y los colores de los elementos sin conocimientos de programaci\u00f3n.<\/li><li>Haz clic para guardar los Social Share Buttons y obtiene el c\u00f3digo del widget para la instalaci\u00f3n, que puedes pegar f\u00e1cilmente en la p\u00e1gina de inicio de Joomla de forma gratuita.<\/li><\/ul><p>Trabajando con nuestro Configurador f\u00e1cil de usar, cualquier usuario de internet puede generar Social Share Buttons en l\u00ednea e integrarlos a cualquier p\u00e1gina de inicio de Joomla. No es necesario pagar ni ingresar los datos de tu tarjeta para acceder al servicio Elfsight. Si encuentras alg\u00fan problema de cualquier tipo, no dudes en contactar con nuestro soporte al cliente.<\/p><\/div>\r\n\t\t\t\t\t<\/div>\r\n\t\t\t\t<\/div><\/div>","protected":false},"excerpt":{"rendered":"","protected":false},"author":18,"featured_media":0,"parent":1979,"menu_order":0,"comment_status":"closed","ping_status":"closed","template":"templates\/template-application-platform.php","meta":{"publish_to_discourse":"","publish_post_category":"","wpdc_auto_publish_overridden":"","wpdc_topic_tags":"","wpdc_pin_topic":"","wpdc_pin_until":"","discourse_post_id":"","discourse_permalink":"","wpdc_publishing_response":"","wpdc_publishing_error":"","footnotes":""},"class_list":["post-4023","page","type-page","status-publish","hentry"],"yoast_head":"<!-- This site is optimized with the Yoast SEO plugin v25.3.1 - https:\/\/yoast.com\/wordpress\/plugins\/seo\/ -->\n<title>Compartir en Redes Sociales - Incrustar extention de Botones de Compartir al Joomla<\/title>\n<meta name=\"description\" content=\"A\u00f1ade un module responsivo de Compartir en Redes Sociales en su p\u00e1gina web de Joomla. Aplique la demo de Elfsight intuitiva y cree su extention \u00fanico.\" \/>\n<meta name=\"robots\" content=\"index, follow, max-snippet:-1, max-image-preview:large, max-video-preview:-1\" \/>\n<link rel=\"canonical\" href=\"https:\/\/elfsight.com\/es\/social-media-share-buttons\/joomla\/\" \/>\n<meta property=\"og:locale\" content=\"es_ES\" \/>\n<meta property=\"og:type\" content=\"article\" \/>\n<meta property=\"og:title\" content=\"Compartir en Redes Sociales - Incrustar extention de Botones de Compartir al Joomla\" \/>\n<meta property=\"og:description\" content=\"A\u00f1ade un module responsivo de Compartir en Redes Sociales en su p\u00e1gina web de Joomla. Aplique la demo de Elfsight intuitiva y cree su extention \u00fanico.\" \/>\n<meta property=\"og:url\" content=\"https:\/\/elfsight.com\/es\/social-media-share-buttons\/joomla\/\" \/>\n<meta property=\"og:site_name\" content=\"Elfsight ES\" \/>\n<meta property=\"article:modified_time\" content=\"2025-02-06T15:18:02+00:00\" \/>\n<meta name=\"twitter:card\" content=\"summary_large_image\" \/>\n<meta name=\"twitter:label1\" content=\"Tiempo de lectura\" \/>\n\t<meta name=\"twitter:data1\" content=\"1 minuto\" \/>\n<!-- \/ Yoast SEO plugin. -->","yoast_head_json":{"title":"Compartir en Redes Sociales - Incrustar extention de Botones de Compartir al Joomla","description":"A\u00f1ade un module responsivo de Compartir en Redes Sociales en su p\u00e1gina web de Joomla. Aplique la demo de Elfsight intuitiva y cree su extention \u00fanico.","robots":{"index":"index","follow":"follow","max-snippet":"max-snippet:-1","max-image-preview":"max-image-preview:large","max-video-preview":"max-video-preview:-1"},"canonical":"https:\/\/elfsight.com\/es\/social-media-share-buttons\/joomla\/","og_locale":"es_ES","og_type":"article","og_title":"Compartir en Redes Sociales - Incrustar extention de Botones de Compartir al Joomla","og_description":"A\u00f1ade un module responsivo de Compartir en Redes Sociales en su p\u00e1gina web de Joomla. Aplique la demo de Elfsight intuitiva y cree su extention \u00fanico.","og_url":"https:\/\/elfsight.com\/es\/social-media-share-buttons\/joomla\/","og_site_name":"Elfsight ES","article_modified_time":"2025-02-06T15:18:02+00:00","twitter_card":"summary_large_image","twitter_misc":{"Tiempo de lectura":"1 minuto"},"schema":{"@context":"https:\/\/schema.org","@graph":[{"@type":"WebPage","@id":"https:\/\/elfsight.com\/es\/social-media-share-buttons\/joomla\/","url":"https:\/\/elfsight.com\/es\/social-media-share-buttons\/joomla\/","name":"Compartir en Redes Sociales - Incrustar extention de Botones de Compartir al Joomla","isPartOf":{"@id":"https:\/\/elfsight.com\/es\/#website"},"datePublished":"2022-02-11T11:54:32+00:00","dateModified":"2025-02-06T15:18:02+00:00","description":"A\u00f1ade un module responsivo de Compartir en Redes Sociales en su p\u00e1gina web de Joomla. Aplique la demo de Elfsight intuitiva y cree su extention \u00fanico.","breadcrumb":{"@id":"https:\/\/elfsight.com\/es\/social-media-share-buttons\/joomla\/#breadcrumb"},"inLanguage":"es","potentialAction":[{"@type":"ReadAction","target":["https:\/\/elfsight.com\/es\/social-media-share-buttons\/joomla\/"]}]},{"@type":"BreadcrumbList","@id":"https:\/\/elfsight.com\/es\/social-media-share-buttons\/joomla\/#breadcrumb","itemListElement":[{"@type":"ListItem","position":1,"name":"Home","item":"https:\/\/elfsight.com\/es\/"},{"@type":"ListItem","position":2,"name":"Social Share Buttons","item":"https:\/\/elfsight.com\/es\/social-media-share-buttons\/"},{"@type":"ListItem","position":3,"name":"Social Share Buttons &#8211; Joomla"}]},{"@type":"WebSite","@id":"https:\/\/elfsight.com\/es\/#website","url":"https:\/\/elfsight.com\/es\/","name":"Elfsight ES","description":"Just another Elfsight Sites site","potentialAction":[{"@type":"SearchAction","target":{"@type":"EntryPoint","urlTemplate":"https:\/\/elfsight.com\/es\/?s={search_term_string}"},"query-input":{"@type":"PropertyValueSpecification","valueRequired":true,"valueName":"search_term_string"}}],"inLanguage":"es"}]}},"meta_box":{"industry":"","seo_heading":"","heading":"","description":"","cta_heading":"","cta_description":"","application":"1978","h1":"Extensi\u00f3n de Compartir en Redes Sociales para Joomla","h1_caption":"Visualiza m\u00e1s de 40 iconos de redes sociales en el p\u00e1gina","application_category":[],"applications_title":"","applications_request_title":"","applications_request_button_text":"","hero_text":"","hero_video":"","hero_video_schema_markup":"","selling_points_title":"","selling_points_caption":"","selling_points":[],"selling_points_cta_text":"","features_title":"","features":"","ed_cta_examples_text":"","ed_cta_examples_hidden":"","ed_cta_demo_text":"","ed_cta_demo_hidden":"","why_caption":"","why_editor_title":"","why_editor_text":"","why_team_title":"","why_team_text":"","why_service_title":"","why_service_text":"","template_catalog_visible":"","template_catalog_title":"","template_catalog_text":"","template_catalog_categories_visible":"","demo_title":"Crea tu complemento de botones para compartir en redes sociales","demo_caption":"Configure sus botones para compartir en redes sociales y agr\u00e9guelos a su sitio web Joomla de forma gratuita.","default_faq_hidden":"","app_template_category":[],"platform":"73","template_public_id":"","codecanyon_url":"","codecanyon_item_id":"","codecanyon_price":"","pricing_caption":"","pricing_elfsight_apps_hide_column":"","pricing_elfsight_apps_url":"","pricing_codecanyon_price_caption":"","integration_category":[],"integration_request_title":"","integration_request_cta":"","integration_platform":"","integrations":[],"platform_category":[],"video_schema_markup":"","price":"desde $0 por mes","trial":"","benefits":[{"text":"Instalaci\u00f3n gratuita"},{"text":"Soporte Premium"},{"text":"14 d\u00edas garant\u00eda de reembolso"},{"text":"Actualizaciones regulares"}],"button_url":"#demo","button_target_blank":"0","button_nofollow":"0","attributes":[{"name":"Responsivo","content":"Si","_state":"expanded"},{"name":"Navegadores compatibles","content":"Firefox, Safari, Opera, Chrome, Edge","_state":"expanded"}],"tags":[],"tags_disable_links":"0","hide_more_platforms":"","video_object":"","demo_hide_cta":"0","demo_hide_cloud_options":"0","pricing_title":"","pricing":[{"pricing_icon":"platform","pricing_title":" Elfsight Apps","pricing_title_caption":"Soluci\u00f3n multiplataforma - valido para cualquier p\u00e1gina web","pricing_price":"desde $0 por mes","pricing_price_caption":"empezar con un plan gratuito","pricing_benefits":[{"text":"Sitios web ilimitados"},{"text":"Atenci\u00f3n al cliente gratuita y r\u00e1pida"},{"text":"Servicio de instalaci\u00f3n gratuito"},{"text":"Totalmente personalizable"}],"pricing_button_text":"Agregar al sitio web","pricing_button_url":"#demo","_state":"expanded"}],"related_apps_title":"","related_apps_hidden":"1","author":"","image":[],"title":"","job":"","social_networks":[]},"_links":{"self":[{"href":"https:\/\/elfsight.com\/es\/wp-json\/wp\/v2\/pages\/4023","targetHints":{"allow":["GET"]}}],"collection":[{"href":"https:\/\/elfsight.com\/es\/wp-json\/wp\/v2\/pages"}],"about":[{"href":"https:\/\/elfsight.com\/es\/wp-json\/wp\/v2\/types\/page"}],"author":[{"embeddable":true,"href":"https:\/\/elfsight.com\/es\/wp-json\/wp\/v2\/users\/18"}],"replies":[{"embeddable":true,"href":"https:\/\/elfsight.com\/es\/wp-json\/wp\/v2\/comments?post=4023"}],"version-history":[{"count":3,"href":"https:\/\/elfsight.com\/es\/wp-json\/wp\/v2\/pages\/4023\/revisions"}],"predecessor-version":[{"id":18061,"href":"https:\/\/elfsight.com\/es\/wp-json\/wp\/v2\/pages\/4023\/revisions\/18061"}],"up":[{"embeddable":true,"href":"https:\/\/elfsight.com\/es\/wp-json\/wp\/v2\/pages\/1979"}],"wp:attachment":[{"href":"https:\/\/elfsight.com\/es\/wp-json\/wp\/v2\/media?parent=4023"}],"curies":[{"name":"wp","href":"https:\/\/api.w.org\/{rel}","templated":true}]}}