{"id":4020,"date":"2022-02-11T11:54:45","date_gmt":"2022-02-11T11:54:45","guid":{"rendered":"https:\/\/elfsight.com\/es\/?page_id=4020"},"modified":"2025-02-06T15:18:02","modified_gmt":"2025-02-06T15:18:02","slug":"blogger","status":"publish","type":"page","link":"https:\/\/elfsight.com\/es\/slider-widget\/blogger\/","title":{"rendered":"Slider &#8211; Blogger"},"content":{"rendered":"<div class=\"application-platform-content-item-description application-platform-content-item\" id=\"description\" data-nav-section=\"description\"><h2>Descripci\u00f3n<\/h2> <p>Elfsight Photo &amp; Image Slider es una herramienta receptiva y sencilla que permite captar la atenci\u00f3n de los usuarios mostrando varias im\u00e1genes, videos o las mejores ofertas en tu sitio web. Usa el n\u00famero de diapositivas que necesites para mostrar tus productos y marcar las mejores ofertas. Agrega efectos especiales y cambia las dimensiones de las im\u00e1genes \/ videos como desees. Con nuestra herramienta podr\u00e1s crear un slider bien marcado que captar\u00e1 la atenci\u00f3n de los usuarios y no los dejar\u00e1 abandonar tu p\u00e1gina web r\u00e1pidamente.<\/p><\/div><div class=\"application-platform-content-item-features application-platform-content-item\" id=\"features\" data-nav-section=\"features\"><h2>Caracter\u00edsticas<\/h2><p>Consulta una lista de todas las funciones del producto. Puedes ajustarlas en el editor y te ayudar\u00e1n a configurar el widget del Slider receptivo seg\u00fan tus necesidades.<\/p><ul><li>Usa botones CTA para guiar a tu audiencia hacia la conversi\u00f3n.<\/li><li>Ajusta la duraci\u00f3n de la transici\u00f3n de las diapositivas.<\/li><li>Elige entre varias opciones disponibles.<\/li><li>Coloca tu contenido donde desees en la p\u00e1gina utilizando la posici\u00f3n avanzada.<\/li><li>Adapta cinco opciones de contenido.<\/li><\/ul><p>Prueba todas las dem\u00e1s funciones en la demo<\/p><\/div><div class=\"application-platform-content-item-installation application-platform-content-item\" id=\"installation\" data-nav-section=\"installation\"><h2>\u00bfC\u00f3mo integrar el Image Slider con un sitio de Blogger?<\/h2><div class=\"video-container\"><iframe width=\"720\" height=\"405\" src=\"https:\/\/www.youtube.com\/embed\/foIBEPhlwwM\" frameborder=\"0\" allowfullscreen=\"\"><\/iframe><\/div><p>Para introducir el producto, simplemente sigue las instrucciones a continuaci\u00f3n<\/p><ol><li><b>Crea tu plugin \u00fanico de Photo Slider<\/b><br> Usando nuestra demo gratuita, dise\u00f1a un plugin con el dise\u00f1o y las caracter\u00edsticas funcionales que prefieras.<\/li><li><b>Obt\u00e9n el c\u00f3digo personal para mostrar el plugin<\/b><br> Despu\u00e9s de crear tu widget, recibir\u00e1s el c\u00f3digo de instalaci\u00f3n en una ventana especial en Elfsight Apps. Cop\u00edalo para usarlo m\u00e1s tarde. <\/li> <li><b>Publica el plugin en tu sitio de Blogger<\/b><br> Elige el lugar donde deseas agregar el plugin y pega el c\u00f3digo guardado all\u00ed. Publica los cambios. <\/li> <li><b>\u00a1Felicidades! \u00a1Acabas de integrar el widget!<\/b><br> Visita el sitio web para verificar tu trabajo. <\/li> <\/ol><p>Si necesitas ayuda o tienes alguna consulta, no dudes en contactar con nuestro soporte al cliente. Nuestros especialistas estar\u00e1n encantados de ayudarte con cualquier duda.<\/p><div class=\"faq\" data-component=\"FAQ\"><div class=\"faq-item\">\r\n\t\t\t\t\t<div class=\"faq-item-question\">\r\n\t\t\t\t\t\t<h3 class=\"faq-item-question-text\">\u00bfHay alguna opci\u00f3n para integrar el Slider en mi p\u00e1gina de Blogger sin necesidad de programar?<\/h3>\r\n\r\n\t\t\t\t\t\t<div class=\"faq-item-question-icon\"><\/div>\r\n\t\t\t\t\t<\/div>\r\n\r\n\t\t\t\t\t<div class=\"faq-item-answer\">\r\n\t\t\t\t\t\t<div class=\"faq-item-answer-text\"> <p>La empresa Elfsight ofrece una soluci\u00f3n en la nube que permite a los usuarios crear un Slider por s\u00ed mismos, ve lo f\u00e1cil que es: Comienza a trabajar directamente en la demo en l\u00ednea para crear el widget del Slider que te gustar\u00eda que aparezca en tu sitio de Blogger. Elige una de nuestras plantillas predefinidas y ajusta la configuraci\u00f3n del Slider, cambia el dise\u00f1o, la paleta de colores y actualiza el contenido sin necesidad de programar. Haz clic para guardar el Slider y copia el c\u00f3digo del plugin para integrarlo, lo cual puedes incluir en tu p\u00e1gina de Blogger sin tener que comprar un plan de pago. Con el Configurador f\u00e1cil de usar, cualquier usuario puede crear un widget de Slider en l\u00ednea e integrarlo r\u00e1pidamente en el sitio web de Blogger. No es necesario pagar ni ingresar datos de tarjeta para acceder al servicio. Si encuentras alg\u00fan problema en cualquier paso, no dudes en contactar con nuestro equipo de soporte.<\/p> <\/div>\r\n\t\t\t\t\t<\/div>\r\n\t\t\t\t<\/div> <\/div><\/div>","protected":false},"excerpt":{"rendered":"","protected":false},"author":18,"featured_media":0,"parent":1653,"menu_order":0,"comment_status":"closed","ping_status":"closed","template":"templates\/template-application-platform.php","meta":{"publish_to_discourse":"","publish_post_category":"","wpdc_auto_publish_overridden":"","wpdc_topic_tags":"","wpdc_pin_topic":"","wpdc_pin_until":"","discourse_post_id":"","discourse_permalink":"","wpdc_publishing_response":"","wpdc_publishing_error":"","footnotes":""},"class_list":["post-4020","page","type-page","status-publish","hentry"],"yoast_head":"<!-- This site is optimized with the Yoast SEO plugin v25.3.1 - https:\/\/yoast.com\/wordpress\/plugins\/seo\/ -->\n<title>Slider - Insertar widget de Deslizador al Blogger<\/title>\n<meta name=\"description\" content=\"Instala un plugin interactivo de Slider en su p\u00e1gina web de Blogger. Use la demo de Elfsight f\u00e1cil de usar y genere su widget propio.\" \/>\n<meta name=\"robots\" content=\"index, follow, max-snippet:-1, max-image-preview:large, max-video-preview:-1\" \/>\n<link rel=\"canonical\" href=\"https:\/\/elfsight.com\/es\/slider-widget\/blogger\/\" \/>\n<meta property=\"og:locale\" content=\"es_ES\" \/>\n<meta property=\"og:type\" content=\"article\" \/>\n<meta property=\"og:title\" content=\"Slider - Insertar widget de Deslizador al Blogger\" \/>\n<meta property=\"og:description\" content=\"Instala un plugin interactivo de Slider en su p\u00e1gina web de Blogger. Use la demo de Elfsight f\u00e1cil de usar y genere su widget propio.\" \/>\n<meta property=\"og:url\" content=\"https:\/\/elfsight.com\/es\/slider-widget\/blogger\/\" \/>\n<meta property=\"og:site_name\" content=\"Elfsight ES\" \/>\n<meta property=\"article:modified_time\" content=\"2025-02-06T15:18:02+00:00\" \/>\n<meta name=\"twitter:card\" content=\"summary_large_image\" \/>\n<meta name=\"twitter:label1\" content=\"Tiempo de lectura\" \/>\n\t<meta name=\"twitter:data1\" content=\"1 minuto\" \/>\n<!-- \/ Yoast SEO plugin. -->","yoast_head_json":{"title":"Slider - Insertar widget de Deslizador al Blogger","description":"Instala un plugin interactivo de Slider en su p\u00e1gina web de Blogger. Use la demo de Elfsight f\u00e1cil de usar y genere su widget propio.","robots":{"index":"index","follow":"follow","max-snippet":"max-snippet:-1","max-image-preview":"max-image-preview:large","max-video-preview":"max-video-preview:-1"},"canonical":"https:\/\/elfsight.com\/es\/slider-widget\/blogger\/","og_locale":"es_ES","og_type":"article","og_title":"Slider - Insertar widget de Deslizador al Blogger","og_description":"Instala un plugin interactivo de Slider en su p\u00e1gina web de Blogger. Use la demo de Elfsight f\u00e1cil de usar y genere su widget propio.","og_url":"https:\/\/elfsight.com\/es\/slider-widget\/blogger\/","og_site_name":"Elfsight ES","article_modified_time":"2025-02-06T15:18:02+00:00","twitter_card":"summary_large_image","twitter_misc":{"Tiempo de lectura":"1 minuto"},"schema":{"@context":"https:\/\/schema.org","@graph":[{"@type":"WebPage","@id":"https:\/\/elfsight.com\/es\/slider-widget\/blogger\/","url":"https:\/\/elfsight.com\/es\/slider-widget\/blogger\/","name":"Slider - Insertar widget de Deslizador al Blogger","isPartOf":{"@id":"https:\/\/elfsight.com\/es\/#website"},"datePublished":"2022-02-11T11:54:45+00:00","dateModified":"2025-02-06T15:18:02+00:00","description":"Instala un plugin interactivo de Slider en su p\u00e1gina web de Blogger. Use la demo de Elfsight f\u00e1cil de usar y genere su widget propio.","breadcrumb":{"@id":"https:\/\/elfsight.com\/es\/slider-widget\/blogger\/#breadcrumb"},"inLanguage":"es","potentialAction":[{"@type":"ReadAction","target":["https:\/\/elfsight.com\/es\/slider-widget\/blogger\/"]}]},{"@type":"BreadcrumbList","@id":"https:\/\/elfsight.com\/es\/slider-widget\/blogger\/#breadcrumb","itemListElement":[{"@type":"ListItem","position":1,"name":"Home","item":"https:\/\/elfsight.com\/es\/"},{"@type":"ListItem","position":2,"name":"Slider","item":"https:\/\/elfsight.com\/es\/slider-widget\/"},{"@type":"ListItem","position":3,"name":"Slider &#8211; Blogger"}]},{"@type":"WebSite","@id":"https:\/\/elfsight.com\/es\/#website","url":"https:\/\/elfsight.com\/es\/","name":"Elfsight ES","description":"Just another Elfsight Sites site","potentialAction":[{"@type":"SearchAction","target":{"@type":"EntryPoint","urlTemplate":"https:\/\/elfsight.com\/es\/?s={search_term_string}"},"query-input":{"@type":"PropertyValueSpecification","valueRequired":true,"valueName":"search_term_string"}}],"inLanguage":"es"}]}},"meta_box":{"industry":"","seo_heading":"","heading":"","description":"","cta_heading":"","cta_description":"","application":"1652","h1":"widget de control deslizante para Blogger","h1_caption":"Muestra sus tremendas fotos y v\u00eddeos en su p\u00e1gina web","application_category":[],"applications_title":"","applications_request_title":"","applications_request_button_text":"","hero_text":"","hero_video":"","hero_video_schema_markup":"","selling_points_title":"","selling_points_caption":"","selling_points":[],"selling_points_cta_text":"","features_title":"","features":"","ed_cta_examples_text":"","ed_cta_examples_hidden":"","ed_cta_demo_text":"","ed_cta_demo_hidden":"","why_caption":"","why_editor_title":"","why_editor_text":"","why_team_title":"","why_team_text":"","why_service_title":"","why_service_text":"","template_catalog_visible":"","template_catalog_title":"","template_catalog_text":"","template_catalog_categories_visible":"","demo_title":"Crea tu widget deslizante","demo_caption":"\u00a1Configura tu Slider y agr\u00e9galo a tu sitio web de Blogger gratis!","default_faq_hidden":"","app_template_category":[],"platform":"39","template_public_id":"","codecanyon_url":"","codecanyon_item_id":"","codecanyon_price":"","pricing_caption":"","pricing_elfsight_apps_hide_column":"","pricing_elfsight_apps_url":"","pricing_codecanyon_price_caption":"","integration_category":[],"integration_request_title":"","integration_request_cta":"","integration_platform":"","integrations":[],"platform_category":[],"video_schema_markup":"","price":"desde $0 por mes","trial":"","benefits":[{"text":"Instalaci\u00f3n gratuita"},{"text":"Soporte Premium"},{"text":"14 d\u00edas garant\u00eda de reembolso"},{"text":"Actualizaciones regulares"}],"button_url":"#demo","button_target_blank":"0","button_nofollow":"0","attributes":[{"name":"Responsivo","content":"Si","_state":"expanded"},{"name":"Navegadores compatibles","content":"Firefox, Safari, Opera, Chrome, Edge","_state":"expanded"}],"tags":[],"tags_disable_links":"0","hide_more_platforms":"","video_object":"","demo_hide_cta":"0","demo_hide_cloud_options":"0","pricing_title":"","pricing":[{"pricing_icon":"platform","pricing_title":" Elfsight Apps","pricing_title_caption":"Soluci\u00f3n multiplataforma - valido para cualquier p\u00e1gina web","pricing_price":"desde $0 por mes","pricing_price_caption":"empezar con un plan gratuito","pricing_benefits":[{"text":"Sitios web ilimitados"},{"text":"Atenci\u00f3n al cliente gratuita y r\u00e1pida"},{"text":"Servicio de instalaci\u00f3n gratuito"},{"text":"Totalmente personalizable"}],"pricing_button_text":"Agregar al sitio web","pricing_button_url":"#demo","_state":"expanded"}],"related_apps_title":"","related_apps_hidden":"1","author":"","image":[],"title":"","job":"","social_networks":[]},"_links":{"self":[{"href":"https:\/\/elfsight.com\/es\/wp-json\/wp\/v2\/pages\/4020","targetHints":{"allow":["GET"]}}],"collection":[{"href":"https:\/\/elfsight.com\/es\/wp-json\/wp\/v2\/pages"}],"about":[{"href":"https:\/\/elfsight.com\/es\/wp-json\/wp\/v2\/types\/page"}],"author":[{"embeddable":true,"href":"https:\/\/elfsight.com\/es\/wp-json\/wp\/v2\/users\/18"}],"replies":[{"embeddable":true,"href":"https:\/\/elfsight.com\/es\/wp-json\/wp\/v2\/comments?post=4020"}],"version-history":[{"count":3,"href":"https:\/\/elfsight.com\/es\/wp-json\/wp\/v2\/pages\/4020\/revisions"}],"predecessor-version":[{"id":18059,"href":"https:\/\/elfsight.com\/es\/wp-json\/wp\/v2\/pages\/4020\/revisions\/18059"}],"up":[{"embeddable":true,"href":"https:\/\/elfsight.com\/es\/wp-json\/wp\/v2\/pages\/1653"}],"wp:attachment":[{"href":"https:\/\/elfsight.com\/es\/wp-json\/wp\/v2\/media?parent=4020"}],"curies":[{"name":"wp","href":"https:\/\/api.w.org\/{rel}","templated":true}]}}