{"id":4017,"date":"2022-02-11T11:56:36","date_gmt":"2022-02-11T11:56:36","guid":{"rendered":"https:\/\/elfsight.com\/es\/?page_id=4017"},"modified":"2025-02-06T15:17:52","modified_gmt":"2025-02-06T15:17:52","slug":"iframe","status":"publish","type":"page","link":"https:\/\/elfsight.com\/es\/social-media-share-buttons\/iframe\/","title":{"rendered":"Social Share Buttons &#8211; iFrame"},"content":{"rendered":"<div class=\"application-platform-content-item-description application-platform-content-item\" id=\"description\" data-nav-section=\"description\"><h2>Integra botones para compartir en redes sociales en iFrame con el widget de Elfsight<\/h2><p>Un plugin eficaz para compartir en cualquier sitio web, que permite a tus clientes difundir contenido en diferentes redes sociales. Comienza a aumentar la presencia de tu empresa en Facebook, LinkedIn y otras plataformas y atrae nuevos seguidores y fans utilizando el contenido de tu sitio.<\/p> <p><b>\u00a1Obt\u00e9n m\u00e1s vistas y seguidores desde las redes sociales!<\/b><\/p> <p><b>M\u00e1xima difusi\u00f3n de contenido y productos en redes sociales<\/b><br> Usando varias opciones de dise\u00f1o y funcionalidad, con solo un clic, tu contenido recibir\u00e1 una poderosa difusi\u00f3n en todas las redes sociales.<\/p><p><b>Muestra tus publicaciones atractivas a una audiencia m\u00e1s amplia<\/b><br> Proporciona a tus usuarios una forma f\u00e1cil de compartir tu contenido sin esfuerzo para aumentar tu audiencia.<\/p><p><b>Aumenta el tr\u00e1fico en tu sitio web<\/b><br> Atrae nuevos usuarios a tu sitio a trav\u00e9s de una presencia activa en redes sociales y aumenta el n\u00famero de clics.<\/p><p><b>Una forma efectiva de conseguir nuevos suscriptores en redes sociales<\/b><br> Coloca contenido atractivo y da la oportunidad a tus lectores de promocionarlo en sus propios perfiles de redes sociales.<\/p><\/div><div class=\"application-platform-content-item-features application-platform-content-item\" id=\"features\" data-nav-section=\"features\"><h2>Principales caracter\u00edsticas del widget de botones para compartir en redes sociales<\/h2><p>\u00bfQu\u00e9 hace que nuestros botones sean los mejores de todos los plugins de iFrame para compartir? Descubre nuestras caracter\u00edsticas clave:<\/p><ul><li>M\u00e1s de 40 redes sociales integradas;<\/li><li>2 dise\u00f1os: en l\u00ednea y flotante;<\/li><li>Coloca un n\u00famero ilimitado de botones;<\/li><li>Configura cualquier n\u00famero de columnas para organizar los botones;<\/li><li>Establece el ancho de los botones.<\/li><\/ul><p><a href=\"#demo\">M\u00e1s opciones en la demo gratuita<\/a><\/p><\/div><div class=\"application-platform-content-item-installation application-platform-content-item\" id=\"installation\" data-nav-section=\"installation\"><h2>C\u00f3mo agregar botones para compartir en iFrame<\/h2><p>Aqu\u00ed tienes una breve instrucci\u00f3n para integrar botones de compartir en un sitio web sin necesidad de programar. Solo necesitar\u00e1s 2 minutos para realizar el tutorial.<\/p><ol><li><b>Crea tu plugin de compartir personalizado<\/b><br> Con la ayuda de nuestro editor gratuito, configura el plugin, luego personaliza el dise\u00f1o y el estilo.<\/li><li><b>Recibe el c\u00f3digo individual para mostrar el plugin<\/b><br> Despu\u00e9s de configurar tu plugin, obtendr\u00e1s el c\u00f3digo \u00fanico de la ventana emergente en Elfsight Apps. Copia el c\u00f3digo para usarlo m\u00e1s adelante.<\/li> <li><b>Muestra el plugin en tu sitio web iFrame<\/b><br> Elige el \u00e1rea donde quieres mostrar el plugin y pega el c\u00f3digo copiado all\u00ed. Guarda los resultados.<\/li> <li><b>La configuraci\u00f3n est\u00e1 lista<\/b><br> Entra en la p\u00e1gina para ver tus botones.<\/li> <\/ol><p>\u00bfNecesitas ayuda con la configuraci\u00f3n o el dise\u00f1o del plugin? Nuestro equipo est\u00e1 aqu\u00ed para ofrecerte asesoramiento y soluciones. Tambi\u00e9n puedes intentar resolver el problema por tu cuenta usando nuestro manual detallado \u00abC\u00f3mo colocar botones de compartir en un sitio iFrame\u00bb.<\/p><\/div><div class=\"faq\" data-component=\"FAQ\"><div class=\"faq-item\">\r\n\t\t\t\t\t<div class=\"faq-item-question\">\r\n\t\t\t\t\t\t<h3 class=\"faq-item-question-text\">\u00bfC\u00f3mo agregar los botones para compartir en redes sociales a mi p\u00e1gina web iFrame sin programar?<\/h3>\r\n\r\n\t\t\t\t\t\t<div class=\"faq-item-question-icon\"><\/div>\r\n\t\t\t\t\t<\/div>\r\n\r\n\t\t\t\t\t<div class=\"faq-item-answer\">\r\n\t\t\t\t\t\t<div class=\"faq-item-answer-text\"><p>La empresa Elfsight ofrece una soluci\u00f3n en la nube que te permite crear una aplicaci\u00f3n de Botones para compartir en redes sociales por ti mismo, mira esta gu\u00eda sencilla:<\/p><ul><li>Ve al Editor en vivo para crear el plugin de Botones para compartir que deseas integrar en tu p\u00e1gina web iFrame.<\/li><li>Selecciona una de nuestras plantillas pre-dise\u00f1adas y adapta la configuraci\u00f3n de los botones para compartir, cambia el dise\u00f1o y el esquema de colores, agrega tu contenido sin conocimientos de codificaci\u00f3n.<\/li><li>Guarda los Botones para compartir y obt\u00e9n el c\u00f3digo del plugin para la instalaci\u00f3n, que puedes integrar f\u00e1cilmente en la p\u00e1gina web iFrame dentro de un plan gratuito.<\/li><\/ul><p>Usando el Editor intuitivo, cualquier usuario web puede crear una aplicaci\u00f3n de Botones para compartir y a\u00f1adirla f\u00e1cilmente a cualquier p\u00e1gina web iFrame. No es necesario pagar ni divulgar tus datos bancarios para acceder al Editor de Elfsight. Si tienes alg\u00fan problema en cualquier paso, no dudes en contactar con nuestro soporte al cliente.<\/p><\/div>\r\n\t\t\t\t\t<\/div>\r\n\t\t\t\t<\/div><\/div>","protected":false},"excerpt":{"rendered":"","protected":false},"author":18,"featured_media":0,"parent":1979,"menu_order":0,"comment_status":"closed","ping_status":"closed","template":"templates\/template-application-platform.php","meta":{"publish_to_discourse":"","publish_post_category":"","wpdc_auto_publish_overridden":"","wpdc_topic_tags":"","wpdc_pin_topic":"","wpdc_pin_until":"","discourse_post_id":"","discourse_permalink":"","wpdc_publishing_response":"","wpdc_publishing_error":"","footnotes":""},"class_list":["post-4017","page","type-page","status-publish","hentry"],"yoast_head":"<!-- This site is optimized with the Yoast SEO plugin v25.3.1 - https:\/\/yoast.com\/wordpress\/plugins\/seo\/ -->\n<title>Compartir en Redes Sociales - Integrar widget de Botones de Compartir al iFrame<\/title>\n<meta name=\"description\" content=\"A\u00f1ade un widget hermoso de Compartir en Redes Sociales en su sitio web de iFrame. Lance la demo de Elfsight manejable y construe su widget propio.\" \/>\n<meta name=\"robots\" content=\"index, follow, max-snippet:-1, max-image-preview:large, max-video-preview:-1\" \/>\n<link rel=\"canonical\" href=\"https:\/\/elfsight.com\/es\/social-media-share-buttons\/iframe\/\" \/>\n<meta property=\"og:locale\" content=\"es_ES\" \/>\n<meta property=\"og:type\" content=\"article\" \/>\n<meta property=\"og:title\" content=\"Compartir en Redes Sociales - Integrar widget de Botones de Compartir al iFrame\" \/>\n<meta property=\"og:description\" content=\"A\u00f1ade un widget hermoso de Compartir en Redes Sociales en su sitio web de iFrame. Lance la demo de Elfsight manejable y construe su widget propio.\" \/>\n<meta property=\"og:url\" content=\"https:\/\/elfsight.com\/es\/social-media-share-buttons\/iframe\/\" \/>\n<meta property=\"og:site_name\" content=\"Elfsight ES\" \/>\n<meta property=\"article:modified_time\" content=\"2025-02-06T15:17:52+00:00\" \/>\n<meta name=\"twitter:card\" content=\"summary_large_image\" \/>\n<meta name=\"twitter:label1\" content=\"Tiempo de lectura\" \/>\n\t<meta name=\"twitter:data1\" content=\"1 minuto\" \/>\n<!-- \/ Yoast SEO plugin. -->","yoast_head_json":{"title":"Compartir en Redes Sociales - Integrar widget de Botones de Compartir al iFrame","description":"A\u00f1ade un widget hermoso de Compartir en Redes Sociales en su sitio web de iFrame. Lance la demo de Elfsight manejable y construe su widget propio.","robots":{"index":"index","follow":"follow","max-snippet":"max-snippet:-1","max-image-preview":"max-image-preview:large","max-video-preview":"max-video-preview:-1"},"canonical":"https:\/\/elfsight.com\/es\/social-media-share-buttons\/iframe\/","og_locale":"es_ES","og_type":"article","og_title":"Compartir en Redes Sociales - Integrar widget de Botones de Compartir al iFrame","og_description":"A\u00f1ade un widget hermoso de Compartir en Redes Sociales en su sitio web de iFrame. Lance la demo de Elfsight manejable y construe su widget propio.","og_url":"https:\/\/elfsight.com\/es\/social-media-share-buttons\/iframe\/","og_site_name":"Elfsight ES","article_modified_time":"2025-02-06T15:17:52+00:00","twitter_card":"summary_large_image","twitter_misc":{"Tiempo de lectura":"1 minuto"},"schema":{"@context":"https:\/\/schema.org","@graph":[{"@type":"WebPage","@id":"https:\/\/elfsight.com\/es\/social-media-share-buttons\/iframe\/","url":"https:\/\/elfsight.com\/es\/social-media-share-buttons\/iframe\/","name":"Compartir en Redes Sociales - Integrar widget de Botones de Compartir al iFrame","isPartOf":{"@id":"https:\/\/elfsight.com\/es\/#website"},"datePublished":"2022-02-11T11:56:36+00:00","dateModified":"2025-02-06T15:17:52+00:00","description":"A\u00f1ade un widget hermoso de Compartir en Redes Sociales en su sitio web de iFrame. Lance la demo de Elfsight manejable y construe su widget propio.","breadcrumb":{"@id":"https:\/\/elfsight.com\/es\/social-media-share-buttons\/iframe\/#breadcrumb"},"inLanguage":"es","potentialAction":[{"@type":"ReadAction","target":["https:\/\/elfsight.com\/es\/social-media-share-buttons\/iframe\/"]}]},{"@type":"BreadcrumbList","@id":"https:\/\/elfsight.com\/es\/social-media-share-buttons\/iframe\/#breadcrumb","itemListElement":[{"@type":"ListItem","position":1,"name":"Home","item":"https:\/\/elfsight.com\/es\/"},{"@type":"ListItem","position":2,"name":"Social Share Buttons","item":"https:\/\/elfsight.com\/es\/social-media-share-buttons\/"},{"@type":"ListItem","position":3,"name":"Social Share Buttons &#8211; iFrame"}]},{"@type":"WebSite","@id":"https:\/\/elfsight.com\/es\/#website","url":"https:\/\/elfsight.com\/es\/","name":"Elfsight ES","description":"Just another Elfsight Sites site","potentialAction":[{"@type":"SearchAction","target":{"@type":"EntryPoint","urlTemplate":"https:\/\/elfsight.com\/es\/?s={search_term_string}"},"query-input":{"@type":"PropertyValueSpecification","valueRequired":true,"valueName":"search_term_string"}}],"inLanguage":"es"}]}},"meta_box":{"industry":"","seo_heading":"","heading":"","description":"","cta_heading":"","cta_description":"","application":"1978","h1":"Widget de Compartir en Redes Sociales para iFrame","h1_caption":"Muestra m\u00e1s de 40 iconos de redes sociales en el sitio web","application_category":[],"applications_title":"","applications_request_title":"","applications_request_button_text":"","hero_text":"","hero_video":"","hero_video_schema_markup":"","selling_points_title":"","selling_points_caption":"","selling_points":[],"selling_points_cta_text":"","features_title":"","features":"","ed_cta_examples_text":"","ed_cta_examples_hidden":"","ed_cta_demo_text":"","ed_cta_demo_hidden":"","why_caption":"","why_editor_title":"","why_editor_text":"","why_team_title":"","why_team_text":"","why_service_title":"","why_service_text":"","template_catalog_visible":"","template_catalog_title":"","template_catalog_text":"","template_catalog_categories_visible":"","demo_title":"Crea tu widget de botones para compartir en redes sociales","demo_caption":"\u00a1Configure sus botones para compartir en redes sociales y agr\u00e9guelos a su sitio web iFrame de forma gratuita!","default_faq_hidden":"","app_template_category":[],"platform":"2192","template_public_id":"","codecanyon_url":"","codecanyon_item_id":"","codecanyon_price":"","pricing_caption":"","pricing_elfsight_apps_hide_column":"","pricing_elfsight_apps_url":"","pricing_codecanyon_price_caption":"","integration_category":[],"integration_request_title":"","integration_request_cta":"","integration_platform":"","integrations":[],"platform_category":[],"video_schema_markup":"","price":"desde $0 por mes","trial":"","benefits":[{"text":"Instalaci\u00f3n gratuita"},{"text":"Soporte Premium"},{"text":"14 d\u00edas garant\u00eda de reembolso"},{"text":"Actualizaciones regulares"}],"button_url":"#demo","button_target_blank":"0","button_nofollow":"0","attributes":[{"name":"Responsivo","content":"Si","_state":"expanded"},{"name":"Navegadores compatibles","content":"Firefox, Safari, Opera, Chrome, Edge","_state":"expanded"}],"tags":[],"tags_disable_links":"0","hide_more_platforms":"","video_object":"","demo_hide_cta":"0","demo_hide_cloud_options":"0","pricing_title":"","pricing":[{"pricing_icon":"platform","pricing_title":" Elfsight Apps","pricing_title_caption":"Soluci\u00f3n multiplataforma - valido para cualquier p\u00e1gina web","pricing_price":"desde $0 por mes","pricing_price_caption":"empezar con un plan gratuito","pricing_benefits":[{"text":"Sitios web ilimitados"},{"text":"Atenci\u00f3n al cliente gratuita y r\u00e1pida"},{"text":"Servicio de instalaci\u00f3n gratuito"},{"text":"Totalmente personalizable"}],"pricing_button_text":"Agregar al sitio web","pricing_button_url":"#demo","_state":"expanded"}],"related_apps_title":"","related_apps_hidden":"1","author":"","image":[],"title":"","job":"","social_networks":[]},"_links":{"self":[{"href":"https:\/\/elfsight.com\/es\/wp-json\/wp\/v2\/pages\/4017","targetHints":{"allow":["GET"]}}],"collection":[{"href":"https:\/\/elfsight.com\/es\/wp-json\/wp\/v2\/pages"}],"about":[{"href":"https:\/\/elfsight.com\/es\/wp-json\/wp\/v2\/types\/page"}],"author":[{"embeddable":true,"href":"https:\/\/elfsight.com\/es\/wp-json\/wp\/v2\/users\/18"}],"replies":[{"embeddable":true,"href":"https:\/\/elfsight.com\/es\/wp-json\/wp\/v2\/comments?post=4017"}],"version-history":[{"count":3,"href":"https:\/\/elfsight.com\/es\/wp-json\/wp\/v2\/pages\/4017\/revisions"}],"predecessor-version":[{"id":18058,"href":"https:\/\/elfsight.com\/es\/wp-json\/wp\/v2\/pages\/4017\/revisions\/18058"}],"up":[{"embeddable":true,"href":"https:\/\/elfsight.com\/es\/wp-json\/wp\/v2\/pages\/1979"}],"wp:attachment":[{"href":"https:\/\/elfsight.com\/es\/wp-json\/wp\/v2\/media?parent=4017"}],"curies":[{"name":"wp","href":"https:\/\/api.w.org\/{rel}","templated":true}]}}