{"id":4015,"date":"2022-02-11T11:56:44","date_gmt":"2022-02-11T11:56:44","guid":{"rendered":"https:\/\/elfsight.com\/es\/?page_id=4015"},"modified":"2025-02-06T15:17:52","modified_gmt":"2025-02-06T15:17:52","slug":"jquery","status":"publish","type":"page","link":"https:\/\/elfsight.com\/es\/testimonials-slider-widget\/jquery\/","title":{"rendered":"Testimonials Slider &#8211; jQuery"},"content":{"rendered":"<div class=\"application-platform-content-item-description application-platform-content-item\" id=\"description\" data-nav-section=\"description\"><h2>Descripci\u00f3n<\/h2><p>Testimonials Slider \u2013 un excelente plugin para mostrar los testimonios de tus clientes en tu sitio web. Puedes a\u00f1adir cualquier prueba social para hacer los testimonios m\u00e1s confiables: nombre del autor, foto, logotipo comercial de la organizaci\u00f3n e incluso un enlace al sitio web.<\/p><p><b>Incrementa la confianza en tu servicio mostrando a los visitantes tus testimonios reales y brillantes.<\/b><\/p><ul><li><b>Crea testimonios completamente confiables<\/b>.<br> Muestra toda la informaci\u00f3n sobre el autor de los testimonios, incluyendo: nombre, empresa, puesto, para demostrar a los visitantes que est\u00e1n viendo testimonios de clientes reales.<\/li><li><b>Incentiva a los usuarios a comprar<\/b>.<br> Mostrar testimonios reales de usuarios con experiencias positivas inspira a los clientes a compartir estas impresiones y los motiva a comprar, aumentando tu conversi\u00f3n.<\/li><li><b>Una prueba social m\u00e1s<\/b>.<br> Un enlace desde el testimonio a Facebook, LinkedIn o al sitio web del autor es una se\u00f1al de confiabilidad para los usuarios, lo que aumenta la credibilidad y demuestra que tu negocio es real.<\/li><li><b>Aumenta la conversi\u00f3n hasta un 200%<\/b>.<br> Convierte tus testimonios en un argumento crucial, mostrarlos justo donde los usuarios toman su decisi\u00f3n de compra o registro.<\/li><\/ul><\/div><div class=\"faq\" data-component=\"FAQ\"><div class=\"faq-item\">\r\n\t\t\t\t\t<div class=\"faq-item-question\">\r\n\t\t\t\t\t\t<h3 class=\"faq-item-question-text\">\u00bfC\u00f3mo puedo integrar Testimonials Slider en un sitio web jQuery? <\/h3>\r\n\r\n\t\t\t\t\t\t<div class=\"faq-item-question-icon\"><\/div>\r\n\t\t\t\t\t<\/div>\r\n\r\n\t\t\t\t\t<div class=\"faq-item-answer\">\r\n\t\t\t\t\t\t<div class=\"faq-item-answer-text\"><p>La creaci\u00f3n de la herramienta se realiza dentro del sitio web de Elfsight y no es necesario aprender a programar. Abre la demo en l\u00ednea para personalizar tu herramienta, obtener el c\u00f3digo e integrarlo en tu sitio.<\/p><\/div>\r\n\t\t\t\t\t<\/div>\r\n\t\t\t\t<\/div><div class=\"faq-item\">\r\n\t\t\t\t\t<div class=\"faq-item-question\">\r\n\t\t\t\t\t\t<h3 class=\"faq-item-question-text\">\u00bfCu\u00e1les son las mejores formas de utilizar la integraci\u00f3n del widget de comentarios?<\/h3>\r\n\r\n\t\t\t\t\t\t<div class=\"faq-item-question-icon\"><\/div>\r\n\t\t\t\t\t<\/div>\r\n\r\n\t\t\t\t\t<div class=\"faq-item-answer\">\r\n\t\t\t\t\t\t<div class=\"faq-item-answer-text\"><p>Tenemos muchas opciones de personalizaci\u00f3n: widgets a tama\u00f1o completo para implementar en el \u00e1rea de contenido, widgets flotantes para opciones de desplazamiento, dise\u00f1os para el pie de p\u00e1gina, secci\u00f3n superior y todo tipo de opciones verticales para barras laterales y men\u00fas del sitio web.<\/p><\/div>\r\n\t\t\t\t\t<\/div>\r\n\t\t\t\t<\/div><div class=\"faq-item\">\r\n\t\t\t\t\t<div class=\"faq-item-question\">\r\n\t\t\t\t\t\t<h3 class=\"faq-item-question-text\">\u00bfPuedo crear un Slider de tarjetas o carrusel de testimonios a trav\u00e9s del editor? <\/h3>\r\n\r\n\t\t\t\t\t\t<div class=\"faq-item-question-icon\"><\/div>\r\n\t\t\t\t\t<\/div>\r\n\r\n\t\t\t\t\t<div class=\"faq-item-answer\">\r\n\t\t\t\t\t\t<div class=\"faq-item-answer-text\"><p>Puedes crear cualquier variaci\u00f3n de widgets. Hay muchos dise\u00f1os disponibles en el editor, y todos se pueden ajustar r\u00e1pidamente como lo necesites.<\/p><\/div>\r\n\t\t\t\t\t<\/div>\r\n\t\t\t\t<\/div><\/div><div class=\"application-platform-content-item-features application-platform-content-item\" id=\"features\" data-nav-section=\"features\"><h2>Caracter\u00edsticas<\/h2><p>Las principales caracter\u00edsticas que convierten el Testimonials Slider de Elfsight en un plugin imprescindible para cualquier sitio web jQuery.<\/p><ul><li>Responsive y adecuado para cualquier dise\u00f1o;<\/li><li>Muestra el nombre y foto del autor para mayor confianza;<\/li><li>Aumenta la credibilidad con un enlace al sitio web del autor;<\/li><li>Disposici\u00f3n en Slider, Grid, Carrusel y Rotador para una amplia variedad de casos de uso;<\/li><li>Usa el perfil de Facebook o Twitter del autor para demostrar que es una persona real.<\/li><\/ul><p><a href=\"#demo\">Otras caracter\u00edsticas en el editor gratuito<\/a><\/p><\/div><div class=\"application-platform-content-item-installation application-platform-content-item\" id=\"installation\" data-nav-section=\"installation\"><h2>C\u00f3mo agregar Testimonials Slider al sitio web jQuery<\/h2><p>El plugin de Elfsight es intuitivo para instalar y no requiere conocimientos de programaci\u00f3n. El tutorial solo tomar\u00e1 unos minutos.<\/p><ol><li><b>Crea tu Slider personalizado de Testimonios<\/b>.<br> Con nuestra demo gratuita, elige un plugin con la plantilla necesaria (Carrusel, Rotador, Grid, etc.) y opciones.<\/li><li><b>Recibe el c\u00f3digo para mostrar el plugin<\/b>.<br> Despu\u00e9s de ajustar el widget, recibir\u00e1s el c\u00f3digo del Testimonial en la ventana emergente de Elfsight Apps.<\/li><li><b>Muestra el plugin en tu sitio jQuery<\/b>.<br> Coloca el plugin en la ubicaci\u00f3n deseada de la p\u00e1gina y aplica los cambios.<\/li><li><b>\u00a1La integraci\u00f3n es exitosa!<\/b>.<br> Entra en tu sitio jQuery para comprobar c\u00f3mo funciona.<\/li><\/ol><p>\u00bfTienes alguna pregunta sobre la instalaci\u00f3n o la configuraci\u00f3n del plugin de testimonios? Contacta con nuestro Centro de Soporte.<\/p><\/div>","protected":false},"excerpt":{"rendered":"","protected":false},"author":18,"featured_media":0,"parent":2041,"menu_order":0,"comment_status":"closed","ping_status":"closed","template":"templates\/template-application-platform.php","meta":{"publish_to_discourse":"","publish_post_category":"","wpdc_auto_publish_overridden":"","wpdc_topic_tags":"","wpdc_pin_topic":"","wpdc_pin_until":"","discourse_post_id":"","discourse_permalink":"","wpdc_publishing_response":"","wpdc_publishing_error":"","footnotes":""},"class_list":["post-4015","page","type-page","status-publish","hentry"],"yoast_head":"<!-- This site is optimized with the Yoast SEO plugin v25.3.1 - https:\/\/yoast.com\/wordpress\/plugins\/seo\/ -->\n<title>Testimonios Slider - A\u00f1adir widget de Deslizador de Testimonios al jQuery<\/title>\n<meta name=\"description\" content=\"Instala un widget interactivo de Testimonios Slider en su sitio web de jQuery. Pruebe la demo de Elfsight f\u00e1cil de usar y construe su widget personalizado.\" \/>\n<meta name=\"robots\" content=\"index, follow, max-snippet:-1, max-image-preview:large, max-video-preview:-1\" \/>\n<link rel=\"canonical\" href=\"https:\/\/elfsight.com\/es\/testimonials-slider-widget\/jquery\/\" \/>\n<meta property=\"og:locale\" content=\"es_ES\" \/>\n<meta property=\"og:type\" content=\"article\" \/>\n<meta property=\"og:title\" content=\"Testimonios Slider - A\u00f1adir widget de Deslizador de Testimonios al jQuery\" \/>\n<meta property=\"og:description\" content=\"Instala un widget interactivo de Testimonios Slider en su sitio web de jQuery. Pruebe la demo de Elfsight f\u00e1cil de usar y construe su widget personalizado.\" \/>\n<meta property=\"og:url\" content=\"https:\/\/elfsight.com\/es\/testimonials-slider-widget\/jquery\/\" \/>\n<meta property=\"og:site_name\" content=\"Elfsight ES\" \/>\n<meta property=\"article:modified_time\" content=\"2025-02-06T15:17:52+00:00\" \/>\n<meta name=\"twitter:card\" content=\"summary_large_image\" \/>\n<meta name=\"twitter:label1\" content=\"Tiempo de lectura\" \/>\n\t<meta name=\"twitter:data1\" content=\"1 minuto\" \/>\n<!-- \/ Yoast SEO plugin. -->","yoast_head_json":{"title":"Testimonios Slider - A\u00f1adir widget de Deslizador de Testimonios al jQuery","description":"Instala un widget interactivo de Testimonios Slider en su sitio web de jQuery. Pruebe la demo de Elfsight f\u00e1cil de usar y construe su widget personalizado.","robots":{"index":"index","follow":"follow","max-snippet":"max-snippet:-1","max-image-preview":"max-image-preview:large","max-video-preview":"max-video-preview:-1"},"canonical":"https:\/\/elfsight.com\/es\/testimonials-slider-widget\/jquery\/","og_locale":"es_ES","og_type":"article","og_title":"Testimonios Slider - A\u00f1adir widget de Deslizador de Testimonios al jQuery","og_description":"Instala un widget interactivo de Testimonios Slider en su sitio web de jQuery. Pruebe la demo de Elfsight f\u00e1cil de usar y construe su widget personalizado.","og_url":"https:\/\/elfsight.com\/es\/testimonials-slider-widget\/jquery\/","og_site_name":"Elfsight ES","article_modified_time":"2025-02-06T15:17:52+00:00","twitter_card":"summary_large_image","twitter_misc":{"Tiempo de lectura":"1 minuto"},"schema":{"@context":"https:\/\/schema.org","@graph":[{"@type":"WebPage","@id":"https:\/\/elfsight.com\/es\/testimonials-slider-widget\/jquery\/","url":"https:\/\/elfsight.com\/es\/testimonials-slider-widget\/jquery\/","name":"Testimonios Slider - A\u00f1adir widget de Deslizador de Testimonios al jQuery","isPartOf":{"@id":"https:\/\/elfsight.com\/es\/#website"},"datePublished":"2022-02-11T11:56:44+00:00","dateModified":"2025-02-06T15:17:52+00:00","description":"Instala un widget interactivo de Testimonios Slider en su sitio web de jQuery. Pruebe la demo de Elfsight f\u00e1cil de usar y construe su widget personalizado.","breadcrumb":{"@id":"https:\/\/elfsight.com\/es\/testimonials-slider-widget\/jquery\/#breadcrumb"},"inLanguage":"es","potentialAction":[{"@type":"ReadAction","target":["https:\/\/elfsight.com\/es\/testimonials-slider-widget\/jquery\/"]}]},{"@type":"BreadcrumbList","@id":"https:\/\/elfsight.com\/es\/testimonials-slider-widget\/jquery\/#breadcrumb","itemListElement":[{"@type":"ListItem","position":1,"name":"Home","item":"https:\/\/elfsight.com\/es\/"},{"@type":"ListItem","position":2,"name":"Testimonials Slider","item":"https:\/\/elfsight.com\/es\/testimonials-slider-widget\/"},{"@type":"ListItem","position":3,"name":"Testimonials Slider &#8211; jQuery"}]},{"@type":"WebSite","@id":"https:\/\/elfsight.com\/es\/#website","url":"https:\/\/elfsight.com\/es\/","name":"Elfsight ES","description":"Just another Elfsight Sites site","potentialAction":[{"@type":"SearchAction","target":{"@type":"EntryPoint","urlTemplate":"https:\/\/elfsight.com\/es\/?s={search_term_string}"},"query-input":{"@type":"PropertyValueSpecification","valueRequired":true,"valueName":"search_term_string"}}],"inLanguage":"es"}]}},"meta_box":{"industry":"","seo_heading":"","heading":"","description":"","cta_heading":"","cta_description":"","application":"2040","h1":"widget de Testimonios Slider para jQuery","h1_caption":"Una widget \u00fatil para mostrar rese\u00f1as de sus clientes en su sitio","application_category":[],"applications_title":"","applications_request_title":"","applications_request_button_text":"","hero_text":"","hero_video":"","hero_video_schema_markup":"","selling_points_title":"","selling_points_caption":"","selling_points":[],"selling_points_cta_text":"","features_title":"","features":"","ed_cta_examples_text":"","ed_cta_examples_hidden":"","ed_cta_demo_text":"","ed_cta_demo_hidden":"","why_caption":"","why_editor_title":"","why_editor_text":"","why_team_title":"","why_team_text":"","why_service_title":"","why_service_text":"","template_catalog_visible":"","template_catalog_title":"","template_catalog_text":"","template_catalog_categories_visible":"","demo_title":"Cree su complemento Control deslizante de testimonios","demo_caption":"\u00a1Configure su control deslizante de testimonios y agr\u00e9guelo a su sitio web jQuery de forma gratuita!","default_faq_hidden":"","app_template_category":[],"platform":"76","template_public_id":"","codecanyon_url":"","codecanyon_item_id":"","codecanyon_price":"","pricing_caption":"","pricing_elfsight_apps_hide_column":"","pricing_elfsight_apps_url":"","pricing_codecanyon_price_caption":"","integration_category":[],"integration_request_title":"","integration_request_cta":"","integration_platform":"","integrations":[],"platform_category":[],"video_schema_markup":"","price":"desde $0 por mes","trial":"","benefits":[{"text":"Instalaci\u00f3n gratuita"},{"text":"Soporte Premium"},{"text":"14 d\u00edas garant\u00eda de reembolso"},{"text":"Actualizaciones regulares"}],"button_url":"#demo","button_target_blank":"0","button_nofollow":"0","attributes":[{"name":"Responsivo","content":"Si","_state":"expanded"},{"name":"Navegadores compatibles","content":"Firefox, Safari, Opera, Chrome, Edge","_state":"expanded"}],"tags":[],"tags_disable_links":"0","hide_more_platforms":"","video_object":"","demo_hide_cta":"0","demo_hide_cloud_options":"0","pricing_title":"","pricing":[{"pricing_icon":"platform","pricing_title":" Elfsight Apps","pricing_title_caption":"Soluci\u00f3n multiplataforma - valido para cualquier p\u00e1gina web","pricing_price":"desde $0 por mes","pricing_price_caption":"empezar con un plan gratuito","pricing_benefits":[{"text":"Sitios web ilimitados"},{"text":"Atenci\u00f3n al cliente gratuita y r\u00e1pida"},{"text":"Servicio de instalaci\u00f3n gratuito"},{"text":"Totalmente personalizable"}],"pricing_button_text":"Agregar al sitio web","pricing_button_url":"#demo","_state":"expanded"}],"related_apps_title":"","related_apps_hidden":"1","author":"","image":[],"title":"","job":"","social_networks":[]},"_links":{"self":[{"href":"https:\/\/elfsight.com\/es\/wp-json\/wp\/v2\/pages\/4015","targetHints":{"allow":["GET"]}}],"collection":[{"href":"https:\/\/elfsight.com\/es\/wp-json\/wp\/v2\/pages"}],"about":[{"href":"https:\/\/elfsight.com\/es\/wp-json\/wp\/v2\/types\/page"}],"author":[{"embeddable":true,"href":"https:\/\/elfsight.com\/es\/wp-json\/wp\/v2\/users\/18"}],"replies":[{"embeddable":true,"href":"https:\/\/elfsight.com\/es\/wp-json\/wp\/v2\/comments?post=4015"}],"version-history":[{"count":3,"href":"https:\/\/elfsight.com\/es\/wp-json\/wp\/v2\/pages\/4015\/revisions"}],"predecessor-version":[{"id":18057,"href":"https:\/\/elfsight.com\/es\/wp-json\/wp\/v2\/pages\/4015\/revisions\/18057"}],"up":[{"embeddable":true,"href":"https:\/\/elfsight.com\/es\/wp-json\/wp\/v2\/pages\/2041"}],"wp:attachment":[{"href":"https:\/\/elfsight.com\/es\/wp-json\/wp\/v2\/media?parent=4015"}],"curies":[{"name":"wp","href":"https:\/\/api.w.org\/{rel}","templated":true}]}}