{"id":4010,"date":"2022-02-11T11:57:03","date_gmt":"2022-02-11T11:57:03","guid":{"rendered":"https:\/\/elfsight.com\/es\/?page_id=4010"},"modified":"2025-02-06T15:17:52","modified_gmt":"2025-02-06T15:17:52","slug":"html","status":"publish","type":"page","link":"https:\/\/elfsight.com\/es\/social-media-share-buttons\/html\/","title":{"rendered":"Social Share Buttons &#8211; HTML"},"content":{"rendered":"<div class=\"application-platform-content-item-description application-platform-content-item\" id=\"description\" data-nav-section=\"description\"><h2>Descripci\u00f3n<\/h2><p>Un widget simple para compartir en todos los sitios web, que ayudar\u00e1 a tus clientes a difundir contenido en diferentes redes sociales. Comienza a hacer crecer tu marca en Facebook, Twitter, Medium y otras. Consigue nuevos seguidores y lectores con publicaciones de alta calidad en tu sitio.<\/p><p><b>\u00a1Consigue m\u00e1s clics y suscriptores desde las redes sociales!<\/b><\/p><ul><li><b>M\u00e1xima promoci\u00f3n de publicaciones y ofertas en redes sociales<\/b>.<br>Con la ayuda de una interfaz f\u00e1cil de usar y funciones, con solo un clic, tu contenido se difundir\u00e1 masivamente en todas las redes sociales sin problemas.<\/li><li><b>Comparte contenido emocionante para m\u00e1s audiencia<\/b>.<br>Da a tus visitantes la posibilidad de distribuir tu contenido sin esfuerzo y alcanzar r\u00e1pidamente una nueva audiencia.<\/li><li><b>Fortalece los \u00edndices SEO del sitio<\/b>.<br>Aumenta la cantidad de clics en tu sitio web con la ayuda de las redes sociales, para mejorar los par\u00e1metros sociales de tu p\u00e1gina y afectar su posici\u00f3n en el ranking de Google.<\/li><li><b>Consigue nuevos lectores en las redes sociales<\/b>.<br>\u00bfEres bueno creando publicaciones de primera clase? Deja que los usuarios las difundan por s\u00ed mismos a trav\u00e9s de los medios sociales, compartiendo f\u00e1cilmente publicaciones en sus cuentas.<\/li><\/ul><\/div><div class=\"faq\" data-component=\"FAQ\"><div class=\"faq-item\">\r\n\t\t\t\t\t<div class=\"faq-item-question\">\r\n\t\t\t\t\t\t<h3 class=\"faq-item-question-text\">\u00bfC\u00f3mo puedo insertar los botones de compartir en redes sociales en mi sitio HTML?<\/h3>\r\n\r\n\t\t\t\t\t\t<div class=\"faq-item-question-icon\"><\/div>\r\n\t\t\t\t\t<\/div>\r\n\r\n\t\t\t\t\t<div class=\"faq-item-answer\">\r\n\t\t\t\t\t\t<div class=\"faq-item-answer-text\"><p>La construcci\u00f3n del widget se realiza dentro del sitio de Elfsight y no necesitas saber programar. Abre la demo en vivo para personalizar tu aplicaci\u00f3n, obtener el c\u00f3digo y agregarlo a tu sitio web. <\/p><\/div>\r\n\t\t\t\t\t<\/div>\r\n\t\t\t\t<\/div><div class=\"faq-item\">\r\n\t\t\t\t\t<div class=\"faq-item-question\">\r\n\t\t\t\t\t\t<h3 class=\"faq-item-question-text\">\u00bfPuedo obtener botones de compartir en redes sociales en color negro o peque\u00f1os a trav\u00e9s de tus widgets?<\/h3>\r\n\r\n\t\t\t\t\t\t<div class=\"faq-item-question-icon\"><\/div>\r\n\t\t\t\t\t<\/div>\r\n\r\n\t\t\t\t\t<div class=\"faq-item-answer\">\r\n\t\t\t\t\t\t<div class=\"faq-item-answer-text\"><p>Disponemos de muchas plantillas: galer\u00eda, mamposter\u00eda, feed, grid, lista y muchas otras, sin mencionar las opciones de dise\u00f1o flexibles para adaptarse a tus necesidades. Puedes crear casi cualquier widget que necesites.<\/p><\/div>\r\n\t\t\t\t\t<\/div>\r\n\t\t\t\t<\/div><div class=\"faq-item\">\r\n\t\t\t\t\t<div class=\"faq-item-question\">\r\n\t\t\t\t\t\t<h3 class=\"faq-item-question-text\">Mi widget de Botones para Compartir en Redes Sociales no funciona \/ no se actualiza<\/h3>\r\n\r\n\t\t\t\t\t\t<div class=\"faq-item-question-icon\"><\/div>\r\n\t\t\t\t\t<\/div>\r\n\r\n\t\t\t\t\t<div class=\"faq-item-answer\">\r\n\t\t\t\t\t\t<div class=\"faq-item-answer-text\"><p>Si tienes alg\u00fan problema con los widgets de Compartir en Redes Sociales, contacta con el equipo de soporte al cliente. El soporte es completamente gratuito para todos los clientes de Elfsight.<\/p><\/div>\r\n\t\t\t\t\t<\/div>\r\n\t\t\t\t<\/div><\/div><div class=\"application-platform-content-item-features application-platform-content-item\" id=\"features\" data-nav-section=\"features\"><h2>Caracter\u00edsticas<\/h2><p>\u00bfQu\u00e9 hace que nuestros botones sean los mejores en cuanto a c\u00f3digo HTML para compartir? Descubre nuestras caracter\u00edsticas principales:<\/p><ul><li>Coloca un n\u00famero ilimitado de botones;<\/li><li>Alineaci\u00f3n izquierda, derecha o centrada de los botones;<\/li><li>3 opciones de forma de bot\u00f3n;<\/li><li>3 esquemas de color para iconos, fondo y hover;<\/li><li>Optimizado para m\u00f3viles con icono expandible.<\/li><\/ul><p><a href=\"#demo\">Prueba todas las caracter\u00edsticas en el configurador gratuito<\/a><\/p><\/div><div class=\"application-platform-content-item-installation application-platform-content-item\" id=\"installation\" data-nav-section=\"installation\"><h2>C\u00f3mo a\u00f1adir los botones de compartir en HTML<\/h2><div class=\"video-container\"><iframe width=\"720\" height=\"405\" src=\"https:\/\/www.youtube.com\/embed\/v0_P4QjbLYA\" frameborder=\"0\" allowfullscreen=\"\"><\/iframe><\/div><p>Una breve instrucci\u00f3n sobre c\u00f3mo insertar los botones en un sitio web sin habilidades en desarrollo ni contratar a un programador externo. Solo te llevar\u00e1 2 minutos realizar la instalaci\u00f3n.<\/p><ol><li><b>Crea tus botones personalizados<\/b>.<br>Con la ayuda de nuestro configurador gratuito, crea un plugin con el dise\u00f1o y las opciones que prefieras.<\/li><li><b>Recibe el c\u00f3digo para configurar el plugin<\/b>.<br>Despu\u00e9s de configurar el widget, recibe el c\u00f3digo para el plugin de Botones para Compartir en Redes Sociales desde la ventana emergente en Elfsight Apps.<\/li><li><b>Coloca el widget en el sitio HTML<\/b>.<br>Abre el c\u00f3digo de la p\u00e1gina en el editor HTML, agrega el widget en el lugar requerido (contenido, pie de p\u00e1gina, barra lateral, etc.) y publica los cambios.<\/li><li><b>\u00a1La integraci\u00f3n fue exitosa!<\/b><br>Ve a tu sitio HTML para ver c\u00f3mo funciona el widget.<\/li><\/ol><p>\u00bfNecesitas ayuda para a\u00f1adir o dise\u00f1ar el widget? Nuestros especialistas de soporte estar\u00e1n encantados de ayudarte y proporcionarte una soluci\u00f3n. Tambi\u00e9n puedes intentar resolver el problema por ti mismo con nuestra completa gu\u00eda \u00ab<a href=\"https:\/\/elfsight.com\/tutorials\/how-to-add-social-share-buttons-to-html-website\/\" target=\"_blank\" rel=\"noopener noreferrer\">C\u00f3mo integrar los botones para compartir en un sitio HTML<\/a>\u00bb.<\/p><\/div>","protected":false},"excerpt":{"rendered":"","protected":false},"author":18,"featured_media":0,"parent":1979,"menu_order":0,"comment_status":"closed","ping_status":"closed","template":"templates\/template-application-platform.php","meta":{"publish_to_discourse":"","publish_post_category":"","wpdc_auto_publish_overridden":"","wpdc_topic_tags":"","wpdc_pin_topic":"","wpdc_pin_until":"","discourse_post_id":"","discourse_permalink":"","wpdc_publishing_response":"","wpdc_publishing_error":"","footnotes":""},"class_list":["post-4010","page","type-page","status-publish","hentry"],"yoast_head":"<!-- This site is optimized with the Yoast SEO plugin v25.3.1 - https:\/\/yoast.com\/wordpress\/plugins\/seo\/ -->\n<title>Compartir en Redes Sociales - Incrustar widget de Botones de Compartir al HTML<\/title>\n<meta name=\"description\" content=\"Incrusta un widget responsivo de Compartir en Redes Sociales en su sitio de HTML. Aplique la demo de Elfsight intuitiva y construe su widget propio.\" \/>\n<meta name=\"robots\" content=\"index, follow, max-snippet:-1, max-image-preview:large, max-video-preview:-1\" \/>\n<link rel=\"canonical\" href=\"https:\/\/elfsight.com\/es\/social-media-share-buttons\/html\/\" \/>\n<meta property=\"og:locale\" content=\"es_ES\" \/>\n<meta property=\"og:type\" content=\"article\" \/>\n<meta property=\"og:title\" content=\"Compartir en Redes Sociales - Incrustar widget de Botones de Compartir al HTML\" \/>\n<meta property=\"og:description\" content=\"Incrusta un widget responsivo de Compartir en Redes Sociales en su sitio de HTML. Aplique la demo de Elfsight intuitiva y construe su widget propio.\" \/>\n<meta property=\"og:url\" content=\"https:\/\/elfsight.com\/es\/social-media-share-buttons\/html\/\" \/>\n<meta property=\"og:site_name\" content=\"Elfsight ES\" \/>\n<meta property=\"article:modified_time\" content=\"2025-02-06T15:17:52+00:00\" \/>\n<meta name=\"twitter:card\" content=\"summary_large_image\" \/>\n<meta name=\"twitter:label1\" content=\"Tiempo de lectura\" \/>\n\t<meta name=\"twitter:data1\" content=\"1 minuto\" \/>\n<!-- \/ Yoast SEO plugin. -->","yoast_head_json":{"title":"Compartir en Redes Sociales - Incrustar widget de Botones de Compartir al HTML","description":"Incrusta un widget responsivo de Compartir en Redes Sociales en su sitio de HTML. Aplique la demo de Elfsight intuitiva y construe su widget propio.","robots":{"index":"index","follow":"follow","max-snippet":"max-snippet:-1","max-image-preview":"max-image-preview:large","max-video-preview":"max-video-preview:-1"},"canonical":"https:\/\/elfsight.com\/es\/social-media-share-buttons\/html\/","og_locale":"es_ES","og_type":"article","og_title":"Compartir en Redes Sociales - Incrustar widget de Botones de Compartir al HTML","og_description":"Incrusta un widget responsivo de Compartir en Redes Sociales en su sitio de HTML. Aplique la demo de Elfsight intuitiva y construe su widget propio.","og_url":"https:\/\/elfsight.com\/es\/social-media-share-buttons\/html\/","og_site_name":"Elfsight ES","article_modified_time":"2025-02-06T15:17:52+00:00","twitter_card":"summary_large_image","twitter_misc":{"Tiempo de lectura":"1 minuto"},"schema":{"@context":"https:\/\/schema.org","@graph":[{"@type":"WebPage","@id":"https:\/\/elfsight.com\/es\/social-media-share-buttons\/html\/","url":"https:\/\/elfsight.com\/es\/social-media-share-buttons\/html\/","name":"Compartir en Redes Sociales - Incrustar widget de Botones de Compartir al HTML","isPartOf":{"@id":"https:\/\/elfsight.com\/es\/#website"},"datePublished":"2022-02-11T11:57:03+00:00","dateModified":"2025-02-06T15:17:52+00:00","description":"Incrusta un widget responsivo de Compartir en Redes Sociales en su sitio de HTML. Aplique la demo de Elfsight intuitiva y construe su widget propio.","breadcrumb":{"@id":"https:\/\/elfsight.com\/es\/social-media-share-buttons\/html\/#breadcrumb"},"inLanguage":"es","potentialAction":[{"@type":"ReadAction","target":["https:\/\/elfsight.com\/es\/social-media-share-buttons\/html\/"]}]},{"@type":"BreadcrumbList","@id":"https:\/\/elfsight.com\/es\/social-media-share-buttons\/html\/#breadcrumb","itemListElement":[{"@type":"ListItem","position":1,"name":"Home","item":"https:\/\/elfsight.com\/es\/"},{"@type":"ListItem","position":2,"name":"Social Share Buttons","item":"https:\/\/elfsight.com\/es\/social-media-share-buttons\/"},{"@type":"ListItem","position":3,"name":"Social Share Buttons &#8211; HTML"}]},{"@type":"WebSite","@id":"https:\/\/elfsight.com\/es\/#website","url":"https:\/\/elfsight.com\/es\/","name":"Elfsight ES","description":"Just another Elfsight Sites site","potentialAction":[{"@type":"SearchAction","target":{"@type":"EntryPoint","urlTemplate":"https:\/\/elfsight.com\/es\/?s={search_term_string}"},"query-input":{"@type":"PropertyValueSpecification","valueRequired":true,"valueName":"search_term_string"}}],"inLanguage":"es"}]}},"meta_box":{"industry":"","seo_heading":"","heading":"","description":"","cta_heading":"","cta_description":"","application":"1978","h1":"widget de Compartir en Redes Sociales para HTML","h1_caption":"Muestra m\u00e1s de 40 iconos de redes sociales en el p\u00e1gina web","application_category":[],"applications_title":"","applications_request_title":"","applications_request_button_text":"","hero_text":"","hero_video":"","hero_video_schema_markup":"","selling_points_title":"","selling_points_caption":"","selling_points":[],"selling_points_cta_text":"","features_title":"","features":"","ed_cta_examples_text":"","ed_cta_examples_hidden":"","ed_cta_demo_text":"","ed_cta_demo_hidden":"","why_caption":"","why_editor_title":"","why_editor_text":"","why_team_title":"","why_team_text":"","why_service_title":"","why_service_text":"","template_catalog_visible":"","template_catalog_title":"","template_catalog_text":"","template_catalog_categories_visible":"","demo_title":"Crea tu widget de botones para compartir en redes sociales","demo_caption":"\u00a1Configure sus botones para compartir en redes sociales y agr\u00e9guelos a su sitio web HTML de forma gratuita!","default_faq_hidden":"","app_template_category":[],"platform":"70","template_public_id":"","codecanyon_url":"","codecanyon_item_id":"","codecanyon_price":"","pricing_caption":"","pricing_elfsight_apps_hide_column":"","pricing_elfsight_apps_url":"","pricing_codecanyon_price_caption":"","integration_category":[],"integration_request_title":"","integration_request_cta":"","integration_platform":"","integrations":[],"platform_category":[],"video_schema_markup":"","price":"desde $0 por mes","trial":"","benefits":[{"text":"Instalaci\u00f3n gratuita"},{"text":"Soporte Premium"},{"text":"14 d\u00edas garant\u00eda de reembolso"},{"text":"Actualizaciones regulares"}],"button_url":"#demo","button_target_blank":"0","button_nofollow":"0","attributes":[{"name":"Responsivo","content":"Si","_state":"expanded"},{"name":"Navegadores compatibles","content":"Firefox, Safari, Opera, Chrome, Edge","_state":"expanded"}],"tags":[],"tags_disable_links":"0","hide_more_platforms":"","video_object":"","demo_hide_cta":"0","demo_hide_cloud_options":"0","pricing_title":"","pricing":[{"pricing_icon":"platform","pricing_title":" Elfsight Apps","pricing_title_caption":"Soluci\u00f3n multiplataforma - valido para cualquier p\u00e1gina web","pricing_price":"desde $0 por mes","pricing_price_caption":"empezar con un plan gratuito","pricing_benefits":[{"text":"Sitios web ilimitados"},{"text":"Atenci\u00f3n al cliente gratuita y r\u00e1pida"},{"text":"Servicio de instalaci\u00f3n gratuito"},{"text":"Totalmente personalizable"}],"pricing_button_text":"Agregar al sitio web","pricing_button_url":"#demo","_state":"expanded"}],"related_apps_title":"","related_apps_hidden":"1","author":"","image":[],"title":"","job":"","social_networks":[]},"_links":{"self":[{"href":"https:\/\/elfsight.com\/es\/wp-json\/wp\/v2\/pages\/4010","targetHints":{"allow":["GET"]}}],"collection":[{"href":"https:\/\/elfsight.com\/es\/wp-json\/wp\/v2\/pages"}],"about":[{"href":"https:\/\/elfsight.com\/es\/wp-json\/wp\/v2\/types\/page"}],"author":[{"embeddable":true,"href":"https:\/\/elfsight.com\/es\/wp-json\/wp\/v2\/users\/18"}],"replies":[{"embeddable":true,"href":"https:\/\/elfsight.com\/es\/wp-json\/wp\/v2\/comments?post=4010"}],"version-history":[{"count":3,"href":"https:\/\/elfsight.com\/es\/wp-json\/wp\/v2\/pages\/4010\/revisions"}],"predecessor-version":[{"id":18055,"href":"https:\/\/elfsight.com\/es\/wp-json\/wp\/v2\/pages\/4010\/revisions\/18055"}],"up":[{"embeddable":true,"href":"https:\/\/elfsight.com\/es\/wp-json\/wp\/v2\/pages\/1979"}],"wp:attachment":[{"href":"https:\/\/elfsight.com\/es\/wp-json\/wp\/v2\/media?parent=4010"}],"curies":[{"name":"wp","href":"https:\/\/api.w.org\/{rel}","templated":true}]}}