{"id":4003,"date":"2022-02-11T11:57:32","date_gmt":"2022-02-11T11:57:32","guid":{"rendered":"https:\/\/elfsight.com\/es\/?page_id=4003"},"modified":"2025-02-06T15:17:44","modified_gmt":"2025-02-06T15:17:44","slug":"iframe","status":"publish","type":"page","link":"https:\/\/elfsight.com\/es\/testimonials-slider-widget\/iframe\/","title":{"rendered":"Testimonials Slider &#8211; iFrame"},"content":{"rendered":"<div class=\"application-platform-content-item-description application-platform-content-item\" id=\"description\" data-nav-section=\"description\"><h2>Insertar deslizador de testimonios en iFrame con el widget de Elfsight<\/h2><p>El deslizador de testimonios es un plugin responsive para mostrar los testimonios de sus clientes en su sitio web. Puede integrar todo tipo de informaci\u00f3n adicional para hacer los testimonios m\u00e1s confiables: nombre del autor, foto, logotipo de la empresa e incluso una URL al sitio web.<\/p> <p><b>Duplique el nivel de confianza en sus productos mostrando a los usuarios los mejores testimonios.<\/b><\/p> <p><b>Mu\u00e9strale a tus clientes los testimonios de una manera confiable<\/b><br> Agregue toda la informaci\u00f3n sobre el autor de cada testimonio, como nombre, empresa, cargo, para demostrar que los testimonios provienen de clientes reales.<\/p><p><b>Aumente la conversi\u00f3n hasta un 200%<\/b><br> Convierta sus testimonios en un argumento irrefutable, mostr\u00e1ndolos justo en el lugar donde los usuarios toman la decisi\u00f3n de hacer un pedido o registrarse.<\/p><p><b>Una prueba m\u00e1s social<\/b><br> Un enlace desde el testimonio a Twitter, Pinterest o el sitio del autor es un detalle importante para los clientes, que agregar\u00e1 credibilidad y demostrar\u00e1 que su negocio es leg\u00edtimo.<\/p><\/div><div class=\"application-platform-content-item-features application-platform-content-item\" id=\"features\" data-nav-section=\"features\"><h2>Caracter\u00edsticas principales del widget Deslizador de testimonios<\/h2><p>Vea las caracter\u00edsticas m\u00e1s potentes de nuestro plugin. Son las que hacen que nuestro Deslizador de testimonios sea \u00fatil para cualquier sitio iFrame.<\/p><ul><li>Mostrar el nombre y la foto del autor para mayor confianza;<\/li><li>Usar subt\u00edtulos para el nombre de la empresa, cargo y otros datos;<\/li><li>Proporcionar un enlace al sitio web del autor para una presentaci\u00f3n m\u00e1s confiable;<\/li><li>Para agregar fiabilidad, mostrar el logotipo de la empresa del autor.<\/li><p><a href=\"#demo\">Pruebe todas las caracter\u00edsticas en la demostraci\u00f3n en vivo<\/a><\/p><\/div><div class=\"application-platform-content-item-installation application-platform-content-item\" id=\"installation\" data-nav-section=\"installation\"><h2>C\u00f3mo agregar el Deslizador de testimonios en un sitio web iFrame<\/h2><p>El plugin de Elfsight es el m\u00e1s f\u00e1cil de configurar y no requiere habilidades en desarrollo web. Seguir el tutorial tomar\u00e1 solo un minuto o dos.<\/p><ol><li><b>Construya su plugin \u00fanico de testimonios<\/b><br> Con nuestra herramienta gratuita, obtenga un plugin con el dise\u00f1o y la funcionalidad seleccionados.<\/li><li><b>Reciba el c\u00f3digo individual para instalar el plugin<\/b><br> Despu\u00e9s de crear su plugin, recibir\u00e1 el c\u00f3digo de instalaci\u00f3n en la notificaci\u00f3n que aparece en Elfsight Apps. C\u00f3pielo.<\/li> <li><b>Mu\u00e9strelo en su sitio web iFrame<\/b><br> Seleccione el \u00e1rea donde desea mostrar el plugin e inserte el c\u00f3digo guardado all\u00ed. Aplique los cambios.<\/li> <li><b>\u00a1Listo!<\/b><br> Visite su sitio para ver el plugin en acci\u00f3n.<\/li> <\/ol><p>\u00bfExperimenta alg\u00fan problema al configurar o configurar el plugin? Consulte las instrucciones detalladas sobre c\u00f3mo agregar el Deslizador de testimonios a iFrame o comun\u00edquese con nuestro Centro de soporte.<\/p><div class=\"faq\" data-component=\"FAQ\"> <div class=\"faq-item\">\r\n\t\t\t\t\t<div class=\"faq-item-question\">\r\n\t\t\t\t\t\t<h3 class=\"faq-item-question-text\">\u00bfC\u00f3mo agregar el Deslizador de testimonios a mi sitio web iFrame sin conocimientos de programaci\u00f3n?<\/h3>\r\n\r\n\t\t\t\t\t\t<div class=\"faq-item-question-icon\"><\/div>\r\n\t\t\t\t\t<\/div>\r\n\r\n\t\t\t\t\t<div class=\"faq-item-answer\">\r\n\t\t\t\t\t\t<div class=\"faq-item-answer-text\"> <p>Elfsight ofrece una soluci\u00f3n SaaS que le permite crear un widget Deslizador de testimonios por s\u00ed mismo, vea lo f\u00e1cil que es el proceso: Trabaje directamente en el Editor en l\u00ednea para crear el widget Deslizador de testimonios que desea ver en su sitio web iFrame. Elija una de las plantillas predefinidas y ajuste la configuraci\u00f3n del Deslizador de testimonios, agregue su contenido, cambie el dise\u00f1o y los colores sin necesidad de habilidades de programaci\u00f3n. Guarde el Deslizador de testimonios y copie su c\u00f3digo de instalaci\u00f3n, que puede agregar f\u00e1cilmente a su sitio web iFrame sin necesidad de comprar una suscripci\u00f3n de pago. Con nuestro Editor intuitivo, cualquier usuario de internet puede crear un widget Deslizador de testimonios en l\u00ednea y pegarlo f\u00e1cilmente en su sitio web iFrame. No es necesario pagar ni ingresar sus credenciales de tarjeta para acceder al servicio. Si tiene alg\u00fan problema en alg\u00fan paso, no dude en contactar a nuestro equipo de soporte t\u00e9cnico.<\/p> <\/div>\r\n\t\t\t\t\t<\/div>\r\n\t\t\t\t<\/div> <\/div> <\/div><\/ul>","protected":false},"excerpt":{"rendered":"","protected":false},"author":18,"featured_media":0,"parent":2041,"menu_order":0,"comment_status":"closed","ping_status":"closed","template":"templates\/template-application-platform.php","meta":{"publish_to_discourse":"","publish_post_category":"","wpdc_auto_publish_overridden":"","wpdc_topic_tags":"","wpdc_pin_topic":"","wpdc_pin_until":"","discourse_post_id":"","discourse_permalink":"","wpdc_publishing_response":"","wpdc_publishing_error":"","footnotes":""},"class_list":["post-4003","page","type-page","status-publish","hentry"],"yoast_head":"<!-- This site is optimized with the Yoast SEO plugin v25.3.1 - https:\/\/yoast.com\/wordpress\/plugins\/seo\/ -->\n<title>Testimonios Slider - Embeber widget de Deslizador de Testimonios al iFrame<\/title>\n<meta name=\"description\" content=\"Incrusta un widget responsivo de Testimonios Slider en su sitio de iFrame. Lance la demo de Elfsight intuitiva y genere su widget \u00fanico.\" \/>\n<meta name=\"robots\" content=\"index, follow, max-snippet:-1, max-image-preview:large, max-video-preview:-1\" \/>\n<link rel=\"canonical\" href=\"https:\/\/elfsight.com\/es\/testimonials-slider-widget\/iframe\/\" \/>\n<meta property=\"og:locale\" content=\"es_ES\" \/>\n<meta property=\"og:type\" content=\"article\" \/>\n<meta property=\"og:title\" content=\"Testimonios Slider - Embeber widget de Deslizador de Testimonios al iFrame\" \/>\n<meta property=\"og:description\" content=\"Incrusta un widget responsivo de Testimonios Slider en su sitio de iFrame. Lance la demo de Elfsight intuitiva y genere su widget \u00fanico.\" \/>\n<meta property=\"og:url\" content=\"https:\/\/elfsight.com\/es\/testimonials-slider-widget\/iframe\/\" \/>\n<meta property=\"og:site_name\" content=\"Elfsight ES\" \/>\n<meta property=\"article:modified_time\" content=\"2025-02-06T15:17:44+00:00\" \/>\n<meta name=\"twitter:card\" content=\"summary_large_image\" \/>\n<meta name=\"twitter:label1\" content=\"Tiempo de lectura\" \/>\n\t<meta name=\"twitter:data1\" content=\"1 minuto\" \/>\n<!-- \/ Yoast SEO plugin. -->","yoast_head_json":{"title":"Testimonios Slider - Embeber widget de Deslizador de Testimonios al iFrame","description":"Incrusta un widget responsivo de Testimonios Slider en su sitio de iFrame. Lance la demo de Elfsight intuitiva y genere su widget \u00fanico.","robots":{"index":"index","follow":"follow","max-snippet":"max-snippet:-1","max-image-preview":"max-image-preview:large","max-video-preview":"max-video-preview:-1"},"canonical":"https:\/\/elfsight.com\/es\/testimonials-slider-widget\/iframe\/","og_locale":"es_ES","og_type":"article","og_title":"Testimonios Slider - Embeber widget de Deslizador de Testimonios al iFrame","og_description":"Incrusta un widget responsivo de Testimonios Slider en su sitio de iFrame. Lance la demo de Elfsight intuitiva y genere su widget \u00fanico.","og_url":"https:\/\/elfsight.com\/es\/testimonials-slider-widget\/iframe\/","og_site_name":"Elfsight ES","article_modified_time":"2025-02-06T15:17:44+00:00","twitter_card":"summary_large_image","twitter_misc":{"Tiempo de lectura":"1 minuto"},"schema":{"@context":"https:\/\/schema.org","@graph":[{"@type":"WebPage","@id":"https:\/\/elfsight.com\/es\/testimonials-slider-widget\/iframe\/","url":"https:\/\/elfsight.com\/es\/testimonials-slider-widget\/iframe\/","name":"Testimonios Slider - Embeber widget de Deslizador de Testimonios al iFrame","isPartOf":{"@id":"https:\/\/elfsight.com\/es\/#website"},"datePublished":"2022-02-11T11:57:32+00:00","dateModified":"2025-02-06T15:17:44+00:00","description":"Incrusta un widget responsivo de Testimonios Slider en su sitio de iFrame. Lance la demo de Elfsight intuitiva y genere su widget \u00fanico.","breadcrumb":{"@id":"https:\/\/elfsight.com\/es\/testimonials-slider-widget\/iframe\/#breadcrumb"},"inLanguage":"es","potentialAction":[{"@type":"ReadAction","target":["https:\/\/elfsight.com\/es\/testimonials-slider-widget\/iframe\/"]}]},{"@type":"BreadcrumbList","@id":"https:\/\/elfsight.com\/es\/testimonials-slider-widget\/iframe\/#breadcrumb","itemListElement":[{"@type":"ListItem","position":1,"name":"Home","item":"https:\/\/elfsight.com\/es\/"},{"@type":"ListItem","position":2,"name":"Testimonials Slider","item":"https:\/\/elfsight.com\/es\/testimonials-slider-widget\/"},{"@type":"ListItem","position":3,"name":"Testimonials Slider &#8211; iFrame"}]},{"@type":"WebSite","@id":"https:\/\/elfsight.com\/es\/#website","url":"https:\/\/elfsight.com\/es\/","name":"Elfsight ES","description":"Just another Elfsight Sites site","potentialAction":[{"@type":"SearchAction","target":{"@type":"EntryPoint","urlTemplate":"https:\/\/elfsight.com\/es\/?s={search_term_string}"},"query-input":{"@type":"PropertyValueSpecification","valueRequired":true,"valueName":"search_term_string"}}],"inLanguage":"es"}]}},"meta_box":{"industry":"","seo_heading":"","heading":"","description":"","cta_heading":"","cta_description":"","application":"2040","h1":"Widget de Testimonios Slider para iFrame","h1_caption":"Una widget \u00fanica para revelar respuestas de sus clientes en su sitio","application_category":[],"applications_title":"","applications_request_title":"","applications_request_button_text":"","hero_text":"","hero_video":"","hero_video_schema_markup":"","selling_points_title":"","selling_points_caption":"","selling_points":[],"selling_points_cta_text":"","features_title":"","features":"","ed_cta_examples_text":"","ed_cta_examples_hidden":"","ed_cta_demo_text":"","ed_cta_demo_hidden":"","why_caption":"","why_editor_title":"","why_editor_text":"","why_team_title":"","why_team_text":"","why_service_title":"","why_service_text":"","template_catalog_visible":"","template_catalog_title":"","template_catalog_text":"","template_catalog_categories_visible":"","demo_title":"Cree su widget deslizante de testimonios","demo_caption":"\u00a1Configure su control deslizante de testimonios y agr\u00e9guelo a su sitio web iFrame de forma gratuita!","default_faq_hidden":"","app_template_category":[],"platform":"2192","template_public_id":"","codecanyon_url":"","codecanyon_item_id":"","codecanyon_price":"","pricing_caption":"","pricing_elfsight_apps_hide_column":"","pricing_elfsight_apps_url":"","pricing_codecanyon_price_caption":"","integration_category":[],"integration_request_title":"","integration_request_cta":"","integration_platform":"","integrations":[],"platform_category":[],"video_schema_markup":"","price":"desde $0 por mes","trial":"","benefits":[{"text":"Instalaci\u00f3n gratuita"},{"text":"Soporte Premium"},{"text":"14 d\u00edas garant\u00eda de reembolso"},{"text":"Actualizaciones regulares"}],"button_url":"#demo","button_target_blank":"0","button_nofollow":"0","attributes":[{"name":"Responsivo","content":"Si","_state":"expanded"},{"name":"Navegadores compatibles","content":"Firefox, Safari, Opera, Chrome, Edge","_state":"expanded"}],"tags":[],"tags_disable_links":"0","hide_more_platforms":"","video_object":"","demo_hide_cta":"0","demo_hide_cloud_options":"0","pricing_title":"","pricing":[{"pricing_icon":"platform","pricing_title":" Elfsight Apps","pricing_title_caption":"Soluci\u00f3n multiplataforma - valido para cualquier p\u00e1gina web","pricing_price":"desde $0 por mes","pricing_price_caption":"empezar con un plan gratuito","pricing_benefits":[{"text":"Sitios web ilimitados"},{"text":"Atenci\u00f3n al cliente gratuita y r\u00e1pida"},{"text":"Servicio de instalaci\u00f3n gratuito"},{"text":"Totalmente personalizable"}],"pricing_button_text":"Agregar al sitio web","pricing_button_url":"#demo","_state":"expanded"}],"related_apps_title":"","related_apps_hidden":"1","author":"","image":[],"title":"","job":"","social_networks":[]},"_links":{"self":[{"href":"https:\/\/elfsight.com\/es\/wp-json\/wp\/v2\/pages\/4003","targetHints":{"allow":["GET"]}}],"collection":[{"href":"https:\/\/elfsight.com\/es\/wp-json\/wp\/v2\/pages"}],"about":[{"href":"https:\/\/elfsight.com\/es\/wp-json\/wp\/v2\/types\/page"}],"author":[{"embeddable":true,"href":"https:\/\/elfsight.com\/es\/wp-json\/wp\/v2\/users\/18"}],"replies":[{"embeddable":true,"href":"https:\/\/elfsight.com\/es\/wp-json\/wp\/v2\/comments?post=4003"}],"version-history":[{"count":3,"href":"https:\/\/elfsight.com\/es\/wp-json\/wp\/v2\/pages\/4003\/revisions"}],"predecessor-version":[{"id":18051,"href":"https:\/\/elfsight.com\/es\/wp-json\/wp\/v2\/pages\/4003\/revisions\/18051"}],"up":[{"embeddable":true,"href":"https:\/\/elfsight.com\/es\/wp-json\/wp\/v2\/pages\/2041"}],"wp:attachment":[{"href":"https:\/\/elfsight.com\/es\/wp-json\/wp\/v2\/media?parent=4003"}],"curies":[{"name":"wp","href":"https:\/\/api.w.org\/{rel}","templated":true}]}}