{"id":3998,"date":"2022-02-11T11:57:50","date_gmt":"2022-02-11T11:57:50","guid":{"rendered":"https:\/\/elfsight.com\/es\/?page_id=3998"},"modified":"2025-02-06T15:17:36","modified_gmt":"2025-02-06T15:17:36","slug":"html","status":"publish","type":"page","link":"https:\/\/elfsight.com\/es\/testimonials-slider-widget\/html\/","title":{"rendered":"Testimonials Slider &#8211; HTML"},"content":{"rendered":"<div class=\"application-platform-content-item-description application-platform-content-item\" id=\"description\" data-nav-section=\"description\"><h2>Descripci\u00f3n<\/h2><p>Control deslizante de testimonios responsivo: un excelente widget para mostrar las rese\u00f1as de tus usuarios en tu sitio web. Puedes usar cualquier prueba social para hacer que las rese\u00f1as sean confiables: nombre del autor, foto, logotipo de la empresa e incluso una URL del sitio web.<\/p><p><b>Aumenta la confianza en tu servicio mostrando a los visitantes tus comentarios aut\u00e9nticos y naturales.<\/b><\/p><ul><li><b>Convierte tus rese\u00f1as en absolutamente confiables<\/b>.<br>Muestra toda la informaci\u00f3n sobre el autor de los testimonios, junto con su nombre, empresa y puesto. Demuestra a los clientes que est\u00e1n viendo testimonios de personas reales.<\/li><li><b>Motiva a los usuarios a actuar<\/b>.<br>Agregar comentarios genuinos de clientes con buenas experiencias atrae a los usuarios a compartir esas impresiones y los motiva a actuar, aumentando tu tasa de conversi\u00f3n.<\/li><li><b>Agrega opiniones profesionales<\/b>.<br>\u00bfTienes usuarios cuyas rese\u00f1as influir\u00e1n en los lectores? Crea testimonios detallados con datos sobre el autor y aumenta las ventas.<\/li><\/ul><\/div><div class=\"application-platform-content-item-features application-platform-content-item\" id=\"features\" data-nav-section=\"features\"><h2>Caracter\u00edsticas<\/h2><p>Las caracter\u00edsticas destacadas que convierten el control deslizante de testimonios en un widget indispensable para cualquier sitio web HTML.<\/p><ul><li>Prueba 6 plantillas de testimonios responsivas y encuentra la que necesitas;<\/li><li>Muestra el nombre y la foto del autor para mayor confianza;<\/li><li>Agrega la empresa, el puesto y otra informaci\u00f3n en la leyenda;<\/li><li>Coloca un enlace al sitio web del autor para crear una imagen s\u00f3lida.<\/li><\/ul><p><a href=\"#demo\">Prueba estas caracter\u00edsticas en la demostraci\u00f3n en vivo<\/a><\/p><\/div><div class=\"application-platform-content-item-installation application-platform-content-item\" id=\"installation\" data-nav-section=\"installation\"><h2>\u00bfC\u00f3mo agregar el c\u00f3digo HTML del control deslizante de testimonios a tu sitio web?<\/h2><div class=\"video-container\"><iframe width=\"720\" height=\"405\" src=\"https:\/\/www.youtube.com\/embed\/8_6g27T0lXY\" frameborder=\"0\" allowfullscreen=\"\"><\/iframe><\/div><p>Nuestro plugin es muy f\u00e1cil de instalar y no requiere conocimientos en desarrollo web. Completar la gu\u00eda solo tomar\u00e1 un par de minutos.<\/p><ol><li><b>Dise\u00f1a tu control deslizante de testimonios HTML<\/b><br>Con nuestro editor gratuito, crea un plugin con el dise\u00f1o y las capacidades preferidas.<\/li><li><b>Obt\u00e9n el c\u00f3digo para configurar el widget<\/b><br>Despu\u00e9s de configurar el widget, obt\u00e9n el c\u00f3digo del plugin de testimonios desde la ventana emergente en Elfsight Apps.<\/li><li><b>Coloca el c\u00f3digo del widget en tu sitio web HTML<\/b><br>Comienza el c\u00f3digo de la p\u00e1gina en el editor HTML, luego coloca el widget en el lugar deseado (contenido, pie de p\u00e1gina, barra lateral, etc.) y aplica los cambios.<\/li><li><b>\u00a1Hecho!<\/b><br>Entra al sitio web para ver tus testimonios.<\/li><\/ol><p>\u00bfTienes dificultades al incrustar o crear el widget? Consulta la gu\u00eda completa sobre <a href=\"https:\/\/elfsight.com\/tutorials\/how-to-add-testimonials-slider-widget-to-html\/\" target=\"_blank\" rel=\"noopener noreferrer\">instalar el control deslizante de testimonios en HTML<\/a> o deja una consulta en el Centro de Soporte.<\/p><div class=\"faq\" data-component=\"FAQ\"> <div class=\"faq-item\">\r\n\t\t\t\t\t<div class=\"faq-item-question\">\r\n\t\t\t\t\t\t<h3 class=\"faq-item-question-text\">\u00bfC\u00f3mo puedo agregar el control deslizante de testimonios a mi sitio web HTML sin habilidades de programaci\u00f3n?<\/h3>\r\n\r\n\t\t\t\t\t\t<div class=\"faq-item-question-icon\"><\/div>\r\n\t\t\t\t\t<\/div>\r\n\r\n\t\t\t\t\t<div class=\"faq-item-answer\">\r\n\t\t\t\t\t\t<div class=\"faq-item-answer-text\"> <p>Elfsight ofrece una soluci\u00f3n SaaS que te permite crear un widget de control deslizante de testimonios por ti mismo, descubre lo f\u00e1cil que es el proceso: Trabaja directamente en el Editor en l\u00ednea para crear el widget de control deslizante de testimonios que deseas ver en tu sitio web HTML. Elige una de las plantillas predise\u00f1adas y ajusta la configuraci\u00f3n del control deslizante de testimonios, agrega tu contenido, cambia el dise\u00f1o y el esquema de colores sin habilidades de programaci\u00f3n. Guarda el control deslizante de testimonios y copia su c\u00f3digo de instalaci\u00f3n, que podr\u00e1s incluir f\u00e1cilmente en tu sitio web HTML sin comprar un plan de pago. Con nuestro Editor intuitivo, cualquier usuario de internet puede crear un widget de control deslizante de testimonios en l\u00ednea y agregarlo f\u00e1cilmente a su sitio web HTML. No es necesario pagar ni ingresar tus credenciales de tarjeta para acceder al servicio. Si enfrentas alg\u00fan problema en alg\u00fan paso, no dudes en contactar a nuestro equipo de soporte t\u00e9cnico.<\/p> <\/div>\r\n\t\t\t\t\t<\/div>\r\n\t\t\t\t<\/div> <\/div> <\/div>","protected":false},"excerpt":{"rendered":"","protected":false},"author":18,"featured_media":0,"parent":2041,"menu_order":0,"comment_status":"closed","ping_status":"closed","template":"templates\/template-application-platform.php","meta":{"publish_to_discourse":"","publish_post_category":"","wpdc_auto_publish_overridden":"","wpdc_topic_tags":"","wpdc_pin_topic":"","wpdc_pin_until":"","discourse_post_id":"","discourse_permalink":"","wpdc_publishing_response":"","wpdc_publishing_error":"","footnotes":""},"class_list":["post-3998","page","type-page","status-publish","hentry"],"yoast_head":"<!-- This site is optimized with the Yoast SEO plugin v25.3.1 - https:\/\/yoast.com\/wordpress\/plugins\/seo\/ -->\n<title>Testimonios Slider - A\u00f1adir widget de Deslizador de Testimonios al HTML<\/title>\n<meta name=\"description\" content=\"Incrusta un widget atractivo de Testimonios Slider en su sitio de HTML. Aplique la demo de Elfsight f\u00e1cil de usar y cree su widget personalizado.\" \/>\n<meta name=\"robots\" content=\"index, follow, max-snippet:-1, max-image-preview:large, max-video-preview:-1\" \/>\n<link rel=\"canonical\" href=\"https:\/\/elfsight.com\/es\/testimonials-slider-widget\/html\/\" \/>\n<meta property=\"og:locale\" content=\"es_ES\" \/>\n<meta property=\"og:type\" content=\"article\" \/>\n<meta property=\"og:title\" content=\"Testimonios Slider - A\u00f1adir widget de Deslizador de Testimonios al HTML\" \/>\n<meta property=\"og:description\" content=\"Incrusta un widget atractivo de Testimonios Slider en su sitio de HTML. Aplique la demo de Elfsight f\u00e1cil de usar y cree su widget personalizado.\" \/>\n<meta property=\"og:url\" content=\"https:\/\/elfsight.com\/es\/testimonials-slider-widget\/html\/\" \/>\n<meta property=\"og:site_name\" content=\"Elfsight ES\" \/>\n<meta property=\"article:modified_time\" content=\"2025-02-06T15:17:36+00:00\" \/>\n<meta name=\"twitter:card\" content=\"summary_large_image\" \/>\n<meta name=\"twitter:label1\" content=\"Tiempo de lectura\" \/>\n\t<meta name=\"twitter:data1\" content=\"1 minuto\" \/>\n<!-- \/ Yoast SEO plugin. -->","yoast_head_json":{"title":"Testimonios Slider - A\u00f1adir widget de Deslizador de Testimonios al HTML","description":"Incrusta un widget atractivo de Testimonios Slider en su sitio de HTML. Aplique la demo de Elfsight f\u00e1cil de usar y cree su widget personalizado.","robots":{"index":"index","follow":"follow","max-snippet":"max-snippet:-1","max-image-preview":"max-image-preview:large","max-video-preview":"max-video-preview:-1"},"canonical":"https:\/\/elfsight.com\/es\/testimonials-slider-widget\/html\/","og_locale":"es_ES","og_type":"article","og_title":"Testimonios Slider - A\u00f1adir widget de Deslizador de Testimonios al HTML","og_description":"Incrusta un widget atractivo de Testimonios Slider en su sitio de HTML. Aplique la demo de Elfsight f\u00e1cil de usar y cree su widget personalizado.","og_url":"https:\/\/elfsight.com\/es\/testimonials-slider-widget\/html\/","og_site_name":"Elfsight ES","article_modified_time":"2025-02-06T15:17:36+00:00","twitter_card":"summary_large_image","twitter_misc":{"Tiempo de lectura":"1 minuto"},"schema":{"@context":"https:\/\/schema.org","@graph":[{"@type":"WebPage","@id":"https:\/\/elfsight.com\/es\/testimonials-slider-widget\/html\/","url":"https:\/\/elfsight.com\/es\/testimonials-slider-widget\/html\/","name":"Testimonios Slider - A\u00f1adir widget de Deslizador de Testimonios al HTML","isPartOf":{"@id":"https:\/\/elfsight.com\/es\/#website"},"datePublished":"2022-02-11T11:57:50+00:00","dateModified":"2025-02-06T15:17:36+00:00","description":"Incrusta un widget atractivo de Testimonios Slider en su sitio de HTML. Aplique la demo de Elfsight f\u00e1cil de usar y cree su widget personalizado.","breadcrumb":{"@id":"https:\/\/elfsight.com\/es\/testimonials-slider-widget\/html\/#breadcrumb"},"inLanguage":"es","potentialAction":[{"@type":"ReadAction","target":["https:\/\/elfsight.com\/es\/testimonials-slider-widget\/html\/"]}]},{"@type":"BreadcrumbList","@id":"https:\/\/elfsight.com\/es\/testimonials-slider-widget\/html\/#breadcrumb","itemListElement":[{"@type":"ListItem","position":1,"name":"Home","item":"https:\/\/elfsight.com\/es\/"},{"@type":"ListItem","position":2,"name":"Testimonials Slider","item":"https:\/\/elfsight.com\/es\/testimonials-slider-widget\/"},{"@type":"ListItem","position":3,"name":"Testimonials Slider &#8211; HTML"}]},{"@type":"WebSite","@id":"https:\/\/elfsight.com\/es\/#website","url":"https:\/\/elfsight.com\/es\/","name":"Elfsight ES","description":"Just another Elfsight Sites site","potentialAction":[{"@type":"SearchAction","target":{"@type":"EntryPoint","urlTemplate":"https:\/\/elfsight.com\/es\/?s={search_term_string}"},"query-input":{"@type":"PropertyValueSpecification","valueRequired":true,"valueName":"search_term_string"}}],"inLanguage":"es"}]}},"meta_box":{"industry":"","seo_heading":"","heading":"","description":"","cta_heading":"","cta_description":"","application":"2040","h1":"Widget de Testimonios Slider para HTML","h1_caption":"Una widget avanzada para mostrar comentarios de sus clientes en su p\u00e1gina","application_category":[],"applications_title":"","applications_request_title":"","applications_request_button_text":"","hero_text":"","hero_video":"","hero_video_schema_markup":"","selling_points_title":"","selling_points_caption":"","selling_points":[],"selling_points_cta_text":"","features_title":"","features":"","ed_cta_examples_text":"","ed_cta_examples_hidden":"","ed_cta_demo_text":"","ed_cta_demo_hidden":"","why_caption":"","why_editor_title":"","why_editor_text":"","why_team_title":"","why_team_text":"","why_service_title":"","why_service_text":"","template_catalog_visible":"","template_catalog_title":"","template_catalog_text":"","template_catalog_categories_visible":"","demo_title":"Cree su widget deslizante de testimonios","demo_caption":"\u00a1Configure su control deslizante de testimonios y agr\u00e9guelo a su sitio web HTML de forma gratuita!","default_faq_hidden":"","app_template_category":[],"platform":"70","template_public_id":"","codecanyon_url":"","codecanyon_item_id":"","codecanyon_price":"","pricing_caption":"","pricing_elfsight_apps_hide_column":"","pricing_elfsight_apps_url":"","pricing_codecanyon_price_caption":"","integration_category":[],"integration_request_title":"","integration_request_cta":"","integration_platform":"","integrations":[],"platform_category":[],"video_schema_markup":"","price":"desde $0 por mes","trial":"","benefits":[{"text":"Instalaci\u00f3n gratuita"},{"text":"Soporte Premium"},{"text":"14 d\u00edas garant\u00eda de reembolso"},{"text":"Actualizaciones regulares"}],"button_url":"#demo","button_target_blank":"0","button_nofollow":"0","attributes":[{"name":"Responsivo","content":"Si","_state":"expanded"},{"name":"Navegadores compatibles","content":"Firefox, Safari, Opera, Chrome, Edge","_state":"expanded"}],"tags":[],"tags_disable_links":"0","hide_more_platforms":"","video_object":"","demo_hide_cta":"0","demo_hide_cloud_options":"0","pricing_title":"","pricing":[{"pricing_icon":"platform","pricing_title":" Elfsight Apps","pricing_title_caption":"Soluci\u00f3n multiplataforma - valido para cualquier p\u00e1gina web","pricing_price":"desde $0 por mes","pricing_price_caption":"empezar con un plan gratuito","pricing_benefits":[{"text":"Sitios web ilimitados"},{"text":"Atenci\u00f3n al cliente gratuita y r\u00e1pida"},{"text":"Servicio de instalaci\u00f3n gratuito"},{"text":"Totalmente personalizable"}],"pricing_button_text":"Agregar al sitio web","pricing_button_url":"#demo","_state":"expanded"}],"related_apps_title":"","related_apps_hidden":"1","author":"","image":[],"title":"","job":"","social_networks":[]},"_links":{"self":[{"href":"https:\/\/elfsight.com\/es\/wp-json\/wp\/v2\/pages\/3998","targetHints":{"allow":["GET"]}}],"collection":[{"href":"https:\/\/elfsight.com\/es\/wp-json\/wp\/v2\/pages"}],"about":[{"href":"https:\/\/elfsight.com\/es\/wp-json\/wp\/v2\/types\/page"}],"author":[{"embeddable":true,"href":"https:\/\/elfsight.com\/es\/wp-json\/wp\/v2\/users\/18"}],"replies":[{"embeddable":true,"href":"https:\/\/elfsight.com\/es\/wp-json\/wp\/v2\/comments?post=3998"}],"version-history":[{"count":3,"href":"https:\/\/elfsight.com\/es\/wp-json\/wp\/v2\/pages\/3998\/revisions"}],"predecessor-version":[{"id":18049,"href":"https:\/\/elfsight.com\/es\/wp-json\/wp\/v2\/pages\/3998\/revisions\/18049"}],"up":[{"embeddable":true,"href":"https:\/\/elfsight.com\/es\/wp-json\/wp\/v2\/pages\/2041"}],"wp:attachment":[{"href":"https:\/\/elfsight.com\/es\/wp-json\/wp\/v2\/media?parent=3998"}],"curies":[{"name":"wp","href":"https:\/\/api.w.org\/{rel}","templated":true}]}}