{"id":3995,"date":"2022-02-11T11:57:56","date_gmt":"2022-02-11T11:57:56","guid":{"rendered":"https:\/\/elfsight.com\/es\/?page_id=3995"},"modified":"2025-02-06T15:17:36","modified_gmt":"2025-02-06T15:17:36","slug":"facebook","status":"publish","type":"page","link":"https:\/\/elfsight.com\/es\/social-media-share-buttons\/facebook\/","title":{"rendered":"Social Share Buttons &#8211; Facebook Page"},"content":{"rendered":"<div class=\"application-platform-content-item-description application-platform-content-item\" id=\"description\" data-nav-section=\"description\"><h2>Descripci\u00f3n<\/h2><p>El simple bot\u00f3n social para todas las p\u00e1ginas, que permite a tus usuarios publicar informaci\u00f3n y publicaciones en las redes sociales. Comienza a hacer crecer tu marca en las redes sociales y consigue m\u00e1s seguidores y fans utilizando publicaciones \u00fanicas en tu p\u00e1gina personal.<\/p><p><b>\u00a1Consigue m\u00e1s clics y seguidores desde las redes sociales!<\/b><\/p><\/div><div class=\"application-platform-content-item-features application-platform-content-item\" id=\"features\" data-nav-section=\"features\"><h2>Caracter\u00edsticas<\/h2><p>\u00bfQu\u00e9 hace que nuestros botones sean los mejores entre los widgets de compartir para p\u00e1ginas de Facebook? Descubre nuestros puntos clave:<\/p><ul><li>3 opciones de forma de bot\u00f3n;<\/li><li>Establece los elementos del bot\u00f3n a mostrar;<\/li><li>4 estilos predeterminados de botones;<\/li><li>Transparencia ajustable de los botones;<\/li><li>Configura la transparencia del efecto hover.<\/li><\/ul><p><a href=\"#demo\">M\u00e1s caracter\u00edsticas en la demostraci\u00f3n gratuita<\/a><\/p><\/div> <div class=\"application-platform-content-item-installation application-platform-content-item\" id=\"installation\" data-nav-section=\"installation\"><h2>\u00bfC\u00f3mo agregar botones de compartir a la p\u00e1gina de negocios de Facebook?<\/h2><p>Una gu\u00eda r\u00e1pida para colocar los botones sin competencias en programaci\u00f3n o contratar un programador remoto. Solo necesitas 1 minuto para seguir las instrucciones.<\/p><ul><li><b>Crea tu widget de compartir personalizado<\/b><br>Crea un bot\u00f3n con el dise\u00f1o y las caracter\u00edsticas funcionales que prefieras.<\/li><li><b>Obt\u00e9n el c\u00f3digo personal para publicar el widget<\/b><br>Despu\u00e9s de configurar tu widget, recibir\u00e1s el c\u00f3digo de instalaci\u00f3n desde la ventana emergente en Elfsight Apps. C\u00f3pialo.<\/li><li><b>Agrega los botones a la p\u00e1gina de Facebook<\/b><br>Crea tu pesta\u00f1a personalizada de Facebook. Inserta el c\u00f3digo que recibiste en Elfsight Apps en la pesta\u00f1a. Si tienes problemas, consulta nuestra gu\u00eda sobre <a href=\"https:\/\/elfsight.com\/blog\/how-to-add-custom-tab-to-facebook-page\/\" target=\"_blank\" rel=\"noopener noreferrer\">c\u00f3mo crear una pesta\u00f1a personalizada en Facebook<\/a><\/li><li><b>\u00a1La incrustaci\u00f3n ha sido exitosa!<\/b><br>Visita la tienda para ver tu widget.<\/li><\/ul><p>\u00bfNecesitas ayuda con la colocaci\u00f3n o configuraci\u00f3n de los botones sociales? \u00a1Nuestro equipo estar\u00e1 encantado de ofrecerte una soluci\u00f3n!<\/p><\/div>","protected":false},"excerpt":{"rendered":"","protected":false},"author":18,"featured_media":0,"parent":1979,"menu_order":0,"comment_status":"closed","ping_status":"closed","template":"templates\/template-application-platform.php","meta":{"publish_to_discourse":"","publish_post_category":"","wpdc_auto_publish_overridden":"","wpdc_topic_tags":"","wpdc_pin_topic":"","wpdc_pin_until":"","discourse_post_id":"","discourse_permalink":"","wpdc_publishing_response":"","wpdc_publishing_error":"","footnotes":""},"class_list":["post-3995","page","type-page","status-publish","hentry"],"yoast_head":"<!-- This site is optimized with the Yoast SEO plugin v25.3.1 - https:\/\/yoast.com\/wordpress\/plugins\/seo\/ -->\n<title>Compartir en Redes Sociales - Agregar widget de Botones de Compartir al Facebook Page<\/title>\n<meta name=\"description\" content=\"Instala un widget responsivo de Compartir en Redes Sociales en su sitio de Facebook Page. Aplique la demo de Elfsight f\u00e1cil de usar y cree su widget personalizado.\" \/>\n<meta name=\"robots\" content=\"index, follow, max-snippet:-1, max-image-preview:large, max-video-preview:-1\" \/>\n<link rel=\"canonical\" href=\"https:\/\/elfsight.com\/es\/social-media-share-buttons\/facebook\/\" \/>\n<meta property=\"og:locale\" content=\"es_ES\" \/>\n<meta property=\"og:type\" content=\"article\" \/>\n<meta property=\"og:title\" content=\"Compartir en Redes Sociales - Agregar widget de Botones de Compartir al Facebook Page\" \/>\n<meta property=\"og:description\" content=\"Instala un widget responsivo de Compartir en Redes Sociales en su sitio de Facebook Page. Aplique la demo de Elfsight f\u00e1cil de usar y cree su widget personalizado.\" \/>\n<meta property=\"og:url\" content=\"https:\/\/elfsight.com\/es\/social-media-share-buttons\/facebook\/\" \/>\n<meta property=\"og:site_name\" content=\"Elfsight ES\" \/>\n<meta property=\"article:modified_time\" content=\"2025-02-06T15:17:36+00:00\" \/>\n<meta name=\"twitter:card\" content=\"summary_large_image\" \/>\n<meta name=\"twitter:label1\" content=\"Tiempo de lectura\" \/>\n\t<meta name=\"twitter:data1\" content=\"1 minuto\" \/>\n<!-- \/ Yoast SEO plugin. -->","yoast_head_json":{"title":"Compartir en Redes Sociales - Agregar widget de Botones de Compartir al Facebook Page","description":"Instala un widget responsivo de Compartir en Redes Sociales en su sitio de Facebook Page. Aplique la demo de Elfsight f\u00e1cil de usar y cree su widget personalizado.","robots":{"index":"index","follow":"follow","max-snippet":"max-snippet:-1","max-image-preview":"max-image-preview:large","max-video-preview":"max-video-preview:-1"},"canonical":"https:\/\/elfsight.com\/es\/social-media-share-buttons\/facebook\/","og_locale":"es_ES","og_type":"article","og_title":"Compartir en Redes Sociales - Agregar widget de Botones de Compartir al Facebook Page","og_description":"Instala un widget responsivo de Compartir en Redes Sociales en su sitio de Facebook Page. Aplique la demo de Elfsight f\u00e1cil de usar y cree su widget personalizado.","og_url":"https:\/\/elfsight.com\/es\/social-media-share-buttons\/facebook\/","og_site_name":"Elfsight ES","article_modified_time":"2025-02-06T15:17:36+00:00","twitter_card":"summary_large_image","twitter_misc":{"Tiempo de lectura":"1 minuto"},"schema":{"@context":"https:\/\/schema.org","@graph":[{"@type":"WebPage","@id":"https:\/\/elfsight.com\/es\/social-media-share-buttons\/facebook\/","url":"https:\/\/elfsight.com\/es\/social-media-share-buttons\/facebook\/","name":"Compartir en Redes Sociales - Agregar widget de Botones de Compartir al Facebook Page","isPartOf":{"@id":"https:\/\/elfsight.com\/es\/#website"},"datePublished":"2022-02-11T11:57:56+00:00","dateModified":"2025-02-06T15:17:36+00:00","description":"Instala un widget responsivo de Compartir en Redes Sociales en su sitio de Facebook Page. Aplique la demo de Elfsight f\u00e1cil de usar y cree su widget personalizado.","breadcrumb":{"@id":"https:\/\/elfsight.com\/es\/social-media-share-buttons\/facebook\/#breadcrumb"},"inLanguage":"es","potentialAction":[{"@type":"ReadAction","target":["https:\/\/elfsight.com\/es\/social-media-share-buttons\/facebook\/"]}]},{"@type":"BreadcrumbList","@id":"https:\/\/elfsight.com\/es\/social-media-share-buttons\/facebook\/#breadcrumb","itemListElement":[{"@type":"ListItem","position":1,"name":"Home","item":"https:\/\/elfsight.com\/es\/"},{"@type":"ListItem","position":2,"name":"Social Share Buttons","item":"https:\/\/elfsight.com\/es\/social-media-share-buttons\/"},{"@type":"ListItem","position":3,"name":"Social Share Buttons &#8211; Facebook Page"}]},{"@type":"WebSite","@id":"https:\/\/elfsight.com\/es\/#website","url":"https:\/\/elfsight.com\/es\/","name":"Elfsight ES","description":"Just another Elfsight Sites site","potentialAction":[{"@type":"SearchAction","target":{"@type":"EntryPoint","urlTemplate":"https:\/\/elfsight.com\/es\/?s={search_term_string}"},"query-input":{"@type":"PropertyValueSpecification","valueRequired":true,"valueName":"search_term_string"}}],"inLanguage":"es"}]}},"meta_box":{"industry":"","seo_heading":"","heading":"","description":"","cta_heading":"","cta_description":"","application":"1978","h1":"Widget de Compartir en Redes Sociales para la P\u00e1gina de Facebook","h1_caption":"Muestra m\u00e1s de 40 iconos de redes sociales en el p\u00e1gina web","application_category":[],"applications_title":"","applications_request_title":"","applications_request_button_text":"","hero_text":"","hero_video":"","hero_video_schema_markup":"","selling_points_title":"","selling_points_caption":"","selling_points":[],"selling_points_cta_text":"","features_title":"","features":"","ed_cta_examples_text":"","ed_cta_examples_hidden":"","ed_cta_demo_text":"","ed_cta_demo_hidden":"","why_caption":"","why_editor_title":"","why_editor_text":"","why_team_title":"","why_team_text":"","why_service_title":"","why_service_text":"","template_catalog_visible":"","template_catalog_title":"","template_catalog_text":"","template_catalog_categories_visible":"","demo_title":"Crea tu widget de botones para compartir en redes sociales","demo_caption":"\u00a1Configure sus botones para compartir en redes sociales y agr\u00e9guelos al sitio web de su p\u00e1gina de Facebook de forma gratuita!","default_faq_hidden":"","app_template_category":[],"platform":"64","template_public_id":"","codecanyon_url":"","codecanyon_item_id":"","codecanyon_price":"","pricing_caption":"","pricing_elfsight_apps_hide_column":"","pricing_elfsight_apps_url":"","pricing_codecanyon_price_caption":"","integration_category":[],"integration_request_title":"","integration_request_cta":"","integration_platform":"","integrations":[],"platform_category":[],"video_schema_markup":"","price":"desde $0 por mes","trial":"","benefits":[{"text":"Instalaci\u00f3n gratuita"},{"text":"Soporte Premium"},{"text":"14 d\u00edas garant\u00eda de reembolso"},{"text":"Actualizaciones regulares"}],"button_url":"#demo","button_target_blank":"0","button_nofollow":"0","attributes":[{"name":"Responsivo","content":"Si","_state":"expanded"},{"name":"Navegadores compatibles","content":"Firefox, Safari, Opera, Chrome, Edge","_state":"expanded"}],"tags":[],"tags_disable_links":"0","hide_more_platforms":"","video_object":"","demo_hide_cta":"0","demo_hide_cloud_options":"0","pricing_title":"","pricing":[{"pricing_icon":"platform","pricing_title":" Elfsight Apps","pricing_title_caption":"Soluci\u00f3n multiplataforma - valido para cualquier p\u00e1gina web","pricing_price":"desde $0 por mes","pricing_price_caption":"empezar con un plan gratuito","pricing_benefits":[{"text":"Sitios web ilimitados"},{"text":"Atenci\u00f3n al cliente gratuita y r\u00e1pida"},{"text":"Servicio de instalaci\u00f3n gratuito"},{"text":"Totalmente personalizable"}],"pricing_button_text":"Agregar al sitio web","pricing_button_url":"#demo","_state":"expanded"}],"related_apps_title":"","related_apps_hidden":"1","author":"","image":[],"title":"","job":"","social_networks":[]},"_links":{"self":[{"href":"https:\/\/elfsight.com\/es\/wp-json\/wp\/v2\/pages\/3995","targetHints":{"allow":["GET"]}}],"collection":[{"href":"https:\/\/elfsight.com\/es\/wp-json\/wp\/v2\/pages"}],"about":[{"href":"https:\/\/elfsight.com\/es\/wp-json\/wp\/v2\/types\/page"}],"author":[{"embeddable":true,"href":"https:\/\/elfsight.com\/es\/wp-json\/wp\/v2\/users\/18"}],"replies":[{"embeddable":true,"href":"https:\/\/elfsight.com\/es\/wp-json\/wp\/v2\/comments?post=3995"}],"version-history":[{"count":3,"href":"https:\/\/elfsight.com\/es\/wp-json\/wp\/v2\/pages\/3995\/revisions"}],"predecessor-version":[{"id":18048,"href":"https:\/\/elfsight.com\/es\/wp-json\/wp\/v2\/pages\/3995\/revisions\/18048"}],"up":[{"embeddable":true,"href":"https:\/\/elfsight.com\/es\/wp-json\/wp\/v2\/pages\/1979"}],"wp:attachment":[{"href":"https:\/\/elfsight.com\/es\/wp-json\/wp\/v2\/media?parent=3995"}],"curies":[{"name":"wp","href":"https:\/\/api.w.org\/{rel}","templated":true}]}}