{"id":3992,"date":"2022-02-11T11:58:05","date_gmt":"2022-02-11T11:58:05","guid":{"rendered":"https:\/\/elfsight.com\/es\/?page_id=3992"},"modified":"2025-02-06T15:17:36","modified_gmt":"2025-02-06T15:17:36","slug":"google-sites","status":"publish","type":"page","link":"https:\/\/elfsight.com\/es\/testimonials-slider-widget\/google-sites\/","title":{"rendered":"Testimonials Slider &#8211; Google Sites"},"content":{"rendered":"<div class=\"application-platform-content-item-description application-platform-content-item\" id=\"description\" data-nav-section=\"description\"> <h2>Incrustar el control deslizante de testimonios en Google Sites con el widget de Elfsight<\/h2> <p>El control deslizante de testimonios es un excelente plugin para mostrar los testimonios de tus clientes en tu propio sitio web. Puedes a\u00f1adir diferentes tipos de prueba social para hacer que los comentarios sean confiables: nombre del autor, foto, logotipo de la empresa e incluso una URL del sitio web. Aumenta la confianza en tus productos demostrando a los visitantes a tus clientes satisfechos.<\/p> <p><b>\u00a1Incrusta el control deslizante de testimonios para alcanzar tus objetivos de comercio electr\u00f3nico m\u00e1s r\u00e1pido!<\/b><\/p> <\/div> <div class=\"application-platform-content-item-features application-platform-content-item\" id=\"features\" data-nav-section=\"features\"> <h2>Estas son solo algunas de las valiosas caracter\u00edsticas del widget:<\/h2> <ul><li>Una biblioteca de iconos de burbujas para que elijas<\/li><li>Opci\u00f3n de editar el texto de la burbuja<\/li><li>Cabezera del chat con foto de p\u00e1gina, nombre y descripci\u00f3n.<\/li><li>Configurar la foto de p\u00e1gina por defecto, desde la biblioteca o subiendo tu propia foto<\/li><li>Cinco variantes de tiempo de respuesta en la leyenda de la ventana de chat<\/li><\/ul><p><a href=\"#demo\">Puedes probar toda la funcionalidad del widget en la demostraci\u00f3n aqu\u00ed<\/a><\/p> <\/div> <div class=\"application-platform-content-item-installation application-platform-content-item\" id=\"installation\" data-nav-section=\"installation\"> <h2>\u00bfC\u00f3mo incrustar el control deslizante de testimonios en mi sitio web de Google Sites?<\/h2> <p>Simplemente sigue estos pasos a continuaci\u00f3n para comenzar a usar la herramienta.<\/p> <ol><li><b>Usa nuestra demostraci\u00f3n gratuita y comienza a crear tu herramienta personalizada.<\/b><br> Especifica el dise\u00f1o y los par\u00e1metros deseados del widget y guarda los cambios.<\/li>  <li><b>Obt\u00e9n el c\u00f3digo personal que se muestra en la ventana de Elfsight Apps.<\/b><br> Despu\u00e9s de que se genere tu plugin, copia el c\u00f3digo personal en la ventana que aparece y gu\u00e1rdalo para m\u00e1s tarde.<\/li>  <li><b>Comienza a usar la herramienta en la p\u00e1gina de inicio de Google Sites.<\/b><br> Coloca el c\u00f3digo guardado previamente en tu p\u00e1gina y aplica los ajustes.<\/li>  <li><b>\u00a1Listo! La configuraci\u00f3n est\u00e1 completamente terminada.<\/b><br> Ve a tu p\u00e1gina web para comprobar el funcionamiento de la herramienta.<\/li><\/ol> <div class=\"tip-yellow tip\"><b>Debido a las peculiaridades del funcionamiento de Google Sites, el widget puede verse diferente a la demostraci\u00f3n en l\u00ednea. Lamentamos cualquier inconveniente que esto pueda causar.<\/b><\/div><p>En caso de tener dudas o encontrar obst\u00e1culos, no dudes en contactar a nuestro equipo de soporte. Nuestros consultores estar\u00e1n encantados de resolver cualquier dificultad que puedas tener con el plugin.<\/p> <div class=\"faq\" data-component=\"FAQ\"> <div class=\"faq-item\">\r\n\t\t\t\t\t<div class=\"faq-item-question\">\r\n\t\t\t\t\t\t<h3 class=\"faq-item-question-text\">\u00bfC\u00f3mo a\u00f1adir el control deslizante de testimonios a mi sitio web de Google Sites sin habilidades de programaci\u00f3n?<\/h3>\r\n\r\n\t\t\t\t\t\t<div class=\"faq-item-question-icon\"><\/div>\r\n\t\t\t\t\t<\/div>\r\n\r\n\t\t\t\t\t<div class=\"faq-item-answer\">\r\n\t\t\t\t\t\t<div class=\"faq-item-answer-text\"> <p>Elfsight ofrece una soluci\u00f3n SaaS que te permite crear un widget de control deslizante de testimonios por ti mismo, descubre lo f\u00e1cil que es el proceso: Trabaja directamente en el Editor en l\u00ednea para crear el widget de control deslizante de testimonios que deseas ver en tu sitio web de Google Sites. Elige una de las plantillas predise\u00f1adas y ajusta la configuraci\u00f3n del control deslizante de testimonios, agrega tu contenido, cambia el dise\u00f1o y los colores sin habilidades de programaci\u00f3n. Guarda el control deslizante de testimonios y copia su c\u00f3digo de instalaci\u00f3n, que podr\u00e1s a\u00f1adir f\u00e1cilmente a tu sitio web de Google Sites sin necesidad de comprar un plan de pago. Con nuestro Editor intuitivo, cualquier usuario de internet puede crear un widget de control deslizante de testimonios en l\u00ednea y agregarlo f\u00e1cilmente a su sitio web de Google Sites. No es necesario pagar ni ingresar tus credenciales de tarjeta para acceder al servicio. Si enfrentas alg\u00fan problema en alg\u00fan paso, no dudes en contactar a nuestro equipo de soporte t\u00e9cnico.<\/p> <\/div>\r\n\t\t\t\t\t<\/div>\r\n\t\t\t\t<\/div> <\/div> <\/div>","protected":false},"excerpt":{"rendered":"","protected":false},"author":18,"featured_media":0,"parent":2041,"menu_order":0,"comment_status":"closed","ping_status":"closed","template":"templates\/template-application-platform.php","meta":{"publish_to_discourse":"","publish_post_category":"","wpdc_auto_publish_overridden":"","wpdc_topic_tags":"","wpdc_pin_topic":"","wpdc_pin_until":"","discourse_post_id":"","discourse_permalink":"","wpdc_publishing_response":"","wpdc_publishing_error":"","footnotes":""},"class_list":["post-3992","page","type-page","status-publish","hentry"],"yoast_head":"<!-- This site is optimized with the Yoast SEO plugin v25.3.1 - https:\/\/yoast.com\/wordpress\/plugins\/seo\/ -->\n<title>Testimonios Slider - A\u00f1adir plugin de Deslizador de Testimonios al Google Sites<\/title>\n<meta name=\"description\" content=\"Instala un widget interactivo de Testimonios Slider en su p\u00e1gina web de Google Sites. Use la demo de Elfsight manejable y construe su plugin \u00fanico.\" \/>\n<meta name=\"robots\" content=\"index, follow, max-snippet:-1, max-image-preview:large, max-video-preview:-1\" \/>\n<link rel=\"canonical\" href=\"https:\/\/elfsight.com\/es\/testimonials-slider-widget\/google-sites\/\" \/>\n<meta property=\"og:locale\" content=\"es_ES\" \/>\n<meta property=\"og:type\" content=\"article\" \/>\n<meta property=\"og:title\" content=\"Testimonios Slider - A\u00f1adir plugin de Deslizador de Testimonios al Google Sites\" \/>\n<meta property=\"og:description\" content=\"Instala un widget interactivo de Testimonios Slider en su p\u00e1gina web de Google Sites. Use la demo de Elfsight manejable y construe su plugin \u00fanico.\" \/>\n<meta property=\"og:url\" content=\"https:\/\/elfsight.com\/es\/testimonials-slider-widget\/google-sites\/\" \/>\n<meta property=\"og:site_name\" content=\"Elfsight ES\" \/>\n<meta property=\"article:modified_time\" content=\"2025-02-06T15:17:36+00:00\" \/>\n<meta name=\"twitter:card\" content=\"summary_large_image\" \/>\n<meta name=\"twitter:label1\" content=\"Tiempo de lectura\" \/>\n\t<meta name=\"twitter:data1\" content=\"2 minutos\" \/>\n<!-- \/ Yoast SEO plugin. -->","yoast_head_json":{"title":"Testimonios Slider - A\u00f1adir plugin de Deslizador de Testimonios al Google Sites","description":"Instala un widget interactivo de Testimonios Slider en su p\u00e1gina web de Google Sites. Use la demo de Elfsight manejable y construe su plugin \u00fanico.","robots":{"index":"index","follow":"follow","max-snippet":"max-snippet:-1","max-image-preview":"max-image-preview:large","max-video-preview":"max-video-preview:-1"},"canonical":"https:\/\/elfsight.com\/es\/testimonials-slider-widget\/google-sites\/","og_locale":"es_ES","og_type":"article","og_title":"Testimonios Slider - A\u00f1adir plugin de Deslizador de Testimonios al Google Sites","og_description":"Instala un widget interactivo de Testimonios Slider en su p\u00e1gina web de Google Sites. Use la demo de Elfsight manejable y construe su plugin \u00fanico.","og_url":"https:\/\/elfsight.com\/es\/testimonials-slider-widget\/google-sites\/","og_site_name":"Elfsight ES","article_modified_time":"2025-02-06T15:17:36+00:00","twitter_card":"summary_large_image","twitter_misc":{"Tiempo de lectura":"2 minutos"},"schema":{"@context":"https:\/\/schema.org","@graph":[{"@type":"WebPage","@id":"https:\/\/elfsight.com\/es\/testimonials-slider-widget\/google-sites\/","url":"https:\/\/elfsight.com\/es\/testimonials-slider-widget\/google-sites\/","name":"Testimonios Slider - A\u00f1adir plugin de Deslizador de Testimonios al Google Sites","isPartOf":{"@id":"https:\/\/elfsight.com\/es\/#website"},"datePublished":"2022-02-11T11:58:05+00:00","dateModified":"2025-02-06T15:17:36+00:00","description":"Instala un widget interactivo de Testimonios Slider en su p\u00e1gina web de Google Sites. Use la demo de Elfsight manejable y construe su plugin \u00fanico.","breadcrumb":{"@id":"https:\/\/elfsight.com\/es\/testimonials-slider-widget\/google-sites\/#breadcrumb"},"inLanguage":"es","potentialAction":[{"@type":"ReadAction","target":["https:\/\/elfsight.com\/es\/testimonials-slider-widget\/google-sites\/"]}]},{"@type":"BreadcrumbList","@id":"https:\/\/elfsight.com\/es\/testimonials-slider-widget\/google-sites\/#breadcrumb","itemListElement":[{"@type":"ListItem","position":1,"name":"Home","item":"https:\/\/elfsight.com\/es\/"},{"@type":"ListItem","position":2,"name":"Testimonials Slider","item":"https:\/\/elfsight.com\/es\/testimonials-slider-widget\/"},{"@type":"ListItem","position":3,"name":"Testimonials Slider &#8211; Google Sites"}]},{"@type":"WebSite","@id":"https:\/\/elfsight.com\/es\/#website","url":"https:\/\/elfsight.com\/es\/","name":"Elfsight ES","description":"Just another Elfsight Sites site","potentialAction":[{"@type":"SearchAction","target":{"@type":"EntryPoint","urlTemplate":"https:\/\/elfsight.com\/es\/?s={search_term_string}"},"query-input":{"@type":"PropertyValueSpecification","valueRequired":true,"valueName":"search_term_string"}}],"inLanguage":"es"}]}},"meta_box":{"industry":"","seo_heading":"","heading":"","description":"","cta_heading":"","cta_description":"","application":"2040","h1":"complemento de Testimonios Slider para Google Sites","h1_caption":"Una widget \u00fanica para mostrar rese\u00f1as de sus clientes en su p\u00e1gina","application_category":[],"applications_title":"","applications_request_title":"","applications_request_button_text":"","hero_text":"","hero_video":"","hero_video_schema_markup":"","selling_points_title":"","selling_points_caption":"","selling_points":[],"selling_points_cta_text":"","features_title":"","features":"","ed_cta_examples_text":"","ed_cta_examples_hidden":"","ed_cta_demo_text":"","ed_cta_demo_hidden":"","why_caption":"","why_editor_title":"","why_editor_text":"","why_team_title":"","why_team_text":"","why_service_title":"","why_service_text":"","template_catalog_visible":"","template_catalog_title":"","template_catalog_text":"","template_catalog_categories_visible":"","demo_title":"Cree su widget deslizante de testimonios","demo_caption":"Configure su control deslizante de testimonios y agr\u00e9guelo a su sitio web de Google Sites de forma gratuita.","default_faq_hidden":"","app_template_category":[],"platform":"67","template_public_id":"","codecanyon_url":"","codecanyon_item_id":"","codecanyon_price":"","pricing_caption":"","pricing_elfsight_apps_hide_column":"","pricing_elfsight_apps_url":"","pricing_codecanyon_price_caption":"","integration_category":[],"integration_request_title":"","integration_request_cta":"","integration_platform":"","integrations":[],"platform_category":[],"video_schema_markup":"","price":"desde $0 por mes","trial":"","benefits":[{"text":"Instalaci\u00f3n gratuita"},{"text":"Soporte Premium"},{"text":"14 d\u00edas garant\u00eda de reembolso"},{"text":"Actualizaciones regulares"}],"button_url":"#demo","button_target_blank":"0","button_nofollow":"0","attributes":[{"name":"Responsivo","content":"Si","_state":"expanded"},{"name":"Navegadores compatibles","content":"Firefox, Safari, Opera, Chrome, Edge","_state":"expanded"}],"tags":[],"tags_disable_links":"0","hide_more_platforms":"","video_object":"","demo_hide_cta":"0","demo_hide_cloud_options":"0","pricing_title":"","pricing":[{"pricing_icon":"platform","pricing_title":" Elfsight Apps","pricing_title_caption":"Soluci\u00f3n multiplataforma - valido para cualquier p\u00e1gina web","pricing_price":"desde $0 por mes","pricing_price_caption":"empezar con un plan gratuito","pricing_benefits":[{"text":"Sitios web ilimitados"},{"text":"Atenci\u00f3n al cliente gratuita y r\u00e1pida"},{"text":"Servicio de instalaci\u00f3n gratuito"},{"text":"Totalmente personalizable"}],"pricing_button_text":"Agregar al sitio web","pricing_button_url":"#demo","_state":"expanded"}],"related_apps_title":"","related_apps_hidden":"1","author":"","image":[],"title":"","job":"","social_networks":[]},"_links":{"self":[{"href":"https:\/\/elfsight.com\/es\/wp-json\/wp\/v2\/pages\/3992","targetHints":{"allow":["GET"]}}],"collection":[{"href":"https:\/\/elfsight.com\/es\/wp-json\/wp\/v2\/pages"}],"about":[{"href":"https:\/\/elfsight.com\/es\/wp-json\/wp\/v2\/types\/page"}],"author":[{"embeddable":true,"href":"https:\/\/elfsight.com\/es\/wp-json\/wp\/v2\/users\/18"}],"replies":[{"embeddable":true,"href":"https:\/\/elfsight.com\/es\/wp-json\/wp\/v2\/comments?post=3992"}],"version-history":[{"count":3,"href":"https:\/\/elfsight.com\/es\/wp-json\/wp\/v2\/pages\/3992\/revisions"}],"predecessor-version":[{"id":18047,"href":"https:\/\/elfsight.com\/es\/wp-json\/wp\/v2\/pages\/3992\/revisions\/18047"}],"up":[{"embeddable":true,"href":"https:\/\/elfsight.com\/es\/wp-json\/wp\/v2\/pages\/2041"}],"wp:attachment":[{"href":"https:\/\/elfsight.com\/es\/wp-json\/wp\/v2\/media?parent=3992"}],"curies":[{"name":"wp","href":"https:\/\/api.w.org\/{rel}","templated":true}]}}