{"id":3989,"date":"2022-02-11T11:58:10","date_gmt":"2022-02-11T11:58:10","guid":{"rendered":"https:\/\/elfsight.com\/es\/?page_id=3989"},"modified":"2025-02-06T15:17:28","modified_gmt":"2025-02-06T15:17:28","slug":"elementor","status":"publish","type":"page","link":"https:\/\/elfsight.com\/es\/social-media-share-buttons\/elementor\/","title":{"rendered":"Social Share Buttons &#8211; Elementor"},"content":{"rendered":"<div class=\"application-platform-content-item-description application-platform-content-item\" id=\"description\" data-nav-section=\"description\"><h2>Insertar los botones de compartir en Elementor con el widget de Elfsight<\/h2><p>Un plugin de compartir efectivo para todos los sitios, que ayudar\u00e1 a tus lectores a difundir el contenido que les gusta en cualquier red social. Ayuda a hacer crecer tu empresa en Facebook, Twitter, Medium y otras. Y cubre m\u00e1s suscriptores y seguidores con la ayuda de publicaciones personalizadas en tu sitio web personal.<\/p><p><b>\u00a1Gana m\u00e1s vistas y seguidores de las redes sociales!<\/b><\/p><p><b>Difunde contenido atractivo para una audiencia m\u00e1s amplia<\/b><br> Proporciona a tus visitantes la oportunidad de difundir contenido atractivo sin esfuerzo y llegar a una nueva audiencia de inmediato.<\/p><p><b>Aumenta las visitas en tu sitio web<\/b><br> Atrae usuarios frescos a tu sitio web con una presencia activa en las redes sociales y experimenta un aumento en el n\u00famero de visitas.<\/p><p><b>Aumenta el n\u00famero de lectores en las redes sociales<\/b><br> \u00bfEst\u00e1s publicando contenido atractivo en tu sitio? Deja que los lectores ahora promuevan tu contenido, publicando entradas para sus suscriptores.<\/p><\/div><div class=\"application-platform-content-item-features application-platform-content-item\" id=\"features\" data-nav-section=\"features\"><h2>Principales caracter\u00edsticas del widget de botones de compartir en redes sociales<\/h2><p>\u00bfPor qu\u00e9 los botones de Elfsight son los mejores entre los plugins de compartir para Elementor? Descubre las caracter\u00edsticas m\u00e1s destacadas del plugin:<\/p><ul><li>Coloca un n\u00famero ilimitado de botones;<\/li><li>Alineaci\u00f3n de los botones a la izquierda, derecha o al centro;<\/li><li>Configura el ancho de los botones;<\/li><li>Transparencia ajustable de los botones;<\/li><li>Actualizaciones en vivo lanzadas de forma continua.<\/li><\/ul><p><a href=\"#demo\">Prueba todas las ventajas en el configurador gratuito<\/a><\/p><\/div><div class=\"application-platform-content-item-installation application-platform-content-item\" id=\"installation\" data-nav-section=\"installation\"><h2>C\u00f3mo agregar botones de compartir en el sitio web de Elementor<\/h2><div class=\"video-container\"><iframe width=\"720\" height=\"405\" src=\"https:\/\/www.youtube.com\/embed\/DzEEgArEdtA\" frameborder=\"0\" allowfullscreen=\"\"><\/iframe><\/div><p>A continuaci\u00f3n, te damos unas breves instrucciones sobre c\u00f3mo configurar los botones sin experiencia en desarrollo web o sin ayuda de un desarrollador profesional. Solo te tomar\u00e1 3 minutos seguir la instrucci\u00f3n.<\/p><ol><li><b>Dise\u00f1a tus botones personalizados<\/b><br>A trav\u00e9s de nuestro editor gratuito, genera un plugin, elige una plantilla y otros par\u00e1metros.<\/li><li><b>Obt\u00e9n el c\u00f3digo de instalaci\u00f3n para agregar el plugin a tu sitio<\/b><br>Despu\u00e9s de crear el widget, obt\u00e9n tu c\u00f3digo \u00fanico para el plugin de compartir desde la ventana que aparece en Elfsight Apps.<\/li><li><b>Muestra el plugin en tu sitio de Elementor<\/b><br>Elige la p\u00e1gina y el \u00e1rea donde quieres que aparezca el plugin, inserta el c\u00f3digo de instalaci\u00f3n all\u00ed y publica los cambios.<\/li><li><b>\u00a1Listo!<\/b><br>Entra a tu sitio para ver c\u00f3mo qued\u00f3 tu trabajo.<\/li><\/ol><p>\u00bfNecesitas ayuda con la instalaci\u00f3n o la personalizaci\u00f3n del plugin? \u00a1El equipo de Elfsight estar\u00e1 encantado de ayudarte y ofrecerte una soluci\u00f3n!<\/p><div class=\"faq\" data-component=\"FAQ\"><div class=\"faq-item\">\r\n\t\t\t\t\t<div class=\"faq-item-question\">\r\n\t\t\t\t\t\t<h3 class=\"faq-item-question-text\">\u00bfC\u00f3mo puedo insertar los botones de compartir de Elementor en mi sitio de Squarespace sin conocimientos de programaci\u00f3n?<\/h3>\r\n\r\n\t\t\t\t\t\t<div class=\"faq-item-question-icon\"><\/div>\r\n\t\t\t\t\t<\/div>\r\n\r\n\t\t\t\t\t<div class=\"faq-item-answer\">\r\n\t\t\t\t\t\t<div class=\"faq-item-answer-text\"><p>Elfsight ofrece una soluci\u00f3n basada en la nube que permite a los usuarios insertar los botones de compartir de Elementor por s\u00ed mismos, vean lo sencillo que es el proceso:<\/p><ul><li>Accede al editor en l\u00ednea para generar una secci\u00f3n de botones de compartir de Elementor que quieras integrar en tu sitio de Squarespace.<\/li><li>Elige una de nuestras plantillas pre-dise\u00f1adas y personaliza los ajustes de los botones de compartir de Elementor, modifica el dise\u00f1o y esquema de colores, incluye tu contenido sin necesidad de programaci\u00f3n.<\/li><li>Guarda los ajustes que hayas configurado para los botones de compartir de Elementor y obt\u00e9n el c\u00f3digo del widget para insertarlo, lo cual puedes a\u00f1adir f\u00e1cilmente a tu sitio de Squarespace sin costo alguno.<\/li><\/ul><p>Al trabajar en el editor f\u00e1cil de usar, cualquier usuario de internet puede crear una secci\u00f3n de botones de compartir de Elementor e insertarla en su sitio de Squarespace. No es necesario pagar ni revelar los datos de tu tarjeta para acceder al editor de Elfsight. Si tienes alguna dificultad en alg\u00fan momento, no dudes en contactar a nuestro soporte al cliente.<\/p><\/div>\r\n\t\t\t\t\t<\/div>\r\n\t\t\t\t<\/div><\/div><\/div>","protected":false},"excerpt":{"rendered":"","protected":false},"author":18,"featured_media":0,"parent":1979,"menu_order":0,"comment_status":"closed","ping_status":"closed","template":"templates\/template-application-platform.php","meta":{"publish_to_discourse":"","publish_post_category":"","wpdc_auto_publish_overridden":"","wpdc_topic_tags":"","wpdc_pin_topic":"","wpdc_pin_until":"","discourse_post_id":"","discourse_permalink":"","wpdc_publishing_response":"","wpdc_publishing_error":"","footnotes":""},"class_list":["post-3989","page","type-page","status-publish","hentry"],"yoast_head":"<!-- This site is optimized with the Yoast SEO plugin v25.3.1 - https:\/\/yoast.com\/wordpress\/plugins\/seo\/ -->\n<title>Compartir en Redes Sociales - Integrar plugin de Botones de Compartir al Elementor<\/title>\n<meta name=\"description\" content=\"Instala un widget responsivo de Compartir en Redes Sociales en su sitio web de Elementor. Use la demo de Elfsight intuitiva y cree su plugin personalizado.\" \/>\n<meta name=\"robots\" content=\"index, follow, max-snippet:-1, max-image-preview:large, max-video-preview:-1\" \/>\n<link rel=\"canonical\" href=\"https:\/\/elfsight.com\/es\/social-media-share-buttons\/elementor\/\" \/>\n<meta property=\"og:locale\" content=\"es_ES\" \/>\n<meta property=\"og:type\" content=\"article\" \/>\n<meta property=\"og:title\" content=\"Compartir en Redes Sociales - Integrar plugin de Botones de Compartir al Elementor\" \/>\n<meta property=\"og:description\" content=\"Instala un widget responsivo de Compartir en Redes Sociales en su sitio web de Elementor. Use la demo de Elfsight intuitiva y cree su plugin personalizado.\" \/>\n<meta property=\"og:url\" content=\"https:\/\/elfsight.com\/es\/social-media-share-buttons\/elementor\/\" \/>\n<meta property=\"og:site_name\" content=\"Elfsight ES\" \/>\n<meta property=\"article:modified_time\" content=\"2025-02-06T15:17:28+00:00\" \/>\n<meta name=\"twitter:card\" content=\"summary_large_image\" \/>\n<meta name=\"twitter:label1\" content=\"Tiempo de lectura\" \/>\n\t<meta name=\"twitter:data1\" content=\"1 minuto\" \/>\n<!-- \/ Yoast SEO plugin. -->","yoast_head_json":{"title":"Compartir en Redes Sociales - Integrar plugin de Botones de Compartir al Elementor","description":"Instala un widget responsivo de Compartir en Redes Sociales en su sitio web de Elementor. Use la demo de Elfsight intuitiva y cree su plugin personalizado.","robots":{"index":"index","follow":"follow","max-snippet":"max-snippet:-1","max-image-preview":"max-image-preview:large","max-video-preview":"max-video-preview:-1"},"canonical":"https:\/\/elfsight.com\/es\/social-media-share-buttons\/elementor\/","og_locale":"es_ES","og_type":"article","og_title":"Compartir en Redes Sociales - Integrar plugin de Botones de Compartir al Elementor","og_description":"Instala un widget responsivo de Compartir en Redes Sociales en su sitio web de Elementor. Use la demo de Elfsight intuitiva y cree su plugin personalizado.","og_url":"https:\/\/elfsight.com\/es\/social-media-share-buttons\/elementor\/","og_site_name":"Elfsight ES","article_modified_time":"2025-02-06T15:17:28+00:00","twitter_card":"summary_large_image","twitter_misc":{"Tiempo de lectura":"1 minuto"},"schema":{"@context":"https:\/\/schema.org","@graph":[{"@type":"WebPage","@id":"https:\/\/elfsight.com\/es\/social-media-share-buttons\/elementor\/","url":"https:\/\/elfsight.com\/es\/social-media-share-buttons\/elementor\/","name":"Compartir en Redes Sociales - Integrar plugin de Botones de Compartir al Elementor","isPartOf":{"@id":"https:\/\/elfsight.com\/es\/#website"},"datePublished":"2022-02-11T11:58:10+00:00","dateModified":"2025-02-06T15:17:28+00:00","description":"Instala un widget responsivo de Compartir en Redes Sociales en su sitio web de Elementor. Use la demo de Elfsight intuitiva y cree su plugin personalizado.","breadcrumb":{"@id":"https:\/\/elfsight.com\/es\/social-media-share-buttons\/elementor\/#breadcrumb"},"inLanguage":"es","potentialAction":[{"@type":"ReadAction","target":["https:\/\/elfsight.com\/es\/social-media-share-buttons\/elementor\/"]}]},{"@type":"BreadcrumbList","@id":"https:\/\/elfsight.com\/es\/social-media-share-buttons\/elementor\/#breadcrumb","itemListElement":[{"@type":"ListItem","position":1,"name":"Home","item":"https:\/\/elfsight.com\/es\/"},{"@type":"ListItem","position":2,"name":"Social Share Buttons","item":"https:\/\/elfsight.com\/es\/social-media-share-buttons\/"},{"@type":"ListItem","position":3,"name":"Social Share Buttons &#8211; Elementor"}]},{"@type":"WebSite","@id":"https:\/\/elfsight.com\/es\/#website","url":"https:\/\/elfsight.com\/es\/","name":"Elfsight ES","description":"Just another Elfsight Sites site","potentialAction":[{"@type":"SearchAction","target":{"@type":"EntryPoint","urlTemplate":"https:\/\/elfsight.com\/es\/?s={search_term_string}"},"query-input":{"@type":"PropertyValueSpecification","valueRequired":true,"valueName":"search_term_string"}}],"inLanguage":"es"}]}},"meta_box":{"industry":"","seo_heading":"","heading":"","description":"","cta_heading":"","cta_description":"","application":"1978","h1":"complemento de Compartir en Redes Sociales para Elementor","h1_caption":"Muestra m\u00e1s de 40 iconos de redes sociales en el p\u00e1gina","application_category":[],"applications_title":"","applications_request_title":"","applications_request_button_text":"","hero_text":"","hero_video":"","hero_video_schema_markup":"","selling_points_title":"","selling_points_caption":"","selling_points":[],"selling_points_cta_text":"","features_title":"","features":"","ed_cta_examples_text":"","ed_cta_examples_hidden":"","ed_cta_demo_text":"","ed_cta_demo_hidden":"","why_caption":"","why_editor_title":"","why_editor_text":"","why_team_title":"","why_team_text":"","why_service_title":"","why_service_text":"","template_catalog_visible":"","template_catalog_title":"","template_catalog_text":"","template_catalog_categories_visible":"","demo_title":"Crea tu widget de botones para compartir en redes sociales","demo_caption":"\u00a1Configure sus botones para compartir en redes sociales y agr\u00e9guelos a su sitio web de Elementor de forma gratuita!","default_faq_hidden":"","app_template_category":[],"platform":"58","template_public_id":"","codecanyon_url":"","codecanyon_item_id":"","codecanyon_price":"","pricing_caption":"","pricing_elfsight_apps_hide_column":"","pricing_elfsight_apps_url":"","pricing_codecanyon_price_caption":"","integration_category":[],"integration_request_title":"","integration_request_cta":"","integration_platform":"","integrations":[],"platform_category":[],"video_schema_markup":"","price":"desde $0 por mes","trial":"","benefits":[{"text":"Instalaci\u00f3n gratuita"},{"text":"Soporte Premium"},{"text":"14 d\u00edas garant\u00eda de reembolso"},{"text":"Actualizaciones regulares"}],"button_url":"#demo","button_target_blank":"0","button_nofollow":"0","attributes":[{"name":"Responsivo","content":"Si","_state":"expanded"},{"name":"Navegadores compatibles","content":"Firefox, Safari, Opera, Chrome, Edge","_state":"expanded"}],"tags":[],"tags_disable_links":"0","hide_more_platforms":"","video_object":"","demo_hide_cta":"0","demo_hide_cloud_options":"0","pricing_title":"","pricing":[{"pricing_icon":"platform","pricing_title":" Elfsight Apps","pricing_title_caption":"Soluci\u00f3n multiplataforma - valido para cualquier p\u00e1gina web","pricing_price":"desde $0 por mes","pricing_price_caption":"empezar con un plan gratuito","pricing_benefits":[{"text":"Sitios web ilimitados"},{"text":"Atenci\u00f3n al cliente gratuita y r\u00e1pida"},{"text":"Servicio de instalaci\u00f3n gratuito"},{"text":"Totalmente personalizable"}],"pricing_button_text":"Agregar al sitio web","pricing_button_url":"#demo","_state":"expanded"}],"related_apps_title":"","related_apps_hidden":"1","author":"","image":[],"title":"","job":"","social_networks":[]},"_links":{"self":[{"href":"https:\/\/elfsight.com\/es\/wp-json\/wp\/v2\/pages\/3989","targetHints":{"allow":["GET"]}}],"collection":[{"href":"https:\/\/elfsight.com\/es\/wp-json\/wp\/v2\/pages"}],"about":[{"href":"https:\/\/elfsight.com\/es\/wp-json\/wp\/v2\/types\/page"}],"author":[{"embeddable":true,"href":"https:\/\/elfsight.com\/es\/wp-json\/wp\/v2\/users\/18"}],"replies":[{"embeddable":true,"href":"https:\/\/elfsight.com\/es\/wp-json\/wp\/v2\/comments?post=3989"}],"version-history":[{"count":3,"href":"https:\/\/elfsight.com\/es\/wp-json\/wp\/v2\/pages\/3989\/revisions"}],"predecessor-version":[{"id":18046,"href":"https:\/\/elfsight.com\/es\/wp-json\/wp\/v2\/pages\/3989\/revisions\/18046"}],"up":[{"embeddable":true,"href":"https:\/\/elfsight.com\/es\/wp-json\/wp\/v2\/pages\/1979"}],"wp:attachment":[{"href":"https:\/\/elfsight.com\/es\/wp-json\/wp\/v2\/media?parent=3989"}],"curies":[{"name":"wp","href":"https:\/\/api.w.org\/{rel}","templated":true}]}}