{"id":3986,"date":"2022-02-11T11:58:19","date_gmt":"2022-02-11T11:58:19","guid":{"rendered":"https:\/\/elfsight.com\/es\/?page_id=3986"},"modified":"2025-02-06T15:17:28","modified_gmt":"2025-02-06T15:17:28","slug":"godaddy","status":"publish","type":"page","link":"https:\/\/elfsight.com\/es\/testimonials-slider-widget\/godaddy\/","title":{"rendered":"Testimonials Slider &#8211; GoDaddy"},"content":{"rendered":"<div class=\"application-platform-content-item-features application-platform-content-item\" id=\"features\" data-nav-section=\"features\"><h2>Aqu\u00ed est\u00e1 la lista de las caracter\u00edsticas de Testimonios Slider Las caracter\u00edsticas m\u00e1s necesarias de Testimonios Slider ofrece:<\/h2> <ul><li>Emplea la URL del perfil de Facebook o Twitter para demostrar que el autor es de la vida real.<\/li><li>Prueba 6 plantillas de testimonios adaptables y encuentra la que necesitas.<\/li><li>Dise\u00f1o de ancho completo para darle un aspecto aparente.<\/li><li>A\u00f1ade el nombre y la foto del autor para aumentar la confianza.<\/li><li>Utilice un t\u00edtulo para el nombre de la empresa, la posici\u00f3n y otros datos.<\/li><li>Ofrece un enlace al sitio web del autor para una presentaci\u00f3n m\u00e1s fiable.<\/li><li>Para a\u00f1adir confianza, revele el logotipo de la empresa del autor.<\/li><li>Dise\u00f1os de Deslizador y de Cuadr\u00edcula para una amplia gama de casos de uso.<\/li><li>Flechas del Slider y variantes de paginaci\u00f3n.<\/li><\/ul> <p><a href=\"#demo\">Puedes probar la capacidades completas del widget en la demo aqu\u00ed<\/a><\/p> <\/div> <div class=\"application-platform-content-item-installation application-platform-content-item\" id=\"installation\" data-nav-section=\"installation\"> <h2>C\u00f3mo puedo incorporar Testimonios Slider mi p\u00e1gina web de GoDaddy? <\/h2><p>S\u00f3lo sigue los siguientes pasos presentados a continuaci\u00f3n para activar el widget.<\/p> <ol><li>Gestiona nuestro demo gratuito y empieza a dar forma a su widget propio.<\/li>  <li>Adquiera el c\u00f3digo individual que se muestra en la caja .<\/li>  <li>Entra en utilizar el widget en  sitio web de GoDaddy.<\/li>  <li>La incorporaci\u00f3n est\u00e1 exitosamente completada.<\/li><\/ol> <p>En el caso de que usted tiene, no dude en escribir a nuestro equipo de servicio al cliente. Nuestros personas estar\u00e1n excitados para resolver todas las dificultades que pueda tener con el widget.<\/p> <\/div><p><\/p>","protected":false},"excerpt":{"rendered":"","protected":false},"author":18,"featured_media":0,"parent":2041,"menu_order":0,"comment_status":"closed","ping_status":"closed","template":"templates\/template-application-platform.php","meta":{"publish_to_discourse":"","publish_post_category":"","wpdc_auto_publish_overridden":"","wpdc_topic_tags":"","wpdc_pin_topic":"","wpdc_pin_until":"","discourse_post_id":"","discourse_permalink":"","wpdc_publishing_response":"","wpdc_publishing_error":"","footnotes":""},"class_list":["post-3986","page","type-page","status-publish","hentry"],"yoast_head":"<!-- This site is optimized with the Yoast SEO plugin v25.3.1 - https:\/\/yoast.com\/wordpress\/plugins\/seo\/ -->\n<title>Testimonios Slider - Agregar widget de Deslizador de Testimonios al GoDaddy<\/title>\n<meta name=\"description\" content=\"A\u00f1ade un widget interactivo de Testimonios Slider en su sitio web de GoDaddy. Aplique la demo de Elfsight intuitiva y cree su widget personalizado.\" \/>\n<meta name=\"robots\" content=\"index, follow, max-snippet:-1, max-image-preview:large, max-video-preview:-1\" \/>\n<link rel=\"canonical\" href=\"https:\/\/elfsight.com\/es\/testimonials-slider-widget\/godaddy\/\" \/>\n<meta property=\"og:locale\" content=\"es_ES\" \/>\n<meta property=\"og:type\" content=\"article\" \/>\n<meta property=\"og:title\" content=\"Testimonios Slider - Agregar widget de Deslizador de Testimonios al GoDaddy\" \/>\n<meta property=\"og:description\" content=\"A\u00f1ade un widget interactivo de Testimonios Slider en su sitio web de GoDaddy. Aplique la demo de Elfsight intuitiva y cree su widget personalizado.\" \/>\n<meta property=\"og:url\" content=\"https:\/\/elfsight.com\/es\/testimonials-slider-widget\/godaddy\/\" \/>\n<meta property=\"og:site_name\" content=\"Elfsight ES\" \/>\n<meta property=\"article:modified_time\" content=\"2025-02-06T15:17:28+00:00\" \/>\n<meta name=\"twitter:card\" content=\"summary_large_image\" \/>\n<meta name=\"twitter:label1\" content=\"Tiempo de lectura\" \/>\n\t<meta name=\"twitter:data1\" content=\"2 minutos\" \/>\n<!-- \/ Yoast SEO plugin. -->","yoast_head_json":{"title":"Testimonios Slider - Agregar widget de Deslizador de Testimonios al GoDaddy","description":"A\u00f1ade un widget interactivo de Testimonios Slider en su sitio web de GoDaddy. Aplique la demo de Elfsight intuitiva y cree su widget personalizado.","robots":{"index":"index","follow":"follow","max-snippet":"max-snippet:-1","max-image-preview":"max-image-preview:large","max-video-preview":"max-video-preview:-1"},"canonical":"https:\/\/elfsight.com\/es\/testimonials-slider-widget\/godaddy\/","og_locale":"es_ES","og_type":"article","og_title":"Testimonios Slider - Agregar widget de Deslizador de Testimonios al GoDaddy","og_description":"A\u00f1ade un widget interactivo de Testimonios Slider en su sitio web de GoDaddy. Aplique la demo de Elfsight intuitiva y cree su widget personalizado.","og_url":"https:\/\/elfsight.com\/es\/testimonials-slider-widget\/godaddy\/","og_site_name":"Elfsight ES","article_modified_time":"2025-02-06T15:17:28+00:00","twitter_card":"summary_large_image","twitter_misc":{"Tiempo de lectura":"2 minutos"},"schema":{"@context":"https:\/\/schema.org","@graph":[{"@type":"WebPage","@id":"https:\/\/elfsight.com\/es\/testimonials-slider-widget\/godaddy\/","url":"https:\/\/elfsight.com\/es\/testimonials-slider-widget\/godaddy\/","name":"Testimonios Slider - Agregar widget de Deslizador de Testimonios al GoDaddy","isPartOf":{"@id":"https:\/\/elfsight.com\/es\/#website"},"datePublished":"2022-02-11T11:58:19+00:00","dateModified":"2025-02-06T15:17:28+00:00","description":"A\u00f1ade un widget interactivo de Testimonios Slider en su sitio web de GoDaddy. Aplique la demo de Elfsight intuitiva y cree su widget personalizado.","breadcrumb":{"@id":"https:\/\/elfsight.com\/es\/testimonials-slider-widget\/godaddy\/#breadcrumb"},"inLanguage":"es","potentialAction":[{"@type":"ReadAction","target":["https:\/\/elfsight.com\/es\/testimonials-slider-widget\/godaddy\/"]}]},{"@type":"BreadcrumbList","@id":"https:\/\/elfsight.com\/es\/testimonials-slider-widget\/godaddy\/#breadcrumb","itemListElement":[{"@type":"ListItem","position":1,"name":"Home","item":"https:\/\/elfsight.com\/es\/"},{"@type":"ListItem","position":2,"name":"Testimonials Slider","item":"https:\/\/elfsight.com\/es\/testimonials-slider-widget\/"},{"@type":"ListItem","position":3,"name":"Testimonials Slider &#8211; GoDaddy"}]},{"@type":"WebSite","@id":"https:\/\/elfsight.com\/es\/#website","url":"https:\/\/elfsight.com\/es\/","name":"Elfsight ES","description":"Just another Elfsight Sites site","potentialAction":[{"@type":"SearchAction","target":{"@type":"EntryPoint","urlTemplate":"https:\/\/elfsight.com\/es\/?s={search_term_string}"},"query-input":{"@type":"PropertyValueSpecification","valueRequired":true,"valueName":"search_term_string"}}],"inLanguage":"es"}]}},"meta_box":{"industry":"","seo_heading":"","heading":"","description":"","cta_heading":"","cta_description":"","application":"2040","h1":"Widget de Testimonios Slider para GoDaddy","h1_caption":"Una widget \u00fanica para revelar respuestas de sus clientes en su sitio","application_category":[],"applications_title":"","applications_request_title":"","applications_request_button_text":"","hero_text":"","hero_video":"","hero_video_schema_markup":"","selling_points_title":"","selling_points_caption":"","selling_points":[],"selling_points_cta_text":"","features_title":"","features":"","ed_cta_examples_text":"","ed_cta_examples_hidden":"","ed_cta_demo_text":"","ed_cta_demo_hidden":"","why_caption":"","why_editor_title":"","why_editor_text":"","why_team_title":"","why_team_text":"","why_service_title":"","why_service_text":"","template_catalog_visible":"","template_catalog_title":"","template_catalog_text":"","template_catalog_categories_visible":"","demo_title":"Cree su complemento Control deslizante de testimonios","demo_caption":"\u00a1Configure su control deslizante de testimonios y agr\u00e9guelo a su sitio web de GoDaddy gratis!","default_faq_hidden":"","app_template_category":[],"platform":"2183","template_public_id":"","codecanyon_url":"","codecanyon_item_id":"","codecanyon_price":"","pricing_caption":"","pricing_elfsight_apps_hide_column":"","pricing_elfsight_apps_url":"","pricing_codecanyon_price_caption":"","integration_category":[],"integration_request_title":"","integration_request_cta":"","integration_platform":"","integrations":[],"platform_category":[],"video_schema_markup":"","price":"desde $0 por mes","trial":"","benefits":[{"text":"Instalaci\u00f3n gratuita"},{"text":"Soporte Premium"},{"text":"14 d\u00edas garant\u00eda de reembolso"},{"text":"Actualizaciones regulares"}],"button_url":"#demo","button_target_blank":"0","button_nofollow":"0","attributes":[{"name":"Responsivo","content":"Si","_state":"expanded"},{"name":"Navegadores compatibles","content":"Firefox, Safari, Opera, Chrome, Edge","_state":"expanded"}],"tags":[],"tags_disable_links":"0","hide_more_platforms":"","video_object":"","demo_hide_cta":"0","demo_hide_cloud_options":"0","pricing_title":"","pricing":[{"pricing_icon":"platform","pricing_title":" Elfsight Apps","pricing_title_caption":"Soluci\u00f3n multiplataforma - valido para cualquier p\u00e1gina web","pricing_price":"desde $0 por mes","pricing_price_caption":"empezar con un plan gratuito","pricing_benefits":[{"text":"Sitios web ilimitados"},{"text":"Atenci\u00f3n al cliente gratuita y r\u00e1pida"},{"text":"Servicio de instalaci\u00f3n gratuito"},{"text":"Totalmente personalizable"}],"pricing_button_text":"Agregar al sitio web","pricing_button_url":"#demo","_state":"expanded"}],"related_apps_title":"","related_apps_hidden":"1","author":"","image":[],"title":"","job":"","social_networks":[]},"_links":{"self":[{"href":"https:\/\/elfsight.com\/es\/wp-json\/wp\/v2\/pages\/3986","targetHints":{"allow":["GET"]}}],"collection":[{"href":"https:\/\/elfsight.com\/es\/wp-json\/wp\/v2\/pages"}],"about":[{"href":"https:\/\/elfsight.com\/es\/wp-json\/wp\/v2\/types\/page"}],"author":[{"embeddable":true,"href":"https:\/\/elfsight.com\/es\/wp-json\/wp\/v2\/users\/18"}],"replies":[{"embeddable":true,"href":"https:\/\/elfsight.com\/es\/wp-json\/wp\/v2\/comments?post=3986"}],"version-history":[{"count":2,"href":"https:\/\/elfsight.com\/es\/wp-json\/wp\/v2\/pages\/3986\/revisions"}],"predecessor-version":[{"id":18045,"href":"https:\/\/elfsight.com\/es\/wp-json\/wp\/v2\/pages\/3986\/revisions\/18045"}],"up":[{"embeddable":true,"href":"https:\/\/elfsight.com\/es\/wp-json\/wp\/v2\/pages\/2041"}],"wp:attachment":[{"href":"https:\/\/elfsight.com\/es\/wp-json\/wp\/v2\/media?parent=3986"}],"curies":[{"name":"wp","href":"https:\/\/api.w.org\/{rel}","templated":true}]}}