{"id":3983,"date":"2022-02-11T11:58:24","date_gmt":"2022-02-11T11:58:24","guid":{"rendered":"https:\/\/elfsight.com\/es\/?page_id=3983"},"modified":"2025-02-06T15:17:28","modified_gmt":"2025-02-06T15:17:28","slug":"drupal","status":"publish","type":"page","link":"https:\/\/elfsight.com\/es\/social-media-share-buttons\/drupal\/","title":{"rendered":"Social Share Buttons &#8211; Drupal"},"content":{"rendered":"<div class=\"application-platform-content-item-description application-platform-content-item\" id=\"description\" data-nav-section=\"description\"><h2>Descripci\u00f3n<\/h2><p>Un m\u00f3dulo f\u00e1cil de compartir para cualquier sitio, que permite a tus usuarios difundir contenido, art\u00edculos en diversas redes sociales. Desarrolla la presencia de tu empresa en las redes sociales y consigue m\u00e1s suscriptores y lectores con la ayuda de contenido personalizado en tu sitio web personal.<\/p><p><b>\u00a1Gana m\u00e1s tr\u00e1fico y seguidores de las redes sociales!<\/b><\/p><ul><li><b>M\u00e1xima difusi\u00f3n de publicaciones y art\u00edculos en redes sociales<\/b>.<br>Gracias a un dise\u00f1o claro y muchas funciones, con solo un clic, tu contenido ser\u00e1 compartido activamente en todas las redes sociales sin mucho esfuerzo.<\/li><li><b>Promociona tus publicaciones para una mayor audiencia<\/b>.<br>Dale a tus lectores la oportunidad de distribuir contenido de calidad f\u00e1cilmente y llegar a una audiencia m\u00e1s amplia de inmediato.<\/li><li><b>Mejora el n\u00famero de vistas en tu sitio<\/b>.<br>Atrae nuevos lectores a tu sitio web con una presencia activa en las redes sociales y ver\u00e1s un aumento en el n\u00famero de visitas.<\/li><li><b>Aumenta la cantidad de suscriptores en redes sociales<\/b>.<br>\u00bfEst\u00e1s publicando entradas atractivas? Deja que tus visitantes las compartan, r\u00e1pidamente colocando publicaciones para sus suscriptores.<\/li><\/ul><\/div><div class=\"faq\" data-component=\"FAQ\"><div class=\"faq-item\">\r\n\t\t\t\t\t<div class=\"faq-item-question\">\r\n\t\t\t\t\t\t<h3 class=\"faq-item-question-text\">\u00bfC\u00f3mo puedo integrar los botones de compartir en mi sitio Drupal?<\/h3>\r\n\r\n\t\t\t\t\t\t<div class=\"faq-item-question-icon\"><\/div>\r\n\t\t\t\t\t<\/div>\r\n\r\n\t\t\t\t\t<div class=\"faq-item-answer\">\r\n\t\t\t\t\t\t<div class=\"faq-item-answer-text\"><p>La construcci\u00f3n del widget se realiza dentro del sitio web de Elfsight y no necesitas programar. Usa la demostraci\u00f3n en l\u00ednea para dise\u00f1ar tu widget personalizado, obtener el c\u00f3digo y pegarlo en tu sitio.<\/p><\/div>\r\n\t\t\t\t\t<\/div>\r\n\t\t\t\t<\/div><div class=\"faq-item\">\r\n\t\t\t\t\t<div class=\"faq-item-question\">\r\n\t\t\t\t\t\t<h3 class=\"faq-item-question-text\">\u00bfPuedo obtener botones de compartir flotantes o peque\u00f1os con los m\u00f3dulos de Elfsight?<\/h3>\r\n\r\n\t\t\t\t\t\t<div class=\"faq-item-question-icon\"><\/div>\r\n\t\t\t\t\t<\/div>\r\n\r\n\t\t\t\t\t<div class=\"faq-item-answer\">\r\n\t\t\t\t\t\t<div class=\"faq-item-answer-text\"><p>Hay una gran variedad de plantillas disponibles: galer\u00eda, lista, feed, cuadr\u00edcula, mamposter\u00eda y muchas otras, sin mencionar las opciones de dise\u00f1o flexibles para adaptarse a tus condiciones. Eres libre de crear casi cualquier widget que necesites.<\/p><\/div>\r\n\t\t\t\t\t<\/div>\r\n\t\t\t\t<\/div><div class=\"faq-item\">\r\n\t\t\t\t\t<div class=\"faq-item-question\">\r\n\t\t\t\t\t\t<h3 class=\"faq-item-question-text\">Mi m\u00f3dulo de botones de compartir en redes sociales no funciona \/ no se actualiza<\/h3>\r\n\r\n\t\t\t\t\t\t<div class=\"faq-item-question-icon\"><\/div>\r\n\t\t\t\t\t<\/div>\r\n\r\n\t\t\t\t\t<div class=\"faq-item-answer\">\r\n\t\t\t\t\t\t<div class=\"faq-item-answer-text\"><p>Si tienes problemas con los widgets de compartir en redes sociales, contacta con el equipo de soporte. El soporte es totalmente gratuito para todos los clientes de Elfsight.<\/p><\/div>\r\n\t\t\t\t\t<\/div>\r\n\t\t\t\t<\/div><\/div><div class=\"application-platform-content-item-features application-platform-content-item\" id=\"features\" data-nav-section=\"features\"><h2>Caracter\u00edsticas<\/h2><p>\u00bfPor qu\u00e9 nuestros botones son los mejores entre los m\u00f3dulos de compartir para Drupal? Descubre nuestros puntos clave:<\/p><ul><li>M\u00e1s de 40 redes sociales integradas;<\/li><li>Configura cualquier n\u00famero de columnas para organizar los botones;<\/li><li>Configura los elementos del bot\u00f3n a mostrar;<\/li><li>5 tipos de animaci\u00f3n disponibles;<\/li><li>Optimizado para m\u00f3viles con icono expandible.<\/li><\/ul><p><a href=\"#demo\">Lista completa de caracter\u00edsticas en el editor gratuito<\/a><\/p><\/div><div class=\"application-platform-content-item-installation application-platform-content-item\" id=\"installation\" data-nav-section=\"installation\"><h2>C\u00f3mo agregar botones de compartir en Drupal<\/h2><div class=\"video-container\"><iframe width=\"720\" height=\"405\" src=\"https:\/\/www.youtube.com\/embed\/owa8JT183yE\" frameborder=\"0\" allowfullscreen=\"\"><\/iframe><\/div><p>Solo sigue las instrucciones a continuaci\u00f3n para activar el widget en Drupal.<\/p> <ol><li><b>Inicia nuestro configurador gratuito y empieza a crear tu m\u00f3dulo \u00fanico de botones de compartir en redes sociales.<\/b><br> Elige el dise\u00f1o adecuado y los aspectos de la herramienta y aplica las modificaciones.<\/li>  <li><b>Obt\u00e9n tu c\u00f3digo individual que aparecer\u00e1 en la ventana de Elfsight Apps.<\/b><br> Una vez que se haya generado tu m\u00f3dulo, copia el c\u00f3digo individual que aparece en la caja y gu\u00e1rdalo para futuras ocasiones.<\/li>  <li><b>Inicia el uso de la herramienta en el sitio web de Drupal.<\/b><br> Integra el c\u00f3digo guardado en tu sitio web y aplica los ajustes.<\/li>  <li><b>La configuraci\u00f3n est\u00e1 completamente terminada.<\/b><br> Visita tu sitio para ver c\u00f3mo est\u00e1 funcionando el complemento.<\/li><\/ol><p>\u00bfNecesitas ayuda con la configuraci\u00f3n o la creaci\u00f3n del m\u00f3dulo? \u00a1El equipo de soporte de Elfsight estar\u00e1 aqu\u00ed para ayudarte y ofrecerte una soluci\u00f3n! Tambi\u00e9n puedes resolver la consulta por ti mismo con nuestro plan detallado \u00ab<a href=\"https:\/\/elfsight.com\/tutorials\/how-to-add-social-share-buttons-to-drupal\/\">C\u00f3mo colocar los botones de compartir en el sitio Drupal<\/a>\u00bb.<\/p><\/div>","protected":false},"excerpt":{"rendered":"","protected":false},"author":18,"featured_media":0,"parent":1979,"menu_order":0,"comment_status":"closed","ping_status":"closed","template":"templates\/template-application-platform.php","meta":{"publish_to_discourse":"","publish_post_category":"","wpdc_auto_publish_overridden":"","wpdc_topic_tags":"","wpdc_pin_topic":"","wpdc_pin_until":"","discourse_post_id":"","discourse_permalink":"","wpdc_publishing_response":"","wpdc_publishing_error":"","footnotes":""},"class_list":["post-3983","page","type-page","status-publish","hentry"],"yoast_head":"<!-- This site is optimized with the Yoast SEO plugin v25.3.1 - https:\/\/yoast.com\/wordpress\/plugins\/seo\/ -->\n<title>Compartir en Redes Sociales - A\u00f1adir module de Botones de Compartir al Drupal<\/title>\n<meta name=\"description\" content=\"A\u00f1ade un widget hermoso de Compartir en Redes Sociales en su sitio web de Drupal. Aplique la demo de Elfsight intuitiva y construe su module personalizado.\" \/>\n<meta name=\"robots\" content=\"index, follow, max-snippet:-1, max-image-preview:large, max-video-preview:-1\" \/>\n<link rel=\"canonical\" href=\"https:\/\/elfsight.com\/es\/social-media-share-buttons\/drupal\/\" \/>\n<meta property=\"og:locale\" content=\"es_ES\" \/>\n<meta property=\"og:type\" content=\"article\" \/>\n<meta property=\"og:title\" content=\"Compartir en Redes Sociales - A\u00f1adir module de Botones de Compartir al Drupal\" \/>\n<meta property=\"og:description\" content=\"A\u00f1ade un widget hermoso de Compartir en Redes Sociales en su sitio web de Drupal. Aplique la demo de Elfsight intuitiva y construe su module personalizado.\" \/>\n<meta property=\"og:url\" content=\"https:\/\/elfsight.com\/es\/social-media-share-buttons\/drupal\/\" \/>\n<meta property=\"og:site_name\" content=\"Elfsight ES\" \/>\n<meta property=\"article:modified_time\" content=\"2025-02-06T15:17:28+00:00\" \/>\n<meta name=\"twitter:card\" content=\"summary_large_image\" \/>\n<meta name=\"twitter:label1\" content=\"Tiempo de lectura\" \/>\n\t<meta name=\"twitter:data1\" content=\"1 minuto\" \/>\n<!-- \/ Yoast SEO plugin. -->","yoast_head_json":{"title":"Compartir en Redes Sociales - A\u00f1adir module de Botones de Compartir al Drupal","description":"A\u00f1ade un widget hermoso de Compartir en Redes Sociales en su sitio web de Drupal. Aplique la demo de Elfsight intuitiva y construe su module personalizado.","robots":{"index":"index","follow":"follow","max-snippet":"max-snippet:-1","max-image-preview":"max-image-preview:large","max-video-preview":"max-video-preview:-1"},"canonical":"https:\/\/elfsight.com\/es\/social-media-share-buttons\/drupal\/","og_locale":"es_ES","og_type":"article","og_title":"Compartir en Redes Sociales - A\u00f1adir module de Botones de Compartir al Drupal","og_description":"A\u00f1ade un widget hermoso de Compartir en Redes Sociales en su sitio web de Drupal. Aplique la demo de Elfsight intuitiva y construe su module personalizado.","og_url":"https:\/\/elfsight.com\/es\/social-media-share-buttons\/drupal\/","og_site_name":"Elfsight ES","article_modified_time":"2025-02-06T15:17:28+00:00","twitter_card":"summary_large_image","twitter_misc":{"Tiempo de lectura":"1 minuto"},"schema":{"@context":"https:\/\/schema.org","@graph":[{"@type":"WebPage","@id":"https:\/\/elfsight.com\/es\/social-media-share-buttons\/drupal\/","url":"https:\/\/elfsight.com\/es\/social-media-share-buttons\/drupal\/","name":"Compartir en Redes Sociales - A\u00f1adir module de Botones de Compartir al Drupal","isPartOf":{"@id":"https:\/\/elfsight.com\/es\/#website"},"datePublished":"2022-02-11T11:58:24+00:00","dateModified":"2025-02-06T15:17:28+00:00","description":"A\u00f1ade un widget hermoso de Compartir en Redes Sociales en su sitio web de Drupal. Aplique la demo de Elfsight intuitiva y construe su module personalizado.","breadcrumb":{"@id":"https:\/\/elfsight.com\/es\/social-media-share-buttons\/drupal\/#breadcrumb"},"inLanguage":"es","potentialAction":[{"@type":"ReadAction","target":["https:\/\/elfsight.com\/es\/social-media-share-buttons\/drupal\/"]}]},{"@type":"BreadcrumbList","@id":"https:\/\/elfsight.com\/es\/social-media-share-buttons\/drupal\/#breadcrumb","itemListElement":[{"@type":"ListItem","position":1,"name":"Home","item":"https:\/\/elfsight.com\/es\/"},{"@type":"ListItem","position":2,"name":"Social Share Buttons","item":"https:\/\/elfsight.com\/es\/social-media-share-buttons\/"},{"@type":"ListItem","position":3,"name":"Social Share Buttons &#8211; Drupal"}]},{"@type":"WebSite","@id":"https:\/\/elfsight.com\/es\/#website","url":"https:\/\/elfsight.com\/es\/","name":"Elfsight ES","description":"Just another Elfsight Sites site","potentialAction":[{"@type":"SearchAction","target":{"@type":"EntryPoint","urlTemplate":"https:\/\/elfsight.com\/es\/?s={search_term_string}"},"query-input":{"@type":"PropertyValueSpecification","valueRequired":true,"valueName":"search_term_string"}}],"inLanguage":"es"}]}},"meta_box":{"industry":"","seo_heading":"","heading":"","description":"","cta_heading":"","cta_description":"","application":"1978","h1":"m\u00f3dulo de Compartir en Redes Sociales para Drupal","h1_caption":"Muestra m\u00e1s de 40 iconos de redes sociales en el sitio","application_category":[],"applications_title":"","applications_request_title":"","applications_request_button_text":"","hero_text":"","hero_video":"","hero_video_schema_markup":"","selling_points_title":"","selling_points_caption":"","selling_points":[],"selling_points_cta_text":"","features_title":"","features":"","ed_cta_examples_text":"","ed_cta_examples_hidden":"","ed_cta_demo_text":"","ed_cta_demo_hidden":"","why_caption":"","why_editor_title":"","why_editor_text":"","why_team_title":"","why_team_text":"","why_service_title":"","why_service_text":"","template_catalog_visible":"","template_catalog_title":"","template_catalog_text":"","template_catalog_categories_visible":"","demo_title":"Crea tu m\u00f3dulo de botones para compartir en redes sociales","demo_caption":"\u00a1Configure sus botones para compartir en redes sociales y agr\u00e9guelos a su sitio web Drupal de forma gratuita!","default_faq_hidden":"","app_template_category":[],"platform":"2161","template_public_id":"","codecanyon_url":"","codecanyon_item_id":"","codecanyon_price":"","pricing_caption":"","pricing_elfsight_apps_hide_column":"","pricing_elfsight_apps_url":"","pricing_codecanyon_price_caption":"","integration_category":[],"integration_request_title":"","integration_request_cta":"","integration_platform":"","integrations":[],"platform_category":[],"video_schema_markup":"","price":"desde $0 por mes","trial":"","benefits":[{"text":"Instalaci\u00f3n gratuita"},{"text":"Soporte Premium"},{"text":"14 d\u00edas garant\u00eda de reembolso"},{"text":"Actualizaciones regulares"}],"button_url":"#demo","button_target_blank":"0","button_nofollow":"0","attributes":[{"name":"Responsivo","content":"Si","_state":"expanded"},{"name":"Navegadores compatibles","content":"Firefox, Safari, Opera, Chrome, Edge","_state":"expanded"}],"tags":[],"tags_disable_links":"0","hide_more_platforms":"","video_object":"","demo_hide_cta":"0","demo_hide_cloud_options":"0","pricing_title":"","pricing":[{"pricing_icon":"platform","pricing_title":" Elfsight Apps","pricing_title_caption":"Soluci\u00f3n multiplataforma - valido para cualquier p\u00e1gina web","pricing_price":"desde $0 por mes","pricing_price_caption":"empezar con un plan gratuito","pricing_benefits":[{"text":"Sitios web ilimitados"},{"text":"Atenci\u00f3n al cliente gratuita y r\u00e1pida"},{"text":"Servicio de instalaci\u00f3n gratuito"},{"text":"Totalmente personalizable"}],"pricing_button_text":"Agregar al sitio web","pricing_button_url":"#demo","_state":"expanded"}],"related_apps_title":"","related_apps_hidden":"1","author":"","image":[],"title":"","job":"","social_networks":[]},"_links":{"self":[{"href":"https:\/\/elfsight.com\/es\/wp-json\/wp\/v2\/pages\/3983","targetHints":{"allow":["GET"]}}],"collection":[{"href":"https:\/\/elfsight.com\/es\/wp-json\/wp\/v2\/pages"}],"about":[{"href":"https:\/\/elfsight.com\/es\/wp-json\/wp\/v2\/types\/page"}],"author":[{"embeddable":true,"href":"https:\/\/elfsight.com\/es\/wp-json\/wp\/v2\/users\/18"}],"replies":[{"embeddable":true,"href":"https:\/\/elfsight.com\/es\/wp-json\/wp\/v2\/comments?post=3983"}],"version-history":[{"count":3,"href":"https:\/\/elfsight.com\/es\/wp-json\/wp\/v2\/pages\/3983\/revisions"}],"predecessor-version":[{"id":18044,"href":"https:\/\/elfsight.com\/es\/wp-json\/wp\/v2\/pages\/3983\/revisions\/18044"}],"up":[{"embeddable":true,"href":"https:\/\/elfsight.com\/es\/wp-json\/wp\/v2\/pages\/1979"}],"wp:attachment":[{"href":"https:\/\/elfsight.com\/es\/wp-json\/wp\/v2\/media?parent=3983"}],"curies":[{"name":"wp","href":"https:\/\/api.w.org\/{rel}","templated":true}]}}