{"id":3980,"date":"2022-02-11T11:58:31","date_gmt":"2022-02-11T11:58:31","guid":{"rendered":"https:\/\/elfsight.com\/es\/?page_id=3980"},"modified":"2025-02-06T15:17:28","modified_gmt":"2025-02-06T15:17:28","slug":"facebook","status":"publish","type":"page","link":"https:\/\/elfsight.com\/es\/testimonials-slider-widget\/facebook\/","title":{"rendered":"Testimonials Slider &#8211; Facebook Page"},"content":{"rendered":"<div class=\"application-platform-content-item-description application-platform-content-item\" id=\"description\" data-nav-section=\"description\"><h2>Descripci\u00f3n<\/h2><p>El Control Deslizante de Testimonios es un widget f\u00e1cil de usar para mostrar las opiniones de tus compradores en tu p\u00e1gina personal o empresarial. Puedes demostrar prueba social para hacer que los comentarios sean confiables: nombre del autor, foto, logotipo comercial de la empresa e incluso un enlace a la p\u00e1gina.<\/p><p><b>Aumenta la confianza en tu negocio demostrando a tus visitantes comentarios positivos.<\/b><\/p><\/div> <div class=\"application-platform-content-item-features application-platform-content-item\" id=\"features\" data-nav-section=\"features\"><h2>Caracter\u00edsticas<\/h2><p>Los aspectos cruciales que convierten nuestra pesta\u00f1a de testimonios en un widget \u00fatil para cualquier p\u00e1gina de negocios en Facebook.<\/p><ul><li>6 plantillas adaptativas de testimonios;<\/li><li>Dise\u00f1os de slider y rejilla;<\/li><li>Dise\u00f1o responsivo;<\/li><li>Nombre y foto del autor para mostrar confianza;<\/li><li>Dise\u00f1o de ancho completo.<\/li><\/ul><p><a href=\"#demo\">Prueba todas las dem\u00e1s funciones en la demo<\/a><\/p><\/div> <div class=\"application-platform-content-item-installation application-platform-content-item\" id=\"installation\" data-nav-section=\"installation\"><h2>C\u00f3mo agregar testimonios a la p\u00e1gina de negocios de Facebook<\/h2><p>El complemento Elfsight es f\u00e1cil de instalar y no requiere habilidades de desarrollo. Seguir las instrucciones solo te llevar\u00e1 2 minutos.<\/p><ul><li><b>Dise\u00f1a tu widget de testimonios personalizado<\/b><br>Crea un complemento con un aspecto y funcionalidad personalizados con la ayuda de nuestro editor gratuito.<\/li><li><b>Recibe el c\u00f3digo personal para integrar el complemento<\/b><br>Despu\u00e9s de crear tu widget, recibir\u00e1s el c\u00f3digo \u00fanico de la notificaci\u00f3n emergente en Elfsight Apps. Copia el c\u00f3digo para su uso posterior.<\/li><li><b>Agrega el widget a la p\u00e1gina de Facebook<\/b><br>Crea una pesta\u00f1a personalizada en tu p\u00e1gina de Facebook. Inserta el c\u00f3digo recibido en Elfsight Apps en la pesta\u00f1a. Si tienes alg\u00fan problema, consulta nuestra gu\u00eda sobre c\u00f3mo <a href=\"https:\/\/elfsight.com\/blog\/how-to-add-custom-tab-to-facebook-page\/\" target=\"_blank\" rel=\"noopener noreferrer\">crear una pesta\u00f1a personalizada de Facebook<\/a><\/li><li><b>\u00a1La configuraci\u00f3n fue exitosa!<\/b><br>Entra en la p\u00e1gina para comprobar tu widget.<\/li><\/ul><p>\u00bfEncontraste alg\u00fan problema mientras configurabas o ajustabas el complemento? Deja una consulta en el Soporte.<\/p><div class=\"faq\" data-component=\"FAQ\"> <div class=\"faq-item\">\r\n\t\t\t\t\t<div class=\"faq-item-question\">\r\n\t\t\t\t\t\t<h3 class=\"faq-item-question-text\">\u00bfC\u00f3mo puedo agregar el Control Deslizante de Testimonios a mi sitio de Facebook sin conocimientos de programaci\u00f3n?<\/h3>\r\n\r\n\t\t\t\t\t\t<div class=\"faq-item-question-icon\"><\/div>\r\n\t\t\t\t\t<\/div>\r\n\r\n\t\t\t\t\t<div class=\"faq-item-answer\">\r\n\t\t\t\t\t\t<div class=\"faq-item-answer-text\"> <p>Elfsight ofrece una soluci\u00f3n SaaS que te permite crear el widget de Control Deslizante de Testimonios por ti mismo, mira lo f\u00e1cil que es el proceso: Trabaja directamente en el Editor en l\u00ednea para crear el widget de Control Deslizante de Testimonios que deseas ver en tu sitio de Facebook. Elige una de las plantillas predise\u00f1adas y ajusta la configuraci\u00f3n del Control Deslizante de Testimonios, agrega tu contenido, cambia el dise\u00f1o y el color de los elementos sin ning\u00fan conocimiento de programaci\u00f3n. Guarda el Control Deslizante de Testimonios y copia su c\u00f3digo de instalaci\u00f3n, que puedes pegar f\u00e1cilmente en tu sitio de Facebook sin necesidad de comprar una versi\u00f3n de pago. Con nuestro Editor intuitivo, cualquier usuario de internet puede crear un widget de Control Deslizante de Testimonios en l\u00ednea y f\u00e1cilmente incrustarlo en su sitio de Facebook. No es necesario pagar ni ingresar tus credenciales bancarias para acceder al servicio. Si tienes alg\u00fan problema en cualquier paso, no dudes en ponerte en contacto con nuestro equipo de soporte t\u00e9cnico.<\/p> <\/div>\r\n\t\t\t\t\t<\/div>\r\n\t\t\t\t<\/div> <\/div> <\/div>","protected":false},"excerpt":{"rendered":"","protected":false},"author":18,"featured_media":0,"parent":2041,"menu_order":0,"comment_status":"closed","ping_status":"closed","template":"templates\/template-application-platform.php","meta":{"publish_to_discourse":"","publish_post_category":"","wpdc_auto_publish_overridden":"","wpdc_topic_tags":"","wpdc_pin_topic":"","wpdc_pin_until":"","discourse_post_id":"","discourse_permalink":"","wpdc_publishing_response":"","wpdc_publishing_error":"","footnotes":""},"class_list":["post-3980","page","type-page","status-publish","hentry"],"yoast_head":"<!-- This site is optimized with the Yoast SEO plugin v25.3.1 - https:\/\/yoast.com\/wordpress\/plugins\/seo\/ -->\n<title>Testimonios Slider - Incorporar widget de Deslizador de Testimonios al Facebook Page<\/title>\n<meta name=\"description\" content=\"A\u00f1ade un widget interactivo de Testimonios Slider en su sitio web de Facebook Page. Pruebe la demo de Elfsight manejable y construe su widget personalizado.\" \/>\n<meta name=\"robots\" content=\"index, follow, max-snippet:-1, max-image-preview:large, max-video-preview:-1\" \/>\n<link rel=\"canonical\" href=\"https:\/\/elfsight.com\/es\/testimonials-slider-widget\/facebook\/\" \/>\n<meta property=\"og:locale\" content=\"es_ES\" \/>\n<meta property=\"og:type\" content=\"article\" \/>\n<meta property=\"og:title\" content=\"Testimonios Slider - Incorporar widget de Deslizador de Testimonios al Facebook Page\" \/>\n<meta property=\"og:description\" content=\"A\u00f1ade un widget interactivo de Testimonios Slider en su sitio web de Facebook Page. Pruebe la demo de Elfsight manejable y construe su widget personalizado.\" \/>\n<meta property=\"og:url\" content=\"https:\/\/elfsight.com\/es\/testimonials-slider-widget\/facebook\/\" \/>\n<meta property=\"og:site_name\" content=\"Elfsight ES\" \/>\n<meta property=\"article:modified_time\" content=\"2025-02-06T15:17:28+00:00\" \/>\n<meta name=\"twitter:card\" content=\"summary_large_image\" \/>\n<meta name=\"twitter:label1\" content=\"Tiempo de lectura\" \/>\n\t<meta name=\"twitter:data1\" content=\"1 minuto\" \/>\n<!-- \/ Yoast SEO plugin. -->","yoast_head_json":{"title":"Testimonios Slider - Incorporar widget de Deslizador de Testimonios al Facebook Page","description":"A\u00f1ade un widget interactivo de Testimonios Slider en su sitio web de Facebook Page. Pruebe la demo de Elfsight manejable y construe su widget personalizado.","robots":{"index":"index","follow":"follow","max-snippet":"max-snippet:-1","max-image-preview":"max-image-preview:large","max-video-preview":"max-video-preview:-1"},"canonical":"https:\/\/elfsight.com\/es\/testimonials-slider-widget\/facebook\/","og_locale":"es_ES","og_type":"article","og_title":"Testimonios Slider - Incorporar widget de Deslizador de Testimonios al Facebook Page","og_description":"A\u00f1ade un widget interactivo de Testimonios Slider en su sitio web de Facebook Page. Pruebe la demo de Elfsight manejable y construe su widget personalizado.","og_url":"https:\/\/elfsight.com\/es\/testimonials-slider-widget\/facebook\/","og_site_name":"Elfsight ES","article_modified_time":"2025-02-06T15:17:28+00:00","twitter_card":"summary_large_image","twitter_misc":{"Tiempo de lectura":"1 minuto"},"schema":{"@context":"https:\/\/schema.org","@graph":[{"@type":"WebPage","@id":"https:\/\/elfsight.com\/es\/testimonials-slider-widget\/facebook\/","url":"https:\/\/elfsight.com\/es\/testimonials-slider-widget\/facebook\/","name":"Testimonios Slider - Incorporar widget de Deslizador de Testimonios al Facebook Page","isPartOf":{"@id":"https:\/\/elfsight.com\/es\/#website"},"datePublished":"2022-02-11T11:58:31+00:00","dateModified":"2025-02-06T15:17:28+00:00","description":"A\u00f1ade un widget interactivo de Testimonios Slider en su sitio web de Facebook Page. Pruebe la demo de Elfsight manejable y construe su widget personalizado.","breadcrumb":{"@id":"https:\/\/elfsight.com\/es\/testimonials-slider-widget\/facebook\/#breadcrumb"},"inLanguage":"es","potentialAction":[{"@type":"ReadAction","target":["https:\/\/elfsight.com\/es\/testimonials-slider-widget\/facebook\/"]}]},{"@type":"BreadcrumbList","@id":"https:\/\/elfsight.com\/es\/testimonials-slider-widget\/facebook\/#breadcrumb","itemListElement":[{"@type":"ListItem","position":1,"name":"Home","item":"https:\/\/elfsight.com\/es\/"},{"@type":"ListItem","position":2,"name":"Testimonials Slider","item":"https:\/\/elfsight.com\/es\/testimonials-slider-widget\/"},{"@type":"ListItem","position":3,"name":"Testimonials Slider &#8211; Facebook Page"}]},{"@type":"WebSite","@id":"https:\/\/elfsight.com\/es\/#website","url":"https:\/\/elfsight.com\/es\/","name":"Elfsight ES","description":"Just another Elfsight Sites site","potentialAction":[{"@type":"SearchAction","target":{"@type":"EntryPoint","urlTemplate":"https:\/\/elfsight.com\/es\/?s={search_term_string}"},"query-input":{"@type":"PropertyValueSpecification","valueRequired":true,"valueName":"search_term_string"}}],"inLanguage":"es"}]}},"meta_box":{"industry":"","seo_heading":"","heading":"","description":"","cta_heading":"","cta_description":"","application":"2040","h1":"widget de Testimonios Slider para la p\u00e1gina de Facebook","h1_caption":"Una widget personalizada para revelar respuestas de sus clientes en su p\u00e1gina","application_category":[],"applications_title":"","applications_request_title":"","applications_request_button_text":"","hero_text":"","hero_video":"","hero_video_schema_markup":"","selling_points_title":"","selling_points_caption":"","selling_points":[],"selling_points_cta_text":"","features_title":"","features":"","ed_cta_examples_text":"","ed_cta_examples_hidden":"","ed_cta_demo_text":"","ed_cta_demo_hidden":"","why_caption":"","why_editor_title":"","why_editor_text":"","why_team_title":"","why_team_text":"","why_service_title":"","why_service_text":"","template_catalog_visible":"","template_catalog_title":"","template_catalog_text":"","template_catalog_categories_visible":"","demo_title":"Cree su widget deslizante de testimonios","demo_caption":"\u00a1Configure su control deslizante de testimonios y agr\u00e9guelo al sitio web de su p\u00e1gina de Facebook de forma gratuita!","default_faq_hidden":"","app_template_category":[],"platform":"64","template_public_id":"","codecanyon_url":"","codecanyon_item_id":"","codecanyon_price":"","pricing_caption":"","pricing_elfsight_apps_hide_column":"","pricing_elfsight_apps_url":"","pricing_codecanyon_price_caption":"","integration_category":[],"integration_request_title":"","integration_request_cta":"","integration_platform":"","integrations":[],"platform_category":[],"video_schema_markup":"","price":"desde $0 por mes","trial":"","benefits":[{"text":"Instalaci\u00f3n gratuita"},{"text":"Soporte Premium"},{"text":"14 d\u00edas garant\u00eda de reembolso"},{"text":"Actualizaciones regulares"}],"button_url":"#demo","button_target_blank":"0","button_nofollow":"0","attributes":[{"name":"Responsivo","content":"Si","_state":"expanded"},{"name":"Navegadores compatibles","content":"Firefox, Safari, Opera, Chrome, Edge","_state":"expanded"}],"tags":[],"tags_disable_links":"0","hide_more_platforms":"","video_object":"","demo_hide_cta":"0","demo_hide_cloud_options":"0","pricing_title":"","pricing":[{"pricing_icon":"platform","pricing_title":" Elfsight Apps","pricing_title_caption":"Soluci\u00f3n multiplataforma - valido para cualquier p\u00e1gina web","pricing_price":"desde $0 por mes","pricing_price_caption":"empezar con un plan gratuito","pricing_benefits":[{"text":"Sitios web ilimitados"},{"text":"Atenci\u00f3n al cliente gratuita y r\u00e1pida"},{"text":"Servicio de instalaci\u00f3n gratuito"},{"text":"Totalmente personalizable"}],"pricing_button_text":"Agregar al sitio web","pricing_button_url":"#demo","_state":"expanded"}],"related_apps_title":"","related_apps_hidden":"1","author":"","image":[],"title":"","job":"","social_networks":[]},"_links":{"self":[{"href":"https:\/\/elfsight.com\/es\/wp-json\/wp\/v2\/pages\/3980","targetHints":{"allow":["GET"]}}],"collection":[{"href":"https:\/\/elfsight.com\/es\/wp-json\/wp\/v2\/pages"}],"about":[{"href":"https:\/\/elfsight.com\/es\/wp-json\/wp\/v2\/types\/page"}],"author":[{"embeddable":true,"href":"https:\/\/elfsight.com\/es\/wp-json\/wp\/v2\/users\/18"}],"replies":[{"embeddable":true,"href":"https:\/\/elfsight.com\/es\/wp-json\/wp\/v2\/comments?post=3980"}],"version-history":[{"count":3,"href":"https:\/\/elfsight.com\/es\/wp-json\/wp\/v2\/pages\/3980\/revisions"}],"predecessor-version":[{"id":18043,"href":"https:\/\/elfsight.com\/es\/wp-json\/wp\/v2\/pages\/3980\/revisions\/18043"}],"up":[{"embeddable":true,"href":"https:\/\/elfsight.com\/es\/wp-json\/wp\/v2\/pages\/2041"}],"wp:attachment":[{"href":"https:\/\/elfsight.com\/es\/wp-json\/wp\/v2\/media?parent=3980"}],"curies":[{"name":"wp","href":"https:\/\/api.w.org\/{rel}","templated":true}]}}