{"id":3978,"date":"2022-02-11T11:58:37","date_gmt":"2022-02-11T11:58:37","guid":{"rendered":"https:\/\/elfsight.com\/es\/?page_id=3978"},"modified":"2025-02-06T15:17:19","modified_gmt":"2025-02-06T15:17:19","slug":"blogger","status":"publish","type":"page","link":"https:\/\/elfsight.com\/es\/social-media-share-buttons\/blogger\/","title":{"rendered":"Social Share Buttons &#8211; Blogger"},"content":{"rendered":"<div class=\"application-platform-content-item-description application-platform-content-item\" id=\"description\" data-nav-section=\"description\"><h2>Descripci\u00f3n<\/h2><p>Un widget eficiente para compartir en cualquier sitio, que permite a tus visitantes compartir publicaciones en diversas redes sociales. Aumenta la promoci\u00f3n de tu empresa en Google+, Facebook, LinkedIn y otras, y obt\u00e9n nuevos seguidores y fans con contenido efectivo en tu sitio web personal.<\/p><p><b>\u00a1Obt\u00e9n vistas y seguidores adicionales desde las redes sociales!<\/b><\/p><ul><li><b>Promoci\u00f3n m\u00e1xima de contenido y productos en redes sociales<\/b>.<br>Con un dise\u00f1o claro y diversas funciones, con solo 1 clic, tu contenido tendr\u00e1 una promoci\u00f3n activa en todas las redes sociales sin mucho esfuerzo.<\/li><li><b>Promociona publicaciones atractivas para un p\u00fablico m\u00e1s amplio<\/b>.<br>Da a tus lectores una forma f\u00e1cil de compartir el contenido m\u00e1s popular y alcanzar a un p\u00fablico m\u00e1s grande.<\/li><li><b>Aumenta los clics en tu sitio web<\/b>.<br>Trae nuevos visitantes a tu sitio web con la ayuda de tu constante presencia en redes sociales y disfruta del aumento en las vistas.<\/li><li><b>Una herramienta efectiva para tener nuevos seguidores en redes sociales<\/b>.<br>Publica contenido atractivo y da a tus usuarios la oportunidad de difundirlo en sus p\u00e1ginas personales de redes sociales.<\/li><\/ul><\/div><div class=\"application-platform-content-item-features application-platform-content-item\" id=\"features\" data-nav-section=\"features\"><h2>Caracter\u00edsticas<\/h2><p>\u00bfPor qu\u00e9 los botones de Elfsight son los mejores entre los widgets de compartir para Blogger? Aqu\u00ed est\u00e1n nuestras caracter\u00edsticas m\u00e1s importantes:<\/p><ul><li>Duplica y reorganiza los botones como desees;<\/li><li>Tama\u00f1o de espaciado ajustable;<\/li><li>3 opciones de forma de bot\u00f3n;<\/li><li>3 esquemas de colores para iconos, fondo y hover;<\/li><li>Servicio de instalaci\u00f3n gratuito.<\/li><\/ul><p><a href=\"#demo\">Ver m\u00e1s caracter\u00edsticas en el editor gratuito<\/a><\/p><\/div><div class=\"application-platform-content-item-installation application-platform-content-item\" id=\"installation\" data-nav-section=\"installation\"><h2>C\u00f3mo agregar los botones de compartir a Blogger<\/h2><div class=\"video-container\"><iframe width=\"720\" height=\"405\" src=\"https:\/\/www.youtube.com\/embed\/77zo4EcubG8\" frameborder=\"0\" allowfullscreen=\"\"><\/iframe><\/div><p>Una peque\u00f1a gu\u00eda para integrar los botones sin conocimientos de desarrollo o sin buscar un desarrollador externo. Solo necesitas unos minutos para seguir el tutorial.<\/p><ol><li><b>Crea tus botones de compartir sociales personalizados<\/b>.<br>Con nuestro configurador gratuito, genera un complemento con la plantilla y funciones que desees.<\/li><li><b>Recibe el c\u00f3digo para mostrar el complemento<\/b>.<br>Despu\u00e9s de personalizar el widget, obt\u00e9n el c\u00f3digo del complemento de los Botones de Compartir desde la notificaci\u00f3n emergente en Elfsight Apps.<\/li><li><b>Revela el complemento en tu sitio de Blogger<\/b>.<br>Coloca el complemento en la ubicaci\u00f3n deseada de la p\u00e1gina y aplica los cambios.<\/li><li><b>\u00a1La configuraci\u00f3n est\u00e1 completa!<\/b><br>Visita tu sitio de Blogger para ver los botones.<\/li><\/ol><p>\u00bfNecesitas soporte para colocar o crear el widget? El equipo de soporte de Elfsight estar\u00e1 encantado de ayudarte y ofrecerte una soluci\u00f3n. Tambi\u00e9n puedes resolver el problema por tu cuenta con la ayuda de nuestra gu\u00eda detallada \u00ab<a href=\"https:\/\/elfsight.com\/tutorials\/how-to-add-social-share-buttons-to-blogger-website\/\" target=\"_blank\" rel=\"noopener noreferrer\">C\u00f3mo configurar los botones de compartir en el sitio de Blogger<\/a>\u00bb.<\/p><\/div><div class=\"faq\" data-component=\"FAQ\"><div class=\"faq-item\">\r\n\t\t\t\t\t<div class=\"faq-item-question\">\r\n\t\t\t\t\t\t<h3 class=\"faq-item-question-text\">\u00bfC\u00f3mo puedo agregar los botones de compartir sociales a mi sitio de Blogger sin conocimientos de programaci\u00f3n?<\/h3>\r\n\r\n\t\t\t\t\t\t<div class=\"faq-item-question-icon\"><\/div>\r\n\t\t\t\t\t<\/div>\r\n\r\n\t\t\t\t\t<div class=\"faq-item-answer\">\r\n\t\t\t\t\t\t<div class=\"faq-item-answer-text\"><p>La empresa Elfsight ofrece una soluci\u00f3n en la nube que permite a los usuarios crear el widget de Botones de Compartir Sociales por s\u00ed mismos, descubre los pasos sencillos: <\/p><ul><li>Comienza a trabajar directamente en la Demo en l\u00ednea para establecer el widget de Botones de Compartir Sociales que te gustar\u00eda incluir en tu sitio de Blogger.<\/li><li>Elige una de las plantillas predefinidas y ajusta la configuraci\u00f3n de los Botones de Compartir Sociales, actualiza tu contenido, cambia el dise\u00f1o y los colores sin programaci\u00f3n.<\/li><li>Guarda los ajustes realizados en los Botones de Compartir Sociales y obt\u00e9n el c\u00f3digo de instalaci\u00f3n del complemento, que puedes pegar en tu sitio de Blogger de forma gratuita.<\/li><\/ul><p>Con el Configurador intuitivo, cualquier usuario de internet puede crear una aplicaci\u00f3n de Botones de Compartir Sociales y a\u00f1adirla a la p\u00e1gina de Blogger. No es necesario pagar ni enviar tus credenciales bancarias para acceder al Editor. Si te encuentras con alg\u00fan obst\u00e1culo en cualquier paso, no dudes en ponerte en contacto con nuestro equipo de soporte.<\/p><\/div>\r\n\t\t\t\t\t<\/div>\r\n\t\t\t\t<\/div><\/div>","protected":false},"excerpt":{"rendered":"","protected":false},"author":18,"featured_media":0,"parent":1979,"menu_order":0,"comment_status":"closed","ping_status":"closed","template":"templates\/template-application-platform.php","meta":{"publish_to_discourse":"","publish_post_category":"","wpdc_auto_publish_overridden":"","wpdc_topic_tags":"","wpdc_pin_topic":"","wpdc_pin_until":"","discourse_post_id":"","discourse_permalink":"","wpdc_publishing_response":"","wpdc_publishing_error":"","footnotes":""},"class_list":["post-3978","page","type-page","status-publish","hentry"],"yoast_head":"<!-- This site is optimized with the Yoast SEO plugin v25.3.1 - https:\/\/yoast.com\/wordpress\/plugins\/seo\/ -->\n<title>Compartir en Redes Sociales - Incorporar widget de Botones de Compartir al Blogger<\/title>\n<meta name=\"description\" content=\"A\u00f1ade un plugin hermoso de Compartir en Redes Sociales en su sitio web de Blogger. Aplique la demo de Elfsight f\u00e1cil de usar y cree su widget \u00fanico.\" \/>\n<meta name=\"robots\" content=\"index, follow, max-snippet:-1, max-image-preview:large, max-video-preview:-1\" \/>\n<link rel=\"canonical\" href=\"https:\/\/elfsight.com\/es\/social-media-share-buttons\/blogger\/\" \/>\n<meta property=\"og:locale\" content=\"es_ES\" \/>\n<meta property=\"og:type\" content=\"article\" \/>\n<meta property=\"og:title\" content=\"Compartir en Redes Sociales - Incorporar widget de Botones de Compartir al Blogger\" \/>\n<meta property=\"og:description\" content=\"A\u00f1ade un plugin hermoso de Compartir en Redes Sociales en su sitio web de Blogger. Aplique la demo de Elfsight f\u00e1cil de usar y cree su widget \u00fanico.\" \/>\n<meta property=\"og:url\" content=\"https:\/\/elfsight.com\/es\/social-media-share-buttons\/blogger\/\" \/>\n<meta property=\"og:site_name\" content=\"Elfsight ES\" \/>\n<meta property=\"article:modified_time\" content=\"2025-02-06T15:17:19+00:00\" \/>\n<meta name=\"twitter:card\" content=\"summary_large_image\" \/>\n<meta name=\"twitter:label1\" content=\"Tiempo de lectura\" \/>\n\t<meta name=\"twitter:data1\" content=\"1 minuto\" \/>\n<!-- \/ Yoast SEO plugin. -->","yoast_head_json":{"title":"Compartir en Redes Sociales - Incorporar widget de Botones de Compartir al Blogger","description":"A\u00f1ade un plugin hermoso de Compartir en Redes Sociales en su sitio web de Blogger. Aplique la demo de Elfsight f\u00e1cil de usar y cree su widget \u00fanico.","robots":{"index":"index","follow":"follow","max-snippet":"max-snippet:-1","max-image-preview":"max-image-preview:large","max-video-preview":"max-video-preview:-1"},"canonical":"https:\/\/elfsight.com\/es\/social-media-share-buttons\/blogger\/","og_locale":"es_ES","og_type":"article","og_title":"Compartir en Redes Sociales - Incorporar widget de Botones de Compartir al Blogger","og_description":"A\u00f1ade un plugin hermoso de Compartir en Redes Sociales en su sitio web de Blogger. Aplique la demo de Elfsight f\u00e1cil de usar y cree su widget \u00fanico.","og_url":"https:\/\/elfsight.com\/es\/social-media-share-buttons\/blogger\/","og_site_name":"Elfsight ES","article_modified_time":"2025-02-06T15:17:19+00:00","twitter_card":"summary_large_image","twitter_misc":{"Tiempo de lectura":"1 minuto"},"schema":{"@context":"https:\/\/schema.org","@graph":[{"@type":"WebPage","@id":"https:\/\/elfsight.com\/es\/social-media-share-buttons\/blogger\/","url":"https:\/\/elfsight.com\/es\/social-media-share-buttons\/blogger\/","name":"Compartir en Redes Sociales - Incorporar widget de Botones de Compartir al Blogger","isPartOf":{"@id":"https:\/\/elfsight.com\/es\/#website"},"datePublished":"2022-02-11T11:58:37+00:00","dateModified":"2025-02-06T15:17:19+00:00","description":"A\u00f1ade un plugin hermoso de Compartir en Redes Sociales en su sitio web de Blogger. Aplique la demo de Elfsight f\u00e1cil de usar y cree su widget \u00fanico.","breadcrumb":{"@id":"https:\/\/elfsight.com\/es\/social-media-share-buttons\/blogger\/#breadcrumb"},"inLanguage":"es","potentialAction":[{"@type":"ReadAction","target":["https:\/\/elfsight.com\/es\/social-media-share-buttons\/blogger\/"]}]},{"@type":"BreadcrumbList","@id":"https:\/\/elfsight.com\/es\/social-media-share-buttons\/blogger\/#breadcrumb","itemListElement":[{"@type":"ListItem","position":1,"name":"Home","item":"https:\/\/elfsight.com\/es\/"},{"@type":"ListItem","position":2,"name":"Social Share Buttons","item":"https:\/\/elfsight.com\/es\/social-media-share-buttons\/"},{"@type":"ListItem","position":3,"name":"Social Share Buttons &#8211; Blogger"}]},{"@type":"WebSite","@id":"https:\/\/elfsight.com\/es\/#website","url":"https:\/\/elfsight.com\/es\/","name":"Elfsight ES","description":"Just another Elfsight Sites site","potentialAction":[{"@type":"SearchAction","target":{"@type":"EntryPoint","urlTemplate":"https:\/\/elfsight.com\/es\/?s={search_term_string}"},"query-input":{"@type":"PropertyValueSpecification","valueRequired":true,"valueName":"search_term_string"}}],"inLanguage":"es"}]}},"meta_box":{"industry":"","seo_heading":"","heading":"","description":"","cta_heading":"","cta_description":"","application":"1978","h1":"widget de Compartir en Redes Sociales para Blogger","h1_caption":"Muestra m\u00e1s de 40 iconos de redes sociales en el p\u00e1gina web","application_category":[],"applications_title":"","applications_request_title":"","applications_request_button_text":"","hero_text":"","hero_video":"","hero_video_schema_markup":"","selling_points_title":"","selling_points_caption":"","selling_points":[],"selling_points_cta_text":"","features_title":"","features":"","ed_cta_examples_text":"","ed_cta_examples_hidden":"","ed_cta_demo_text":"","ed_cta_demo_hidden":"","why_caption":"","why_editor_title":"","why_editor_text":"","why_team_title":"","why_team_text":"","why_service_title":"","why_service_text":"","template_catalog_visible":"","template_catalog_title":"","template_catalog_text":"","template_catalog_categories_visible":"","demo_title":"Crea tu widget de botones para compartir en redes sociales","demo_caption":"\u00a1Configure sus botones para compartir en redes sociales y agr\u00e9guelos a su sitio web de Blogger de forma gratuita!","default_faq_hidden":"","app_template_category":[],"platform":"39","template_public_id":"","codecanyon_url":"","codecanyon_item_id":"","codecanyon_price":"","pricing_caption":"","pricing_elfsight_apps_hide_column":"","pricing_elfsight_apps_url":"","pricing_codecanyon_price_caption":"","integration_category":[],"integration_request_title":"","integration_request_cta":"","integration_platform":"","integrations":[],"platform_category":[],"video_schema_markup":"","price":"desde $0 por mes","trial":"","benefits":[{"text":"Instalaci\u00f3n gratuita"},{"text":"Soporte Premium"},{"text":"14 d\u00edas garant\u00eda de reembolso"},{"text":"Actualizaciones regulares"}],"button_url":"#demo","button_target_blank":"0","button_nofollow":"0","attributes":[{"name":"Responsivo","content":"Si","_state":"expanded"},{"name":"Navegadores compatibles","content":"Firefox, Safari, Opera, Chrome, Edge","_state":"expanded"}],"tags":[],"tags_disable_links":"0","hide_more_platforms":"","video_object":"","demo_hide_cta":"0","demo_hide_cloud_options":"0","pricing_title":"","pricing":[{"pricing_icon":"platform","pricing_title":" Elfsight Apps","pricing_title_caption":"Soluci\u00f3n multiplataforma - valido para cualquier p\u00e1gina web","pricing_price":"desde $0 por mes","pricing_price_caption":"empezar con un plan gratuito","pricing_benefits":[{"text":"Sitios web ilimitados"},{"text":"Atenci\u00f3n al cliente gratuita y r\u00e1pida"},{"text":"Servicio de instalaci\u00f3n gratuito"},{"text":"Totalmente personalizable"}],"pricing_button_text":"Agregar al sitio web","pricing_button_url":"#demo","_state":"expanded"}],"related_apps_title":"","related_apps_hidden":"1","author":"","image":[],"title":"","job":"","social_networks":[]},"_links":{"self":[{"href":"https:\/\/elfsight.com\/es\/wp-json\/wp\/v2\/pages\/3978","targetHints":{"allow":["GET"]}}],"collection":[{"href":"https:\/\/elfsight.com\/es\/wp-json\/wp\/v2\/pages"}],"about":[{"href":"https:\/\/elfsight.com\/es\/wp-json\/wp\/v2\/types\/page"}],"author":[{"embeddable":true,"href":"https:\/\/elfsight.com\/es\/wp-json\/wp\/v2\/users\/18"}],"replies":[{"embeddable":true,"href":"https:\/\/elfsight.com\/es\/wp-json\/wp\/v2\/comments?post=3978"}],"version-history":[{"count":3,"href":"https:\/\/elfsight.com\/es\/wp-json\/wp\/v2\/pages\/3978\/revisions"}],"predecessor-version":[{"id":18042,"href":"https:\/\/elfsight.com\/es\/wp-json\/wp\/v2\/pages\/3978\/revisions\/18042"}],"up":[{"embeddable":true,"href":"https:\/\/elfsight.com\/es\/wp-json\/wp\/v2\/pages\/1979"}],"wp:attachment":[{"href":"https:\/\/elfsight.com\/es\/wp-json\/wp\/v2\/media?parent=3978"}],"curies":[{"name":"wp","href":"https:\/\/api.w.org\/{rel}","templated":true}]}}