{"id":3976,"date":"2022-02-11T11:59:20","date_gmt":"2022-02-11T11:59:20","guid":{"rendered":"https:\/\/elfsight.com\/es\/?page_id=3976"},"modified":"2025-02-06T15:17:19","modified_gmt":"2025-02-06T15:17:19","slug":"elementor","status":"publish","type":"page","link":"https:\/\/elfsight.com\/es\/testimonials-slider-widget\/elementor\/","title":{"rendered":"Testimonials Slider &#8211; Elementor"},"content":{"rendered":"<div class=\"application-platform-content-item-description application-platform-content-item\" id=\"description\" data-nav-section=\"description\"> <h2>Incrustar el control deslizante de testimonios en Elementor con el widget de Elfsight<\/h2><p>El control deslizante de testimonios es un complemento responsivo para mostrar los comentarios de tus usuarios en tu sitio. Tienes la libertad de usar cualquier tipo de prueba social para hacer que los comentarios sean confiables: nombre del autor, foto, s\u00edmbolo de la organizaci\u00f3n e incluso un enlace al sitio web.<\/p><p><b>Aumenta la confianza en tu empresa mostrando a los visitantes tus comentarios verdaderos y naturales.<\/b><\/p><p><b>Mejora tus testimonios para hacerlos completamente confiables<\/b><br> Revela todos los datos sobre el autor de cada testimonio, incluyendo: nombre, empresa, cargo. Demuestra a los lectores que est\u00e1n viendo testimonios de personas reales.<\/p> <p><b>Estimula a los usuarios a comprar<\/b><br> Mostrar testimonios verdaderos de usuarios con historias felices atrae a los clientes a compartir esta experiencia y los estimula a comprar, aumentando as\u00ed tu tasa de conversi\u00f3n.<\/p> <p><b>Prueba social convincente<\/b><br> Un enlace desde el testimonio a Twitter, LinkedIn o al sitio web del autor duplicar\u00e1 la credibilidad y confirmar\u00e1 que tu negocio es real.<\/p> <p><b>Aumenta la conversi\u00f3n hasta un 200%<\/b><br> Transforma tus comentarios en prueba social, mostr\u00e1ndolos justo donde los espectadores toman la decisi\u00f3n de comprar o iniciar sesi\u00f3n.<\/p> <\/div><div class=\"application-platform-content-item-features application-platform-content-item\" id=\"features\" data-nav-section=\"features\"> <h2>Caracter\u00edsticas principales del widget de Testimonios<\/h2><p>Aqu\u00ed est\u00e1n las caracter\u00edsticas m\u00e1s destacadas del widget que hacen que nuestro Control Deslizante de Testimonios sea un complemento valioso para cualquier sitio de Elementor.<\/p><ul><li>Elige uno de los seis plantillas de testimonios listas;<\/li><li>Edita el subt\u00edtulo para mostrar empresa, cargo y m\u00e1s;<\/li><li>Dise\u00f1os en slider y en rejilla para una amplia gama de casos de uso;<\/li><li>Crea tu propio t\u00edtulo de widget.<\/li><\/ul><p><a href=\"#demo\">Prueba estas caracter\u00edsticas en la demo en vivo<\/a><\/p><\/div><div class=\"application-platform-content-item-installation application-platform-content-item\" id=\"installation\" data-nav-section=\"installation\"> <h2>C\u00f3mo agregar el control deslizante de testimonios a tu sitio de Elementor<\/h2><div class=\"video-container\"><iframe width=\"720\" height=\"405\" src=\"https:\/\/www.youtube.com\/embed\/jgC-OSlXIT4\" frameborder=\"0\" allowfullscreen=\"\"><\/iframe><\/div><p>El complemento Elfsight es uno de los m\u00e1s f\u00e1ciles en t\u00e9rminos de configuraci\u00f3n y no requiere conocimientos de desarrollo web. Seguir este tutorial solo te llevar\u00e1 alrededor de 1 minuto.<\/p><ol><li><b>Crea tu complemento de Testimonios personalizado<\/b><br> Con nuestra demostraci\u00f3n gratuita, configura un complemento con un dise\u00f1o y funciones personalizados.<\/li><li><b>Obt\u00e9n el c\u00f3digo individual para mostrar el complemento<\/b><br> Despu\u00e9s de haber creado tu widget, recibir\u00e1s tu c\u00f3digo personal en la ventana emergente de Elfsight Apps. Copia este c\u00f3digo para su uso posterior.<\/li> <li><b>El complemento en tu sitio de Elementor<\/b><br> Elige el \u00e1rea donde deseas mostrar el complemento y pega all\u00ed el c\u00f3digo guardado. Guarda los cambios.<\/li> <li><b>\u00a1La instalaci\u00f3n est\u00e1 completa!<\/b><br> Visita tu sitio para ver el resultado.<\/li> <\/ol><p>\u00bfTienes problemas al mostrar o configurar el complemento? Consulta una gu\u00eda detallada sobre c\u00f3mo construir el Control Deslizante de Testimonios para tu sitio de Elementor o deja una consulta en nuestro Centro de Soporte.<\/p><div class=\"faq\" data-component=\"FAQ\"> <div class=\"faq-item\">\r\n\t\t\t\t\t<div class=\"faq-item-question\">\r\n\t\t\t\t\t\t<h3 class=\"faq-item-question-text\">\u00bfC\u00f3mo agregar el control deslizante de testimonios a mi sitio de Elementor sin conocimientos de programaci\u00f3n?<\/h3>\r\n\r\n\t\t\t\t\t\t<div class=\"faq-item-question-icon\"><\/div>\r\n\t\t\t\t\t<\/div>\r\n\r\n\t\t\t\t\t<div class=\"faq-item-answer\">\r\n\t\t\t\t\t\t<div class=\"faq-item-answer-text\"> <p>Elfsight ofrece una soluci\u00f3n SaaS que te permite crear el widget del control deslizante de testimonios por ti mismo. Mira lo f\u00e1cil que es el proceso: Trabaja directamente en el Editor en l\u00ednea para crear el widget que te gustar\u00eda ver en tu sitio de Elementor. Elige una de las plantillas predefinidas y ajusta la configuraci\u00f3n del Control Deslizante de Testimonios, agrega tu contenido, cambia el dise\u00f1o y la combinaci\u00f3n de colores sin ning\u00fan conocimiento de programaci\u00f3n. Guarda el Control Deslizante de Testimonios y copia su c\u00f3digo de instalaci\u00f3n, que puedes pegar f\u00e1cilmente en tu sitio de Elementor sin necesidad de comprar una versi\u00f3n de pago. Con nuestro Editor intuitivo, cualquier usuario de internet puede crear un widget de Control Deslizante de Testimonios en l\u00ednea e incrustarlo f\u00e1cilmente en su sitio de Elementor. No es necesario pagar ni ingresar tus credenciales bancarias para acceder al servicio. Si tienes alg\u00fan problema en cualquier paso, no dudes en ponerte en contacto con nuestro equipo de soporte t\u00e9cnico.<\/p> <\/div>\r\n\t\t\t\t\t<\/div>\r\n\t\t\t\t<\/div> <\/div> <\/div>","protected":false},"excerpt":{"rendered":"","protected":false},"author":18,"featured_media":0,"parent":2041,"menu_order":0,"comment_status":"closed","ping_status":"closed","template":"templates\/template-application-platform.php","meta":{"publish_to_discourse":"","publish_post_category":"","wpdc_auto_publish_overridden":"","wpdc_topic_tags":"","wpdc_pin_topic":"","wpdc_pin_until":"","discourse_post_id":"","discourse_permalink":"","wpdc_publishing_response":"","wpdc_publishing_error":"","footnotes":""},"class_list":["post-3976","page","type-page","status-publish","hentry"],"yoast_head":"<!-- This site is optimized with the Yoast SEO plugin v25.3.1 - https:\/\/yoast.com\/wordpress\/plugins\/seo\/ -->\n<title>Testimonios Slider - Incluir plugin de Deslizador de Testimonios al Elementor<\/title>\n<meta name=\"description\" content=\"Instala un widget atractivo de Testimonios Slider en su sitio de Elementor. Aplique la demo de Elfsight f\u00e1cil de usar y cree su plugin personalizado.\" \/>\n<meta name=\"robots\" content=\"index, follow, max-snippet:-1, max-image-preview:large, max-video-preview:-1\" \/>\n<link rel=\"canonical\" href=\"https:\/\/elfsight.com\/es\/testimonials-slider-widget\/elementor\/\" \/>\n<meta property=\"og:locale\" content=\"es_ES\" \/>\n<meta property=\"og:type\" content=\"article\" \/>\n<meta property=\"og:title\" content=\"Testimonios Slider - Incluir plugin de Deslizador de Testimonios al Elementor\" \/>\n<meta property=\"og:description\" content=\"Instala un widget atractivo de Testimonios Slider en su sitio de Elementor. Aplique la demo de Elfsight f\u00e1cil de usar y cree su plugin personalizado.\" \/>\n<meta property=\"og:url\" content=\"https:\/\/elfsight.com\/es\/testimonials-slider-widget\/elementor\/\" \/>\n<meta property=\"og:site_name\" content=\"Elfsight ES\" \/>\n<meta property=\"article:modified_time\" content=\"2025-02-06T15:17:19+00:00\" \/>\n<meta name=\"twitter:card\" content=\"summary_large_image\" \/>\n<meta name=\"twitter:label1\" content=\"Tiempo de lectura\" \/>\n\t<meta name=\"twitter:data1\" content=\"2 minutos\" \/>\n<!-- \/ Yoast SEO plugin. -->","yoast_head_json":{"title":"Testimonios Slider - Incluir plugin de Deslizador de Testimonios al Elementor","description":"Instala un widget atractivo de Testimonios Slider en su sitio de Elementor. Aplique la demo de Elfsight f\u00e1cil de usar y cree su plugin personalizado.","robots":{"index":"index","follow":"follow","max-snippet":"max-snippet:-1","max-image-preview":"max-image-preview:large","max-video-preview":"max-video-preview:-1"},"canonical":"https:\/\/elfsight.com\/es\/testimonials-slider-widget\/elementor\/","og_locale":"es_ES","og_type":"article","og_title":"Testimonios Slider - Incluir plugin de Deslizador de Testimonios al Elementor","og_description":"Instala un widget atractivo de Testimonios Slider en su sitio de Elementor. Aplique la demo de Elfsight f\u00e1cil de usar y cree su plugin personalizado.","og_url":"https:\/\/elfsight.com\/es\/testimonials-slider-widget\/elementor\/","og_site_name":"Elfsight ES","article_modified_time":"2025-02-06T15:17:19+00:00","twitter_card":"summary_large_image","twitter_misc":{"Tiempo de lectura":"2 minutos"},"schema":{"@context":"https:\/\/schema.org","@graph":[{"@type":"WebPage","@id":"https:\/\/elfsight.com\/es\/testimonials-slider-widget\/elementor\/","url":"https:\/\/elfsight.com\/es\/testimonials-slider-widget\/elementor\/","name":"Testimonios Slider - Incluir plugin de Deslizador de Testimonios al Elementor","isPartOf":{"@id":"https:\/\/elfsight.com\/es\/#website"},"datePublished":"2022-02-11T11:59:20+00:00","dateModified":"2025-02-06T15:17:19+00:00","description":"Instala un widget atractivo de Testimonios Slider en su sitio de Elementor. Aplique la demo de Elfsight f\u00e1cil de usar y cree su plugin personalizado.","breadcrumb":{"@id":"https:\/\/elfsight.com\/es\/testimonials-slider-widget\/elementor\/#breadcrumb"},"inLanguage":"es","potentialAction":[{"@type":"ReadAction","target":["https:\/\/elfsight.com\/es\/testimonials-slider-widget\/elementor\/"]}]},{"@type":"BreadcrumbList","@id":"https:\/\/elfsight.com\/es\/testimonials-slider-widget\/elementor\/#breadcrumb","itemListElement":[{"@type":"ListItem","position":1,"name":"Home","item":"https:\/\/elfsight.com\/es\/"},{"@type":"ListItem","position":2,"name":"Testimonials Slider","item":"https:\/\/elfsight.com\/es\/testimonials-slider-widget\/"},{"@type":"ListItem","position":3,"name":"Testimonials Slider &#8211; Elementor"}]},{"@type":"WebSite","@id":"https:\/\/elfsight.com\/es\/#website","url":"https:\/\/elfsight.com\/es\/","name":"Elfsight ES","description":"Just another Elfsight Sites site","potentialAction":[{"@type":"SearchAction","target":{"@type":"EntryPoint","urlTemplate":"https:\/\/elfsight.com\/es\/?s={search_term_string}"},"query-input":{"@type":"PropertyValueSpecification","valueRequired":true,"valueName":"search_term_string"}}],"inLanguage":"es"}]}},"meta_box":{"industry":"","seo_heading":"","heading":"","description":"","cta_heading":"","cta_description":"","application":"2040","h1":"complemento de control deslizante de testimonios para Elementor","h1_caption":"Una widget \u00fatil para revelar comentarios de sus clientes en su p\u00e1gina","application_category":[],"applications_title":"","applications_request_title":"","applications_request_button_text":"","hero_text":"","hero_video":"","hero_video_schema_markup":"","selling_points_title":"","selling_points_caption":"","selling_points":[],"selling_points_cta_text":"","features_title":"","features":"","ed_cta_examples_text":"","ed_cta_examples_hidden":"","ed_cta_demo_text":"","ed_cta_demo_hidden":"","why_caption":"","why_editor_title":"","why_editor_text":"","why_team_title":"","why_team_text":"","why_service_title":"","why_service_text":"","template_catalog_visible":"","template_catalog_title":"","template_catalog_text":"","template_catalog_categories_visible":"","demo_title":"Cree su widget deslizante de testimonios","demo_caption":"\u00a1Configure su control deslizante de testimonios y agr\u00e9guelo a su sitio web de Elementor de forma gratuita!","default_faq_hidden":"","app_template_category":[],"platform":"58","template_public_id":"","codecanyon_url":"","codecanyon_item_id":"","codecanyon_price":"","pricing_caption":"","pricing_elfsight_apps_hide_column":"","pricing_elfsight_apps_url":"","pricing_codecanyon_price_caption":"","integration_category":[],"integration_request_title":"","integration_request_cta":"","integration_platform":"","integrations":[],"platform_category":[],"video_schema_markup":"","price":"desde $0 por mes","trial":"","benefits":[{"text":"Instalaci\u00f3n gratuita"},{"text":"Soporte Premium"},{"text":"14 d\u00edas garant\u00eda de reembolso"},{"text":"Actualizaciones regulares"}],"button_url":"#demo","button_target_blank":"0","button_nofollow":"0","attributes":[{"name":"Responsivo","content":"Si","_state":"expanded"},{"name":"Navegadores compatibles","content":"Firefox, Safari, Opera, Chrome, Edge","_state":"expanded"}],"tags":[],"tags_disable_links":"0","hide_more_platforms":"","video_object":"","demo_hide_cta":"0","demo_hide_cloud_options":"0","pricing_title":"","pricing":[{"pricing_icon":"platform","pricing_title":" Elfsight Apps","pricing_title_caption":"Soluci\u00f3n multiplataforma - valido para cualquier p\u00e1gina web","pricing_price":"desde $0 por mes","pricing_price_caption":"empezar con un plan gratuito","pricing_benefits":[{"text":"Sitios web ilimitados"},{"text":"Atenci\u00f3n al cliente gratuita y r\u00e1pida"},{"text":"Servicio de instalaci\u00f3n gratuito"},{"text":"Totalmente personalizable"}],"pricing_button_text":"Agregar al sitio web","pricing_button_url":"#demo","_state":"expanded"}],"related_apps_title":"","related_apps_hidden":"1","author":"","image":[],"title":"","job":"","social_networks":[]},"_links":{"self":[{"href":"https:\/\/elfsight.com\/es\/wp-json\/wp\/v2\/pages\/3976","targetHints":{"allow":["GET"]}}],"collection":[{"href":"https:\/\/elfsight.com\/es\/wp-json\/wp\/v2\/pages"}],"about":[{"href":"https:\/\/elfsight.com\/es\/wp-json\/wp\/v2\/types\/page"}],"author":[{"embeddable":true,"href":"https:\/\/elfsight.com\/es\/wp-json\/wp\/v2\/users\/18"}],"replies":[{"embeddable":true,"href":"https:\/\/elfsight.com\/es\/wp-json\/wp\/v2\/comments?post=3976"}],"version-history":[{"count":3,"href":"https:\/\/elfsight.com\/es\/wp-json\/wp\/v2\/pages\/3976\/revisions"}],"predecessor-version":[{"id":18041,"href":"https:\/\/elfsight.com\/es\/wp-json\/wp\/v2\/pages\/3976\/revisions\/18041"}],"up":[{"embeddable":true,"href":"https:\/\/elfsight.com\/es\/wp-json\/wp\/v2\/pages\/2041"}],"wp:attachment":[{"href":"https:\/\/elfsight.com\/es\/wp-json\/wp\/v2\/media?parent=3976"}],"curies":[{"name":"wp","href":"https:\/\/api.w.org\/{rel}","templated":true}]}}