{"id":3975,"date":"2022-02-11T11:59:28","date_gmt":"2022-02-11T11:59:28","guid":{"rendered":"https:\/\/elfsight.com\/es\/?page_id=3975"},"modified":"2025-02-06T15:17:19","modified_gmt":"2025-02-06T15:17:19","slug":"bigcommerce","status":"publish","type":"page","link":"https:\/\/elfsight.com\/es\/social-media-share-buttons\/bigcommerce\/","title":{"rendered":"Social Share Buttons &#8211; BigCommerce"},"content":{"rendered":"<div class=\"application-platform-content-item-description application-platform-content-item\" id=\"description\" data-nav-section=\"description\"><h2>Descripci\u00f3n<\/h2><p>Una aplicaci\u00f3n de compartir conveniente para cualquier sitio web, que permitir\u00e1 a tus usuarios publicar contenido en diversas redes sociales. Desarrolla tu negocio en Facebook, Twitter, Medium y otros medios. Llega a m\u00e1s seguidores y fans con publicaciones \u00fanicas en tu sitio web personal.<\/p><p><b>\u00a1Gana m\u00e1s tr\u00e1fico y lectores desde las redes sociales!<\/b><\/p><ul><li><b>M\u00e1xima cobertura de publicaciones y productos en redes sociales<\/b>.<br>Con un dise\u00f1o conveniente y gran funcionalidad, con un solo clic, tu contenido se compartir\u00e1 en las redes sociales sin l\u00edmites.<\/li><li><b>Impulsa a\u00fan m\u00e1s tus publicaciones para un p\u00fablico m\u00e1s amplio<\/b>.<br>Da a tus usuarios la oportunidad de promover contenido atractivo sin esfuerzo y llegar r\u00e1pidamente a una audiencia mayor.<\/li><li><b>Mejora la optimizaci\u00f3n SEO de tu sitio web<\/b>.<br>Aumenta el n\u00famero de visitas a tu sitio con redes sociales para mejorar el posicionamiento social de tu sitio e influir en tus par\u00e1metros SEO.<\/li><li><b>Un m\u00e9todo r\u00e1pido para atraer nuevos suscriptores en redes sociales<\/b>.<br>Agrega contenido popular y da a tus visitantes la oportunidad de compartirlo en sus cuentas de redes sociales.<\/li><\/ul><\/div><div class=\"application-platform-content-item-features application-platform-content-item\" id=\"features\" data-nav-section=\"features\"><h2>Caracter\u00edsticas<\/h2><p>\u00bfQu\u00e9 hace que los botones de Elfsight sean los mejores entre las aplicaciones de compartir de BigCommerce? Consulta nuestras principales ventajas:<\/p><ul><li>Coloca un n\u00famero ilimitado de botones;<\/li><li>Alineaci\u00f3n de botones a la izquierda, derecha o centro;<\/li><li>Configura el ancho del bot\u00f3n;<\/li><li>Configura la transparencia del efecto hover;<\/li><li>Actualizaciones en vivo disponibles de manera constante.<\/li><\/ul><p><a href=\"#demo\">Consulta otras ventajas en la demo gratuita<\/a><\/p><\/div><div class=\"application-platform-content-item-installation application-platform-content-item\" id=\"installation\" data-nav-section=\"installation\"><h2>C\u00f3mo agregar botones de compartir a BigCommerce<\/h2><div class=\"video-container\"><iframe width=\"720\" height=\"405\" src=\"https:\/\/www.youtube.com\/embed\/B5tdaD8Kn2I\" frameborder=\"0\" allowfullscreen=\"\"><\/iframe><\/div><p>Solo sigue estos pasos para incrustar la aplicaci\u00f3n en BigCommerce.<\/p><ol><li><b>Usa nuestro configurador gratuito y comienza a crear tu widget personalizado.<\/b><br> Establece la interfaz y las caracter\u00edsticas del widget y guarda las modificaciones.<\/li><li><b>Obt\u00e9n el c\u00f3digo \u00fanico que aparecer\u00e1 en el formulario especial de Elfsight Apps.<\/b><br> Una vez que termine la creaci\u00f3n de tu aplicaci\u00f3n de botones de compartir, copia el c\u00f3digo individual de la ventana emergente y gu\u00e1rdalo para su uso posterior.<\/li><li><b>Inicia el uso de la herramienta en tu sitio web de BigCommerce.<\/b><br> Pega el c\u00f3digo guardado anteriormente en tu sitio y aplica las mejoras.<\/li><li><b>\u00a1Listo! La configuraci\u00f3n se ha realizado con \u00e9xito.<\/b><br> Visita tu sitio web para observar c\u00f3mo est\u00e1 funcionando la herramienta.<\/li><\/ol><p>\u00bfNecesitas ayuda con la instalaci\u00f3n o configuraci\u00f3n de la aplicaci\u00f3n? \u00a1Nuestro equipo estar\u00e1 encantado de apoyarte y ofrecerte una soluci\u00f3n! Tambi\u00e9n puedes resolverlo t\u00fa mismo utilizando nuestra completa instrucci\u00f3n \u00ab<a href=\"https:\/\/elfsight.com\/tutorials\/how-to-add-social-share-buttons-to-bigcommerce\/\">C\u00f3mo agregar botones de compartir en el sitio de BigCommerce<\/a>\u00bb.<\/p><\/div><div class=\"faq\" data-component=\"FAQ\"><div class=\"faq-item\">\r\n\t\t\t\t\t<div class=\"faq-item-question\">\r\n\t\t\t\t\t\t<h3 class=\"faq-item-question-text\">\u00bfC\u00f3mo agregar botones de compartir sociales a mi p\u00e1gina de BigCommerce sin habilidades en programaci\u00f3n?<\/h3>\r\n\r\n\t\t\t\t\t\t<div class=\"faq-item-question-icon\"><\/div>\r\n\t\t\t\t\t<\/div>\r\n\r\n\t\t\t\t\t<div class=\"faq-item-answer\">\r\n\t\t\t\t\t\t<div class=\"faq-item-answer-text\"><p>La empresa Elfsight ofrece una soluci\u00f3n SaaS que permite a los usuarios generar una aplicaci\u00f3n de botones de compartir sociales por s\u00ed mismos, aprende los pasos sencillos:<\/p><ul><li>Trabaja directamente en la demo en vivo para crear la aplicaci\u00f3n de botones de compartir sociales que deseas integrar en BigCommerce.<\/li><li>Elige uno de los templates listos y adapta la configuraci\u00f3n de los botones de compartir sociales, cambia el dise\u00f1o y los colores, actualiza tu contenido sin necesidad de programaci\u00f3n.<\/li><li>Guarda los ajustes que realizaste en los botones de compartir sociales y obt\u00e9n el c\u00f3digo de instalaci\u00f3n, que podr\u00e1s agregar en cualquier sitio web de BigCommerce sin necesidad de comprar una versi\u00f3n de pago.<\/li><\/ul><p>Con la ayuda de nuestro editor intuitivo, cualquier usuario web puede generar la aplicaci\u00f3n de botones de compartir sociales e incrustarlo f\u00e1cilmente en la p\u00e1gina de BigCommerce. No es necesario pagar ni ingresar los datos de tu tarjeta para acceder a nuestro editor. Si encuentras alg\u00fan problema en cualquier paso, no dudes en contactar con nuestro personal de soporte.<\/p><\/div>\r\n\t\t\t\t\t<\/div>\r\n\t\t\t\t<\/div><\/div>","protected":false},"excerpt":{"rendered":"","protected":false},"author":18,"featured_media":0,"parent":1979,"menu_order":0,"comment_status":"closed","ping_status":"closed","template":"templates\/template-application-platform.php","meta":{"publish_to_discourse":"","publish_post_category":"","wpdc_auto_publish_overridden":"","wpdc_topic_tags":"","wpdc_pin_topic":"","wpdc_pin_until":"","discourse_post_id":"","discourse_permalink":"","wpdc_publishing_response":"","wpdc_publishing_error":"","footnotes":""},"class_list":["post-3975","page","type-page","status-publish","hentry"],"yoast_head":"<!-- This site is optimized with the Yoast SEO plugin v25.3.1 - https:\/\/yoast.com\/wordpress\/plugins\/seo\/ -->\n<title>Compartir en Redes Sociales - Incorporar app de Botones de Compartir al BigCommerce<\/title>\n<meta name=\"description\" content=\"Incrusta un plugin hermoso de Compartir en Redes Sociales en su sitio de BigCommerce. Pruebe la demo de Elfsight intuitiva y genere su app personalizado.\" \/>\n<meta name=\"robots\" content=\"index, follow, max-snippet:-1, max-image-preview:large, max-video-preview:-1\" \/>\n<link rel=\"canonical\" href=\"https:\/\/elfsight.com\/es\/social-media-share-buttons\/bigcommerce\/\" \/>\n<meta property=\"og:locale\" content=\"es_ES\" \/>\n<meta property=\"og:type\" content=\"article\" \/>\n<meta property=\"og:title\" content=\"Compartir en Redes Sociales - Incorporar app de Botones de Compartir al BigCommerce\" \/>\n<meta property=\"og:description\" content=\"Incrusta un plugin hermoso de Compartir en Redes Sociales en su sitio de BigCommerce. Pruebe la demo de Elfsight intuitiva y genere su app personalizado.\" \/>\n<meta property=\"og:url\" content=\"https:\/\/elfsight.com\/es\/social-media-share-buttons\/bigcommerce\/\" \/>\n<meta property=\"og:site_name\" content=\"Elfsight ES\" \/>\n<meta property=\"article:modified_time\" content=\"2025-02-06T15:17:19+00:00\" \/>\n<meta name=\"twitter:card\" content=\"summary_large_image\" \/>\n<meta name=\"twitter:label1\" content=\"Tiempo de lectura\" \/>\n\t<meta name=\"twitter:data1\" content=\"1 minuto\" \/>\n<!-- \/ Yoast SEO plugin. -->","yoast_head_json":{"title":"Compartir en Redes Sociales - Incorporar app de Botones de Compartir al BigCommerce","description":"Incrusta un plugin hermoso de Compartir en Redes Sociales en su sitio de BigCommerce. Pruebe la demo de Elfsight intuitiva y genere su app personalizado.","robots":{"index":"index","follow":"follow","max-snippet":"max-snippet:-1","max-image-preview":"max-image-preview:large","max-video-preview":"max-video-preview:-1"},"canonical":"https:\/\/elfsight.com\/es\/social-media-share-buttons\/bigcommerce\/","og_locale":"es_ES","og_type":"article","og_title":"Compartir en Redes Sociales - Incorporar app de Botones de Compartir al BigCommerce","og_description":"Incrusta un plugin hermoso de Compartir en Redes Sociales en su sitio de BigCommerce. Pruebe la demo de Elfsight intuitiva y genere su app personalizado.","og_url":"https:\/\/elfsight.com\/es\/social-media-share-buttons\/bigcommerce\/","og_site_name":"Elfsight ES","article_modified_time":"2025-02-06T15:17:19+00:00","twitter_card":"summary_large_image","twitter_misc":{"Tiempo de lectura":"1 minuto"},"schema":{"@context":"https:\/\/schema.org","@graph":[{"@type":"WebPage","@id":"https:\/\/elfsight.com\/es\/social-media-share-buttons\/bigcommerce\/","url":"https:\/\/elfsight.com\/es\/social-media-share-buttons\/bigcommerce\/","name":"Compartir en Redes Sociales - Incorporar app de Botones de Compartir al BigCommerce","isPartOf":{"@id":"https:\/\/elfsight.com\/es\/#website"},"datePublished":"2022-02-11T11:59:28+00:00","dateModified":"2025-02-06T15:17:19+00:00","description":"Incrusta un plugin hermoso de Compartir en Redes Sociales en su sitio de BigCommerce. Pruebe la demo de Elfsight intuitiva y genere su app personalizado.","breadcrumb":{"@id":"https:\/\/elfsight.com\/es\/social-media-share-buttons\/bigcommerce\/#breadcrumb"},"inLanguage":"es","potentialAction":[{"@type":"ReadAction","target":["https:\/\/elfsight.com\/es\/social-media-share-buttons\/bigcommerce\/"]}]},{"@type":"BreadcrumbList","@id":"https:\/\/elfsight.com\/es\/social-media-share-buttons\/bigcommerce\/#breadcrumb","itemListElement":[{"@type":"ListItem","position":1,"name":"Home","item":"https:\/\/elfsight.com\/es\/"},{"@type":"ListItem","position":2,"name":"Social Share Buttons","item":"https:\/\/elfsight.com\/es\/social-media-share-buttons\/"},{"@type":"ListItem","position":3,"name":"Social Share Buttons &#8211; BigCommerce"}]},{"@type":"WebSite","@id":"https:\/\/elfsight.com\/es\/#website","url":"https:\/\/elfsight.com\/es\/","name":"Elfsight ES","description":"Just another Elfsight Sites site","potentialAction":[{"@type":"SearchAction","target":{"@type":"EntryPoint","urlTemplate":"https:\/\/elfsight.com\/es\/?s={search_term_string}"},"query-input":{"@type":"PropertyValueSpecification","valueRequired":true,"valueName":"search_term_string"}}],"inLanguage":"es"}]}},"meta_box":{"industry":"","seo_heading":"","heading":"","description":"","cta_heading":"","cta_description":"","application":"1978","h1":"aplicaci\u00f3n de Compartir en Redes Sociales para BigCommerce","h1_caption":"Visualiza m\u00e1s de 40 iconos de redes sociales en el sitio","application_category":[],"applications_title":"","applications_request_title":"","applications_request_button_text":"","hero_text":"","hero_video":"","hero_video_schema_markup":"","selling_points_title":"","selling_points_caption":"","selling_points":[],"selling_points_cta_text":"","features_title":"","features":"","ed_cta_examples_text":"","ed_cta_examples_hidden":"","ed_cta_demo_text":"","ed_cta_demo_hidden":"","why_caption":"","why_editor_title":"","why_editor_text":"","why_team_title":"","why_team_text":"","why_service_title":"","why_service_text":"","template_catalog_visible":"","template_catalog_title":"","template_catalog_text":"","template_catalog_categories_visible":"","demo_title":"Crea tu aplicaci\u00f3n de botones para compartir en redes sociales","demo_caption":"\u00a1Configure sus botones para compartir en redes sociales y agr\u00e9guelos a su sitio web de BigCommerce de forma gratuita!","default_faq_hidden":"","app_template_category":[],"platform":"33","template_public_id":"","codecanyon_url":"","codecanyon_item_id":"","codecanyon_price":"","pricing_caption":"","pricing_elfsight_apps_hide_column":"","pricing_elfsight_apps_url":"","pricing_codecanyon_price_caption":"","integration_category":[],"integration_request_title":"","integration_request_cta":"","integration_platform":"","integrations":[],"platform_category":[],"video_schema_markup":"","price":"desde $0 por mes","trial":"","benefits":[{"text":"Instalaci\u00f3n gratuita"},{"text":"Soporte Premium"},{"text":"14 d\u00edas garant\u00eda de reembolso"},{"text":"Actualizaciones regulares"}],"button_url":"#demo","button_target_blank":"0","button_nofollow":"0","attributes":[{"name":"Responsivo","content":"Si","_state":"expanded"},{"name":"Navegadores compatibles","content":"Firefox, Safari, Opera, Chrome, Edge","_state":"expanded"}],"tags":[],"tags_disable_links":"0","hide_more_platforms":"","video_object":"","demo_hide_cta":"0","demo_hide_cloud_options":"0","pricing_title":"","pricing":[{"pricing_icon":"platform","pricing_title":" Elfsight Apps","pricing_title_caption":"Soluci\u00f3n multiplataforma - valido para cualquier p\u00e1gina web","pricing_price":"desde $0 por mes","pricing_price_caption":"empezar con un plan gratuito","pricing_benefits":[{"text":"Sitios web ilimitados"},{"text":"Atenci\u00f3n al cliente gratuita y r\u00e1pida"},{"text":"Servicio de instalaci\u00f3n gratuito"},{"text":"Totalmente personalizable"}],"pricing_button_text":"Agregar al sitio web","pricing_button_url":"#demo","_state":"expanded"}],"related_apps_title":"","related_apps_hidden":"1","author":"","image":[],"title":"","job":"","social_networks":[]},"_links":{"self":[{"href":"https:\/\/elfsight.com\/es\/wp-json\/wp\/v2\/pages\/3975","targetHints":{"allow":["GET"]}}],"collection":[{"href":"https:\/\/elfsight.com\/es\/wp-json\/wp\/v2\/pages"}],"about":[{"href":"https:\/\/elfsight.com\/es\/wp-json\/wp\/v2\/types\/page"}],"author":[{"embeddable":true,"href":"https:\/\/elfsight.com\/es\/wp-json\/wp\/v2\/users\/18"}],"replies":[{"embeddable":true,"href":"https:\/\/elfsight.com\/es\/wp-json\/wp\/v2\/comments?post=3975"}],"version-history":[{"count":3,"href":"https:\/\/elfsight.com\/es\/wp-json\/wp\/v2\/pages\/3975\/revisions"}],"predecessor-version":[{"id":18040,"href":"https:\/\/elfsight.com\/es\/wp-json\/wp\/v2\/pages\/3975\/revisions\/18040"}],"up":[{"embeddable":true,"href":"https:\/\/elfsight.com\/es\/wp-json\/wp\/v2\/pages\/1979"}],"wp:attachment":[{"href":"https:\/\/elfsight.com\/es\/wp-json\/wp\/v2\/media?parent=3975"}],"curies":[{"name":"wp","href":"https:\/\/api.w.org\/{rel}","templated":true}]}}