{"id":3972,"date":"2022-02-11T11:59:33","date_gmt":"2022-02-11T11:59:33","guid":{"rendered":"https:\/\/elfsight.com\/es\/?page_id=3972"},"modified":"2025-02-06T15:17:19","modified_gmt":"2025-02-06T15:17:19","slug":"drupal","status":"publish","type":"page","link":"https:\/\/elfsight.com\/es\/testimonials-slider-widget\/drupal\/","title":{"rendered":"Testimonials Slider &#8211; Drupal"},"content":{"rendered":"<div class=\"application-platform-content-item-description application-platform-content-item\" id=\"description\" data-nav-section=\"description\"><h2>Descripci\u00f3n<\/h2><p>Testimonials Slider es un m\u00f3dulo intuitivo para mostrar los comentarios de tus clientes en tu sitio web. Puedes agregar cualquier prueba social para hacer que las rese\u00f1as sean realmente confiables, como el nombre del autor, la foto, el logo de la empresa e incluso una URL al sitio web.<\/p><p><b>Duplica el nivel de confianza en tu servicio mostrando a los usuarios tus rese\u00f1as genuinas y destacadas.<\/b><\/p><ul><li><b>Convierte tus rese\u00f1as en testimonios totalmente confiables<\/b>.<br>Revela todos los datos sobre el autor de cada rese\u00f1a, junto con su nombre, empresa y cargo, para mostrar a los visitantes que est\u00e1n viendo testimonios de clientes reales.<\/li><li><b>Motiva a los visitantes a comprar<\/b>.<br>Mostrar rese\u00f1as genuinas con historias positivas inspira a los usuarios a compartir esta experiencia y los motiva a actuar, aumentando tu tasa de conversi\u00f3n.<\/li><li><b>Aumenta la confianza en tu sitio<\/b>.<br>Agrega rese\u00f1as de tus clientes en el sitio web y muestra ejemplos de experiencias positivas para aumentar la confianza en tu empresa.<\/li><\/ul><\/div><div class=\"faq\" data-component=\"FAQ\"><div class=\"faq-item\">\r\n\t\t\t\t\t<div class=\"faq-item-question\">\r\n\t\t\t\t\t\t<h3 class=\"faq-item-question-text\">\u00bfC\u00f3mo incrustar un slider de testimonios en Drupal?<\/h3>\r\n\r\n\t\t\t\t\t\t<div class=\"faq-item-question-icon\"><\/div>\r\n\t\t\t\t\t<\/div>\r\n\r\n\t\t\t\t\t<div class=\"faq-item-answer\">\r\n\t\t\t\t\t\t<div class=\"faq-item-answer-text\"><p>La base de la herramienta est\u00e1 en el servicio de Elfsight y no necesitas aprender a programar. Utiliza la demo en l\u00ednea para personalizar tu propia aplicaci\u00f3n, obtener el c\u00f3digo y agregarlo a tu sitio web.<\/p><\/div>\r\n\t\t\t\t\t<\/div>\r\n\t\t\t\t<\/div><div class=\"faq-item\">\r\n\t\t\t\t\t<div class=\"faq-item-question\">\r\n\t\t\t\t\t\t<h3 class=\"faq-item-question-text\">\u00bfCu\u00e1les son los mejores ejemplos de uso de la integraci\u00f3n del Testimonial Carousel?<\/h3>\r\n\r\n\t\t\t\t\t\t<div class=\"faq-item-question-icon\"><\/div>\r\n\t\t\t\t\t<\/div>\r\n\r\n\t\t\t\t\t<div class=\"faq-item-answer\">\r\n\t\t\t\t\t\t<div class=\"faq-item-answer-text\"><p>Te proporcionaremos una amplia gama de opciones de personalizaci\u00f3n: widgets de longitud completa para insertar en la secci\u00f3n de contenido, plugins flotantes con opciones de desplazamiento, miniaturas para el pie de p\u00e1gina, encabezado y diversas opciones verticales para barras laterales y men\u00fas.<\/p><\/div>\r\n\t\t\t\t\t<\/div>\r\n\t\t\t\t<\/div><div class=\"faq-item\">\r\n\t\t\t\t\t<div class=\"faq-item-question\">\r\n\t\t\t\t\t\t<h3 class=\"faq-item-question-text\">\u00bfPuedo crear un widget de testimonios en lista o cuadr\u00edcula mediante el editor?<\/h3>\r\n\r\n\t\t\t\t\t\t<div class=\"faq-item-question-icon\"><\/div>\r\n\t\t\t\t\t<\/div>\r\n\r\n\t\t\t\t\t<div class=\"faq-item-answer\">\r\n\t\t\t\t\t\t<div class=\"faq-item-answer-text\"><p>Tienes la libertad de crear cualquier alteraci\u00f3n en el widget. Hay una amplia gama de dise\u00f1os disponibles en el editor, y todos ellos pueden personalizarse f\u00e1cilmente como desees.<\/p><\/div>\r\n\t\t\t\t\t<\/div>\r\n\t\t\t\t<\/div><\/div><div class=\"application-platform-content-item-features application-platform-content-item\" id=\"features\" data-nav-section=\"features\"><h2>Caracter\u00edsticas<\/h2><p>Las principales caracter\u00edsticas que convierten el Testimonials Slider de Elfsight en un m\u00f3dulo esencial para cualquier sitio web de Drupal.<\/p><ul><li>Proporciona un enlace al sitio web del autor para una presentaci\u00f3n m\u00e1s confiable;<\/li><li>Agrega el logo de la empresa del autor para hacer la informaci\u00f3n m\u00e1s cre\u00edble;<\/li><li>Elige el dise\u00f1o de Slider o Grid seg\u00fan tus necesidades;<\/li><li>Cambia el t\u00edtulo del widget.<\/li><\/ul><p><a href=\"#demo\">Prueba estas caracter\u00edsticas en la demo en vivo<\/a><\/p><\/div><div class=\"application-platform-content-item-installation application-platform-content-item\" id=\"installation\" data-nav-section=\"installation\"><h2>C\u00f3mo agregar el m\u00f3dulo Testimonials Slider al sitio de Drupal<\/h2><p>Solo sigue unos pocos pasos descritos a continuaci\u00f3n para empezar a usar el m\u00f3dulo en Drupal.<\/p><ol><li><b>Usa nuestro editor gratuito y comienza a crear tu widget Testimonials Slider \u00fanico.<\/b><br> Encuentra el formulario y las opciones personalizadas del m\u00f3dulo y guarda las modificaciones.<\/li><li><b>Obt\u00e9n tu c\u00f3digo personal que aparecer\u00e1 en la ventana emergente de Elfsight Apps.<\/b><br> Una vez que termines de personalizar tu m\u00f3dulo, copia el c\u00f3digo individual de la ventana emergente y gu\u00e1rdalo para su uso futuro.<\/li><li><b>Empieza a usar el plugin en tu sitio de Drupal.<\/b><br> Pega el c\u00f3digo guardado anteriormente en tu p\u00e1gina y guarda las mejoras.<\/li><li><b>\u00a1Listo! La configuraci\u00f3n se ha realizado con \u00e9xito.<\/b><br> Visita tu sitio web para observar c\u00f3mo est\u00e1 funcionando la herramienta.<\/li><\/ol><p>\u00bfTienes problemas con la instalaci\u00f3n o configuraci\u00f3n del m\u00f3dulo? Consulta el tutorial completo sobre <a href=\"https:\/\/elfsight.com\/tutorials\/how-to-add-testimonials-slider-widget-to-drupal\/\" target=\"_blank\" rel=\"noopener noreferrer\">c\u00f3mo configurar el Testimonials Slider en Drupal<\/a> o contacta con nuestro Centro de Soporte.<\/p><\/div>","protected":false},"excerpt":{"rendered":"","protected":false},"author":18,"featured_media":0,"parent":2041,"menu_order":0,"comment_status":"closed","ping_status":"closed","template":"templates\/template-application-platform.php","meta":{"publish_to_discourse":"","publish_post_category":"","wpdc_auto_publish_overridden":"","wpdc_topic_tags":"","wpdc_pin_topic":"","wpdc_pin_until":"","discourse_post_id":"","discourse_permalink":"","wpdc_publishing_response":"","wpdc_publishing_error":"","footnotes":""},"class_list":["post-3972","page","type-page","status-publish","hentry"],"yoast_head":"<!-- This site is optimized with the Yoast SEO plugin v25.3.1 - https:\/\/yoast.com\/wordpress\/plugins\/seo\/ -->\n<title>Testimonios Slider - Integrar module de Deslizador de Testimonios al Drupal<\/title>\n<meta name=\"description\" content=\"A\u00f1ade un widget atractivo de Testimonios Slider en su sitio web de Drupal. Use la demo de Elfsight intuitiva y construe su module \u00fanico.\" \/>\n<meta name=\"robots\" content=\"index, follow, max-snippet:-1, max-image-preview:large, max-video-preview:-1\" \/>\n<link rel=\"canonical\" href=\"https:\/\/elfsight.com\/es\/testimonials-slider-widget\/drupal\/\" \/>\n<meta property=\"og:locale\" content=\"es_ES\" \/>\n<meta property=\"og:type\" content=\"article\" \/>\n<meta property=\"og:title\" content=\"Testimonios Slider - Integrar module de Deslizador de Testimonios al Drupal\" \/>\n<meta property=\"og:description\" content=\"A\u00f1ade un widget atractivo de Testimonios Slider en su sitio web de Drupal. Use la demo de Elfsight intuitiva y construe su module \u00fanico.\" \/>\n<meta property=\"og:url\" content=\"https:\/\/elfsight.com\/es\/testimonials-slider-widget\/drupal\/\" \/>\n<meta property=\"og:site_name\" content=\"Elfsight ES\" \/>\n<meta property=\"article:modified_time\" content=\"2025-02-06T15:17:19+00:00\" \/>\n<meta name=\"twitter:card\" content=\"summary_large_image\" \/>\n<meta name=\"twitter:label1\" content=\"Tiempo de lectura\" \/>\n\t<meta name=\"twitter:data1\" content=\"1 minuto\" \/>\n<!-- \/ Yoast SEO plugin. -->","yoast_head_json":{"title":"Testimonios Slider - Integrar module de Deslizador de Testimonios al Drupal","description":"A\u00f1ade un widget atractivo de Testimonios Slider en su sitio web de Drupal. Use la demo de Elfsight intuitiva y construe su module \u00fanico.","robots":{"index":"index","follow":"follow","max-snippet":"max-snippet:-1","max-image-preview":"max-image-preview:large","max-video-preview":"max-video-preview:-1"},"canonical":"https:\/\/elfsight.com\/es\/testimonials-slider-widget\/drupal\/","og_locale":"es_ES","og_type":"article","og_title":"Testimonios Slider - Integrar module de Deslizador de Testimonios al Drupal","og_description":"A\u00f1ade un widget atractivo de Testimonios Slider en su sitio web de Drupal. Use la demo de Elfsight intuitiva y construe su module \u00fanico.","og_url":"https:\/\/elfsight.com\/es\/testimonials-slider-widget\/drupal\/","og_site_name":"Elfsight ES","article_modified_time":"2025-02-06T15:17:19+00:00","twitter_card":"summary_large_image","twitter_misc":{"Tiempo de lectura":"1 minuto"},"schema":{"@context":"https:\/\/schema.org","@graph":[{"@type":"WebPage","@id":"https:\/\/elfsight.com\/es\/testimonials-slider-widget\/drupal\/","url":"https:\/\/elfsight.com\/es\/testimonials-slider-widget\/drupal\/","name":"Testimonios Slider - Integrar module de Deslizador de Testimonios al Drupal","isPartOf":{"@id":"https:\/\/elfsight.com\/es\/#website"},"datePublished":"2022-02-11T11:59:33+00:00","dateModified":"2025-02-06T15:17:19+00:00","description":"A\u00f1ade un widget atractivo de Testimonios Slider en su sitio web de Drupal. Use la demo de Elfsight intuitiva y construe su module \u00fanico.","breadcrumb":{"@id":"https:\/\/elfsight.com\/es\/testimonials-slider-widget\/drupal\/#breadcrumb"},"inLanguage":"es","potentialAction":[{"@type":"ReadAction","target":["https:\/\/elfsight.com\/es\/testimonials-slider-widget\/drupal\/"]}]},{"@type":"BreadcrumbList","@id":"https:\/\/elfsight.com\/es\/testimonials-slider-widget\/drupal\/#breadcrumb","itemListElement":[{"@type":"ListItem","position":1,"name":"Home","item":"https:\/\/elfsight.com\/es\/"},{"@type":"ListItem","position":2,"name":"Testimonials Slider","item":"https:\/\/elfsight.com\/es\/testimonials-slider-widget\/"},{"@type":"ListItem","position":3,"name":"Testimonials Slider &#8211; Drupal"}]},{"@type":"WebSite","@id":"https:\/\/elfsight.com\/es\/#website","url":"https:\/\/elfsight.com\/es\/","name":"Elfsight ES","description":"Just another Elfsight Sites site","potentialAction":[{"@type":"SearchAction","target":{"@type":"EntryPoint","urlTemplate":"https:\/\/elfsight.com\/es\/?s={search_term_string}"},"query-input":{"@type":"PropertyValueSpecification","valueRequired":true,"valueName":"search_term_string"}}],"inLanguage":"es"}]}},"meta_box":{"industry":"","seo_heading":"","heading":"","description":"","cta_heading":"","cta_description":"","application":"2040","h1":"M\u00f3dulo de Testimonios Slider para Drupal","h1_caption":"Una widget personalizada para revelar comentarios de sus clientes en su sitio web","application_category":[],"applications_title":"","applications_request_title":"","applications_request_button_text":"","hero_text":"","hero_video":"","hero_video_schema_markup":"","selling_points_title":"","selling_points_caption":"","selling_points":[],"selling_points_cta_text":"","features_title":"","features":"","ed_cta_examples_text":"","ed_cta_examples_hidden":"","ed_cta_demo_text":"","ed_cta_demo_hidden":"","why_caption":"","why_editor_title":"","why_editor_text":"","why_team_title":"","why_team_text":"","why_service_title":"","why_service_text":"","template_catalog_visible":"","template_catalog_title":"","template_catalog_text":"","template_catalog_categories_visible":"","demo_title":"Cree su m\u00f3dulo deslizante de testimonios","demo_caption":"\u00a1Configure su control deslizante de testimonios y agr\u00e9guelo a su sitio web Drupal de forma gratuita!","default_faq_hidden":"","app_template_category":[],"platform":"2161","template_public_id":"","codecanyon_url":"","codecanyon_item_id":"","codecanyon_price":"","pricing_caption":"","pricing_elfsight_apps_hide_column":"","pricing_elfsight_apps_url":"","pricing_codecanyon_price_caption":"","integration_category":[],"integration_request_title":"","integration_request_cta":"","integration_platform":"","integrations":[],"platform_category":[],"video_schema_markup":"","price":"desde $0 por mes","trial":"","benefits":[{"text":"Instalaci\u00f3n gratuita"},{"text":"Soporte Premium"},{"text":"14 d\u00edas garant\u00eda de reembolso"},{"text":"Actualizaciones regulares"}],"button_url":"#demo","button_target_blank":"0","button_nofollow":"0","attributes":[{"name":"Responsivo","content":"Si","_state":"expanded"},{"name":"Navegadores compatibles","content":"Firefox, Safari, Opera, Chrome, Edge","_state":"expanded"}],"tags":[],"tags_disable_links":"0","hide_more_platforms":"","video_object":"","demo_hide_cta":"0","demo_hide_cloud_options":"0","pricing_title":"","pricing":[{"pricing_icon":"platform","pricing_title":" Elfsight Apps","pricing_title_caption":"Soluci\u00f3n multiplataforma - valido para cualquier p\u00e1gina web","pricing_price":"desde $0 por mes","pricing_price_caption":"empezar con un plan gratuito","pricing_benefits":[{"text":"Sitios web ilimitados"},{"text":"Atenci\u00f3n al cliente gratuita y r\u00e1pida"},{"text":"Servicio de instalaci\u00f3n gratuito"},{"text":"Totalmente personalizable"}],"pricing_button_text":"Agregar al sitio web","pricing_button_url":"#demo","_state":"expanded"}],"related_apps_title":"","related_apps_hidden":"1","author":"","image":[],"title":"","job":"","social_networks":[]},"_links":{"self":[{"href":"https:\/\/elfsight.com\/es\/wp-json\/wp\/v2\/pages\/3972","targetHints":{"allow":["GET"]}}],"collection":[{"href":"https:\/\/elfsight.com\/es\/wp-json\/wp\/v2\/pages"}],"about":[{"href":"https:\/\/elfsight.com\/es\/wp-json\/wp\/v2\/types\/page"}],"author":[{"embeddable":true,"href":"https:\/\/elfsight.com\/es\/wp-json\/wp\/v2\/users\/18"}],"replies":[{"embeddable":true,"href":"https:\/\/elfsight.com\/es\/wp-json\/wp\/v2\/comments?post=3972"}],"version-history":[{"count":3,"href":"https:\/\/elfsight.com\/es\/wp-json\/wp\/v2\/pages\/3972\/revisions"}],"predecessor-version":[{"id":18039,"href":"https:\/\/elfsight.com\/es\/wp-json\/wp\/v2\/pages\/3972\/revisions\/18039"}],"up":[{"embeddable":true,"href":"https:\/\/elfsight.com\/es\/wp-json\/wp\/v2\/pages\/2041"}],"wp:attachment":[{"href":"https:\/\/elfsight.com\/es\/wp-json\/wp\/v2\/media?parent=3972"}],"curies":[{"name":"wp","href":"https:\/\/api.w.org\/{rel}","templated":true}]}}