{"id":3967,"date":"2022-02-11T11:59:49","date_gmt":"2022-02-11T11:59:49","guid":{"rendered":"https:\/\/elfsight.com\/es\/?page_id=3967"},"modified":"2025-02-06T15:17:12","modified_gmt":"2025-02-06T15:17:12","slug":"bigcommerce","status":"publish","type":"page","link":"https:\/\/elfsight.com\/es\/testimonials-slider-widget\/bigcommerce\/","title":{"rendered":"Testimonials Slider &#8211; BigCommerce"},"content":{"rendered":"<div class=\"application-platform-content-item-description application-platform-content-item\" id=\"description\" data-nav-section=\"description\"><h2>Descripci\u00f3n<\/h2><p>Testimonials Slider \u2013 una aplicaci\u00f3n sencilla para agregar testimonios de tus clientes en tu propio sitio. Puedes agregar diferentes tipos de prueba social para hacer que las rese\u00f1as sean confiables: el nombre del autor, foto, el logo de la empresa, e incluso una URL al sitio web.<\/p><p><b>Aumenta la confianza en tu servicio demostrando a los usuarios tu clientela satisfecha.<\/b><\/p><ul><li><b>Prueba social poderosa<\/b>.<br>Un enlace desde el testimonio a Twitter, Google o al blog del autor es un mensaje importante para los visitantes, que aumentar\u00e1 la credibilidad y demostrar\u00e1 que tu negocio es real.<\/li><li><b>Aumenta la conversi\u00f3n hasta un 200%<\/b>.<br>Convierte tus rese\u00f1as en el argumento clave para la interacci\u00f3n con los clientes, mostr\u00e1ndolas justo en el lugar donde los visitantes toman su decisi\u00f3n sobre la compra o suscripci\u00f3n.<\/li><li><b>Lealtad de tus clientes<\/b>.<br>\u00bfUn cliente hizo una buena rese\u00f1a sobre tu empresa? Aprovecha al m\u00e1ximo esto y muestra tu agradecimiento colocando el testimonio en la p\u00e1gina del sitio web.<\/li><\/ul><\/div><div class=\"application-platform-content-item-features application-platform-content-item\" id=\"features\" data-nav-section=\"features\"><h2>Caracter\u00edsticas<\/h2><p>Las caracter\u00edsticas destacadas de nuestra aplicaci\u00f3n, que la convertir\u00e1n en una \u00fatil aplicaci\u00f3n para cualquier sitio de BigCommerce.<\/p><ul><li>Mostrar la informaci\u00f3n del autor para credibilidad: nombre y foto;<\/li><li>Para a\u00f1adir fiabilidad, mostrar el logo de la empresa del autor;<\/li><li>Opciones de flechas de slider y paginaci\u00f3n;<\/li><li>Responsive y adecuado para cualquier dise\u00f1o.<\/li><\/ul><p><a href=\"#demo\">Prueba estas caracter\u00edsticas en la demostraci\u00f3n en vivo<\/a><\/p><\/div><div class=\"application-platform-content-item-installation application-platform-content-item\" id=\"installation\" data-nav-section=\"installation\"><h2>C\u00f3mo agregar Testimonials a un sitio de BigCommerce<\/h2><div class=\"video-container\"><iframe width=\"720\" height=\"405\" src=\"https:\/\/www.youtube.com\/embed\/2yzmzOguRmY\" frameborder=\"0\" allowfullscreen=\"\"><\/iframe><\/div><p>Solo sigue las pautas a continuaci\u00f3n para insertar la aplicaci\u00f3n en BigCommerce.<\/p> <ol><li><b>Lanza nuestro configurador gratuito y empieza a dise\u00f1ar tu widget personalizado.<\/b><br>Encuentra el dise\u00f1o y los aspectos preferidos de la aplicaci\u00f3n y guarda los cambios.<\/li>  <li><b>Obt\u00e9n el c\u00f3digo personal en el formulario especial de Elfsight Apps.<\/b><br>Justo despu\u00e9s de completar la creaci\u00f3n de tu widget, copia el c\u00f3digo personal desde la ventana emergente y gu\u00e1rdalo para su uso posterior.<\/li>  <li><b>Usa el Testimonials Slider en tu sitio de BigCommerce.<\/b><br>Pega el c\u00f3digo que copiaste recientemente en tu sitio y guarda los cambios.<\/li>  <li><b>\u00a1Listo! La integraci\u00f3n se ha realizado correctamente.<\/b><br>Ve a tu sitio para ver c\u00f3mo funciona el plugin.<\/li><\/ol><p>\u00bfTienes alg\u00fan problema al insertar o configurar la aplicaci\u00f3n? Consulta la gu\u00eda detallada sobre <a href=\"https:\/\/elfsight.com\/tutorials\/how-to-add-testimonials-slider-widget-to-bigcommerce\/\" target=\"_blank\" rel=\"noopener noreferrer\">c\u00f3mo instalar el Testimonials Slider en BigCommerce<\/a> o deja una consulta en nuestro Centro de Soporte.<\/p><div class=\"faq\" data-component=\"FAQ\"> <div class=\"faq-item\">\r\n\t\t\t\t\t<div class=\"faq-item-question\">\r\n\t\t\t\t\t\t<h3 class=\"faq-item-question-text\">\u00bfC\u00f3mo puedo agregar Testimonials Slider a mi sitio de BigCommerce sin habilidades de programaci\u00f3n?<\/h3>\r\n\r\n\t\t\t\t\t\t<div class=\"faq-item-question-icon\"><\/div>\r\n\t\t\t\t\t<\/div>\r\n\r\n\t\t\t\t\t<div class=\"faq-item-answer\">\r\n\t\t\t\t\t\t<div class=\"faq-item-answer-text\"> <p>Elfsight ofrece una soluci\u00f3n SaaS que te permite crear un widget Testimonials Slider por ti mismo, ve lo f\u00e1cil que es el proceso: Trabaja directamente en el Editor en l\u00ednea para crear el widget Testimonials Slider que deseas ver en tu sitio de BigCommerce. Elige una de las plantillas predise\u00f1adas y ajusta la configuraci\u00f3n de Testimonials Slider, agrega tu contenido, cambia el dise\u00f1o y los colores sin ninguna habilidad de programaci\u00f3n. Guarda el Testimonials Slider y copia su c\u00f3digo de instalaci\u00f3n, que podr\u00e1s incluir f\u00e1cilmente en tu sitio de BigCommerce sin necesidad de comprar un plan de pago. Con nuestro Editor intuitivo, cualquier usuario de internet puede crear el widget Testimonials Slider en l\u00ednea e insertarlo f\u00e1cilmente en su sitio de BigCommerce. No es necesario pagar ni ingresar tus credenciales de tarjeta para acceder al servicio. Si tienes alg\u00fan problema en alg\u00fan paso, no dudes en ponerte en contacto con nuestro equipo de soporte t\u00e9cnico.<\/p> <\/div>\r\n\t\t\t\t\t<\/div>\r\n\t\t\t\t<\/div> <\/div> <\/div>","protected":false},"excerpt":{"rendered":"","protected":false},"author":18,"featured_media":0,"parent":2041,"menu_order":0,"comment_status":"closed","ping_status":"closed","template":"templates\/template-application-platform.php","meta":{"publish_to_discourse":"","publish_post_category":"","wpdc_auto_publish_overridden":"","wpdc_topic_tags":"","wpdc_pin_topic":"","wpdc_pin_until":"","discourse_post_id":"","discourse_permalink":"","wpdc_publishing_response":"","wpdc_publishing_error":"","footnotes":""},"class_list":["post-3967","page","type-page","status-publish","hentry"],"yoast_head":"<!-- This site is optimized with the Yoast SEO plugin v25.3.1 - https:\/\/yoast.com\/wordpress\/plugins\/seo\/ -->\n<title>Testimonios Slider - Embeber app de Deslizador de Testimonios al BigCommerce<\/title>\n<meta name=\"description\" content=\"Instala un plugin responsivo de Testimonios Slider en su p\u00e1gina web de BigCommerce. Use la demo de Elfsight intuitiva y cree su app propio.\" \/>\n<meta name=\"robots\" content=\"index, follow, max-snippet:-1, max-image-preview:large, max-video-preview:-1\" \/>\n<link rel=\"canonical\" href=\"https:\/\/elfsight.com\/es\/testimonials-slider-widget\/bigcommerce\/\" \/>\n<meta property=\"og:locale\" content=\"es_ES\" \/>\n<meta property=\"og:type\" content=\"article\" \/>\n<meta property=\"og:title\" content=\"Testimonios Slider - Embeber app de Deslizador de Testimonios al BigCommerce\" \/>\n<meta property=\"og:description\" content=\"Instala un plugin responsivo de Testimonios Slider en su p\u00e1gina web de BigCommerce. Use la demo de Elfsight intuitiva y cree su app propio.\" \/>\n<meta property=\"og:url\" content=\"https:\/\/elfsight.com\/es\/testimonials-slider-widget\/bigcommerce\/\" \/>\n<meta property=\"og:site_name\" content=\"Elfsight ES\" \/>\n<meta property=\"article:modified_time\" content=\"2025-02-06T15:17:12+00:00\" \/>\n<meta name=\"twitter:card\" content=\"summary_large_image\" \/>\n<meta name=\"twitter:label1\" content=\"Tiempo de lectura\" \/>\n\t<meta name=\"twitter:data1\" content=\"1 minuto\" \/>\n<!-- \/ Yoast SEO plugin. -->","yoast_head_json":{"title":"Testimonios Slider - Embeber app de Deslizador de Testimonios al BigCommerce","description":"Instala un plugin responsivo de Testimonios Slider en su p\u00e1gina web de BigCommerce. Use la demo de Elfsight intuitiva y cree su app propio.","robots":{"index":"index","follow":"follow","max-snippet":"max-snippet:-1","max-image-preview":"max-image-preview:large","max-video-preview":"max-video-preview:-1"},"canonical":"https:\/\/elfsight.com\/es\/testimonials-slider-widget\/bigcommerce\/","og_locale":"es_ES","og_type":"article","og_title":"Testimonios Slider - Embeber app de Deslizador de Testimonios al BigCommerce","og_description":"Instala un plugin responsivo de Testimonios Slider en su p\u00e1gina web de BigCommerce. Use la demo de Elfsight intuitiva y cree su app propio.","og_url":"https:\/\/elfsight.com\/es\/testimonials-slider-widget\/bigcommerce\/","og_site_name":"Elfsight ES","article_modified_time":"2025-02-06T15:17:12+00:00","twitter_card":"summary_large_image","twitter_misc":{"Tiempo de lectura":"1 minuto"},"schema":{"@context":"https:\/\/schema.org","@graph":[{"@type":"WebPage","@id":"https:\/\/elfsight.com\/es\/testimonials-slider-widget\/bigcommerce\/","url":"https:\/\/elfsight.com\/es\/testimonials-slider-widget\/bigcommerce\/","name":"Testimonios Slider - Embeber app de Deslizador de Testimonios al BigCommerce","isPartOf":{"@id":"https:\/\/elfsight.com\/es\/#website"},"datePublished":"2022-02-11T11:59:49+00:00","dateModified":"2025-02-06T15:17:12+00:00","description":"Instala un plugin responsivo de Testimonios Slider en su p\u00e1gina web de BigCommerce. Use la demo de Elfsight intuitiva y cree su app propio.","breadcrumb":{"@id":"https:\/\/elfsight.com\/es\/testimonials-slider-widget\/bigcommerce\/#breadcrumb"},"inLanguage":"es","potentialAction":[{"@type":"ReadAction","target":["https:\/\/elfsight.com\/es\/testimonials-slider-widget\/bigcommerce\/"]}]},{"@type":"BreadcrumbList","@id":"https:\/\/elfsight.com\/es\/testimonials-slider-widget\/bigcommerce\/#breadcrumb","itemListElement":[{"@type":"ListItem","position":1,"name":"Home","item":"https:\/\/elfsight.com\/es\/"},{"@type":"ListItem","position":2,"name":"Testimonials Slider","item":"https:\/\/elfsight.com\/es\/testimonials-slider-widget\/"},{"@type":"ListItem","position":3,"name":"Testimonials Slider &#8211; BigCommerce"}]},{"@type":"WebSite","@id":"https:\/\/elfsight.com\/es\/#website","url":"https:\/\/elfsight.com\/es\/","name":"Elfsight ES","description":"Just another Elfsight Sites site","potentialAction":[{"@type":"SearchAction","target":{"@type":"EntryPoint","urlTemplate":"https:\/\/elfsight.com\/es\/?s={search_term_string}"},"query-input":{"@type":"PropertyValueSpecification","valueRequired":true,"valueName":"search_term_string"}}],"inLanguage":"es"}]}},"meta_box":{"industry":"","seo_heading":"","heading":"","description":"","cta_heading":"","cta_description":"","application":"2040","h1":"aplicaci\u00f3n de Testimonios Slider para BigCommerce","h1_caption":"Una plugin conveniente para revelar respuestas de sus clientes en su p\u00e1gina","application_category":[],"applications_title":"","applications_request_title":"","applications_request_button_text":"","hero_text":"","hero_video":"","hero_video_schema_markup":"","selling_points_title":"","selling_points_caption":"","selling_points":[],"selling_points_cta_text":"","features_title":"","features":"","ed_cta_examples_text":"","ed_cta_examples_hidden":"","ed_cta_demo_text":"","ed_cta_demo_hidden":"","why_caption":"","why_editor_title":"","why_editor_text":"","why_team_title":"","why_team_text":"","why_service_title":"","why_service_text":"","template_catalog_visible":"","template_catalog_title":"","template_catalog_text":"","template_catalog_categories_visible":"","demo_title":"Crea tu aplicaci\u00f3n Control deslizante de testimonios","demo_caption":"\u00a1Configure su control deslizante de testimonios y agr\u00e9guelo a su sitio web de BigCommerce de forma gratuita!","default_faq_hidden":"","app_template_category":[],"platform":"33","template_public_id":"","codecanyon_url":"","codecanyon_item_id":"","codecanyon_price":"","pricing_caption":"","pricing_elfsight_apps_hide_column":"","pricing_elfsight_apps_url":"","pricing_codecanyon_price_caption":"","integration_category":[],"integration_request_title":"","integration_request_cta":"","integration_platform":"","integrations":[],"platform_category":[],"video_schema_markup":"","price":"desde $0 por mes","trial":"","benefits":[{"text":"Instalaci\u00f3n gratuita"},{"text":"Soporte Premium"},{"text":"14 d\u00edas garant\u00eda de reembolso"},{"text":"Actualizaciones regulares"}],"button_url":"#demo","button_target_blank":"0","button_nofollow":"0","attributes":[{"name":"Responsivo","content":"Si","_state":"expanded"},{"name":"Navegadores compatibles","content":"Firefox, Safari, Opera, Chrome, Edge","_state":"expanded"}],"tags":[],"tags_disable_links":"0","hide_more_platforms":"","video_object":"","demo_hide_cta":"0","demo_hide_cloud_options":"0","pricing_title":"","pricing":[{"pricing_icon":"platform","pricing_title":" Elfsight Apps","pricing_title_caption":"Soluci\u00f3n multiplataforma - valido para cualquier p\u00e1gina web","pricing_price":"desde $0 por mes","pricing_price_caption":"empezar con un plan gratuito","pricing_benefits":[{"text":"Sitios web ilimitados"},{"text":"Atenci\u00f3n al cliente gratuita y r\u00e1pida"},{"text":"Servicio de instalaci\u00f3n gratuito"},{"text":"Totalmente personalizable"}],"pricing_button_text":"Agregar al sitio web","pricing_button_url":"#demo","_state":"expanded"}],"related_apps_title":"","related_apps_hidden":"1","author":"","image":[],"title":"","job":"","social_networks":[]},"_links":{"self":[{"href":"https:\/\/elfsight.com\/es\/wp-json\/wp\/v2\/pages\/3967","targetHints":{"allow":["GET"]}}],"collection":[{"href":"https:\/\/elfsight.com\/es\/wp-json\/wp\/v2\/pages"}],"about":[{"href":"https:\/\/elfsight.com\/es\/wp-json\/wp\/v2\/types\/page"}],"author":[{"embeddable":true,"href":"https:\/\/elfsight.com\/es\/wp-json\/wp\/v2\/users\/18"}],"replies":[{"embeddable":true,"href":"https:\/\/elfsight.com\/es\/wp-json\/wp\/v2\/comments?post=3967"}],"version-history":[{"count":3,"href":"https:\/\/elfsight.com\/es\/wp-json\/wp\/v2\/pages\/3967\/revisions"}],"predecessor-version":[{"id":18036,"href":"https:\/\/elfsight.com\/es\/wp-json\/wp\/v2\/pages\/3967\/revisions\/18036"}],"up":[{"embeddable":true,"href":"https:\/\/elfsight.com\/es\/wp-json\/wp\/v2\/pages\/2041"}],"wp:attachment":[{"href":"https:\/\/elfsight.com\/es\/wp-json\/wp\/v2\/media?parent=3967"}],"curies":[{"name":"wp","href":"https:\/\/api.w.org\/{rel}","templated":true}]}}