{"id":3959,"date":"2022-02-11T12:01:23","date_gmt":"2022-02-11T12:01:23","guid":{"rendered":"https:\/\/elfsight.com\/es\/?page_id=3959"},"modified":"2025-02-06T15:17:03","modified_gmt":"2025-02-06T15:17:03","slug":"weebly","status":"publish","type":"page","link":"https:\/\/elfsight.com\/es\/photo-gallery-widget\/weebly\/","title":{"rendered":"Photo Gallery &#8211; Weebly"},"content":{"rendered":"<div class=\"application-platform-content-item-description application-platform-content-item\" id=\"description\" data-nav-section=\"description\"><h2>Descripci\u00f3n<\/h2> <p>Elfsight Gallery es la mejor manera de mostrar im\u00e1genes o crear \u00e1lbumes estilizados en tu sitio web. Coloca cualquier cantidad de fotos, agrega descripciones y elige la mejor forma de organizarlas en la p\u00e1gina. Nuestro widget ofrece seis variantes de dise\u00f1o y varias otras caracter\u00edsticas de interfaz. Cada imagen puede abrirse en modo popup, los visitantes pueden navegar entre ellas o ver un pase de diapositivas, usar la opci\u00f3n de zoom y ver las im\u00e1genes en pantalla completa. Puedes personalizar los elementos del widget y subir un fondo personalizado, cambiar las opciones de texto y muchas otras oportunidades de estilo.<\/p> <p><b>\u00a1Crea una colecci\u00f3n de fotos que no pueda pasarse por alto!<\/b><\/p> <div class=\"faq\" data-component=\"FAQ\"> <div class=\"faq-item\">\r\n\t\t\t\t\t<div class=\"faq-item-question\">\r\n\t\t\t\t\t\t<h3 class=\"faq-item-question-text\">\u00bfQu\u00e9 otras herramientas para Weebly puedes ofrecer? <\/h3>\r\n\r\n\t\t\t\t\t\t<div class=\"faq-item-question-icon\"><\/div>\r\n\t\t\t\t\t<\/div>\r\n\r\n\t\t\t\t\t<div class=\"faq-item-answer\">\r\n\t\t\t\t\t\t<div class=\"faq-item-answer-text\"> <p>Puedes probar muchas aplicaciones para cualquier prop\u00f3sito en tu sitio web, independientemente de tu \u00e1rea de negocio. Elige la que mejor se adapte a ti: <a href=\"https:\/\/elfsight.com\/qr-code-widget\/weebly\/\">C\u00f3digo QR<\/a>, <a href=\"https:\/\/elfsight.com\/youtube-channel-plugin-yottie\/weebly\/\">Galer\u00eda de YouTube<\/a>, <a href=\"https:\/\/elfsight.com\/google-reviews-widget\/weebly\/\">Rese\u00f1as de Google<\/a>, <a href=\"https:\/\/elfsight.com\/pdf-embed-widget\/weebly\">Feed de PDF<\/a>, <a href=\"https:\/\/elfsight.com\/search-widget\/weebly\/\">B\u00fasqueda<\/a>.<\/p> <\/div>\r\n\t\t\t\t\t<\/div>\r\n\t\t\t\t<\/div> <div class=\"faq-item\">\r\n\t\t\t\t\t<div class=\"faq-item-question\">\r\n\t\t\t\t\t\t<h3 class=\"faq-item-question-text\">\u00bfC\u00f3mo puedo integrar la aplicaci\u00f3n de Galer\u00eda de Fotos de Weebly en mi sitio web? <\/h3>\r\n\r\n\t\t\t\t\t\t<div class=\"faq-item-question-icon\"><\/div>\r\n\t\t\t\t\t<\/div>\r\n\r\n\t\t\t\t\t<div class=\"faq-item-answer\">\r\n\t\t\t\t\t\t<div class=\"faq-item-answer-text\"> <p>Puedes agregar nuestra aplicaci\u00f3n de Galer\u00eda de Fotos a tu sitio de Weebly para mostrar im\u00e1genes en una galer\u00eda receptiva. Simplemente abre nuestro configurador gratuito y realiza las siguientes acciones para agregar el widget a tu sitio de Weebly: <\/p><ol><li>Haz clic en configuraciones de tema. <\/li><li>Selecciona el bloque donde deseas incrustar la aplicaci\u00f3n. <\/li><li>Incrusta el c\u00f3digo del servicio de Elfsight Apps y aplica los cambios. <\/li><li>As\u00ed de sencillo. <\/li><\/ol><p>Y si buscas una gu\u00eda completa sobre la instalaci\u00f3n del widget en todas las plataformas populares, puedes encontrarla <a href=\"https:\/\/elfsight.com\/tutorials\/how-to-add-photo-gallery-to-website\/#how-to-add-gallery-to-weebly\">aqu\u00ed<\/a>.<\/p><\/div>\r\n\t\t\t\t\t<\/div>\r\n\t\t\t\t<\/div> <div class=\"faq-item\">\r\n\t\t\t\t\t<div class=\"faq-item-question\">\r\n\t\t\t\t\t\t<h3 class=\"faq-item-question-text\">\u00bfHay alguna manera de probar la aplicaci\u00f3n de Galer\u00eda de Fotos de Weebly cuando est\u00e9 en uso? <\/h3>\r\n\r\n\t\t\t\t\t\t<div class=\"faq-item-question-icon\"><\/div>\r\n\t\t\t\t\t<\/div>\r\n\r\n\t\t\t\t\t<div class=\"faq-item-answer\">\r\n\t\t\t\t\t\t<div class=\"faq-item-answer-text\"> <p>\u00a1Claro! Puedes usar nuestra <a href=\"https:\/\/elfsight.com\/photo-gallery-widget\/#demo\">demo<\/a> en vivo, y tambi\u00e9n te ayudar\u00e1 a agregar la aplicaci\u00f3n de Galer\u00eda de Fotos a tu sitio de Weebly.<\/p> <\/div>\r\n\t\t\t\t\t<\/div>\r\n\t\t\t\t<\/div> <\/div><\/div> <div class=\"application-platform-content-item-features application-platform-content-item\" id=\"features\" data-nav-section=\"features\"><h2>Caracter\u00edsticas<\/h2> <p>Consulta todas las funciones de Galer\u00eda de Fotos para Weebly. Est\u00e1n disponibles directamente en el editor y te ayudar\u00e1n a construir el widget seg\u00fan tus necesidades.<\/p> <ul> <li>Agrega llamados a la acci\u00f3n para guiar a los visitantes del sitio hacia la conversi\u00f3n.<\/li> <li>Configura la duraci\u00f3n del cambio de diapositivas.<\/li> <li>Elige entre varias funciones de paginaci\u00f3n.<\/li> <li>Coloca tu contenido en cualquier parte de la p\u00e1gina mediante una posici\u00f3n avanzada.<\/li> <li>Ajusta 5 funciones de contenido.<\/li> <\/ul> <p><a href=\"#demo\">Prueba todas las dem\u00e1s funciones en la demo<\/a><\/p> <\/div> <div class=\"application-platform-content-item-installation application-platform-content-item\" id=\"installation\" data-nav-section=\"installation\"><h2>\u00bfC\u00f3mo agregar una Galer\u00eda de Fotos a Weebly?<\/h2><div class=\"video-container\"><iframe width=\"720\" height=\"405\" src=\"https:\/\/www.youtube.com\/embed\/bVfGSyv6xVs\" frameborder=\"0\" allowfullscreen=\"\"><\/iframe><\/div><p>Para integrar el widget, sigue las instrucciones a continuaci\u00f3n. <\/p> <ol><li><b>Gestiona nuestro configurador gratuito y empieza a crear tu propia aplicaci\u00f3n. <\/b><br> Encuentra el dise\u00f1o y la funcionalidad adecuados de la aplicaci\u00f3n y guarda todas las modificaciones. <\/li>  <li><b>Recibe tu c\u00f3digo personal que aparece en el formulario especial de Elfsight Apps. <\/b><br> Cuando la configuraci\u00f3n de tu aplicaci\u00f3n est\u00e9 lista, copia el c\u00f3digo personal en el popup que aparece y gu\u00e1rdalo para m\u00e1s tarde. <\/li>  <li><b>Comienza a usar la aplicaci\u00f3n en tu sitio de Weebly. <\/b><br> Agrega el c\u00f3digo que guardaste en tu sitio web y guarda los cambios. <\/li>  <li><b>La instalaci\u00f3n est\u00e1 completamente realizada. <\/b><br> Abre tu p\u00e1gina web para ver c\u00f3mo funciona la aplicaci\u00f3n. <\/li><\/ol><p>No dudes en ponerte en contacto con el servicio de atenci\u00f3n al cliente de Elfsight si necesitas ayuda o tienes preguntas. Estaremos encantados de ayudarte con cualquier solicitud. <\/p> <\/div>","protected":false},"excerpt":{"rendered":"","protected":false},"author":18,"featured_media":0,"parent":1671,"menu_order":0,"comment_status":"closed","ping_status":"closed","template":"templates\/template-application-platform.php","meta":{"publish_to_discourse":"","publish_post_category":"","wpdc_auto_publish_overridden":"","wpdc_topic_tags":"","wpdc_pin_topic":"","wpdc_pin_until":"","discourse_post_id":"","discourse_permalink":"","wpdc_publishing_response":"","wpdc_publishing_error":"","footnotes":""},"class_list":["post-3959","page","type-page","status-publish","hentry"],"yoast_head":"<!-- This site is optimized with the Yoast SEO plugin v25.3.1 - https:\/\/yoast.com\/wordpress\/plugins\/seo\/ -->\n<title>Galer\u00eda de fotos - Incrustar plugin de Galer\u00eda fotogr\u00e1fica al Weebly<\/title>\n<meta name=\"description\" content=\"A\u00f1ade un app interactivo de Galer\u00eda de fotos en su p\u00e1gina web de Weebly. Use la demo de Elfsight manejable y construe su plugin personalizado.\" \/>\n<meta name=\"robots\" content=\"index, follow, max-snippet:-1, max-image-preview:large, max-video-preview:-1\" \/>\n<link rel=\"canonical\" href=\"https:\/\/elfsight.com\/es\/photo-gallery-widget\/weebly\/\" \/>\n<meta property=\"og:locale\" content=\"es_ES\" \/>\n<meta property=\"og:type\" content=\"article\" \/>\n<meta property=\"og:title\" content=\"Galer\u00eda de fotos - Incrustar plugin de Galer\u00eda fotogr\u00e1fica al Weebly\" \/>\n<meta property=\"og:description\" content=\"A\u00f1ade un app interactivo de Galer\u00eda de fotos en su p\u00e1gina web de Weebly. Use la demo de Elfsight manejable y construe su plugin personalizado.\" \/>\n<meta property=\"og:url\" content=\"https:\/\/elfsight.com\/es\/photo-gallery-widget\/weebly\/\" \/>\n<meta property=\"og:site_name\" content=\"Elfsight ES\" \/>\n<meta property=\"article:modified_time\" content=\"2025-02-06T15:17:03+00:00\" \/>\n<meta name=\"twitter:card\" content=\"summary_large_image\" \/>\n<meta name=\"twitter:label1\" content=\"Tiempo de lectura\" \/>\n\t<meta name=\"twitter:data1\" content=\"2 minutos\" \/>\n<!-- \/ Yoast SEO plugin. -->","yoast_head_json":{"title":"Galer\u00eda de fotos - Incrustar plugin de Galer\u00eda fotogr\u00e1fica al Weebly","description":"A\u00f1ade un app interactivo de Galer\u00eda de fotos en su p\u00e1gina web de Weebly. Use la demo de Elfsight manejable y construe su plugin personalizado.","robots":{"index":"index","follow":"follow","max-snippet":"max-snippet:-1","max-image-preview":"max-image-preview:large","max-video-preview":"max-video-preview:-1"},"canonical":"https:\/\/elfsight.com\/es\/photo-gallery-widget\/weebly\/","og_locale":"es_ES","og_type":"article","og_title":"Galer\u00eda de fotos - Incrustar plugin de Galer\u00eda fotogr\u00e1fica al Weebly","og_description":"A\u00f1ade un app interactivo de Galer\u00eda de fotos en su p\u00e1gina web de Weebly. Use la demo de Elfsight manejable y construe su plugin personalizado.","og_url":"https:\/\/elfsight.com\/es\/photo-gallery-widget\/weebly\/","og_site_name":"Elfsight ES","article_modified_time":"2025-02-06T15:17:03+00:00","twitter_card":"summary_large_image","twitter_misc":{"Tiempo de lectura":"2 minutos"},"schema":{"@context":"https:\/\/schema.org","@graph":[{"@type":"WebPage","@id":"https:\/\/elfsight.com\/es\/photo-gallery-widget\/weebly\/","url":"https:\/\/elfsight.com\/es\/photo-gallery-widget\/weebly\/","name":"Galer\u00eda de fotos - Incrustar plugin de Galer\u00eda fotogr\u00e1fica al Weebly","isPartOf":{"@id":"https:\/\/elfsight.com\/es\/#website"},"datePublished":"2022-02-11T12:01:23+00:00","dateModified":"2025-02-06T15:17:03+00:00","description":"A\u00f1ade un app interactivo de Galer\u00eda de fotos en su p\u00e1gina web de Weebly. Use la demo de Elfsight manejable y construe su plugin personalizado.","breadcrumb":{"@id":"https:\/\/elfsight.com\/es\/photo-gallery-widget\/weebly\/#breadcrumb"},"inLanguage":"es","potentialAction":[{"@type":"ReadAction","target":["https:\/\/elfsight.com\/es\/photo-gallery-widget\/weebly\/"]}]},{"@type":"BreadcrumbList","@id":"https:\/\/elfsight.com\/es\/photo-gallery-widget\/weebly\/#breadcrumb","itemListElement":[{"@type":"ListItem","position":1,"name":"Home","item":"https:\/\/elfsight.com\/es\/"},{"@type":"ListItem","position":2,"name":"Photo Gallery","item":"https:\/\/elfsight.com\/es\/photo-gallery-widget\/"},{"@type":"ListItem","position":3,"name":"Photo Gallery &#8211; Weebly"}]},{"@type":"WebSite","@id":"https:\/\/elfsight.com\/es\/#website","url":"https:\/\/elfsight.com\/es\/","name":"Elfsight ES","description":"Just another Elfsight Sites site","potentialAction":[{"@type":"SearchAction","target":{"@type":"EntryPoint","urlTemplate":"https:\/\/elfsight.com\/es\/?s={search_term_string}"},"query-input":{"@type":"PropertyValueSpecification","valueRequired":true,"valueName":"search_term_string"}}],"inLanguage":"es"}]}},"meta_box":{"industry":"","seo_heading":"","heading":"","description":"","cta_heading":"","cta_description":"","application":"1670","h1":"plugin de Galer\u00eda de fotos para Weebly","h1_caption":"Muestre sus im\u00e1genes en una galer\u00eda interactiva y personalizable que mejora el atractivo visual de su sitio web en su sitio web Weebly sin esfuerzo.","application_category":[],"applications_title":"","applications_request_title":"","applications_request_button_text":"","hero_text":"","hero_video":"","hero_video_schema_markup":"","selling_points_title":"","selling_points_caption":"","selling_points":[],"selling_points_cta_text":"","features_title":"","features":"","ed_cta_examples_text":"","ed_cta_examples_hidden":"","ed_cta_demo_text":"","ed_cta_demo_hidden":"","why_caption":"","why_editor_title":"","why_editor_text":"","why_team_title":"","why_team_text":"","why_service_title":"","why_service_text":"","template_catalog_visible":"","template_catalog_title":"","template_catalog_text":"","template_catalog_categories_visible":"","demo_title":"Crea tu aplicaci\u00f3n Galer\u00eda de fotos","demo_caption":"\u00a1Configura tu galer\u00eda de fotos y agr\u00e9gala a tu sitio web Weebly gratis!","default_faq_hidden":"","app_template_category":[],"platform":"109","template_public_id":"","codecanyon_url":"","codecanyon_item_id":"","codecanyon_price":"","pricing_caption":"","pricing_elfsight_apps_hide_column":"","pricing_elfsight_apps_url":"","pricing_codecanyon_price_caption":"","integration_category":[],"integration_request_title":"","integration_request_cta":"","integration_platform":"","integrations":[],"platform_category":[],"video_schema_markup":"","price":"desde $0 por mes","trial":"","benefits":[{"text":"Instalaci\u00f3n gratuita"},{"text":"Soporte Premium"},{"text":"14 d\u00edas garant\u00eda de reembolso"},{"text":"Actualizaciones regulares"}],"button_url":"#demo","button_target_blank":"0","button_nofollow":"0","attributes":[{"name":"Responsivo","content":"Si","_state":"expanded"},{"name":"Navegadores compatibles","content":"Firefox, Safari, Opera, Chrome, Edge","_state":"expanded"}],"tags":[],"tags_disable_links":"0","hide_more_platforms":"","video_object":"","demo_hide_cta":"0","demo_hide_cloud_options":"0","pricing_title":"","pricing":[{"pricing_icon":"platform","pricing_title":" Elfsight Apps","pricing_title_caption":"Soluci\u00f3n multiplataforma - valido para cualquier p\u00e1gina web","pricing_price":"desde $0 por mes","pricing_price_caption":"empezar con un plan gratuito","pricing_benefits":[{"text":"Sitios web ilimitados"},{"text":"Atenci\u00f3n al cliente gratuita y r\u00e1pida"},{"text":"Servicio de instalaci\u00f3n gratuito"},{"text":"Totalmente personalizable"}],"pricing_button_text":"Agregar al sitio web","pricing_button_url":"#demo","_state":"expanded"}],"related_apps_title":"","related_apps_hidden":"1","author":"","image":[],"title":"","job":"","social_networks":[]},"_links":{"self":[{"href":"https:\/\/elfsight.com\/es\/wp-json\/wp\/v2\/pages\/3959","targetHints":{"allow":["GET"]}}],"collection":[{"href":"https:\/\/elfsight.com\/es\/wp-json\/wp\/v2\/pages"}],"about":[{"href":"https:\/\/elfsight.com\/es\/wp-json\/wp\/v2\/types\/page"}],"author":[{"embeddable":true,"href":"https:\/\/elfsight.com\/es\/wp-json\/wp\/v2\/users\/18"}],"replies":[{"embeddable":true,"href":"https:\/\/elfsight.com\/es\/wp-json\/wp\/v2\/comments?post=3959"}],"version-history":[{"count":3,"href":"https:\/\/elfsight.com\/es\/wp-json\/wp\/v2\/pages\/3959\/revisions"}],"predecessor-version":[{"id":18032,"href":"https:\/\/elfsight.com\/es\/wp-json\/wp\/v2\/pages\/3959\/revisions\/18032"}],"up":[{"embeddable":true,"href":"https:\/\/elfsight.com\/es\/wp-json\/wp\/v2\/pages\/1671"}],"wp:attachment":[{"href":"https:\/\/elfsight.com\/es\/wp-json\/wp\/v2\/media?parent=3959"}],"curies":[{"name":"wp","href":"https:\/\/api.w.org\/{rel}","templated":true}]}}