{"id":3957,"date":"2022-02-11T12:01:30","date_gmt":"2022-02-11T12:01:30","guid":{"rendered":"https:\/\/elfsight.com\/es\/?page_id=3957"},"modified":"2025-02-06T15:17:03","modified_gmt":"2025-02-06T15:17:03","slug":"webnode","status":"publish","type":"page","link":"https:\/\/elfsight.com\/es\/photo-gallery-widget\/webnode\/","title":{"rendered":"Photo Gallery &#8211; Webnode"},"content":{"rendered":"<div class=\"application-platform-content-item-description application-platform-content-item\" id=\"description\" data-nav-section=\"description\"><h2>Descripci\u00f3n<\/h2> <p>Elfsight Photo Gallery es la mejor manera de mostrar tus fotos o crear una galer\u00eda espectacular en tu sitio web. Inserta cualquier cantidad de im\u00e1genes, escribe subt\u00edtulos y elige la mejor manera de posicionarlas en la p\u00e1gina. Nuestro widget cuenta con seis variantes de dise\u00f1o y muchas otras funciones de interfaz. Cada foto puede abrirse en modo emergente, las personas pueden deslizarse entre ellas o activar una presentaci\u00f3n de diapositivas, hacer zoom y abrir las fotos a pantalla completa. Tienes la libertad de elegir colores para los elementos del widget y agregar un fondo personalizado, cambiar la configuraci\u00f3n del texto y m\u00e1s variaciones de estilo. <\/p> <p><b>\u00a1Impresiona a los visitantes de tu sitio web con atractivas galer\u00edas de fotos! <\/b><\/p> <\/div> <div class=\"application-platform-content-item-features application-platform-content-item\" id=\"features\" data-nav-section=\"features\"><h2>Caracter\u00edsticas<\/h2> <p>Aqu\u00ed puedes ver todas las caracter\u00edsticas de Galer\u00eda de Fotos para Webnode. Puedes gestionarlas directamente en el editor y te ayudar\u00e1n a configurar el widget seg\u00fan tus necesidades. <\/p> <ul> <li>Usa botones CTA para guiar a los usuarios hacia la conversi\u00f3n. <\/li> <li>Ajusta la duraci\u00f3n del cambio de diapositivas. <\/li> <li>Elige entre varias opciones de paginaci\u00f3n. <\/li> <li>Coloca tu texto en cualquier parte de la p\u00e1gina mediante la posici\u00f3n avanzada. <\/li> <li>Modifica 5 funciones de contenido. <\/li> <\/ul> <p><a href=\"#demo\">Consulta c\u00f3mo funcionan todas las caracter\u00edsticas en nuestra demo<\/a><\/p> <\/div> <div class=\"application-platform-content-item-installation application-platform-content-item\" id=\"installation\" data-nav-section=\"installation\"><h2>\u00bfC\u00f3mo integrar Galer\u00eda de Fotos con mi sitio Webnode? <\/h2> <p>Para incrustar el widget, simplemente sigue las instrucciones a continuaci\u00f3n. <\/p> <ol><li><b>Crea tu plugin \u00fanico de Galer\u00eda<\/b><br> En nuestra demo gratuita, genera un plugin con una interfaz y funciones seleccionadas. <\/li> <li><b>Copiar el c\u00f3digo individual para configurar el plugin<\/b><br> Despu\u00e9s de personalizar tu widget, recibir\u00e1s el c\u00f3digo \u00fanico desde la ventana emergente en Elfsight Apps. C\u00f3pialo. <\/li> <li><b>Agrega el plugin en tu sitio Webnode<\/b><br> Encuentra el \u00e1rea donde deseas mostrar el plugin y pega el c\u00f3digo guardado all\u00ed. Publica los cambios. <\/li>  <li><b>\u00a1La integraci\u00f3n ha sido exitosa! <\/b><br> Visita el sitio para ver tu plugin. <\/li> <\/ol> <p>Si necesitas ayuda o tienes preguntas, puedes ponerte en contacto con el servicio de soporte de Elfsight. Estaremos encantados de ayudarte con cualquier solicitud. <\/p> <div class=\"faq\" data-component=\"FAQ\"><div class=\"faq-item\">\r\n\t\t\t\t\t<div class=\"faq-item-question\">\r\n\t\t\t\t\t\t<h3 class=\"faq-item-question-text\">\u00bfC\u00f3mo agregar una Galer\u00eda de Fotos a mi sitio Webnode sin experiencia en codificaci\u00f3n?<\/h3>\r\n\r\n\t\t\t\t\t\t<div class=\"faq-item-question-icon\"><\/div>\r\n\t\t\t\t\t<\/div>\r\n\r\n\t\t\t\t\t<div class=\"faq-item-answer\">\r\n\t\t\t\t\t\t<div class=\"faq-item-answer-text\"> <p>Elfsight ofrece una soluci\u00f3n que te permite crear un plugin de Galer\u00eda de Fotos t\u00fa mismo, y ver lo f\u00e1cil que es: Dir\u00edgete a la demo en vivo para crear la secci\u00f3n de Galer\u00eda de Fotos que te gustar\u00eda ver en tu p\u00e1gina Webnode. Elige una de nuestras plantillas predise\u00f1adas y modifica la configuraci\u00f3n de la Galer\u00eda de Fotos, ajusta el dise\u00f1o y los esquemas de color, incluyendo tu contenido, sin necesidad de habilidades de programaci\u00f3n. Guarda la Galer\u00eda de Fotos y obt\u00e9n el c\u00f3digo de instalaci\u00f3n, que puedes pegar f\u00e1cilmente en cualquier p\u00e1gina Webnode usando un plan gratuito. Con nuestro Editor sencillo, cualquier usuario web puede crear una secci\u00f3n de Galer\u00eda de Fotos e incrustarla f\u00e1cilmente en su sitio Webnode. No necesitas suscripci\u00f3n de pago ni ingresar los datos de tu tarjeta para acceder al servicio. Si encuentras alg\u00fan problema en alg\u00fan paso, no dudes en ponerte en contacto con nuestro soporte t\u00e9cnico.<\/p> <\/div>\r\n\t\t\t\t\t<\/div>\r\n\t\t\t\t<\/div> <\/div><\/div>","protected":false},"excerpt":{"rendered":"","protected":false},"author":18,"featured_media":0,"parent":1671,"menu_order":0,"comment_status":"closed","ping_status":"closed","template":"templates\/template-application-platform.php","meta":{"publish_to_discourse":"","publish_post_category":"","wpdc_auto_publish_overridden":"","wpdc_topic_tags":"","wpdc_pin_topic":"","wpdc_pin_until":"","discourse_post_id":"","discourse_permalink":"","wpdc_publishing_response":"","wpdc_publishing_error":"","footnotes":""},"class_list":["post-3957","page","type-page","status-publish","hentry"],"yoast_head":"<!-- This site is optimized with the Yoast SEO plugin v25.3.1 - https:\/\/yoast.com\/wordpress\/plugins\/seo\/ -->\n<title>Galer\u00eda de fotos - Agregar plugin de Galer\u00eda fotogr\u00e1fica al Webnode<\/title>\n<meta name=\"description\" content=\"Incrusta un widget responsivo de Galer\u00eda de fotos en su p\u00e1gina web de Webnode. Aplique la demo de Elfsight manejable y genere su plugin personalizado.\" \/>\n<meta name=\"robots\" content=\"index, follow, max-snippet:-1, max-image-preview:large, max-video-preview:-1\" \/>\n<link rel=\"canonical\" href=\"https:\/\/elfsight.com\/es\/photo-gallery-widget\/webnode\/\" \/>\n<meta property=\"og:locale\" content=\"es_ES\" \/>\n<meta property=\"og:type\" content=\"article\" \/>\n<meta property=\"og:title\" content=\"Galer\u00eda de fotos - Agregar plugin de Galer\u00eda fotogr\u00e1fica al Webnode\" \/>\n<meta property=\"og:description\" content=\"Incrusta un widget responsivo de Galer\u00eda de fotos en su p\u00e1gina web de Webnode. Aplique la demo de Elfsight manejable y genere su plugin personalizado.\" \/>\n<meta property=\"og:url\" content=\"https:\/\/elfsight.com\/es\/photo-gallery-widget\/webnode\/\" \/>\n<meta property=\"og:site_name\" content=\"Elfsight ES\" \/>\n<meta property=\"article:modified_time\" content=\"2025-02-06T15:17:03+00:00\" \/>\n<meta name=\"twitter:card\" content=\"summary_large_image\" \/>\n<meta name=\"twitter:label1\" content=\"Tiempo de lectura\" \/>\n\t<meta name=\"twitter:data1\" content=\"2 minutos\" \/>\n<!-- \/ Yoast SEO plugin. -->","yoast_head_json":{"title":"Galer\u00eda de fotos - Agregar plugin de Galer\u00eda fotogr\u00e1fica al Webnode","description":"Incrusta un widget responsivo de Galer\u00eda de fotos en su p\u00e1gina web de Webnode. Aplique la demo de Elfsight manejable y genere su plugin personalizado.","robots":{"index":"index","follow":"follow","max-snippet":"max-snippet:-1","max-image-preview":"max-image-preview:large","max-video-preview":"max-video-preview:-1"},"canonical":"https:\/\/elfsight.com\/es\/photo-gallery-widget\/webnode\/","og_locale":"es_ES","og_type":"article","og_title":"Galer\u00eda de fotos - Agregar plugin de Galer\u00eda fotogr\u00e1fica al Webnode","og_description":"Incrusta un widget responsivo de Galer\u00eda de fotos en su p\u00e1gina web de Webnode. Aplique la demo de Elfsight manejable y genere su plugin personalizado.","og_url":"https:\/\/elfsight.com\/es\/photo-gallery-widget\/webnode\/","og_site_name":"Elfsight ES","article_modified_time":"2025-02-06T15:17:03+00:00","twitter_card":"summary_large_image","twitter_misc":{"Tiempo de lectura":"2 minutos"},"schema":{"@context":"https:\/\/schema.org","@graph":[{"@type":"WebPage","@id":"https:\/\/elfsight.com\/es\/photo-gallery-widget\/webnode\/","url":"https:\/\/elfsight.com\/es\/photo-gallery-widget\/webnode\/","name":"Galer\u00eda de fotos - Agregar plugin de Galer\u00eda fotogr\u00e1fica al Webnode","isPartOf":{"@id":"https:\/\/elfsight.com\/es\/#website"},"datePublished":"2022-02-11T12:01:30+00:00","dateModified":"2025-02-06T15:17:03+00:00","description":"Incrusta un widget responsivo de Galer\u00eda de fotos en su p\u00e1gina web de Webnode. Aplique la demo de Elfsight manejable y genere su plugin personalizado.","breadcrumb":{"@id":"https:\/\/elfsight.com\/es\/photo-gallery-widget\/webnode\/#breadcrumb"},"inLanguage":"es","potentialAction":[{"@type":"ReadAction","target":["https:\/\/elfsight.com\/es\/photo-gallery-widget\/webnode\/"]}]},{"@type":"BreadcrumbList","@id":"https:\/\/elfsight.com\/es\/photo-gallery-widget\/webnode\/#breadcrumb","itemListElement":[{"@type":"ListItem","position":1,"name":"Home","item":"https:\/\/elfsight.com\/es\/"},{"@type":"ListItem","position":2,"name":"Photo Gallery","item":"https:\/\/elfsight.com\/es\/photo-gallery-widget\/"},{"@type":"ListItem","position":3,"name":"Photo Gallery &#8211; Webnode"}]},{"@type":"WebSite","@id":"https:\/\/elfsight.com\/es\/#website","url":"https:\/\/elfsight.com\/es\/","name":"Elfsight ES","description":"Just another Elfsight Sites site","potentialAction":[{"@type":"SearchAction","target":{"@type":"EntryPoint","urlTemplate":"https:\/\/elfsight.com\/es\/?s={search_term_string}"},"query-input":{"@type":"PropertyValueSpecification","valueRequired":true,"valueName":"search_term_string"}}],"inLanguage":"es"}]}},"meta_box":{"industry":"","seo_heading":"","heading":"","description":"","cta_heading":"","cta_description":"","application":"1670","h1":"plugin de Galer\u00eda de fotos para Webnode","h1_caption":"Muestre sus im\u00e1genes en una galer\u00eda interactiva y personalizable que mejora el atractivo visual de su sitio web en su sitio web Webnode sin esfuerzo.","application_category":[],"applications_title":"","applications_request_title":"","applications_request_button_text":"","hero_text":"","hero_video":"","hero_video_schema_markup":"","selling_points_title":"","selling_points_caption":"","selling_points":[],"selling_points_cta_text":"","features_title":"","features":"","ed_cta_examples_text":"","ed_cta_examples_hidden":"","ed_cta_demo_text":"","ed_cta_demo_hidden":"","why_caption":"","why_editor_title":"","why_editor_text":"","why_team_title":"","why_team_text":"","why_service_title":"","why_service_text":"","template_catalog_visible":"","template_catalog_title":"","template_catalog_text":"","template_catalog_categories_visible":"","demo_title":"Crea tu widget de galer\u00eda de fotos","demo_caption":"\u00a1Configura tu Galer\u00eda de Fotos y a\u00f1\u00e1dela a tu sitio web Webnode gratis!","default_faq_hidden":"","app_template_category":[],"platform":"2302","template_public_id":"","codecanyon_url":"","codecanyon_item_id":"","codecanyon_price":"","pricing_caption":"","pricing_elfsight_apps_hide_column":"","pricing_elfsight_apps_url":"","pricing_codecanyon_price_caption":"","integration_category":[],"integration_request_title":"","integration_request_cta":"","integration_platform":"","integrations":[],"platform_category":[],"video_schema_markup":"","price":"desde $0 por mes","trial":"","benefits":[{"text":"Instalaci\u00f3n gratuita"},{"text":"Soporte Premium"},{"text":"14 d\u00edas garant\u00eda de reembolso"},{"text":"Actualizaciones regulares"}],"button_url":"#demo","button_target_blank":"0","button_nofollow":"0","attributes":[{"name":"Responsivo","content":"Si","_state":"expanded"},{"name":"Navegadores compatibles","content":"Firefox, Safari, Opera, Chrome, Edge","_state":"expanded"}],"tags":[],"tags_disable_links":"0","hide_more_platforms":"","video_object":"","demo_hide_cta":"0","demo_hide_cloud_options":"0","pricing_title":"","pricing":[{"pricing_icon":"platform","pricing_title":" Elfsight Apps","pricing_title_caption":"Soluci\u00f3n multiplataforma - valido para cualquier p\u00e1gina web","pricing_price":"desde $0 por mes","pricing_price_caption":"empezar con un plan gratuito","pricing_benefits":[{"text":"Sitios web ilimitados"},{"text":"Atenci\u00f3n al cliente gratuita y r\u00e1pida"},{"text":"Servicio de instalaci\u00f3n gratuito"},{"text":"Totalmente personalizable"}],"pricing_button_text":"Agregar al sitio web","pricing_button_url":"#demo","_state":"expanded"}],"related_apps_title":"","related_apps_hidden":"1","author":"","image":[],"title":"","job":"","social_networks":[]},"_links":{"self":[{"href":"https:\/\/elfsight.com\/es\/wp-json\/wp\/v2\/pages\/3957","targetHints":{"allow":["GET"]}}],"collection":[{"href":"https:\/\/elfsight.com\/es\/wp-json\/wp\/v2\/pages"}],"about":[{"href":"https:\/\/elfsight.com\/es\/wp-json\/wp\/v2\/types\/page"}],"author":[{"embeddable":true,"href":"https:\/\/elfsight.com\/es\/wp-json\/wp\/v2\/users\/18"}],"replies":[{"embeddable":true,"href":"https:\/\/elfsight.com\/es\/wp-json\/wp\/v2\/comments?post=3957"}],"version-history":[{"count":3,"href":"https:\/\/elfsight.com\/es\/wp-json\/wp\/v2\/pages\/3957\/revisions"}],"predecessor-version":[{"id":18031,"href":"https:\/\/elfsight.com\/es\/wp-json\/wp\/v2\/pages\/3957\/revisions\/18031"}],"up":[{"embeddable":true,"href":"https:\/\/elfsight.com\/es\/wp-json\/wp\/v2\/pages\/1671"}],"wp:attachment":[{"href":"https:\/\/elfsight.com\/es\/wp-json\/wp\/v2\/media?parent=3957"}],"curies":[{"name":"wp","href":"https:\/\/api.w.org\/{rel}","templated":true}]}}