{"id":3955,"date":"2022-02-11T12:01:45","date_gmt":"2022-02-11T12:01:45","guid":{"rendered":"https:\/\/elfsight.com\/es\/?page_id=3955"},"modified":"2025-02-06T15:16:55","modified_gmt":"2025-02-06T15:16:55","slug":"webflow","status":"publish","type":"page","link":"https:\/\/elfsight.com\/es\/photo-gallery-widget\/webflow\/","title":{"rendered":"Photo Gallery &#8211; Webflow"},"content":{"rendered":"<div class=\"application-platform-content-item-description application-platform-content-item\" id=\"description\" data-nav-section=\"description\"><h2>Incrustar Galer\u00eda de Fotos en Webflow con el widget de Elfsight<\/h2> <p>Elfsight Gallery es la forma m\u00e1s r\u00e1pida de mostrar im\u00e1genes o dise\u00f1ar una galer\u00eda elegante en tu sitio web. Sube cualquier cantidad de im\u00e1genes, muestra descripciones y encuentra la mejor manera de colocarlas en la p\u00e1gina. El widget de Elfsight incluye seis dise\u00f1os y muchas otras opciones de interfaz. Cada imagen se muestra en modo emergente, los usuarios pueden deslizarse entre ellas, activar una presentaci\u00f3n de diapositivas, hacer zoom y admirar las fotos en pantalla completa. Tienes la opci\u00f3n de elegir colores para la interfaz del widget y aplicar un fondo \u00fanico, usar opciones de texto y m\u00e1s variaciones de estilo. <\/p> <p><b>Aumenta el compromiso de los usuarios con colecciones de fotos imperdibles!<\/b><\/p> <div class=\"faq\" data-component=\"FAQ\"> <div class=\"faq-item\">\r\n\t\t\t\t\t<div class=\"faq-item-question\">\r\n\t\t\t\t\t\t<h3 class=\"faq-item-question-text\">\u00bfQu\u00e9 otros plugins puedo usar para Webflow? <\/h3>\r\n\r\n\t\t\t\t\t\t<div class=\"faq-item-question-icon\"><\/div>\r\n\t\t\t\t\t<\/div>\r\n\r\n\t\t\t\t\t<div class=\"faq-item-answer\">\r\n\t\t\t\t\t\t<div class=\"faq-item-answer-text\"> <p>Tienes la libertad de probar una multitud de plugins para cualquier objetivo en tu sitio web, independientemente de tu sector de negocio. Por ejemplo, puedes comenzar con estos: <a href=\"https:\/\/elfsight.com\/online-form-builder\/webflow\/\">Constructor de formularios<\/a>, <a href=\"https:\/\/elfsight.com\/cookie-consent-widget\/webflow\/\">Consentimiento de cookies<\/a>, <a href=\"https:\/\/elfsight.com\/popup-widget\/webflow\/\">Popup<\/a>, <a href=\"https:\/\/elfsight.com\/instagram-feed-instashow\/webflow\/\">Instagram Feed<\/a>, <a href=\"https:\/\/elfsight.com\/slider-widget\/webflow\/\">Slider<\/a>.<\/p> <\/div>\r\n\t\t\t\t\t<\/div>\r\n\t\t\t\t<\/div> <div class=\"faq-item\">\r\n\t\t\t\t\t<div class=\"faq-item-question\">\r\n\t\t\t\t\t\t<h3 class=\"faq-item-question-text\">\u00bfC\u00f3mo incrusto el widget de Galer\u00eda de Fotos en mi sitio Webflow? <\/h3>\r\n\r\n\t\t\t\t\t\t<div class=\"faq-item-question-icon\"><\/div>\r\n\t\t\t\t\t<\/div>\r\n\r\n\t\t\t\t\t<div class=\"faq-item-answer\">\r\n\t\t\t\t\t\t<div class=\"faq-item-answer-text\"> <p>Puedes agregar el widget de Galer\u00eda de Fotos a tu sitio Webflow para mostrar una galer\u00eda altamente responsive con tus im\u00e1genes y fotos. Simplemente abre nuestro Configurador gratuito para agregar el widget a tu sitio Webflow y sigue estos pasos: <\/p><ol><li>Selecciona la configuraci\u00f3n del tema. <\/li><li>Elige el elemento donde deseas integrar la Galer\u00eda de Fotos de Webflow. <\/li><li>Agrega el c\u00f3digo desde el servicio de Elfsight Apps y guarda tus cambios. <\/li><li>\u00a1Todo listo! <\/li><\/ol><p>Tambi\u00e9n te recomendamos que prestes atenci\u00f3n a nuestra gu\u00eda completa sobre la instalaci\u00f3n del widget en las plataformas m\u00e1s populares. Puedes encontrar la gu\u00eda <a href=\"https:\/\/elfsight.com\/tutorials\/how-to-add-photo-gallery-to-website\/#how-to-add-gallery-to-webflow\">aqu\u00ed<\/a>.<\/p><\/div>\r\n\t\t\t\t\t<\/div>\r\n\t\t\t\t<\/div> <div class=\"faq-item\">\r\n\t\t\t\t\t<div class=\"faq-item-question\">\r\n\t\t\t\t\t\t<h3 class=\"faq-item-question-text\">\u00bfPuedo probar el widget de Galer\u00eda de Fotos para Webflow? <\/h3>\r\n\r\n\t\t\t\t\t\t<div class=\"faq-item-question-icon\"><\/div>\r\n\t\t\t\t\t<\/div>\r\n\r\n\t\t\t\t\t<div class=\"faq-item-answer\">\r\n\t\t\t\t\t\t<div class=\"faq-item-answer-text\"><p>\u00a1Por supuesto! Puedes usar nuestra <a href=\"https:\/\/elfsight.com\/photo-gallery-widget\/#demo\">demo<\/a> para conocer las caracter\u00edsticas del widget. Adem\u00e1s, puedes usar la demo para agregar el widget de Galer\u00eda de Fotos a tu sitio Webflow.<\/p> <\/div>\r\n\t\t\t\t\t<\/div>\r\n\t\t\t\t<\/div> <\/div><\/div> <div class=\"application-platform-content-item-features application-platform-content-item\" id=\"features\" data-nav-section=\"features\"><h2>Caracter\u00edsticas principales del widget Galer\u00eda de Fotos<\/h2> <p>Consulta una lista de todas las caracter\u00edsticas funcionales de la Galer\u00eda de Fotos para Webflow. Puedes configurarlas directamente en el editor y te ayudar\u00e1n a construir el widget m\u00e1s adecuado para tus necesidades. <\/p> <ul> <li>Usa botones CTA para guiar a los usuarios hacia tu objetivo. <\/li> <li>Modifica la duraci\u00f3n del cambio de diapositivas. <\/li> <li>Elige entre m\u00faltiples opciones de paginaci\u00f3n. <\/li> <li>Coloca el texto en cualquier parte de la p\u00e1gina mediante la posici\u00f3n avanzada. <\/li> <li>Adapta cinco funciones de contenido. <\/li> <\/ul> <p><a href=\"#demo\">Puedes probar todas las caracter\u00edsticas del widget directamente en la demo<\/a><\/p> <\/div> <div class=\"application-platform-content-item-installation application-platform-content-item\" id=\"installation\" data-nav-section=\"installation\"><h2>\u00bfC\u00f3mo integrar Galer\u00eda de Fotos con Webflow? <\/h2> <div class=\"video-container\"><iframe width=\"720\" height=\"405\" src=\"https:\/\/www.youtube.com\/embed\/ewXlqsKW7zU\" frameborder=\"0\" allowfullscreen=\"\"><\/iframe><\/div><p>Para integrar el widget, simplemente sigue las instrucciones a continuaci\u00f3n. <\/p> <ol><li><b>Genera tu plugin de Galer\u00eda personalizado<\/b><br> Con la ayuda de nuestra demo gratuita, configura un plugin con una interfaz personalizada y funciones. <\/li> <li><b>Copiar el c\u00f3digo \u00fanico para mostrar el plugin<\/b><br> Despu\u00e9s de configurar tu widget, recibir\u00e1s el c\u00f3digo \u00fanico en la ventana emergente de Elfsight Apps. C\u00f3pialo. <\/li> <li><b>Incrusta el plugin en tu sitio Webflow<\/b><br> Escoge el lugar donde deseas mostrar el plugin y pega el c\u00f3digo guardado all\u00ed. Guarda los resultados. <\/li>  <li><b>\u00a1La configuraci\u00f3n ha terminado!<\/b><br> Ve al sitio para ver tu trabajo. <\/li> <\/ol> <p>Si necesitas asesoramiento o tienes alguna pregunta, puedes ponerte en contacto con el soporte de clientes. Nuestros especialistas estar\u00e1n encantados de ayudarte con cualquier consulta. <\/p> <\/div>","protected":false},"excerpt":{"rendered":"","protected":false},"author":18,"featured_media":0,"parent":1671,"menu_order":0,"comment_status":"closed","ping_status":"closed","template":"templates\/template-application-platform.php","meta":{"publish_to_discourse":"","publish_post_category":"","wpdc_auto_publish_overridden":"","wpdc_topic_tags":"","wpdc_pin_topic":"","wpdc_pin_until":"","discourse_post_id":"","discourse_permalink":"","wpdc_publishing_response":"","wpdc_publishing_error":"","footnotes":""},"class_list":["post-3955","page","type-page","status-publish","hentry"],"yoast_head":"<!-- This site is optimized with the Yoast SEO plugin v25.3.1 - https:\/\/yoast.com\/wordpress\/plugins\/seo\/ -->\n<title>Galer\u00eda de fotos - Incorporar plugin de Galer\u00eda fotogr\u00e1fica al Webflow<\/title>\n<meta name=\"description\" content=\"Incrusta un widget hermoso de Galer\u00eda de fotos en su sitio de Webflow. Lance la demo de Elfsight manejable y cree su plugin personalizado.\" \/>\n<meta name=\"robots\" content=\"index, follow, max-snippet:-1, max-image-preview:large, max-video-preview:-1\" \/>\n<link rel=\"canonical\" href=\"https:\/\/elfsight.com\/es\/photo-gallery-widget\/webflow\/\" \/>\n<meta property=\"og:locale\" content=\"es_ES\" \/>\n<meta property=\"og:type\" content=\"article\" \/>\n<meta property=\"og:title\" content=\"Galer\u00eda de fotos - Incorporar plugin de Galer\u00eda fotogr\u00e1fica al Webflow\" \/>\n<meta property=\"og:description\" content=\"Incrusta un widget hermoso de Galer\u00eda de fotos en su sitio de Webflow. Lance la demo de Elfsight manejable y cree su plugin personalizado.\" \/>\n<meta property=\"og:url\" content=\"https:\/\/elfsight.com\/es\/photo-gallery-widget\/webflow\/\" \/>\n<meta property=\"og:site_name\" content=\"Elfsight ES\" \/>\n<meta property=\"article:modified_time\" content=\"2025-02-06T15:16:55+00:00\" \/>\n<meta name=\"twitter:card\" content=\"summary_large_image\" \/>\n<meta name=\"twitter:label1\" content=\"Tiempo de lectura\" \/>\n\t<meta name=\"twitter:data1\" content=\"1 minuto\" \/>\n<!-- \/ Yoast SEO plugin. -->","yoast_head_json":{"title":"Galer\u00eda de fotos - Incorporar plugin de Galer\u00eda fotogr\u00e1fica al Webflow","description":"Incrusta un widget hermoso de Galer\u00eda de fotos en su sitio de Webflow. Lance la demo de Elfsight manejable y cree su plugin personalizado.","robots":{"index":"index","follow":"follow","max-snippet":"max-snippet:-1","max-image-preview":"max-image-preview:large","max-video-preview":"max-video-preview:-1"},"canonical":"https:\/\/elfsight.com\/es\/photo-gallery-widget\/webflow\/","og_locale":"es_ES","og_type":"article","og_title":"Galer\u00eda de fotos - Incorporar plugin de Galer\u00eda fotogr\u00e1fica al Webflow","og_description":"Incrusta un widget hermoso de Galer\u00eda de fotos en su sitio de Webflow. Lance la demo de Elfsight manejable y cree su plugin personalizado.","og_url":"https:\/\/elfsight.com\/es\/photo-gallery-widget\/webflow\/","og_site_name":"Elfsight ES","article_modified_time":"2025-02-06T15:16:55+00:00","twitter_card":"summary_large_image","twitter_misc":{"Tiempo de lectura":"1 minuto"},"schema":{"@context":"https:\/\/schema.org","@graph":[{"@type":"WebPage","@id":"https:\/\/elfsight.com\/es\/photo-gallery-widget\/webflow\/","url":"https:\/\/elfsight.com\/es\/photo-gallery-widget\/webflow\/","name":"Galer\u00eda de fotos - Incorporar plugin de Galer\u00eda fotogr\u00e1fica al Webflow","isPartOf":{"@id":"https:\/\/elfsight.com\/es\/#website"},"datePublished":"2022-02-11T12:01:45+00:00","dateModified":"2025-02-06T15:16:55+00:00","description":"Incrusta un widget hermoso de Galer\u00eda de fotos en su sitio de Webflow. Lance la demo de Elfsight manejable y cree su plugin personalizado.","breadcrumb":{"@id":"https:\/\/elfsight.com\/es\/photo-gallery-widget\/webflow\/#breadcrumb"},"inLanguage":"es","potentialAction":[{"@type":"ReadAction","target":["https:\/\/elfsight.com\/es\/photo-gallery-widget\/webflow\/"]}]},{"@type":"BreadcrumbList","@id":"https:\/\/elfsight.com\/es\/photo-gallery-widget\/webflow\/#breadcrumb","itemListElement":[{"@type":"ListItem","position":1,"name":"Home","item":"https:\/\/elfsight.com\/es\/"},{"@type":"ListItem","position":2,"name":"Photo Gallery","item":"https:\/\/elfsight.com\/es\/photo-gallery-widget\/"},{"@type":"ListItem","position":3,"name":"Photo Gallery &#8211; Webflow"}]},{"@type":"WebSite","@id":"https:\/\/elfsight.com\/es\/#website","url":"https:\/\/elfsight.com\/es\/","name":"Elfsight ES","description":"Just another Elfsight Sites site","potentialAction":[{"@type":"SearchAction","target":{"@type":"EntryPoint","urlTemplate":"https:\/\/elfsight.com\/es\/?s={search_term_string}"},"query-input":{"@type":"PropertyValueSpecification","valueRequired":true,"valueName":"search_term_string"}}],"inLanguage":"es"}]}},"meta_box":{"industry":"","seo_heading":"","heading":"","description":"","cta_heading":"","cta_description":"","application":"1670","h1":"complemento de Galer\u00eda de fotos para Webflow","h1_caption":"Muestre sus im\u00e1genes en una galer\u00eda interactiva y personalizable que mejora el atractivo visual de su sitio web en su sitio web Webflow sin esfuerzo.","application_category":[],"applications_title":"","applications_request_title":"","applications_request_button_text":"","hero_text":"","hero_video":"","hero_video_schema_markup":"","selling_points_title":"","selling_points_caption":"","selling_points":[],"selling_points_cta_text":"","features_title":"","features":"","ed_cta_examples_text":"","ed_cta_examples_hidden":"","ed_cta_demo_text":"","ed_cta_demo_hidden":"","why_caption":"","why_editor_title":"","why_editor_text":"","why_team_title":"","why_team_text":"","why_service_title":"","why_service_text":"","template_catalog_visible":"","template_catalog_title":"","template_catalog_text":"","template_catalog_categories_visible":"","demo_title":"Crea tu widget de galer\u00eda de fotos","demo_caption":"\u00a1Configure su galer\u00eda de fotos y agr\u00e9guela a su sitio web Webflow gratis!","default_faq_hidden":"","app_template_category":[],"platform":"106","template_public_id":"","codecanyon_url":"","codecanyon_item_id":"","codecanyon_price":"","pricing_caption":"","pricing_elfsight_apps_hide_column":"","pricing_elfsight_apps_url":"","pricing_codecanyon_price_caption":"","integration_category":[],"integration_request_title":"","integration_request_cta":"","integration_platform":"","integrations":[],"platform_category":[],"video_schema_markup":"","price":"desde $0 por mes","trial":"","benefits":[{"text":"Instalaci\u00f3n gratuita"},{"text":"Soporte Premium"},{"text":"14 d\u00edas garant\u00eda de reembolso"},{"text":"Actualizaciones regulares"}],"button_url":"#demo","button_target_blank":"0","button_nofollow":"0","attributes":[{"name":"Responsivo","content":"Si","_state":"expanded"},{"name":"Navegadores compatibles","content":"Firefox, Safari, Opera, Chrome, Edge","_state":"expanded"}],"tags":[],"tags_disable_links":"0","hide_more_platforms":"","video_object":"","demo_hide_cta":"0","demo_hide_cloud_options":"0","pricing_title":"","pricing":[{"pricing_icon":"platform","pricing_title":" Elfsight Apps","pricing_title_caption":"Soluci\u00f3n multiplataforma - valido para cualquier p\u00e1gina web","pricing_price":"desde $0 por mes","pricing_price_caption":"empezar con un plan gratuito","pricing_benefits":[{"text":"Sitios web ilimitados"},{"text":"Atenci\u00f3n al cliente gratuita y r\u00e1pida"},{"text":"Servicio de instalaci\u00f3n gratuito"},{"text":"Totalmente personalizable"}],"pricing_button_text":"Agregar al sitio web","pricing_button_url":"#demo","_state":"expanded"}],"related_apps_title":"","related_apps_hidden":"1","author":"","image":[],"title":"","job":"","social_networks":[]},"_links":{"self":[{"href":"https:\/\/elfsight.com\/es\/wp-json\/wp\/v2\/pages\/3955","targetHints":{"allow":["GET"]}}],"collection":[{"href":"https:\/\/elfsight.com\/es\/wp-json\/wp\/v2\/pages"}],"about":[{"href":"https:\/\/elfsight.com\/es\/wp-json\/wp\/v2\/types\/page"}],"author":[{"embeddable":true,"href":"https:\/\/elfsight.com\/es\/wp-json\/wp\/v2\/users\/18"}],"replies":[{"embeddable":true,"href":"https:\/\/elfsight.com\/es\/wp-json\/wp\/v2\/comments?post=3955"}],"version-history":[{"count":3,"href":"https:\/\/elfsight.com\/es\/wp-json\/wp\/v2\/pages\/3955\/revisions"}],"predecessor-version":[{"id":18030,"href":"https:\/\/elfsight.com\/es\/wp-json\/wp\/v2\/pages\/3955\/revisions\/18030"}],"up":[{"embeddable":true,"href":"https:\/\/elfsight.com\/es\/wp-json\/wp\/v2\/pages\/1671"}],"wp:attachment":[{"href":"https:\/\/elfsight.com\/es\/wp-json\/wp\/v2\/media?parent=3955"}],"curies":[{"name":"wp","href":"https:\/\/api.w.org\/{rel}","templated":true}]}}