{"id":3953,"date":"2022-02-11T12:01:51","date_gmt":"2022-02-11T12:01:51","guid":{"rendered":"https:\/\/elfsight.com\/es\/?page_id=3953"},"modified":"2025-02-06T15:16:55","modified_gmt":"2025-02-06T15:16:55","slug":"squarespace","status":"publish","type":"page","link":"https:\/\/elfsight.com\/es\/photo-gallery-widget\/squarespace\/","title":{"rendered":"Photo Gallery &#8211; Squarespace"},"content":{"rendered":"<div class=\"application-platform-content-item-description application-platform-content-item\" id=\"description\" data-nav-section=\"description\"><h2>Incrustar Galer\u00eda de Fotos en Squarespace con el widget de Elfsight<\/h2> <p>Elfsight Gallery es la mejor manera de organizar tus im\u00e1genes o dise\u00f1ar \u00e1lbumes elegantes en tu sitio web. Sube cualquier cantidad de fotos, coloca subt\u00edtulos y selecciona la manera \u00f3ptima de colocarlas en la p\u00e1gina. Nuestro plugin incluye seis dise\u00f1os y diversas opciones de personalizaci\u00f3n. Cada foto se abre en modo emergente, los visitantes pueden navegar entre ellas, usar una presentaci\u00f3n de diapositivas, acercar o alejar y admirar las im\u00e1genes en pantalla completa. Puedes elegir los colores m\u00e1s adecuados para la interfaz del widget y agregar un fondo personalizado, cambiar la configuraci\u00f3n del texto y muchas m\u00e1s opciones de estilo. <\/p> <p><b>\u00a1Inspira a tus clientes con hermosas galer\u00edas de fotos!<\/b><br><\/p><p>Aplica nuestro plugin de Galer\u00eda de Im\u00e1genes responsive para mostrar tus ofertas m\u00e1s impresionantes o para presumir las fotos de tus productos.<\/p><p><b>Exp\u00f3n tus trabajos o productos excepcionales<\/b><br><\/p><p>Tus fotos e im\u00e1genes llamativas recibir\u00e1n m\u00e1s vistas y cautivar\u00e1n a las personas durante m\u00e1s tiempo, mejorando el compromiso general en tu sitio web.<\/p><p><b>Obt\u00e9n m\u00e1s ventas en pocos clics<\/b><br>Al mostrar tus habilidades en el widget de Foto, dejar\u00e1s a tu audiencia de tu sitio web incapaz de resistir la tentaci\u00f3n de hacer una compra, lo que aumentar\u00e1 tus ventas.<div class=\"faq\" data-component=\"FAQ\"> <div class=\"faq-item\">\r\n\t\t\t\t\t<div class=\"faq-item-question\">\r\n\t\t\t\t\t\t<h3 class=\"faq-item-question-text\">\u00bfQu\u00e9 otras herramientas para Squarespace tienes? <\/h3>\r\n\r\n\t\t\t\t\t\t<div class=\"faq-item-question-icon\"><\/div>\r\n\t\t\t\t\t<\/div>\r\n\r\n\t\t\t\t\t<div class=\"faq-item-answer\">\r\n\t\t\t\t\t\t<div class=\"faq-item-answer-text\"> <\/p><p>No hay fin para las herramientas disponibles para que realices cualquier tarea en tu sitio web. Mira algunas de ellas: <a href=\"https:\/\/elfsight.com\/qr-code-widget\/squarespace\/\">C\u00f3digo QR<\/a>, <a href=\"https:\/\/elfsight.com\/google-reviews-widget\/squarespace\/\">Rese\u00f1as de Google<\/a>, <a href=\"https:\/\/elfsight.com\/whatsapp-chat-widget\/squarespace\/\">Chat de WhatsApp<\/a>, <a href=\"https:\/\/elfsight.com\/event-calendar-widget\/squarespace\/\">Calendario de eventos<\/a>, <a href=\"https:\/\/elfsight.com\/countdown-timer-widget\/squarespace\/\">Temporizador de cuenta regresiva<\/a>.<\/p> <\/div>\r\n\t\t\t\t\t<\/div>\r\n\t\t\t\t<\/div> <div class=\"faq-item\">\r\n\t\t\t\t\t<div class=\"faq-item-question\">\r\n\t\t\t\t\t\t<h3 class=\"faq-item-question-text\">\u00bfC\u00f3mo incrusto el plugin de Galer\u00eda de Fotos en mi sitio web de Squarespace? <\/h3>\r\n\r\n\t\t\t\t\t\t<div class=\"faq-item-question-icon\"><\/div>\r\n\t\t\t\t\t<\/div>\r\n\r\n\t\t\t\t\t<div class=\"faq-item-answer\">\r\n\t\t\t\t\t\t<div class=\"faq-item-answer-text\"> <p>Puedes agregar f\u00e1cilmente el plugin de Galer\u00eda de Fotos a tu sitio de Squarespace sin preocuparte por c\u00f3mo se mostrar\u00e1n las im\u00e1genes de tu galer\u00eda: el plugin es altamente responsive. Para incrustarlo en tu sitio, simplemente abre nuestro configurador gratuito y sigue estos pasos: <\/p><ol><li>Selecciona los ajustes del tema. <\/li><li>Selecciona la parte donde deseas integrar la Galer\u00eda de Fotos. <\/li><li>Incrusta el c\u00f3digo desde el servicio de Elfsight Apps y guarda los cambios. <\/li><li>\u00a1Listo! <\/li><\/ol><p>Tambi\u00e9n puedes consultar nuestra gu\u00eda informativa sobre las caracter\u00edsticas e instalaci\u00f3n del widget <a href=\"https:\/\/elfsight.com\/tutorials\/how-to-add-photo-gallery-to-website\/#how-to-add-gallery-to-squarespace\">aqu\u00ed<\/a>.<\/p><\/div>\r\n\t\t\t\t\t<\/div>\r\n\t\t\t\t<\/div> <div class=\"faq-item\">\r\n\t\t\t\t\t<div class=\"faq-item-question\">\r\n\t\t\t\t\t\t<h3 class=\"faq-item-question-text\">\u00bfPuedo probar el widget de Galer\u00eda de Fotos de Squarespace? <\/h3>\r\n\r\n\t\t\t\t\t\t<div class=\"faq-item-question-icon\"><\/div>\r\n\t\t\t\t\t<\/div>\r\n\r\n\t\t\t\t\t<div class=\"faq-item-answer\">\r\n\t\t\t\t\t\t<div class=\"faq-item-answer-text\"> Puedes ver nuestro plugin de Galer\u00eda de Fotos para Squarespace en nuestra <a href=\"https:\/\/elfsight.com\/photo-gallery-widget\/#demo\">demo<\/a>. Y como bonificaci\u00f3n, tambi\u00e9n puedes usar la demo para agregar el plugin a tu sitio web.<\/div>\r\n\t\t\t\t\t<\/div>\r\n\t\t\t\t<\/div> <\/div><\/div> <div class=\"application-platform-content-item-features application-platform-content-item\" id=\"features\" data-nav-section=\"features\"><p><\/p><h2>Caracter\u00edsticas principales del widget Galer\u00eda de Fotos<\/h2> <p>Consulta todas las caracter\u00edsticas y ejemplos de la Galer\u00eda de Fotos para Squarespace. Puedes gestionarlas directamente en el editor y te ayudar\u00e1n a configurar el widget seg\u00fan tus necesidades. <\/p> <ul> <li>Usa llamadas a la acci\u00f3n (CTAs) para guiar a tu audiencia hacia tu objetivo. <\/li> <li>Ajusta la duraci\u00f3n del cambio de diapositivas. <\/li> <li>Elige entre varias opciones de paginaci\u00f3n. <\/li> <li>Coloca el texto en cualquier lugar de la p\u00e1gina mediante la posici\u00f3n avanzada. <\/li> <li>Ajusta 5 opciones de contenido. <\/li> <\/ul> <p><a href=\"#demo\">Consulta c\u00f3mo funcionan todas las caracter\u00edsticas en nuestra demo<\/a><\/p> <\/div> <div class=\"application-platform-content-item-installation application-platform-content-item\" id=\"installation\" data-nav-section=\"installation\"><h2>\u00bfC\u00f3mo incrustar Galer\u00eda de Fotos en mi sitio de Squarespace? <\/h2> <div class=\"video-container\"><iframe width=\"720\" height=\"405\" src=\"https:\/\/www.youtube.com\/embed\/NInaeiXPyv0\" frameborder=\"0\" allowfullscreen=\"\"><\/iframe><\/div><p>Para agregar el plugin, sigue las indicaciones a continuaci\u00f3n.<\/p> <ol><li><b>Crea tu plugin de Galer\u00eda personalizado<\/b><br> Usando nuestro editor gratuito, dise\u00f1a un widget con un dise\u00f1o y funciones personalizados. <\/li> <li><b>Copiar el c\u00f3digo individual para incrustar el plugin<\/b><br> Despu\u00e9s de personalizar tu widget, recibir\u00e1s el c\u00f3digo \u00fanico desde la ventana emergente de Elfsight Apps. Copia este c\u00f3digo. <\/li> <li><b>Incrusta el plugin en tu sitio de Squarespace<\/b><br> Encuentra el lugar donde deseas agregar el widget y pega el c\u00f3digo guardado all\u00ed. Guarda los cambios. <\/li>  <li><b>\u00a1La configuraci\u00f3n ha sido exitosa! <\/b><br> Ve al sitio para ver tu plugin. <\/li> <\/ol> <p>No dudes en comunicarte con el servicio de soporte de Elfsight si necesitas ayuda o tienes alguna pregunta. Estaremos encantados de ayudarte con cualquier consulta. <\/p> <\/div>","protected":false},"excerpt":{"rendered":"","protected":false},"author":18,"featured_media":0,"parent":1671,"menu_order":0,"comment_status":"closed","ping_status":"closed","template":"templates\/template-application-platform.php","meta":{"publish_to_discourse":"","publish_post_category":"","wpdc_auto_publish_overridden":"","wpdc_topic_tags":"","wpdc_pin_topic":"","wpdc_pin_until":"","discourse_post_id":"","discourse_permalink":"","wpdc_publishing_response":"","wpdc_publishing_error":"","footnotes":""},"class_list":["post-3953","page","type-page","status-publish","hentry"],"yoast_head":"<!-- This site is optimized with the Yoast SEO plugin v25.3.1 - https:\/\/yoast.com\/wordpress\/plugins\/seo\/ -->\n<title>Galer\u00eda de fotos - Insertar plugin de Galer\u00eda fotogr\u00e1fica al Squarespace<\/title>\n<meta name=\"description\" content=\"Incrusta un widget responsivo de Galer\u00eda de fotos en su sitio de Squarespace. Aplique la demo de Elfsight manejable y genere su plugin personalizado.\" \/>\n<meta name=\"robots\" content=\"index, follow, max-snippet:-1, max-image-preview:large, max-video-preview:-1\" \/>\n<link rel=\"canonical\" href=\"https:\/\/elfsight.com\/es\/photo-gallery-widget\/squarespace\/\" \/>\n<meta property=\"og:locale\" content=\"es_ES\" \/>\n<meta property=\"og:type\" content=\"article\" \/>\n<meta property=\"og:title\" content=\"Galer\u00eda de fotos - Insertar plugin de Galer\u00eda fotogr\u00e1fica al Squarespace\" \/>\n<meta property=\"og:description\" content=\"Incrusta un widget responsivo de Galer\u00eda de fotos en su sitio de Squarespace. Aplique la demo de Elfsight manejable y genere su plugin personalizado.\" \/>\n<meta property=\"og:url\" content=\"https:\/\/elfsight.com\/es\/photo-gallery-widget\/squarespace\/\" \/>\n<meta property=\"og:site_name\" content=\"Elfsight ES\" \/>\n<meta property=\"article:modified_time\" content=\"2025-02-06T15:16:55+00:00\" \/>\n<meta name=\"twitter:card\" content=\"summary_large_image\" \/>\n<meta name=\"twitter:label1\" content=\"Tiempo de lectura\" \/>\n\t<meta name=\"twitter:data1\" content=\"2 minutos\" \/>\n<!-- \/ Yoast SEO plugin. -->","yoast_head_json":{"title":"Galer\u00eda de fotos - Insertar plugin de Galer\u00eda fotogr\u00e1fica al Squarespace","description":"Incrusta un widget responsivo de Galer\u00eda de fotos en su sitio de Squarespace. Aplique la demo de Elfsight manejable y genere su plugin personalizado.","robots":{"index":"index","follow":"follow","max-snippet":"max-snippet:-1","max-image-preview":"max-image-preview:large","max-video-preview":"max-video-preview:-1"},"canonical":"https:\/\/elfsight.com\/es\/photo-gallery-widget\/squarespace\/","og_locale":"es_ES","og_type":"article","og_title":"Galer\u00eda de fotos - Insertar plugin de Galer\u00eda fotogr\u00e1fica al Squarespace","og_description":"Incrusta un widget responsivo de Galer\u00eda de fotos en su sitio de Squarespace. Aplique la demo de Elfsight manejable y genere su plugin personalizado.","og_url":"https:\/\/elfsight.com\/es\/photo-gallery-widget\/squarespace\/","og_site_name":"Elfsight ES","article_modified_time":"2025-02-06T15:16:55+00:00","twitter_card":"summary_large_image","twitter_misc":{"Tiempo de lectura":"2 minutos"},"schema":{"@context":"https:\/\/schema.org","@graph":[{"@type":"WebPage","@id":"https:\/\/elfsight.com\/es\/photo-gallery-widget\/squarespace\/","url":"https:\/\/elfsight.com\/es\/photo-gallery-widget\/squarespace\/","name":"Galer\u00eda de fotos - Insertar plugin de Galer\u00eda fotogr\u00e1fica al Squarespace","isPartOf":{"@id":"https:\/\/elfsight.com\/es\/#website"},"datePublished":"2022-02-11T12:01:51+00:00","dateModified":"2025-02-06T15:16:55+00:00","description":"Incrusta un widget responsivo de Galer\u00eda de fotos en su sitio de Squarespace. Aplique la demo de Elfsight manejable y genere su plugin personalizado.","breadcrumb":{"@id":"https:\/\/elfsight.com\/es\/photo-gallery-widget\/squarespace\/#breadcrumb"},"inLanguage":"es","potentialAction":[{"@type":"ReadAction","target":["https:\/\/elfsight.com\/es\/photo-gallery-widget\/squarespace\/"]}]},{"@type":"BreadcrumbList","@id":"https:\/\/elfsight.com\/es\/photo-gallery-widget\/squarespace\/#breadcrumb","itemListElement":[{"@type":"ListItem","position":1,"name":"Home","item":"https:\/\/elfsight.com\/es\/"},{"@type":"ListItem","position":2,"name":"Photo Gallery","item":"https:\/\/elfsight.com\/es\/photo-gallery-widget\/"},{"@type":"ListItem","position":3,"name":"Photo Gallery &#8211; Squarespace"}]},{"@type":"WebSite","@id":"https:\/\/elfsight.com\/es\/#website","url":"https:\/\/elfsight.com\/es\/","name":"Elfsight ES","description":"Just another Elfsight Sites site","potentialAction":[{"@type":"SearchAction","target":{"@type":"EntryPoint","urlTemplate":"https:\/\/elfsight.com\/es\/?s={search_term_string}"},"query-input":{"@type":"PropertyValueSpecification","valueRequired":true,"valueName":"search_term_string"}}],"inLanguage":"es"}]}},"meta_box":{"industry":"","seo_heading":"","heading":"","description":"","cta_heading":"","cta_description":"","application":"1670","h1":"complemento de Galer\u00eda de fotos para Squarespace","h1_caption":"Muestre sus im\u00e1genes en una galer\u00eda interactiva y personalizable que mejora el atractivo visual de su sitio web en su sitio web de Squarespace sin esfuerzo.","application_category":[],"applications_title":"","applications_request_title":"","applications_request_button_text":"","hero_text":"","hero_video":"","hero_video_schema_markup":"","selling_points_title":"","selling_points_caption":"","selling_points":[],"selling_points_cta_text":"","features_title":"","features":"","ed_cta_examples_text":"","ed_cta_examples_hidden":"","ed_cta_demo_text":"","ed_cta_demo_hidden":"","why_caption":"","why_editor_title":"","why_editor_text":"","why_team_title":"","why_team_text":"","why_service_title":"","why_service_text":"","template_catalog_visible":"","template_catalog_title":"","template_catalog_text":"","template_catalog_categories_visible":"","demo_title":"Crea tu complemento de galer\u00eda de fotos","demo_caption":"\u00a1Configura tu galer\u00eda de fotos y agr\u00e9gala a tu sitio web de Squarespace gratis!","default_faq_hidden":"","app_template_category":[],"platform":"100","template_public_id":"","codecanyon_url":"","codecanyon_item_id":"","codecanyon_price":"","pricing_caption":"","pricing_elfsight_apps_hide_column":"","pricing_elfsight_apps_url":"","pricing_codecanyon_price_caption":"","integration_category":[],"integration_request_title":"","integration_request_cta":"","integration_platform":"","integrations":[],"platform_category":[],"video_schema_markup":"","price":"desde $0 por mes","trial":"","benefits":[{"text":"Instalaci\u00f3n gratuita"},{"text":"Soporte Premium"},{"text":"14 d\u00edas garant\u00eda de reembolso"},{"text":"Actualizaciones regulares"}],"button_url":"#demo","button_target_blank":"0","button_nofollow":"0","attributes":[{"name":"Responsivo","content":"Si","_state":"expanded"},{"name":"Navegadores compatibles","content":"Firefox, Safari, Opera, Chrome, Edge","_state":"expanded"}],"tags":[],"tags_disable_links":"0","hide_more_platforms":"","video_object":"","demo_hide_cta":"0","demo_hide_cloud_options":"0","pricing_title":"","pricing":[{"pricing_icon":"platform","pricing_title":" Elfsight Apps","pricing_title_caption":"Soluci\u00f3n multiplataforma - valido para cualquier p\u00e1gina web","pricing_price":"desde $0 por mes","pricing_price_caption":"empezar con un plan gratuito","pricing_benefits":[{"text":"Sitios web ilimitados"},{"text":"Atenci\u00f3n al cliente gratuita y r\u00e1pida"},{"text":"Servicio de instalaci\u00f3n gratuito"},{"text":"Totalmente personalizable"}],"pricing_button_text":"Agregar al sitio web","pricing_button_url":"#demo","_state":"expanded"}],"related_apps_title":"","related_apps_hidden":"1","author":"","image":[],"title":"","job":"","social_networks":[]},"_links":{"self":[{"href":"https:\/\/elfsight.com\/es\/wp-json\/wp\/v2\/pages\/3953","targetHints":{"allow":["GET"]}}],"collection":[{"href":"https:\/\/elfsight.com\/es\/wp-json\/wp\/v2\/pages"}],"about":[{"href":"https:\/\/elfsight.com\/es\/wp-json\/wp\/v2\/types\/page"}],"author":[{"embeddable":true,"href":"https:\/\/elfsight.com\/es\/wp-json\/wp\/v2\/users\/18"}],"replies":[{"embeddable":true,"href":"https:\/\/elfsight.com\/es\/wp-json\/wp\/v2\/comments?post=3953"}],"version-history":[{"count":3,"href":"https:\/\/elfsight.com\/es\/wp-json\/wp\/v2\/pages\/3953\/revisions"}],"predecessor-version":[{"id":18029,"href":"https:\/\/elfsight.com\/es\/wp-json\/wp\/v2\/pages\/3953\/revisions\/18029"}],"up":[{"embeddable":true,"href":"https:\/\/elfsight.com\/es\/wp-json\/wp\/v2\/pages\/1671"}],"wp:attachment":[{"href":"https:\/\/elfsight.com\/es\/wp-json\/wp\/v2\/media?parent=3953"}],"curies":[{"name":"wp","href":"https:\/\/api.w.org\/{rel}","templated":true}]}}