{"id":3948,"date":"2022-02-11T12:02:04","date_gmt":"2022-02-11T12:02:04","guid":{"rendered":"https:\/\/elfsight.com\/es\/?page_id=3948"},"modified":"2025-02-06T15:16:55","modified_gmt":"2025-02-06T15:16:55","slug":"opencart","status":"publish","type":"page","link":"https:\/\/elfsight.com\/es\/photo-gallery-widget\/opencart\/","title":{"rendered":"Photo Gallery &#8211; OpenCart"},"content":{"rendered":"<div class=\"application-platform-content-item-description application-platform-content-item\" id=\"description\" data-nav-section=\"description\"><h2>Descripci\u00f3n<\/h2> <p>Elfsight Gallery es la forma m\u00e1s r\u00e1pida de configurar tus materiales visuales o crear \u00e1lbumes elegantes en tu sitio web. Usa cualquier cantidad de fotos, comenta sobre cada una de ellas y encuentra la mejor manera de organizarlas en la p\u00e1gina. Esta extensi\u00f3n incluye seis tipos de dise\u00f1o y una variedad de opciones de dise\u00f1o adicionales. Cada imagen se abre en una ventana emergente, los usuarios pueden navegar por ellas o ver una presentaci\u00f3n de diapositivas, hacer zoom y disfrutar de las im\u00e1genes a pantalla completa. Tienes la opci\u00f3n de encontrar colores personalizados para la interfaz del widget y agregar un fondo personalizado, variar las opciones de texto y m\u00e1s caracter\u00edsticas de estilo. <\/p> <p><b>\u00a1Impresiona a tus usuarios con maravillosas galer\u00edas de fotos!<\/b><\/p> <\/div> <div class=\"application-platform-content-item-features application-platform-content-item\" id=\"features\" data-nav-section=\"features\"><h2>Caracter\u00edsticas<\/h2> <p>Revisa todas las caracter\u00edsticas funcionales de la Galer\u00eda de Fotos para OpenCart. Puedes configurarlas directamente en el editor y te ayudar\u00e1n a crear el widget justo para tu caso de uso.<\/p> <ul> <li>Utiliza botones de CTA para guiar a los usuarios hacia la conversi\u00f3n.<\/li> <li>Ajusta la duraci\u00f3n del cambio de diapositivas.<\/li> <li>Elige entre numerosas opciones de paginaci\u00f3n.<\/li> <li>Coloca tu mensaje en cualquier parte de la p\u00e1gina con la ayuda de la posici\u00f3n avanzada.<\/li> <li>Modifica 5 opciones de contenido.<\/li> <\/ul> <p><a href=\"#demo\">Revisa c\u00f3mo funcionan todas las caracter\u00edsticas en nuestra demostraci\u00f3n<\/a><\/p> <\/div> <div class=\"application-platform-content-item-installation application-platform-content-item\" id=\"installation\" data-nav-section=\"installation\"><h2>\u00bfC\u00f3mo a\u00f1adir el m\u00f3dulo de Galer\u00eda de Fotos a OpenCart?<\/h2> <p>Solo sigue las instrucciones a continuaci\u00f3n para insertar el widget en OpenCart.<\/p> <ol><li><b>Usa nuestro editor gratuito y comienza a crear tu extensi\u00f3n personalizada.<\/b><br> Encuentra la interfaz deseada y las caracter\u00edsticas de la extensi\u00f3n y aplica los cambios.<\/li>  <li><b>Recibe tu c\u00f3digo \u00fanico mostrado en el formulario especial de Elfsight Apps.<\/b><br> Despu\u00e9s de configurar tu extensi\u00f3n de Galer\u00eda de Fotos, copia el c\u00f3digo individual que aparece en la ventana emergente y gu\u00e1rdalo para m\u00e1s tarde.<\/li>  <li><b>Comienza a usar la extensi\u00f3n en tu sitio de OpenCart.<\/b><br> A\u00f1ade el c\u00f3digo que copiaste recientemente en tu p\u00e1gina web y aplica los cambios.<\/li>  <li><b>\u00a1Listo! La integraci\u00f3n se ha realizado con \u00e9xito.<\/b><br> Visita tu p\u00e1gina para ver c\u00f3mo funciona la extensi\u00f3n.<\/li><\/ol> <p>No dudes en contactar al servicio de soporte si necesitas ayuda o tienes problemas. Estaremos encantados de ayudarte con cualquier consulta.<\/p> <div class=\"faq\" data-component=\"FAQ\"><div class=\"faq-item\">\r\n\t\t\t\t\t<div class=\"faq-item-question\">\r\n\t\t\t\t\t\t<h3 class=\"faq-item-question-text\">\u00bfC\u00f3mo puedo incrustar la Galer\u00eda de Fotos en mi OpenCart sin experiencia en codificaci\u00f3n?<\/h3>\r\n\r\n\t\t\t\t\t\t<div class=\"faq-item-question-icon\"><\/div>\r\n\t\t\t\t\t<\/div>\r\n\r\n\t\t\t\t\t<div class=\"faq-item-answer\">\r\n\t\t\t\t\t\t<div class=\"faq-item-answer-text\"> <p>La empresa Elfsight ofrece una soluci\u00f3n que permite a una amplia audiencia crear el complemento de Galer\u00eda de Fotos por s\u00ed mismos, aprende lo simple que es el proceso: Comienza a trabajar en el Editor en vivo para crear la secci\u00f3n de Galer\u00eda de Fotos que deseas agregar a tu sitio de OpenCart. Elige una de las muchas plantillas predefinidas y adapta la configuraci\u00f3n de la Galer\u00eda de Fotos, cambia el dise\u00f1o y el color de los elementos y agrega tu contenido, sin experiencia en codificaci\u00f3n. Guarda la Galer\u00eda de Fotos y obt\u00e9n el c\u00f3digo de instalaci\u00f3n, que se puede pegar f\u00e1cilmente en la p\u00e1gina web de OpenCart sin comprar un plan de pago. Con la ayuda de nuestro Configurador intuitivo, cualquier usuario de internet puede crear una aplicaci\u00f3n de Galer\u00eda de Fotos y agregarla f\u00e1cilmente al sitio de OpenCart. No es necesario adquirir una suscripci\u00f3n de pago ni revelar los datos de tu tarjeta para acceder al servicio de Elfsight. Si encuentras alg\u00fan problema en cualquier paso, no dudes en ponerte en contacto con nuestro soporte t\u00e9cnico.<\/p> <\/div>\r\n\t\t\t\t\t<\/div>\r\n\t\t\t\t<\/div> <\/div><\/div>","protected":false},"excerpt":{"rendered":"","protected":false},"author":18,"featured_media":0,"parent":1671,"menu_order":0,"comment_status":"closed","ping_status":"closed","template":"templates\/template-application-platform.php","meta":{"publish_to_discourse":"","publish_post_category":"","wpdc_auto_publish_overridden":"","wpdc_topic_tags":"","wpdc_pin_topic":"","wpdc_pin_until":"","discourse_post_id":"","discourse_permalink":"","wpdc_publishing_response":"","wpdc_publishing_error":"","footnotes":""},"class_list":["post-3948","page","type-page","status-publish","hentry"],"yoast_head":"<!-- This site is optimized with the Yoast SEO plugin v25.3.1 - https:\/\/yoast.com\/wordpress\/plugins\/seo\/ -->\n<title>Galer\u00eda de fotos - Incluir plugin de Galer\u00eda fotogr\u00e1fica al OpenCart<\/title>\n<meta name=\"description\" content=\"Incrusta un module responsivo de Galer\u00eda de fotos en su sitio de OpenCart. Pruebe la demo de Elfsight intuitiva y genere su plugin personalizado.\" \/>\n<meta name=\"robots\" content=\"index, follow, max-snippet:-1, max-image-preview:large, max-video-preview:-1\" \/>\n<link rel=\"canonical\" href=\"https:\/\/elfsight.com\/es\/photo-gallery-widget\/opencart\/\" \/>\n<meta property=\"og:locale\" content=\"es_ES\" \/>\n<meta property=\"og:type\" content=\"article\" \/>\n<meta property=\"og:title\" content=\"Galer\u00eda de fotos - Incluir plugin de Galer\u00eda fotogr\u00e1fica al OpenCart\" \/>\n<meta property=\"og:description\" content=\"Incrusta un module responsivo de Galer\u00eda de fotos en su sitio de OpenCart. Pruebe la demo de Elfsight intuitiva y genere su plugin personalizado.\" \/>\n<meta property=\"og:url\" content=\"https:\/\/elfsight.com\/es\/photo-gallery-widget\/opencart\/\" \/>\n<meta property=\"og:site_name\" content=\"Elfsight ES\" \/>\n<meta property=\"article:modified_time\" content=\"2025-02-06T15:16:55+00:00\" \/>\n<meta name=\"twitter:card\" content=\"summary_large_image\" \/>\n<meta name=\"twitter:label1\" content=\"Tiempo de lectura\" \/>\n\t<meta name=\"twitter:data1\" content=\"2 minutos\" \/>\n<!-- \/ Yoast SEO plugin. -->","yoast_head_json":{"title":"Galer\u00eda de fotos - Incluir plugin de Galer\u00eda fotogr\u00e1fica al OpenCart","description":"Incrusta un module responsivo de Galer\u00eda de fotos en su sitio de OpenCart. Pruebe la demo de Elfsight intuitiva y genere su plugin personalizado.","robots":{"index":"index","follow":"follow","max-snippet":"max-snippet:-1","max-image-preview":"max-image-preview:large","max-video-preview":"max-video-preview:-1"},"canonical":"https:\/\/elfsight.com\/es\/photo-gallery-widget\/opencart\/","og_locale":"es_ES","og_type":"article","og_title":"Galer\u00eda de fotos - Incluir plugin de Galer\u00eda fotogr\u00e1fica al OpenCart","og_description":"Incrusta un module responsivo de Galer\u00eda de fotos en su sitio de OpenCart. Pruebe la demo de Elfsight intuitiva y genere su plugin personalizado.","og_url":"https:\/\/elfsight.com\/es\/photo-gallery-widget\/opencart\/","og_site_name":"Elfsight ES","article_modified_time":"2025-02-06T15:16:55+00:00","twitter_card":"summary_large_image","twitter_misc":{"Tiempo de lectura":"2 minutos"},"schema":{"@context":"https:\/\/schema.org","@graph":[{"@type":"WebPage","@id":"https:\/\/elfsight.com\/es\/photo-gallery-widget\/opencart\/","url":"https:\/\/elfsight.com\/es\/photo-gallery-widget\/opencart\/","name":"Galer\u00eda de fotos - Incluir plugin de Galer\u00eda fotogr\u00e1fica al OpenCart","isPartOf":{"@id":"https:\/\/elfsight.com\/es\/#website"},"datePublished":"2022-02-11T12:02:04+00:00","dateModified":"2025-02-06T15:16:55+00:00","description":"Incrusta un module responsivo de Galer\u00eda de fotos en su sitio de OpenCart. Pruebe la demo de Elfsight intuitiva y genere su plugin personalizado.","breadcrumb":{"@id":"https:\/\/elfsight.com\/es\/photo-gallery-widget\/opencart\/#breadcrumb"},"inLanguage":"es","potentialAction":[{"@type":"ReadAction","target":["https:\/\/elfsight.com\/es\/photo-gallery-widget\/opencart\/"]}]},{"@type":"BreadcrumbList","@id":"https:\/\/elfsight.com\/es\/photo-gallery-widget\/opencart\/#breadcrumb","itemListElement":[{"@type":"ListItem","position":1,"name":"Home","item":"https:\/\/elfsight.com\/es\/"},{"@type":"ListItem","position":2,"name":"Photo Gallery","item":"https:\/\/elfsight.com\/es\/photo-gallery-widget\/"},{"@type":"ListItem","position":3,"name":"Photo Gallery &#8211; OpenCart"}]},{"@type":"WebSite","@id":"https:\/\/elfsight.com\/es\/#website","url":"https:\/\/elfsight.com\/es\/","name":"Elfsight ES","description":"Just another Elfsight Sites site","potentialAction":[{"@type":"SearchAction","target":{"@type":"EntryPoint","urlTemplate":"https:\/\/elfsight.com\/es\/?s={search_term_string}"},"query-input":{"@type":"PropertyValueSpecification","valueRequired":true,"valueName":"search_term_string"}}],"inLanguage":"es"}]}},"meta_box":{"industry":"","seo_heading":"","heading":"","description":"","cta_heading":"","cta_description":"","application":"1670","h1":"complemento de Galer\u00eda de fotos para OpenCart","h1_caption":"Muestre sus im\u00e1genes en una galer\u00eda interactiva y personalizable que mejora el atractivo visual de su sitio web en su sitio web Opencart sin esfuerzo.","application_category":[],"applications_title":"","applications_request_title":"","applications_request_button_text":"","hero_text":"","hero_video":"","hero_video_schema_markup":"","selling_points_title":"","selling_points_caption":"","selling_points":[],"selling_points_cta_text":"","features_title":"","features":"","ed_cta_examples_text":"","ed_cta_examples_hidden":"","ed_cta_demo_text":"","ed_cta_demo_hidden":"","why_caption":"","why_editor_title":"","why_editor_text":"","why_team_title":"","why_team_text":"","why_service_title":"","why_service_text":"","template_catalog_visible":"","template_catalog_title":"","template_catalog_text":"","template_catalog_categories_visible":"","demo_title":"Crea tu extensi\u00f3n de Galer\u00eda de fotos","demo_caption":"\u00a1Configure su galer\u00eda de fotos y agr\u00e9guela a su sitio web OpenCart gratis!","default_faq_hidden":"","app_template_category":[],"platform":"88","template_public_id":"","codecanyon_url":"","codecanyon_item_id":"","codecanyon_price":"","pricing_caption":"","pricing_elfsight_apps_hide_column":"","pricing_elfsight_apps_url":"","pricing_codecanyon_price_caption":"","integration_category":[],"integration_request_title":"","integration_request_cta":"","integration_platform":"","integrations":[],"platform_category":[],"video_schema_markup":"","price":"desde $0 por mes","trial":"","benefits":[{"text":"Instalaci\u00f3n gratuita"},{"text":"Soporte Premium"},{"text":"14 d\u00edas garant\u00eda de reembolso"},{"text":"Actualizaciones regulares"}],"button_url":"#demo","button_target_blank":"0","button_nofollow":"0","attributes":[{"name":"Responsivo","content":"Si","_state":"expanded"},{"name":"Navegadores compatibles","content":"Firefox, Safari, Opera, Chrome, Edge","_state":"expanded"}],"tags":[],"tags_disable_links":"0","hide_more_platforms":"","video_object":"","demo_hide_cta":"0","demo_hide_cloud_options":"0","pricing_title":"","pricing":[{"pricing_icon":"platform","pricing_title":" Elfsight Apps","pricing_title_caption":"Soluci\u00f3n multiplataforma - valido para cualquier p\u00e1gina web","pricing_price":"desde $0 por mes","pricing_price_caption":"empezar con un plan gratuito","pricing_benefits":[{"text":"Sitios web ilimitados"},{"text":"Atenci\u00f3n al cliente gratuita y r\u00e1pida"},{"text":"Servicio de instalaci\u00f3n gratuito"},{"text":"Totalmente personalizable"}],"pricing_button_text":"Agregar al sitio web","pricing_button_url":"#demo","_state":"expanded"}],"related_apps_title":"","related_apps_hidden":"1","author":"","image":[],"title":"","job":"","social_networks":[]},"_links":{"self":[{"href":"https:\/\/elfsight.com\/es\/wp-json\/wp\/v2\/pages\/3948","targetHints":{"allow":["GET"]}}],"collection":[{"href":"https:\/\/elfsight.com\/es\/wp-json\/wp\/v2\/pages"}],"about":[{"href":"https:\/\/elfsight.com\/es\/wp-json\/wp\/v2\/types\/page"}],"author":[{"embeddable":true,"href":"https:\/\/elfsight.com\/es\/wp-json\/wp\/v2\/users\/18"}],"replies":[{"embeddable":true,"href":"https:\/\/elfsight.com\/es\/wp-json\/wp\/v2\/comments?post=3948"}],"version-history":[{"count":3,"href":"https:\/\/elfsight.com\/es\/wp-json\/wp\/v2\/pages\/3948\/revisions"}],"predecessor-version":[{"id":18027,"href":"https:\/\/elfsight.com\/es\/wp-json\/wp\/v2\/pages\/3948\/revisions\/18027"}],"up":[{"embeddable":true,"href":"https:\/\/elfsight.com\/es\/wp-json\/wp\/v2\/pages\/1671"}],"wp:attachment":[{"href":"https:\/\/elfsight.com\/es\/wp-json\/wp\/v2\/media?parent=3948"}],"curies":[{"name":"wp","href":"https:\/\/api.w.org\/{rel}","templated":true}]}}