{"id":3947,"date":"2022-02-11T12:02:12","date_gmt":"2022-02-11T12:02:12","guid":{"rendered":"https:\/\/elfsight.com\/es\/?page_id=3947"},"modified":"2025-02-06T15:16:47","modified_gmt":"2025-02-06T15:16:47","slug":"woocommerce","status":"publish","type":"page","link":"https:\/\/elfsight.com\/es\/number-counter-widget\/woocommerce\/","title":{"rendered":"Number Counter &#8211; WooCommerce"},"content":{"rendered":"<div class=\"application-platform-content-item-description application-platform-content-item\" id=\"description\" data-nav-section=\"description\"> <h2>Descripci\u00f3n<\/h2> <p>El Contador de N\u00fameros es un complemento f\u00e1cil de usar para WooCommerce con una amplia variedad de caracter\u00edsticas. Es ideal para mostrar los excelentes resultados de tu negocio, el n\u00famero de trabajos que has realizado hasta ahora y mucho m\u00e1s. El complemento es extremadamente flexible. Tienes la libertad de crear cualquier cantidad de contadores, organizarlos en columnas, elegir iconos de nuestra biblioteca o subir los tuyos propios, hacerlos coloridos o de un solo color, a\u00f1adir t\u00edtulos para aclarar los n\u00fameros que est\u00e1s mostrando, cambiar cualquier elemento, elegir la imagen de fondo, \u00a1y eso es solo la mitad! Comienza a construir tu funci\u00f3n ahora y observa c\u00f3mo tus estad\u00edsticas comerciales clave crecen r\u00e1pidamente. <\/p> <p><b>Presume de tus logros impresionantes ante tus futuros clientes. \u00a1Aumenta la cantidad de negocios exitosos y clientes potenciales!<\/b><\/p> <\/div> <div class=\"application-platform-content-item-features application-platform-content-item\" id=\"features\" data-nav-section=\"features\"> <h2>Conoce la lista de las caracter\u00edsticas m\u00e1s \u00fatiles: <\/h2> <ul><li>Un n\u00famero ilimitado de contadores.<\/li><li>Cualquier cantidad de columnas.<\/li><li>Agregar t\u00edtulos, encabezados, prefijos y sufijos.<\/li><li>Decidir la categor\u00eda de iconos: tomarla de nuestra biblioteca o cargar tus propios iconos.<\/li><li>Agregar enlaces.<\/li><\/ul><p><a href=\"#demo\">Prueba esta demostraci\u00f3n para ver c\u00f3mo funciona<\/a><\/p> <\/div> <div class=\"application-platform-content-item-installation application-platform-content-item\" id=\"installation\" data-nav-section=\"installation\"> <h2>\u00bfC\u00f3mo incrustar el Contador de N\u00fameros en mi sitio WooCommerce? <\/h2> <p>Solo sigue las pautas a continuaci\u00f3n para incrustar el complemento. <\/p> <ol><li><b>Usa nuestra demostraci\u00f3n gratuita y comienza a crear tu herramienta personalizada.<\/b><br> Define la apariencia personalizada y las especificaciones de la herramienta y guarda los cambios. <\/li>  <li><b>Obt\u00e9n el c\u00f3digo personal que se muestra en el formulario especial de Elfsight Apps.<\/b><br> Cuando termines de configurar tu complemento, copia el c\u00f3digo exclusivo que aparece en la ventana emergente y gu\u00e1rdalo para su uso posterior. <\/li>  <li><b>Comienza a usar la herramienta en tu p\u00e1gina de WooCommerce.<\/b><br> Integra el c\u00f3digo que guardaste recientemente en tu p\u00e1gina web y guarda los cambios. <\/li>  <li><b>La instalaci\u00f3n se ha completado con \u00e9xito.<\/b><br> Visita tu p\u00e1gina para ver c\u00f3mo funciona el widget.<\/li><\/ol> <p>Si tienes preguntas o problemas, no dudes en contactar a nuestro equipo de soporte. Nuestros consultores estar\u00e1n encantados de ayudarte con cualquier dificultad que puedas tener con el complemento. <\/p> <div class=\"faq\" data-component=\"FAQ\"><div class=\"faq-item\">\r\n\t\t\t\t\t<div class=\"faq-item-question\">\r\n\t\t\t\t\t\t<h3 class=\"faq-item-question-text\">\u00bfHay alguna forma de agregar el Contador de N\u00fameros a mi sitio de WooCommerce sin habilidades de codificaci\u00f3n?<\/h3>\r\n\r\n\t\t\t\t\t\t<div class=\"faq-item-question-icon\"><\/div>\r\n\t\t\t\t\t<\/div>\r\n\r\n\t\t\t\t\t<div class=\"faq-item-answer\">\r\n\t\t\t\t\t\t<div class=\"faq-item-answer-text\"> <p>La empresa Elfsight ofrece una soluci\u00f3n que permite a una amplia audiencia crear el widget de Contador de N\u00fameros por s\u00ed mismos, descubre lo f\u00e1cil que es el proceso: Ve a la demostraci\u00f3n en vivo para generar el complemento de Contador de N\u00fameros que deseas ver en tu sitio de WooCommerce. Elige una de nuestras plantillas predefinidas y ajusta la configuraci\u00f3n del Contador de N\u00fameros, actualiza tu contenido, cambia el dise\u00f1o y color de los elementos sin experiencia en codificaci\u00f3n. Haz clic para guardar el Contador de N\u00fameros y obtener el c\u00f3digo de instalaci\u00f3n del widget, que puedes incrustar f\u00e1cilmente en la p\u00e1gina de inicio de WooCommerce de forma gratuita. Trabajando en nuestro Editor f\u00e1cil de usar, cualquier usuario de internet puede crear la secci\u00f3n del Contador de N\u00fameros y a\u00f1adirla f\u00e1cilmente a la p\u00e1gina de inicio de WooCommerce. No es necesario pagar ni ingresar los datos de tu tarjeta para acceder al Editor. Si encuentras alg\u00fan problema en cualquier paso, no dudes en ponerte en contacto con nuestro equipo de soporte.<\/p> <\/div>\r\n\t\t\t\t\t<\/div>\r\n\t\t\t\t<\/div> <\/div><\/div>","protected":false},"excerpt":{"rendered":"","protected":false},"author":18,"featured_media":0,"parent":1135,"menu_order":0,"comment_status":"closed","ping_status":"closed","template":"templates\/template-application-platform.php","meta":{"publish_to_discourse":"","publish_post_category":"","wpdc_auto_publish_overridden":"","wpdc_topic_tags":"","wpdc_pin_topic":"","wpdc_pin_until":"","discourse_post_id":"","discourse_permalink":"","wpdc_publishing_response":"","wpdc_publishing_error":"","footnotes":""},"class_list":["post-3947","page","type-page","status-publish","hentry"],"yoast_head":"<!-- This site is optimized with the Yoast SEO plugin v25.3.1 - https:\/\/yoast.com\/wordpress\/plugins\/seo\/ -->\n<title>Contador de n\u00fameros - Insertar plugin de Contador al WooCommerce<\/title>\n<meta name=\"description\" content=\"A\u00f1ade un widget responsivo de Contador de n\u00fameros en su sitio web de WooCommerce. Pruebe la demo de Elfsight f\u00e1cil de usar y cree su plugin propio.\" \/>\n<meta name=\"robots\" content=\"index, follow, max-snippet:-1, max-image-preview:large, max-video-preview:-1\" \/>\n<link rel=\"canonical\" href=\"https:\/\/elfsight.com\/es\/number-counter-widget\/woocommerce\/\" \/>\n<meta property=\"og:locale\" content=\"es_ES\" \/>\n<meta property=\"og:type\" content=\"article\" \/>\n<meta property=\"og:title\" content=\"Contador de n\u00fameros - Insertar plugin de Contador al WooCommerce\" \/>\n<meta property=\"og:description\" content=\"A\u00f1ade un widget responsivo de Contador de n\u00fameros en su sitio web de WooCommerce. Pruebe la demo de Elfsight f\u00e1cil de usar y cree su plugin propio.\" \/>\n<meta property=\"og:url\" content=\"https:\/\/elfsight.com\/es\/number-counter-widget\/woocommerce\/\" \/>\n<meta property=\"og:site_name\" content=\"Elfsight ES\" \/>\n<meta property=\"article:modified_time\" content=\"2025-02-06T15:16:47+00:00\" \/>\n<meta name=\"twitter:card\" content=\"summary_large_image\" \/>\n<meta name=\"twitter:label1\" content=\"Tiempo de lectura\" \/>\n\t<meta name=\"twitter:data1\" content=\"1 minuto\" \/>\n<!-- \/ Yoast SEO plugin. -->","yoast_head_json":{"title":"Contador de n\u00fameros - Insertar plugin de Contador al WooCommerce","description":"A\u00f1ade un widget responsivo de Contador de n\u00fameros en su sitio web de WooCommerce. Pruebe la demo de Elfsight f\u00e1cil de usar y cree su plugin propio.","robots":{"index":"index","follow":"follow","max-snippet":"max-snippet:-1","max-image-preview":"max-image-preview:large","max-video-preview":"max-video-preview:-1"},"canonical":"https:\/\/elfsight.com\/es\/number-counter-widget\/woocommerce\/","og_locale":"es_ES","og_type":"article","og_title":"Contador de n\u00fameros - Insertar plugin de Contador al WooCommerce","og_description":"A\u00f1ade un widget responsivo de Contador de n\u00fameros en su sitio web de WooCommerce. Pruebe la demo de Elfsight f\u00e1cil de usar y cree su plugin propio.","og_url":"https:\/\/elfsight.com\/es\/number-counter-widget\/woocommerce\/","og_site_name":"Elfsight ES","article_modified_time":"2025-02-06T15:16:47+00:00","twitter_card":"summary_large_image","twitter_misc":{"Tiempo de lectura":"1 minuto"},"schema":{"@context":"https:\/\/schema.org","@graph":[{"@type":"WebPage","@id":"https:\/\/elfsight.com\/es\/number-counter-widget\/woocommerce\/","url":"https:\/\/elfsight.com\/es\/number-counter-widget\/woocommerce\/","name":"Contador de n\u00fameros - Insertar plugin de Contador al WooCommerce","isPartOf":{"@id":"https:\/\/elfsight.com\/es\/#website"},"datePublished":"2022-02-11T12:02:12+00:00","dateModified":"2025-02-06T15:16:47+00:00","description":"A\u00f1ade un widget responsivo de Contador de n\u00fameros en su sitio web de WooCommerce. Pruebe la demo de Elfsight f\u00e1cil de usar y cree su plugin propio.","breadcrumb":{"@id":"https:\/\/elfsight.com\/es\/number-counter-widget\/woocommerce\/#breadcrumb"},"inLanguage":"es","potentialAction":[{"@type":"ReadAction","target":["https:\/\/elfsight.com\/es\/number-counter-widget\/woocommerce\/"]}]},{"@type":"BreadcrumbList","@id":"https:\/\/elfsight.com\/es\/number-counter-widget\/woocommerce\/#breadcrumb","itemListElement":[{"@type":"ListItem","position":1,"name":"Home","item":"https:\/\/elfsight.com\/es\/"},{"@type":"ListItem","position":2,"name":"Number Counter","item":"https:\/\/elfsight.com\/es\/number-counter-widget\/"},{"@type":"ListItem","position":3,"name":"Number Counter &#8211; WooCommerce"}]},{"@type":"WebSite","@id":"https:\/\/elfsight.com\/es\/#website","url":"https:\/\/elfsight.com\/es\/","name":"Elfsight ES","description":"Just another Elfsight Sites site","potentialAction":[{"@type":"SearchAction","target":{"@type":"EntryPoint","urlTemplate":"https:\/\/elfsight.com\/es\/?s={search_term_string}"},"query-input":{"@type":"PropertyValueSpecification","valueRequired":true,"valueName":"search_term_string"}}],"inLanguage":"es"}]}},"meta_box":{"industry":"","seo_heading":"","heading":"","description":"","cta_heading":"","cta_description":"","application":"1134","h1":"complemento de Contador de n\u00fameros para WooCommerce","h1_caption":"Muestre estad\u00edsticas e hitos clave con contadores animados para resaltar sus logros de una manera atractiva en su sitio web WooCommerce sin esfuerzo.","application_category":[],"applications_title":"","applications_request_title":"","applications_request_button_text":"","hero_text":"","hero_video":"","hero_video_schema_markup":"","selling_points_title":"","selling_points_caption":"","selling_points":[],"selling_points_cta_text":"","features_title":"","features":"","ed_cta_examples_text":"","ed_cta_examples_hidden":"","ed_cta_demo_text":"","ed_cta_demo_hidden":"","why_caption":"","why_editor_title":"","why_editor_text":"","why_team_title":"","why_team_text":"","why_service_title":"","why_service_text":"","template_catalog_visible":"","template_catalog_title":"","template_catalog_text":"","template_catalog_categories_visible":"","demo_title":"Crea tu aplicaci\u00f3n Contador de N\u00fameros","demo_caption":"\u00a1Configure su contador de n\u00fameros y agr\u00e9guelo a su sitio web WooCommerce de forma gratuita!","default_faq_hidden":"","app_template_category":[],"platform":"2311","template_public_id":"","codecanyon_url":"","codecanyon_item_id":"","codecanyon_price":"","pricing_caption":"","pricing_elfsight_apps_hide_column":"","pricing_elfsight_apps_url":"","pricing_codecanyon_price_caption":"","integration_category":[],"integration_request_title":"","integration_request_cta":"","integration_platform":"","integrations":[],"platform_category":[],"video_schema_markup":"","price":"desde $0 por mes","trial":"","benefits":[{"text":"Instalaci\u00f3n gratuita"},{"text":"Soporte Premium"},{"text":"14 d\u00edas garant\u00eda de reembolso"},{"text":"Actualizaciones regulares"}],"button_url":"#demo","button_target_blank":"0","button_nofollow":"0","attributes":[{"name":"Responsivo","content":"Si","_state":"expanded"},{"name":"Navegadores compatibles","content":"Firefox, Safari, Opera, Chrome, Edge","_state":"expanded"}],"tags":[],"tags_disable_links":"0","hide_more_platforms":"","video_object":"","demo_hide_cta":"0","demo_hide_cloud_options":"0","pricing_title":"","pricing":[{"pricing_icon":"platform","pricing_title":" Elfsight Apps","pricing_title_caption":"Soluci\u00f3n multiplataforma - valido para cualquier p\u00e1gina web","pricing_price":"desde $0 por mes","pricing_price_caption":"empezar con un plan gratuito","pricing_benefits":[{"text":"Sitios web ilimitados"},{"text":"Atenci\u00f3n al cliente gratuita y r\u00e1pida"},{"text":"Servicio de instalaci\u00f3n gratuito"},{"text":"Totalmente personalizable"}],"pricing_button_text":"Agregar al sitio web","pricing_button_url":"#demo","_state":"expanded"}],"related_apps_title":"","related_apps_hidden":"1","author":"","image":[],"title":"","job":"","social_networks":[]},"_links":{"self":[{"href":"https:\/\/elfsight.com\/es\/wp-json\/wp\/v2\/pages\/3947","targetHints":{"allow":["GET"]}}],"collection":[{"href":"https:\/\/elfsight.com\/es\/wp-json\/wp\/v2\/pages"}],"about":[{"href":"https:\/\/elfsight.com\/es\/wp-json\/wp\/v2\/types\/page"}],"author":[{"embeddable":true,"href":"https:\/\/elfsight.com\/es\/wp-json\/wp\/v2\/users\/18"}],"replies":[{"embeddable":true,"href":"https:\/\/elfsight.com\/es\/wp-json\/wp\/v2\/comments?post=3947"}],"version-history":[{"count":3,"href":"https:\/\/elfsight.com\/es\/wp-json\/wp\/v2\/pages\/3947\/revisions"}],"predecessor-version":[{"id":18026,"href":"https:\/\/elfsight.com\/es\/wp-json\/wp\/v2\/pages\/3947\/revisions\/18026"}],"up":[{"embeddable":true,"href":"https:\/\/elfsight.com\/es\/wp-json\/wp\/v2\/pages\/1135"}],"wp:attachment":[{"href":"https:\/\/elfsight.com\/es\/wp-json\/wp\/v2\/media?parent=3947"}],"curies":[{"name":"wp","href":"https:\/\/api.w.org\/{rel}","templated":true}]}}