{"id":3943,"date":"2022-02-11T12:02:22","date_gmt":"2022-02-11T12:02:22","guid":{"rendered":"https:\/\/elfsight.com\/es\/?page_id=3943"},"modified":"2025-02-06T15:16:47","modified_gmt":"2025-02-06T15:16:47","slug":"wix","status":"publish","type":"page","link":"https:\/\/elfsight.com\/es\/number-counter-widget\/wix\/","title":{"rendered":"Number Counter &#8211; Wix"},"content":{"rendered":"<div class=\"application-platform-content-item-description application-platform-content-item\" id=\"description\" data-nav-section=\"description\"> <h2>Descripci\u00f3n<\/h2> <p>The Number Counter es una aplicaci\u00f3n f\u00e1cil de usar para Wix con una amplia gama de caracter\u00edsticas. Es excelente para mostrar tus \u00edndices comerciales m\u00e1s importantes, la cantidad de trabajos realizados hasta el momento y mucho m\u00e1s. La herramienta es extremadamente flexible. Puedes crear cualquier cantidad de contadores, colocarlos en columnas, elegir \u00edconos de nuestra biblioteca o subir los tuyos propios, hacerlos multicolores o monocrom\u00e1ticos, a\u00f1adir t\u00edtulos para proporcionar informaci\u00f3n a tus usuarios, recolorear cualquier caracter\u00edstica, elegir la imagen de fondo, y mucho m\u00e1s. \u00a1Comienza a crear tu aplicaci\u00f3n ahora y observa c\u00f3mo crecen r\u00e1pidamente tus estad\u00edsticas comerciales clave!<\/p> <p><b>Presume de tus brillantes logros a tus futuros clientes. \u00a1Obt\u00e9n m\u00e1s acuerdos y clientes exitosos!<\/b><\/p> <\/div> <div class=\"application-platform-content-item-features application-platform-content-item\" id=\"features\" data-nav-section=\"features\"> <h2>El widget ofrece poderosas y f\u00e1ciles caracter\u00edsticas, algunas de ellas son:<\/h2> <ul><li>Cualquier cantidad de contadores. <\/li><li>Cantidad ilimitada de columnas. <\/li><li>Adjuntar t\u00edtulos, encabezados, prefijos y sufijos. <\/li><li>Elegir la categor\u00eda de iconos: tomarla de nuestra biblioteca o subir las tuyas personalizadas. <\/li><li>Adjuntar enlaces. <\/li><\/ul><p><a href=\"#demo\">Puedes probar todas las capacidades de la aplicaci\u00f3n en la demostraci\u00f3n a continuaci\u00f3n<\/a><\/p><div class=\"faq\" data-component=\"FAQ\"><div class=\"faq-item\">\r\n\t\t\t\t\t<div class=\"faq-item-question\">\r\n\t\t\t\t\t\t<h3 class=\"faq-item-question-text\">\u00bfC\u00f3mo agregar el widget animado de Contador de N\u00fameros a Wix?<\/h3>\r\n\r\n\t\t\t\t\t\t<div class=\"faq-item-question-icon\"><\/div>\r\n\t\t\t\t\t<\/div>\r\n\r\n\t\t\t\t\t<div class=\"faq-item-answer\">\r\n\t\t\t\t\t\t<div class=\"faq-item-answer-text\"><p>Agregarlo al sitio web toma 90 segundos. Adem\u00e1s, no necesitas tener conocimientos de programaci\u00f3n. <\/p><ol><li>Personaliza el widget para Wix en el configurador gratuito y observa las modificaciones en vivo. <\/li>  <li>Obt\u00e9n tu c\u00f3digo de instalaci\u00f3n personal. <\/li>  <li>Incrusta el c\u00f3digo en el lugar necesario en el backend de tu sitio Wix. <\/li>  <li>\u00a1Eso es todo! \u00a1La configuraci\u00f3n del plugin de contador de n\u00fameros en Wix se ha completado!<\/li><\/ol><p>\u00bfTienes problemas para insertar el plugin en Wix o formatear el Contador de N\u00fameros? Puedes descubrir la gu\u00eda completa <a href=\"https:\/\/elfsight.com\/tutorials\/how-to-add-number-counter-to-website\/#how-to-add-number-counter-to-wix\">en esta p\u00e1gina<\/a>. <\/p><\/div>\r\n\t\t\t\t\t<\/div>\r\n\t\t\t\t<\/div><div class=\"faq-item\">\r\n\t\t\t\t\t<div class=\"faq-item-question\">\r\n\t\t\t\t\t\t<h3 class=\"faq-item-question-text\">\u00bfPuedo ver c\u00f3mo se ver\u00e1 el widget en el sitio?<\/h3>\r\n\r\n\t\t\t\t\t\t<div class=\"faq-item-question-icon\"><\/div>\r\n\t\t\t\t\t<\/div>\r\n\r\n\t\t\t\t\t<div class=\"faq-item-answer\">\r\n\t\t\t\t\t\t<div class=\"faq-item-answer-text\"><p>\u00a1Definitivamente! Cuando formes el widget del contador de n\u00fameros de Wix en el <a href=\"https:\/\/elfsight.com\/number-counter-widget\/#demo\">constructor en l\u00ednea gratuito<\/a>, ver\u00e1s todas las modificaciones en la parte derecha de \u00e9l. El contador se ver\u00e1 exactamente igual al que agregar\u00e1s al sitio Wix. <\/p><\/div>\r\n\t\t\t\t\t<\/div>\r\n\t\t\t\t<\/div><div class=\"faq-item\">\r\n\t\t\t\t\t<div class=\"faq-item-question\">\r\n\t\t\t\t\t\t<h3 class=\"faq-item-question-text\">\u00bfQu\u00e9 otros widgets son necesarios para un sitio Wix?<\/h3>\r\n\r\n\t\t\t\t\t\t<div class=\"faq-item-question-icon\"><\/div>\r\n\t\t\t\t\t<\/div>\r\n\r\n\t\t\t\t\t<div class=\"faq-item-answer\">\r\n\t\t\t\t\t\t<div class=\"faq-item-answer-text\"><p>Wix te permite agregar tantos widgets como desees. Sin embargo, si necesitas m\u00e1s herramientas sencillas para tu sitio web, encontrar\u00e1s todo lo que necesitas en Elfsight.<\/p><p>Por ejemplo, hay un <a href=\"https:\/\/elfsight.com\/pdf-embed-widget\/wix\/\">widget de PDF Embed<\/a> ideal para instrucciones y documentos oficiales, <a href=\"https:\/\/elfsight.com\/instagram-feed-instashow\/wix\/\">Instagram Feed<\/a> &#8211; para hermosas galer\u00edas de fotos de Instagram directamente en tu sitio web, <a href=\"https:\/\/elfsight.com\/google-reviews-widget\/wix\/\">Google Reviews<\/a> &#8211; para testimonios de Google. <a href=\"https:\/\/elfsight.com\/whatsapp-chat-widget\/wix\/\">WhatsApp Chat<\/a> facilita la comunicaci\u00f3n con los clientes a trav\u00e9s del mensajero m\u00e1s popular, y el <a href=\"https:\/\/elfsight.com\/popup-widget\/wix\/\">Popup widget<\/a> se puede usar para colocar notificaciones importantes y mensajes en las p\u00e1ginas web.<\/p><\/div>\r\n\t\t\t\t\t<\/div>\r\n\t\t\t\t<\/div><\/div> <\/div> <div class=\"application-platform-content-item-installation application-platform-content-item\" id=\"installation\" data-nav-section=\"installation\"> <h2>\u00bfC\u00f3mo agrego el Contador de N\u00fameros a mi p\u00e1gina web de Wix? <\/h2> <div class=\"video-container\"><iframe width=\"720\" height=\"405\" src=\"https:\/\/www.youtube.com\/embed\/h7BmNnfQ16U\" frameborder=\"0\" allowfullscreen=\"\"><\/iframe><\/div><p>Solo sigue las instrucciones a continuaci\u00f3n para empezar a usar la aplicaci\u00f3n. <\/p> <ol><li><b>Usa nuestra demostraci\u00f3n gratuita y comienza a crear tu aplicaci\u00f3n personalizada. <\/b><br> Elige la interfaz y los aspectos preferidos de la herramienta y guarda los cambios.<\/li>  <li><b>Copia tu c\u00f3digo individual que se muestra en la ventana de Elfsight Apps. <\/b><br> Despu\u00e9s de configurar tu herramienta personal, copia el c\u00f3digo individual en la ventana emergente y gu\u00e1rdalo para futuras ocasiones.<\/li>  <li><b>Comienza a usar el plugin en tu p\u00e1gina de Wix. <\/b><br> Coloca el c\u00f3digo copiado anteriormente en tu sitio web y aplica los ajustes.<\/li>  <li><b>\u00a1Listo! La configuraci\u00f3n se ha completado con \u00e9xito. <\/b><br> Ve a tu sitio para ver el rendimiento del widget. <\/li><\/ol> <p>Si tienes preguntas o encuentras alg\u00fan obst\u00e1culo, no dudes en ponerte en contacto con nuestro personal de soporte. Estaremos encantados de resolver todas las preguntas que puedas tener con el producto. <\/p> <\/div>","protected":false},"excerpt":{"rendered":"","protected":false},"author":18,"featured_media":0,"parent":1135,"menu_order":0,"comment_status":"closed","ping_status":"closed","template":"templates\/template-application-platform.php","meta":{"publish_to_discourse":"","publish_post_category":"","wpdc_auto_publish_overridden":"","wpdc_topic_tags":"","wpdc_pin_topic":"","wpdc_pin_until":"","discourse_post_id":"","discourse_permalink":"","wpdc_publishing_response":"","wpdc_publishing_error":"","footnotes":""},"class_list":["post-3943","page","type-page","status-publish","hentry"],"yoast_head":"<!-- This site is optimized with the Yoast SEO plugin v25.3.1 - https:\/\/yoast.com\/wordpress\/plugins\/seo\/ -->\n<title>Contador de n\u00fameros - Incrustar plugin de Contador al Wix<\/title>\n<meta name=\"description\" content=\"A\u00f1ade un widget hermoso de Contador de n\u00fameros en su sitio web de Wix. Use la demo de Elfsight intuitiva y genere su plugin propio.\" \/>\n<meta name=\"robots\" content=\"index, follow, max-snippet:-1, max-image-preview:large, max-video-preview:-1\" \/>\n<link rel=\"canonical\" href=\"https:\/\/elfsight.com\/es\/number-counter-widget\/wix\/\" \/>\n<meta property=\"og:locale\" content=\"es_ES\" \/>\n<meta property=\"og:type\" content=\"article\" \/>\n<meta property=\"og:title\" content=\"Contador de n\u00fameros - Incrustar plugin de Contador al Wix\" \/>\n<meta property=\"og:description\" content=\"A\u00f1ade un widget hermoso de Contador de n\u00fameros en su sitio web de Wix. Use la demo de Elfsight intuitiva y genere su plugin propio.\" \/>\n<meta property=\"og:url\" content=\"https:\/\/elfsight.com\/es\/number-counter-widget\/wix\/\" \/>\n<meta property=\"og:site_name\" content=\"Elfsight ES\" \/>\n<meta property=\"article:modified_time\" content=\"2025-02-06T15:16:47+00:00\" \/>\n<meta name=\"twitter:card\" content=\"summary_large_image\" \/>\n<meta name=\"twitter:label1\" content=\"Tiempo de lectura\" \/>\n\t<meta name=\"twitter:data1\" content=\"1 minuto\" \/>\n<!-- \/ Yoast SEO plugin. -->","yoast_head_json":{"title":"Contador de n\u00fameros - Incrustar plugin de Contador al Wix","description":"A\u00f1ade un widget hermoso de Contador de n\u00fameros en su sitio web de Wix. Use la demo de Elfsight intuitiva y genere su plugin propio.","robots":{"index":"index","follow":"follow","max-snippet":"max-snippet:-1","max-image-preview":"max-image-preview:large","max-video-preview":"max-video-preview:-1"},"canonical":"https:\/\/elfsight.com\/es\/number-counter-widget\/wix\/","og_locale":"es_ES","og_type":"article","og_title":"Contador de n\u00fameros - Incrustar plugin de Contador al Wix","og_description":"A\u00f1ade un widget hermoso de Contador de n\u00fameros en su sitio web de Wix. Use la demo de Elfsight intuitiva y genere su plugin propio.","og_url":"https:\/\/elfsight.com\/es\/number-counter-widget\/wix\/","og_site_name":"Elfsight ES","article_modified_time":"2025-02-06T15:16:47+00:00","twitter_card":"summary_large_image","twitter_misc":{"Tiempo de lectura":"1 minuto"},"schema":{"@context":"https:\/\/schema.org","@graph":[{"@type":"WebPage","@id":"https:\/\/elfsight.com\/es\/number-counter-widget\/wix\/","url":"https:\/\/elfsight.com\/es\/number-counter-widget\/wix\/","name":"Contador de n\u00fameros - Incrustar plugin de Contador al Wix","isPartOf":{"@id":"https:\/\/elfsight.com\/es\/#website"},"datePublished":"2022-02-11T12:02:22+00:00","dateModified":"2025-02-06T15:16:47+00:00","description":"A\u00f1ade un widget hermoso de Contador de n\u00fameros en su sitio web de Wix. Use la demo de Elfsight intuitiva y genere su plugin propio.","breadcrumb":{"@id":"https:\/\/elfsight.com\/es\/number-counter-widget\/wix\/#breadcrumb"},"inLanguage":"es","potentialAction":[{"@type":"ReadAction","target":["https:\/\/elfsight.com\/es\/number-counter-widget\/wix\/"]}]},{"@type":"BreadcrumbList","@id":"https:\/\/elfsight.com\/es\/number-counter-widget\/wix\/#breadcrumb","itemListElement":[{"@type":"ListItem","position":1,"name":"Home","item":"https:\/\/elfsight.com\/es\/"},{"@type":"ListItem","position":2,"name":"Number Counter","item":"https:\/\/elfsight.com\/es\/number-counter-widget\/"},{"@type":"ListItem","position":3,"name":"Number Counter &#8211; Wix"}]},{"@type":"WebSite","@id":"https:\/\/elfsight.com\/es\/#website","url":"https:\/\/elfsight.com\/es\/","name":"Elfsight ES","description":"Just another Elfsight Sites site","potentialAction":[{"@type":"SearchAction","target":{"@type":"EntryPoint","urlTemplate":"https:\/\/elfsight.com\/es\/?s={search_term_string}"},"query-input":{"@type":"PropertyValueSpecification","valueRequired":true,"valueName":"search_term_string"}}],"inLanguage":"es"}]}},"meta_box":{"industry":"","seo_heading":"","heading":"","description":"","cta_heading":"","cta_description":"","application":"1134","h1":"plugin de Contador de n\u00fameros para Wix","h1_caption":"Muestra estad\u00edsticas e hitos clave con contadores animados para resaltar tus logros de una manera atractiva en tu sitio web Wix sin esfuerzo.","application_category":[],"applications_title":"","applications_request_title":"","applications_request_button_text":"","hero_text":"","hero_video":"","hero_video_schema_markup":"","selling_points_title":"","selling_points_caption":"","selling_points":[],"selling_points_cta_text":"","features_title":"","features":"","ed_cta_examples_text":"","ed_cta_examples_hidden":"","ed_cta_demo_text":"","ed_cta_demo_hidden":"","why_caption":"","why_editor_title":"","why_editor_text":"","why_team_title":"","why_team_text":"","why_service_title":"","why_service_text":"","template_catalog_visible":"","template_catalog_title":"","template_catalog_text":"","template_catalog_categories_visible":"","demo_title":"Crea tu aplicaci\u00f3n Contador de N\u00fameros","demo_caption":"\u00a1Configura tu contador de n\u00fameros y agr\u00e9galo a tu sitio web Wix gratis!","default_faq_hidden":"","app_template_category":[],"platform":"112","template_public_id":"","codecanyon_url":"","codecanyon_item_id":"","codecanyon_price":"","pricing_caption":"","pricing_elfsight_apps_hide_column":"","pricing_elfsight_apps_url":"","pricing_codecanyon_price_caption":"","integration_category":[],"integration_request_title":"","integration_request_cta":"","integration_platform":"","integrations":[],"platform_category":[],"video_schema_markup":"","price":"desde $0 por mes","trial":"","benefits":[{"text":"Instalaci\u00f3n gratuita"},{"text":"Soporte Premium"},{"text":"14 d\u00edas garant\u00eda de reembolso"},{"text":"Actualizaciones regulares"}],"button_url":"#demo","button_target_blank":"0","button_nofollow":"0","attributes":[{"name":"Responsivo","content":"Si","_state":"expanded"},{"name":"Navegadores compatibles","content":"Firefox, Safari, Opera, Chrome, Edge","_state":"expanded"}],"tags":[],"tags_disable_links":"0","hide_more_platforms":"","video_object":"","demo_hide_cta":"0","demo_hide_cloud_options":"0","pricing_title":"","pricing":[{"pricing_icon":"platform","pricing_title":" Elfsight Apps","pricing_title_caption":"Soluci\u00f3n multiplataforma - valido para cualquier p\u00e1gina web","pricing_price":"desde $0 por mes","pricing_price_caption":"empezar con un plan gratuito","pricing_benefits":[{"text":"Sitios web ilimitados"},{"text":"Atenci\u00f3n al cliente gratuita y r\u00e1pida"},{"text":"Servicio de instalaci\u00f3n gratuito"},{"text":"Totalmente personalizable"}],"pricing_button_text":"Agregar al sitio web","pricing_button_url":"#demo","_state":"expanded"}],"related_apps_title":"","related_apps_hidden":"1","author":"","image":[],"title":"","job":"","social_networks":[]},"_links":{"self":[{"href":"https:\/\/elfsight.com\/es\/wp-json\/wp\/v2\/pages\/3943","targetHints":{"allow":["GET"]}}],"collection":[{"href":"https:\/\/elfsight.com\/es\/wp-json\/wp\/v2\/pages"}],"about":[{"href":"https:\/\/elfsight.com\/es\/wp-json\/wp\/v2\/types\/page"}],"author":[{"embeddable":true,"href":"https:\/\/elfsight.com\/es\/wp-json\/wp\/v2\/users\/18"}],"replies":[{"embeddable":true,"href":"https:\/\/elfsight.com\/es\/wp-json\/wp\/v2\/comments?post=3943"}],"version-history":[{"count":3,"href":"https:\/\/elfsight.com\/es\/wp-json\/wp\/v2\/pages\/3943\/revisions"}],"predecessor-version":[{"id":18024,"href":"https:\/\/elfsight.com\/es\/wp-json\/wp\/v2\/pages\/3943\/revisions\/18024"}],"up":[{"embeddable":true,"href":"https:\/\/elfsight.com\/es\/wp-json\/wp\/v2\/pages\/1135"}],"wp:attachment":[{"href":"https:\/\/elfsight.com\/es\/wp-json\/wp\/v2\/media?parent=3943"}],"curies":[{"name":"wp","href":"https:\/\/api.w.org\/{rel}","templated":true}]}}