{"id":3940,"date":"2022-02-11T12:02:27","date_gmt":"2022-02-11T12:02:27","guid":{"rendered":"https:\/\/elfsight.com\/es\/?page_id=3940"},"modified":"2025-02-06T15:16:47","modified_gmt":"2025-02-06T15:16:47","slug":"magento","status":"publish","type":"page","link":"https:\/\/elfsight.com\/es\/photo-gallery-widget\/magento\/","title":{"rendered":"Photo Gallery &#8211; Magento"},"content":{"rendered":"<div class=\"application-platform-content-item-description application-platform-content-item\" id=\"description\" data-nav-section=\"description\"><h2>Descripci\u00f3n<\/h2> <p>Elfsight Gallery es la mejor manera de recopilar tus visuales o crear \u00e1lbumes brillantes en tu sitio web. Carga cualquier cantidad de fotos, coloca comentarios y selecciona la forma \u00f3ptima de ubicarlas en la p\u00e1gina. Esta extensi\u00f3n ofrece 6 variantes de dise\u00f1o y varias opciones adicionales de dise\u00f1o. Cada foto puede verse en modo popup, los usuarios pueden desplazarse por ellas o ver un pase de diapositivas, hacer zoom y disfrutar de las fotos a pantalla completa. Puedes elegir colores personalizados para los elementos del widget, a\u00f1adir un fondo personalizado, cambiar la configuraci\u00f3n de texto y m\u00e1s oportunidades de estilo. <\/p> <p><b>Crea una colecci\u00f3n de fotos que no te puedes perder!<\/b><\/p> <p><b>Destaca lo que tiene significado<\/b><br>Utiliza la extensi\u00f3n de Galer\u00eda de Im\u00e1genes responsiva para mostrar tus ofertas m\u00e1s interesantes o para mostrar fotos incre\u00edbles de tus productos.<\/p><p><b>Demuestra tus mejores trabajos o productos<\/b><br>Tus fotos e im\u00e1genes cautivadoras atraer\u00e1n m\u00e1s visitas y mantendr\u00e1n a los usuarios ocupados por m\u00e1s tiempo, aumentando el nivel general de compromiso en tu sitio.<\/b><p><b>Logra m\u00e1s ventas en unos pocos clics<\/b><br>Al mostrar tus habilidades con el plugin de Foto, har\u00e1s que los visitantes de tu sitio web no puedan resistirse a realizar una compra, lo que aumentar\u00e1 tus ventas.<\/b><\/div> <div class=\"faq\" data-component=\"FAQ\"><div class=\"faq-item\">\r\n\t\t\t\t\t<div class=\"faq-item-question\">\r\n\t\t\t\t\t\t<h3 class=\"faq-item-question-text\">\u00bfC\u00f3mo incrusto una Galer\u00eda de Fotos en mi sitio Magento? <\/h3>\r\n\r\n\t\t\t\t\t\t<div class=\"faq-item-question-icon\"><\/div>\r\n\t\t\t\t\t<\/div>\r\n\r\n\t\t\t\t\t<div class=\"faq-item-answer\">\r\n\t\t\t\t\t\t<div class=\"faq-item-answer-text\"><p>La creaci\u00f3n del widget se realiza dentro del sitio de Elfsight y no necesitas aprender a programar. Abre la demostraci\u00f3n en vivo para personalizar tu propio widget, obtener el c\u00f3digo y pegarlo en tu sitio.<\/p><\/div>\r\n\t\t\t\t\t<\/div>\r\n\t\t\t\t<\/div><div class=\"faq-item\">\r\n\t\t\t\t\t<div class=\"faq-item-question\">\r\n\t\t\t\t\t\t<h3 class=\"faq-item-question-text\">Los mejores ejemplos de uso de integraci\u00f3n de galer\u00eda de im\u00e1genes responsiva<\/h3>\r\n\r\n\t\t\t\t\t\t<div class=\"faq-item-question-icon\"><\/div>\r\n\t\t\t\t\t<\/div>\r\n\r\n\t\t\t\t\t<div class=\"faq-item-answer\">\r\n\t\t\t\t\t\t<div class=\"faq-item-answer-text\"><p>Tenemos muchas opciones de personalizaci\u00f3n: widgets a gran escala para insertar en la zona de contenido, widgets flotantes para la funci\u00f3n de desplazamiento, dise\u00f1os para el pie de p\u00e1gina de tu sitio web, encabezado y todas las variaciones de posibilidades verticales para las barras laterales y men\u00fas del sitio web.<\/p><\/div>\r\n\t\t\t\t\t<\/div>\r\n\t\t\t\t<\/div><div class=\"faq-item\">\r\n\t\t\t\t\t<div class=\"faq-item-question\">\r\n\t\t\t\t\t\t<h3 class=\"faq-item-question-text\">\u00bfC\u00f3mo construyo una galer\u00eda de fotos de sesi\u00f3n o fotos de productos con la ayuda del editor? <\/h3>\r\n\r\n\t\t\t\t\t\t<div class=\"faq-item-question-icon\"><\/div>\r\n\t\t\t\t\t<\/div>\r\n\r\n\t\t\t\t\t<div class=\"faq-item-answer\">\r\n\t\t\t\t\t\t<div class=\"faq-item-answer-text\"><p>Puedes crear cualquier variaci\u00f3n de widget. Hay una amplia gama de dise\u00f1os a tu disposici\u00f3n en el editor, y todos ellos se pueden ajustar f\u00e1cilmente seg\u00fan lo necesites.<\/p><\/div>\r\n\t\t\t\t\t<\/div>\r\n\t\t\t\t<\/div><\/div><div class=\"application-platform-content-item-features application-platform-content-item\" id=\"features\" data-nav-section=\"features\"><h2>Caracter\u00edsticas<\/h2> <p>Consulta una lista de todas las caracter\u00edsticas funcionales de la Galer\u00eda de Fotos para Magento. Est\u00e1n disponibles directamente en el editor y te ayudar\u00e1n a configurar el widget exactamente para tu caso de uso.<\/p> <ul> <li>Agrega llamadas a la acci\u00f3n (CTAs) para guiar a tu audiencia hacia la conversi\u00f3n. <\/li> <li>Regula la duraci\u00f3n del cambio de diapositivas. <\/li> <li>Elige entre varias variantes de paginaci\u00f3n. <\/li> <li>Coloca tu contenido en cualquier parte de la p\u00e1gina mediante una posici\u00f3n avanzada. <\/li> <li>Ajusta cinco opciones de contenido. <\/li> <\/ul> <p><a href=\"#demo\">Ve c\u00f3mo funcionan todas las caracter\u00edsticas en nuestra demostraci\u00f3n<\/a><\/p> <\/div> <div class=\"application-platform-content-item-installation application-platform-content-item\" id=\"installation\" data-nav-section=\"installation\"><h2>\u00bfC\u00f3mo agregar la extensi\u00f3n de Galer\u00eda de Fotos a Magento?<\/h2> <p>Solo sigue los pasos descritos a continuaci\u00f3n para incrustar la extensi\u00f3n de Galer\u00eda de Fotos en Magento.<\/p> <ol><li><b>Utiliza nuestro editor gratuito y comienza a crear tu herramienta personalizada. <\/b><br> Elige la interfaz deseada y las caracter\u00edsticas del widget y aplica los cambios.<\/li>  <li><b>Obt\u00e9n tu c\u00f3digo individual que aparecer\u00e1 en la ventana de Elfsight Apps. <\/b><br> Despu\u00e9s de configurar tu herramienta personal, copia el c\u00f3digo exclusivo de la ventana que aparece y gu\u00e1rdalo para su uso futuro.<\/li>  <li><b>Comienza a usar la extensi\u00f3n en tu sitio Magento. <\/b><br> Inserta el c\u00f3digo copiado anteriormente en la p\u00e1gina de inicio y guarda los cambios.<\/li>  <li><b>\u00a1Listo! La integraci\u00f3n se ha completado con \u00e9xito. <\/b><br> Ve a tu p\u00e1gina para ver el rendimiento del widget.<\/li><\/ol><p>No dudes en ponerte en contacto con el servicio de atenci\u00f3n al cliente de Elfsight si necesitas ayuda o tienes preguntas. Estaremos encantados de ayudarte con cualquier consulta.<\/p> <\/div>","protected":false},"excerpt":{"rendered":"","protected":false},"author":18,"featured_media":0,"parent":1671,"menu_order":0,"comment_status":"closed","ping_status":"closed","template":"templates\/template-application-platform.php","meta":{"publish_to_discourse":"","publish_post_category":"","wpdc_auto_publish_overridden":"","wpdc_topic_tags":"","wpdc_pin_topic":"","wpdc_pin_until":"","discourse_post_id":"","discourse_permalink":"","wpdc_publishing_response":"","wpdc_publishing_error":"","footnotes":""},"class_list":["post-3940","page","type-page","status-publish","hentry"],"yoast_head":"<!-- This site is optimized with the Yoast SEO plugin v25.3.1 - https:\/\/yoast.com\/wordpress\/plugins\/seo\/ -->\n<title>Galer\u00eda de fotos - Insertar plugin de Galer\u00eda fotogr\u00e1fica al Magento<\/title>\n<meta name=\"description\" content=\"Instala un extention interactivo de Galer\u00eda de fotos en su sitio de Magento. Lance la demo de Elfsight intuitiva y genere su plugin personalizado.\" \/>\n<meta name=\"robots\" content=\"index, follow, max-snippet:-1, max-image-preview:large, max-video-preview:-1\" \/>\n<link rel=\"canonical\" href=\"https:\/\/elfsight.com\/es\/photo-gallery-widget\/magento\/\" \/>\n<meta property=\"og:locale\" content=\"es_ES\" \/>\n<meta property=\"og:type\" content=\"article\" \/>\n<meta property=\"og:title\" content=\"Galer\u00eda de fotos - Insertar plugin de Galer\u00eda fotogr\u00e1fica al Magento\" \/>\n<meta property=\"og:description\" content=\"Instala un extention interactivo de Galer\u00eda de fotos en su sitio de Magento. Lance la demo de Elfsight intuitiva y genere su plugin personalizado.\" \/>\n<meta property=\"og:url\" content=\"https:\/\/elfsight.com\/es\/photo-gallery-widget\/magento\/\" \/>\n<meta property=\"og:site_name\" content=\"Elfsight ES\" \/>\n<meta property=\"article:modified_time\" content=\"2025-02-06T15:16:47+00:00\" \/>\n<meta name=\"twitter:card\" content=\"summary_large_image\" \/>\n<meta name=\"twitter:label1\" content=\"Tiempo de lectura\" \/>\n\t<meta name=\"twitter:data1\" content=\"1 minuto\" \/>\n<!-- \/ Yoast SEO plugin. -->","yoast_head_json":{"title":"Galer\u00eda de fotos - Insertar plugin de Galer\u00eda fotogr\u00e1fica al Magento","description":"Instala un extention interactivo de Galer\u00eda de fotos en su sitio de Magento. Lance la demo de Elfsight intuitiva y genere su plugin personalizado.","robots":{"index":"index","follow":"follow","max-snippet":"max-snippet:-1","max-image-preview":"max-image-preview:large","max-video-preview":"max-video-preview:-1"},"canonical":"https:\/\/elfsight.com\/es\/photo-gallery-widget\/magento\/","og_locale":"es_ES","og_type":"article","og_title":"Galer\u00eda de fotos - Insertar plugin de Galer\u00eda fotogr\u00e1fica al Magento","og_description":"Instala un extention interactivo de Galer\u00eda de fotos en su sitio de Magento. Lance la demo de Elfsight intuitiva y genere su plugin personalizado.","og_url":"https:\/\/elfsight.com\/es\/photo-gallery-widget\/magento\/","og_site_name":"Elfsight ES","article_modified_time":"2025-02-06T15:16:47+00:00","twitter_card":"summary_large_image","twitter_misc":{"Tiempo de lectura":"1 minuto"},"schema":{"@context":"https:\/\/schema.org","@graph":[{"@type":"WebPage","@id":"https:\/\/elfsight.com\/es\/photo-gallery-widget\/magento\/","url":"https:\/\/elfsight.com\/es\/photo-gallery-widget\/magento\/","name":"Galer\u00eda de fotos - Insertar plugin de Galer\u00eda fotogr\u00e1fica al Magento","isPartOf":{"@id":"https:\/\/elfsight.com\/es\/#website"},"datePublished":"2022-02-11T12:02:27+00:00","dateModified":"2025-02-06T15:16:47+00:00","description":"Instala un extention interactivo de Galer\u00eda de fotos en su sitio de Magento. Lance la demo de Elfsight intuitiva y genere su plugin personalizado.","breadcrumb":{"@id":"https:\/\/elfsight.com\/es\/photo-gallery-widget\/magento\/#breadcrumb"},"inLanguage":"es","potentialAction":[{"@type":"ReadAction","target":["https:\/\/elfsight.com\/es\/photo-gallery-widget\/magento\/"]}]},{"@type":"BreadcrumbList","@id":"https:\/\/elfsight.com\/es\/photo-gallery-widget\/magento\/#breadcrumb","itemListElement":[{"@type":"ListItem","position":1,"name":"Home","item":"https:\/\/elfsight.com\/es\/"},{"@type":"ListItem","position":2,"name":"Photo Gallery","item":"https:\/\/elfsight.com\/es\/photo-gallery-widget\/"},{"@type":"ListItem","position":3,"name":"Photo Gallery &#8211; Magento"}]},{"@type":"WebSite","@id":"https:\/\/elfsight.com\/es\/#website","url":"https:\/\/elfsight.com\/es\/","name":"Elfsight ES","description":"Just another Elfsight Sites site","potentialAction":[{"@type":"SearchAction","target":{"@type":"EntryPoint","urlTemplate":"https:\/\/elfsight.com\/es\/?s={search_term_string}"},"query-input":{"@type":"PropertyValueSpecification","valueRequired":true,"valueName":"search_term_string"}}],"inLanguage":"es"}]}},"meta_box":{"industry":"","seo_heading":"","heading":"","description":"","cta_heading":"","cta_description":"","application":"1670","h1":"complemento de Galer\u00eda de fotos para Magento","h1_caption":"Muestre sus im\u00e1genes en una galer\u00eda interactiva y personalizable que mejora el atractivo visual de su sitio web en su sitio web Magento sin esfuerzo.","application_category":[],"applications_title":"","applications_request_title":"","applications_request_button_text":"","hero_text":"","hero_video":"","hero_video_schema_markup":"","selling_points_title":"","selling_points_caption":"","selling_points":[],"selling_points_cta_text":"","features_title":"","features":"","ed_cta_examples_text":"","ed_cta_examples_hidden":"","ed_cta_demo_text":"","ed_cta_demo_hidden":"","why_caption":"","why_editor_title":"","why_editor_text":"","why_team_title":"","why_team_text":"","why_service_title":"","why_service_text":"","template_catalog_visible":"","template_catalog_title":"","template_catalog_text":"","template_catalog_categories_visible":"","demo_title":"Crea tu extensi\u00f3n de Galer\u00eda de fotos","demo_caption":"\u00a1Configure su galer\u00eda de fotos y agr\u00e9guela a su sitio web Magento gratis!","default_faq_hidden":"","app_template_category":[],"platform":"82","template_public_id":"","codecanyon_url":"","codecanyon_item_id":"","codecanyon_price":"","pricing_caption":"","pricing_elfsight_apps_hide_column":"","pricing_elfsight_apps_url":"","pricing_codecanyon_price_caption":"","integration_category":[],"integration_request_title":"","integration_request_cta":"","integration_platform":"","integrations":[],"platform_category":[],"video_schema_markup":"","price":"desde $0 por mes","trial":"","benefits":[{"text":"Instalaci\u00f3n gratuita"},{"text":"Soporte Premium"},{"text":"14 d\u00edas garant\u00eda de reembolso"},{"text":"Actualizaciones regulares"}],"button_url":"#demo","button_target_blank":"0","button_nofollow":"0","attributes":[{"name":"Responsivo","content":"Si","_state":"expanded"},{"name":"Navegadores compatibles","content":"Firefox, Safari, Opera, Chrome, Edge","_state":"expanded"}],"tags":[],"tags_disable_links":"0","hide_more_platforms":"","video_object":"","demo_hide_cta":"0","demo_hide_cloud_options":"0","pricing_title":"","pricing":[{"pricing_icon":"platform","pricing_title":" Elfsight Apps","pricing_title_caption":"Soluci\u00f3n multiplataforma - valido para cualquier p\u00e1gina web","pricing_price":"desde $0 por mes","pricing_price_caption":"empezar con un plan gratuito","pricing_benefits":[{"text":"Sitios web ilimitados"},{"text":"Atenci\u00f3n al cliente gratuita y r\u00e1pida"},{"text":"Servicio de instalaci\u00f3n gratuito"},{"text":"Totalmente personalizable"}],"pricing_button_text":"Agregar al sitio web","pricing_button_url":"#demo","_state":"expanded"}],"related_apps_title":"","related_apps_hidden":"1","author":"","image":[],"title":"","job":"","social_networks":[]},"_links":{"self":[{"href":"https:\/\/elfsight.com\/es\/wp-json\/wp\/v2\/pages\/3940","targetHints":{"allow":["GET"]}}],"collection":[{"href":"https:\/\/elfsight.com\/es\/wp-json\/wp\/v2\/pages"}],"about":[{"href":"https:\/\/elfsight.com\/es\/wp-json\/wp\/v2\/types\/page"}],"author":[{"embeddable":true,"href":"https:\/\/elfsight.com\/es\/wp-json\/wp\/v2\/users\/18"}],"replies":[{"embeddable":true,"href":"https:\/\/elfsight.com\/es\/wp-json\/wp\/v2\/comments?post=3940"}],"version-history":[{"count":3,"href":"https:\/\/elfsight.com\/es\/wp-json\/wp\/v2\/pages\/3940\/revisions"}],"predecessor-version":[{"id":18023,"href":"https:\/\/elfsight.com\/es\/wp-json\/wp\/v2\/pages\/3940\/revisions\/18023"}],"up":[{"embeddable":true,"href":"https:\/\/elfsight.com\/es\/wp-json\/wp\/v2\/pages\/1671"}],"wp:attachment":[{"href":"https:\/\/elfsight.com\/es\/wp-json\/wp\/v2\/media?parent=3940"}],"curies":[{"name":"wp","href":"https:\/\/api.w.org\/{rel}","templated":true}]}}