{"id":3932,"date":"2022-02-11T12:02:49","date_gmt":"2022-02-11T12:02:49","guid":{"rendered":"https:\/\/elfsight.com\/es\/?page_id=3932"},"modified":"2025-02-06T15:16:39","modified_gmt":"2025-02-06T15:16:39","slug":"webnode","status":"publish","type":"page","link":"https:\/\/elfsight.com\/es\/number-counter-widget\/webnode\/","title":{"rendered":"Number Counter &#8211; Webnode"},"content":{"rendered":"<div class=\"application-platform-content-item-description application-platform-content-item\" id=\"description\" data-nav-section=\"description\"> <h2>Descripci\u00f3n<\/h2> <p>El Contador de N\u00fameros es una herramienta f\u00e1cil de usar para Webnode con una amplia variedad de opciones. Es una excelente caracter\u00edstica para mostrar las estad\u00edsticas sobresalientes de tu negocio, la cantidad de trabajos que has realizado y mucho m\u00e1s. El widget es extremadamente personalizable. Si\u00e9ntete libre de agregar cualquier n\u00famero de contadores, organizarlos en columnas, elegir iconos de nuestra biblioteca o cargar los tuyos propios, hacerlos multicolores o monocrom\u00e1ticos, agregar subt\u00edtulos para aclarar los n\u00fameros que est\u00e1s mostrando, cambiar cualquier caracter\u00edstica, elegir la imagen de fondo, y eso no es ni la mitad. \u00a1Comienza a construir tu caracter\u00edstica ahora y ver\u00e1s c\u00f3mo tus estad\u00edsticas de negocio crecen r\u00e1pidamente!<\/p> <p><b>Presume tus logros maravillosos a tus posibles clientes. \u00a1Obt\u00e9n m\u00e1s acuerdos exitosos y clientes potenciales!<\/b><\/p> <\/div> <div class=\"application-platform-content-item-features application-platform-content-item\" id=\"features\" data-nav-section=\"features\"> <h2>Encuentra abajo las caracter\u00edsticas principales del widget:<\/h2> <ul><li>N\u00famero ilimitado de contadores.<\/li><li>Cualquier n\u00famero de columnas.<\/li><li>Adjuntar subt\u00edtulos, encabezados, prefijos y sufijos.<\/li><li>Decide el tipo de icono: cons\u00edguelo de nuestra biblioteca o carga tu propio icono personalizado.<\/li><li>Agregar enlaces.<\/li><\/ul><p><a href=\"#demo\">Puedes explorar toda la funcionalidad del widget en la demo de abajo<\/a><\/p> <\/div> <div class=\"application-platform-content-item-installation application-platform-content-item\" id=\"installation\" data-nav-section=\"installation\"> <h2>\u00bfC\u00f3mo a\u00f1adir el Contador de N\u00fameros en mi p\u00e1gina de Webnode?<\/h2> <p>Solo aplica las instrucciones a continuaci\u00f3n para incrustar la herramienta.<\/p> <ol><li><b>Usando nuestro configurador gratuito, comienza a dar forma a tu herramienta personalizada.<\/b><br> Encuentra el dise\u00f1o y los par\u00e1metros seleccionados de la herramienta y guarda las modificaciones.<\/li>  <li><b>Recibe el c\u00f3digo \u00fanico que se muestra en el formulario especial de Elfsight Apps.<\/b><br> Tan pronto como se termine la configuraci\u00f3n de tu widget personal, copia el c\u00f3digo individual en la ventana emergente que aparecer\u00e1 y gu\u00e1rdalo para usarlo m\u00e1s tarde.<\/li>  <li><b>Comienza a aplicar la herramienta en la p\u00e1gina de inicio de Webnode.<\/b><br> Inserta el c\u00f3digo que guardaste recientemente en tu p\u00e1gina web y guarda los cambios.<\/li>  <li><b>La configuraci\u00f3n est\u00e1 completamente realizada.<\/b><br> Visita tu sitio web para revisar el funcionamiento del plugin.<\/li><\/ol> <p>Si tienes alguna dificultad, no dudes en ponerte en contacto con nuestro equipo de soporte. Nuestros consultores estar\u00e1n encantados de ayudarte con todas las preguntas que puedas tener sobre la herramienta.<\/p> <div class=\"faq\" data-component=\"FAQ\"><div class=\"faq-item\">\r\n\t\t\t\t\t<div class=\"faq-item-question\">\r\n\t\t\t\t\t\t<h3 class=\"faq-item-question-text\">\u00bfDe qu\u00e9 manera puedo incrustar el Contador de N\u00fameros en mi p\u00e1gina de inicio de Webnode sin conocimientos de programaci\u00f3n?<\/h3>\r\n\r\n\t\t\t\t\t\t<div class=\"faq-item-question-icon\"><\/div>\r\n\t\t\t\t\t<\/div>\r\n\r\n\t\t\t\t\t<div class=\"faq-item-answer\">\r\n\t\t\t\t\t\t<div class=\"faq-item-answer-text\"> <p>La empresa Elfsight ofrece una soluci\u00f3n en la nube que permite a los usuarios crear un widget de Contador de N\u00fameros por s\u00ed mismos. Mira lo sencillo que es el proceso: Trabaja en el Editor en vivo para formar un plugin de Contador de N\u00fameros que te gustar\u00eda que apareciera en tu sitio web de Webnode. Elige una de las plantillas predise\u00f1adas y ajusta la configuraci\u00f3n del Contador de N\u00fameros, cambia el dise\u00f1o y el color de los elementos y actualiza tu contenido, sin necesidad de experiencia en programaci\u00f3n. Guarda la configuraci\u00f3n que has hecho del Contador de N\u00fameros y obt\u00e9n el c\u00f3digo para la instalaci\u00f3n, que puede ser f\u00e1cilmente incrustado en la p\u00e1gina web de Webnode de forma gratuita. Trabajando en el Editor f\u00e1cil de usar, cualquier usuario de internet puede crear un plugin de Contador de N\u00fameros e incrustarlo f\u00e1cilmente en su sitio web de Webnode. No es necesario pagar ni proporcionar los datos de tu tarjeta para acceder a nuestro Editor. Si encuentras alg\u00fan problema en cualquier paso, no dudes en ponerte en contacto con nuestro soporte al cliente.<\/p> <\/div>\r\n\t\t\t\t\t<\/div>\r\n\t\t\t\t<\/div> <\/div><\/div>","protected":false},"excerpt":{"rendered":"","protected":false},"author":18,"featured_media":0,"parent":1135,"menu_order":0,"comment_status":"closed","ping_status":"closed","template":"templates\/template-application-platform.php","meta":{"publish_to_discourse":"","publish_post_category":"","wpdc_auto_publish_overridden":"","wpdc_topic_tags":"","wpdc_pin_topic":"","wpdc_pin_until":"","discourse_post_id":"","discourse_permalink":"","wpdc_publishing_response":"","wpdc_publishing_error":"","footnotes":""},"class_list":["post-3932","page","type-page","status-publish","hentry"],"yoast_head":"<!-- This site is optimized with the Yoast SEO plugin v25.3.1 - https:\/\/yoast.com\/wordpress\/plugins\/seo\/ -->\n<title>Contador de n\u00fameros - Agregar plugin de Contador al Webnode<\/title>\n<meta name=\"description\" content=\"Instala un widget responsivo de Contador de n\u00fameros en su sitio de Webnode. Use la demo de Elfsight f\u00e1cil de usar y construe su plugin \u00fanico.\" \/>\n<meta name=\"robots\" content=\"index, follow, max-snippet:-1, max-image-preview:large, max-video-preview:-1\" \/>\n<link rel=\"canonical\" href=\"https:\/\/elfsight.com\/es\/number-counter-widget\/webnode\/\" \/>\n<meta property=\"og:locale\" content=\"es_ES\" \/>\n<meta property=\"og:type\" content=\"article\" \/>\n<meta property=\"og:title\" content=\"Contador de n\u00fameros - Agregar plugin de Contador al Webnode\" \/>\n<meta property=\"og:description\" content=\"Instala un widget responsivo de Contador de n\u00fameros en su sitio de Webnode. Use la demo de Elfsight f\u00e1cil de usar y construe su plugin \u00fanico.\" \/>\n<meta property=\"og:url\" content=\"https:\/\/elfsight.com\/es\/number-counter-widget\/webnode\/\" \/>\n<meta property=\"og:site_name\" content=\"Elfsight ES\" \/>\n<meta property=\"article:modified_time\" content=\"2025-02-06T15:16:39+00:00\" \/>\n<meta name=\"twitter:card\" content=\"summary_large_image\" \/>\n<meta name=\"twitter:label1\" content=\"Tiempo de lectura\" \/>\n\t<meta name=\"twitter:data1\" content=\"1 minuto\" \/>\n<!-- \/ Yoast SEO plugin. -->","yoast_head_json":{"title":"Contador de n\u00fameros - Agregar plugin de Contador al Webnode","description":"Instala un widget responsivo de Contador de n\u00fameros en su sitio de Webnode. Use la demo de Elfsight f\u00e1cil de usar y construe su plugin \u00fanico.","robots":{"index":"index","follow":"follow","max-snippet":"max-snippet:-1","max-image-preview":"max-image-preview:large","max-video-preview":"max-video-preview:-1"},"canonical":"https:\/\/elfsight.com\/es\/number-counter-widget\/webnode\/","og_locale":"es_ES","og_type":"article","og_title":"Contador de n\u00fameros - Agregar plugin de Contador al Webnode","og_description":"Instala un widget responsivo de Contador de n\u00fameros en su sitio de Webnode. Use la demo de Elfsight f\u00e1cil de usar y construe su plugin \u00fanico.","og_url":"https:\/\/elfsight.com\/es\/number-counter-widget\/webnode\/","og_site_name":"Elfsight ES","article_modified_time":"2025-02-06T15:16:39+00:00","twitter_card":"summary_large_image","twitter_misc":{"Tiempo de lectura":"1 minuto"},"schema":{"@context":"https:\/\/schema.org","@graph":[{"@type":"WebPage","@id":"https:\/\/elfsight.com\/es\/number-counter-widget\/webnode\/","url":"https:\/\/elfsight.com\/es\/number-counter-widget\/webnode\/","name":"Contador de n\u00fameros - Agregar plugin de Contador al Webnode","isPartOf":{"@id":"https:\/\/elfsight.com\/es\/#website"},"datePublished":"2022-02-11T12:02:49+00:00","dateModified":"2025-02-06T15:16:39+00:00","description":"Instala un widget responsivo de Contador de n\u00fameros en su sitio de Webnode. Use la demo de Elfsight f\u00e1cil de usar y construe su plugin \u00fanico.","breadcrumb":{"@id":"https:\/\/elfsight.com\/es\/number-counter-widget\/webnode\/#breadcrumb"},"inLanguage":"es","potentialAction":[{"@type":"ReadAction","target":["https:\/\/elfsight.com\/es\/number-counter-widget\/webnode\/"]}]},{"@type":"BreadcrumbList","@id":"https:\/\/elfsight.com\/es\/number-counter-widget\/webnode\/#breadcrumb","itemListElement":[{"@type":"ListItem","position":1,"name":"Home","item":"https:\/\/elfsight.com\/es\/"},{"@type":"ListItem","position":2,"name":"Number Counter","item":"https:\/\/elfsight.com\/es\/number-counter-widget\/"},{"@type":"ListItem","position":3,"name":"Number Counter &#8211; Webnode"}]},{"@type":"WebSite","@id":"https:\/\/elfsight.com\/es\/#website","url":"https:\/\/elfsight.com\/es\/","name":"Elfsight ES","description":"Just another Elfsight Sites site","potentialAction":[{"@type":"SearchAction","target":{"@type":"EntryPoint","urlTemplate":"https:\/\/elfsight.com\/es\/?s={search_term_string}"},"query-input":{"@type":"PropertyValueSpecification","valueRequired":true,"valueName":"search_term_string"}}],"inLanguage":"es"}]}},"meta_box":{"industry":"","seo_heading":"","heading":"","description":"","cta_heading":"","cta_description":"","application":"1134","h1":"plugin de Contador de n\u00fameros para Webnode","h1_caption":"Muestra estad\u00edsticas e hitos clave con contadores animados para resaltar tus logros de una manera atractiva en tu sitio web Webnode sin esfuerzo.","application_category":[],"applications_title":"","applications_request_title":"","applications_request_button_text":"","hero_text":"","hero_video":"","hero_video_schema_markup":"","selling_points_title":"","selling_points_caption":"","selling_points":[],"selling_points_cta_text":"","features_title":"","features":"","ed_cta_examples_text":"","ed_cta_examples_hidden":"","ed_cta_demo_text":"","ed_cta_demo_hidden":"","why_caption":"","why_editor_title":"","why_editor_text":"","why_team_title":"","why_team_text":"","why_service_title":"","why_service_text":"","template_catalog_visible":"","template_catalog_title":"","template_catalog_text":"","template_catalog_categories_visible":"","demo_title":"Crea tu widget de contador de n\u00fameros","demo_caption":"\u00a1Configura tu Contador de N\u00fameros y a\u00f1\u00e1delo a tu sitio web Webnode gratis!","default_faq_hidden":"","app_template_category":[],"platform":"2302","template_public_id":"","codecanyon_url":"","codecanyon_item_id":"","codecanyon_price":"","pricing_caption":"","pricing_elfsight_apps_hide_column":"","pricing_elfsight_apps_url":"","pricing_codecanyon_price_caption":"","integration_category":[],"integration_request_title":"","integration_request_cta":"","integration_platform":"","integrations":[],"platform_category":[],"video_schema_markup":"","price":"desde $0 por mes","trial":"","benefits":[{"text":"Instalaci\u00f3n gratuita"},{"text":"Soporte Premium"},{"text":"14 d\u00edas garant\u00eda de reembolso"},{"text":"Actualizaciones regulares"}],"button_url":"#demo","button_target_blank":"0","button_nofollow":"0","attributes":[{"name":"Responsivo","content":"Si","_state":"expanded"},{"name":"Navegadores compatibles","content":"Firefox, Safari, Opera, Chrome, Edge","_state":"expanded"}],"tags":[],"tags_disable_links":"0","hide_more_platforms":"","video_object":"","demo_hide_cta":"0","demo_hide_cloud_options":"0","pricing_title":"","pricing":[{"pricing_icon":"platform","pricing_title":" Elfsight Apps","pricing_title_caption":"Soluci\u00f3n multiplataforma - valido para cualquier p\u00e1gina web","pricing_price":"desde $0 por mes","pricing_price_caption":"empezar con un plan gratuito","pricing_benefits":[{"text":"Sitios web ilimitados"},{"text":"Atenci\u00f3n al cliente gratuita y r\u00e1pida"},{"text":"Servicio de instalaci\u00f3n gratuito"},{"text":"Totalmente personalizable"}],"pricing_button_text":"Agregar al sitio web","pricing_button_url":"#demo","_state":"expanded"}],"related_apps_title":"","related_apps_hidden":"1","author":"","image":[],"title":"","job":"","social_networks":[]},"_links":{"self":[{"href":"https:\/\/elfsight.com\/es\/wp-json\/wp\/v2\/pages\/3932","targetHints":{"allow":["GET"]}}],"collection":[{"href":"https:\/\/elfsight.com\/es\/wp-json\/wp\/v2\/pages"}],"about":[{"href":"https:\/\/elfsight.com\/es\/wp-json\/wp\/v2\/types\/page"}],"author":[{"embeddable":true,"href":"https:\/\/elfsight.com\/es\/wp-json\/wp\/v2\/users\/18"}],"replies":[{"embeddable":true,"href":"https:\/\/elfsight.com\/es\/wp-json\/wp\/v2\/comments?post=3932"}],"version-history":[{"count":3,"href":"https:\/\/elfsight.com\/es\/wp-json\/wp\/v2\/pages\/3932\/revisions"}],"predecessor-version":[{"id":18019,"href":"https:\/\/elfsight.com\/es\/wp-json\/wp\/v2\/pages\/3932\/revisions\/18019"}],"up":[{"embeddable":true,"href":"https:\/\/elfsight.com\/es\/wp-json\/wp\/v2\/pages\/1135"}],"wp:attachment":[{"href":"https:\/\/elfsight.com\/es\/wp-json\/wp\/v2\/media?parent=3932"}],"curies":[{"name":"wp","href":"https:\/\/api.w.org\/{rel}","templated":true}]}}