{"id":3928,"date":"2022-02-11T12:04:02","date_gmt":"2022-02-11T12:04:02","guid":{"rendered":"https:\/\/elfsight.com\/es\/?page_id=3928"},"modified":"2025-02-06T15:16:32","modified_gmt":"2025-02-06T15:16:32","slug":"jquery","status":"publish","type":"page","link":"https:\/\/elfsight.com\/es\/photo-gallery-widget\/jquery\/","title":{"rendered":"Photo Gallery &#8211; jQuery"},"content":{"rendered":"<div class=\"application-platform-content-item-description application-platform-content-item\" id=\"description\" data-nav-section=\"description\"><h2>Descripci\u00f3n<\/h2> <p>Elfsight Gallery es la forma m\u00e1s r\u00e1pida de organizar fotos o crear \u00e1lbumes espl\u00e9ndidos en tu sitio web. Agrega cualquier cantidad de fotos, escribe descripciones y encuentra la manera \u00f3ptima de ubicarlas en la p\u00e1gina. Nuestro plugin responsivo ofrece 6 tipos de dise\u00f1o y otras opciones de estilo. Cada imagen aparece en una ventana emergente, las personas pueden deslizarse a trav\u00e9s de ellas o ver una presentaci\u00f3n de diapositivas, hacer zoom y ver las im\u00e1genes en pantalla completa. Tienes la opci\u00f3n de elegir colores para la interfaz del widget y agregar un fondo \u00fanico, cambiar configuraciones de texto y m\u00e1s caracter\u00edsticas de estilo.<\/p> <p><b>\u00a1Genera galer\u00edas de fotos que no se pueden pasar por alto!<\/b><\/p> <p><b>Destaca lo que realmente importa<\/b><br>Aplica el plugin de Galer\u00eda de Im\u00e1genes responsiva para presentar tus ofertas m\u00e1s interesantes o para presumir tus fotos de productos.<\/p><p><b>Presenta tus obras o productos excepcionales<\/b><br>Tus fotos e im\u00e1genes notorias atraer\u00e1n m\u00e1s visitas y mantendr\u00e1n a las personas m\u00e1s tiempo, aumentando el compromiso en el sitio.<\/b><p><b>Logra m\u00e1s ventas en 1-2-3<\/b><br>Al mostrar tu conocimiento a trav\u00e9s del widget de Foto, tus visitantes no podr\u00e1n rechazar hacer una compra, lo que aumentar\u00e1 tus ventas.<\/b><\/div> <div class=\"application-platform-content-item-features application-platform-content-item\" id=\"features\" data-nav-section=\"features\"><h2>Caracter\u00edsticas<\/h2> <p>Mira todas las caracter\u00edsticas funcionales de la Galer\u00eda de Fotos para jQuery. Puedes configurarlas directamente en el editor y te ayudar\u00e1n a construir el plugin adecuado para tu caso de uso. <\/p> <ul> <li>Usa llamados a la acci\u00f3n (CTAs) para guiar a los visitantes del sitio hacia la conversi\u00f3n. <\/li> <li>Personaliza la duraci\u00f3n del cambio de diapositivas. <\/li> <li>Elige entre muchas opciones de paginaci\u00f3n. <\/li> <li>Ubica tu texto donde quieras en la p\u00e1gina con la ayuda de una posici\u00f3n avanzada. <\/li> <li>Ajusta 5 funciones de contenido. <\/li> <\/ul> <p><a href=\"#demo\">Prueba todas las dem\u00e1s funciones en la demostraci\u00f3n<\/a><\/p> <\/div> <div class=\"faq\" data-component=\"FAQ\"><div class=\"faq-item\">\r\n\t\t\t\t\t<div class=\"faq-item-question\">\r\n\t\t\t\t\t\t<h3 class=\"faq-item-question-text\">\u00bfC\u00f3mo puedo integrar una Galer\u00eda de Fotos en mi sitio jQuery? <\/h3>\r\n\r\n\t\t\t\t\t\t<div class=\"faq-item-question-icon\"><\/div>\r\n\t\t\t\t\t<\/div>\r\n\r\n\t\t\t\t\t<div class=\"faq-item-answer\">\r\n\t\t\t\t\t\t<div class=\"faq-item-answer-text\"><p>La creaci\u00f3n de la herramienta ocurre dentro del sitio de Elfsight y no es necesario aprender a programar. Usa nuestra demostraci\u00f3n en vivo para personalizar tu herramienta, obtener el c\u00f3digo e insertarlo en tu sitio.<\/p><\/div>\r\n\t\t\t\t\t<\/div>\r\n\t\t\t\t<\/div><div class=\"faq-item\">\r\n\t\t\t\t\t<div class=\"faq-item-question\">\r\n\t\t\t\t\t\t<h3 class=\"faq-item-question-text\">Los mejores ejemplos de uso de integraci\u00f3n del widget de Galer\u00eda<\/h3>\r\n\r\n\t\t\t\t\t\t<div class=\"faq-item-question-icon\"><\/div>\r\n\t\t\t\t\t<\/div>\r\n\r\n\t\t\t\t\t<div class=\"faq-item-answer\">\r\n\t\t\t\t\t\t<div class=\"faq-item-answer-text\"><p>Te ofrecemos muchas opciones de personalizaci\u00f3n: widgets de longitud completa para incrustar en el \u00e1rea de contenido, plugins flotantes para la funci\u00f3n de desplazamiento, miniaturas para el pie de p\u00e1gina de tu sitio web, secci\u00f3n de encabezado y todas las variaciones de opciones verticales para las barras laterales y men\u00fas del sitio web.<\/p><\/div>\r\n\t\t\t\t\t<\/div>\r\n\t\t\t\t<\/div><div class=\"faq-item\">\r\n\t\t\t\t\t<div class=\"faq-item-question\">\r\n\t\t\t\t\t\t<h3 class=\"faq-item-question-text\">\u00bfC\u00f3mo creo una galer\u00eda de productos responsiva o un deslizador de fotos con la ayuda de tu editor? <\/h3>\r\n\r\n\t\t\t\t\t\t<div class=\"faq-item-question-icon\"><\/div>\r\n\t\t\t\t\t<\/div>\r\n\r\n\t\t\t\t\t<div class=\"faq-item-answer\">\r\n\t\t\t\t\t\t<div class=\"faq-item-answer-text\"><p>Puedes crear cualquier alteraci\u00f3n del widget. Hay muchos dise\u00f1os a tu disposici\u00f3n en el editor, y todos ellos pueden ajustarse f\u00e1cilmente seg\u00fan lo que necesites.<\/p><\/div>\r\n\t\t\t\t\t<\/div>\r\n\t\t\t\t<\/div><\/div><div class=\"application-platform-content-item-installation application-platform-content-item\" id=\"installation\" data-nav-section=\"installation\"><h2>\u00bfC\u00f3mo agregar el plugin de Galer\u00eda de Fotos a un sitio jQuery?<\/h2> <p>Para introducir el widget, simplemente realiza unos pocos pasos r\u00e1pidos.<\/p> <ol><li><b>Genera tu plugin de Galer\u00eda personal<\/b><br> Con la ayuda de nuestro editor gratuito, configura un widget con el dise\u00f1o y las caracter\u00edsticas funcionales que prefieras.<\/li> <li><b>Obt\u00e9n el c\u00f3digo individual para incrustar el plugin<\/b><br> Despu\u00e9s de configurar tu widget, recibir\u00e1s el c\u00f3digo de instalaci\u00f3n en una ventana emergente en Elfsight Apps. C\u00f3pialo.<\/li> <li><b>Integra el plugin en tu sitio jQuery<\/b><br> Elige el \u00e1rea en la que deseas mostrar el widget y pega el c\u00f3digo copiado all\u00ed. Publica los cambios.<\/li> <li><b>\u00a1Has completado la instalaci\u00f3n con \u00e9xito!<\/b><br> Visita tu tienda para ver tu plugin.<\/li> <\/ol> <p>No dudes en ponerte en contacto con nuestro servicio de soporte si necesitas ayuda o tienes alguna pregunta. Estaremos encantados de ayudarte con cualquier solicitud.<\/p> <\/div>","protected":false},"excerpt":{"rendered":"","protected":false},"author":18,"featured_media":0,"parent":1671,"menu_order":0,"comment_status":"closed","ping_status":"closed","template":"templates\/template-application-platform.php","meta":{"publish_to_discourse":"","publish_post_category":"","wpdc_auto_publish_overridden":"","wpdc_topic_tags":"","wpdc_pin_topic":"","wpdc_pin_until":"","discourse_post_id":"","discourse_permalink":"","wpdc_publishing_response":"","wpdc_publishing_error":"","footnotes":""},"class_list":["post-3928","page","type-page","status-publish","hentry"],"yoast_head":"<!-- This site is optimized with the Yoast SEO plugin v25.3.1 - https:\/\/yoast.com\/wordpress\/plugins\/seo\/ -->\n<title>Galer\u00eda de fotos - Empotrar widget de Galer\u00eda fotogr\u00e1fica al jQuery<\/title>\n<meta name=\"description\" content=\"Incrusta un widget interactivo de Galer\u00eda de fotos en su p\u00e1gina web de jQuery. Pruebe la demo de Elfsight f\u00e1cil de usar y genere su widget \u00fanico.\" \/>\n<meta name=\"robots\" content=\"index, follow, max-snippet:-1, max-image-preview:large, max-video-preview:-1\" \/>\n<link rel=\"canonical\" href=\"https:\/\/elfsight.com\/es\/photo-gallery-widget\/jquery\/\" \/>\n<meta property=\"og:locale\" content=\"es_ES\" \/>\n<meta property=\"og:type\" content=\"article\" \/>\n<meta property=\"og:title\" content=\"Galer\u00eda de fotos - Empotrar widget de Galer\u00eda fotogr\u00e1fica al jQuery\" \/>\n<meta property=\"og:description\" content=\"Incrusta un widget interactivo de Galer\u00eda de fotos en su p\u00e1gina web de jQuery. Pruebe la demo de Elfsight f\u00e1cil de usar y genere su widget \u00fanico.\" \/>\n<meta property=\"og:url\" content=\"https:\/\/elfsight.com\/es\/photo-gallery-widget\/jquery\/\" \/>\n<meta property=\"og:site_name\" content=\"Elfsight ES\" \/>\n<meta property=\"article:modified_time\" content=\"2025-02-06T15:16:32+00:00\" \/>\n<meta name=\"twitter:card\" content=\"summary_large_image\" \/>\n<meta name=\"twitter:label1\" content=\"Tiempo de lectura\" \/>\n\t<meta name=\"twitter:data1\" content=\"2 minutos\" \/>\n<!-- \/ Yoast SEO plugin. -->","yoast_head_json":{"title":"Galer\u00eda de fotos - Empotrar widget de Galer\u00eda fotogr\u00e1fica al jQuery","description":"Incrusta un widget interactivo de Galer\u00eda de fotos en su p\u00e1gina web de jQuery. Pruebe la demo de Elfsight f\u00e1cil de usar y genere su widget \u00fanico.","robots":{"index":"index","follow":"follow","max-snippet":"max-snippet:-1","max-image-preview":"max-image-preview:large","max-video-preview":"max-video-preview:-1"},"canonical":"https:\/\/elfsight.com\/es\/photo-gallery-widget\/jquery\/","og_locale":"es_ES","og_type":"article","og_title":"Galer\u00eda de fotos - Empotrar widget de Galer\u00eda fotogr\u00e1fica al jQuery","og_description":"Incrusta un widget interactivo de Galer\u00eda de fotos en su p\u00e1gina web de jQuery. Pruebe la demo de Elfsight f\u00e1cil de usar y genere su widget \u00fanico.","og_url":"https:\/\/elfsight.com\/es\/photo-gallery-widget\/jquery\/","og_site_name":"Elfsight ES","article_modified_time":"2025-02-06T15:16:32+00:00","twitter_card":"summary_large_image","twitter_misc":{"Tiempo de lectura":"2 minutos"},"schema":{"@context":"https:\/\/schema.org","@graph":[{"@type":"WebPage","@id":"https:\/\/elfsight.com\/es\/photo-gallery-widget\/jquery\/","url":"https:\/\/elfsight.com\/es\/photo-gallery-widget\/jquery\/","name":"Galer\u00eda de fotos - Empotrar widget de Galer\u00eda fotogr\u00e1fica al jQuery","isPartOf":{"@id":"https:\/\/elfsight.com\/es\/#website"},"datePublished":"2022-02-11T12:04:02+00:00","dateModified":"2025-02-06T15:16:32+00:00","description":"Incrusta un widget interactivo de Galer\u00eda de fotos en su p\u00e1gina web de jQuery. Pruebe la demo de Elfsight f\u00e1cil de usar y genere su widget \u00fanico.","breadcrumb":{"@id":"https:\/\/elfsight.com\/es\/photo-gallery-widget\/jquery\/#breadcrumb"},"inLanguage":"es","potentialAction":[{"@type":"ReadAction","target":["https:\/\/elfsight.com\/es\/photo-gallery-widget\/jquery\/"]}]},{"@type":"BreadcrumbList","@id":"https:\/\/elfsight.com\/es\/photo-gallery-widget\/jquery\/#breadcrumb","itemListElement":[{"@type":"ListItem","position":1,"name":"Home","item":"https:\/\/elfsight.com\/es\/"},{"@type":"ListItem","position":2,"name":"Photo Gallery","item":"https:\/\/elfsight.com\/es\/photo-gallery-widget\/"},{"@type":"ListItem","position":3,"name":"Photo Gallery &#8211; jQuery"}]},{"@type":"WebSite","@id":"https:\/\/elfsight.com\/es\/#website","url":"https:\/\/elfsight.com\/es\/","name":"Elfsight ES","description":"Just another Elfsight Sites site","potentialAction":[{"@type":"SearchAction","target":{"@type":"EntryPoint","urlTemplate":"https:\/\/elfsight.com\/es\/?s={search_term_string}"},"query-input":{"@type":"PropertyValueSpecification","valueRequired":true,"valueName":"search_term_string"}}],"inLanguage":"es"}]}},"meta_box":{"industry":"","seo_heading":"","heading":"","description":"","cta_heading":"","cta_description":"","application":"1670","h1":"widget de Galer\u00eda de fotos para jQuery","h1_caption":"Muestre sus im\u00e1genes en una galer\u00eda interactiva y personalizable que mejora el atractivo visual de su sitio web en su sitio web jQuery sin esfuerzo.","application_category":[],"applications_title":"","applications_request_title":"","applications_request_button_text":"","hero_text":"","hero_video":"","hero_video_schema_markup":"","selling_points_title":"","selling_points_caption":"","selling_points":[],"selling_points_cta_text":"","features_title":"","features":"","ed_cta_examples_text":"","ed_cta_examples_hidden":"","ed_cta_demo_text":"","ed_cta_demo_hidden":"","why_caption":"","why_editor_title":"","why_editor_text":"","why_team_title":"","why_team_text":"","why_service_title":"","why_service_text":"","template_catalog_visible":"","template_catalog_title":"","template_catalog_text":"","template_catalog_categories_visible":"","demo_title":"Crea tu complemento de galer\u00eda de fotos","demo_caption":"\u00a1Configura tu galer\u00eda de fotos y agr\u00e9gala a tu sitio web jQuery gratis!","default_faq_hidden":"","app_template_category":[],"platform":"76","template_public_id":"","codecanyon_url":"","codecanyon_item_id":"","codecanyon_price":"","pricing_caption":"","pricing_elfsight_apps_hide_column":"","pricing_elfsight_apps_url":"","pricing_codecanyon_price_caption":"","integration_category":[],"integration_request_title":"","integration_request_cta":"","integration_platform":"","integrations":[],"platform_category":[],"video_schema_markup":"","price":"desde $0 por mes","trial":"","benefits":[{"text":"Instalaci\u00f3n gratuita"},{"text":"Soporte Premium"},{"text":"14 d\u00edas garant\u00eda de reembolso"},{"text":"Actualizaciones regulares"}],"button_url":"#demo","button_target_blank":"0","button_nofollow":"0","attributes":[{"name":"Responsivo","content":"Si","_state":"expanded"},{"name":"Navegadores compatibles","content":"Firefox, Safari, Opera, Chrome, Edge","_state":"expanded"}],"tags":[],"tags_disable_links":"0","hide_more_platforms":"","video_object":"","demo_hide_cta":"0","demo_hide_cloud_options":"0","pricing_title":"","pricing":[{"pricing_icon":"platform","pricing_title":" Elfsight Apps","pricing_title_caption":"Soluci\u00f3n multiplataforma - valido para cualquier p\u00e1gina web","pricing_price":"desde $0 por mes","pricing_price_caption":"empezar con un plan gratuito","pricing_benefits":[{"text":"Sitios web ilimitados"},{"text":"Atenci\u00f3n al cliente gratuita y r\u00e1pida"},{"text":"Servicio de instalaci\u00f3n gratuito"},{"text":"Totalmente personalizable"}],"pricing_button_text":"Agregar al sitio web","pricing_button_url":"#demo","_state":"expanded"}],"related_apps_title":"","related_apps_hidden":"1","author":"","image":[],"title":"","job":"","social_networks":[]},"_links":{"self":[{"href":"https:\/\/elfsight.com\/es\/wp-json\/wp\/v2\/pages\/3928","targetHints":{"allow":["GET"]}}],"collection":[{"href":"https:\/\/elfsight.com\/es\/wp-json\/wp\/v2\/pages"}],"about":[{"href":"https:\/\/elfsight.com\/es\/wp-json\/wp\/v2\/types\/page"}],"author":[{"embeddable":true,"href":"https:\/\/elfsight.com\/es\/wp-json\/wp\/v2\/users\/18"}],"replies":[{"embeddable":true,"href":"https:\/\/elfsight.com\/es\/wp-json\/wp\/v2\/comments?post=3928"}],"version-history":[{"count":3,"href":"https:\/\/elfsight.com\/es\/wp-json\/wp\/v2\/pages\/3928\/revisions"}],"predecessor-version":[{"id":18018,"href":"https:\/\/elfsight.com\/es\/wp-json\/wp\/v2\/pages\/3928\/revisions\/18018"}],"up":[{"embeddable":true,"href":"https:\/\/elfsight.com\/es\/wp-json\/wp\/v2\/pages\/1671"}],"wp:attachment":[{"href":"https:\/\/elfsight.com\/es\/wp-json\/wp\/v2\/media?parent=3928"}],"curies":[{"name":"wp","href":"https:\/\/api.w.org\/{rel}","templated":true}]}}