{"id":3926,"date":"2022-02-11T12:04:07","date_gmt":"2022-02-11T12:04:07","guid":{"rendered":"https:\/\/elfsight.com\/es\/?page_id=3926"},"modified":"2025-12-18T14:37:00","modified_gmt":"2025-12-18T14:37:00","slug":"webflow","status":"publish","type":"page","link":"https:\/\/elfsight.com\/es\/number-counter-widget\/webflow\/","title":{"rendered":"Number Counter &#8211; Webflow"},"content":{"rendered":"<div class=\"application-platform-content-item-description application-platform-content-item\" id=\"description\" data-nav-section=\"description\"> <h2>Integrar el contador de n\u00fameros en Webflow con el widget de Elfsight<\/h2> <p>El contador de n\u00fameros de Elfsight es un widget f\u00e1cil de usar para Webflow con muchas opciones para elegir. Es una excelente caracter\u00edstica para mostrar tus impresionantes estad\u00edsticas de negocio, el n\u00famero de trabajos realizados y mucho m\u00e1s. La herramienta es excepcionalmente personalizable. Puedes crear cualquier cantidad de contadores, organizarlos en columnas, elegir \u00edconos de nuestra biblioteca o subir los tuyos personalizados, hacerlos coloridos o monocrom\u00e1ticos, agregar leyendas para proporcionar informaci\u00f3n f\u00e1cilmente comprensible a tu audiencia, cambiar cualquier caracter\u00edstica, elegir la imagen de fondo y mucho m\u00e1s. \u00a1Comienza a configurar tu widget ahora y ve c\u00f3mo tus estad\u00edsticas comerciales clave crecen r\u00e1pidamente!<\/p><p><b>Presume tus logros impresionantes a tus futuros compradores. \u00a1Consigue m\u00e1s tratos exitosos y prospectos!<\/b><\/p> <\/div> <div class=\"application-platform-content-item-features application-platform-content-item\" id=\"features\" data-nav-section=\"features\"> <h2>Las caracter\u00edsticas b\u00e1sicas del widget incluyen<\/h2> <ul><li>Cualquier cantidad de contadores.<\/li><li>Cualquier n\u00famero de columnas.<\/li><li>Adjuntar leyendas, encabezados, prefijos y sufijos.<\/li><li>Decidir la categor\u00eda de \u00edconos: elegirla de nuestra colecci\u00f3n o subir la tuya.<\/li><li>Agregar enlaces.<\/li><\/ul><p><a href=\"#demo\">Puedes ver lo que ofrece el widget probando la demo<\/a><\/p> <\/div> <div class=\"application-platform-content-item-installation application-platform-content-item\" id=\"installation\" data-nav-section=\"installation\"> <h2>\u00bfC\u00f3mo integrar el contador de n\u00fameros en mi p\u00e1gina de Webflow?<\/h2> <div class=\"video-container\">\n<iframe width=\"720\" height=\"405\" src=\"https:\/\/www.youtube.com\/embed\/yzKOAr_F2Nc?si=zA66qyR_z7m3Shyv\" frameborder=\"0\" allowfullscreen=\"\"><\/iframe>\n<\/div><p>Solo sigue las instrucciones a continuaci\u00f3n para activar el plugin.<\/p> <ol><li><b>Usando nuestro editor gratuito, comienza a crear tu herramienta personalizada.<\/b><br> Encuentra el formato y las caracter\u00edsticas preferidas de la herramienta y guarda los cambios.<\/li><li><b>Obt\u00e9n tu c\u00f3digo \u00fanico que aparece en la ventana de Elfsight Apps.<\/b><br> Despu\u00e9s de completar la creaci\u00f3n de tu plugin, copia el c\u00f3digo personal de la ventana emergente y gu\u00e1rdalo para su uso posterior.<\/li><li><b>Comienza a usar la herramienta en tu sitio de Webflow.<\/b><br> A\u00f1ade el c\u00f3digo que guardaste recientemente en tu p\u00e1gina principal y aplica los ajustes.<\/li><li><b>\u00a1Listo! La integraci\u00f3n se ha completado con \u00e9xito.<\/b><br> Ve a tu sitio web para ver c\u00f3mo funciona la herramienta.<\/li><\/ol><p>Si tienes alguna pregunta o encuentras alg\u00fan obst\u00e1culo, no dudes en contactar a nuestro equipo de soporte. Nuestros consultores est\u00e1n deseando resolver todas las dificultades que puedas tener con el widget.<\/p> <div class=\"faq\" data-component=\"FAQ\"><div class=\"faq-item\">\r\n\t\t\t\t\t<div class=\"faq-item-question\">\r\n\t\t\t\t\t\t<h3 class=\"faq-item-question-text\">\u00bfC\u00f3mo puedo agregar un contador de n\u00fameros a mi p\u00e1gina de Webflow sin experiencia en programaci\u00f3n?<\/h3>\r\n\r\n\t\t\t\t\t\t<div class=\"faq-item-question-icon\"><\/div>\r\n\t\t\t\t\t<\/div>\r\n\r\n\t\t\t\t\t<div class=\"faq-item-answer\">\r\n\t\t\t\t\t\t<div class=\"faq-item-answer-text\"> <p>La empresa Elfsight proporciona una soluci\u00f3n SaaS que permite a las personas crear un widget de contador de n\u00fameros por s\u00ed mismos, ve las instrucciones f\u00e1ciles de seguir: Comienza a trabajar directamente en la demo en vivo para crear un widget de contador de n\u00fameros que desees agregar a tu p\u00e1gina de Webflow. Haz clic en una de las muchas plantillas predefinidas y modifica la configuraci\u00f3n del contador de n\u00fameros, agrega tu contenido, cambia el dise\u00f1o y los colores sin necesidad de conocimientos de programaci\u00f3n. Guarda el contador de n\u00fameros y obt\u00e9n el c\u00f3digo para incrustarlo, que puedes incluir f\u00e1cilmente en tu sitio de Webflow de forma gratuita. Con la ayuda del Editor sencillo, cualquier usuario de la web puede crear una secci\u00f3n de contador de n\u00fameros e incrustarla f\u00e1cilmente en su sitio de Webflow. No es necesario obtener una suscripci\u00f3n de pago ni divulgar tus datos de tarjeta para acceder a nuestro Editor. Si encuentras alg\u00fan obst\u00e1culo de cualquier tipo, no dudes en ponerte en contacto con nuestro servicio de atenci\u00f3n al cliente.<\/p> <\/div>\r\n\t\t\t\t\t<\/div>\r\n\t\t\t\t<\/div> <\/div> <\/div>","protected":false},"excerpt":{"rendered":"","protected":false},"author":18,"featured_media":0,"parent":1135,"menu_order":0,"comment_status":"closed","ping_status":"closed","template":"templates\/template-application-platform.php","meta":{"publish_to_discourse":"","publish_post_category":"","wpdc_auto_publish_overridden":"","wpdc_topic_tags":"","wpdc_pin_topic":"","wpdc_pin_until":"","discourse_post_id":"","discourse_permalink":"","wpdc_publishing_response":"","wpdc_publishing_error":"","footnotes":""},"class_list":["post-3926","page","type-page","status-publish","hentry"],"yoast_head":"<!-- This site is optimized with the Yoast SEO plugin v25.3.1 - https:\/\/yoast.com\/wordpress\/plugins\/seo\/ -->\n<title>Contador de n\u00fameros - Empotrar plugin de Contador al Webflow<\/title>\n<meta name=\"description\" content=\"Instala un widget responsivo de Contador de n\u00fameros en su p\u00e1gina web de Webflow. Use la demo de Elfsight intuitiva y genere su plugin personalizado.\" \/>\n<meta name=\"robots\" content=\"index, follow, max-snippet:-1, max-image-preview:large, max-video-preview:-1\" \/>\n<link rel=\"canonical\" href=\"https:\/\/elfsight.com\/es\/number-counter-widget\/webflow\/\" \/>\n<meta property=\"og:locale\" content=\"es_ES\" \/>\n<meta property=\"og:type\" content=\"article\" \/>\n<meta property=\"og:title\" content=\"Contador de n\u00fameros - Empotrar plugin de Contador al Webflow\" \/>\n<meta property=\"og:description\" content=\"Instala un widget responsivo de Contador de n\u00fameros en su p\u00e1gina web de Webflow. Use la demo de Elfsight intuitiva y genere su plugin personalizado.\" \/>\n<meta property=\"og:url\" content=\"https:\/\/elfsight.com\/es\/number-counter-widget\/webflow\/\" \/>\n<meta property=\"og:site_name\" content=\"Elfsight ES\" \/>\n<meta property=\"article:modified_time\" content=\"2025-12-18T14:37:00+00:00\" \/>\n<meta name=\"twitter:card\" content=\"summary_large_image\" \/>\n<meta name=\"twitter:label1\" content=\"Tiempo de lectura\" \/>\n\t<meta name=\"twitter:data1\" content=\"3 minutos\" \/>\n<!-- \/ Yoast SEO plugin. -->","yoast_head_json":{"title":"Contador de n\u00fameros - Empotrar plugin de Contador al Webflow","description":"Instala un widget responsivo de Contador de n\u00fameros en su p\u00e1gina web de Webflow. Use la demo de Elfsight intuitiva y genere su plugin personalizado.","robots":{"index":"index","follow":"follow","max-snippet":"max-snippet:-1","max-image-preview":"max-image-preview:large","max-video-preview":"max-video-preview:-1"},"canonical":"https:\/\/elfsight.com\/es\/number-counter-widget\/webflow\/","og_locale":"es_ES","og_type":"article","og_title":"Contador de n\u00fameros - Empotrar plugin de Contador al Webflow","og_description":"Instala un widget responsivo de Contador de n\u00fameros en su p\u00e1gina web de Webflow. Use la demo de Elfsight intuitiva y genere su plugin personalizado.","og_url":"https:\/\/elfsight.com\/es\/number-counter-widget\/webflow\/","og_site_name":"Elfsight ES","article_modified_time":"2025-12-18T14:37:00+00:00","twitter_card":"summary_large_image","twitter_misc":{"Tiempo de lectura":"3 minutos"},"schema":{"@context":"https:\/\/schema.org","@graph":[{"@type":"WebPage","@id":"https:\/\/elfsight.com\/es\/number-counter-widget\/webflow\/","url":"https:\/\/elfsight.com\/es\/number-counter-widget\/webflow\/","name":"Contador de n\u00fameros - Empotrar plugin de Contador al Webflow","isPartOf":{"@id":"https:\/\/elfsight.com\/es\/#website"},"datePublished":"2022-02-11T12:04:07+00:00","dateModified":"2025-12-18T14:37:00+00:00","description":"Instala un widget responsivo de Contador de n\u00fameros en su p\u00e1gina web de Webflow. Use la demo de Elfsight intuitiva y genere su plugin personalizado.","breadcrumb":{"@id":"https:\/\/elfsight.com\/es\/number-counter-widget\/webflow\/#breadcrumb"},"inLanguage":"es","potentialAction":[{"@type":"ReadAction","target":["https:\/\/elfsight.com\/es\/number-counter-widget\/webflow\/"]}]},{"@type":"BreadcrumbList","@id":"https:\/\/elfsight.com\/es\/number-counter-widget\/webflow\/#breadcrumb","itemListElement":[{"@type":"ListItem","position":1,"name":"Home","item":"https:\/\/elfsight.com\/es\/"},{"@type":"ListItem","position":2,"name":"Number Counter","item":"https:\/\/elfsight.com\/es\/number-counter-widget\/"},{"@type":"ListItem","position":3,"name":"Number Counter &#8211; Webflow"}]},{"@type":"WebSite","@id":"https:\/\/elfsight.com\/es\/#website","url":"https:\/\/elfsight.com\/es\/","name":"Elfsight ES","description":"Just another Elfsight Sites site","potentialAction":[{"@type":"SearchAction","target":{"@type":"EntryPoint","urlTemplate":"https:\/\/elfsight.com\/es\/?s={search_term_string}"},"query-input":{"@type":"PropertyValueSpecification","valueRequired":true,"valueName":"search_term_string"}}],"inLanguage":"es"}]}},"meta_box":{"industry":"","seo_heading":"","heading":"","description":"","cta_heading":"","cta_description":"","application":"1134","h1":"complemento de Contador de n\u00fameros para Webflow","h1_caption":"Muestre estad\u00edsticas e hitos clave con contadores animados para resaltar sus logros de una manera atractiva en su sitio web Webflow sin esfuerzo.","application_category":[],"applications_title":"","applications_request_title":"","applications_request_button_text":"","hero_text":"","hero_video":"","hero_video_schema_markup":"","selling_points_title":"","selling_points_caption":"","selling_points":[],"selling_points_cta_text":"","features_title":"","features":"","ed_cta_examples_text":"","ed_cta_examples_hidden":"","ed_cta_demo_text":"","ed_cta_demo_hidden":"","why_caption":"","why_editor_title":"","why_editor_text":"","why_team_title":"","why_team_text":"","why_service_title":"","why_service_text":"","template_catalog_visible":"0","template_catalog_title":"","template_catalog_text":"","template_catalog_categories_visible":"","demo_title":"Crea tu widget de contador de n\u00fameros","demo_caption":"\u00a1Configure su contador de n\u00fameros y agr\u00e9guelo a su sitio web Webflow gratis!","default_faq_hidden":"","app_template_category":[],"platform":"106","template_public_id":"","codecanyon_url":"","codecanyon_item_id":"","codecanyon_price":"","pricing_caption":"","pricing_elfsight_apps_hide_column":"","pricing_elfsight_apps_url":"","pricing_codecanyon_price_caption":"","integration_category":[],"integration_request_title":"","integration_request_cta":"","integration_platform":"","integrations":[],"platform_category":[],"video_schema_markup":"","price":"desde $0 por mes","trial":"","benefits":[{"text":"Instalaci\u00f3n gratuita"},{"text":"Soporte Premium"},{"text":"14 d\u00edas garant\u00eda de reembolso"},{"text":"Actualizaciones regulares"}],"button_url":"#demo","button_target_blank":"0","button_nofollow":"0","attributes":[{"name":"Responsivo","content":"Si","_state":"expanded"},{"name":"Navegadores compatibles","content":"Firefox, Safari, Opera, Chrome, Edge","_state":"expanded"}],"tags":[],"tags_disable_links":"0","hide_more_platforms":"0","video_object":"","demo_hide_cta":"0","demo_hide_cloud_options":"0","pricing_title":"","pricing":[{"pricing_icon":"platform","pricing_title":" Elfsight Apps","pricing_title_caption":"Soluci\u00f3n multiplataforma - valido para cualquier p\u00e1gina web","pricing_price":"desde $0 por mes","pricing_price_caption":"empezar con un plan gratuito","pricing_benefits":[{"text":"Sitios web ilimitados"},{"text":"Atenci\u00f3n al cliente gratuita y r\u00e1pida"},{"text":"Servicio de instalaci\u00f3n gratuito"},{"text":"Totalmente personalizable"}],"pricing_button_text":"Agregar al sitio web","pricing_button_url":"#demo","_state":"expanded"}],"related_apps_title":"","related_apps_hidden":"1","author":"","image":[],"title":"","job":"","social_networks":[]},"_links":{"self":[{"href":"https:\/\/elfsight.com\/es\/wp-json\/wp\/v2\/pages\/3926","targetHints":{"allow":["GET"]}}],"collection":[{"href":"https:\/\/elfsight.com\/es\/wp-json\/wp\/v2\/pages"}],"about":[{"href":"https:\/\/elfsight.com\/es\/wp-json\/wp\/v2\/types\/page"}],"author":[{"embeddable":true,"href":"https:\/\/elfsight.com\/es\/wp-json\/wp\/v2\/users\/18"}],"replies":[{"embeddable":true,"href":"https:\/\/elfsight.com\/es\/wp-json\/wp\/v2\/comments?post=3926"}],"version-history":[{"count":4,"href":"https:\/\/elfsight.com\/es\/wp-json\/wp\/v2\/pages\/3926\/revisions"}],"predecessor-version":[{"id":20010,"href":"https:\/\/elfsight.com\/es\/wp-json\/wp\/v2\/pages\/3926\/revisions\/20010"}],"up":[{"embeddable":true,"href":"https:\/\/elfsight.com\/es\/wp-json\/wp\/v2\/pages\/1135"}],"wp:attachment":[{"href":"https:\/\/elfsight.com\/es\/wp-json\/wp\/v2\/media?parent=3926"}],"curies":[{"name":"wp","href":"https:\/\/api.w.org\/{rel}","templated":true}]}}