{"id":3921,"date":"2022-02-11T12:04:37","date_gmt":"2022-02-11T12:04:37","guid":{"rendered":"https:\/\/elfsight.com\/es\/?page_id=3921"},"modified":"2025-02-06T15:16:23","modified_gmt":"2025-02-06T15:16:23","slug":"joomla","status":"publish","type":"page","link":"https:\/\/elfsight.com\/es\/photo-gallery-widget\/joomla\/","title":{"rendered":"Photo Gallery &#8211; Joomla"},"content":{"rendered":"<div class=\"application-platform-content-item-description application-platform-content-item\" id=\"description\" data-nav-section=\"description\"><h2>Descripci\u00f3n<\/h2> <p>Elfsight Gallery es la mejor manera de exhibir materiales visuales o crear \u00e1lbumes atractivos en tu sitio web. Coloca cualquier cantidad de im\u00e1genes, escribe sobre cada una de ellas y selecciona la mejor forma de posicionarlas en la p\u00e1gina. La extensi\u00f3n de Elfsight incluye seis plantillas y varias otras opciones de interfaz. Cada foto se muestra en modo emergente, los visitantes pueden deslizarse a trav\u00e9s de ellas o ver una presentaci\u00f3n de diapositivas, hacer zoom y disfrutar de las im\u00e1genes en pantalla completa. Puedes cambiar el color de los elementos del widget y cargar un fondo \u00fanico, variar las opciones de texto y m\u00e1s variaciones de estilo.<\/p> <p><b>\u00a1Genera galer\u00edas de fotos inolvidables!<\/b><\/p> <\/div><div class=\"application-platform-content-item-features application-platform-content-item\" id=\"features\" data-nav-section=\"features\"><h2>Caracter\u00edsticas<\/h2> <p>A continuaci\u00f3n, una lista de todas las caracter\u00edsticas de la Galer\u00eda de Fotos para Joomla. Puedes ajustarlas directamente en el editor y te ayudar\u00e1n a configurar la extensi\u00f3n justo para tus necesidades.<\/p> <ul> <li>Usa botones CTA para guiar a los usuarios hacia la conversi\u00f3n.<\/li> <li>Modifica la duraci\u00f3n del cambio de diapositivas.<\/li> <li>Elige entre m\u00faltiples variantes de paginaci\u00f3n.<\/li> <li>Coloca tu texto donde desees en la p\u00e1gina mediante una posici\u00f3n avanzada.<\/li> <li>Ajusta cinco funciones de contenido.<\/li> <\/ul> <p><a href=\"#demo\">Puedes probar todas las caracter\u00edsticas funcionales del widget directamente en la demo<\/a><\/p> <\/div><div class=\"application-platform-content-item-installation application-platform-content-item\" id=\"installation\" data-nav-section=\"installation\"><h2>\u00bfC\u00f3mo integrar la Galer\u00eda de Fotos en Joomla?<\/h2> <p>Sigue estos pasos para integrar la herramienta en Joomla.<\/p> <ol><li><b>Usa nuestro configurador gratuito y comienza a crear tu propia extensi\u00f3n.<\/b><br>Encuentra el dise\u00f1o preferido y las caracter\u00edsticas funcionales de la extensi\u00f3n de Galer\u00eda de Fotos y guarda los cambios.<\/li><li><b>Copiar tu c\u00f3digo personal mostrado en la caja en Elfsight Apps.<\/b><br>Cuando la creaci\u00f3n de tu herramienta est\u00e9 completa, copia el c\u00f3digo personal desde la ventana emergente y gu\u00e1rdalo para futuros usos.<\/li><li><b>Comienza a usar la extensi\u00f3n en tu sitio Joomla.<\/b><br>Pega el c\u00f3digo guardado previamente en tu sitio web y aplica los ajustes.<\/li><li><b>\u00a1Ya est\u00e1! La integraci\u00f3n est\u00e1 completamente terminada.<\/b><br>Visita tu sitio web para ver c\u00f3mo est\u00e1 funcionando la extensi\u00f3n.<\/li><\/ol><p>T\u00f3mate un minuto para comunicarte con el servicio de atenci\u00f3n al cliente si necesitas ayuda o tienes problemas. Estaremos encantados de ayudarte con cualquier consulta.<\/p> <div class=\"faq\" data-component=\"FAQ\"><div class=\"faq-item\">\r\n\t\t\t\t\t<div class=\"faq-item-question\">\r\n\t\t\t\t\t\t<h3 class=\"faq-item-question-text\">\u00bfC\u00f3mo puedo agregar una Galer\u00eda de Fotos a mi sitio Joomla sin conocimientos de programaci\u00f3n?<\/h3>\r\n\r\n\t\t\t\t\t\t<div class=\"faq-item-question-icon\"><\/div>\r\n\t\t\t\t\t<\/div>\r\n\r\n\t\t\t\t\t<div class=\"faq-item-answer\">\r\n\t\t\t\t\t\t<div class=\"faq-item-answer-text\"> <p>La empresa Elfsight proporciona una soluci\u00f3n SaaS que permite a los usuarios crear un plugin de Galer\u00eda de Fotos t\u00fa mismo, descubre la gu\u00eda sencilla: Ve al Editor en l\u00ednea para crear un widget de Galer\u00eda de Fotos que te gustar\u00eda incrustar en tu sitio Joomla. Elige una de nuestras plantillas pre-dise\u00f1adas y ajusta la configuraci\u00f3n de la Galer\u00eda de Fotos, cambia el dise\u00f1o y los colores incluyendo tu contenido, sin necesidad de programar. Guarda los ajustes que hayas realizado para la Galer\u00eda de Fotos y obt\u00e9n el c\u00f3digo de instalaci\u00f3n que puedes pegar f\u00e1cilmente en cualquier p\u00e1gina Joomla sin necesidad de comprar un plan de pago. Usando nuestro Configurador f\u00e1cil de usar, cualquier usuario de internet puede crear un plugin de Galer\u00eda de Fotos en l\u00ednea y a\u00f1adirlo a cualquier p\u00e1gina de Joomla. No es necesario obtener una suscripci\u00f3n de pago ni ingresar los datos de tu tarjeta para acceder al servicio de Elfsight. Si tienes alg\u00fan problema de cualquier tipo, no dudes en contactar a nuestro equipo de soporte.<\/p> <\/div>\r\n\t\t\t\t\t<\/div>\r\n\t\t\t\t<\/div> <\/div><\/div>","protected":false},"excerpt":{"rendered":"","protected":false},"author":18,"featured_media":0,"parent":1671,"menu_order":0,"comment_status":"closed","ping_status":"closed","template":"templates\/template-application-platform.php","meta":{"publish_to_discourse":"","publish_post_category":"","wpdc_auto_publish_overridden":"","wpdc_topic_tags":"","wpdc_pin_topic":"","wpdc_pin_until":"","discourse_post_id":"","discourse_permalink":"","wpdc_publishing_response":"","wpdc_publishing_error":"","footnotes":""},"class_list":["post-3921","page","type-page","status-publish","hentry"],"yoast_head":"<!-- This site is optimized with the Yoast SEO plugin v25.3.1 - https:\/\/yoast.com\/wordpress\/plugins\/seo\/ -->\n<title>Galer\u00eda de fotos - Integrar extention de Galer\u00eda fotogr\u00e1fica al Joomla<\/title>\n<meta name=\"description\" content=\"Instala un module interactivo de Galer\u00eda de fotos en su sitio de Joomla. Pruebe la demo de Elfsight f\u00e1cil de usar y cree su extention propio.\" \/>\n<meta name=\"robots\" content=\"index, follow, max-snippet:-1, max-image-preview:large, max-video-preview:-1\" \/>\n<link rel=\"canonical\" href=\"https:\/\/elfsight.com\/es\/photo-gallery-widget\/joomla\/\" \/>\n<meta property=\"og:locale\" content=\"es_ES\" \/>\n<meta property=\"og:type\" content=\"article\" \/>\n<meta property=\"og:title\" content=\"Galer\u00eda de fotos - Integrar extention de Galer\u00eda fotogr\u00e1fica al Joomla\" \/>\n<meta property=\"og:description\" content=\"Instala un module interactivo de Galer\u00eda de fotos en su sitio de Joomla. Pruebe la demo de Elfsight f\u00e1cil de usar y cree su extention propio.\" \/>\n<meta property=\"og:url\" content=\"https:\/\/elfsight.com\/es\/photo-gallery-widget\/joomla\/\" \/>\n<meta property=\"og:site_name\" content=\"Elfsight ES\" \/>\n<meta property=\"article:modified_time\" content=\"2025-02-06T15:16:23+00:00\" \/>\n<meta name=\"twitter:card\" content=\"summary_large_image\" \/>\n<meta name=\"twitter:label1\" content=\"Tiempo de lectura\" \/>\n\t<meta name=\"twitter:data1\" content=\"2 minutos\" \/>\n<!-- \/ Yoast SEO plugin. -->","yoast_head_json":{"title":"Galer\u00eda de fotos - Integrar extention de Galer\u00eda fotogr\u00e1fica al Joomla","description":"Instala un module interactivo de Galer\u00eda de fotos en su sitio de Joomla. Pruebe la demo de Elfsight f\u00e1cil de usar y cree su extention propio.","robots":{"index":"index","follow":"follow","max-snippet":"max-snippet:-1","max-image-preview":"max-image-preview:large","max-video-preview":"max-video-preview:-1"},"canonical":"https:\/\/elfsight.com\/es\/photo-gallery-widget\/joomla\/","og_locale":"es_ES","og_type":"article","og_title":"Galer\u00eda de fotos - Integrar extention de Galer\u00eda fotogr\u00e1fica al Joomla","og_description":"Instala un module interactivo de Galer\u00eda de fotos en su sitio de Joomla. Pruebe la demo de Elfsight f\u00e1cil de usar y cree su extention propio.","og_url":"https:\/\/elfsight.com\/es\/photo-gallery-widget\/joomla\/","og_site_name":"Elfsight ES","article_modified_time":"2025-02-06T15:16:23+00:00","twitter_card":"summary_large_image","twitter_misc":{"Tiempo de lectura":"2 minutos"},"schema":{"@context":"https:\/\/schema.org","@graph":[{"@type":"WebPage","@id":"https:\/\/elfsight.com\/es\/photo-gallery-widget\/joomla\/","url":"https:\/\/elfsight.com\/es\/photo-gallery-widget\/joomla\/","name":"Galer\u00eda de fotos - Integrar extention de Galer\u00eda fotogr\u00e1fica al Joomla","isPartOf":{"@id":"https:\/\/elfsight.com\/es\/#website"},"datePublished":"2022-02-11T12:04:37+00:00","dateModified":"2025-02-06T15:16:23+00:00","description":"Instala un module interactivo de Galer\u00eda de fotos en su sitio de Joomla. Pruebe la demo de Elfsight f\u00e1cil de usar y cree su extention propio.","breadcrumb":{"@id":"https:\/\/elfsight.com\/es\/photo-gallery-widget\/joomla\/#breadcrumb"},"inLanguage":"es","potentialAction":[{"@type":"ReadAction","target":["https:\/\/elfsight.com\/es\/photo-gallery-widget\/joomla\/"]}]},{"@type":"BreadcrumbList","@id":"https:\/\/elfsight.com\/es\/photo-gallery-widget\/joomla\/#breadcrumb","itemListElement":[{"@type":"ListItem","position":1,"name":"Home","item":"https:\/\/elfsight.com\/es\/"},{"@type":"ListItem","position":2,"name":"Photo Gallery","item":"https:\/\/elfsight.com\/es\/photo-gallery-widget\/"},{"@type":"ListItem","position":3,"name":"Photo Gallery &#8211; Joomla"}]},{"@type":"WebSite","@id":"https:\/\/elfsight.com\/es\/#website","url":"https:\/\/elfsight.com\/es\/","name":"Elfsight ES","description":"Just another Elfsight Sites site","potentialAction":[{"@type":"SearchAction","target":{"@type":"EntryPoint","urlTemplate":"https:\/\/elfsight.com\/es\/?s={search_term_string}"},"query-input":{"@type":"PropertyValueSpecification","valueRequired":true,"valueName":"search_term_string"}}],"inLanguage":"es"}]}},"meta_box":{"industry":"","seo_heading":"","heading":"","description":"","cta_heading":"","cta_description":"","application":"1670","h1":"extensi\u00f3n de Galer\u00eda de fotos para Joomla","h1_caption":"Muestre sus im\u00e1genes en una galer\u00eda interactiva y personalizable que mejora el atractivo visual de su sitio web en su sitio web Joomla sin esfuerzo.","application_category":[],"applications_title":"","applications_request_title":"","applications_request_button_text":"","hero_text":"","hero_video":"","hero_video_schema_markup":"","selling_points_title":"","selling_points_caption":"","selling_points":[],"selling_points_cta_text":"","features_title":"","features":"","ed_cta_examples_text":"","ed_cta_examples_hidden":"","ed_cta_demo_text":"","ed_cta_demo_hidden":"","why_caption":"","why_editor_title":"","why_editor_text":"","why_team_title":"","why_team_text":"","why_service_title":"","why_service_text":"","template_catalog_visible":"","template_catalog_title":"","template_catalog_text":"","template_catalog_categories_visible":"","demo_title":"Crea tu complemento de galer\u00eda de fotos","demo_caption":"\u00a1Configure su galer\u00eda de fotos y agr\u00e9guela a su sitio web Joomla gratis!","default_faq_hidden":"","app_template_category":[],"platform":"73","template_public_id":"","codecanyon_url":"","codecanyon_item_id":"","codecanyon_price":"","pricing_caption":"","pricing_elfsight_apps_hide_column":"","pricing_elfsight_apps_url":"","pricing_codecanyon_price_caption":"","integration_category":[],"integration_request_title":"","integration_request_cta":"","integration_platform":"","integrations":[],"platform_category":[],"video_schema_markup":"","price":"desde $0 por mes","trial":"","benefits":[{"text":"Instalaci\u00f3n gratuita"},{"text":"Soporte Premium"},{"text":"14 d\u00edas garant\u00eda de reembolso"},{"text":"Actualizaciones regulares"}],"button_url":"#demo","button_target_blank":"0","button_nofollow":"0","attributes":[{"name":"Responsivo","content":"Si","_state":"expanded"},{"name":"Navegadores compatibles","content":"Firefox, Safari, Opera, Chrome, Edge","_state":"expanded"}],"tags":[],"tags_disable_links":"0","hide_more_platforms":"","video_object":"","demo_hide_cta":"0","demo_hide_cloud_options":"0","pricing_title":"","pricing":[{"pricing_icon":"platform","pricing_title":" Elfsight Apps","pricing_title_caption":"Soluci\u00f3n multiplataforma - valido para cualquier p\u00e1gina web","pricing_price":"desde $0 por mes","pricing_price_caption":"empezar con un plan gratuito","pricing_benefits":[{"text":"Sitios web ilimitados"},{"text":"Atenci\u00f3n al cliente gratuita y r\u00e1pida"},{"text":"Servicio de instalaci\u00f3n gratuito"},{"text":"Totalmente personalizable"}],"pricing_button_text":"Agregar al sitio web","pricing_button_url":"#demo","_state":"expanded"}],"related_apps_title":"","related_apps_hidden":"1","author":"","image":[],"title":"","job":"","social_networks":[]},"_links":{"self":[{"href":"https:\/\/elfsight.com\/es\/wp-json\/wp\/v2\/pages\/3921","targetHints":{"allow":["GET"]}}],"collection":[{"href":"https:\/\/elfsight.com\/es\/wp-json\/wp\/v2\/pages"}],"about":[{"href":"https:\/\/elfsight.com\/es\/wp-json\/wp\/v2\/types\/page"}],"author":[{"embeddable":true,"href":"https:\/\/elfsight.com\/es\/wp-json\/wp\/v2\/users\/18"}],"replies":[{"embeddable":true,"href":"https:\/\/elfsight.com\/es\/wp-json\/wp\/v2\/comments?post=3921"}],"version-history":[{"count":3,"href":"https:\/\/elfsight.com\/es\/wp-json\/wp\/v2\/pages\/3921\/revisions"}],"predecessor-version":[{"id":18015,"href":"https:\/\/elfsight.com\/es\/wp-json\/wp\/v2\/pages\/3921\/revisions\/18015"}],"up":[{"embeddable":true,"href":"https:\/\/elfsight.com\/es\/wp-json\/wp\/v2\/pages\/1671"}],"wp:attachment":[{"href":"https:\/\/elfsight.com\/es\/wp-json\/wp\/v2\/media?parent=3921"}],"curies":[{"name":"wp","href":"https:\/\/api.w.org\/{rel}","templated":true}]}}