{"id":3920,"date":"2022-02-11T12:04:43","date_gmt":"2022-02-11T12:04:43","guid":{"rendered":"https:\/\/elfsight.com\/es\/?page_id=3920"},"modified":"2025-02-06T15:16:23","modified_gmt":"2025-02-06T15:16:23","slug":"woocommerce","status":"publish","type":"page","link":"https:\/\/elfsight.com\/es\/pricing-table-plugin\/woocommerce\/","title":{"rendered":"Pricing Table &#8211; WooCommerce"},"content":{"rendered":"<div class=\"application-platform-content-item-description application-platform-content-item\" id=\"description\" data-nav-section=\"description\"><h2>Descripci\u00f3n<\/h2><p>El precio juega un papel clave en motivar a los clientes a comprar. Nuestro plugin no solo ayuda a los usuarios del sitio a examinar y verificar r\u00e1pidamente m\u00faltiples tarifas de precios. Tambi\u00e9n ayuda a aumentar la conversi\u00f3n utilizando las t\u00e9cnicas m\u00e1s modernas en dise\u00f1o y configuraci\u00f3n.<\/p><p><b>Lleva las ventas de tu sitio web al siguiente nivel utilizando precios inteligentes.<\/b><\/p><\/div> <div class=\"faq\" data-component=\"FAQ\"><div class=\"faq-item\">\r\n\t\t\t\t\t<div class=\"faq-item-question\">\r\n\t\t\t\t\t\t<h3 class=\"faq-item-question-text\">\u00bfC\u00f3mo puedo integrar una Tabla de Precios en mi sitio WooCommerce?<\/h3>\r\n\r\n\t\t\t\t\t\t<div class=\"faq-item-question-icon\"><\/div>\r\n\t\t\t\t\t<\/div>\r\n\r\n\t\t\t\t\t<div class=\"faq-item-answer\">\r\n\t\t\t\t\t\t<div class=\"faq-item-answer-text\"><p>La creaci\u00f3n de la herramienta se realiza en las p\u00e1ginas de Elfsight y no es necesario programar. Ve a la demo en vivo para configurar tu herramienta, obtener el c\u00f3digo e implementarlo en tu sitio web.<\/p><\/div>\r\n\t\t\t\t\t<\/div>\r\n\t\t\t\t<\/div><div class=\"faq-item\">\r\n\t\t\t\t\t<div class=\"faq-item-question\">\r\n\t\t\t\t\t\t<h3 class=\"faq-item-question-text\">Las mejores formas de usar la integraci\u00f3n de tabla de precios en el sitio web<\/h3>\r\n\r\n\t\t\t\t\t\t<div class=\"faq-item-question-icon\"><\/div>\r\n\t\t\t\t\t<\/div>\r\n\r\n\t\t\t\t\t<div class=\"faq-item-answer\">\r\n\t\t\t\t\t\t<div class=\"faq-item-answer-text\"><p>Te ofreceremos muchas opciones de personalizaci\u00f3n: widgets de tama\u00f1o completo para agregar en el \u00e1rea de contenido, plugins flotantes para oportunidades de desplazamiento, dise\u00f1os para el pie de p\u00e1gina, encabezado y todas las variaciones verticales para barras laterales y men\u00fas.<\/p><\/div>\r\n\t\t\t\t\t<\/div>\r\n\t\t\t\t<\/div><div class=\"faq-item\">\r\n\t\t\t\t\t<div class=\"faq-item-question\">\r\n\t\t\t\t\t\t<h3 class=\"faq-item-question-text\">\u00bfHay una opci\u00f3n para crear una Tabla de Precios en Grid o Planes de Servicios a trav\u00e9s de tu editor?<\/h3>\r\n\r\n\t\t\t\t\t\t<div class=\"faq-item-question-icon\"><\/div>\r\n\t\t\t\t\t<\/div>\r\n\r\n\t\t\t\t\t<div class=\"faq-item-answer\">\r\n\t\t\t\t\t\t<div class=\"faq-item-answer-text\"><p>Tienes total libertad para crear cualquier variaci\u00f3n de los widgets. Hay toneladas de dise\u00f1os disponibles en el editor, y todos ellos se pueden ajustar f\u00e1cilmente seg\u00fan lo necesites.<\/p><\/div>\r\n\t\t\t\t\t<\/div>\r\n\t\t\t\t<\/div><\/div><div class=\"application-platform-content-item-features application-platform-content-item\" id=\"features\" data-nav-section=\"features\"><h2>Las principales caracter\u00edsticas del widget incluyen:<\/h2><ul><li>Ganar m\u00e1s clientes;<\/li><li>Dejar que los usuarios finalicen una compra;<\/li><li>Personalizaci\u00f3n instant\u00e1nea y efectiva;<\/li><li>Crear el plugin en solo 80 segundos;<\/li><li>Dar detalles sobre tus planes de precios;<\/li><li>Hacer que tus precios sean atractivos para los usuarios.<\/li><\/ul><p><a href=\"#demo\">Puedes sentir c\u00f3mo el widget ofrece utilizando la demo<\/a><\/p><\/div><div class=\"application-platform-content-item-installation application-platform-content-item\" id=\"installation\" data-nav-section=\"installation\"><h2>\u00bfC\u00f3mo creo una Tabla de Precios para mi sitio WooCommerce?<\/h2><p>Sigue los pasos presentados a continuaci\u00f3n para activar la herramienta.<\/p><ol><li><b>Usa nuestro configurador gratuito y comienza a crear tu propio instrumento.<\/b><br>Elige el aspecto y las caracter\u00edsticas personalizadas del widget y guarda las modificaciones.<\/li><li><b>Recibe el c\u00f3digo personal que aparece en el formulario especial de Elfsight Apps.<\/b><br>Cuando se complete la personalizaci\u00f3n de tu plugin, copia el c\u00f3digo personal en la ventana emergente y gu\u00e1rdalo para su uso posterior.<\/li><li><b>Inicia la aplicaci\u00f3n del widget en tu sitio WooCommerce.<\/b><br>Implementa el c\u00f3digo que copiaste anteriormente en tu p\u00e1gina y aplica las modificaciones.<\/li><li><b>La instalaci\u00f3n se realiza por completo.<\/b><br>Visita tu sitio web para inspeccionar c\u00f3mo est\u00e1 funcionando la herramienta.<\/li><\/ol><p>Si tienes preguntas o te encuentras con alg\u00fan problema, no dudes en ponerte en contacto con nuestro equipo de soporte. Estamos encantados de resolver cualquier dificultad que tengas con el widget.<\/p><\/div>","protected":false},"excerpt":{"rendered":"","protected":false},"author":18,"featured_media":0,"parent":2019,"menu_order":0,"comment_status":"closed","ping_status":"closed","template":"templates\/template-application-platform.php","meta":{"publish_to_discourse":"","publish_post_category":"","wpdc_auto_publish_overridden":"","wpdc_topic_tags":"","wpdc_pin_topic":"","wpdc_pin_until":"","discourse_post_id":"","discourse_permalink":"","wpdc_publishing_response":"","wpdc_publishing_error":"","footnotes":""},"class_list":["post-3920","page","type-page","status-publish","hentry"],"yoast_head":"<!-- This site is optimized with the Yoast SEO plugin v25.3.1 - https:\/\/yoast.com\/wordpress\/plugins\/seo\/ -->\n<title>Tabla de precios - Agregar plugin de Precios mesa al WooCommerce<\/title>\n<meta name=\"description\" content=\"Incrusta un widget hermoso de Tabla de precios en su sitio web de WooCommerce. Lance la demo de Elfsight f\u00e1cil de usar y genere su plugin propio.\" \/>\n<meta name=\"robots\" content=\"index, follow, max-snippet:-1, max-image-preview:large, max-video-preview:-1\" \/>\n<link rel=\"canonical\" href=\"https:\/\/elfsight.com\/es\/pricing-table-plugin\/woocommerce\/\" \/>\n<meta property=\"og:locale\" content=\"es_ES\" \/>\n<meta property=\"og:type\" content=\"article\" \/>\n<meta property=\"og:title\" content=\"Tabla de precios - Agregar plugin de Precios mesa al WooCommerce\" \/>\n<meta property=\"og:description\" content=\"Incrusta un widget hermoso de Tabla de precios en su sitio web de WooCommerce. Lance la demo de Elfsight f\u00e1cil de usar y genere su plugin propio.\" \/>\n<meta property=\"og:url\" content=\"https:\/\/elfsight.com\/es\/pricing-table-plugin\/woocommerce\/\" \/>\n<meta property=\"og:site_name\" content=\"Elfsight ES\" \/>\n<meta property=\"article:modified_time\" content=\"2025-02-06T15:16:23+00:00\" \/>\n<meta name=\"twitter:card\" content=\"summary_large_image\" \/>\n<meta name=\"twitter:label1\" content=\"Tiempo de lectura\" \/>\n\t<meta name=\"twitter:data1\" content=\"1 minuto\" \/>\n<!-- \/ Yoast SEO plugin. -->","yoast_head_json":{"title":"Tabla de precios - Agregar plugin de Precios mesa al WooCommerce","description":"Incrusta un widget hermoso de Tabla de precios en su sitio web de WooCommerce. Lance la demo de Elfsight f\u00e1cil de usar y genere su plugin propio.","robots":{"index":"index","follow":"follow","max-snippet":"max-snippet:-1","max-image-preview":"max-image-preview:large","max-video-preview":"max-video-preview:-1"},"canonical":"https:\/\/elfsight.com\/es\/pricing-table-plugin\/woocommerce\/","og_locale":"es_ES","og_type":"article","og_title":"Tabla de precios - Agregar plugin de Precios mesa al WooCommerce","og_description":"Incrusta un widget hermoso de Tabla de precios en su sitio web de WooCommerce. Lance la demo de Elfsight f\u00e1cil de usar y genere su plugin propio.","og_url":"https:\/\/elfsight.com\/es\/pricing-table-plugin\/woocommerce\/","og_site_name":"Elfsight ES","article_modified_time":"2025-02-06T15:16:23+00:00","twitter_card":"summary_large_image","twitter_misc":{"Tiempo de lectura":"1 minuto"},"schema":{"@context":"https:\/\/schema.org","@graph":[{"@type":"WebPage","@id":"https:\/\/elfsight.com\/es\/pricing-table-plugin\/woocommerce\/","url":"https:\/\/elfsight.com\/es\/pricing-table-plugin\/woocommerce\/","name":"Tabla de precios - Agregar plugin de Precios mesa al WooCommerce","isPartOf":{"@id":"https:\/\/elfsight.com\/es\/#website"},"datePublished":"2022-02-11T12:04:43+00:00","dateModified":"2025-02-06T15:16:23+00:00","description":"Incrusta un widget hermoso de Tabla de precios en su sitio web de WooCommerce. Lance la demo de Elfsight f\u00e1cil de usar y genere su plugin propio.","breadcrumb":{"@id":"https:\/\/elfsight.com\/es\/pricing-table-plugin\/woocommerce\/#breadcrumb"},"inLanguage":"es","potentialAction":[{"@type":"ReadAction","target":["https:\/\/elfsight.com\/es\/pricing-table-plugin\/woocommerce\/"]}]},{"@type":"BreadcrumbList","@id":"https:\/\/elfsight.com\/es\/pricing-table-plugin\/woocommerce\/#breadcrumb","itemListElement":[{"@type":"ListItem","position":1,"name":"Home","item":"https:\/\/elfsight.com\/es\/"},{"@type":"ListItem","position":2,"name":"Pricing Table","item":"https:\/\/elfsight.com\/es\/pricing-table-plugin\/"},{"@type":"ListItem","position":3,"name":"Pricing Table &#8211; WooCommerce"}]},{"@type":"WebSite","@id":"https:\/\/elfsight.com\/es\/#website","url":"https:\/\/elfsight.com\/es\/","name":"Elfsight ES","description":"Just another Elfsight Sites site","potentialAction":[{"@type":"SearchAction","target":{"@type":"EntryPoint","urlTemplate":"https:\/\/elfsight.com\/es\/?s={search_term_string}"},"query-input":{"@type":"PropertyValueSpecification","valueRequired":true,"valueName":"search_term_string"}}],"inLanguage":"es"}]}},"meta_box":{"industry":"","seo_heading":"","heading":"","description":"","cta_heading":"","cta_description":"","application":"2018","h1":"plugin de Tabla de precios para WooCommerce","h1_caption":"Presente sus opciones de precios de forma clara y atractiva, ayudando a los clientes a elegir el plan adecuado para sus necesidades en su sitio web WooCommerce sin esfuerzo.","application_category":[],"applications_title":"","applications_request_title":"","applications_request_button_text":"","hero_text":"","hero_video":"","hero_video_schema_markup":"","selling_points_title":"","selling_points_caption":"","selling_points":[],"selling_points_cta_text":"","features_title":"","features":"","ed_cta_examples_text":"","ed_cta_examples_hidden":"","ed_cta_demo_text":"","ed_cta_demo_hidden":"","why_caption":"","why_editor_title":"","why_editor_text":"","why_team_title":"","why_team_text":"","why_service_title":"","why_service_text":"","template_catalog_visible":"","template_catalog_title":"","template_catalog_text":"","template_catalog_categories_visible":"","demo_title":"Crea tu aplicaci\u00f3n Tabla de Precios","demo_caption":"\u00a1Configure su tabla de precios y agr\u00e9guela a su sitio web WooCommerce gratis!","default_faq_hidden":"","app_template_category":[],"platform":"2311","template_public_id":"","codecanyon_url":"","codecanyon_item_id":"","codecanyon_price":"","pricing_caption":"","pricing_elfsight_apps_hide_column":"","pricing_elfsight_apps_url":"","pricing_codecanyon_price_caption":"","integration_category":[],"integration_request_title":"","integration_request_cta":"","integration_platform":"","integrations":[],"platform_category":[],"video_schema_markup":"","price":"desde $0 por mes","trial":"","benefits":[{"text":"Instalaci\u00f3n gratuita"},{"text":"Soporte Premium"},{"text":"14 d\u00edas garant\u00eda de reembolso"},{"text":"Actualizaciones regulares"}],"button_url":"#demo","button_target_blank":"0","button_nofollow":"0","attributes":[{"name":"Responsivo","content":"Si","_state":"expanded"},{"name":"Navegadores compatibles","content":"Firefox, Safari, Opera, Chrome, Edge","_state":"expanded"}],"tags":[],"tags_disable_links":"0","hide_more_platforms":"","video_object":"","demo_hide_cta":"0","demo_hide_cloud_options":"0","pricing_title":"","pricing":[{"pricing_icon":"platform","pricing_title":" Elfsight Apps","pricing_title_caption":"Soluci\u00f3n multiplataforma - valido para cualquier p\u00e1gina web","pricing_price":"desde $0 por mes","pricing_price_caption":"empezar con un plan gratuito","pricing_benefits":[{"text":"Sitios web ilimitados"},{"text":"Atenci\u00f3n al cliente gratuita y r\u00e1pida"},{"text":"Servicio de instalaci\u00f3n gratuito"},{"text":"Totalmente personalizable"}],"pricing_button_text":"Agregar al sitio web","pricing_button_url":"#demo","_state":"expanded"}],"related_apps_title":"","related_apps_hidden":"1","author":"","image":[],"title":"","job":"","social_networks":[]},"_links":{"self":[{"href":"https:\/\/elfsight.com\/es\/wp-json\/wp\/v2\/pages\/3920","targetHints":{"allow":["GET"]}}],"collection":[{"href":"https:\/\/elfsight.com\/es\/wp-json\/wp\/v2\/pages"}],"about":[{"href":"https:\/\/elfsight.com\/es\/wp-json\/wp\/v2\/types\/page"}],"author":[{"embeddable":true,"href":"https:\/\/elfsight.com\/es\/wp-json\/wp\/v2\/users\/18"}],"replies":[{"embeddable":true,"href":"https:\/\/elfsight.com\/es\/wp-json\/wp\/v2\/comments?post=3920"}],"version-history":[{"count":3,"href":"https:\/\/elfsight.com\/es\/wp-json\/wp\/v2\/pages\/3920\/revisions"}],"predecessor-version":[{"id":18014,"href":"https:\/\/elfsight.com\/es\/wp-json\/wp\/v2\/pages\/3920\/revisions\/18014"}],"up":[{"embeddable":true,"href":"https:\/\/elfsight.com\/es\/wp-json\/wp\/v2\/pages\/2019"}],"wp:attachment":[{"href":"https:\/\/elfsight.com\/es\/wp-json\/wp\/v2\/media?parent=3920"}],"curies":[{"name":"wp","href":"https:\/\/api.w.org\/{rel}","templated":true}]}}