{"id":3918,"date":"2022-02-11T12:04:45","date_gmt":"2022-02-11T12:04:45","guid":{"rendered":"https:\/\/elfsight.com\/es\/?page_id=3918"},"modified":"2025-02-06T15:16:23","modified_gmt":"2025-02-06T15:16:23","slug":"squarespace","status":"publish","type":"page","link":"https:\/\/elfsight.com\/es\/number-counter-widget\/squarespace\/","title":{"rendered":"Number Counter &#8211; Squarespace"},"content":{"rendered":"<div class=\"application-platform-content-item-description application-platform-content-item\" id=\"description\" data-nav-section=\"description\"> <h2>Incrusta el Contador de N\u00fameros en Squarespace con el widget de Elfsight<\/h2> <p>El Contador de N\u00fameros es un plugin f\u00e1cil de usar para Squarespace con una amplia variedad de opciones. Es una excelente herramienta para mostrar tus brillantes indicadores de negocio, la cantidad de trabajos que has realizado hasta ahora y mucho m\u00e1s. El widget es sorprendentemente flexible. Puedes construir una cantidad ilimitada de contadores, organizarlos en columnas, seleccionar \u00edconos de nuestra colecci\u00f3n o cargar los tuyos personalizados, hacerlos variados o de color s\u00f3lido, agregar t\u00edtulos para aclarar los n\u00fameros que est\u00e1s mostrando, recolorear cualquier elemento, elegir la imagen de fondo, \u00a1y mucho m\u00e1s! Solo empieza a crear tu plugin ahora y observa c\u00f3mo crecen tus estad\u00edsticas empresariales clave.<\/p> <p><b>\u00a1Muestra tus logros brillantes a tus futuros compradores! \u00a1Aumenta el n\u00famero de ventas y clientes potenciales exitosos!<\/b><\/p> <\/div> <div class=\"application-platform-content-item-features application-platform-content-item\" id=\"features\" data-nav-section=\"features\"> <h2>Explora la lista de las caracter\u00edsticas m\u00e1s \u00fatiles:<\/h2> <ul><li>Cualquier cantidad de contadores.<\/li><li>Cualquier cantidad de columnas.<\/li><li>Agrega t\u00edtulos, encabezados, prefijos y sufijos.<\/li><li>Selecciona el formato del \u00edcono: obt\u00e9n uno de nuestra biblioteca o carga el tuyo personalizado.<\/li><li>Agrega enlaces.<\/li><\/ul><p><a href=\"#demo\">Prueba esta demo para ver c\u00f3mo funciona<\/a><\/p> <\/div> <div class=\"application-platform-content-item-installation application-platform-content-item\" id=\"installation\" data-nav-section=\"installation\"> <h2>\u00bfC\u00f3mo puedo agregar el Contador de N\u00fameros a mi sitio Squarespace?<\/h2> <div class=\"video-container\"><iframe width=\"720\" height=\"405\" src=\"https:\/\/www.youtube.com\/embed\/MLtgwAXjnTA\" frameborder=\"0\" allowfullscreen=\"\"><\/iframe><\/div><p>Solo sigue estos pasos descritos a continuaci\u00f3n para comenzar a usar el plugin.<\/p> <ol><li><b>Abre nuestro configurador gratuito y comienza a formar tu plugin personalizado.<\/b><br> Especifica el dise\u00f1o y las especificaciones seleccionadas del plugin y aplica los cambios.<\/li><li><b>Obt\u00e9n tu c\u00f3digo \u00fanico mostrado en la caja en Elfsight Apps.<\/b><br> Tan pronto como completes la configuraci\u00f3n de tu herramienta, copia el c\u00f3digo \u00fanico en la ventana emergente y gu\u00e1rdalo para su uso posterior.<\/li><li><b>Comienza a usar el widget en la p\u00e1gina de inicio de Squarespace.<\/b><br> Implementa el c\u00f3digo copiado recientemente en tu sitio web y guarda las correcciones.<\/li><li><b>La instalaci\u00f3n se realiz\u00f3 con \u00e9xito.<\/b><br> Ve a tu p\u00e1gina web para ver c\u00f3mo est\u00e1 funcionando el plugin.<\/li><\/ol><p>Si tienes consultas o enfrentas cualquier dificultad, no dudes en ponerte en contacto con nuestro personal de atenci\u00f3n al cliente. Nuestros especialistas estar\u00e1n encantados de resolver cualquier pregunta que tengas sobre el widget.<\/p> <div class=\"faq\" data-component=\"FAQ\"><div class=\"faq-item\">\r\n\t\t\t\t\t<div class=\"faq-item-question\">\r\n\t\t\t\t\t\t<h3 class=\"faq-item-question-text\">\u00bfC\u00f3mo agregar el Contador de N\u00fameros a una p\u00e1gina de Squarespace?<\/h3>\r\n\r\n\t\t\t\t\t\t<div class=\"faq-item-question-icon\"><\/div>\r\n\t\t\t\t\t<\/div>\r\n\r\n\t\t\t\t\t<div class=\"faq-item-answer\">\r\n\t\t\t\t\t\t<div class=\"faq-item-answer-text\"><p>Agregar el plugin de contador de n\u00fameros al sitio web solo toma unos minutos. Adem\u00e1s, no necesitas tener habilidades de programaci\u00f3n.<\/p><ol><li>Ajusta el plugin para Squarespace en el configurador gratuito.<\/li><li>Obt\u00e9n tu c\u00f3digo de instalaci\u00f3n \u00fanico.<\/li><li>Incrusta el c\u00f3digo en el bloque requerido en el sitio web.<\/li><li>\u00a1Eso es todo! \u00a1La instalaci\u00f3n del plugin de contador de n\u00fameros animados en Squarespace est\u00e1 lista!<\/li><\/ol><p>\u00bfTienes problemas al instalar el plugin en Squarespace o configurarlo? Puedes descubrir la gu\u00eda completa <a href=\"https:\/\/elfsight.com\/tutorials\/how-to-add-number-counter-to-website\/#how-to-add-number-counter-to-squarespace\">en esta p\u00e1gina<\/a>.<\/p><\/div>\r\n\t\t\t\t\t<\/div>\r\n\t\t\t\t<\/div><div class=\"faq-item\">\r\n\t\t\t\t\t<div class=\"faq-item-question\">\r\n\t\t\t\t\t\t<h3 class=\"faq-item-question-text\">\u00bfCu\u00e1les son los mejores ejemplos de uso de la integraci\u00f3n del Contador en l\u00ednea?<\/h3>\r\n\r\n\t\t\t\t\t\t<div class=\"faq-item-question-icon\"><\/div>\r\n\t\t\t\t\t<\/div>\r\n\r\n\t\t\t\t\t<div class=\"faq-item-answer\">\r\n\t\t\t\t\t\t<div class=\"faq-item-answer-text\"><p>Te proporcionamos una gran cantidad de opciones de personalizaci\u00f3n: widgets de tama\u00f1o completo para agregar en el \u00e1rea de contenido, widgets flotantes con funci\u00f3n de desplazamiento, dise\u00f1os para el pie de p\u00e1gina de tu sitio web, la secci\u00f3n superior y todas las posibilidades verticales para barras laterales y men\u00fas.<\/p><\/div>\r\n\t\t\t\t\t<\/div>\r\n\t\t\t\t<\/div><div class=\"faq-item\">\r\n\t\t\t\t\t<div class=\"faq-item-question\">\r\n\t\t\t\t\t\t<h3 class=\"faq-item-question-text\">\u00bfPuedo crear un contador de Satisfacci\u00f3n del Cliente o Descargas con el editor?<\/h3>\r\n\r\n\t\t\t\t\t\t<div class=\"faq-item-question-icon\"><\/div>\r\n\t\t\t\t\t<\/div>\r\n\r\n\t\t\t\t\t<div class=\"faq-item-answer\">\r\n\t\t\t\t\t\t<div class=\"faq-item-answer-text\"><p>Puedes crear cualquier modificaci\u00f3n del widget. Hay una gran cantidad de dise\u00f1os disponibles en el editor, y todos se pueden personalizar f\u00e1cilmente de la manera que necesites.<\/p><\/div>\r\n\t\t\t\t\t<\/div>\r\n\t\t\t\t<\/div><div class=\"faq-item\">\r\n\t\t\t\t\t<div class=\"faq-item-question\">\r\n\t\t\t\t\t\t<h3 class=\"faq-item-question-text\">\u00bfHay alguna forma de ver c\u00f3mo se ver\u00e1 el widget en un sitio web?<\/h3>\r\n\r\n\t\t\t\t\t\t<div class=\"faq-item-question-icon\"><\/div>\r\n\t\t\t\t\t<\/div>\r\n\r\n\t\t\t\t\t<div class=\"faq-item-answer\">\r\n\t\t\t\t\t\t<div class=\"faq-item-answer-text\"><p>\u00a1Absolutamente! Durante el proceso de creaci\u00f3n del plugin de contador en Squarespace en el <a href=\"https:\/\/elfsight.com\/number-counter-widget\/#demo\">constructor en vivo gratuito<\/a>, ver\u00e1s todos los cambios en la vista previa de la derecha. El contador de n\u00fameros ser\u00e1 id\u00e9ntico a lo que tendr\u00e1s en tu sitio Squarespace.<\/p><\/div>\r\n\t\t\t\t\t<\/div>\r\n\t\t\t\t<\/div><div class=\"faq-item\">\r\n\t\t\t\t\t<div class=\"faq-item-question\">\r\n\t\t\t\t\t\t<h3 class=\"faq-item-question-text\">\u00bfQu\u00e9 otros widgets son necesarios para un sitio de Squarespace?<\/h3>\r\n\r\n\t\t\t\t\t\t<div class=\"faq-item-question-icon\"><\/div>\r\n\t\t\t\t\t<\/div>\r\n\r\n\t\t\t\t\t<div class=\"faq-item-answer\">\r\n\t\t\t\t\t\t<div class=\"faq-item-answer-text\"><p>Squarespace es pr\u00e1ctico para propietarios de blogs. Si alguna vez decides ampliar la funcionalidad de tu sitio Squarespace, siempre puedes usar los widgets de Elfsight.<\/p><p><\/p>Por ejemplo, tenemos <a href=\"https:\/\/elfsight.com\/qr-code-widget\/squarespace\/\">QR Code<\/a> para aquellos que desean colocar informaci\u00f3n extendida en su sitio web de forma compacta, <a href=\"https:\/\/elfsight.com\/google-reviews-widget\/squarespace\/\">Google Reviews<\/a> para compartir excelentes valoraciones, <a href=\"https:\/\/elfsight.com\/whatsapp-chat-widget\/squarespace\/\">WhatsApp Chat<\/a> para facilitar la comunicaci\u00f3n a trav\u00e9s de WhatsApp. Tambi\u00e9n puedes aprovechar el <a href=\"https:\/\/elfsight.com\/event-calendar-widget\/squarespace\/\">Event Calendar<\/a> y <a href=\"https:\/\/elfsight.com\/countdown-timer-widget\/squarespace\/\">Countdown Timer<\/a>, y compartir detalles sobre eventos futuros.<\/p><\/div>\r\n\t\t\t\t\t<\/div>\r\n\t\t\t\t<\/div><\/div><\/div>","protected":false},"excerpt":{"rendered":"","protected":false},"author":18,"featured_media":0,"parent":1135,"menu_order":0,"comment_status":"closed","ping_status":"closed","template":"templates\/template-application-platform.php","meta":{"publish_to_discourse":"","publish_post_category":"","wpdc_auto_publish_overridden":"","wpdc_topic_tags":"","wpdc_pin_topic":"","wpdc_pin_until":"","discourse_post_id":"","discourse_permalink":"","wpdc_publishing_response":"","wpdc_publishing_error":"","footnotes":""},"class_list":["post-3918","page","type-page","status-publish","hentry"],"yoast_head":"<!-- This site is optimized with the Yoast SEO plugin v25.3.1 - https:\/\/yoast.com\/wordpress\/plugins\/seo\/ -->\n<title>Contador de n\u00fameros - Embeber plugin de Contador al Squarespace<\/title>\n<meta name=\"description\" content=\"Incrusta un widget responsivo de Contador de n\u00fameros en su p\u00e1gina web de Squarespace. Aplique la demo de Elfsight manejable y cree su plugin \u00fanico.\" \/>\n<meta name=\"robots\" content=\"index, follow, max-snippet:-1, max-image-preview:large, max-video-preview:-1\" \/>\n<link rel=\"canonical\" href=\"https:\/\/elfsight.com\/es\/number-counter-widget\/squarespace\/\" \/>\n<meta property=\"og:locale\" content=\"es_ES\" \/>\n<meta property=\"og:type\" content=\"article\" \/>\n<meta property=\"og:title\" content=\"Contador de n\u00fameros - Embeber plugin de Contador al Squarespace\" \/>\n<meta property=\"og:description\" content=\"Incrusta un widget responsivo de Contador de n\u00fameros en su p\u00e1gina web de Squarespace. Aplique la demo de Elfsight manejable y cree su plugin \u00fanico.\" \/>\n<meta property=\"og:url\" content=\"https:\/\/elfsight.com\/es\/number-counter-widget\/squarespace\/\" \/>\n<meta property=\"og:site_name\" content=\"Elfsight ES\" \/>\n<meta property=\"article:modified_time\" content=\"2025-02-06T15:16:23+00:00\" \/>\n<meta name=\"twitter:card\" content=\"summary_large_image\" \/>\n<meta name=\"twitter:label1\" content=\"Tiempo de lectura\" \/>\n\t<meta name=\"twitter:data1\" content=\"1 minuto\" \/>\n<!-- \/ Yoast SEO plugin. -->","yoast_head_json":{"title":"Contador de n\u00fameros - Embeber plugin de Contador al Squarespace","description":"Incrusta un widget responsivo de Contador de n\u00fameros en su p\u00e1gina web de Squarespace. Aplique la demo de Elfsight manejable y cree su plugin \u00fanico.","robots":{"index":"index","follow":"follow","max-snippet":"max-snippet:-1","max-image-preview":"max-image-preview:large","max-video-preview":"max-video-preview:-1"},"canonical":"https:\/\/elfsight.com\/es\/number-counter-widget\/squarespace\/","og_locale":"es_ES","og_type":"article","og_title":"Contador de n\u00fameros - Embeber plugin de Contador al Squarespace","og_description":"Incrusta un widget responsivo de Contador de n\u00fameros en su p\u00e1gina web de Squarespace. Aplique la demo de Elfsight manejable y cree su plugin \u00fanico.","og_url":"https:\/\/elfsight.com\/es\/number-counter-widget\/squarespace\/","og_site_name":"Elfsight ES","article_modified_time":"2025-02-06T15:16:23+00:00","twitter_card":"summary_large_image","twitter_misc":{"Tiempo de lectura":"1 minuto"},"schema":{"@context":"https:\/\/schema.org","@graph":[{"@type":"WebPage","@id":"https:\/\/elfsight.com\/es\/number-counter-widget\/squarespace\/","url":"https:\/\/elfsight.com\/es\/number-counter-widget\/squarespace\/","name":"Contador de n\u00fameros - Embeber plugin de Contador al Squarespace","isPartOf":{"@id":"https:\/\/elfsight.com\/es\/#website"},"datePublished":"2022-02-11T12:04:45+00:00","dateModified":"2025-02-06T15:16:23+00:00","description":"Incrusta un widget responsivo de Contador de n\u00fameros en su p\u00e1gina web de Squarespace. Aplique la demo de Elfsight manejable y cree su plugin \u00fanico.","breadcrumb":{"@id":"https:\/\/elfsight.com\/es\/number-counter-widget\/squarespace\/#breadcrumb"},"inLanguage":"es","potentialAction":[{"@type":"ReadAction","target":["https:\/\/elfsight.com\/es\/number-counter-widget\/squarespace\/"]}]},{"@type":"BreadcrumbList","@id":"https:\/\/elfsight.com\/es\/number-counter-widget\/squarespace\/#breadcrumb","itemListElement":[{"@type":"ListItem","position":1,"name":"Home","item":"https:\/\/elfsight.com\/es\/"},{"@type":"ListItem","position":2,"name":"Number Counter","item":"https:\/\/elfsight.com\/es\/number-counter-widget\/"},{"@type":"ListItem","position":3,"name":"Number Counter &#8211; Squarespace"}]},{"@type":"WebSite","@id":"https:\/\/elfsight.com\/es\/#website","url":"https:\/\/elfsight.com\/es\/","name":"Elfsight ES","description":"Just another Elfsight Sites site","potentialAction":[{"@type":"SearchAction","target":{"@type":"EntryPoint","urlTemplate":"https:\/\/elfsight.com\/es\/?s={search_term_string}"},"query-input":{"@type":"PropertyValueSpecification","valueRequired":true,"valueName":"search_term_string"}}],"inLanguage":"es"}]}},"meta_box":{"industry":"","seo_heading":"","heading":"","description":"","cta_heading":"","cta_description":"","application":"1134","h1":"complemento de Contador de n\u00fameros para Squarespace","h1_caption":"Muestra estad\u00edsticas e hitos clave con contadores animados para resaltar tus logros de una manera atractiva en tu sitio web de Squarespace sin esfuerzo.","application_category":[],"applications_title":"","applications_request_title":"","applications_request_button_text":"","hero_text":"","hero_video":"","hero_video_schema_markup":"","selling_points_title":"","selling_points_caption":"","selling_points":[],"selling_points_cta_text":"","features_title":"","features":"","ed_cta_examples_text":"","ed_cta_examples_hidden":"","ed_cta_demo_text":"","ed_cta_demo_hidden":"","why_caption":"","why_editor_title":"","why_editor_text":"","why_team_title":"","why_team_text":"","why_service_title":"","why_service_text":"","template_catalog_visible":"","template_catalog_title":"","template_catalog_text":"","template_catalog_categories_visible":"","demo_title":"Crea tu complemento de contador de n\u00fameros","demo_caption":"\u00a1Configura tu contador de n\u00fameros y agr\u00e9galo a tu sitio web de Squarespace gratis!","default_faq_hidden":"","app_template_category":[],"platform":"100","template_public_id":"","codecanyon_url":"","codecanyon_item_id":"","codecanyon_price":"","pricing_caption":"","pricing_elfsight_apps_hide_column":"","pricing_elfsight_apps_url":"","pricing_codecanyon_price_caption":"","integration_category":[],"integration_request_title":"","integration_request_cta":"","integration_platform":"","integrations":[],"platform_category":[],"video_schema_markup":"","price":"desde $0 por mes","trial":"","benefits":[{"text":"Instalaci\u00f3n gratuita"},{"text":"Soporte Premium"},{"text":"14 d\u00edas garant\u00eda de reembolso"},{"text":"Actualizaciones regulares"}],"button_url":"#demo","button_target_blank":"0","button_nofollow":"0","attributes":[{"name":"Responsivo","content":"Si","_state":"expanded"},{"name":"Navegadores compatibles","content":"Firefox, Safari, Opera, Chrome, Edge","_state":"expanded"}],"tags":[],"tags_disable_links":"0","hide_more_platforms":"","video_object":"","demo_hide_cta":"0","demo_hide_cloud_options":"0","pricing_title":"","pricing":[{"pricing_icon":"platform","pricing_title":" Elfsight Apps","pricing_title_caption":"Soluci\u00f3n multiplataforma - valido para cualquier p\u00e1gina web","pricing_price":"desde $0 por mes","pricing_price_caption":"empezar con un plan gratuito","pricing_benefits":[{"text":"Sitios web ilimitados"},{"text":"Atenci\u00f3n al cliente gratuita y r\u00e1pida"},{"text":"Servicio de instalaci\u00f3n gratuito"},{"text":"Totalmente personalizable"}],"pricing_button_text":"Agregar al sitio web","pricing_button_url":"#demo","_state":"expanded"}],"related_apps_title":"","related_apps_hidden":"1","author":"","image":[],"title":"","job":"","social_networks":[]},"_links":{"self":[{"href":"https:\/\/elfsight.com\/es\/wp-json\/wp\/v2\/pages\/3918","targetHints":{"allow":["GET"]}}],"collection":[{"href":"https:\/\/elfsight.com\/es\/wp-json\/wp\/v2\/pages"}],"about":[{"href":"https:\/\/elfsight.com\/es\/wp-json\/wp\/v2\/types\/page"}],"author":[{"embeddable":true,"href":"https:\/\/elfsight.com\/es\/wp-json\/wp\/v2\/users\/18"}],"replies":[{"embeddable":true,"href":"https:\/\/elfsight.com\/es\/wp-json\/wp\/v2\/comments?post=3918"}],"version-history":[{"count":3,"href":"https:\/\/elfsight.com\/es\/wp-json\/wp\/v2\/pages\/3918\/revisions"}],"predecessor-version":[{"id":18013,"href":"https:\/\/elfsight.com\/es\/wp-json\/wp\/v2\/pages\/3918\/revisions\/18013"}],"up":[{"embeddable":true,"href":"https:\/\/elfsight.com\/es\/wp-json\/wp\/v2\/pages\/1135"}],"wp:attachment":[{"href":"https:\/\/elfsight.com\/es\/wp-json\/wp\/v2\/media?parent=3918"}],"curies":[{"name":"wp","href":"https:\/\/api.w.org\/{rel}","templated":true}]}}