{"id":3914,"date":"2022-02-11T12:04:50","date_gmt":"2022-02-11T12:04:50","guid":{"rendered":"https:\/\/elfsight.com\/es\/?page_id=3914"},"modified":"2025-02-06T15:16:23","modified_gmt":"2025-02-06T15:16:23","slug":"webnode","status":"publish","type":"page","link":"https:\/\/elfsight.com\/es\/popup-widget\/webnode\/","title":{"rendered":"Popup &#8211; Webnode"},"content":{"rendered":"<div class=\"application-platform-content-item-description application-platform-content-item\" id=\"description\" data-nav-section=\"description\"> <h2>Descripci\u00f3n<\/h2> <p>Con la herramienta Elfsight Popup, puedes dise\u00f1ar tus ventanas emergentes personalizadas para cualquier tarea e integrarlas en tu sitio. Crea una ventana emergente \u00fanica con la ayuda de una variedad de elementos. Ajusta el aspecto y la posici\u00f3n; elige el desencadenante de apertura y ajusta el tiempo para obtener una mayor eficacia de la ventana emergente. Las ventanas emergentes permiten que las personas se suscriban a correos electr\u00f3nicos, conozcan m\u00e1s sobre tus ofertas, utilicen sus cupones, participen en ventas y ofertas especiales, se notifiquen sobre eventos pr\u00f3ximos en tu sitio y mucho m\u00e1s. <\/p> <p><b>Las ventanas emergentes te ayudar\u00e1n a vender de manera m\u00e1s eficiente, anunciar eventos planeados, recibir comentarios y suscripciones, \u00a1y mucho m\u00e1s!<\/b><\/p> <\/div><div class=\"application-platform-content-item-features application-platform-content-item\" id=\"features\" data-nav-section=\"features\"> <h2>Caracter\u00edsticas<\/h2> <p>A continuaci\u00f3n, una lista de todas las funciones del widget. Est\u00e1n disponibles directamente en el editor y te ayudar\u00e1n a crear el widget adecuado para tu caso de uso.<\/p> <ul><li>Doce bloques incluidos para crear una ventana emergente;<\/li> <li>Cinco dise\u00f1os de ventana emergente incluidos para diferentes casos;<\/li> <li>Agregar botones para dirigir a los usuarios a cualquier p\u00e1gina;<\/li> <li>Opci\u00f3n para subir una imagen como fondo;<\/li> <li>La ventana emergente se puede activar despu\u00e9s de un tiempo determinado en la p\u00e1gina o por porcentaje de desplazamiento;<\/li> <li>Desencadenar la ventana emergente al hacer clic en un elemento o al desplazarse hacia \u00e9l.<\/li> <\/ul> <p><a href=\"#demo\">Prueba todas las funciones en la demo<\/a><\/p> <\/div><div class=\"application-platform-content-item-installation application-platform-content-item\" id=\"installation\" data-nav-section=\"installation\"><h2>\u00bfC\u00f3mo integrar el widget Popup en mi sitio Webnode?<\/h2> <p>Para integrar el widget, sigue estos pasos r\u00e1pidos:<\/p> <ol><li><b>Crea tu plugin de Popup personal<\/b><br> En nuestra demo gratuita, crea un widget con el dise\u00f1o y la funcionalidad preferida.<\/li><li><b>Obt\u00e9n el c\u00f3digo personal para mostrar el plugin<\/b><br> Despu\u00e9s de crear tu widget, obtendr\u00e1s tu c\u00f3digo de instalaci\u00f3n desde la ventana emergente en Elfsight Apps. Copia el c\u00f3digo.<\/li><li><b>Integra el plugin en tu sitio Webnode<\/b><br> Define el \u00e1rea donde deseas mostrar el widget y agrega el c\u00f3digo copiado all\u00ed. Publica los cambios.<\/li><li><b>\u00a1Felicidades! \u00a1Acabas de integrar el widget!<\/b><br> Ve a la p\u00e1gina web para revisar c\u00f3mo est\u00e1 funcionando.<\/li><\/ol><p>No dudes en contactar al soporte al cliente si necesitas asesoramiento o tienes alguna pregunta. Te ayudaremos con cualquier consulta.<\/p> <div class=\"faq\" data-component=\"FAQ\"> <div class=\"faq-item\">\r\n\t\t\t\t\t<div class=\"faq-item-question\">\r\n\t\t\t\t\t\t<h3 class=\"faq-item-question-text\">\u00bfC\u00f3mo agregar un bot\u00f3n de PayPal a mi sitio Webnode sin conocimientos de programaci\u00f3n?<\/h3>\r\n\r\n\t\t\t\t\t\t<div class=\"faq-item-question-icon\"><\/div>\r\n\t\t\t\t\t<\/div>\r\n\r\n\t\t\t\t\t<div class=\"faq-item-answer\">\r\n\t\t\t\t\t\t<div class=\"faq-item-answer-text\"> <p>Elfsight proporciona una soluci\u00f3n SaaS que te permite crear un widget de bot\u00f3n PayPal t\u00fa mismo, mira lo f\u00e1cil que es el proceso: Trabaja directamente en el Editor en l\u00ednea para crear un widget de bot\u00f3n PayPal que te gustar\u00eda ver en tu sitio Webnode. Elige una de las plantillas predise\u00f1adas y ajusta la configuraci\u00f3n del bot\u00f3n PayPal, agrega tu contenido, cambia el dise\u00f1o y los colores sin conocimientos de programaci\u00f3n. Guarda el bot\u00f3n PayPal y copia su c\u00f3digo de instalaci\u00f3n, para que puedas agregarlo f\u00e1cilmente en tu sitio Webnode sin necesidad de comprar una suscripci\u00f3n de pago. Con nuestro Editor intuitivo, cualquier usuario de internet puede crear un widget de bot\u00f3n PayPal en l\u00ednea e incrustarlo f\u00e1cilmente en su sitio Webnode. No es necesario pagar ni ingresar los datos de tu tarjeta para acceder al servicio. Si encuentras alg\u00fan problema en cualquier paso, no dudes en contactar a nuestro equipo de soporte t\u00e9cnico.<\/p> <\/div>\r\n\t\t\t\t\t<\/div>\r\n\t\t\t\t<\/div> <\/div> <\/div>","protected":false},"excerpt":{"rendered":"","protected":false},"author":18,"featured_media":0,"parent":1488,"menu_order":0,"comment_status":"closed","ping_status":"closed","template":"templates\/template-application-platform.php","meta":{"publish_to_discourse":"","publish_post_category":"","wpdc_auto_publish_overridden":"","wpdc_topic_tags":"","wpdc_pin_topic":"","wpdc_pin_until":"","discourse_post_id":"","discourse_permalink":"","wpdc_publishing_response":"","wpdc_publishing_error":"","footnotes":""},"class_list":["post-3914","page","type-page","status-publish","hentry"],"yoast_head":"<!-- This site is optimized with the Yoast SEO plugin v25.3.1 - https:\/\/yoast.com\/wordpress\/plugins\/seo\/ -->\n<title>Popup - Agregar plugin de Ventana emergente al Webnode<\/title>\n<meta name=\"description\" content=\"Instala un widget responsivo de Popup en su sitio web de Webnode. Pruebe la demo de Elfsight f\u00e1cil de usar y construe su plugin personalizado.\" \/>\n<meta name=\"robots\" content=\"index, follow, max-snippet:-1, max-image-preview:large, max-video-preview:-1\" \/>\n<link rel=\"canonical\" href=\"https:\/\/elfsight.com\/es\/popup-widget\/webnode\/\" \/>\n<meta property=\"og:locale\" content=\"es_ES\" \/>\n<meta property=\"og:type\" content=\"article\" \/>\n<meta property=\"og:title\" content=\"Popup - Agregar plugin de Ventana emergente al Webnode\" \/>\n<meta property=\"og:description\" content=\"Instala un widget responsivo de Popup en su sitio web de Webnode. Pruebe la demo de Elfsight f\u00e1cil de usar y construe su plugin personalizado.\" \/>\n<meta property=\"og:url\" content=\"https:\/\/elfsight.com\/es\/popup-widget\/webnode\/\" \/>\n<meta property=\"og:site_name\" content=\"Elfsight ES\" \/>\n<meta property=\"article:modified_time\" content=\"2025-02-06T15:16:23+00:00\" \/>\n<meta name=\"twitter:card\" content=\"summary_large_image\" \/>\n<meta name=\"twitter:label1\" content=\"Tiempo de lectura\" \/>\n\t<meta name=\"twitter:data1\" content=\"2 minutos\" \/>\n<!-- \/ Yoast SEO plugin. -->","yoast_head_json":{"title":"Popup - Agregar plugin de Ventana emergente al Webnode","description":"Instala un widget responsivo de Popup en su sitio web de Webnode. Pruebe la demo de Elfsight f\u00e1cil de usar y construe su plugin personalizado.","robots":{"index":"index","follow":"follow","max-snippet":"max-snippet:-1","max-image-preview":"max-image-preview:large","max-video-preview":"max-video-preview:-1"},"canonical":"https:\/\/elfsight.com\/es\/popup-widget\/webnode\/","og_locale":"es_ES","og_type":"article","og_title":"Popup - Agregar plugin de Ventana emergente al Webnode","og_description":"Instala un widget responsivo de Popup en su sitio web de Webnode. Pruebe la demo de Elfsight f\u00e1cil de usar y construe su plugin personalizado.","og_url":"https:\/\/elfsight.com\/es\/popup-widget\/webnode\/","og_site_name":"Elfsight ES","article_modified_time":"2025-02-06T15:16:23+00:00","twitter_card":"summary_large_image","twitter_misc":{"Tiempo de lectura":"2 minutos"},"schema":{"@context":"https:\/\/schema.org","@graph":[{"@type":"WebPage","@id":"https:\/\/elfsight.com\/es\/popup-widget\/webnode\/","url":"https:\/\/elfsight.com\/es\/popup-widget\/webnode\/","name":"Popup - Agregar plugin de Ventana emergente al Webnode","isPartOf":{"@id":"https:\/\/elfsight.com\/es\/#website"},"datePublished":"2022-02-11T12:04:50+00:00","dateModified":"2025-02-06T15:16:23+00:00","description":"Instala un widget responsivo de Popup en su sitio web de Webnode. Pruebe la demo de Elfsight f\u00e1cil de usar y construe su plugin personalizado.","breadcrumb":{"@id":"https:\/\/elfsight.com\/es\/popup-widget\/webnode\/#breadcrumb"},"inLanguage":"es","potentialAction":[{"@type":"ReadAction","target":["https:\/\/elfsight.com\/es\/popup-widget\/webnode\/"]}]},{"@type":"BreadcrumbList","@id":"https:\/\/elfsight.com\/es\/popup-widget\/webnode\/#breadcrumb","itemListElement":[{"@type":"ListItem","position":1,"name":"Home","item":"https:\/\/elfsight.com\/es\/"},{"@type":"ListItem","position":2,"name":"Popup","item":"https:\/\/elfsight.com\/es\/popup-widget\/"},{"@type":"ListItem","position":3,"name":"Popup &#8211; Webnode"}]},{"@type":"WebSite","@id":"https:\/\/elfsight.com\/es\/#website","url":"https:\/\/elfsight.com\/es\/","name":"Elfsight ES","description":"Just another Elfsight Sites site","potentialAction":[{"@type":"SearchAction","target":{"@type":"EntryPoint","urlTemplate":"https:\/\/elfsight.com\/es\/?s={search_term_string}"},"query-input":{"@type":"PropertyValueSpecification","valueRequired":true,"valueName":"search_term_string"}}],"inLanguage":"es"}]}},"meta_box":{"industry":"","seo_heading":"","heading":"","description":"","cta_heading":"","cta_description":"","application":"1487","h1":"complemento de ventana emergente para Webnode","h1_caption":"Una widget a medida para mostrar un %producto2% en su p\u00e1gina","application_category":[],"applications_title":"","applications_request_title":"","applications_request_button_text":"","hero_text":"","hero_video":"","hero_video_schema_markup":"","selling_points_title":"","selling_points_caption":"","selling_points":[],"selling_points_cta_text":"","features_title":"","features":"","ed_cta_examples_text":"","ed_cta_examples_hidden":"","ed_cta_demo_text":"","ed_cta_demo_hidden":"","why_caption":"","why_editor_title":"","why_editor_text":"","why_team_title":"","why_team_text":"","why_service_title":"","why_service_text":"","template_catalog_visible":"","template_catalog_title":"","template_catalog_text":"","template_catalog_categories_visible":"","demo_title":"Crea tu widget emergente","demo_caption":"\u00a1Configura tu Popup y agr\u00e9galo a tu sitio web Webnode gratis!","default_faq_hidden":"","app_template_category":[],"platform":"2302","template_public_id":"","codecanyon_url":"","codecanyon_item_id":"","codecanyon_price":"","pricing_caption":"","pricing_elfsight_apps_hide_column":"","pricing_elfsight_apps_url":"","pricing_codecanyon_price_caption":"","integration_category":[],"integration_request_title":"","integration_request_cta":"","integration_platform":"","integrations":[],"platform_category":[],"video_schema_markup":"","price":"desde $0 por mes","trial":"","benefits":[{"text":"Instalaci\u00f3n gratuita"},{"text":"Soporte Premium"},{"text":"14 d\u00edas garant\u00eda de reembolso"},{"text":"Actualizaciones regulares"}],"button_url":"#demo","button_target_blank":"0","button_nofollow":"0","attributes":[{"name":"Responsivo","content":"Si","_state":"expanded"},{"name":"Navegadores compatibles","content":"Firefox, Safari, Opera, Chrome, Edge","_state":"expanded"}],"tags":[],"tags_disable_links":"0","hide_more_platforms":"","video_object":"","demo_hide_cta":"0","demo_hide_cloud_options":"0","pricing_title":"","pricing":[{"pricing_icon":"platform","pricing_title":" Elfsight Apps","pricing_title_caption":"Soluci\u00f3n multiplataforma - valido para cualquier p\u00e1gina web","pricing_price":"desde $0 por mes","pricing_price_caption":"empezar con un plan gratuito","pricing_benefits":[{"text":"Sitios web ilimitados"},{"text":"Atenci\u00f3n al cliente gratuita y r\u00e1pida"},{"text":"Servicio de instalaci\u00f3n gratuito"},{"text":"Totalmente personalizable"}],"pricing_button_text":"Agregar al sitio web","pricing_button_url":"#demo","_state":"expanded"}],"related_apps_title":"","related_apps_hidden":"1","author":"","image":[],"title":"","job":"","social_networks":[]},"_links":{"self":[{"href":"https:\/\/elfsight.com\/es\/wp-json\/wp\/v2\/pages\/3914","targetHints":{"allow":["GET"]}}],"collection":[{"href":"https:\/\/elfsight.com\/es\/wp-json\/wp\/v2\/pages"}],"about":[{"href":"https:\/\/elfsight.com\/es\/wp-json\/wp\/v2\/types\/page"}],"author":[{"embeddable":true,"href":"https:\/\/elfsight.com\/es\/wp-json\/wp\/v2\/users\/18"}],"replies":[{"embeddable":true,"href":"https:\/\/elfsight.com\/es\/wp-json\/wp\/v2\/comments?post=3914"}],"version-history":[{"count":3,"href":"https:\/\/elfsight.com\/es\/wp-json\/wp\/v2\/pages\/3914\/revisions"}],"predecessor-version":[{"id":18012,"href":"https:\/\/elfsight.com\/es\/wp-json\/wp\/v2\/pages\/3914\/revisions\/18012"}],"up":[{"embeddable":true,"href":"https:\/\/elfsight.com\/es\/wp-json\/wp\/v2\/pages\/1488"}],"wp:attachment":[{"href":"https:\/\/elfsight.com\/es\/wp-json\/wp\/v2\/media?parent=3914"}],"curies":[{"name":"wp","href":"https:\/\/api.w.org\/{rel}","templated":true}]}}