{"id":3913,"date":"2022-02-11T12:04:54","date_gmt":"2022-02-11T12:04:54","guid":{"rendered":"https:\/\/elfsight.com\/es\/?page_id=3913"},"modified":"2025-02-06T15:16:15","modified_gmt":"2025-02-06T15:16:15","slug":"iframe","status":"publish","type":"page","link":"https:\/\/elfsight.com\/es\/photo-gallery-widget\/iframe\/","title":{"rendered":"Photo Gallery &#8211; iFrame"},"content":{"rendered":"<div class=\"application-platform-content-item-description application-platform-content-item\" id=\"description\" data-nav-section=\"description\"><h2>Incrusta una Galer\u00eda de Fotos en iFrame con el widget de Elfsight<\/h2> <p>La Galer\u00eda de Elfsight es la forma m\u00e1s f\u00e1cil de organizar visuales o crear \u00e1lbumes elegantes en tu sitio web. Sube cualquier cantidad de im\u00e1genes, coloca comentarios y elige la mejor forma de mostrarlas en la p\u00e1gina. El widget de Elfsight ofrece 6 variantes de dise\u00f1o y diversas otras caracter\u00edsticas de dise\u00f1o. Cada imagen aparece en una ventana emergente, los usuarios pueden navegar a trav\u00e9s de ellas, iniciar una presentaci\u00f3n de diapositivas, hacer zoom, y ver las im\u00e1genes en pantalla completa. Puedes elegir colores personalizados para los elementos del widget y subir un fondo \u00fanico, variar la configuraci\u00f3n del texto y m\u00e1s opciones de estilo.<\/p><p><b>\u00a1Aumenta la interacci\u00f3n con la ayuda de galer\u00edas de fotos que no te puedes perder!<\/b><\/p> <\/div> <div class=\"application-platform-content-item-features application-platform-content-item\" id=\"features\" data-nav-section=\"features\"><h2>Caracter\u00edsticas principales del widget de Galer\u00eda de Fotos<\/h2> <p>A continuaci\u00f3n, una lista de todas las caracter\u00edsticas funcionales de la Galer\u00eda de Fotos para iFrame. Puedes gestionarlas directamente en el editor y te ayudar\u00e1n a crear el widget adecuado para tu caso.<\/p> <ul> <li>Utiliza botones de llamada a la acci\u00f3n (CTA) para guiar a los visitantes del sitio hacia tu objetivo.<\/li> <li>Ajusta la duraci\u00f3n del cambio de diapositivas.<\/li> <li>Elige entre varias variantes de paginaci\u00f3n.<\/li> <li>Coloca el texto en cualquier lugar de la p\u00e1gina mediante una posici\u00f3n avanzada.<\/li> <li>Ajusta cinco elementos de contenido.<\/li> <\/ul> <p><a href=\"#demo\">Mira c\u00f3mo funcionan todas las caracter\u00edsticas en nuestra demo<\/a><\/p> <\/div> <div class=\"application-platform-content-item-installation application-platform-content-item\" id=\"installation\" data-nav-section=\"installation\"><h2>C\u00f3mo agregar una Galer\u00eda de Fotos a iFrame<\/h2> <p>Para agregar el widget, sigue las directrices a continuaci\u00f3n.<\/p> <ol><li><b>Crea tu plugin \u00fanico de Galer\u00eda<\/b><br> Usando nuestra demo gratuita, crea un plugin con el aspecto y las funciones preferidas.<\/li> <li><b>Obt\u00e9n el c\u00f3digo individual para integrar el plugin<\/b><br> Despu\u00e9s de configurar tu widget, obtendr\u00e1s tu c\u00f3digo de instalaci\u00f3n desde la ventana emergente de Elfsight Apps. Copia el c\u00f3digo.<\/li> <li><b>Agrega el plugin en tu sitio iFrame<\/b><br> Encuentra el lugar en el que deseas agregar el plugin y pega el c\u00f3digo guardado all\u00ed. Guarda los cambios.<\/li> <li><b>\u00a1Has terminado!<\/b><br> Ve a tu p\u00e1gina para verificar tu trabajo.<\/li><\/ol> <p>No dudes en contactar con el soporte al cliente si necesitas asesoramiento o tienes problemas. Estaremos encantados de ayudarte con cualquier consulta.<\/p> <div class=\"faq\" data-component=\"FAQ\"><div class=\"faq-item\">\r\n\t\t\t\t\t<div class=\"faq-item-question\">\r\n\t\t\t\t\t\t<h3 class=\"faq-item-question-text\">\u00bfC\u00f3mo agregar una Galer\u00eda de Fotos a mi iFrame sin conocimientos de programaci\u00f3n?<\/h3>\r\n\r\n\t\t\t\t\t\t<div class=\"faq-item-question-icon\"><\/div>\r\n\t\t\t\t\t<\/div>\r\n\r\n\t\t\t\t\t<div class=\"faq-item-answer\">\r\n\t\t\t\t\t\t<div class=\"faq-item-answer-text\"> <p>Elfsight proporciona una soluci\u00f3n SaaS que permite a una amplia audiencia crear un widget de Galer\u00eda de Fotos por s\u00ed misma, mira lo sencillo que es: Ve a la demo en l\u00ednea para crear un plugin de Galer\u00eda de Fotos que te gustar\u00eda incluir en tu iFrame. Elige una de las plantillas predise\u00f1adas y ajusta la configuraci\u00f3n de la Galer\u00eda de Fotos, cambia el dise\u00f1o y el color de los elementos, incluyendo tu contenido, sin experiencia en programaci\u00f3n. Haz clic para guardar la configuraci\u00f3n que has realizado en la Galer\u00eda de Fotos y copia el c\u00f3digo de instalaci\u00f3n, que puede ser f\u00e1cilmente agregado en el sitio iFrame dentro de un plan gratuito. Usando el Configurador f\u00e1cil de usar, cualquier usuario de internet puede crear una Galer\u00eda de Fotos y agregarla f\u00e1cilmente al sitio iFrame. No es necesario obtener un plan de pago ni ingresar los datos de tu tarjeta para acceder al Editor de Elfsight. Si encuentras cualquier obst\u00e1culo en cualquier paso, no dudes en contactar con nuestro soporte t\u00e9cnico.<\/p> <\/div>\r\n\t\t\t\t\t<\/div>\r\n\t\t\t\t<\/div> <\/div> <\/div>","protected":false},"excerpt":{"rendered":"","protected":false},"author":18,"featured_media":0,"parent":1671,"menu_order":0,"comment_status":"closed","ping_status":"closed","template":"templates\/template-application-platform.php","meta":{"publish_to_discourse":"","publish_post_category":"","wpdc_auto_publish_overridden":"","wpdc_topic_tags":"","wpdc_pin_topic":"","wpdc_pin_until":"","discourse_post_id":"","discourse_permalink":"","wpdc_publishing_response":"","wpdc_publishing_error":"","footnotes":""},"class_list":["post-3913","page","type-page","status-publish","hentry"],"yoast_head":"<!-- This site is optimized with the Yoast SEO plugin v25.3.1 - https:\/\/yoast.com\/wordpress\/plugins\/seo\/ -->\n<title>Galer\u00eda de fotos - Incorporar widget de Galer\u00eda fotogr\u00e1fica al iFrame<\/title>\n<meta name=\"description\" content=\"Incrusta un widget hermoso de Galer\u00eda de fotos en su sitio web de iFrame. Aplique la demo de Elfsight f\u00e1cil de usar y construe su widget propio.\" \/>\n<meta name=\"robots\" content=\"index, follow, max-snippet:-1, max-image-preview:large, max-video-preview:-1\" \/>\n<link rel=\"canonical\" href=\"https:\/\/elfsight.com\/es\/photo-gallery-widget\/iframe\/\" \/>\n<meta property=\"og:locale\" content=\"es_ES\" \/>\n<meta property=\"og:type\" content=\"article\" \/>\n<meta property=\"og:title\" content=\"Galer\u00eda de fotos - Incorporar widget de Galer\u00eda fotogr\u00e1fica al iFrame\" \/>\n<meta property=\"og:description\" content=\"Incrusta un widget hermoso de Galer\u00eda de fotos en su sitio web de iFrame. Aplique la demo de Elfsight f\u00e1cil de usar y construe su widget propio.\" \/>\n<meta property=\"og:url\" content=\"https:\/\/elfsight.com\/es\/photo-gallery-widget\/iframe\/\" \/>\n<meta property=\"og:site_name\" content=\"Elfsight ES\" \/>\n<meta property=\"article:modified_time\" content=\"2025-02-06T15:16:15+00:00\" \/>\n<meta name=\"twitter:card\" content=\"summary_large_image\" \/>\n<meta name=\"twitter:label1\" content=\"Tiempo de lectura\" \/>\n\t<meta name=\"twitter:data1\" content=\"2 minutos\" \/>\n<!-- \/ Yoast SEO plugin. -->","yoast_head_json":{"title":"Galer\u00eda de fotos - Incorporar widget de Galer\u00eda fotogr\u00e1fica al iFrame","description":"Incrusta un widget hermoso de Galer\u00eda de fotos en su sitio web de iFrame. Aplique la demo de Elfsight f\u00e1cil de usar y construe su widget propio.","robots":{"index":"index","follow":"follow","max-snippet":"max-snippet:-1","max-image-preview":"max-image-preview:large","max-video-preview":"max-video-preview:-1"},"canonical":"https:\/\/elfsight.com\/es\/photo-gallery-widget\/iframe\/","og_locale":"es_ES","og_type":"article","og_title":"Galer\u00eda de fotos - Incorporar widget de Galer\u00eda fotogr\u00e1fica al iFrame","og_description":"Incrusta un widget hermoso de Galer\u00eda de fotos en su sitio web de iFrame. Aplique la demo de Elfsight f\u00e1cil de usar y construe su widget propio.","og_url":"https:\/\/elfsight.com\/es\/photo-gallery-widget\/iframe\/","og_site_name":"Elfsight ES","article_modified_time":"2025-02-06T15:16:15+00:00","twitter_card":"summary_large_image","twitter_misc":{"Tiempo de lectura":"2 minutos"},"schema":{"@context":"https:\/\/schema.org","@graph":[{"@type":"WebPage","@id":"https:\/\/elfsight.com\/es\/photo-gallery-widget\/iframe\/","url":"https:\/\/elfsight.com\/es\/photo-gallery-widget\/iframe\/","name":"Galer\u00eda de fotos - Incorporar widget de Galer\u00eda fotogr\u00e1fica al iFrame","isPartOf":{"@id":"https:\/\/elfsight.com\/es\/#website"},"datePublished":"2022-02-11T12:04:54+00:00","dateModified":"2025-02-06T15:16:15+00:00","description":"Incrusta un widget hermoso de Galer\u00eda de fotos en su sitio web de iFrame. Aplique la demo de Elfsight f\u00e1cil de usar y construe su widget propio.","breadcrumb":{"@id":"https:\/\/elfsight.com\/es\/photo-gallery-widget\/iframe\/#breadcrumb"},"inLanguage":"es","potentialAction":[{"@type":"ReadAction","target":["https:\/\/elfsight.com\/es\/photo-gallery-widget\/iframe\/"]}]},{"@type":"BreadcrumbList","@id":"https:\/\/elfsight.com\/es\/photo-gallery-widget\/iframe\/#breadcrumb","itemListElement":[{"@type":"ListItem","position":1,"name":"Home","item":"https:\/\/elfsight.com\/es\/"},{"@type":"ListItem","position":2,"name":"Photo Gallery","item":"https:\/\/elfsight.com\/es\/photo-gallery-widget\/"},{"@type":"ListItem","position":3,"name":"Photo Gallery &#8211; iFrame"}]},{"@type":"WebSite","@id":"https:\/\/elfsight.com\/es\/#website","url":"https:\/\/elfsight.com\/es\/","name":"Elfsight ES","description":"Just another Elfsight Sites site","potentialAction":[{"@type":"SearchAction","target":{"@type":"EntryPoint","urlTemplate":"https:\/\/elfsight.com\/es\/?s={search_term_string}"},"query-input":{"@type":"PropertyValueSpecification","valueRequired":true,"valueName":"search_term_string"}}],"inLanguage":"es"}]}},"meta_box":{"industry":"","seo_heading":"","heading":"","description":"","cta_heading":"","cta_description":"","application":"1670","h1":"widget de Galer\u00eda de fotos para iFrame","h1_caption":"Muestre sus im\u00e1genes en una galer\u00eda interactiva y personalizable que mejora el atractivo visual de su sitio web en su sitio web iFrame sin esfuerzo.","application_category":[],"applications_title":"","applications_request_title":"","applications_request_button_text":"","hero_text":"","hero_video":"","hero_video_schema_markup":"","selling_points_title":"","selling_points_caption":"","selling_points":[],"selling_points_cta_text":"","features_title":"","features":"","ed_cta_examples_text":"","ed_cta_examples_hidden":"","ed_cta_demo_text":"","ed_cta_demo_hidden":"","why_caption":"","why_editor_title":"","why_editor_text":"","why_team_title":"","why_team_text":"","why_service_title":"","why_service_text":"","template_catalog_visible":"","template_catalog_title":"","template_catalog_text":"","template_catalog_categories_visible":"","demo_title":"Crea tu widget de galer\u00eda de fotos","demo_caption":"\u00a1Configure su galer\u00eda de fotos y agr\u00e9guela a su sitio web iFrame gratis!","default_faq_hidden":"","app_template_category":[],"platform":"2192","template_public_id":"","codecanyon_url":"","codecanyon_item_id":"","codecanyon_price":"","pricing_caption":"","pricing_elfsight_apps_hide_column":"","pricing_elfsight_apps_url":"","pricing_codecanyon_price_caption":"","integration_category":[],"integration_request_title":"","integration_request_cta":"","integration_platform":"","integrations":[],"platform_category":[],"video_schema_markup":"","price":"desde $0 por mes","trial":"","benefits":[{"text":"Instalaci\u00f3n gratuita"},{"text":"Soporte Premium"},{"text":"14 d\u00edas garant\u00eda de reembolso"},{"text":"Actualizaciones regulares"}],"button_url":"#demo","button_target_blank":"0","button_nofollow":"0","attributes":[{"name":"Responsivo","content":"Si","_state":"expanded"},{"name":"Navegadores compatibles","content":"Firefox, Safari, Opera, Chrome, Edge","_state":"expanded"}],"tags":[],"tags_disable_links":"0","hide_more_platforms":"","video_object":"","demo_hide_cta":"0","demo_hide_cloud_options":"0","pricing_title":"","pricing":[{"pricing_icon":"platform","pricing_title":" Elfsight Apps","pricing_title_caption":"Soluci\u00f3n multiplataforma - valido para cualquier p\u00e1gina web","pricing_price":"desde $0 por mes","pricing_price_caption":"empezar con un plan gratuito","pricing_benefits":[{"text":"Sitios web ilimitados"},{"text":"Atenci\u00f3n al cliente gratuita y r\u00e1pida"},{"text":"Servicio de instalaci\u00f3n gratuito"},{"text":"Totalmente personalizable"}],"pricing_button_text":"Agregar al sitio web","pricing_button_url":"#demo","_state":"expanded"}],"related_apps_title":"","related_apps_hidden":"1","author":"","image":[],"title":"","job":"","social_networks":[]},"_links":{"self":[{"href":"https:\/\/elfsight.com\/es\/wp-json\/wp\/v2\/pages\/3913","targetHints":{"allow":["GET"]}}],"collection":[{"href":"https:\/\/elfsight.com\/es\/wp-json\/wp\/v2\/pages"}],"about":[{"href":"https:\/\/elfsight.com\/es\/wp-json\/wp\/v2\/types\/page"}],"author":[{"embeddable":true,"href":"https:\/\/elfsight.com\/es\/wp-json\/wp\/v2\/users\/18"}],"replies":[{"embeddable":true,"href":"https:\/\/elfsight.com\/es\/wp-json\/wp\/v2\/comments?post=3913"}],"version-history":[{"count":3,"href":"https:\/\/elfsight.com\/es\/wp-json\/wp\/v2\/pages\/3913\/revisions"}],"predecessor-version":[{"id":18011,"href":"https:\/\/elfsight.com\/es\/wp-json\/wp\/v2\/pages\/3913\/revisions\/18011"}],"up":[{"embeddable":true,"href":"https:\/\/elfsight.com\/es\/wp-json\/wp\/v2\/pages\/1671"}],"wp:attachment":[{"href":"https:\/\/elfsight.com\/es\/wp-json\/wp\/v2\/media?parent=3913"}],"curies":[{"name":"wp","href":"https:\/\/api.w.org\/{rel}","templated":true}]}}