{"id":3910,"date":"2022-02-11T12:05:02","date_gmt":"2022-02-11T12:05:02","guid":{"rendered":"https:\/\/elfsight.com\/es\/?page_id=3910"},"modified":"2025-02-06T15:16:15","modified_gmt":"2025-02-06T15:16:15","slug":"shopify","status":"publish","type":"page","link":"https:\/\/elfsight.com\/es\/number-counter-widget\/shopify\/","title":{"rendered":"Number Counter &#8211; Shopify"},"content":{"rendered":"<div class=\"application-platform-content-item-description application-platform-content-item\" id=\"description\" data-nav-section=\"description\"> <h2>Incrusta un contador de n\u00fameros en Shopify con el widget de Elfsight<\/h2> <p>El Contador de N\u00fameros es una aplicaci\u00f3n gestionable para Shopify con muchas opciones para elegir. Es una excelente herramienta para presumir tus resultados comerciales m\u00e1s destacados, la cantidad de trabajos que has realizado y mucho m\u00e1s. El widget es notablemente flexible. Si\u00e9ntete libre de crear cualquier cantidad de contadores, organizarlos en columnas, elegir \u00edconos de nuestra colecci\u00f3n o subir los tuyos, hacerlos multicolores o monocrom\u00e1ticos, agregar t\u00edtulos para proporcionar informaci\u00f3n f\u00e1cilmente comprensible a tu audiencia, recolorear cualquier elemento, elegir la imagen de fondo, y eso no es ni la mitad. \u00a1Solo empieza a crear tu plugin ahora y observa c\u00f3mo crecen tus estad\u00edsticas comerciales m\u00e1s importantes! <\/p> <p><b>Presume tus logros brillantes a tus futuros compradores. \u00a1Aumenta la cantidad de ventas y clientes potenciales exitosos!<\/b><\/p> <\/div> <div class=\"application-platform-content-item-features application-platform-content-item\" id=\"features\" data-nav-section=\"features\"> <h2>Estas son solo algunas de las potentes caracter\u00edsticas de la aplicaci\u00f3n:<\/h2> <ul><li>Cualquier cantidad de contadores.<\/li><li>Cantidad ilimitada de columnas.<\/li><li>Agregar t\u00edtulos, encabezados, prefijos y sufijos.<\/li><li>Elegir el formato del \u00edcono: tomarlo de nuestra colecci\u00f3n o cargar el tuyo personalizado.<\/li><li>Incrustar enlaces.<\/li><\/ul><p><a href=\"#demo\">Puedes probar toda la funcionalidad del widget en la demo<\/a><\/p> <\/div> <div class=\"application-platform-content-item-installation application-platform-content-item\" id=\"installation\" data-nav-section=\"installation\"> <h2>\u00bfC\u00f3mo incrustar el contador de n\u00fameros en mi p\u00e1gina web de Shopify?<\/h2><div class=\"video-container\"><iframe width=\"720\" height=\"405\" src=\"https:\/\/www.youtube.com\/embed\/arBAf1b7z7I\" frameborder=\"0\" allowfullscreen=\"\"><\/iframe><\/div><p>Solo sigue las instrucciones a continuaci\u00f3n para agregar el widget.<\/p> <ol><li><b>Lanza nuestro editor gratuito y comienza a crear tu propia aplicaci\u00f3n.<\/b><br> Encuentra el dise\u00f1o y los par\u00e1metros deseados de la aplicaci\u00f3n y aplica las ediciones.<\/li> <li><b>Recibe tu c\u00f3digo \u00fanico revelado en la ventana de Elfsight Apps.<\/b><br> Despu\u00e9s de personalizar tu plugin, copia el c\u00f3digo individual en la caja emergente y gu\u00e1rdalo para su uso posterior.<\/li> <li><b>Inicia la aplicaci\u00f3n del widget en tu sitio Shopify.<\/b><br> Incrusta el c\u00f3digo que guardaste previamente en tu p\u00e1gina y guarda los cambios.<\/li> <li><b>\u00a1Ya est\u00e1! La integraci\u00f3n ha terminado con \u00e9xito.<\/b><br> Visita tu p\u00e1gina web para ver c\u00f3mo est\u00e1 funcionando la herramienta.<\/li><\/ol> <p>Si encuentras dificultades, no dudes en contactar con nuestro servicio de atenci\u00f3n al cliente. Nuestro equipo estar\u00e1 encantado de resolver cualquier duda que puedas tener con el widget.<\/p> <div class=\"faq\" data-component=\"FAQ\"><div class=\"faq-item\">\r\n\t\t\t\t\t<div class=\"faq-item-question\">\r\n\t\t\t\t\t\t<h3 class=\"faq-item-question-text\">\u00bfC\u00f3mo puedo agregar el contador de n\u00fameros a mi sitio Shopify sin conocimientos de programaci\u00f3n?<\/h3>\r\n\r\n\t\t\t\t\t\t<div class=\"faq-item-question-icon\"><\/div>\r\n\t\t\t\t\t<\/div>\r\n\r\n\t\t\t\t\t<div class=\"faq-item-answer\">\r\n\t\t\t\t\t\t<div class=\"faq-item-answer-text\"> <p>La empresa Elfsight ofrece una soluci\u00f3n en la nube que permite a los usuarios crear un plugin de contador de n\u00fameros por s\u00ed mismos, sigue esta sencilla gu\u00eda: Comienza a trabajar directamente en el Editor en l\u00ednea para crear la secci\u00f3n del contador de n\u00fameros que te gustar\u00eda integrar en tu sitio Shopify. Elige una de nuestras plantillas predise\u00f1adas y ajusta la configuraci\u00f3n del contador de n\u00fameros, cambia el dise\u00f1o, la paleta de colores y actualiza tu contenido, sin necesidad de conocimientos de programaci\u00f3n. Haz clic para guardar la configuraci\u00f3n que has realizado del contador de n\u00fameros y obt\u00e9n el c\u00f3digo de instalaci\u00f3n, que puede ser f\u00e1cilmente incrustado en el sitio Shopify usando un plan gratuito. Con el f\u00e1cil Configurador, cualquier usuario de internet puede crear un plugin de contador de n\u00fameros en l\u00ednea e incrustarlo en su sitio Shopify. No es necesario obtener una suscripci\u00f3n de pago ni revelar los datos de tu tarjeta para acceder a nuestro Editor. Si encuentras problemas en alg\u00fan paso, no dudes en contactar con nuestro equipo de soporte t\u00e9cnico.<\/p> <\/div>\r\n\t\t\t\t\t<\/div>\r\n\t\t\t\t<\/div> <\/div><\/div>","protected":false},"excerpt":{"rendered":"","protected":false},"author":18,"featured_media":0,"parent":1135,"menu_order":0,"comment_status":"closed","ping_status":"closed","template":"templates\/template-application-platform.php","meta":{"publish_to_discourse":"","publish_post_category":"","wpdc_auto_publish_overridden":"","wpdc_topic_tags":"","wpdc_pin_topic":"","wpdc_pin_until":"","discourse_post_id":"","discourse_permalink":"","wpdc_publishing_response":"","wpdc_publishing_error":"","footnotes":""},"class_list":["post-3910","page","type-page","status-publish","hentry"],"yoast_head":"<!-- This site is optimized with the Yoast SEO plugin v25.3.1 - https:\/\/yoast.com\/wordpress\/plugins\/seo\/ -->\n<title>Contador de n\u00fameros - Embeber app de Contador al Shopify<\/title>\n<meta name=\"description\" content=\"A\u00f1ade un widget interactivo de Contador de n\u00fameros en su sitio de Shopify. Pruebe la demo de Elfsight manejable y construe su app propio.\" \/>\n<meta name=\"robots\" content=\"index, follow, max-snippet:-1, max-image-preview:large, max-video-preview:-1\" \/>\n<link rel=\"canonical\" href=\"https:\/\/elfsight.com\/es\/number-counter-widget\/shopify\/\" \/>\n<meta property=\"og:locale\" content=\"es_ES\" \/>\n<meta property=\"og:type\" content=\"article\" \/>\n<meta property=\"og:title\" content=\"Contador de n\u00fameros - Embeber app de Contador al Shopify\" \/>\n<meta property=\"og:description\" content=\"A\u00f1ade un widget interactivo de Contador de n\u00fameros en su sitio de Shopify. Pruebe la demo de Elfsight manejable y construe su app propio.\" \/>\n<meta property=\"og:url\" content=\"https:\/\/elfsight.com\/es\/number-counter-widget\/shopify\/\" \/>\n<meta property=\"og:site_name\" content=\"Elfsight ES\" \/>\n<meta property=\"article:modified_time\" content=\"2025-02-06T15:16:15+00:00\" \/>\n<meta name=\"twitter:card\" content=\"summary_large_image\" \/>\n<meta name=\"twitter:label1\" content=\"Tiempo de lectura\" \/>\n\t<meta name=\"twitter:data1\" content=\"1 minuto\" \/>\n<!-- \/ Yoast SEO plugin. -->","yoast_head_json":{"title":"Contador de n\u00fameros - Embeber app de Contador al Shopify","description":"A\u00f1ade un widget interactivo de Contador de n\u00fameros en su sitio de Shopify. Pruebe la demo de Elfsight manejable y construe su app propio.","robots":{"index":"index","follow":"follow","max-snippet":"max-snippet:-1","max-image-preview":"max-image-preview:large","max-video-preview":"max-video-preview:-1"},"canonical":"https:\/\/elfsight.com\/es\/number-counter-widget\/shopify\/","og_locale":"es_ES","og_type":"article","og_title":"Contador de n\u00fameros - Embeber app de Contador al Shopify","og_description":"A\u00f1ade un widget interactivo de Contador de n\u00fameros en su sitio de Shopify. Pruebe la demo de Elfsight manejable y construe su app propio.","og_url":"https:\/\/elfsight.com\/es\/number-counter-widget\/shopify\/","og_site_name":"Elfsight ES","article_modified_time":"2025-02-06T15:16:15+00:00","twitter_card":"summary_large_image","twitter_misc":{"Tiempo de lectura":"1 minuto"},"schema":{"@context":"https:\/\/schema.org","@graph":[{"@type":"WebPage","@id":"https:\/\/elfsight.com\/es\/number-counter-widget\/shopify\/","url":"https:\/\/elfsight.com\/es\/number-counter-widget\/shopify\/","name":"Contador de n\u00fameros - Embeber app de Contador al Shopify","isPartOf":{"@id":"https:\/\/elfsight.com\/es\/#website"},"datePublished":"2022-02-11T12:05:02+00:00","dateModified":"2025-02-06T15:16:15+00:00","description":"A\u00f1ade un widget interactivo de Contador de n\u00fameros en su sitio de Shopify. Pruebe la demo de Elfsight manejable y construe su app propio.","breadcrumb":{"@id":"https:\/\/elfsight.com\/es\/number-counter-widget\/shopify\/#breadcrumb"},"inLanguage":"es","potentialAction":[{"@type":"ReadAction","target":["https:\/\/elfsight.com\/es\/number-counter-widget\/shopify\/"]}]},{"@type":"BreadcrumbList","@id":"https:\/\/elfsight.com\/es\/number-counter-widget\/shopify\/#breadcrumb","itemListElement":[{"@type":"ListItem","position":1,"name":"Home","item":"https:\/\/elfsight.com\/es\/"},{"@type":"ListItem","position":2,"name":"Number Counter","item":"https:\/\/elfsight.com\/es\/number-counter-widget\/"},{"@type":"ListItem","position":3,"name":"Number Counter &#8211; Shopify"}]},{"@type":"WebSite","@id":"https:\/\/elfsight.com\/es\/#website","url":"https:\/\/elfsight.com\/es\/","name":"Elfsight ES","description":"Just another Elfsight Sites site","potentialAction":[{"@type":"SearchAction","target":{"@type":"EntryPoint","urlTemplate":"https:\/\/elfsight.com\/es\/?s={search_term_string}"},"query-input":{"@type":"PropertyValueSpecification","valueRequired":true,"valueName":"search_term_string"}}],"inLanguage":"es"}]}},"meta_box":{"industry":"","seo_heading":"","heading":"","description":"","cta_heading":"","cta_description":"","application":"1134","h1":"aplicaci\u00f3n de Contador de n\u00fameros para Shopify","h1_caption":"Muestra estad\u00edsticas e hitos clave con contadores animados para resaltar tus logros de una manera atractiva en tu sitio web Shopify sin esfuerzo.","application_category":[],"applications_title":"","applications_request_title":"","applications_request_button_text":"","hero_text":"","hero_video":"","hero_video_schema_markup":"","selling_points_title":"","selling_points_caption":"","selling_points":[],"selling_points_cta_text":"","features_title":"","features":"","ed_cta_examples_text":"","ed_cta_examples_hidden":"","ed_cta_demo_text":"","ed_cta_demo_hidden":"","why_caption":"","why_editor_title":"","why_editor_text":"","why_team_title":"","why_team_text":"","why_service_title":"","why_service_text":"","template_catalog_visible":"","template_catalog_title":"","template_catalog_text":"","template_catalog_categories_visible":"","demo_title":"Crea tu aplicaci\u00f3n Contador de N\u00fameros","demo_caption":"\u00a1Configura tu contador de n\u00fameros y agr\u00e9galo a tu sitio web Shopify gratis!","default_faq_hidden":"","app_template_category":[],"platform":"91","template_public_id":"","codecanyon_url":"","codecanyon_item_id":"","codecanyon_price":"","pricing_caption":"","pricing_elfsight_apps_hide_column":"","pricing_elfsight_apps_url":"","pricing_codecanyon_price_caption":"","integration_category":[],"integration_request_title":"","integration_request_cta":"","integration_platform":"","integrations":[],"platform_category":[],"video_schema_markup":"","price":"desde $0 por mes","trial":"","benefits":[{"text":"Instalaci\u00f3n gratuita"},{"text":"Soporte Premium"},{"text":"14 d\u00edas garant\u00eda de reembolso"},{"text":"Actualizaciones regulares"}],"button_url":"#demo","button_target_blank":"0","button_nofollow":"0","attributes":[{"name":"Responsivo","content":"Si","_state":"expanded"},{"name":"Navegadores compatibles","content":"Firefox, Safari, Opera, Chrome, Edge","_state":"expanded"}],"tags":[],"tags_disable_links":"0","hide_more_platforms":"","video_object":"","demo_hide_cta":"0","demo_hide_cloud_options":"0","pricing_title":"","pricing":[{"pricing_icon":"platform","pricing_title":" Elfsight Apps","pricing_title_caption":"Soluci\u00f3n multiplataforma - valido para cualquier p\u00e1gina web","pricing_price":"desde $0 por mes","pricing_price_caption":"empezar con un plan gratuito","pricing_benefits":[{"text":"Sitios web ilimitados"},{"text":"Atenci\u00f3n al cliente gratuita y r\u00e1pida"},{"text":"Servicio de instalaci\u00f3n gratuito"},{"text":"Totalmente personalizable"}],"pricing_button_text":"Agregar al sitio web","pricing_button_url":"#demo","_state":"expanded"}],"related_apps_title":"","related_apps_hidden":"1","author":"","image":[],"title":"","job":"","social_networks":[]},"_links":{"self":[{"href":"https:\/\/elfsight.com\/es\/wp-json\/wp\/v2\/pages\/3910","targetHints":{"allow":["GET"]}}],"collection":[{"href":"https:\/\/elfsight.com\/es\/wp-json\/wp\/v2\/pages"}],"about":[{"href":"https:\/\/elfsight.com\/es\/wp-json\/wp\/v2\/types\/page"}],"author":[{"embeddable":true,"href":"https:\/\/elfsight.com\/es\/wp-json\/wp\/v2\/users\/18"}],"replies":[{"embeddable":true,"href":"https:\/\/elfsight.com\/es\/wp-json\/wp\/v2\/comments?post=3910"}],"version-history":[{"count":3,"href":"https:\/\/elfsight.com\/es\/wp-json\/wp\/v2\/pages\/3910\/revisions"}],"predecessor-version":[{"id":18009,"href":"https:\/\/elfsight.com\/es\/wp-json\/wp\/v2\/pages\/3910\/revisions\/18009"}],"up":[{"embeddable":true,"href":"https:\/\/elfsight.com\/es\/wp-json\/wp\/v2\/pages\/1135"}],"wp:attachment":[{"href":"https:\/\/elfsight.com\/es\/wp-json\/wp\/v2\/media?parent=3910"}],"curies":[{"name":"wp","href":"https:\/\/api.w.org\/{rel}","templated":true}]}}