{"id":3906,"date":"2022-02-11T12:05:10","date_gmt":"2022-02-11T12:05:10","guid":{"rendered":"https:\/\/elfsight.com\/es\/?page_id=3906"},"modified":"2025-12-02T14:41:06","modified_gmt":"2025-12-02T14:41:06","slug":"webflow","status":"publish","type":"page","link":"https:\/\/elfsight.com\/es\/popup-widget\/webflow\/","title":{"rendered":"Popup &#8211; Webflow"},"content":{"rendered":"<div class=\"application-platform-content-item-description application-platform-content-item\" id=\"description\" data-nav-section=\"description\"> <h2>Incrusta un Popup en Webflow con el widget de Elfsight<\/h2> <p>Con el widget Popup de Elfsight, cualquiera puede dise\u00f1ar popups personalizados para cualquier prop\u00f3sito y mostrarlos en su sitio web. Crea un popup aut\u00e9ntico a partir de diversos componentes incorporados. Modifica el estilo y la disposici\u00f3n; selecciona el activador de popup y ajusta la frecuencia para maximizar la efectividad del widget. Los popups de varios tipos permitir\u00e1n que las personas se suscriban, descubran tus ofertas, copien cupones de descuento, conozcan tus ventas y ofertas especiales. <a href=\"https:\/\/elfsight.com\/blog\/how-to-add-popup-to-webflow-for-free\/\">El formulario Popup de Webflow<\/a> ayuda a las personas a mantenerse informadas sobre eventos importantes a cambio de sus direcciones de correo electr\u00f3nico en tu sitio web y mucho m\u00e1s.<\/p> <p><b>Los pop-ups te permitir\u00e1n vender m\u00e1s, promocionar actividades futuras, recopilar comentarios y suscriptores, y mucho m\u00e1s. <\/b><\/p> <\/div><div class=\"application-platform-content-item-features application-platform-content-item\" id=\"features\" data-nav-section=\"features\"> <h2>Caracter\u00edsticas principales del plugin Popup<\/h2> <p>A continuaci\u00f3n, te mostramos una lista de todas las funciones del widget. Puedes configurarlas directamente en el editor y te ayudar\u00e1n a crear el widget de formulario de Webflow m\u00e1s adecuado para tu caso de uso. <\/p> <ul><li>Doce componentes diferentes para construir un popup<\/li> <li>Cinco dise\u00f1os de pop-ups incluidos para diferentes casos<\/li> <li>A\u00f1adir botones para redirigir a los usuarios a cualquier p\u00e1gina<\/li> <li>Subir una imagen como fondo del popup<\/li> <li>El popup puede aparecer despu\u00e9s de un tiempo determinado en la p\u00e1gina web<\/li><li>Abrir Popup de Webflow al cargar la p\u00e1gina justo despu\u00e9s de que una persona abra el sitio web<\/li><li>Activadores del popup: clic en el elemento seleccionado o desplazamiento hacia \u00e9l<\/li> <\/ul> <p><a href=\"#demo\">Prueba todas las dem\u00e1s funciones en la demo<\/a><\/p> <\/div><div class=\"application-platform-content-item-installation application-platform-content-item\" id=\"installation\" data-nav-section=\"installation\"><\/div><h2>\u00bfC\u00f3mo puedo integrar el widget Popup con un sitio web de Webflow? <\/h2><div class=\"video-container\">\n<iframe width=\"720\" height=\"405\" src=\"https:\/\/www.youtube.com\/embed\/vI8oMEAkZZg?si=JJeDcvy_mtQHABLT\" frameborder=\"0\" allowfullscreen=\"\"><\/iframe>\n<\/div><p>Para introducir el widget, simplemente sigue estos pasos r\u00e1pidos:<\/p><p> <\/p><ol><li><b>Crea tu plugin Popup personalizado<\/b><br> En nuestro editor gratuito, configura un widget con una interfaz y funcionalidad personalizadas. <\/li><li><b>Obt\u00e9n el c\u00f3digo individual para configurar el plugin<\/b><br> Despu\u00e9s de personalizar tu widget, recibir\u00e1s tu c\u00f3digo de instalaci\u00f3n en la ventana emergente de Elfsight Apps. C\u00f3pialo para su uso posterior. <\/li> <li><b>Incrusta el plugin en tu sitio web de Webflow.<\/b><br> Ve al lugar donde te gustar\u00eda incrustar el widget y pega el c\u00f3digo copiado all\u00ed. Publica los cambios en un modal de Webflow. <\/li> <li><b>\u00a1La incrustaci\u00f3n del modal popup de Webflow es exitosa! <\/b><br> Visita tu sitio web de Webflow para verificar tu popup. <\/li> <\/ol><p>No dudes en ponerte en contacto con el servicio de atenci\u00f3n al cliente de Elfsight si necesitas asesoramiento o tienes problemas con la instalaci\u00f3n en Webflow. Nuestros especialistas estar\u00e1n encantados de ayudarte con cualquier consulta. <\/p> <div class=\"faq\" data-component=\"FAQ\"> <div class=\"faq-item\">\r\n\t\t\t\t\t<div class=\"faq-item-question\">\r\n\t\t\t\t\t\t<h3 class=\"faq-item-question-text\">\u00bfC\u00f3mo a\u00f1adir un widget Popup a mi sitio web de Webflow sin conocimientos de programaci\u00f3n?<\/h3>\r\n\r\n\t\t\t\t\t\t<div class=\"faq-item-question-icon\"><\/div>\r\n\t\t\t\t\t<\/div>\r\n\r\n\t\t\t\t\t<div class=\"faq-item-answer\">\r\n\t\t\t\t\t\t<div class=\"faq-item-answer-text\"> <p>Elfsight ofrece una soluci\u00f3n SaaS que te permite crear un widget Popup por ti mismo, mira lo f\u00e1cil que es el proceso: Trabaja directamente en el Editor en l\u00ednea para crear un widget Popup que te gustar\u00eda ver en tu sitio web de Webflow. Elige una de las plantillas predise\u00f1adas y ajusta la configuraci\u00f3n del widget Popup, agrega tu contenido, cambia el dise\u00f1o y los colores sin necesidad de conocimientos de programaci\u00f3n. Guarda el bot\u00f3n de PayPal y copia su c\u00f3digo de instalaci\u00f3n, que puedes incrustar f\u00e1cilmente en tu sitio web de Webflow sin necesidad de comprar una suscripci\u00f3n de pago. Con nuestro Editor intuitivo, cualquier usuario de internet puede crear un widget Popup en l\u00ednea e incrustarlo f\u00e1cilmente en su sitio web de Webflow. No es necesario pagar ni ingresar los datos de tu tarjeta para acceder al servicio. Si encuentras alg\u00fan problema en cualquier paso, no dudes en ponerte en contacto con nuestro equipo de soporte t\u00e9cnico.<\/p> <\/div>\r\n\t\t\t\t\t<\/div>\r\n\t\t\t\t<\/div> <\/div> ","protected":false},"excerpt":{"rendered":"\u00bfC\u00f3mo puedo integrar el widget Popup con un sitio web de Webflow? Para introducir el widget, simplemente sigue estos pasos r\u00e1pidos: Crea tu plugin Popup personalizado En nuestro editor gratuito, configura un widget con una interfaz y funcionalidad personalizadas. Obt\u00e9n el c\u00f3digo individual para configurar el plugin Despu\u00e9s de personalizar&#8230;","protected":false},"author":9,"featured_media":0,"parent":1488,"menu_order":0,"comment_status":"closed","ping_status":"closed","template":"templates\/template-application-platform.php","meta":{"publish_to_discourse":"","publish_post_category":"","wpdc_auto_publish_overridden":"","wpdc_topic_tags":"","wpdc_pin_topic":"","wpdc_pin_until":"","discourse_post_id":"","discourse_permalink":"","wpdc_publishing_response":"","wpdc_publishing_error":"","footnotes":""},"class_list":["post-3906","page","type-page","status-publish","hentry"],"yoast_head":"<!-- This site is optimized with the Yoast SEO plugin v25.3.1 - https:\/\/yoast.com\/wordpress\/plugins\/seo\/ -->\n<title>Popup - Incluir plugin de Ventana emergente al Webflow<\/title>\n<meta name=\"description\" content=\"A\u00f1ade un widget interactivo de Popup en su p\u00e1gina web de Webflow. Pruebe la demo de Elfsight intuitiva y genere su plugin \u00fanico.\" \/>\n<meta name=\"robots\" content=\"index, follow, max-snippet:-1, max-image-preview:large, max-video-preview:-1\" \/>\n<link rel=\"canonical\" href=\"https:\/\/elfsight.com\/es\/popup-widget\/webflow\/\" \/>\n<meta property=\"og:locale\" content=\"es_ES\" \/>\n<meta property=\"og:type\" content=\"article\" \/>\n<meta property=\"og:title\" content=\"Popup - Incluir plugin de Ventana emergente al Webflow\" \/>\n<meta property=\"og:description\" content=\"A\u00f1ade un widget interactivo de Popup en su p\u00e1gina web de Webflow. Pruebe la demo de Elfsight intuitiva y genere su plugin \u00fanico.\" \/>\n<meta property=\"og:url\" content=\"https:\/\/elfsight.com\/es\/popup-widget\/webflow\/\" \/>\n<meta property=\"og:site_name\" content=\"Elfsight ES\" \/>\n<meta property=\"article:modified_time\" content=\"2025-12-02T14:41:06+00:00\" \/>\n<meta name=\"twitter:card\" content=\"summary_large_image\" \/>\n<meta name=\"twitter:label1\" content=\"Tiempo de lectura\" \/>\n\t<meta name=\"twitter:data1\" content=\"3 minutos\" \/>\n<!-- \/ Yoast SEO plugin. -->","yoast_head_json":{"title":"Popup - Incluir plugin de Ventana emergente al Webflow","description":"A\u00f1ade un widget interactivo de Popup en su p\u00e1gina web de Webflow. Pruebe la demo de Elfsight intuitiva y genere su plugin \u00fanico.","robots":{"index":"index","follow":"follow","max-snippet":"max-snippet:-1","max-image-preview":"max-image-preview:large","max-video-preview":"max-video-preview:-1"},"canonical":"https:\/\/elfsight.com\/es\/popup-widget\/webflow\/","og_locale":"es_ES","og_type":"article","og_title":"Popup - Incluir plugin de Ventana emergente al Webflow","og_description":"A\u00f1ade un widget interactivo de Popup en su p\u00e1gina web de Webflow. Pruebe la demo de Elfsight intuitiva y genere su plugin \u00fanico.","og_url":"https:\/\/elfsight.com\/es\/popup-widget\/webflow\/","og_site_name":"Elfsight ES","article_modified_time":"2025-12-02T14:41:06+00:00","twitter_card":"summary_large_image","twitter_misc":{"Tiempo de lectura":"3 minutos"},"schema":{"@context":"https:\/\/schema.org","@graph":[{"@type":"WebPage","@id":"https:\/\/elfsight.com\/es\/popup-widget\/webflow\/","url":"https:\/\/elfsight.com\/es\/popup-widget\/webflow\/","name":"Popup - Incluir plugin de Ventana emergente al Webflow","isPartOf":{"@id":"https:\/\/elfsight.com\/es\/#website"},"datePublished":"2022-02-11T12:05:10+00:00","dateModified":"2025-12-02T14:41:06+00:00","description":"A\u00f1ade un widget interactivo de Popup en su p\u00e1gina web de Webflow. Pruebe la demo de Elfsight intuitiva y genere su plugin \u00fanico.","breadcrumb":{"@id":"https:\/\/elfsight.com\/es\/popup-widget\/webflow\/#breadcrumb"},"inLanguage":"es","potentialAction":[{"@type":"ReadAction","target":["https:\/\/elfsight.com\/es\/popup-widget\/webflow\/"]}]},{"@type":"BreadcrumbList","@id":"https:\/\/elfsight.com\/es\/popup-widget\/webflow\/#breadcrumb","itemListElement":[{"@type":"ListItem","position":1,"name":"Home","item":"https:\/\/elfsight.com\/es\/"},{"@type":"ListItem","position":2,"name":"Popup","item":"https:\/\/elfsight.com\/es\/popup-widget\/"},{"@type":"ListItem","position":3,"name":"Popup &#8211; Webflow"}]},{"@type":"WebSite","@id":"https:\/\/elfsight.com\/es\/#website","url":"https:\/\/elfsight.com\/es\/","name":"Elfsight ES","description":"Just another Elfsight Sites site","potentialAction":[{"@type":"SearchAction","target":{"@type":"EntryPoint","urlTemplate":"https:\/\/elfsight.com\/es\/?s={search_term_string}"},"query-input":{"@type":"PropertyValueSpecification","valueRequired":true,"valueName":"search_term_string"}}],"inLanguage":"es"}]}},"meta_box":{"industry":"","seo_heading":"","heading":"","description":"","cta_heading":"","cta_description":"","application":"1487","h1":"complemento de ventana emergente para flujo web","h1_caption":"Una widget conveniente para presentar un Popup en su p\u00e1gina","application_category":[],"applications_title":"","applications_request_title":"","applications_request_button_text":"","hero_text":"","hero_video":"","hero_video_schema_markup":"","selling_points_title":"","selling_points_caption":"","selling_points":[],"selling_points_cta_text":"","features_title":"","features":"","ed_cta_examples_text":"","ed_cta_examples_hidden":"","ed_cta_demo_text":"","ed_cta_demo_hidden":"","why_caption":"","why_editor_title":"","why_editor_text":"","why_team_title":"","why_team_text":"","why_service_title":"","why_service_text":"","template_catalog_visible":"0","template_catalog_title":"","template_catalog_text":"","template_catalog_categories_visible":"","demo_title":"Crea tu widget emergente","demo_caption":"\u00a1Configure su Popup y agr\u00e9guelo a su sitio web Webflow gratis!","default_faq_hidden":"","app_template_category":[],"platform":"106","template_public_id":"","codecanyon_url":"","codecanyon_item_id":"","codecanyon_price":"","pricing_caption":"","pricing_elfsight_apps_hide_column":"","pricing_elfsight_apps_url":"","pricing_codecanyon_price_caption":"","integration_category":[],"integration_request_title":"","integration_request_cta":"","integration_platform":"","integrations":[],"platform_category":[],"video_schema_markup":"","price":"desde $0 por mes","trial":"","benefits":[{"text":"Instalaci\u00f3n gratuita"},{"text":"Soporte Premium"},{"text":"14 d\u00edas garant\u00eda de reembolso"},{"text":"Actualizaciones regulares"}],"button_url":"#demo","button_target_blank":"0","button_nofollow":"0","attributes":[{"name":"Responsivo","content":"Si","_state":"expanded"},{"name":"Navegadores compatibles","content":"Firefox, Safari, Opera, Chrome, Edge","_state":"expanded"}],"tags":[],"tags_disable_links":"0","hide_more_platforms":"0","video_object":"","demo_hide_cta":"0","demo_hide_cloud_options":"0","pricing_title":"","pricing":[{"pricing_icon":"platform","pricing_title":" Elfsight Apps","pricing_title_caption":"Soluci\u00f3n multiplataforma - valido para cualquier p\u00e1gina web","pricing_price":"desde $0 por mes","pricing_price_caption":"empezar con un plan gratuito","pricing_benefits":[{"text":"Sitios web ilimitados"},{"text":"Atenci\u00f3n al cliente gratuita y r\u00e1pida"},{"text":"Servicio de instalaci\u00f3n gratuito"},{"text":"Totalmente personalizable"}],"pricing_button_text":"Agregar al sitio web","pricing_button_url":"#demo","_state":"expanded"}],"related_apps_title":"","related_apps_hidden":"1","author":"","image":[],"title":"","job":"","social_networks":[]},"_links":{"self":[{"href":"https:\/\/elfsight.com\/es\/wp-json\/wp\/v2\/pages\/3906","targetHints":{"allow":["GET"]}}],"collection":[{"href":"https:\/\/elfsight.com\/es\/wp-json\/wp\/v2\/pages"}],"about":[{"href":"https:\/\/elfsight.com\/es\/wp-json\/wp\/v2\/types\/page"}],"author":[{"embeddable":true,"href":"https:\/\/elfsight.com\/es\/wp-json\/wp\/v2\/users\/9"}],"replies":[{"embeddable":true,"href":"https:\/\/elfsight.com\/es\/wp-json\/wp\/v2\/comments?post=3906"}],"version-history":[{"count":3,"href":"https:\/\/elfsight.com\/es\/wp-json\/wp\/v2\/pages\/3906\/revisions"}],"predecessor-version":[{"id":20005,"href":"https:\/\/elfsight.com\/es\/wp-json\/wp\/v2\/pages\/3906\/revisions\/20005"}],"up":[{"embeddable":true,"href":"https:\/\/elfsight.com\/es\/wp-json\/wp\/v2\/pages\/1488"}],"wp:attachment":[{"href":"https:\/\/elfsight.com\/es\/wp-json\/wp\/v2\/media?parent=3906"}],"curies":[{"name":"wp","href":"https:\/\/api.w.org\/{rel}","templated":true}]}}