{"id":3905,"date":"2022-02-11T12:05:12","date_gmt":"2022-02-11T12:05:12","guid":{"rendered":"https:\/\/elfsight.com\/es\/?page_id=3905"},"modified":"2025-02-06T15:16:07","modified_gmt":"2025-02-06T15:16:07","slug":"html","status":"publish","type":"page","link":"https:\/\/elfsight.com\/es\/photo-gallery-widget\/html\/","title":{"rendered":"Photo Gallery &#8211; HTML"},"content":{"rendered":"<div class=\"application-platform-content-item-description application-platform-content-item\" id=\"description\" data-nav-section=\"description\"><h2>Descripci\u00f3n<\/h2> <p>El widget Galer\u00eda de Elfsight es la forma m\u00e1s f\u00e1cil de mostrar tus fotos o crear \u00e1lbumes atractivos en tu sitio web. Inserta cualquier cantidad de fotos, agrega descripciones y elige la forma \u00f3ptima de posicionarlas en la p\u00e1gina. Nuestro widget incluye seis plantillas y diversas opciones de dise\u00f1o adicionales. Cada foto se abre en modo popup, las personas pueden navegar entre ellas o ver una presentaci\u00f3n de diapositivas, hacer zoom y ver las fotos en pantalla completa. Puedes encontrar colores personalizados para los elementos del widget, aplicar un fondo personalizado, opciones de texto y m\u00e1s caracter\u00edsticas de estilo.<\/p> <p><b>\u00a1Aumenta el nivel de participaci\u00f3n de los usuarios mostrando colecciones de fotos hermosas!<\/b><\/p> <\/div><div class=\"faq\" data-component=\"FAQ\"><div class=\"faq-item\">\r\n\t\t\t\t\t<div class=\"faq-item-question\">\r\n\t\t\t\t\t\t<h3 class=\"faq-item-question-text\">\u00bfC\u00f3mo puedo incrustar una Galer\u00eda de Fotos en mi sitio HTML?<\/h3>\r\n\r\n\t\t\t\t\t\t<div class=\"faq-item-question-icon\"><\/div>\r\n\t\t\t\t\t<\/div>\r\n\r\n\t\t\t\t\t<div class=\"faq-item-answer\">\r\n\t\t\t\t\t\t<div class=\"faq-item-answer-text\"><p>La construcci\u00f3n de la herramienta se realiza en las p\u00e1ginas de Elfsight y no es necesario aprender a programar. Usa nuestra demo en vivo para ajustar tu herramienta, obtener el c\u00f3digo e incrustarlo en tu sitio web.<\/p><\/div>\r\n\t\t\t\t\t<\/div>\r\n\t\t\t\t<\/div><div class=\"faq-item\">\r\n\t\t\t\t\t<div class=\"faq-item-question\">\r\n\t\t\t\t\t\t<h3 class=\"faq-item-question-text\">Los mejores ejemplos de uso de la integraci\u00f3n de Galer\u00edas de Im\u00e1genes<\/h3>\r\n\r\n\t\t\t\t\t\t<div class=\"faq-item-question-icon\"><\/div>\r\n\t\t\t\t\t<\/div>\r\n\r\n\t\t\t\t\t<div class=\"faq-item-answer\">\r\n\t\t\t\t\t\t<div class=\"faq-item-answer-text\"><p>Te proporcionaremos muchas opciones de ajuste: widgets de tama\u00f1o completo para incrustar en la secci\u00f3n de contenido, widgets flotantes para la funci\u00f3n de desplazamiento, dise\u00f1os para el pie de p\u00e1gina, encabezado y todas las opciones verticales para las barras laterales y men\u00fas del sitio web.<\/p><\/div>\r\n\t\t\t\t\t<\/div>\r\n\t\t\t\t<\/div><div class=\"faq-item\">\r\n\t\t\t\t\t<div class=\"faq-item-question\">\r\n\t\t\t\t\t\t<h3 class=\"faq-item-question-text\">\u00bfC\u00f3mo construyo una Galer\u00eda de Fotos de Producto o Portafolio mediante el editor? <\/h3>\r\n\r\n\t\t\t\t\t\t<div class=\"faq-item-question-icon\"><\/div>\r\n\t\t\t\t\t<\/div>\r\n\r\n\t\t\t\t\t<div class=\"faq-item-answer\">\r\n\t\t\t\t\t\t<div class=\"faq-item-answer-text\"><p>Puedes construir cualquier variaci\u00f3n de widget. Hay toneladas de dise\u00f1os disponibles en el editor, y todos pueden ajustarse r\u00e1pidamente de acuerdo a lo que necesites.<\/p><\/div>\r\n\t\t\t\t\t<\/div>\r\n\t\t\t\t<\/div><\/div><div class=\"application-platform-content-item-features application-platform-content-item\" id=\"features\" data-nav-section=\"features\"><h2>Caracter\u00edsticas<\/h2> <p>Aqu\u00ed puedes ver todas las caracter\u00edsticas del c\u00f3digo de la Galer\u00eda de Fotos en HTML. Est\u00e1n disponibles directamente en el editor y te ayudar\u00e1n a configurar la plantilla del widget exactamente como lo necesitas.<\/p> <ul> <li>Utiliza botones de CTA para guiar a tu audiencia hacia tu objetivo.<\/li> <li>Ajusta la duraci\u00f3n de los cambios de diapositivas.<\/li> <li>Elige entre varias opciones de paginaci\u00f3n.<\/li> <li>Coloca tu mensaje en cualquier lugar de la p\u00e1gina con la ayuda de una posici\u00f3n avanzada.<\/li> <li>Ajusta cinco opciones de contenido.<\/li> <\/ul> <p><a href=\"#demo\">Revisa todas las dem\u00e1s funciones en la demo<\/a><\/p> <\/div><div class=\"application-platform-content-item-installation application-platform-content-item\" id=\"installation\" data-nav-section=\"installation\"><h2>\u00bfC\u00f3mo agregar el c\u00f3digo de la Galer\u00eda de Fotos en HTML?<\/h2> <div class=\"video-container\"><iframe width=\"720\" height=\"405\" src=\"https:\/\/www.youtube.com\/embed\/ffMgwYkO6T0\" frameborder=\"0\" allowfullscreen=\"\"><\/iframe><\/div><p>Para incrustar el widget, sigue varios pasos r\u00e1pidos.<\/p><ol><li><b>Dise\u00f1a tu plantilla de Galer\u00eda personalizada<\/b><br>Usando nuestra demo gratuita, crea un c\u00f3digo de widget con el dise\u00f1o y las funcionalidades que prefieras.<\/li><li><b>Obt\u00e9n el c\u00f3digo personal para instalar el widget<\/b><br>Despu\u00e9s de personalizar tu plantilla, recibir\u00e1s el c\u00f3digo \u00fanico en la notificaci\u00f3n que aparece en Elfsight Apps. Copia el c\u00f3digo.<\/li><li><b>Mostrar el widget de Galer\u00eda en tu sitio HTML<\/b><br>Elige el \u00e1rea donde planeas agregar el widget y pega el c\u00f3digo guardado all\u00ed. Guarda los cambios.<\/li><li><b>\u00a1La incrustaci\u00f3n ha sido exitosa!<\/b><br>Entra en la p\u00e1gina para ver tu widget.<\/li><\/ol><p>No dudes en contactar con nuestro servicio de atenci\u00f3n al cliente si necesitas ayuda o tienes preguntas. Estaremos encantados de ayudarte con cualquier solicitud.<\/p> <\/div>","protected":false},"excerpt":{"rendered":"","protected":false},"author":18,"featured_media":0,"parent":1671,"menu_order":0,"comment_status":"closed","ping_status":"closed","template":"templates\/template-application-platform.php","meta":{"publish_to_discourse":"","publish_post_category":"","wpdc_auto_publish_overridden":"","wpdc_topic_tags":"","wpdc_pin_topic":"","wpdc_pin_until":"","discourse_post_id":"","discourse_permalink":"","wpdc_publishing_response":"","wpdc_publishing_error":"","footnotes":""},"class_list":["post-3905","page","type-page","status-publish","hentry"],"yoast_head":"<!-- This site is optimized with the Yoast SEO plugin v25.3.1 - https:\/\/yoast.com\/wordpress\/plugins\/seo\/ -->\n<title>Galer\u00eda de fotos - Agregar widget de Galer\u00eda fotogr\u00e1fica al HTML<\/title>\n<meta name=\"description\" content=\"Instala un widget hermoso de Galer\u00eda de fotos en su p\u00e1gina web de HTML. Aplique la demo de Elfsight manejable y construe su widget personalizado.\" \/>\n<meta name=\"robots\" content=\"index, follow, max-snippet:-1, max-image-preview:large, max-video-preview:-1\" \/>\n<link rel=\"canonical\" href=\"https:\/\/elfsight.com\/es\/photo-gallery-widget\/html\/\" \/>\n<meta property=\"og:locale\" content=\"es_ES\" \/>\n<meta property=\"og:type\" content=\"article\" \/>\n<meta property=\"og:title\" content=\"Galer\u00eda de fotos - Agregar widget de Galer\u00eda fotogr\u00e1fica al HTML\" \/>\n<meta property=\"og:description\" content=\"Instala un widget hermoso de Galer\u00eda de fotos en su p\u00e1gina web de HTML. Aplique la demo de Elfsight manejable y construe su widget personalizado.\" \/>\n<meta property=\"og:url\" content=\"https:\/\/elfsight.com\/es\/photo-gallery-widget\/html\/\" \/>\n<meta property=\"og:site_name\" content=\"Elfsight ES\" \/>\n<meta property=\"article:modified_time\" content=\"2025-02-06T15:16:07+00:00\" \/>\n<meta name=\"twitter:card\" content=\"summary_large_image\" \/>\n<meta name=\"twitter:label1\" content=\"Tiempo de lectura\" \/>\n\t<meta name=\"twitter:data1\" content=\"2 minutos\" \/>\n<!-- \/ Yoast SEO plugin. -->","yoast_head_json":{"title":"Galer\u00eda de fotos - Agregar widget de Galer\u00eda fotogr\u00e1fica al HTML","description":"Instala un widget hermoso de Galer\u00eda de fotos en su p\u00e1gina web de HTML. Aplique la demo de Elfsight manejable y construe su widget personalizado.","robots":{"index":"index","follow":"follow","max-snippet":"max-snippet:-1","max-image-preview":"max-image-preview:large","max-video-preview":"max-video-preview:-1"},"canonical":"https:\/\/elfsight.com\/es\/photo-gallery-widget\/html\/","og_locale":"es_ES","og_type":"article","og_title":"Galer\u00eda de fotos - Agregar widget de Galer\u00eda fotogr\u00e1fica al HTML","og_description":"Instala un widget hermoso de Galer\u00eda de fotos en su p\u00e1gina web de HTML. Aplique la demo de Elfsight manejable y construe su widget personalizado.","og_url":"https:\/\/elfsight.com\/es\/photo-gallery-widget\/html\/","og_site_name":"Elfsight ES","article_modified_time":"2025-02-06T15:16:07+00:00","twitter_card":"summary_large_image","twitter_misc":{"Tiempo de lectura":"2 minutos"},"schema":{"@context":"https:\/\/schema.org","@graph":[{"@type":"WebPage","@id":"https:\/\/elfsight.com\/es\/photo-gallery-widget\/html\/","url":"https:\/\/elfsight.com\/es\/photo-gallery-widget\/html\/","name":"Galer\u00eda de fotos - Agregar widget de Galer\u00eda fotogr\u00e1fica al HTML","isPartOf":{"@id":"https:\/\/elfsight.com\/es\/#website"},"datePublished":"2022-02-11T12:05:12+00:00","dateModified":"2025-02-06T15:16:07+00:00","description":"Instala un widget hermoso de Galer\u00eda de fotos en su p\u00e1gina web de HTML. Aplique la demo de Elfsight manejable y construe su widget personalizado.","breadcrumb":{"@id":"https:\/\/elfsight.com\/es\/photo-gallery-widget\/html\/#breadcrumb"},"inLanguage":"es","potentialAction":[{"@type":"ReadAction","target":["https:\/\/elfsight.com\/es\/photo-gallery-widget\/html\/"]}]},{"@type":"BreadcrumbList","@id":"https:\/\/elfsight.com\/es\/photo-gallery-widget\/html\/#breadcrumb","itemListElement":[{"@type":"ListItem","position":1,"name":"Home","item":"https:\/\/elfsight.com\/es\/"},{"@type":"ListItem","position":2,"name":"Photo Gallery","item":"https:\/\/elfsight.com\/es\/photo-gallery-widget\/"},{"@type":"ListItem","position":3,"name":"Photo Gallery &#8211; HTML"}]},{"@type":"WebSite","@id":"https:\/\/elfsight.com\/es\/#website","url":"https:\/\/elfsight.com\/es\/","name":"Elfsight ES","description":"Just another Elfsight Sites site","potentialAction":[{"@type":"SearchAction","target":{"@type":"EntryPoint","urlTemplate":"https:\/\/elfsight.com\/es\/?s={search_term_string}"},"query-input":{"@type":"PropertyValueSpecification","valueRequired":true,"valueName":"search_term_string"}}],"inLanguage":"es"}]}},"meta_box":{"industry":"","seo_heading":"","heading":"","description":"","cta_heading":"","cta_description":"","application":"1670","h1":"widget de Galer\u00eda de fotos para HTML","h1_caption":"Muestre sus im\u00e1genes en una galer\u00eda interactiva y personalizable que mejora el atractivo visual de su sitio web en su sitio web HTML sin esfuerzo.","application_category":[],"applications_title":"","applications_request_title":"","applications_request_button_text":"","hero_text":"","hero_video":"","hero_video_schema_markup":"","selling_points_title":"","selling_points_caption":"","selling_points":[],"selling_points_cta_text":"","features_title":"","features":"","ed_cta_examples_text":"","ed_cta_examples_hidden":"","ed_cta_demo_text":"","ed_cta_demo_hidden":"","why_caption":"","why_editor_title":"","why_editor_text":"","why_team_title":"","why_team_text":"","why_service_title":"","why_service_text":"","template_catalog_visible":"","template_catalog_title":"","template_catalog_text":"","template_catalog_categories_visible":"","demo_title":"Crea tu widget de galer\u00eda de fotos","demo_caption":"\u00a1Configure su galer\u00eda de fotos y agr\u00e9guela a su sitio web HTML de forma gratuita!","default_faq_hidden":"","app_template_category":[],"platform":"70","template_public_id":"","codecanyon_url":"","codecanyon_item_id":"","codecanyon_price":"","pricing_caption":"","pricing_elfsight_apps_hide_column":"","pricing_elfsight_apps_url":"","pricing_codecanyon_price_caption":"","integration_category":[],"integration_request_title":"","integration_request_cta":"","integration_platform":"","integrations":[],"platform_category":[],"video_schema_markup":"","price":"desde $0 por mes","trial":"","benefits":[{"text":"Instalaci\u00f3n gratuita"},{"text":"Soporte Premium"},{"text":"14 d\u00edas garant\u00eda de reembolso"},{"text":"Actualizaciones regulares"}],"button_url":"#demo","button_target_blank":"0","button_nofollow":"0","attributes":[{"name":"Responsivo","content":"Si","_state":"expanded"},{"name":"Navegadores compatibles","content":"Firefox, Safari, Opera, Chrome, Edge","_state":"expanded"}],"tags":[],"tags_disable_links":"0","hide_more_platforms":"","video_object":"","demo_hide_cta":"0","demo_hide_cloud_options":"0","pricing_title":"","pricing":[{"pricing_icon":"platform","pricing_title":" Elfsight Apps","pricing_title_caption":"Soluci\u00f3n multiplataforma - valido para cualquier p\u00e1gina web","pricing_price":"desde $0 por mes","pricing_price_caption":"empezar con un plan gratuito","pricing_benefits":[{"text":"Sitios web ilimitados"},{"text":"Atenci\u00f3n al cliente gratuita y r\u00e1pida"},{"text":"Servicio de instalaci\u00f3n gratuito"},{"text":"Totalmente personalizable"}],"pricing_button_text":"Agregar al sitio web","pricing_button_url":"#demo","_state":"expanded"}],"related_apps_title":"","related_apps_hidden":"1","author":"","image":[],"title":"","job":"","social_networks":[]},"_links":{"self":[{"href":"https:\/\/elfsight.com\/es\/wp-json\/wp\/v2\/pages\/3905","targetHints":{"allow":["GET"]}}],"collection":[{"href":"https:\/\/elfsight.com\/es\/wp-json\/wp\/v2\/pages"}],"about":[{"href":"https:\/\/elfsight.com\/es\/wp-json\/wp\/v2\/types\/page"}],"author":[{"embeddable":true,"href":"https:\/\/elfsight.com\/es\/wp-json\/wp\/v2\/users\/18"}],"replies":[{"embeddable":true,"href":"https:\/\/elfsight.com\/es\/wp-json\/wp\/v2\/comments?post=3905"}],"version-history":[{"count":3,"href":"https:\/\/elfsight.com\/es\/wp-json\/wp\/v2\/pages\/3905\/revisions"}],"predecessor-version":[{"id":18008,"href":"https:\/\/elfsight.com\/es\/wp-json\/wp\/v2\/pages\/3905\/revisions\/18008"}],"up":[{"embeddable":true,"href":"https:\/\/elfsight.com\/es\/wp-json\/wp\/v2\/pages\/1671"}],"wp:attachment":[{"href":"https:\/\/elfsight.com\/es\/wp-json\/wp\/v2\/media?parent=3905"}],"curies":[{"name":"wp","href":"https:\/\/api.w.org\/{rel}","templated":true}]}}